{"id":421,"date":"2025-01-20T10:35:18","date_gmt":"2025-01-20T10:35:18","guid":{"rendered":"https:\/\/www.yishengpack.com\/?post_type=product&#038;p=421"},"modified":"2025-12-13T06:57:46","modified_gmt":"2025-12-13T06:57:46","slug":"wholesale-dessert-boxes-4-divided","status":"publish","type":"product","link":"https:\/\/www.yishengpack.com\/de\/produkt\/wholesale-dessert-boxes-4-divided\/","title":{"rendered":"Gro\u00dfhandel Dessertboxen, 4 unterteilte Verpackungen mit transparentem Deckel"},"content":{"rendered":"<div class=\"wp-block-columns is-layout-flex wp-container-core-columns-is-layout-9d6595d7 wp-block-columns-is-layout-flex\">\n<div class=\"wp-block-column is-layout-flow wp-block-column-is-layout-flow\">\n<h3 class=\"wp-block-heading\">Eigenschaften von Gro\u00dfhandel Dessert Boxen<\/h3>\n\n\n\n<p><strong>4-Kammer-Trennungsdesign:<\/strong> Das Innere der Dessertboxen f\u00fcr den Gro\u00dfhandel ist in vier separate F\u00e4cher unterteilt, so dass sich verschiedene Arten von Desserts oder Snacks leicht voneinander trennen lassen.<\/p>\n\n\n\n<p><strong>Transparentes Deckeldesign: <\/strong>Der durchsichtige Deckel von Dessertboxen f\u00fcr den Gro\u00dfhandel erleichtert die Pr\u00e4sentation des Inhalts und erh\u00f6ht die optische Attraktivit\u00e4t.<\/p>\n\n\n\n<p><strong>Hochwertiges Material:<\/strong> Diese Gro\u00dfhandelsdessertboxen sind aus haltbarem und lebensmittelechtem Material hergestellt, um die Frische und den Schutz der Lebensmittel zu gew\u00e4hrleisten.<\/p>\n\n\n\n<p><strong>Geeignet f\u00fcr eine Vielzahl von Szenarien:<\/strong> Geeignet f\u00fcr Konditoreien, Restaurants, Geschenkverpackungen sowie f\u00fcr Partys, Veranstaltungen und andere Anl\u00e4sse.<\/p>\n\n\n\n<p><strong>Praktische Verpackung: <\/strong>Diese Dessertbox ist leicht zu transportieren und zu lagern und bewahrt die Integrit\u00e4t und Frische der Lebensmittel.<\/p>\n<\/div>\n\n\n\n<div class=\"wp-block-column is-layout-flow wp-block-column-is-layout-flow\">\n<figure class=\"wp-block-image size-full\"><img decoding=\"async\" width=\"800\" height=\"800\" src=\"https:\/\/www.yishengpack.com\/wp-content\/uploads\/2025\/01\/Wholesale-Dessert-Boxes-4-Divided-Snack-Packaging-with-Clear-Lid-4.webp\" alt=\"Gro\u00dfhandel Dessert Boxen 4 geteilt Snack Verpackung mit klaren Deckel (4)\" class=\"wp-image-902\" srcset=\"https:\/\/www.yishengpack.com\/wp-content\/uploads\/2025\/01\/Wholesale-Dessert-Boxes-4-Divided-Snack-Packaging-with-Clear-Lid-4.webp 800w, https:\/\/www.yishengpack.com\/wp-content\/uploads\/2025\/01\/Wholesale-Dessert-Boxes-4-Divided-Snack-Packaging-with-Clear-Lid-4-300x300.webp 300w, https:\/\/www.yishengpack.com\/wp-content\/uploads\/2025\/01\/Wholesale-Dessert-Boxes-4-Divided-Snack-Packaging-with-Clear-Lid-4-150x150.webp 150w, https:\/\/www.yishengpack.com\/wp-content\/uploads\/2025\/01\/Wholesale-Dessert-Boxes-4-Divided-Snack-Packaging-with-Clear-Lid-4-768x768.webp 768w, https:\/\/www.yishengpack.com\/wp-content\/uploads\/2025\/01\/Wholesale-Dessert-Boxes-4-Divided-Snack-Packaging-with-Clear-Lid-4-12x12.webp 12w, https:\/\/www.yishengpack.com\/wp-content\/uploads\/2025\/01\/Wholesale-Dessert-Boxes-4-Divided-Snack-Packaging-with-Clear-Lid-4-600x600.webp 600w, https:\/\/www.yishengpack.com\/wp-content\/uploads\/2025\/01\/Wholesale-Dessert-Boxes-4-Divided-Snack-Packaging-with-Clear-Lid-4-100x100.webp 100w\" sizes=\"(max-width: 800px) 100vw, 800px\" \/><\/figure>\n<\/div>\n<\/div>","protected":false},"excerpt":{"rendered":"<p>Diese Gro\u00dfhandelsdessertboxen sind jeweils in vier Abschnitte unterteilt und eignen sich perfekt f\u00fcr die Verpackung kleiner Snacks oder Desserts. Mit den durchsichtigen Deckeln k\u00f6nnen Sie Ihren Kuchen pr\u00e4sentieren und sicherstellen, dass die Lebensmittel frisch und hygienisch sind. Diese Unterteilung hilft, den Kontakt zwischen verschiedenen Lebensmitteln zu verhindern und den urspr\u00fcnglichen Geschmack und die Form jedes Snacks zu erhalten. Bitte kontaktieren Sie Yisheng f\u00fcr Gro\u00dfhandelspreise!<\/p>\n<h2>Gro\u00dfhandel Dessert Boxen Spezifikationen:<\/h2>\n<table width=\"528\">\n<tbody>\n<tr>\n<td width=\"215\">Hersteller:<\/td>\n<td colspan=\"2\" width=\"313\">Yisheng<\/td>\n<\/tr>\n<tr>\n<td>Modell:<\/td>\n<td colspan=\"2\">J-134<\/td>\n<\/tr>\n<tr>\n<td>Material:\u00a0<\/td>\n<td colspan=\"2\">PET<\/td>\n<\/tr>\n<tr>\n<td>Farbe:\u00a0<\/td>\n<td colspan=\"2\">Klar, Schwarz<\/td>\n<\/tr>\n<tr>\n<td>Gr\u00f6\u00dfe:\u00a0<\/td>\n<td colspan=\"2\" width=\"313\">12,5cm*12,5cm*5cm<\/td>\n<\/tr>\n<tr>\n<td>Gewicht:\u00a0<\/td>\n<td colspan=\"2\" width=\"313\">12,3 g\/Stk.<\/td>\n<\/tr>\n<tr>\n<td>Die Form:\u00a0<\/td>\n<td colspan=\"2\" width=\"313\">Quadratisch<\/td>\n<\/tr>\n<tr>\n<td>Verpacken:\u00a0<\/td>\n<td colspan=\"2\">50St\u00fcck<\/td>\n<\/tr>\n<tr>\n<td>MOQ:\u00a0<\/td>\n<td colspan=\"2\">2400St\u00fcck<\/td>\n<\/tr>\n<tr>\n<td>OEM&amp;ODM:\u00a0<\/td>\n<td colspan=\"2\">Kundenspezifisch, Willkommen OEM&amp;ODM<\/td>\n<\/tr>\n<tr>\n<td>Muster\uff1a<\/td>\n<td colspan=\"2\">10 St\u00fcck kostenlose Probe kann angefordert werden<\/td>\n<\/tr>\n<\/tbody>\n<\/table>\n<p><script src=\"chrome-extension:\/\/fpelahbljekknahkcaegamhcndkfpfnc\/iFrame.js\" type=\"text\/javascript\"><\/script><\/p>","protected":false},"featured_media":900,"comment_status":"closed","ping_status":"closed","template":"","meta":{"_acf_changed":false},"box-type":[64,61],"product_brand":[],"product_cat":[30,46,21,33,45],"product_tag":[],"class_list":{"0":"post-421","1":"product","2":"type-product","3":"status-publish","4":"has-post-thumbnail","6":"box-type-custom-clear-lid-paper-boxes","7":"box-type-custom-two-piece-boxes","8":"product_cat-cake-containers-wholesale","9":"product_cat-wholesale-paper-boxes","10":"product_cat-plastic-cake-containers-wholesale","11":"product_cat-food-packaging-boxes-wholesale","12":"product_cat-bulk-disposable-food-containers","14":"first","15":"instock","16":"shipping-taxable","17":"product-type-simple"},"acf":[],"_links":{"self":[{"href":"https:\/\/www.yishengpack.com\/de\/wp-json\/wp\/v2\/product\/421","targetHints":{"allow":["GET"]}}],"collection":[{"href":"https:\/\/www.yishengpack.com\/de\/wp-json\/wp\/v2\/product"}],"about":[{"href":"https:\/\/www.yishengpack.com\/de\/wp-json\/wp\/v2\/types\/product"}],"replies":[{"embeddable":true,"href":"https:\/\/www.yishengpack.com\/de\/wp-json\/wp\/v2\/comments?post=421"}],"wp:featuredmedia":[{"embeddable":true,"href":"https:\/\/www.yishengpack.com\/de\/wp-json\/wp\/v2\/media\/900"}],"wp:attachment":[{"href":"https:\/\/www.yishengpack.com\/de\/wp-json\/wp\/v2\/media?parent=421"}],"wp:term":[{"taxonomy":"box-type","embeddable":true,"href":"https:\/\/www.yishengpack.com\/de\/wp-json\/wp\/v2\/box-type?post=421"},{"taxonomy":"product_brand","embeddable":true,"href":"https:\/\/www.yishengpack.com\/de\/wp-json\/wp\/v2\/product_brand?post=421"},{"taxonomy":"product_cat","embeddable":true,"href":"https:\/\/www.yishengpack.com\/de\/wp-json\/wp\/v2\/product_cat?post=421"},{"taxonomy":"product_tag","embeddable":true,"href":"https:\/\/www.yishengpack.com\/de\/wp-json\/wp\/v2\/product_tag?post=421"}],"curies":[{"name":"wp","href":"https:\/\/api.w.org\/{rel}","templated":true}]}}