{"id":3626,"date":"2026-02-25T08:27:31","date_gmt":"2026-02-25T08:27:31","guid":{"rendered":"https:\/\/www.yishengpack.com\/?post_type=product&#038;p=3626"},"modified":"2026-02-25T08:27:34","modified_gmt":"2026-02-25T08:27:34","slug":"wholesale-chocolate-dates-gift-boxes","status":"publish","type":"product","link":"https:\/\/www.yishengpack.com\/de\/produkt\/wholesale-chocolate-dates-gift-boxes\/","title":{"rendered":"Gro\u00dfhandel Schokolade Daten Geschenk-Boxen, benutzerdefinierte magnetische Boxen mit Taschen"},"content":{"rendered":"<div class=\"wp-block-columns is-layout-flex wp-container-core-columns-is-layout-9d6595d7 wp-block-columns-is-layout-flex\">\n<div class=\"wp-block-column is-layout-flow wp-block-column-is-layout-flow\">\n<h3 class=\"wp-block-heading\">Merkmale der Gro\u00dfhandel Schokolade Termine Geschenk-Boxen<\/h3>\n\n\n\n<p><strong>Hochwertiger magnetischer Verschlussmechanismus:<\/strong> Diese Gro\u00dfhandel Schokolade Termine Geschenk-Boxen sind mit einem einfachen und komfortablen Magnetverschluss, dass eine zus\u00e4tzliche Schicht von Eleganz und Sicherheit in der unboxing Erfahrung, geeignet f\u00fcr Premium-Schokoladen und Gourmet-Datteln Geschenk-Boxen f\u00fcgt ausgestattet.<\/p>\n\n\n\n<p><strong>Starre Pappe f\u00fcr dauerhaften Luxus:<\/strong> Diese Gro\u00dfhandels-Schokoladen-Dattel-Geschenkboxen werden aus dicker, fester Pappe hergestellt, die eine feste, elegante Form beibeh\u00e4lt, die den wahrgenommenen Wert Ihrer Produkte erh\u00f6ht und eine luxuri\u00f6se Pr\u00e4sentation vom Regal bis zum Empf\u00e4nger gew\u00e4hrleistet.<\/p>\n\n\n\n<p><strong>Passende individuelle Papiert\u00fcten:<\/strong> Diese kundenspezifischen magnetischen Boxen sind mit Geschenkt\u00fcten mit verst\u00e4rkten Griffen und Bodenst\u00fctzen kombiniert und bieten eine komplette Verpackungsl\u00f6sung. Perfekt f\u00fcr den Einzelhandel, Firmengeschenke und saisonale Werbeaktionen wie Ramadan und Eid.<\/p>\n\n\n\n<p><strong>Sicher f\u00fcr Lebensmittel und sauberes Design:<\/strong> Diese kundenspezifische Magnetbox enth\u00e4lt eine optionale lebensmittelechte Auskleidung f\u00fcr den sicheren direkten oder indirekten Kontakt mit Pralinen, Datteln usw., die den Verpackungsanforderungen f\u00fcr S\u00fc\u00dfwaren weltweit entspricht.<\/p>\n\n\n\n<p><strong>OEM &amp; Gro\u00dfhandel liefern: <\/strong>Niedrige Mindestbestellmenge f\u00fcr Gro\u00dfhandelsbestellungen, schnelle Probenahme, konstante Produktionskapazit\u00e4t und weltweiter Exportservice. Anwendbar f\u00fcr Schokoladenmarken, Dattellieferanten, H\u00e4ndler, Superm\u00e4rkte und den Gro\u00dfhandel mit Geschenkverpackungen.<\/p>\n\n\n\n<p><strong>Vollst\u00e4ndige Anpassung von Branding und Design:<\/strong> Diese Gro\u00dfhandel Schokolade Datteln Geschenk-Boxen k\u00f6nnen in jedem Aspekt, einschlie\u00dflich der Box Gr\u00f6\u00dfe &amp; Struktur, Logo-Druck (Folienpr\u00e4gung, UV, Pr\u00e4gung), Ramadan inspirierte Muster &amp; Farben und innere Schale Konfiguration, um eine vollst\u00e4ndig gebrandmarkt Verpackungsl\u00f6sung, die Ihre Luxus-Marke Identit\u00e4t widerspiegelt liefern angepasst werden.<\/p>\n<\/div>\n\n\n\n<div class=\"wp-block-column is-layout-flow wp-block-column-is-layout-flow\">\n<figure class=\"wp-block-image size-full\"><img decoding=\"async\" width=\"2560\" height=\"2560\" src=\"https:\/\/www.yishengpack.com\/wp-content\/uploads\/2026\/02\/High-End-Customized-Magnetic-Gift-Boxes-Food-Packaging-Boxes-for-Chocolate-Dates-Packing-with-Lid-Wholesale-2.webp\" alt=\"gro\u00dfhandel-schokolade-daten-geschenk-boxen-individuelle-magnetische-boxen-2\" class=\"wp-image-3628\" srcset=\"https:\/\/www.yishengpack.com\/wp-content\/uploads\/2026\/02\/High-End-Customized-Magnetic-Gift-Boxes-Food-Packaging-Boxes-for-Chocolate-Dates-Packing-with-Lid-Wholesale-2.webp 2560w, https:\/\/www.yishengpack.com\/wp-content\/uploads\/2026\/02\/High-End-Customized-Magnetic-Gift-Boxes-Food-Packaging-Boxes-for-Chocolate-Dates-Packing-with-Lid-Wholesale-2-300x300.webp 300w, https:\/\/www.yishengpack.com\/wp-content\/uploads\/2026\/02\/High-End-Customized-Magnetic-Gift-Boxes-Food-Packaging-Boxes-for-Chocolate-Dates-Packing-with-Lid-Wholesale-2-150x150.webp 150w, https:\/\/www.yishengpack.com\/wp-content\/uploads\/2026\/02\/High-End-Customized-Magnetic-Gift-Boxes-Food-Packaging-Boxes-for-Chocolate-Dates-Packing-with-Lid-Wholesale-2-768x768.webp 768w, https:\/\/www.yishengpack.com\/wp-content\/uploads\/2026\/02\/High-End-Customized-Magnetic-Gift-Boxes-Food-Packaging-Boxes-for-Chocolate-Dates-Packing-with-Lid-Wholesale-2-12x12.webp 12w, https:\/\/www.yishengpack.com\/wp-content\/uploads\/2026\/02\/High-End-Customized-Magnetic-Gift-Boxes-Food-Packaging-Boxes-for-Chocolate-Dates-Packing-with-Lid-Wholesale-2-1200x1200.webp 1200w, https:\/\/www.yishengpack.com\/wp-content\/uploads\/2026\/02\/High-End-Customized-Magnetic-Gift-Boxes-Food-Packaging-Boxes-for-Chocolate-Dates-Packing-with-Lid-Wholesale-2-600x600.webp 600w, https:\/\/www.yishengpack.com\/wp-content\/uploads\/2026\/02\/High-End-Customized-Magnetic-Gift-Boxes-Food-Packaging-Boxes-for-Chocolate-Dates-Packing-with-Lid-Wholesale-2-100x100.webp 100w\" sizes=\"(max-width: 2560px) 100vw, 2560px\" \/><\/figure>\n<\/div>\n<\/div>\n\n\n\n<div class=\"wp-block-columns is-layout-flex wp-container-core-columns-is-layout-9d6595d7 wp-block-columns-is-layout-flex\">\n<div class=\"wp-block-column is-layout-flow wp-block-column-is-layout-flow\">\n<figure class=\"wp-block-image size-full\"><img decoding=\"async\" width=\"2560\" height=\"2560\" src=\"https:\/\/www.yishengpack.com\/wp-content\/uploads\/2026\/02\/High-End-Customized-Magnetic-Gift-Boxes-Food-Packaging-Boxes-for-Chocolate-Dates-Packing-with-Lid-Wholesale-5.webp\" alt=\"gro\u00dfhandel-schokolade-daten-geschenk-boxen-individuelle-magnetische-boxen-5\" class=\"wp-image-3631\" srcset=\"https:\/\/www.yishengpack.com\/wp-content\/uploads\/2026\/02\/High-End-Customized-Magnetic-Gift-Boxes-Food-Packaging-Boxes-for-Chocolate-Dates-Packing-with-Lid-Wholesale-5.webp 2560w, https:\/\/www.yishengpack.com\/wp-content\/uploads\/2026\/02\/High-End-Customized-Magnetic-Gift-Boxes-Food-Packaging-Boxes-for-Chocolate-Dates-Packing-with-Lid-Wholesale-5-300x300.webp 300w, https:\/\/www.yishengpack.com\/wp-content\/uploads\/2026\/02\/High-End-Customized-Magnetic-Gift-Boxes-Food-Packaging-Boxes-for-Chocolate-Dates-Packing-with-Lid-Wholesale-5-150x150.webp 150w, https:\/\/www.yishengpack.com\/wp-content\/uploads\/2026\/02\/High-End-Customized-Magnetic-Gift-Boxes-Food-Packaging-Boxes-for-Chocolate-Dates-Packing-with-Lid-Wholesale-5-768x768.webp 768w, https:\/\/www.yishengpack.com\/wp-content\/uploads\/2026\/02\/High-End-Customized-Magnetic-Gift-Boxes-Food-Packaging-Boxes-for-Chocolate-Dates-Packing-with-Lid-Wholesale-5-12x12.webp 12w, https:\/\/www.yishengpack.com\/wp-content\/uploads\/2026\/02\/High-End-Customized-Magnetic-Gift-Boxes-Food-Packaging-Boxes-for-Chocolate-Dates-Packing-with-Lid-Wholesale-5-1200x1200.webp 1200w, https:\/\/www.yishengpack.com\/wp-content\/uploads\/2026\/02\/High-End-Customized-Magnetic-Gift-Boxes-Food-Packaging-Boxes-for-Chocolate-Dates-Packing-with-Lid-Wholesale-5-600x600.webp 600w, https:\/\/www.yishengpack.com\/wp-content\/uploads\/2026\/02\/High-End-Customized-Magnetic-Gift-Boxes-Food-Packaging-Boxes-for-Chocolate-Dates-Packing-with-Lid-Wholesale-5-100x100.webp 100w\" sizes=\"(max-width: 2560px) 100vw, 2560px\" \/><\/figure>\n\n\n\n<div class=\"wp-block-buttons has-custom-font-size has-small-font-size is-content-justification-center is-layout-flex wp-container-core-buttons-is-layout-16018d1d wp-block-buttons-is-layout-flex\">\n<div class=\"wp-block-button has-custom-width wp-block-button__width-75\"><a class=\"wp-block-button__link has-background has-small-font-size has-custom-font-size wp-element-button\" href=\"https:\/\/www.yishengpack.com\/de\/custom-printed-box\/\" style=\"background:linear-gradient(135deg,rgb(254,205,165) 0%,rgb(254,45,45) 0%,rgb(94,15,15) 0%,rgb(94,15,15) 100%)\" target=\"_blank\" rel=\"noreferrer noopener\"><strong>Entdecken Sie individuell bedruckte Boxen<\/strong><\/a><\/div>\n<\/div>\n<\/div>\n\n\n\n<div class=\"wp-block-column is-layout-flow wp-block-column-is-layout-flow\">\n<figure class=\"wp-block-image size-full\"><img decoding=\"async\" width=\"2560\" height=\"2560\" src=\"https:\/\/www.yishengpack.com\/wp-content\/uploads\/2026\/02\/High-End-Customized-Magnetic-Gift-Boxes-Food-Packaging-Boxes-for-Chocolate-Dates-Packing-with-Lid-Wholesale-7.webp\" alt=\"gro\u00dfhandel-schokolade-daten-geschenk-boxen-individuelle-magnetische-boxen-7\" class=\"wp-image-3633\" srcset=\"https:\/\/www.yishengpack.com\/wp-content\/uploads\/2026\/02\/High-End-Customized-Magnetic-Gift-Boxes-Food-Packaging-Boxes-for-Chocolate-Dates-Packing-with-Lid-Wholesale-7.webp 2560w, https:\/\/www.yishengpack.com\/wp-content\/uploads\/2026\/02\/High-End-Customized-Magnetic-Gift-Boxes-Food-Packaging-Boxes-for-Chocolate-Dates-Packing-with-Lid-Wholesale-7-300x300.webp 300w, https:\/\/www.yishengpack.com\/wp-content\/uploads\/2026\/02\/High-End-Customized-Magnetic-Gift-Boxes-Food-Packaging-Boxes-for-Chocolate-Dates-Packing-with-Lid-Wholesale-7-150x150.webp 150w, https:\/\/www.yishengpack.com\/wp-content\/uploads\/2026\/02\/High-End-Customized-Magnetic-Gift-Boxes-Food-Packaging-Boxes-for-Chocolate-Dates-Packing-with-Lid-Wholesale-7-768x768.webp 768w, https:\/\/www.yishengpack.com\/wp-content\/uploads\/2026\/02\/High-End-Customized-Magnetic-Gift-Boxes-Food-Packaging-Boxes-for-Chocolate-Dates-Packing-with-Lid-Wholesale-7-12x12.webp 12w, https:\/\/www.yishengpack.com\/wp-content\/uploads\/2026\/02\/High-End-Customized-Magnetic-Gift-Boxes-Food-Packaging-Boxes-for-Chocolate-Dates-Packing-with-Lid-Wholesale-7-1200x1200.webp 1200w, https:\/\/www.yishengpack.com\/wp-content\/uploads\/2026\/02\/High-End-Customized-Magnetic-Gift-Boxes-Food-Packaging-Boxes-for-Chocolate-Dates-Packing-with-Lid-Wholesale-7-600x600.webp 600w, https:\/\/www.yishengpack.com\/wp-content\/uploads\/2026\/02\/High-End-Customized-Magnetic-Gift-Boxes-Food-Packaging-Boxes-for-Chocolate-Dates-Packing-with-Lid-Wholesale-7-100x100.webp 100w\" sizes=\"(max-width: 2560px) 100vw, 2560px\" \/><\/figure>\n\n\n\n<div class=\"wp-block-buttons has-custom-font-size has-small-font-size is-content-justification-center is-layout-flex wp-container-core-buttons-is-layout-16018d1d wp-block-buttons-is-layout-flex\">\n<div class=\"wp-block-button has-custom-width wp-block-button__width-75\"><a class=\"wp-block-button__link has-background has-small-font-size has-custom-font-size wp-element-button\" href=\"https:\/\/www.yishengpack.com\/de\/custom-box-inserts-accessories\/\" style=\"background:linear-gradient(135deg,rgb(254,205,165) 0%,rgb(254,45,45) 0%,rgb(94,15,15) 0%,rgb(94,15,15) 100%)\" target=\"_blank\" rel=\"noreferrer noopener\"><strong>Custom Box Inserts erforschen<\/strong><\/a><\/div>\n<\/div>\n<\/div>\n<\/div>","protected":false},"excerpt":{"rendered":"<p>Willkommen in unserem Gro\u00dfhandel Schokolade Datteln Geschenk-Boxen mit Premium-magnetischen starren Design und passende Geschenk-Taschen zu kaufen. Unsere Verpackungsl\u00f6sungen wurden f\u00fcr Luxus-S\u00fc\u00dfwarenmarken und Dattellieferanten entwickelt und bieten vollst\u00e4ndige OEM-Kundenanpassung, Schutzeinlagen, hochwertige Verarbeitung und wettbewerbsf\u00e4hige Gro\u00dfhandelspreise. Ideal f\u00fcr Ramadan, Firmengeschenke und Einzelhandelsvertrieb weltweit.<\/p>\n<h2>Highlights des Gro\u00dfhandels Schokolade Termine Geschenk-Boxen<\/h2>\n<ul>\n<li>Sicherer Snap-Magnetverschluss<\/li>\n<li>Personalisierte Anpassung<\/li>\n<li>Umweltvertr\u00e4gliche Materialien<\/li>\n<li>Langlebige Handwerkskunst<\/li>\n<li>Vielf\u00e4ltige Auswahlm\u00f6glichkeiten f\u00fcr die Innenausstattung<\/li>\n<li>Ma\u00dfgeschneiderte Gr\u00f6\u00dfenl\u00f6sungen<\/li>\n<li>Langlebige Konstruktion aus festem Karton<\/li>\n<li>Perfekt f\u00fcr Firmen- und Privatgeschenke<\/li>\n<\/ul>\n<p>&nbsp;<\/p>\n<p>&nbsp;<\/p>","protected":false},"featured_media":3627,"comment_status":"closed","ping_status":"closed","template":"","meta":{"_acf_changed":false},"box-type":[54,57],"product_brand":[],"product_cat":[19,41,68,46,33,44],"product_tag":[],"class_list":{"0":"post-3626","1":"product","2":"type-product","3":"status-publish","4":"has-post-thumbnail","6":"box-type-custom-magnetic-closure-boxes","7":"box-type-custom-rigid-box-with-lid","8":"product_cat-luxury-gift-boxes-wholesale","9":"product_cat-candy-gift-boxes-wholesale","10":"product_cat-custom-dates-box","11":"product_cat-wholesale-paper-boxes","12":"product_cat-food-packaging-boxes-wholesale","13":"product_cat-custom-snack-box","15":"first","16":"instock","17":"shipping-taxable","18":"product-type-simple"},"acf":[],"_links":{"self":[{"href":"https:\/\/www.yishengpack.com\/de\/wp-json\/wp\/v2\/product\/3626","targetHints":{"allow":["GET"]}}],"collection":[{"href":"https:\/\/www.yishengpack.com\/de\/wp-json\/wp\/v2\/product"}],"about":[{"href":"https:\/\/www.yishengpack.com\/de\/wp-json\/wp\/v2\/types\/product"}],"replies":[{"embeddable":true,"href":"https:\/\/www.yishengpack.com\/de\/wp-json\/wp\/v2\/comments?post=3626"}],"wp:featuredmedia":[{"embeddable":true,"href":"https:\/\/www.yishengpack.com\/de\/wp-json\/wp\/v2\/media\/3627"}],"wp:attachment":[{"href":"https:\/\/www.yishengpack.com\/de\/wp-json\/wp\/v2\/media?parent=3626"}],"wp:term":[{"taxonomy":"box-type","embeddable":true,"href":"https:\/\/www.yishengpack.com\/de\/wp-json\/wp\/v2\/box-type?post=3626"},{"taxonomy":"product_brand","embeddable":true,"href":"https:\/\/www.yishengpack.com\/de\/wp-json\/wp\/v2\/product_brand?post=3626"},{"taxonomy":"product_cat","embeddable":true,"href":"https:\/\/www.yishengpack.com\/de\/wp-json\/wp\/v2\/product_cat?post=3626"},{"taxonomy":"product_tag","embeddable":true,"href":"https:\/\/www.yishengpack.com\/de\/wp-json\/wp\/v2\/product_tag?post=3626"}],"curies":[{"name":"wp","href":"https:\/\/api.w.org\/{rel}","templated":true}]}}