{"id":3494,"date":"2026-02-05T09:47:20","date_gmt":"2026-02-05T09:47:20","guid":{"rendered":"https:\/\/www.yishengpack.com\/?post_type=product&#038;p=3494"},"modified":"2026-02-05T09:50:45","modified_gmt":"2026-02-05T09:50:45","slug":"custom-apparel-paper-bags","status":"publish","type":"product","link":"https:\/\/www.yishengpack.com\/de\/produkt\/custom-apparel-paper-bags\/","title":{"rendered":"Benutzerdefinierte Bekleidung Papiertaschen, Gro\u00dfhandel behandelt Geschenk Taschen"},"content":{"rendered":"<div class=\"wp-block-columns is-layout-flex wp-container-core-columns-is-layout-9d6595d7 wp-block-columns-is-layout-flex\">\n<div class=\"wp-block-column is-layout-flow wp-block-column-is-layout-flow\">\n<h3 class=\"wp-block-heading\">Merkmale von Papierbeuteln f\u00fcr Bekleidung<\/h3>\n\n\n\n<p><strong>Zusammenklappbares Design f\u00fcr flache Lagerung:<\/strong>Das Design dieser individuellen Papiert\u00fcten f\u00fcr Bekleidung ist faltbar, und sie k\u00f6nnen gefaltet und gestapelt werden, um bei Nichtgebrauch Platz zu sparen.<\/p>\n\n\n\n<p><strong>Zweifarbige Farbschemata und Farbverl\u00e4ufe:<\/strong> Diese individuellen Papiertaschen haben saubere zweifarbige Kontraste (z. B. marineblau und cremefarben) und dezente Farbt\u00f6ne, die wie sanfte Farbverl\u00e4ufe wirken (z. B. rosa bis elfenbeinfarben). Diese Taschen sind perfekt f\u00fcr Luxus-Geschenke, da sie einen visuell schillernden und immensen Blick auf Luxus-Geschenke hinzuf\u00fcgen.<\/p>\n\n\n\n<p><strong>Verst\u00e4rktes Hartpapier Bauen: <\/strong>Diese individuellen Papiertaschen f\u00fcr Bekleidung werden aus dickem, rei\u00dffestem Papier hergestellt. Diese Taschen halten eine strukturierte, aufrechte Form, auch wenn sie gef\u00fcllt sind, so dass Sie Ihren Inhalt gesch\u00fctzt und ordentlich pr\u00e4sentiert haben.<\/p>\n\n\n\n<p><strong>Vielseitige Gr\u00f6\u00dfenoptionen:<\/strong> Unsere Geschenkt\u00fcten f\u00fcr den Gro\u00dfhandel sind in verschiedenen Gr\u00f6\u00dfen erh\u00e4ltlich. Diese Papiert\u00fcten f\u00fcr Bekleidung eignen sich f\u00fcr eine Reihe von Artikeln (von gefalteten Hemden bis hin zu Pullovern) sowohl f\u00fcr pers\u00f6nliche Geschenke als auch f\u00fcr den Verpackungsbedarf im Einzelhandel.<\/p>\n\n\n\n<p><strong>Anpassbares Branding und Design:<\/strong> Die glatten, bedruckbaren Oberfl\u00e4chen unserer im Gro\u00dfhandel gehandhabten Geschenkt\u00fcten unterst\u00fctzen die vollst\u00e4ndige Anpassung von Logos, Mustern und Farbschemata, so dass Marken einzigartige, markengerechte Verpackungen erstellen k\u00f6nnen, die sich von anderen abheben.<\/p>\n<\/div>\n\n\n\n<div class=\"wp-block-column is-layout-flow wp-block-column-is-layout-flow\">\n<figure class=\"wp-block-image size-full\"><img decoding=\"async\" width=\"2048\" height=\"2048\" src=\"https:\/\/www.yishengpack.com\/wp-content\/uploads\/2026\/02\/Customized-High-Quality-Handled-Gift-Bags-with-Logo-Bulk-Durable-Apparel-Packaging-Bags-Wholesale-2-1.webp\" alt=\"Individuell angefertigte Papiertaschen-Gro\u00dfhandel-Geschenktaschen-2\" class=\"wp-image-3505\" srcset=\"https:\/\/www.yishengpack.com\/wp-content\/uploads\/2026\/02\/Customized-High-Quality-Handled-Gift-Bags-with-Logo-Bulk-Durable-Apparel-Packaging-Bags-Wholesale-2-1.webp 2048w, https:\/\/www.yishengpack.com\/wp-content\/uploads\/2026\/02\/Customized-High-Quality-Handled-Gift-Bags-with-Logo-Bulk-Durable-Apparel-Packaging-Bags-Wholesale-2-1-300x300.webp 300w, https:\/\/www.yishengpack.com\/wp-content\/uploads\/2026\/02\/Customized-High-Quality-Handled-Gift-Bags-with-Logo-Bulk-Durable-Apparel-Packaging-Bags-Wholesale-2-1-150x150.webp 150w, https:\/\/www.yishengpack.com\/wp-content\/uploads\/2026\/02\/Customized-High-Quality-Handled-Gift-Bags-with-Logo-Bulk-Durable-Apparel-Packaging-Bags-Wholesale-2-1-768x768.webp 768w, https:\/\/www.yishengpack.com\/wp-content\/uploads\/2026\/02\/Customized-High-Quality-Handled-Gift-Bags-with-Logo-Bulk-Durable-Apparel-Packaging-Bags-Wholesale-2-1-12x12.webp 12w, https:\/\/www.yishengpack.com\/wp-content\/uploads\/2026\/02\/Customized-High-Quality-Handled-Gift-Bags-with-Logo-Bulk-Durable-Apparel-Packaging-Bags-Wholesale-2-1-1200x1200.webp 1200w, https:\/\/www.yishengpack.com\/wp-content\/uploads\/2026\/02\/Customized-High-Quality-Handled-Gift-Bags-with-Logo-Bulk-Durable-Apparel-Packaging-Bags-Wholesale-2-1-600x600.webp 600w, https:\/\/www.yishengpack.com\/wp-content\/uploads\/2026\/02\/Customized-High-Quality-Handled-Gift-Bags-with-Logo-Bulk-Durable-Apparel-Packaging-Bags-Wholesale-2-1-100x100.webp 100w\" sizes=\"(max-width: 2048px) 100vw, 2048px\" \/><\/figure>\n<\/div>\n<\/div>\n\n\n\n<div class=\"wp-block-columns is-layout-flex wp-container-core-columns-is-layout-9d6595d7 wp-block-columns-is-layout-flex\">\n<div class=\"wp-block-column is-layout-flow wp-block-column-is-layout-flow\">\n<figure class=\"wp-block-image size-full\"><img decoding=\"async\" width=\"2048\" height=\"2048\" src=\"https:\/\/www.yishengpack.com\/wp-content\/uploads\/2026\/02\/Customized-High-Quality-Handled-Gift-Bags-with-Logo-Bulk-Durable-Apparel-Packaging-Bags-Wholesale-6.webp\" alt=\"personalisierte papiertaschen-gro\u00dfhandel-getragene-geschenktaschen-6\" class=\"wp-image-3509\" srcset=\"https:\/\/www.yishengpack.com\/wp-content\/uploads\/2026\/02\/Customized-High-Quality-Handled-Gift-Bags-with-Logo-Bulk-Durable-Apparel-Packaging-Bags-Wholesale-6.webp 2048w, https:\/\/www.yishengpack.com\/wp-content\/uploads\/2026\/02\/Customized-High-Quality-Handled-Gift-Bags-with-Logo-Bulk-Durable-Apparel-Packaging-Bags-Wholesale-6-300x300.webp 300w, https:\/\/www.yishengpack.com\/wp-content\/uploads\/2026\/02\/Customized-High-Quality-Handled-Gift-Bags-with-Logo-Bulk-Durable-Apparel-Packaging-Bags-Wholesale-6-150x150.webp 150w, https:\/\/www.yishengpack.com\/wp-content\/uploads\/2026\/02\/Customized-High-Quality-Handled-Gift-Bags-with-Logo-Bulk-Durable-Apparel-Packaging-Bags-Wholesale-6-768x768.webp 768w, https:\/\/www.yishengpack.com\/wp-content\/uploads\/2026\/02\/Customized-High-Quality-Handled-Gift-Bags-with-Logo-Bulk-Durable-Apparel-Packaging-Bags-Wholesale-6-12x12.webp 12w, https:\/\/www.yishengpack.com\/wp-content\/uploads\/2026\/02\/Customized-High-Quality-Handled-Gift-Bags-with-Logo-Bulk-Durable-Apparel-Packaging-Bags-Wholesale-6-1200x1200.webp 1200w, https:\/\/www.yishengpack.com\/wp-content\/uploads\/2026\/02\/Customized-High-Quality-Handled-Gift-Bags-with-Logo-Bulk-Durable-Apparel-Packaging-Bags-Wholesale-6-600x600.webp 600w, https:\/\/www.yishengpack.com\/wp-content\/uploads\/2026\/02\/Customized-High-Quality-Handled-Gift-Bags-with-Logo-Bulk-Durable-Apparel-Packaging-Bags-Wholesale-6-100x100.webp 100w\" sizes=\"(max-width: 2048px) 100vw, 2048px\" \/><\/figure>\n\n\n\n<div class=\"wp-block-buttons has-custom-font-size has-small-font-size is-content-justification-center is-layout-flex wp-container-core-buttons-is-layout-16018d1d wp-block-buttons-is-layout-flex\">\n<div class=\"wp-block-button has-custom-width wp-block-button__width-75\"><a class=\"wp-block-button__link has-background has-small-font-size has-custom-font-size wp-element-button\" href=\"https:\/\/www.yishengpack.com\/de\/custom-printed-box\/\" style=\"background:linear-gradient(135deg,rgb(254,205,165) 0%,rgb(254,45,45) 0%,rgb(94,15,15) 0%,rgb(94,15,15) 100%)\" target=\"_blank\" rel=\"noreferrer noopener\"><strong>Entdecken Sie individuell bedruckte Boxen<\/strong><\/a><\/div>\n<\/div>\n<\/div>\n\n\n\n<div class=\"wp-block-column is-layout-flow wp-block-column-is-layout-flow\">\n<figure class=\"wp-block-image size-full\"><img decoding=\"async\" width=\"2048\" height=\"2048\" src=\"https:\/\/www.yishengpack.com\/wp-content\/uploads\/2026\/02\/Customized-High-Quality-Handled-Gift-Bags-with-Logo-Bulk-Durable-Apparel-Packaging-Bags-Wholesale-7.webp\" alt=\"personalisierte papiertaschen-gro\u00dfhandel-geschenk-taschen-7\" class=\"wp-image-3510\" srcset=\"https:\/\/www.yishengpack.com\/wp-content\/uploads\/2026\/02\/Customized-High-Quality-Handled-Gift-Bags-with-Logo-Bulk-Durable-Apparel-Packaging-Bags-Wholesale-7.webp 2048w, https:\/\/www.yishengpack.com\/wp-content\/uploads\/2026\/02\/Customized-High-Quality-Handled-Gift-Bags-with-Logo-Bulk-Durable-Apparel-Packaging-Bags-Wholesale-7-300x300.webp 300w, https:\/\/www.yishengpack.com\/wp-content\/uploads\/2026\/02\/Customized-High-Quality-Handled-Gift-Bags-with-Logo-Bulk-Durable-Apparel-Packaging-Bags-Wholesale-7-150x150.webp 150w, https:\/\/www.yishengpack.com\/wp-content\/uploads\/2026\/02\/Customized-High-Quality-Handled-Gift-Bags-with-Logo-Bulk-Durable-Apparel-Packaging-Bags-Wholesale-7-768x768.webp 768w, https:\/\/www.yishengpack.com\/wp-content\/uploads\/2026\/02\/Customized-High-Quality-Handled-Gift-Bags-with-Logo-Bulk-Durable-Apparel-Packaging-Bags-Wholesale-7-12x12.webp 12w, https:\/\/www.yishengpack.com\/wp-content\/uploads\/2026\/02\/Customized-High-Quality-Handled-Gift-Bags-with-Logo-Bulk-Durable-Apparel-Packaging-Bags-Wholesale-7-1200x1200.webp 1200w, https:\/\/www.yishengpack.com\/wp-content\/uploads\/2026\/02\/Customized-High-Quality-Handled-Gift-Bags-with-Logo-Bulk-Durable-Apparel-Packaging-Bags-Wholesale-7-600x600.webp 600w, https:\/\/www.yishengpack.com\/wp-content\/uploads\/2026\/02\/Customized-High-Quality-Handled-Gift-Bags-with-Logo-Bulk-Durable-Apparel-Packaging-Bags-Wholesale-7-100x100.webp 100w\" sizes=\"(max-width: 2048px) 100vw, 2048px\" \/><\/figure>\n\n\n\n<div class=\"wp-block-buttons has-custom-font-size has-small-font-size is-content-justification-center is-layout-flex wp-container-core-buttons-is-layout-16018d1d wp-block-buttons-is-layout-flex\">\n<div class=\"wp-block-button has-custom-width wp-block-button__width-75\"><a class=\"wp-block-button__link has-background has-small-font-size has-custom-font-size wp-element-button\" href=\"https:\/\/www.yishengpack.com\/de\/custom-box-inserts-accessories\/\" style=\"background:linear-gradient(135deg,rgb(254,205,165) 0%,rgb(254,45,45) 0%,rgb(94,15,15) 0%,rgb(94,15,15) 100%)\" target=\"_blank\" rel=\"noreferrer noopener\"><strong>Custom Box Inserts erforschen<\/strong><\/a><\/div>\n<\/div>\n<\/div>\n<\/div>","protected":false},"excerpt":{"rendered":"<p>Willkommen beim Kauf unserer ma\u00dfgeschneiderten Papiertaschen f\u00fcr Bekleidung, die f\u00fcr die Verpackung im Modeeinzelhandel und die Markenwerbung entwickelt wurden. Unsere gehandhabten Geschenktaschen sind aus haltbarem, umweltfreundlichem Papier mit verst\u00e4rkten Strukturen f\u00fcr schwere Kleidungsst\u00fccke hergestellt. Wir bieten eine vollst\u00e4ndige OEM\/ODM-Anpassung, einschlie\u00dflich Gr\u00f6\u00dfen, Druck, Griffe und Luxusausf\u00fchrungen. Ideal f\u00fcr Bekleidungsmarken, Boutiquen und Gro\u00dfh\u00e4ndler, die hochwertige individuelle Verpackungsl\u00f6sungen zu wettbewerbsf\u00e4higen Massenpreisen suchen.<\/p>\n<h2>H\u00f6hepunkte der benutzerdefinierten Bekleidungspapiers\u00e4cke<\/h2>\n<ul>\n<li>Vollst\u00e4ndige Individualisierung m\u00f6glich<\/li>\n<li>Biologisch abbaubare Materialien<\/li>\n<li>Langlebige Handwerkskunst<\/li>\n<li>Vielseitige Gr\u00f6\u00dfe f\u00fcr verschiedene Bekleidungsarten<\/li>\n<li>Anpassbare Farbanpassung<\/li>\n<li>Ideal f\u00fcr Bekleidungsverpackungen<\/li>\n<li>Zusammenklappbar f\u00fcr einfache Lagerung<\/li>\n<\/ul>\n<p>&nbsp;<\/p>\n<p>&nbsp;<\/p>","protected":false},"featured_media":3504,"comment_status":"closed","ping_status":"closed","template":"","meta":{"_acf_changed":false},"box-type":[53,52],"product_brand":[],"product_cat":[34,70,37],"product_tag":[],"class_list":{"0":"post-3494","1":"product","2":"type-product","3":"status-publish","4":"has-post-thumbnail","6":"box-type-custom-ribbon-handle-paper-bag","7":"box-type-custom-rope-handle-paper-bags","8":"product_cat-paper-bags-wholesale","9":"product_cat-custom-clothing-bags","10":"product_cat-paper-gift-bags-bulk","12":"first","13":"instock","14":"shipping-taxable","15":"product-type-simple"},"acf":[],"_links":{"self":[{"href":"https:\/\/www.yishengpack.com\/de\/wp-json\/wp\/v2\/product\/3494","targetHints":{"allow":["GET"]}}],"collection":[{"href":"https:\/\/www.yishengpack.com\/de\/wp-json\/wp\/v2\/product"}],"about":[{"href":"https:\/\/www.yishengpack.com\/de\/wp-json\/wp\/v2\/types\/product"}],"replies":[{"embeddable":true,"href":"https:\/\/www.yishengpack.com\/de\/wp-json\/wp\/v2\/comments?post=3494"}],"wp:featuredmedia":[{"embeddable":true,"href":"https:\/\/www.yishengpack.com\/de\/wp-json\/wp\/v2\/media\/3504"}],"wp:attachment":[{"href":"https:\/\/www.yishengpack.com\/de\/wp-json\/wp\/v2\/media?parent=3494"}],"wp:term":[{"taxonomy":"box-type","embeddable":true,"href":"https:\/\/www.yishengpack.com\/de\/wp-json\/wp\/v2\/box-type?post=3494"},{"taxonomy":"product_brand","embeddable":true,"href":"https:\/\/www.yishengpack.com\/de\/wp-json\/wp\/v2\/product_brand?post=3494"},{"taxonomy":"product_cat","embeddable":true,"href":"https:\/\/www.yishengpack.com\/de\/wp-json\/wp\/v2\/product_cat?post=3494"},{"taxonomy":"product_tag","embeddable":true,"href":"https:\/\/www.yishengpack.com\/de\/wp-json\/wp\/v2\/product_tag?post=3494"}],"curies":[{"name":"wp","href":"https:\/\/api.w.org\/{rel}","templated":true}]}}