{"id":3477,"date":"2026-02-04T16:52:19","date_gmt":"2026-02-04T16:52:19","guid":{"rendered":"https:\/\/www.yishengpack.com\/?post_type=product&#038;p=3477"},"modified":"2026-02-04T16:52:20","modified_gmt":"2026-02-04T16:52:20","slug":"magnetic-rigid-boxes-wholesale","status":"publish","type":"product","link":"https:\/\/www.yishengpack.com\/de\/produkt\/magnetic-rigid-boxes-wholesale\/","title":{"rendered":"Magnetische starre Boxen Gro\u00dfhandel, OEM Ramadan Termine Geschenk-Box"},"content":{"rendered":"<div class=\"wp-block-columns is-layout-flex wp-container-core-columns-is-layout-9d6595d7 wp-block-columns-is-layout-flex\">\n<div class=\"wp-block-column is-layout-flow wp-block-column-is-layout-flow\">\n<h3 class=\"wp-block-heading\">Eigenschaften von Magnetic Rigid Boxen Gro\u00dfhandel<\/h3>\n\n\n\n<p><strong>Magnetischer Sicherheitsverschluss: <\/strong>Diese magnetischen starren Boxen Gro\u00dfhandel mit einem versteckten Magnetverschluss kann sicher sanft und fest geschlossen werden, es auch die High-End-Gef\u00fchl von unboxing f\u00fcr Pralinen, Datteln, oder Gourmet-Leckereien zu verbessern.<\/p>\n\n\n\n<p><strong>Anpassbare lebensmittelechte Trennschalen:<\/strong> Diese magnetischen starren Boxen f\u00fcr den Gro\u00dfhandel werden mit ma\u00dfgeschneiderten, pr\u00e4zise gestanzten, lebensmittelechten Papiertrennw\u00e4nden geliefert. Die Box hilft, einzelne Datteln oder gef\u00fcllte Sorten zu trennen und zu stabilisieren, damit sie nicht verrutschen, w\u00e4hrend jedes St\u00fcck elegant pr\u00e4sentiert wird.<\/p>\n\n\n\n<p><strong>Robuste und langlebige Konstruktion: <\/strong>Diese magnetischen starren Boxen f\u00fcr den Gro\u00dfhandel werden aus dicker, rei\u00dffester Pappe hergestellt. Die Boxen behalten ihre Form w\u00e4hrend des Transports und der Lagerung bei und sch\u00fctzen den Inhalt vor Besch\u00e4digungen, w\u00e4hrend sie gleichzeitig eine hochwertige Haptik behalten.<\/p>\n\n\n\n<p><strong>Lebendige Farb- und Folienkombinationen:<\/strong> Unsere ma\u00dfgeschneiderte Ramadan Datteln Geschenk-Box kommt in energetischen Premium-Farben (leuchtend orange, reiche Burgunder, Teal), die weiter bereichern das Produkt mit Goldfolie Verzierungen, perfekt f\u00fcr Geschenke.<\/p>\n\n\n\n<p><strong>Markenzentrierte Anpassung:<\/strong> Unsere individuelle Ramadan-Datums-Geschenkbox l\u00e4sst sich in Bezug auf Abmessungen, Unterteilungslayouts und Oberfl\u00e4chenbranding vollst\u00e4ndig anpassen. Mit den Boxen k\u00f6nnen Marken die Verpackung an ihre \u00e4sthetische Identit\u00e4t f\u00fcr Feiertage, Ramadan oder Firmenanl\u00e4sse anpassen.<\/p>\n<\/div>\n\n\n\n<div class=\"wp-block-column is-layout-flow wp-block-column-is-layout-flow\">\n<figure class=\"wp-block-image size-full\"><img decoding=\"async\" width=\"2048\" height=\"2048\" src=\"https:\/\/www.yishengpack.com\/wp-content\/uploads\/2026\/01\/Bulk-Luxury-Rigid-Magnetic-Gift-Boxes-Wholesale-Custom-Dates-Chocolate-Boxes-Packaging-2.webp\" alt=\"magnetische-rigide-boxen-gro\u00dfhandel-oem-ramadan-daten-geschenk-box-2\" class=\"wp-image-3479\" srcset=\"https:\/\/www.yishengpack.com\/wp-content\/uploads\/2026\/01\/Bulk-Luxury-Rigid-Magnetic-Gift-Boxes-Wholesale-Custom-Dates-Chocolate-Boxes-Packaging-2.webp 2048w, https:\/\/www.yishengpack.com\/wp-content\/uploads\/2026\/01\/Bulk-Luxury-Rigid-Magnetic-Gift-Boxes-Wholesale-Custom-Dates-Chocolate-Boxes-Packaging-2-300x300.webp 300w, https:\/\/www.yishengpack.com\/wp-content\/uploads\/2026\/01\/Bulk-Luxury-Rigid-Magnetic-Gift-Boxes-Wholesale-Custom-Dates-Chocolate-Boxes-Packaging-2-150x150.webp 150w, https:\/\/www.yishengpack.com\/wp-content\/uploads\/2026\/01\/Bulk-Luxury-Rigid-Magnetic-Gift-Boxes-Wholesale-Custom-Dates-Chocolate-Boxes-Packaging-2-768x768.webp 768w, https:\/\/www.yishengpack.com\/wp-content\/uploads\/2026\/01\/Bulk-Luxury-Rigid-Magnetic-Gift-Boxes-Wholesale-Custom-Dates-Chocolate-Boxes-Packaging-2-12x12.webp 12w, https:\/\/www.yishengpack.com\/wp-content\/uploads\/2026\/01\/Bulk-Luxury-Rigid-Magnetic-Gift-Boxes-Wholesale-Custom-Dates-Chocolate-Boxes-Packaging-2-1200x1200.webp 1200w, https:\/\/www.yishengpack.com\/wp-content\/uploads\/2026\/01\/Bulk-Luxury-Rigid-Magnetic-Gift-Boxes-Wholesale-Custom-Dates-Chocolate-Boxes-Packaging-2-600x600.webp 600w, https:\/\/www.yishengpack.com\/wp-content\/uploads\/2026\/01\/Bulk-Luxury-Rigid-Magnetic-Gift-Boxes-Wholesale-Custom-Dates-Chocolate-Boxes-Packaging-2-100x100.webp 100w\" sizes=\"(max-width: 2048px) 100vw, 2048px\" \/><\/figure>\n<\/div>\n<\/div>\n\n\n\n<div class=\"wp-block-columns is-layout-flex wp-container-core-columns-is-layout-9d6595d7 wp-block-columns-is-layout-flex\">\n<div class=\"wp-block-column is-layout-flow wp-block-column-is-layout-flow\">\n<figure class=\"wp-block-image size-full\"><img decoding=\"async\" width=\"2048\" height=\"2048\" src=\"https:\/\/www.yishengpack.com\/wp-content\/uploads\/2026\/01\/Bulk-Luxury-Rigid-Magnetic-Gift-Boxes-Wholesale-Custom-Dates-Chocolate-Boxes-Packaging-6.webp\" alt=\"magnetische-rigide-boxen-gro\u00dfhandel-oem-ramadan-daten-geschenk-box-6\" class=\"wp-image-3483\" srcset=\"https:\/\/www.yishengpack.com\/wp-content\/uploads\/2026\/01\/Bulk-Luxury-Rigid-Magnetic-Gift-Boxes-Wholesale-Custom-Dates-Chocolate-Boxes-Packaging-6.webp 2048w, https:\/\/www.yishengpack.com\/wp-content\/uploads\/2026\/01\/Bulk-Luxury-Rigid-Magnetic-Gift-Boxes-Wholesale-Custom-Dates-Chocolate-Boxes-Packaging-6-300x300.webp 300w, https:\/\/www.yishengpack.com\/wp-content\/uploads\/2026\/01\/Bulk-Luxury-Rigid-Magnetic-Gift-Boxes-Wholesale-Custom-Dates-Chocolate-Boxes-Packaging-6-150x150.webp 150w, https:\/\/www.yishengpack.com\/wp-content\/uploads\/2026\/01\/Bulk-Luxury-Rigid-Magnetic-Gift-Boxes-Wholesale-Custom-Dates-Chocolate-Boxes-Packaging-6-768x768.webp 768w, https:\/\/www.yishengpack.com\/wp-content\/uploads\/2026\/01\/Bulk-Luxury-Rigid-Magnetic-Gift-Boxes-Wholesale-Custom-Dates-Chocolate-Boxes-Packaging-6-12x12.webp 12w, https:\/\/www.yishengpack.com\/wp-content\/uploads\/2026\/01\/Bulk-Luxury-Rigid-Magnetic-Gift-Boxes-Wholesale-Custom-Dates-Chocolate-Boxes-Packaging-6-1200x1200.webp 1200w, https:\/\/www.yishengpack.com\/wp-content\/uploads\/2026\/01\/Bulk-Luxury-Rigid-Magnetic-Gift-Boxes-Wholesale-Custom-Dates-Chocolate-Boxes-Packaging-6-600x600.webp 600w, https:\/\/www.yishengpack.com\/wp-content\/uploads\/2026\/01\/Bulk-Luxury-Rigid-Magnetic-Gift-Boxes-Wholesale-Custom-Dates-Chocolate-Boxes-Packaging-6-100x100.webp 100w\" sizes=\"(max-width: 2048px) 100vw, 2048px\" \/><\/figure>\n\n\n\n<div class=\"wp-block-buttons has-custom-font-size has-small-font-size is-content-justification-center is-layout-flex wp-container-core-buttons-is-layout-16018d1d wp-block-buttons-is-layout-flex\">\n<div class=\"wp-block-button has-custom-width wp-block-button__width-75\"><a class=\"wp-block-button__link has-background has-small-font-size has-custom-font-size wp-element-button\" href=\"https:\/\/www.yishengpack.com\/de\/custom-printed-box\/\" style=\"background:linear-gradient(135deg,rgb(254,205,165) 0%,rgb(254,45,45) 0%,rgb(94,15,15) 0%,rgb(94,15,15) 100%)\" target=\"_blank\" rel=\"noreferrer noopener\"><strong>Entdecken Sie individuell bedruckte Boxen<\/strong><\/a><\/div>\n<\/div>\n<\/div>\n\n\n\n<div class=\"wp-block-column is-layout-flow wp-block-column-is-layout-flow\">\n<figure class=\"wp-block-image size-full\"><img decoding=\"async\" width=\"2048\" height=\"2048\" src=\"https:\/\/www.yishengpack.com\/wp-content\/uploads\/2026\/01\/Bulk-Luxury-Rigid-Magnetic-Gift-Boxes-Wholesale-Custom-Dates-Chocolate-Boxes-Packaging-7.webp\" alt=\"magnetische-rigide-boxen-gro\u00dfhandel-oem-ramadan-daten-geschenk-box-7\" class=\"wp-image-3484\" srcset=\"https:\/\/www.yishengpack.com\/wp-content\/uploads\/2026\/01\/Bulk-Luxury-Rigid-Magnetic-Gift-Boxes-Wholesale-Custom-Dates-Chocolate-Boxes-Packaging-7.webp 2048w, https:\/\/www.yishengpack.com\/wp-content\/uploads\/2026\/01\/Bulk-Luxury-Rigid-Magnetic-Gift-Boxes-Wholesale-Custom-Dates-Chocolate-Boxes-Packaging-7-300x300.webp 300w, https:\/\/www.yishengpack.com\/wp-content\/uploads\/2026\/01\/Bulk-Luxury-Rigid-Magnetic-Gift-Boxes-Wholesale-Custom-Dates-Chocolate-Boxes-Packaging-7-150x150.webp 150w, https:\/\/www.yishengpack.com\/wp-content\/uploads\/2026\/01\/Bulk-Luxury-Rigid-Magnetic-Gift-Boxes-Wholesale-Custom-Dates-Chocolate-Boxes-Packaging-7-768x768.webp 768w, https:\/\/www.yishengpack.com\/wp-content\/uploads\/2026\/01\/Bulk-Luxury-Rigid-Magnetic-Gift-Boxes-Wholesale-Custom-Dates-Chocolate-Boxes-Packaging-7-12x12.webp 12w, https:\/\/www.yishengpack.com\/wp-content\/uploads\/2026\/01\/Bulk-Luxury-Rigid-Magnetic-Gift-Boxes-Wholesale-Custom-Dates-Chocolate-Boxes-Packaging-7-1200x1200.webp 1200w, https:\/\/www.yishengpack.com\/wp-content\/uploads\/2026\/01\/Bulk-Luxury-Rigid-Magnetic-Gift-Boxes-Wholesale-Custom-Dates-Chocolate-Boxes-Packaging-7-600x600.webp 600w, https:\/\/www.yishengpack.com\/wp-content\/uploads\/2026\/01\/Bulk-Luxury-Rigid-Magnetic-Gift-Boxes-Wholesale-Custom-Dates-Chocolate-Boxes-Packaging-7-100x100.webp 100w\" sizes=\"(max-width: 2048px) 100vw, 2048px\" \/><\/figure>\n\n\n\n<div class=\"wp-block-buttons has-custom-font-size has-small-font-size is-content-justification-center is-layout-flex wp-container-core-buttons-is-layout-16018d1d wp-block-buttons-is-layout-flex\">\n<div class=\"wp-block-button has-custom-width wp-block-button__width-75\"><a class=\"wp-block-button__link has-background has-small-font-size has-custom-font-size wp-element-button\" href=\"https:\/\/www.yishengpack.com\/de\/custom-product-boxes-types\/\" style=\"background:linear-gradient(135deg,rgb(254,205,165) 0%,rgb(254,45,45) 0%,rgb(94,15,15) 0%,rgb(94,15,15) 100%)\" target=\"_blank\" rel=\"noreferrer noopener\"><strong>Benutzerdefinierte Box-Typen erkunden<\/strong><\/a><\/div>\n<\/div>\n<\/div>\n<\/div>","protected":false},"excerpt":{"rendered":"<p>Willkommen zum Kauf unserer magnetischen Hartschalen im Gro\u00dfhandel, die sich durch ein stabiles, raffiniertes Design, zarte Foliendrucke und lebensmittelechtes Papiermaterial mit sicherer Innenseite auszeichnen. Sie vereinen anspruchsvolle \u00c4sthetik mit zuverl\u00e4ssigem Schutz f\u00fcr Ihre Leckereien, ideal f\u00fcr die Verpackung von hochwertigen gef\u00fcllten Datteln, sortierten Pralinen oder Gourmet-Geschenksets. Stabile Produktionskapazit\u00e4t und konstante Qualit\u00e4tskontrolle f\u00fcr gro\u00dfvolumige B2B-Auftr\u00e4ge.<\/p>\n<h2>Highlights von Luxus Magnetic Rigid Boxen Gro\u00dfhandel<\/h2>\n<ul>\n<li>Personalisierte Anpassung<\/li>\n<li>Staubgesch\u00fctzter Deckel<\/li>\n<li>\u00d6kologisch wiederverwertbare Pappe<\/li>\n<li>Exquisite Handwerkskunst<\/li>\n<li>Mehrere Box-Typen<\/li>\n<li>Optionen f\u00fcr kleine und gro\u00dfe Gr\u00f6\u00dfen<\/li>\n<li>Kundenspezifischer Farbservice<\/li>\n<li>Leichte und robuste Konstruktion<\/li>\n<\/ul>","protected":false},"featured_media":3478,"comment_status":"closed","ping_status":"closed","template":"","meta":{"_acf_changed":false},"box-type":[54,57],"product_brand":[],"product_cat":[19,41,68],"product_tag":[],"class_list":{"0":"post-3477","1":"product","2":"type-product","3":"status-publish","4":"has-post-thumbnail","6":"box-type-custom-magnetic-closure-boxes","7":"box-type-custom-rigid-box-with-lid","8":"product_cat-luxury-gift-boxes-wholesale","9":"product_cat-candy-gift-boxes-wholesale","10":"product_cat-custom-dates-box","12":"first","13":"instock","14":"shipping-taxable","15":"product-type-simple"},"acf":[],"_links":{"self":[{"href":"https:\/\/www.yishengpack.com\/de\/wp-json\/wp\/v2\/product\/3477","targetHints":{"allow":["GET"]}}],"collection":[{"href":"https:\/\/www.yishengpack.com\/de\/wp-json\/wp\/v2\/product"}],"about":[{"href":"https:\/\/www.yishengpack.com\/de\/wp-json\/wp\/v2\/types\/product"}],"replies":[{"embeddable":true,"href":"https:\/\/www.yishengpack.com\/de\/wp-json\/wp\/v2\/comments?post=3477"}],"wp:featuredmedia":[{"embeddable":true,"href":"https:\/\/www.yishengpack.com\/de\/wp-json\/wp\/v2\/media\/3478"}],"wp:attachment":[{"href":"https:\/\/www.yishengpack.com\/de\/wp-json\/wp\/v2\/media?parent=3477"}],"wp:term":[{"taxonomy":"box-type","embeddable":true,"href":"https:\/\/www.yishengpack.com\/de\/wp-json\/wp\/v2\/box-type?post=3477"},{"taxonomy":"product_brand","embeddable":true,"href":"https:\/\/www.yishengpack.com\/de\/wp-json\/wp\/v2\/product_brand?post=3477"},{"taxonomy":"product_cat","embeddable":true,"href":"https:\/\/www.yishengpack.com\/de\/wp-json\/wp\/v2\/product_cat?post=3477"},{"taxonomy":"product_tag","embeddable":true,"href":"https:\/\/www.yishengpack.com\/de\/wp-json\/wp\/v2\/product_tag?post=3477"}],"curies":[{"name":"wp","href":"https:\/\/api.w.org\/{rel}","templated":true}]}}