{"id":3469,"date":"2026-02-04T10:28:51","date_gmt":"2026-02-04T10:28:51","guid":{"rendered":"https:\/\/www.yishengpack.com\/?post_type=product&#038;p=3469"},"modified":"2026-02-04T10:28:52","modified_gmt":"2026-02-04T10:28:52","slug":"wholesale-stuffed-dates-gift-boxes","status":"publish","type":"product","link":"https:\/\/www.yishengpack.com\/de\/produkt\/wholesale-stuffed-dates-gift-boxes\/","title":{"rendered":"Gro\u00dfhandel gef\u00fcllte Daten Geschenk-Boxen, benutzerdefinierte Logo-Deckel und Boden-Boxen"},"content":{"rendered":"<div class=\"wp-block-columns is-layout-flex wp-container-core-columns-is-layout-9d6595d7 wp-block-columns-is-layout-flex\">\n<div class=\"wp-block-column is-layout-flow wp-block-column-is-layout-flow\">\n<h3 class=\"wp-block-heading\">Merkmale der Gro\u00dfhandel gef\u00fcllte Termine Geschenk-Boxen<\/h3>\n\n\n\n<p><strong>Luxuri\u00f6se Goldfolienverzierung: <\/strong>Diese gef\u00fcllten Dattel-Geschenkboxen aus dem Gro\u00dfhandel zeichnen sich durch eine aufwendige Goldfolienpr\u00e4gung, botanische Muster und die Platzierung eines pers\u00f6nlichen Logos aus und schaffen so eine hochwertige, feierliche Pr\u00e4sentation, die ideal f\u00fcr Datteln und Gourmet-Leckereien ist.<\/p>\n\n\n\n<p><strong>Platzsparende flache Lagerung:<\/strong> Diese Gro\u00dfhandel gef\u00fcllten Datteln Geschenk-Boxen sind f\u00fcr den Versand und die Lagerung abgeflacht, um die Logistikkosten zu minimieren. Die starre Pappkonstruktion sorgt daf\u00fcr, dass sie im Transit halten.<\/p>\n\n\n\n<p><strong>Flexible Gr\u00f6\u00dfen und Innenschalen-Konfigurationen:<\/strong> Die kundenspezifischen Deckel- und Bodenabmessungen sind f\u00fcr verschiedene Mengen und Layouts von gef\u00fcllten Datteln erh\u00e4ltlich, einschlie\u00dflich einlagiger oder mehrteiliger Designs, um Produktbewegungen zu verhindern.<\/p>\n\n\n\n<p><strong>Vollst\u00e4ndig anpassbare Branding-Optionen:<\/strong> Diese mit Datteln gef\u00fcllten Geschenkschachteln f\u00fcr den Gro\u00dfhandel sind in Bezug auf Abmessungen, Aufteilung und Oberfl\u00e4chenbeschaffenheit vollst\u00e4ndig anpassbar. Mit diesen Schachteln k\u00f6nnen Marken die Verpackung an ihre \u00e4sthetische Identit\u00e4t f\u00fcr Feiertage, Hochzeiten oder Firmengeschenke anpassen.<\/p>\n\n\n\n<p><strong>Ideal f\u00fcr Gro\u00dfhandel und OEM-Bestellungen: <\/strong>Unsere Gro\u00dfhandel gef\u00fcllte Datteln Geschenk-Boxen k\u00f6nnen die Fabrik-direkten Preis bieten, ist die moq niedrig f\u00fcr die Anpassung, und wir k\u00f6nnen die Qualit\u00e4t f\u00fcr die Massenproduktion f\u00fcr B2B-Gesch\u00e4ft garantieren.<\/p>\n<\/div>\n\n\n\n<div class=\"wp-block-column is-layout-flow wp-block-column-is-layout-flow\">\n<figure class=\"wp-block-image size-full\"><img decoding=\"async\" width=\"2048\" height=\"2048\" src=\"https:\/\/www.yishengpack.com\/wp-content\/uploads\/2026\/01\/Wholesale-Premium-Lid-and-Base-Dates-Packaging-Boxes-Custom-Luxury-Gift-Boxes-with-Logo-Design-2.webp\" alt=\"gro\u00dfhandel-gef\u00fcllte-daten-geschenk-boxen-individuelle-deckel-und-basis-box-2\" class=\"wp-image-3471\" srcset=\"https:\/\/www.yishengpack.com\/wp-content\/uploads\/2026\/01\/Wholesale-Premium-Lid-and-Base-Dates-Packaging-Boxes-Custom-Luxury-Gift-Boxes-with-Logo-Design-2.webp 2048w, https:\/\/www.yishengpack.com\/wp-content\/uploads\/2026\/01\/Wholesale-Premium-Lid-and-Base-Dates-Packaging-Boxes-Custom-Luxury-Gift-Boxes-with-Logo-Design-2-300x300.webp 300w, https:\/\/www.yishengpack.com\/wp-content\/uploads\/2026\/01\/Wholesale-Premium-Lid-and-Base-Dates-Packaging-Boxes-Custom-Luxury-Gift-Boxes-with-Logo-Design-2-150x150.webp 150w, https:\/\/www.yishengpack.com\/wp-content\/uploads\/2026\/01\/Wholesale-Premium-Lid-and-Base-Dates-Packaging-Boxes-Custom-Luxury-Gift-Boxes-with-Logo-Design-2-768x768.webp 768w, https:\/\/www.yishengpack.com\/wp-content\/uploads\/2026\/01\/Wholesale-Premium-Lid-and-Base-Dates-Packaging-Boxes-Custom-Luxury-Gift-Boxes-with-Logo-Design-2-12x12.webp 12w, https:\/\/www.yishengpack.com\/wp-content\/uploads\/2026\/01\/Wholesale-Premium-Lid-and-Base-Dates-Packaging-Boxes-Custom-Luxury-Gift-Boxes-with-Logo-Design-2-1200x1200.webp 1200w, https:\/\/www.yishengpack.com\/wp-content\/uploads\/2026\/01\/Wholesale-Premium-Lid-and-Base-Dates-Packaging-Boxes-Custom-Luxury-Gift-Boxes-with-Logo-Design-2-600x600.webp 600w, https:\/\/www.yishengpack.com\/wp-content\/uploads\/2026\/01\/Wholesale-Premium-Lid-and-Base-Dates-Packaging-Boxes-Custom-Luxury-Gift-Boxes-with-Logo-Design-2-100x100.webp 100w\" sizes=\"(max-width: 2048px) 100vw, 2048px\" \/><\/figure>\n<\/div>\n<\/div>\n\n\n\n<div class=\"wp-block-columns is-layout-flex wp-container-core-columns-is-layout-9d6595d7 wp-block-columns-is-layout-flex\">\n<div class=\"wp-block-column is-layout-flow wp-block-column-is-layout-flow\">\n<figure class=\"wp-block-image size-full\"><img decoding=\"async\" width=\"2048\" height=\"2048\" src=\"https:\/\/www.yishengpack.com\/wp-content\/uploads\/2026\/01\/Wholesale-Premium-Lid-and-Base-Dates-Packaging-Boxes-Custom-Luxury-Gift-Boxes-with-Logo-Design-4.webp\" alt=\"gro\u00dfhandel-gef\u00fcllte-daten-geschenk-boxen-individuelle-deckel-und-basis-box-4\" class=\"wp-image-3473\" srcset=\"https:\/\/www.yishengpack.com\/wp-content\/uploads\/2026\/01\/Wholesale-Premium-Lid-and-Base-Dates-Packaging-Boxes-Custom-Luxury-Gift-Boxes-with-Logo-Design-4.webp 2048w, https:\/\/www.yishengpack.com\/wp-content\/uploads\/2026\/01\/Wholesale-Premium-Lid-and-Base-Dates-Packaging-Boxes-Custom-Luxury-Gift-Boxes-with-Logo-Design-4-300x300.webp 300w, https:\/\/www.yishengpack.com\/wp-content\/uploads\/2026\/01\/Wholesale-Premium-Lid-and-Base-Dates-Packaging-Boxes-Custom-Luxury-Gift-Boxes-with-Logo-Design-4-150x150.webp 150w, https:\/\/www.yishengpack.com\/wp-content\/uploads\/2026\/01\/Wholesale-Premium-Lid-and-Base-Dates-Packaging-Boxes-Custom-Luxury-Gift-Boxes-with-Logo-Design-4-768x768.webp 768w, https:\/\/www.yishengpack.com\/wp-content\/uploads\/2026\/01\/Wholesale-Premium-Lid-and-Base-Dates-Packaging-Boxes-Custom-Luxury-Gift-Boxes-with-Logo-Design-4-12x12.webp 12w, https:\/\/www.yishengpack.com\/wp-content\/uploads\/2026\/01\/Wholesale-Premium-Lid-and-Base-Dates-Packaging-Boxes-Custom-Luxury-Gift-Boxes-with-Logo-Design-4-1200x1200.webp 1200w, https:\/\/www.yishengpack.com\/wp-content\/uploads\/2026\/01\/Wholesale-Premium-Lid-and-Base-Dates-Packaging-Boxes-Custom-Luxury-Gift-Boxes-with-Logo-Design-4-600x600.webp 600w, https:\/\/www.yishengpack.com\/wp-content\/uploads\/2026\/01\/Wholesale-Premium-Lid-and-Base-Dates-Packaging-Boxes-Custom-Luxury-Gift-Boxes-with-Logo-Design-4-100x100.webp 100w\" sizes=\"(max-width: 2048px) 100vw, 2048px\" \/><\/figure>\n\n\n\n<div class=\"wp-block-buttons has-custom-font-size has-small-font-size is-content-justification-center is-layout-flex wp-container-core-buttons-is-layout-16018d1d wp-block-buttons-is-layout-flex\">\n<div class=\"wp-block-button has-custom-width wp-block-button__width-75\"><a class=\"wp-block-button__link has-background has-small-font-size has-custom-font-size wp-element-button\" href=\"https:\/\/www.yishengpack.com\/de\/custom-printed-box\/\" style=\"background:linear-gradient(135deg,rgb(254,205,165) 0%,rgb(254,45,45) 0%,rgb(94,15,15) 0%,rgb(94,15,15) 100%)\" target=\"_blank\" rel=\"noreferrer noopener\"><strong>Entdecken Sie individuell bedruckte Boxen<\/strong><\/a><\/div>\n<\/div>\n<\/div>\n\n\n\n<div class=\"wp-block-column is-layout-flow wp-block-column-is-layout-flow\">\n<figure class=\"wp-block-image size-full\"><img decoding=\"async\" width=\"2048\" height=\"2048\" src=\"https:\/\/www.yishengpack.com\/wp-content\/uploads\/2026\/01\/Wholesale-Premium-Lid-and-Base-Dates-Packaging-Boxes-Custom-Luxury-Gift-Boxes-with-Logo-Design-3.webp\" alt=\"gro\u00dfhandel-gef\u00fcllte-daten-geschenk-boxen-individuelle-deckel-und-basis-box-3\" class=\"wp-image-3472\" srcset=\"https:\/\/www.yishengpack.com\/wp-content\/uploads\/2026\/01\/Wholesale-Premium-Lid-and-Base-Dates-Packaging-Boxes-Custom-Luxury-Gift-Boxes-with-Logo-Design-3.webp 2048w, https:\/\/www.yishengpack.com\/wp-content\/uploads\/2026\/01\/Wholesale-Premium-Lid-and-Base-Dates-Packaging-Boxes-Custom-Luxury-Gift-Boxes-with-Logo-Design-3-300x300.webp 300w, https:\/\/www.yishengpack.com\/wp-content\/uploads\/2026\/01\/Wholesale-Premium-Lid-and-Base-Dates-Packaging-Boxes-Custom-Luxury-Gift-Boxes-with-Logo-Design-3-150x150.webp 150w, https:\/\/www.yishengpack.com\/wp-content\/uploads\/2026\/01\/Wholesale-Premium-Lid-and-Base-Dates-Packaging-Boxes-Custom-Luxury-Gift-Boxes-with-Logo-Design-3-768x768.webp 768w, https:\/\/www.yishengpack.com\/wp-content\/uploads\/2026\/01\/Wholesale-Premium-Lid-and-Base-Dates-Packaging-Boxes-Custom-Luxury-Gift-Boxes-with-Logo-Design-3-12x12.webp 12w, https:\/\/www.yishengpack.com\/wp-content\/uploads\/2026\/01\/Wholesale-Premium-Lid-and-Base-Dates-Packaging-Boxes-Custom-Luxury-Gift-Boxes-with-Logo-Design-3-1200x1200.webp 1200w, https:\/\/www.yishengpack.com\/wp-content\/uploads\/2026\/01\/Wholesale-Premium-Lid-and-Base-Dates-Packaging-Boxes-Custom-Luxury-Gift-Boxes-with-Logo-Design-3-600x600.webp 600w, https:\/\/www.yishengpack.com\/wp-content\/uploads\/2026\/01\/Wholesale-Premium-Lid-and-Base-Dates-Packaging-Boxes-Custom-Luxury-Gift-Boxes-with-Logo-Design-3-100x100.webp 100w\" sizes=\"(max-width: 2048px) 100vw, 2048px\" \/><\/figure>\n\n\n\n<div class=\"wp-block-buttons has-custom-font-size has-small-font-size is-content-justification-center is-layout-flex wp-container-core-buttons-is-layout-16018d1d wp-block-buttons-is-layout-flex\">\n<div class=\"wp-block-button has-custom-width wp-block-button__width-75\"><a class=\"wp-block-button__link has-background has-small-font-size has-custom-font-size wp-element-button\" href=\"https:\/\/www.yishengpack.com\/de\/custom-box-inserts-accessories\/\" style=\"background:linear-gradient(135deg,rgb(254,205,165) 0%,rgb(254,45,45) 0%,rgb(94,15,15) 0%,rgb(94,15,15) 100%)\" target=\"_blank\" rel=\"noreferrer noopener\"><strong>Custom Box Inserts erforschen<\/strong><\/a><\/div>\n<\/div>\n<\/div>\n<\/div>","protected":false},"excerpt":{"rendered":"<p>Willkommen in unserem Gro\u00dfhandel gef\u00fcllte Datteln Geschenkbox mit benutzerdefinierten Deckel und Boden Design zu kaufen, bietet Premium-Verpackung f\u00fcr Ramadan Geschenke, Eid Verpackung, Corporate Gifting, und High-End-Schokolade Datum Marken. Vollst\u00e4ndig anpassbar mit Logodruck, Gr\u00f6\u00dfen, Oberfl\u00e4chen und lebensmittelechten Eins\u00e4tzen, ideal f\u00fcr Gro\u00dfhandel, OEM und Private Label Verpackungsl\u00f6sungen.<\/p>\n<h2>Highlights des Gro\u00dfhandels gef\u00fcllte Termine Geschenk-Boxen<\/h2>\n<ul>\n<li>Hochwertige Anpassung<\/li>\n<li>Benutzerdefinierte Einsatzformen<\/li>\n<li>Umweltfreundliche, wiederverwertbare Materialien<\/li>\n<li>Rich-Druckverfahren<\/li>\n<li>Sorgf\u00e4ltige Handwerkskunst<\/li>\n<li>Mehrere Box-Typen<\/li>\n<li>Verschiedene Farboptionen<\/li>\n<li>Verst\u00e4rkte starre Konstruktion<\/li>\n<\/ul>\n<p>&nbsp;<\/p>","protected":false},"featured_media":3470,"comment_status":"closed","ping_status":"closed","template":"","meta":{"_acf_changed":false},"box-type":[55,57,61],"product_brand":[],"product_cat":[46,19,41,68,33,44],"product_tag":[],"class_list":{"0":"post-3469","1":"product","2":"type-product","3":"status-publish","4":"has-post-thumbnail","6":"box-type-custom-foldable-boxes","7":"box-type-custom-rigid-box-with-lid","8":"box-type-custom-two-piece-boxes","9":"product_cat-wholesale-paper-boxes","10":"product_cat-luxury-gift-boxes-wholesale","11":"product_cat-candy-gift-boxes-wholesale","12":"product_cat-custom-dates-box","13":"product_cat-food-packaging-boxes-wholesale","14":"product_cat-custom-snack-box","16":"first","17":"instock","18":"shipping-taxable","19":"product-type-simple"},"acf":[],"_links":{"self":[{"href":"https:\/\/www.yishengpack.com\/de\/wp-json\/wp\/v2\/product\/3469","targetHints":{"allow":["GET"]}}],"collection":[{"href":"https:\/\/www.yishengpack.com\/de\/wp-json\/wp\/v2\/product"}],"about":[{"href":"https:\/\/www.yishengpack.com\/de\/wp-json\/wp\/v2\/types\/product"}],"replies":[{"embeddable":true,"href":"https:\/\/www.yishengpack.com\/de\/wp-json\/wp\/v2\/comments?post=3469"}],"wp:featuredmedia":[{"embeddable":true,"href":"https:\/\/www.yishengpack.com\/de\/wp-json\/wp\/v2\/media\/3470"}],"wp:attachment":[{"href":"https:\/\/www.yishengpack.com\/de\/wp-json\/wp\/v2\/media?parent=3469"}],"wp:term":[{"taxonomy":"box-type","embeddable":true,"href":"https:\/\/www.yishengpack.com\/de\/wp-json\/wp\/v2\/box-type?post=3469"},{"taxonomy":"product_brand","embeddable":true,"href":"https:\/\/www.yishengpack.com\/de\/wp-json\/wp\/v2\/product_brand?post=3469"},{"taxonomy":"product_cat","embeddable":true,"href":"https:\/\/www.yishengpack.com\/de\/wp-json\/wp\/v2\/product_cat?post=3469"},{"taxonomy":"product_tag","embeddable":true,"href":"https:\/\/www.yishengpack.com\/de\/wp-json\/wp\/v2\/product_tag?post=3469"}],"curies":[{"name":"wp","href":"https:\/\/api.w.org\/{rel}","templated":true}]}}