{"id":3461,"date":"2026-02-04T09:54:11","date_gmt":"2026-02-04T09:54:11","guid":{"rendered":"https:\/\/www.yishengpack.com\/?post_type=product&#038;p=3461"},"modified":"2026-02-04T09:54:13","modified_gmt":"2026-02-04T09:54:13","slug":"custom-magnetic-rigid-boxes","status":"publish","type":"product","link":"https:\/\/www.yishengpack.com\/de\/produkt\/custom-magnetic-rigid-boxes\/","title":{"rendered":"Magnetische Hartschalen mit Einsatz, Geschenkboxen mit Daten"},"content":{"rendered":"<div class=\"wp-block-columns is-layout-flex wp-container-core-columns-is-layout-9d6595d7 wp-block-columns-is-layout-flex\">\n<div class=\"wp-block-column is-layout-flow wp-block-column-is-layout-flow\">\n<h3 class=\"wp-block-heading\">Merkmale der kundenspezifischen magnetischen Hartschalenboxen<\/h3>\n\n\n\n<p><strong>Magnetischer Verschluss:<\/strong> Diese individuell gestalteten magnetischen Hartschalen verf\u00fcgen \u00fcber einen versteckten Magnetverschluss, der f\u00fcr einen reibungslosen, sicheren Verschluss sorgt und ein raffiniertes, gehobenes Auspackerlebnis f\u00fcr Datteln, Pralinen und Gourmet-Snacks bietet.<\/p>\n\n\n\n<p><strong>Anordnung der Schutzabteile:<\/strong> Diese kundenspezifischen magnetischen Boxen sind mit lebensmittelechten Trennw\u00e4nden aus Papier oder Schaumstoff ausgestattet. Die Boxen halten einzelne Datteln oder verschiedene Leckereien getrennt und stabilisiert, verhindern ein Verrutschen und stellen sicher, dass jeder Artikel unversehrt ankommt.<\/p>\n\n\n\n<p><strong>Passende Geschenktaschen-Sets: <\/strong>Diese kundenspezifischen magnetischen Boxen sind mit koordinierten Papiert\u00fcten erh\u00e4ltlich (wie im salbeigr\u00fcnen Design). Die Boxen bilden ausgefeilte, verschenkfertige B\u00fcndel, die die Pr\u00e4sentation f\u00fcr Feiertage, Ramadan oder Firmengeschenke aufwerten.<\/p>\n\n\n\n<p><strong>Hochwertige zweifarbige \u00c4sthetik<\/strong>: Unsere Gro\u00dfhandelsdatums-Geschenkbox bietet raffinierte Farbkombinationen (Salbeigr\u00fcn + Gold, mattes Grau + warmes Beige, Creme + metallische Akzente) mit taktilen Oberfl\u00e4chen wie matter Laminierung, die das Luxusgef\u00fchl verst\u00e4rken.<\/p>\n\n\n\n<p><strong>Verschlei\u00dffeste Oberfl\u00e4chenbehandlung: <\/strong>Diese kundenspezifischen starren Magnetboxen bieten optional eine matte Folie, eine kratzfeste Folie und eine Anti-Fingerabdruck-Beschichtung, die f\u00fcr hochfrequente Kontaktszenarien im Einzelhandel geeignet sind und die Sauberkeit der Regalauslagen und das Markenimage gew\u00e4hrleisten.<\/p>\n\n\n\n<p><strong>Vollst\u00e4ndig anpassungsf\u00e4hige Individualisierung:<\/strong> Unsere Gro\u00dfhandels-Geschenkbox f\u00fcr Datteln ist vollst\u00e4ndig anpassbar in Bezug auf Abmessungen, Unterteilungskonfigurationen und Oberfl\u00e4chen-Branding; die Boxen passen sich an verschiedene Geschenkartikel an (von Datteln bis hin zu Pralinen) und passen sich an einzigartige Markenidentit\u00e4ten an.<\/p>\n<\/div>\n\n\n\n<div class=\"wp-block-column is-layout-flow wp-block-column-is-layout-flow\">\n<figure class=\"wp-block-image size-full\"><img decoding=\"async\" width=\"2048\" height=\"2048\" src=\"https:\/\/www.yishengpack.com\/wp-content\/uploads\/2026\/01\/Custom-Luxury-Gift-Boxes-with-Inserts-Wholesale-Rigid-Magnetic-Dates-Chocolate-Boxes-Packaging-2.webp\" alt=\"kundenspezifische-magnetische-rigide-boxen-mit-einem-einsetzbaren-datum-geschenk-box-2\" class=\"wp-image-3463\" srcset=\"https:\/\/www.yishengpack.com\/wp-content\/uploads\/2026\/01\/Custom-Luxury-Gift-Boxes-with-Inserts-Wholesale-Rigid-Magnetic-Dates-Chocolate-Boxes-Packaging-2.webp 2048w, https:\/\/www.yishengpack.com\/wp-content\/uploads\/2026\/01\/Custom-Luxury-Gift-Boxes-with-Inserts-Wholesale-Rigid-Magnetic-Dates-Chocolate-Boxes-Packaging-2-300x300.webp 300w, https:\/\/www.yishengpack.com\/wp-content\/uploads\/2026\/01\/Custom-Luxury-Gift-Boxes-with-Inserts-Wholesale-Rigid-Magnetic-Dates-Chocolate-Boxes-Packaging-2-150x150.webp 150w, https:\/\/www.yishengpack.com\/wp-content\/uploads\/2026\/01\/Custom-Luxury-Gift-Boxes-with-Inserts-Wholesale-Rigid-Magnetic-Dates-Chocolate-Boxes-Packaging-2-768x768.webp 768w, https:\/\/www.yishengpack.com\/wp-content\/uploads\/2026\/01\/Custom-Luxury-Gift-Boxes-with-Inserts-Wholesale-Rigid-Magnetic-Dates-Chocolate-Boxes-Packaging-2-12x12.webp 12w, https:\/\/www.yishengpack.com\/wp-content\/uploads\/2026\/01\/Custom-Luxury-Gift-Boxes-with-Inserts-Wholesale-Rigid-Magnetic-Dates-Chocolate-Boxes-Packaging-2-1200x1200.webp 1200w, https:\/\/www.yishengpack.com\/wp-content\/uploads\/2026\/01\/Custom-Luxury-Gift-Boxes-with-Inserts-Wholesale-Rigid-Magnetic-Dates-Chocolate-Boxes-Packaging-2-600x600.webp 600w, https:\/\/www.yishengpack.com\/wp-content\/uploads\/2026\/01\/Custom-Luxury-Gift-Boxes-with-Inserts-Wholesale-Rigid-Magnetic-Dates-Chocolate-Boxes-Packaging-2-100x100.webp 100w\" sizes=\"(max-width: 2048px) 100vw, 2048px\" \/><\/figure>\n<\/div>\n<\/div>\n\n\n\n<div class=\"wp-block-columns is-layout-flex wp-container-core-columns-is-layout-9d6595d7 wp-block-columns-is-layout-flex\">\n<div class=\"wp-block-column is-layout-flow wp-block-column-is-layout-flow\">\n<figure class=\"wp-block-image size-full\"><img decoding=\"async\" width=\"2048\" height=\"2048\" src=\"https:\/\/www.yishengpack.com\/wp-content\/uploads\/2026\/01\/Custom-Luxury-Gift-Boxes-with-Inserts-Wholesale-Rigid-Magnetic-Dates-Chocolate-Boxes-Packaging-5.webp\" alt=\"benutzerdefinierte-magnetische-rigid-boxen-mit-insert-daten-geschenk-box-5\" class=\"wp-image-3466\" srcset=\"https:\/\/www.yishengpack.com\/wp-content\/uploads\/2026\/01\/Custom-Luxury-Gift-Boxes-with-Inserts-Wholesale-Rigid-Magnetic-Dates-Chocolate-Boxes-Packaging-5.webp 2048w, https:\/\/www.yishengpack.com\/wp-content\/uploads\/2026\/01\/Custom-Luxury-Gift-Boxes-with-Inserts-Wholesale-Rigid-Magnetic-Dates-Chocolate-Boxes-Packaging-5-300x300.webp 300w, https:\/\/www.yishengpack.com\/wp-content\/uploads\/2026\/01\/Custom-Luxury-Gift-Boxes-with-Inserts-Wholesale-Rigid-Magnetic-Dates-Chocolate-Boxes-Packaging-5-150x150.webp 150w, https:\/\/www.yishengpack.com\/wp-content\/uploads\/2026\/01\/Custom-Luxury-Gift-Boxes-with-Inserts-Wholesale-Rigid-Magnetic-Dates-Chocolate-Boxes-Packaging-5-768x768.webp 768w, https:\/\/www.yishengpack.com\/wp-content\/uploads\/2026\/01\/Custom-Luxury-Gift-Boxes-with-Inserts-Wholesale-Rigid-Magnetic-Dates-Chocolate-Boxes-Packaging-5-12x12.webp 12w, https:\/\/www.yishengpack.com\/wp-content\/uploads\/2026\/01\/Custom-Luxury-Gift-Boxes-with-Inserts-Wholesale-Rigid-Magnetic-Dates-Chocolate-Boxes-Packaging-5-1200x1200.webp 1200w, https:\/\/www.yishengpack.com\/wp-content\/uploads\/2026\/01\/Custom-Luxury-Gift-Boxes-with-Inserts-Wholesale-Rigid-Magnetic-Dates-Chocolate-Boxes-Packaging-5-600x600.webp 600w, https:\/\/www.yishengpack.com\/wp-content\/uploads\/2026\/01\/Custom-Luxury-Gift-Boxes-with-Inserts-Wholesale-Rigid-Magnetic-Dates-Chocolate-Boxes-Packaging-5-100x100.webp 100w\" sizes=\"(max-width: 2048px) 100vw, 2048px\" \/><\/figure>\n\n\n\n<div class=\"wp-block-buttons has-custom-font-size has-small-font-size is-content-justification-center is-layout-flex wp-container-core-buttons-is-layout-16018d1d wp-block-buttons-is-layout-flex\">\n<div class=\"wp-block-button has-custom-width wp-block-button__width-75\"><a class=\"wp-block-button__link has-background has-small-font-size has-custom-font-size wp-element-button\" href=\"https:\/\/www.yishengpack.com\/de\/custom-printed-box\/\" style=\"background:linear-gradient(135deg,rgb(254,205,165) 0%,rgb(254,45,45) 0%,rgb(94,15,15) 0%,rgb(94,15,15) 100%)\" target=\"_blank\" rel=\"noreferrer noopener\"><strong>Entdecken Sie individuell bedruckte Boxen<\/strong><\/a><\/div>\n<\/div>\n<\/div>\n\n\n\n<div class=\"wp-block-column is-layout-flow wp-block-column-is-layout-flow\">\n<figure class=\"wp-block-image size-full\"><img decoding=\"async\" width=\"2048\" height=\"2048\" src=\"https:\/\/www.yishengpack.com\/wp-content\/uploads\/2026\/01\/Custom-Luxury-Gift-Boxes-with-Inserts-Wholesale-Rigid-Magnetic-Dates-Chocolate-Boxes-Packaging-6.webp\" alt=\"benutzerdefinierte-magnetische-rigid-boxen-mit-einem-einsetzbaren-datum-geschenk-box-6\" class=\"wp-image-3467\" srcset=\"https:\/\/www.yishengpack.com\/wp-content\/uploads\/2026\/01\/Custom-Luxury-Gift-Boxes-with-Inserts-Wholesale-Rigid-Magnetic-Dates-Chocolate-Boxes-Packaging-6.webp 2048w, https:\/\/www.yishengpack.com\/wp-content\/uploads\/2026\/01\/Custom-Luxury-Gift-Boxes-with-Inserts-Wholesale-Rigid-Magnetic-Dates-Chocolate-Boxes-Packaging-6-300x300.webp 300w, https:\/\/www.yishengpack.com\/wp-content\/uploads\/2026\/01\/Custom-Luxury-Gift-Boxes-with-Inserts-Wholesale-Rigid-Magnetic-Dates-Chocolate-Boxes-Packaging-6-150x150.webp 150w, https:\/\/www.yishengpack.com\/wp-content\/uploads\/2026\/01\/Custom-Luxury-Gift-Boxes-with-Inserts-Wholesale-Rigid-Magnetic-Dates-Chocolate-Boxes-Packaging-6-768x768.webp 768w, https:\/\/www.yishengpack.com\/wp-content\/uploads\/2026\/01\/Custom-Luxury-Gift-Boxes-with-Inserts-Wholesale-Rigid-Magnetic-Dates-Chocolate-Boxes-Packaging-6-12x12.webp 12w, https:\/\/www.yishengpack.com\/wp-content\/uploads\/2026\/01\/Custom-Luxury-Gift-Boxes-with-Inserts-Wholesale-Rigid-Magnetic-Dates-Chocolate-Boxes-Packaging-6-1200x1200.webp 1200w, https:\/\/www.yishengpack.com\/wp-content\/uploads\/2026\/01\/Custom-Luxury-Gift-Boxes-with-Inserts-Wholesale-Rigid-Magnetic-Dates-Chocolate-Boxes-Packaging-6-600x600.webp 600w, https:\/\/www.yishengpack.com\/wp-content\/uploads\/2026\/01\/Custom-Luxury-Gift-Boxes-with-Inserts-Wholesale-Rigid-Magnetic-Dates-Chocolate-Boxes-Packaging-6-100x100.webp 100w\" sizes=\"(max-width: 2048px) 100vw, 2048px\" \/><\/figure>\n\n\n\n<div class=\"wp-block-buttons has-custom-font-size has-small-font-size is-content-justification-center is-layout-flex wp-container-core-buttons-is-layout-16018d1d wp-block-buttons-is-layout-flex\">\n<div class=\"wp-block-button has-custom-width wp-block-button__width-75\"><a class=\"wp-block-button__link has-background has-small-font-size has-custom-font-size wp-element-button\" href=\"https:\/\/www.yishengpack.com\/de\/custom-box-inserts-accessories\/\" style=\"background:linear-gradient(135deg,rgb(254,205,165) 0%,rgb(254,45,45) 0%,rgb(94,15,15) 0%,rgb(94,15,15) 100%)\" target=\"_blank\" rel=\"noreferrer noopener\"><strong>Custom Box Inserts erforschen<\/strong><\/a><\/div>\n<\/div>\n<\/div>\n<\/div>","protected":false},"excerpt":{"rendered":"<p>Willkommen zum Kauf unserer benutzerdefinierten magnetischen starren Boxen mit Eins\u00e4tzen f\u00fcr Gro\u00dfhandel Datteln Geschenkverpackungen entwickelt. Diese luxuri\u00f6sen Dattelgeschenkboxen aus strapazierf\u00e4higer Hartpappe mit hochwertigem Magnetverschluss unterst\u00fctzen die vollst\u00e4ndige OEM\/ODM-Anpassung, einschlie\u00dflich Gr\u00f6\u00dfe, Eins\u00e4tze und Logodruck. Sie sind ideal f\u00fcr Dattelmarken, Importeure und Verpackungsgro\u00dfh\u00e4ndler, die nach hochwertigen Geschenkverpackungsl\u00f6sungen f\u00fcr den Gro\u00dfhandel suchen.<\/p>\n<h2>Highlights der kundenspezifischen magnetischen Hartschalen<\/h2>\n<ul>\n<li>Glatter magnetischer Deckelverschluss<\/li>\n<li>Hochwertige Individualisierung<\/li>\n<li>Multi-Compartment-Layouts<\/li>\n<li>\u00d6kologisch wiederverwertbare Pappe<\/li>\n<li>Individuelles thematisches Druckdesign<\/li>\n<li>Mehrere Boxgr\u00f6\u00dfen<\/li>\n<li>Individuelle Farbanpassung<\/li>\n<li>Leichter Luxusbau<\/li>\n<\/ul>\n<p>&nbsp;<\/p>\n<p>&nbsp;<\/p>","protected":false},"featured_media":3462,"comment_status":"closed","ping_status":"closed","template":"","meta":{"_acf_changed":false},"box-type":[54,57],"product_brand":[],"product_cat":[19,41,68],"product_tag":[],"class_list":{"0":"post-3461","1":"product","2":"type-product","3":"status-publish","4":"has-post-thumbnail","6":"box-type-custom-magnetic-closure-boxes","7":"box-type-custom-rigid-box-with-lid","8":"product_cat-luxury-gift-boxes-wholesale","9":"product_cat-candy-gift-boxes-wholesale","10":"product_cat-custom-dates-box","12":"first","13":"instock","14":"shipping-taxable","15":"product-type-simple"},"acf":[],"_links":{"self":[{"href":"https:\/\/www.yishengpack.com\/de\/wp-json\/wp\/v2\/product\/3461","targetHints":{"allow":["GET"]}}],"collection":[{"href":"https:\/\/www.yishengpack.com\/de\/wp-json\/wp\/v2\/product"}],"about":[{"href":"https:\/\/www.yishengpack.com\/de\/wp-json\/wp\/v2\/types\/product"}],"replies":[{"embeddable":true,"href":"https:\/\/www.yishengpack.com\/de\/wp-json\/wp\/v2\/comments?post=3461"}],"wp:featuredmedia":[{"embeddable":true,"href":"https:\/\/www.yishengpack.com\/de\/wp-json\/wp\/v2\/media\/3462"}],"wp:attachment":[{"href":"https:\/\/www.yishengpack.com\/de\/wp-json\/wp\/v2\/media?parent=3461"}],"wp:term":[{"taxonomy":"box-type","embeddable":true,"href":"https:\/\/www.yishengpack.com\/de\/wp-json\/wp\/v2\/box-type?post=3461"},{"taxonomy":"product_brand","embeddable":true,"href":"https:\/\/www.yishengpack.com\/de\/wp-json\/wp\/v2\/product_brand?post=3461"},{"taxonomy":"product_cat","embeddable":true,"href":"https:\/\/www.yishengpack.com\/de\/wp-json\/wp\/v2\/product_cat?post=3461"},{"taxonomy":"product_tag","embeddable":true,"href":"https:\/\/www.yishengpack.com\/de\/wp-json\/wp\/v2\/product_tag?post=3461"}],"curies":[{"name":"wp","href":"https:\/\/api.w.org\/{rel}","templated":true}]}}