{"id":3427,"date":"2026-01-26T02:36:22","date_gmt":"2026-01-26T02:36:22","guid":{"rendered":"https:\/\/www.yishengpack.com\/?post_type=product&#038;p=3427"},"modified":"2026-01-26T03:09:27","modified_gmt":"2026-01-26T03:09:27","slug":"chocolate-dates-gift-boxes-bulk","status":"publish","type":"product","link":"https:\/\/www.yishengpack.com\/de\/produkt\/chocolate-dates-gift-boxes-bulk\/","title":{"rendered":"Magnetische Schokolade Datteln Geschenk-Boxen Bulk, Custom Rigid Box"},"content":{"rendered":"<div class=\"wp-block-columns is-layout-flex wp-container-core-columns-is-layout-9d6595d7 wp-block-columns-is-layout-flex\">\n<div class=\"wp-block-column is-layout-flow wp-block-column-is-layout-flow\">\n<h3 class=\"wp-block-heading\">Eigenschaften von Magnetic Chocolate Dates Gift Boxes Bulk<\/h3>\n\n\n\n<p><strong>Hochwertige magnetische Struktur:<\/strong> Diese Schokoladen-Dattel-Geschenkboxen sind mit einem verdeckten magnetischen Flip-Top-Design ausgestattet, das ein reibungsloses, stabiles und dauerhaftes \u00d6ffnen und Schlie\u00dfen erm\u00f6glicht. Geeignet f\u00fcr Urlaub, Werbegeschenke und den gehobenen Einzelhandel.<\/p>\n\n\n\n<p><strong>Verdickter, stabiler Karton: <\/strong>Diese magnetischen Schokoladen-Dattel-Geschenkboxen werden aus sorgf\u00e4ltig ausgew\u00e4hltem, hochfestem Graukarton mit einem Laminierungsverfahren hergestellt. Die robuste Struktur ist resistent gegen Verformung und sch\u00fctzt die Schokolade und Datteln w\u00e4hrend des Transports, der Auslage und der Lagerung effektiv und reduziert die Risiken nach dem Verkauf.<\/p>\n\n\n\n<p><strong>Individueller Druck im Vollprozess:<\/strong> Diese kundenspezifischen Kartonschachteln verf\u00fcgen \u00fcber hochwertige Metallic-Oberfl\u00e4chen und verschiedene Oberfl\u00e4chenbehandlungen wie Hei\u00dfpr\u00e4gung, Silberpr\u00e4gung, UV-Beschichtung, Pr\u00e4gung und Entpr\u00e4gung und erf\u00fcllen die individuellen Anforderungen von hochwertigen Schokoladenmarken, Datumsgeschenkschachteln und des Marktes im Nahen Osten.<\/p>\n\n\n\n<p><strong>Pr\u00e4zisionsgeschnittene Ablagef\u00e4cher:<\/strong> Diese magnetischen Schokoladen-Dattel-Geschenkboxen sind mit individuellen Trennw\u00e4nden aus Papier ausgestattet, die die einzelnen Leckereien (wie Pralinen oder gef\u00fcllte Datteln) getrennt und sicher an ihrem Platz halten, so dass sie nicht verrutschen und jedes St\u00fcck sch\u00f6n zur Geltung kommt.<\/p>\n\n\n\n<p><strong>Gro\u00dfhandel Direktversorgung:<\/strong> Werksdirekte magnetische Schokoladendattel-Geschenkboxen in gro\u00dfen Mengen, stabile Preise, kontrollierbare Lieferzeiten, geeignet f\u00fcr Gro\u00dfeink\u00e4ufe, festliche Geschenkboxprojekte und langfristige Markenzusammenarbeit. OEM\/ODM-Dienstleistungen werden unterst\u00fctzt, ideal f\u00fcr Markeninhaber und H\u00e4ndler, die gro\u00dfe Eink\u00e4ufe machen.<\/p>\n\n\n\n<p><strong>Multi-Szenario-Anwendbarkeit:<\/strong> Diese benutzerdefinierten starren Pappschachteln bieten eine breite Marktabdeckung und eignen sich f\u00fcr Schokoladengeschenkverpackungen, hochwertige Dattelgeschenkschachteln, Ramadan-\/Fest-\/Weihnachts-\/Neujahrsgeschenkschachteln und kundenspezifische Geschenkverpackungen f\u00fcr Unternehmen.<\/p>\n<\/div>\n\n\n\n<div class=\"wp-block-column is-layout-flow wp-block-column-is-layout-flow\">\n<figure class=\"wp-block-image size-full\"><img decoding=\"async\" width=\"2048\" height=\"2048\" src=\"https:\/\/www.yishengpack.com\/wp-content\/uploads\/2026\/01\/Premium-Custom-Luxury-Gift-Boxes-Rigid-Magnetic-Dates-Chocolate-Packaging-Boxes-Wholesale-2.webp\" alt=\"magnetische-schokoladen-daten-geschenk-boxen-massgeschneiderte-rigid-box-2\" class=\"wp-image-3429\" srcset=\"https:\/\/www.yishengpack.com\/wp-content\/uploads\/2026\/01\/Premium-Custom-Luxury-Gift-Boxes-Rigid-Magnetic-Dates-Chocolate-Packaging-Boxes-Wholesale-2.webp 2048w, https:\/\/www.yishengpack.com\/wp-content\/uploads\/2026\/01\/Premium-Custom-Luxury-Gift-Boxes-Rigid-Magnetic-Dates-Chocolate-Packaging-Boxes-Wholesale-2-300x300.webp 300w, https:\/\/www.yishengpack.com\/wp-content\/uploads\/2026\/01\/Premium-Custom-Luxury-Gift-Boxes-Rigid-Magnetic-Dates-Chocolate-Packaging-Boxes-Wholesale-2-150x150.webp 150w, https:\/\/www.yishengpack.com\/wp-content\/uploads\/2026\/01\/Premium-Custom-Luxury-Gift-Boxes-Rigid-Magnetic-Dates-Chocolate-Packaging-Boxes-Wholesale-2-768x768.webp 768w, https:\/\/www.yishengpack.com\/wp-content\/uploads\/2026\/01\/Premium-Custom-Luxury-Gift-Boxes-Rigid-Magnetic-Dates-Chocolate-Packaging-Boxes-Wholesale-2-12x12.webp 12w, https:\/\/www.yishengpack.com\/wp-content\/uploads\/2026\/01\/Premium-Custom-Luxury-Gift-Boxes-Rigid-Magnetic-Dates-Chocolate-Packaging-Boxes-Wholesale-2-1200x1200.webp 1200w, https:\/\/www.yishengpack.com\/wp-content\/uploads\/2026\/01\/Premium-Custom-Luxury-Gift-Boxes-Rigid-Magnetic-Dates-Chocolate-Packaging-Boxes-Wholesale-2-600x600.webp 600w, https:\/\/www.yishengpack.com\/wp-content\/uploads\/2026\/01\/Premium-Custom-Luxury-Gift-Boxes-Rigid-Magnetic-Dates-Chocolate-Packaging-Boxes-Wholesale-2-100x100.webp 100w\" sizes=\"(max-width: 2048px) 100vw, 2048px\" \/><\/figure>\n<\/div>\n<\/div>\n\n\n\n<div class=\"wp-block-columns is-layout-flex wp-container-core-columns-is-layout-9d6595d7 wp-block-columns-is-layout-flex\">\n<div class=\"wp-block-column is-layout-flow wp-block-column-is-layout-flow\">\n<figure class=\"wp-block-image size-full\"><img decoding=\"async\" width=\"2048\" height=\"2048\" src=\"https:\/\/www.yishengpack.com\/wp-content\/uploads\/2026\/01\/Premium-Custom-Luxury-Gift-Boxes-Rigid-Magnetic-Dates-Chocolate-Packaging-Boxes-Wholesale-6.webp\" alt=\"premium-luxus-geschenkboxen-rigide-magnetische-daten-schokolade-verpackungen-grosshandel-6\" class=\"wp-image-3433\" srcset=\"https:\/\/www.yishengpack.com\/wp-content\/uploads\/2026\/01\/Premium-Custom-Luxury-Gift-Boxes-Rigid-Magnetic-Dates-Chocolate-Packaging-Boxes-Wholesale-6.webp 2048w, https:\/\/www.yishengpack.com\/wp-content\/uploads\/2026\/01\/Premium-Custom-Luxury-Gift-Boxes-Rigid-Magnetic-Dates-Chocolate-Packaging-Boxes-Wholesale-6-300x300.webp 300w, https:\/\/www.yishengpack.com\/wp-content\/uploads\/2026\/01\/Premium-Custom-Luxury-Gift-Boxes-Rigid-Magnetic-Dates-Chocolate-Packaging-Boxes-Wholesale-6-150x150.webp 150w, https:\/\/www.yishengpack.com\/wp-content\/uploads\/2026\/01\/Premium-Custom-Luxury-Gift-Boxes-Rigid-Magnetic-Dates-Chocolate-Packaging-Boxes-Wholesale-6-768x768.webp 768w, https:\/\/www.yishengpack.com\/wp-content\/uploads\/2026\/01\/Premium-Custom-Luxury-Gift-Boxes-Rigid-Magnetic-Dates-Chocolate-Packaging-Boxes-Wholesale-6-12x12.webp 12w, https:\/\/www.yishengpack.com\/wp-content\/uploads\/2026\/01\/Premium-Custom-Luxury-Gift-Boxes-Rigid-Magnetic-Dates-Chocolate-Packaging-Boxes-Wholesale-6-1200x1200.webp 1200w, https:\/\/www.yishengpack.com\/wp-content\/uploads\/2026\/01\/Premium-Custom-Luxury-Gift-Boxes-Rigid-Magnetic-Dates-Chocolate-Packaging-Boxes-Wholesale-6-600x600.webp 600w, https:\/\/www.yishengpack.com\/wp-content\/uploads\/2026\/01\/Premium-Custom-Luxury-Gift-Boxes-Rigid-Magnetic-Dates-Chocolate-Packaging-Boxes-Wholesale-6-100x100.webp 100w\" sizes=\"(max-width: 2048px) 100vw, 2048px\" \/><\/figure>\n\n\n\n<div class=\"wp-block-buttons has-custom-font-size has-small-font-size is-content-justification-center is-layout-flex wp-container-core-buttons-is-layout-16018d1d wp-block-buttons-is-layout-flex\">\n<div class=\"wp-block-button has-custom-width wp-block-button__width-75\"><a class=\"wp-block-button__link has-background has-small-font-size has-custom-font-size wp-element-button\" href=\"https:\/\/www.yishengpack.com\/de\/custom-printed-box\/\" style=\"background:linear-gradient(135deg,rgb(254,205,165) 0%,rgb(254,45,45) 0%,rgb(94,15,15) 0%,rgb(94,15,15) 100%)\" target=\"_blank\" rel=\"noreferrer noopener\"><strong>Entdecken Sie individuell bedruckte Boxen<\/strong><\/a><\/div>\n<\/div>\n<\/div>\n\n\n\n<div class=\"wp-block-column is-layout-flow wp-block-column-is-layout-flow\">\n<figure class=\"wp-block-image size-full\"><img decoding=\"async\" width=\"966\" height=\"966\" src=\"https:\/\/www.yishengpack.com\/wp-content\/uploads\/2026\/01\/Premium-Custom-Luxury-Gift-Boxes-Rigid-Magnetic-Dates-Chocolate-Packaging-Boxes-Wholesale-5.webp\" alt=\"premium-luxus-geschenkboxen-rigide-magnetische-daten-schokolade-verpackungen-grosshandel-5\" class=\"wp-image-3432\" srcset=\"https:\/\/www.yishengpack.com\/wp-content\/uploads\/2026\/01\/Premium-Custom-Luxury-Gift-Boxes-Rigid-Magnetic-Dates-Chocolate-Packaging-Boxes-Wholesale-5.webp 966w, https:\/\/www.yishengpack.com\/wp-content\/uploads\/2026\/01\/Premium-Custom-Luxury-Gift-Boxes-Rigid-Magnetic-Dates-Chocolate-Packaging-Boxes-Wholesale-5-300x300.webp 300w, https:\/\/www.yishengpack.com\/wp-content\/uploads\/2026\/01\/Premium-Custom-Luxury-Gift-Boxes-Rigid-Magnetic-Dates-Chocolate-Packaging-Boxes-Wholesale-5-150x150.webp 150w, https:\/\/www.yishengpack.com\/wp-content\/uploads\/2026\/01\/Premium-Custom-Luxury-Gift-Boxes-Rigid-Magnetic-Dates-Chocolate-Packaging-Boxes-Wholesale-5-768x768.webp 768w, https:\/\/www.yishengpack.com\/wp-content\/uploads\/2026\/01\/Premium-Custom-Luxury-Gift-Boxes-Rigid-Magnetic-Dates-Chocolate-Packaging-Boxes-Wholesale-5-12x12.webp 12w, https:\/\/www.yishengpack.com\/wp-content\/uploads\/2026\/01\/Premium-Custom-Luxury-Gift-Boxes-Rigid-Magnetic-Dates-Chocolate-Packaging-Boxes-Wholesale-5-600x600.webp 600w, https:\/\/www.yishengpack.com\/wp-content\/uploads\/2026\/01\/Premium-Custom-Luxury-Gift-Boxes-Rigid-Magnetic-Dates-Chocolate-Packaging-Boxes-Wholesale-5-100x100.webp 100w\" sizes=\"(max-width: 966px) 100vw, 966px\" \/><\/figure>\n\n\n\n<div class=\"wp-block-buttons has-custom-font-size has-small-font-size is-content-justification-center is-layout-flex wp-container-core-buttons-is-layout-16018d1d wp-block-buttons-is-layout-flex\">\n<div class=\"wp-block-button has-custom-width wp-block-button__width-75\"><a class=\"wp-block-button__link has-background has-small-font-size has-custom-font-size wp-element-button\" href=\"https:\/\/www.yishengpack.com\/de\/custom-box-inserts-accessories\/\" style=\"background:linear-gradient(135deg,rgb(254,205,165) 0%,rgb(254,45,45) 0%,rgb(94,15,15) 0%,rgb(94,15,15) 100%)\" target=\"_blank\" rel=\"noreferrer noopener\"><strong>Custom Box Inserts erforschen<\/strong><\/a><\/div>\n<\/div>\n<\/div>\n<\/div>","protected":false},"excerpt":{"rendered":"<p>Willkommen zum Kauf unserer magnetischen Schokolade Datteln Geschenk-Boxen bulk, von Premium-starren Karton mit einem Luxus-Magnetverschluss. Vollst\u00e4ndig individuell bedruckt mit Logo, Gr\u00f6\u00dfe, Einlage und Oberfl\u00e4chenveredelung. Ideal f\u00fcr Schokolade und Datteln Verpackung, Festival Geschenk-Boxen und High-End-Einzelhandel. Wir liefern direkt ab Werk, unterst\u00fctzen OEM und ODM und bieten stabile Qualit\u00e4t f\u00fcr Gro\u00dfauftr\u00e4ge.<\/p>\n<h2>Highlights von Magnetic Chocolate Dates Gift Boxes Bulk<\/h2>\n<ul>\n<li>Wiederverwendbare luxuri\u00f6se Geschenkbox<\/li>\n<li>Staubgesch\u00fctzter sicherer Verschluss<\/li>\n<li>Vollst\u00e4ndige Anpassung<\/li>\n<li>Lebensmittelgeeignete Materialien<\/li>\n<li>Exquisiter Druck<\/li>\n<li>Ma\u00dfgeschneiderte Gr\u00f6\u00dfenanpassung<\/li>\n<li>Satte k\u00f6nigliche Farbt\u00f6ne<\/li>\n<li>Sortierte Trennwandeinsatz-Sets<\/li>\n<\/ul>\n<p>&nbsp;<\/p>","protected":false},"featured_media":3428,"comment_status":"closed","ping_status":"closed","template":"","meta":{"_acf_changed":false},"box-type":[54,57],"product_brand":[],"product_cat":[19,41,68],"product_tag":[],"class_list":{"0":"post-3427","1":"product","2":"type-product","3":"status-publish","4":"has-post-thumbnail","6":"box-type-custom-magnetic-closure-boxes","7":"box-type-custom-rigid-box-with-lid","8":"product_cat-luxury-gift-boxes-wholesale","9":"product_cat-candy-gift-boxes-wholesale","10":"product_cat-custom-dates-box","12":"first","13":"instock","14":"shipping-taxable","15":"product-type-simple"},"acf":[],"_links":{"self":[{"href":"https:\/\/www.yishengpack.com\/de\/wp-json\/wp\/v2\/product\/3427","targetHints":{"allow":["GET"]}}],"collection":[{"href":"https:\/\/www.yishengpack.com\/de\/wp-json\/wp\/v2\/product"}],"about":[{"href":"https:\/\/www.yishengpack.com\/de\/wp-json\/wp\/v2\/types\/product"}],"replies":[{"embeddable":true,"href":"https:\/\/www.yishengpack.com\/de\/wp-json\/wp\/v2\/comments?post=3427"}],"wp:featuredmedia":[{"embeddable":true,"href":"https:\/\/www.yishengpack.com\/de\/wp-json\/wp\/v2\/media\/3428"}],"wp:attachment":[{"href":"https:\/\/www.yishengpack.com\/de\/wp-json\/wp\/v2\/media?parent=3427"}],"wp:term":[{"taxonomy":"box-type","embeddable":true,"href":"https:\/\/www.yishengpack.com\/de\/wp-json\/wp\/v2\/box-type?post=3427"},{"taxonomy":"product_brand","embeddable":true,"href":"https:\/\/www.yishengpack.com\/de\/wp-json\/wp\/v2\/product_brand?post=3427"},{"taxonomy":"product_cat","embeddable":true,"href":"https:\/\/www.yishengpack.com\/de\/wp-json\/wp\/v2\/product_cat?post=3427"},{"taxonomy":"product_tag","embeddable":true,"href":"https:\/\/www.yishengpack.com\/de\/wp-json\/wp\/v2\/product_tag?post=3427"}],"curies":[{"name":"wp","href":"https:\/\/api.w.org\/{rel}","templated":true}]}}