{"id":3411,"date":"2026-01-26T07:39:43","date_gmt":"2026-01-26T07:39:43","guid":{"rendered":"https:\/\/www.yishengpack.com\/?post_type=product&#038;p=3411"},"modified":"2026-01-26T07:39:45","modified_gmt":"2026-01-26T07:39:45","slug":"custom-design-mailer-boxes","status":"publish","type":"product","link":"https:\/\/www.yishengpack.com\/de\/produkt\/custom-design-mailer-boxes\/","title":{"rendered":"Individuell gestaltete Versandkartons f\u00fcr Kleidung, Kosmetika, Blumen"},"content":{"rendered":"<div class=\"wp-block-columns is-layout-flex wp-container-core-columns-is-layout-9d6595d7 wp-block-columns-is-layout-flex\">\n<div class=\"wp-block-column is-layout-flow wp-block-column-is-layout-flow\">\n<h3 class=\"wp-block-heading\">Merkmale der Custom Design Mailer Boxen<\/h3>\n\n\n\n<p><strong>Doppelseitiger Druck mit botanischem Thema: <\/strong>Diese individuell gestalteten Versandkartons enthalten einen doppelseitigen botanischen Druck, bei dem florale oder vollfl\u00e4chige Vintage-Muster sowohl auf die Au\u00dfen- als auch auf die Innenseite des Kartons gedruckt werden. So entsteht ein weicher, eleganter visueller Kontrast, der das Auspacken von Artikeln wie Kleidung, Kosmetika, Blumen und vielem mehr zu einem besonderen Erlebnis macht.<\/p>\n\n\n\n<p><strong>Strapazierf\u00e4higes Karton-Design:<\/strong> Diese individuell gestalteten Versandkartons wurden aus fester Pappe hergestellt, damit Ihre Artikel, wie z. B. Kleidung, Accessoires oder Geschenke, beim Versand unversehrt bleiben. Die Boxen behalten beim Versand ihre Form und bieten maximalen Schutz vor Besch\u00e4digungen durch St\u00f6\u00dfe, St\u00fcrze und andere kleinere Versandeinfl\u00fcsse.<\/p>\n\n\n\n<p><strong>Zusammenklappbares Flat-Pack-Design:<\/strong> Diese ma\u00dfgefertigten Versandboxen sind faltbar und erm\u00f6glichen einen einfachen und kosteng\u00fcnstigen Versand bzw. eine einfache Lagerung, w\u00e4hrend das Design f\u00fcr eine schnelle Montage im Einzelhandel und E-Commerce geeignet ist.<\/p>\n\n\n\n<p><strong>Markenorientierte Anpassung:<\/strong> Die Versandkartons aus Wellpappe sind in Gr\u00f6\u00dfe, Aufdruck und Logoplatzierung vollst\u00e4ndig anpassbar und erm\u00f6glichen es Marken, die Verpackung an ihre \u00e4sthetische Identit\u00e4t anzupassen - von zarten botanischen Motiven bis hin zu verschn\u00f6rkelten Vintage-Motiven.<\/p>\n\n\n\n<p><strong>Fabrikdirektlieferung: <\/strong>Diese individuell gestalteten Versandkartons werden direkt vom Hersteller verkauft, wodurch Zwischenh\u00e4ndler ausgeschaltet werden und der Gro\u00dfhandel und eine langfristige Zusammenarbeit unterst\u00fctzt werden. Die Preise sind auf dem Markt wettbewerbsf\u00e4higer. Geeignet f\u00fcr Markeninhaber, Verpackungsh\u00e4ndler und E-Commerce-Verk\u00e4ufer f\u00fcr die Beschaffung im gro\u00dfen Stil.<\/p>\n<\/div>\n\n\n\n<div class=\"wp-block-column is-layout-flow wp-block-column-is-layout-flow\">\n<figure class=\"wp-block-image size-full\"><img decoding=\"async\" width=\"1871\" height=\"1871\" src=\"https:\/\/www.yishengpack.com\/wp-content\/uploads\/2026\/01\/Wholesale-Packaging-Shipping-Mailer-Boxes-Customize-Design-Clothes-Cosmetic-Flower-Packing-Boxes-with-Logo-2.webp\" alt=\"Postwurfsendungen f\u00fcr Kleidung-Kosmetik-Blume-2\" class=\"wp-image-3413\" srcset=\"https:\/\/www.yishengpack.com\/wp-content\/uploads\/2026\/01\/Wholesale-Packaging-Shipping-Mailer-Boxes-Customize-Design-Clothes-Cosmetic-Flower-Packing-Boxes-with-Logo-2.webp 1871w, https:\/\/www.yishengpack.com\/wp-content\/uploads\/2026\/01\/Wholesale-Packaging-Shipping-Mailer-Boxes-Customize-Design-Clothes-Cosmetic-Flower-Packing-Boxes-with-Logo-2-300x300.webp 300w, https:\/\/www.yishengpack.com\/wp-content\/uploads\/2026\/01\/Wholesale-Packaging-Shipping-Mailer-Boxes-Customize-Design-Clothes-Cosmetic-Flower-Packing-Boxes-with-Logo-2-150x150.webp 150w, https:\/\/www.yishengpack.com\/wp-content\/uploads\/2026\/01\/Wholesale-Packaging-Shipping-Mailer-Boxes-Customize-Design-Clothes-Cosmetic-Flower-Packing-Boxes-with-Logo-2-768x768.webp 768w, https:\/\/www.yishengpack.com\/wp-content\/uploads\/2026\/01\/Wholesale-Packaging-Shipping-Mailer-Boxes-Customize-Design-Clothes-Cosmetic-Flower-Packing-Boxes-with-Logo-2-12x12.webp 12w, https:\/\/www.yishengpack.com\/wp-content\/uploads\/2026\/01\/Wholesale-Packaging-Shipping-Mailer-Boxes-Customize-Design-Clothes-Cosmetic-Flower-Packing-Boxes-with-Logo-2-1200x1200.webp 1200w, https:\/\/www.yishengpack.com\/wp-content\/uploads\/2026\/01\/Wholesale-Packaging-Shipping-Mailer-Boxes-Customize-Design-Clothes-Cosmetic-Flower-Packing-Boxes-with-Logo-2-600x600.webp 600w, https:\/\/www.yishengpack.com\/wp-content\/uploads\/2026\/01\/Wholesale-Packaging-Shipping-Mailer-Boxes-Customize-Design-Clothes-Cosmetic-Flower-Packing-Boxes-with-Logo-2-100x100.webp 100w\" sizes=\"(max-width: 1871px) 100vw, 1871px\" \/><\/figure>\n<\/div>\n<\/div>\n\n\n\n<div class=\"wp-block-columns is-layout-flex wp-container-core-columns-is-layout-9d6595d7 wp-block-columns-is-layout-flex\">\n<div class=\"wp-block-column is-layout-flow wp-block-column-is-layout-flow\">\n<figure class=\"wp-block-image size-full\"><img decoding=\"async\" width=\"1871\" height=\"1871\" src=\"https:\/\/www.yishengpack.com\/wp-content\/uploads\/2026\/01\/Wholesale-Bulk-Packaging-Shipping-Boxes-Custom-Donuts-Macaron-Corrugated-Mailer-Packaging-Boxes-6.webp\" alt=\"gro\u00dfhandel-verpackungen-versandkisten-individuelle-donuts-macaron-wellpappe-verpackungen-boxen-6\" class=\"wp-image-3391\" srcset=\"https:\/\/www.yishengpack.com\/wp-content\/uploads\/2026\/01\/Wholesale-Bulk-Packaging-Shipping-Boxes-Custom-Donuts-Macaron-Corrugated-Mailer-Packaging-Boxes-6.webp 1871w, https:\/\/www.yishengpack.com\/wp-content\/uploads\/2026\/01\/Wholesale-Bulk-Packaging-Shipping-Boxes-Custom-Donuts-Macaron-Corrugated-Mailer-Packaging-Boxes-6-300x300.webp 300w, https:\/\/www.yishengpack.com\/wp-content\/uploads\/2026\/01\/Wholesale-Bulk-Packaging-Shipping-Boxes-Custom-Donuts-Macaron-Corrugated-Mailer-Packaging-Boxes-6-150x150.webp 150w, https:\/\/www.yishengpack.com\/wp-content\/uploads\/2026\/01\/Wholesale-Bulk-Packaging-Shipping-Boxes-Custom-Donuts-Macaron-Corrugated-Mailer-Packaging-Boxes-6-768x768.webp 768w, https:\/\/www.yishengpack.com\/wp-content\/uploads\/2026\/01\/Wholesale-Bulk-Packaging-Shipping-Boxes-Custom-Donuts-Macaron-Corrugated-Mailer-Packaging-Boxes-6-12x12.webp 12w, https:\/\/www.yishengpack.com\/wp-content\/uploads\/2026\/01\/Wholesale-Bulk-Packaging-Shipping-Boxes-Custom-Donuts-Macaron-Corrugated-Mailer-Packaging-Boxes-6-1200x1200.webp 1200w, https:\/\/www.yishengpack.com\/wp-content\/uploads\/2026\/01\/Wholesale-Bulk-Packaging-Shipping-Boxes-Custom-Donuts-Macaron-Corrugated-Mailer-Packaging-Boxes-6-600x600.webp 600w, https:\/\/www.yishengpack.com\/wp-content\/uploads\/2026\/01\/Wholesale-Bulk-Packaging-Shipping-Boxes-Custom-Donuts-Macaron-Corrugated-Mailer-Packaging-Boxes-6-100x100.webp 100w\" sizes=\"(max-width: 1871px) 100vw, 1871px\" \/><\/figure>\n\n\n\n<div class=\"wp-block-buttons has-custom-font-size has-small-font-size is-content-justification-center is-layout-flex wp-container-core-buttons-is-layout-16018d1d wp-block-buttons-is-layout-flex\">\n<div class=\"wp-block-button has-custom-width wp-block-button__width-75\"><a class=\"wp-block-button__link has-background has-small-font-size has-custom-font-size wp-element-button\" href=\"https:\/\/www.yishengpack.com\/de\/custom-printed-box\/\" style=\"background:linear-gradient(135deg,rgb(254,205,165) 0%,rgb(254,45,45) 0%,rgb(94,15,15) 0%,rgb(94,15,15) 100%)\" target=\"_blank\" rel=\"noreferrer noopener\"><strong>Entdecken Sie individuell bedruckte Boxen<\/strong><\/a><\/div>\n<\/div>\n<\/div>\n\n\n\n<div class=\"wp-block-column is-layout-flow wp-block-column-is-layout-flow\">\n<figure class=\"wp-block-image size-full\"><img decoding=\"async\" width=\"1871\" height=\"1871\" src=\"https:\/\/www.yishengpack.com\/wp-content\/uploads\/2026\/01\/Wholesale-Bulk-Packaging-Shipping-Boxes-Custom-Donuts-Macaron-Corrugated-Mailer-Packaging-Boxes-7.webp\" alt=\"gro\u00dfhandel-verpackungen-versandkisten-individuelle-donuts-macaron-wellpappe-verpackungskisten-7\" class=\"wp-image-3392\" srcset=\"https:\/\/www.yishengpack.com\/wp-content\/uploads\/2026\/01\/Wholesale-Bulk-Packaging-Shipping-Boxes-Custom-Donuts-Macaron-Corrugated-Mailer-Packaging-Boxes-7.webp 1871w, https:\/\/www.yishengpack.com\/wp-content\/uploads\/2026\/01\/Wholesale-Bulk-Packaging-Shipping-Boxes-Custom-Donuts-Macaron-Corrugated-Mailer-Packaging-Boxes-7-300x300.webp 300w, https:\/\/www.yishengpack.com\/wp-content\/uploads\/2026\/01\/Wholesale-Bulk-Packaging-Shipping-Boxes-Custom-Donuts-Macaron-Corrugated-Mailer-Packaging-Boxes-7-150x150.webp 150w, https:\/\/www.yishengpack.com\/wp-content\/uploads\/2026\/01\/Wholesale-Bulk-Packaging-Shipping-Boxes-Custom-Donuts-Macaron-Corrugated-Mailer-Packaging-Boxes-7-768x768.webp 768w, https:\/\/www.yishengpack.com\/wp-content\/uploads\/2026\/01\/Wholesale-Bulk-Packaging-Shipping-Boxes-Custom-Donuts-Macaron-Corrugated-Mailer-Packaging-Boxes-7-12x12.webp 12w, https:\/\/www.yishengpack.com\/wp-content\/uploads\/2026\/01\/Wholesale-Bulk-Packaging-Shipping-Boxes-Custom-Donuts-Macaron-Corrugated-Mailer-Packaging-Boxes-7-1200x1200.webp 1200w, https:\/\/www.yishengpack.com\/wp-content\/uploads\/2026\/01\/Wholesale-Bulk-Packaging-Shipping-Boxes-Custom-Donuts-Macaron-Corrugated-Mailer-Packaging-Boxes-7-600x600.webp 600w, https:\/\/www.yishengpack.com\/wp-content\/uploads\/2026\/01\/Wholesale-Bulk-Packaging-Shipping-Boxes-Custom-Donuts-Macaron-Corrugated-Mailer-Packaging-Boxes-7-100x100.webp 100w\" sizes=\"(max-width: 1871px) 100vw, 1871px\" \/><\/figure>\n\n\n\n<div class=\"wp-block-buttons has-custom-font-size has-small-font-size is-content-justification-center is-layout-flex wp-container-core-buttons-is-layout-16018d1d wp-block-buttons-is-layout-flex\">\n<div class=\"wp-block-button has-custom-width wp-block-button__width-75\"><a class=\"wp-block-button__link has-background has-small-font-size has-custom-font-size wp-element-button\" href=\"https:\/\/www.yishengpack.com\/de\/custom-product-boxes-types\/\" style=\"background:linear-gradient(135deg,rgb(254,205,165) 0%,rgb(254,45,45) 0%,rgb(94,15,15) 0%,rgb(94,15,15) 100%)\" target=\"_blank\" rel=\"noreferrer noopener\"><strong>Benutzerdefinierten Box-Typ erkunden<\/strong><\/a><\/div>\n<\/div>\n<\/div>\n<\/div>","protected":false},"excerpt":{"rendered":"<p>Willkommen bei unseren individuell gestalteten Versandkartons mit Logo f\u00fcr Kleidung, Kosmetik und Blumenverpackungen, die in Gr\u00f6\u00dfe, Struktur, Druck und Material vollst\u00e4ndig anpassbar sind. Hergestellt aus langlebiger, umweltfreundlicher Pappe, bieten diese kundenspezifischen Versandkartons einen hervorragenden Schutz f\u00fcr den E-Commerce-Versand und verbessern gleichzeitig die Sichtbarkeit der Marke durch professionellen Logodruck. Direkte Lieferung ab Werk mit wettbewerbsf\u00e4higen Gro\u00dfhandelspreisen.<\/p>\n<h2>Highlights der Custom Design Mailer Boxen<\/h2>\n<ul>\n<li>Perfekte Geschenkpr\u00e4sentation<\/li>\n<li>Private Anpassung<\/li>\n<li>Kostenloser individueller Design-Service<\/li>\n<li>Starre und haltbare Pappe<\/li>\n<li>Exquisiter Druck<\/li>\n<li>Innenfutter mit Blumenmuster<\/li>\n<li>Mehrere Boxgr\u00f6\u00dfen<\/li>\n<li>Lebendige Farben<\/li>\n<li>Leichtes und stabiles Design<\/li>\n<li>Stapelbar &amp; platzsparend<\/li>\n<\/ul>\n<p>&nbsp;<\/p>","protected":false},"featured_media":3412,"comment_status":"closed","ping_status":"closed","template":"","meta":{"_acf_changed":false},"box-type":[55,59,57],"product_brand":[],"product_cat":[19,41,66,65,39,46,69,67],"product_tag":[],"class_list":{"0":"post-3411","1":"product","2":"type-product","3":"status-publish","4":"has-post-thumbnail","6":"box-type-custom-foldable-boxes","7":"box-type-custom-mailer-boxes","8":"box-type-custom-rigid-box-with-lid","9":"product_cat-luxury-gift-boxes-wholesale","10":"product_cat-candy-gift-boxes-wholesale","11":"product_cat-custom-apparel-boxes","12":"product_cat-custom-cosmetic-boxes","13":"product_cat-custom-perfume-boxes","14":"product_cat-wholesale-paper-boxes","15":"product_cat-custom-retail-boxes","16":"product_cat-custom-shipping-boxes","18":"first","19":"instock","20":"shipping-taxable","21":"product-type-simple"},"acf":[],"_links":{"self":[{"href":"https:\/\/www.yishengpack.com\/de\/wp-json\/wp\/v2\/product\/3411","targetHints":{"allow":["GET"]}}],"collection":[{"href":"https:\/\/www.yishengpack.com\/de\/wp-json\/wp\/v2\/product"}],"about":[{"href":"https:\/\/www.yishengpack.com\/de\/wp-json\/wp\/v2\/types\/product"}],"replies":[{"embeddable":true,"href":"https:\/\/www.yishengpack.com\/de\/wp-json\/wp\/v2\/comments?post=3411"}],"wp:featuredmedia":[{"embeddable":true,"href":"https:\/\/www.yishengpack.com\/de\/wp-json\/wp\/v2\/media\/3412"}],"wp:attachment":[{"href":"https:\/\/www.yishengpack.com\/de\/wp-json\/wp\/v2\/media?parent=3411"}],"wp:term":[{"taxonomy":"box-type","embeddable":true,"href":"https:\/\/www.yishengpack.com\/de\/wp-json\/wp\/v2\/box-type?post=3411"},{"taxonomy":"product_brand","embeddable":true,"href":"https:\/\/www.yishengpack.com\/de\/wp-json\/wp\/v2\/product_brand?post=3411"},{"taxonomy":"product_cat","embeddable":true,"href":"https:\/\/www.yishengpack.com\/de\/wp-json\/wp\/v2\/product_cat?post=3411"},{"taxonomy":"product_tag","embeddable":true,"href":"https:\/\/www.yishengpack.com\/de\/wp-json\/wp\/v2\/product_tag?post=3411"}],"curies":[{"name":"wp","href":"https:\/\/api.w.org\/{rel}","templated":true}]}}