{"id":3394,"date":"2026-01-20T11:03:15","date_gmt":"2026-01-20T11:03:15","guid":{"rendered":"https:\/\/www.yishengpack.com\/?post_type=product&#038;p=3394"},"modified":"2026-01-20T11:03:16","modified_gmt":"2026-01-20T11:03:16","slug":"gift-boxes-with-lids-wholesale","status":"publish","type":"product","link":"https:\/\/www.yishengpack.com\/de\/produkt\/gift-boxes-with-lids-wholesale\/","title":{"rendered":"Geschenk-Boxen mit Deckel Gro\u00dfhandel, benutzerdefinierte Termine Schokolade Boxen"},"content":{"rendered":"<div class=\"wp-block-columns is-layout-flex wp-container-core-columns-is-layout-9d6595d7 wp-block-columns-is-layout-flex\">\n<div class=\"wp-block-column is-layout-flow wp-block-column-is-layout-flow\">\n<h3 class=\"wp-block-heading\">Merkmale von Luxus-Geschenk-Boxen mit Deckel Gro\u00dfhandel<\/h3>\n\n\n\n<p><strong>\u00c4sthetik des Luxusgeschenks: <\/strong>Diese Geschenkboxen mit Deckel im Gro\u00dfhandel verf\u00fcgen \u00fcber ein edles Metallic-Finish, sch\u00f6ne und detaillierte Muster und ein durchdachtes Farbschema (Schwarz\/Gold, Smaragd\/Gold), das Ihr Geschenk zu einem perfekten Pr\u00e4sent f\u00fcr festliche oder gehobene Anl\u00e4sse macht.<\/p>\n\n\n\n<p><strong>Kompartimentierte Innenf\u00e4cher:<\/strong> Diese Geschenkboxen mit Deckel im Gro\u00dfhandel verf\u00fcgen \u00fcber pr\u00e4zisionsgeschnittene Trennw\u00e4nde aus Papier, so dass Sie Datteln, Pralinen oder andere Leckereien getrennt aufbewahren k\u00f6nnen, um zu verhindern, dass der Inhalt verrutscht, oder um die einzelnen Artikel zu pr\u00e4sentieren.<\/p>\n\n\n\n<p><strong>Koordinierte Verpackungssets:<\/strong> Diese Geschenkboxen mit Deckel sind im Gro\u00dfhandel mit passenden Papiert\u00fcten erh\u00e4ltlich; die Boxen bilden zusammenh\u00e4ngende Geschenkb\u00fcndel, die das Auspackerlebnis verbessern und die Pr\u00e4sentation f\u00fcr besondere Anl\u00e4sse vereinfachen.<\/p>\n\n\n\n<p><strong>Hochwertige Oberfl\u00e4chenveredelung:<\/strong> Unsere ma\u00dfgefertigten Schokoladenschachteln bieten taktile Verbesserungen wie matte Laminierung, Folienpr\u00e4gung und gepr\u00e4gte Muster, die ein luxuri\u00f6ses, hochwertiges Gef\u00fchl vermitteln, das den Erwartungen an Luxusgeschenke entspricht.<\/p>\n\n\n\n<p><strong>Vielseitige Gr\u00f6\u00dfen- und Layout-Optionen:<\/strong> Unsere ma\u00dfgefertigten Dattelschokoladenschachteln lassen sich in Bezug auf Abmessungen, Trennwandkonfigurationen und Platzierung von Markenzeichen vollst\u00e4ndig anpassen. Die Boxen passen sich an eine Reihe von Geschenkartikeln (von Datteln bis zu Pralinen) und Markenanforderungen an.<\/p>\n<\/div>\n\n\n\n<div class=\"wp-block-column is-layout-flow wp-block-column-is-layout-flow\">\n<figure class=\"wp-block-image size-full\"><img decoding=\"async\" width=\"1127\" height=\"1127\" src=\"https:\/\/www.yishengpack.com\/wp-content\/uploads\/2026\/01\/Luxury-Gift-Boxes-with-Lids-Wholesale-Custom-Superior-Dates-Chocolate-Packaging-Boxes-2.webp\" alt=\"geschenk-boxen-mit-deckel-gro\u00dfhandel-bestimmte-daten-schokolade-boxen-2\" class=\"wp-image-3397\" srcset=\"https:\/\/www.yishengpack.com\/wp-content\/uploads\/2026\/01\/Luxury-Gift-Boxes-with-Lids-Wholesale-Custom-Superior-Dates-Chocolate-Packaging-Boxes-2.webp 1127w, https:\/\/www.yishengpack.com\/wp-content\/uploads\/2026\/01\/Luxury-Gift-Boxes-with-Lids-Wholesale-Custom-Superior-Dates-Chocolate-Packaging-Boxes-2-300x300.webp 300w, https:\/\/www.yishengpack.com\/wp-content\/uploads\/2026\/01\/Luxury-Gift-Boxes-with-Lids-Wholesale-Custom-Superior-Dates-Chocolate-Packaging-Boxes-2-150x150.webp 150w, https:\/\/www.yishengpack.com\/wp-content\/uploads\/2026\/01\/Luxury-Gift-Boxes-with-Lids-Wholesale-Custom-Superior-Dates-Chocolate-Packaging-Boxes-2-768x768.webp 768w, https:\/\/www.yishengpack.com\/wp-content\/uploads\/2026\/01\/Luxury-Gift-Boxes-with-Lids-Wholesale-Custom-Superior-Dates-Chocolate-Packaging-Boxes-2-12x12.webp 12w, https:\/\/www.yishengpack.com\/wp-content\/uploads\/2026\/01\/Luxury-Gift-Boxes-with-Lids-Wholesale-Custom-Superior-Dates-Chocolate-Packaging-Boxes-2-600x600.webp 600w, https:\/\/www.yishengpack.com\/wp-content\/uploads\/2026\/01\/Luxury-Gift-Boxes-with-Lids-Wholesale-Custom-Superior-Dates-Chocolate-Packaging-Boxes-2-100x100.webp 100w\" sizes=\"(max-width: 1127px) 100vw, 1127px\" \/><\/figure>\n<\/div>\n<\/div>\n\n\n\n<div class=\"wp-block-columns is-layout-flex wp-container-core-columns-is-layout-9d6595d7 wp-block-columns-is-layout-flex\">\n<div class=\"wp-block-column is-layout-flow wp-block-column-is-layout-flow\">\n<figure class=\"wp-block-image size-full\"><img decoding=\"async\" width=\"944\" height=\"944\" src=\"https:\/\/www.yishengpack.com\/wp-content\/uploads\/2026\/01\/Luxury-Gift-Boxes-with-Lids-Wholesale-Custom-Superior-Dates-Chocolate-Packaging-Boxes-3.webp\" alt=\"Luxus-Geschenkboxen-mit-Deckel-Gro\u00dfhandel-Sonderanfertigungen-Superior-Dates-Schokoladen-Verpackungsboxen-3\" class=\"wp-image-3398\" srcset=\"https:\/\/www.yishengpack.com\/wp-content\/uploads\/2026\/01\/Luxury-Gift-Boxes-with-Lids-Wholesale-Custom-Superior-Dates-Chocolate-Packaging-Boxes-3.webp 944w, https:\/\/www.yishengpack.com\/wp-content\/uploads\/2026\/01\/Luxury-Gift-Boxes-with-Lids-Wholesale-Custom-Superior-Dates-Chocolate-Packaging-Boxes-3-300x300.webp 300w, https:\/\/www.yishengpack.com\/wp-content\/uploads\/2026\/01\/Luxury-Gift-Boxes-with-Lids-Wholesale-Custom-Superior-Dates-Chocolate-Packaging-Boxes-3-150x150.webp 150w, https:\/\/www.yishengpack.com\/wp-content\/uploads\/2026\/01\/Luxury-Gift-Boxes-with-Lids-Wholesale-Custom-Superior-Dates-Chocolate-Packaging-Boxes-3-768x768.webp 768w, https:\/\/www.yishengpack.com\/wp-content\/uploads\/2026\/01\/Luxury-Gift-Boxes-with-Lids-Wholesale-Custom-Superior-Dates-Chocolate-Packaging-Boxes-3-12x12.webp 12w, https:\/\/www.yishengpack.com\/wp-content\/uploads\/2026\/01\/Luxury-Gift-Boxes-with-Lids-Wholesale-Custom-Superior-Dates-Chocolate-Packaging-Boxes-3-600x600.webp 600w, https:\/\/www.yishengpack.com\/wp-content\/uploads\/2026\/01\/Luxury-Gift-Boxes-with-Lids-Wholesale-Custom-Superior-Dates-Chocolate-Packaging-Boxes-3-100x100.webp 100w\" sizes=\"(max-width: 944px) 100vw, 944px\" \/><\/figure>\n\n\n\n<div class=\"wp-block-buttons has-custom-font-size has-small-font-size is-content-justification-center is-layout-flex wp-container-core-buttons-is-layout-16018d1d wp-block-buttons-is-layout-flex\">\n<div class=\"wp-block-button has-custom-width wp-block-button__width-75\"><a class=\"wp-block-button__link has-background has-small-font-size has-custom-font-size wp-element-button\" href=\"https:\/\/www.yishengpack.com\/de\/custom-printed-box\/\" style=\"background:linear-gradient(135deg,rgb(254,205,165) 0%,rgb(254,45,45) 0%,rgb(94,15,15) 0%,rgb(94,15,15) 100%)\" target=\"_blank\" rel=\"noreferrer noopener\"><strong>Entdecken Sie individuell bedruckte Boxen<\/strong><\/a><\/div>\n<\/div>\n<\/div>\n\n\n\n<div class=\"wp-block-column is-layout-flow wp-block-column-is-layout-flow\">\n<figure class=\"wp-block-image size-full\"><img decoding=\"async\" width=\"2208\" height=\"2208\" src=\"https:\/\/www.yishengpack.com\/wp-content\/uploads\/2026\/01\/Luxury-Gift-Boxes-with-Lids-Wholesale-Custom-Superior-Dates-Chocolate-Packaging-Boxes-7.webp\" alt=\"Luxus-Geschenkboxen-mit-Deckel-Gro\u00dfhandel-Sonderanfertigungen-Superior-Dates-Schokoladen-Verpackungen-7\" class=\"wp-image-3402\" srcset=\"https:\/\/www.yishengpack.com\/wp-content\/uploads\/2026\/01\/Luxury-Gift-Boxes-with-Lids-Wholesale-Custom-Superior-Dates-Chocolate-Packaging-Boxes-7.webp 2208w, https:\/\/www.yishengpack.com\/wp-content\/uploads\/2026\/01\/Luxury-Gift-Boxes-with-Lids-Wholesale-Custom-Superior-Dates-Chocolate-Packaging-Boxes-7-300x300.webp 300w, https:\/\/www.yishengpack.com\/wp-content\/uploads\/2026\/01\/Luxury-Gift-Boxes-with-Lids-Wholesale-Custom-Superior-Dates-Chocolate-Packaging-Boxes-7-150x150.webp 150w, https:\/\/www.yishengpack.com\/wp-content\/uploads\/2026\/01\/Luxury-Gift-Boxes-with-Lids-Wholesale-Custom-Superior-Dates-Chocolate-Packaging-Boxes-7-768x768.webp 768w, https:\/\/www.yishengpack.com\/wp-content\/uploads\/2026\/01\/Luxury-Gift-Boxes-with-Lids-Wholesale-Custom-Superior-Dates-Chocolate-Packaging-Boxes-7-12x12.webp 12w, https:\/\/www.yishengpack.com\/wp-content\/uploads\/2026\/01\/Luxury-Gift-Boxes-with-Lids-Wholesale-Custom-Superior-Dates-Chocolate-Packaging-Boxes-7-1200x1200.webp 1200w, https:\/\/www.yishengpack.com\/wp-content\/uploads\/2026\/01\/Luxury-Gift-Boxes-with-Lids-Wholesale-Custom-Superior-Dates-Chocolate-Packaging-Boxes-7-600x600.webp 600w, https:\/\/www.yishengpack.com\/wp-content\/uploads\/2026\/01\/Luxury-Gift-Boxes-with-Lids-Wholesale-Custom-Superior-Dates-Chocolate-Packaging-Boxes-7-100x100.webp 100w\" sizes=\"(max-width: 2208px) 100vw, 2208px\" \/><\/figure>\n\n\n\n<div class=\"wp-block-buttons has-custom-font-size has-small-font-size is-content-justification-center is-layout-flex wp-container-core-buttons-is-layout-16018d1d wp-block-buttons-is-layout-flex\">\n<div class=\"wp-block-button has-custom-width wp-block-button__width-75\"><a class=\"wp-block-button__link has-background has-small-font-size has-custom-font-size wp-element-button\" href=\"https:\/\/www.yishengpack.com\/de\/custom-box-inserts-accessories\/\" style=\"background:linear-gradient(135deg,rgb(254,205,165) 0%,rgb(254,45,45) 0%,rgb(94,15,15) 0%,rgb(94,15,15) 100%)\" target=\"_blank\" rel=\"noreferrer noopener\"><strong>Custom Box Inserts erforschen<\/strong><\/a><\/div>\n<\/div>\n<\/div>\n<\/div>","protected":false},"excerpt":{"rendered":"<p>Willkommen zum Kauf unserer Geschenkboxen mit Deckel im Gro\u00dfhandel. Mit ihrem eleganten, stabilen Design, verschn\u00f6rkelten Golddruckmustern und lebensmittelechtem Papiermaterial vereinen sie opulente \u00c4sthetik mit sicherem Schutz. Von Gr\u00f6\u00dfen, Farben und dekorativen Details (wie z. B. Satinb\u00e4nder oder Fensterdeckel) bis hin zu Logoaufdrucken und unterteilten Innenseiten - die Verpackung kann vollst\u00e4ndig an Ihre Marke angepasst werden. Ideal f\u00fcr die Verpackung von gef\u00fcllten Datteln, sortierten Pralinen oder luxuri\u00f6sen Geschenksets.<\/p>\n<h2>Highlights der Luxus-Geschenkboxen mit Deckel Gro\u00dfhandel<\/h2>\n<ul>\n<li>Wiederverwendbare Geschenkbox<\/li>\n<li>Massenanpassung<\/li>\n<li>Aufklappbarer, langlebiger Deckel<\/li>\n<li>Umweltfreundliches Papiermaterial<\/li>\n<li>Exquisiter Druck<\/li>\n<li>Ma\u00dfgeschneiderte Gr\u00f6\u00dfenanpassung<\/li>\n<li>Verschiedene Farboptionen<\/li>\n<li>Option Transparentes Anzeigefenster<\/li>\n<\/ul>\n<p>&nbsp;<\/p>\n<p>&nbsp;<\/p>","protected":false},"featured_media":3396,"comment_status":"closed","ping_status":"closed","template":"","meta":{"_acf_changed":false},"box-type":[57,61],"product_brand":[],"product_cat":[19,41,68,46,33,44],"product_tag":[],"class_list":{"0":"post-3394","1":"product","2":"type-product","3":"status-publish","4":"has-post-thumbnail","6":"box-type-custom-rigid-box-with-lid","7":"box-type-custom-two-piece-boxes","8":"product_cat-luxury-gift-boxes-wholesale","9":"product_cat-candy-gift-boxes-wholesale","10":"product_cat-custom-dates-box","11":"product_cat-wholesale-paper-boxes","12":"product_cat-food-packaging-boxes-wholesale","13":"product_cat-custom-snack-box","15":"first","16":"instock","17":"shipping-taxable","18":"product-type-simple"},"acf":[],"_links":{"self":[{"href":"https:\/\/www.yishengpack.com\/de\/wp-json\/wp\/v2\/product\/3394","targetHints":{"allow":["GET"]}}],"collection":[{"href":"https:\/\/www.yishengpack.com\/de\/wp-json\/wp\/v2\/product"}],"about":[{"href":"https:\/\/www.yishengpack.com\/de\/wp-json\/wp\/v2\/types\/product"}],"replies":[{"embeddable":true,"href":"https:\/\/www.yishengpack.com\/de\/wp-json\/wp\/v2\/comments?post=3394"}],"wp:featuredmedia":[{"embeddable":true,"href":"https:\/\/www.yishengpack.com\/de\/wp-json\/wp\/v2\/media\/3396"}],"wp:attachment":[{"href":"https:\/\/www.yishengpack.com\/de\/wp-json\/wp\/v2\/media?parent=3394"}],"wp:term":[{"taxonomy":"box-type","embeddable":true,"href":"https:\/\/www.yishengpack.com\/de\/wp-json\/wp\/v2\/box-type?post=3394"},{"taxonomy":"product_brand","embeddable":true,"href":"https:\/\/www.yishengpack.com\/de\/wp-json\/wp\/v2\/product_brand?post=3394"},{"taxonomy":"product_cat","embeddable":true,"href":"https:\/\/www.yishengpack.com\/de\/wp-json\/wp\/v2\/product_cat?post=3394"},{"taxonomy":"product_tag","embeddable":true,"href":"https:\/\/www.yishengpack.com\/de\/wp-json\/wp\/v2\/product_tag?post=3394"}],"curies":[{"name":"wp","href":"https:\/\/api.w.org\/{rel}","templated":true}]}}