{"id":3275,"date":"2026-01-04T06:55:11","date_gmt":"2026-01-04T06:55:11","guid":{"rendered":"https:\/\/www.yishengpack.com\/?post_type=product&#038;p=3275"},"modified":"2026-01-04T06:55:13","modified_gmt":"2026-01-04T06:55:13","slug":"custom-food-packaging-boxes","status":"publish","type":"product","link":"https:\/\/www.yishengpack.com\/de\/produkt\/custom-food-packaging-boxes\/","title":{"rendered":"Ma\u00dfgeschneiderte Lebensmittelverpackungen, Dip-Sauce-Bento-Boxen"},"content":{"rendered":"<div class=\"wp-block-columns is-layout-flex wp-container-core-columns-is-layout-9d6595d7 wp-block-columns-is-layout-flex\">\n<div class=\"wp-block-column is-layout-flow wp-block-column-is-layout-flow\">\n<h3 class=\"wp-block-heading\">Merkmale von ma\u00dfgeschneiderten Lebensmittelverpackungen<\/h3>\n\n\n\n<p><strong>Platzsparende, unterteilte Anordnung:<\/strong> Diese ma\u00dfgeschneiderten Lebensmittelverpackungen verf\u00fcgen \u00fcber pr\u00e4zise geschnittene Innenw\u00e4nde, die Snacks, Geb\u00e4ck oder kleine Lebensmittel ordentlich organisieren \u2013 kein Vermischen von Aromen oder unordentliche Pr\u00e4sentation mehr.<\/p>\n\n\n\n<p><strong>Stabile, faltbare Papierkonstruktion:<\/strong> Diese ma\u00dfgeschneiderten Lebensmittelverpackungsboxen werden aus strapazierf\u00e4higem, lebensmittelechtem Papier hergestellt. Die Boxen lassen sich zur kosteng\u00fcnstigen Lagerung\/zum Versand flach zusammenfalten und dann leicht zu stabilen, festen Beh\u00e4ltern zusammenbauen, die sich perfekt f\u00fcr die Aufbewahrung verschiedener Leckereien eignen.<\/p>\n\n\n\n<p><strong>Vielseitige L\u00f6sungen f\u00fcr Lebensmittelverpackungen:<\/strong> Unsere Papierboxen f\u00fcr den Gro\u00dfhandel umfassen Donut-Boxen, Cupcake-Beh\u00e4lter (mit Inneneins\u00e4tzen), Beh\u00e4lter f\u00fcr So\u00dfen und Dips sowie Bento-Boxen, um den Anforderungen verschiedener Lebensmittel und Anwendungsszenarien gerecht zu werden.<\/p>\n\n\n\n<p><strong>Minimalistische, farblich abgestimmte \u00c4sthetik:<\/strong> Diese ma\u00dfgeschneiderten Lebensmittelverpackungen mit klaren, einheitlichen Farbschemata verbinden Schlichtheit und optische Attraktivit\u00e4t und werten die Pr\u00e4sentation jedes Bento-\u00e4hnlichen Speisesets auf.<\/p>\n\n\n\n<p><strong>Anpassbare Bento-Konfigurationen:<\/strong> Unsere Papierboxen f\u00fcr den Gro\u00dfhandel sind hinsichtlich der Gr\u00f6\u00dfe der Trennw\u00e4nde, der Abmessungen der Boxen, der Farben und der Branding-Elemente (Logos\/Grafiken) vollst\u00e4ndig anpassbar. Diese Papier-Bento-Boxen lassen sich an bestimmte Lebensmittelsortimente und Markenidentit\u00e4ten anpassen.<\/p>\n\n\n\n<p><strong>Gro\u00dfhandel &amp; Gro\u00dflieferungen:<\/strong> Richtet sich an B\u00e4ckereien, Restaurantketten, Lebensmittellieferplattformen, Lebensmittelmarkeninhaber und Verpackungsgro\u00dfh\u00e4ndler und unterst\u00fctzt die Massenproduktion von OEM\/ODM.<\/p>\n<\/div>\n\n\n\n<div class=\"wp-block-column is-layout-flow wp-block-column-is-layout-flow\">\n<figure class=\"wp-block-image size-full\"><img decoding=\"async\" width=\"1328\" height=\"1328\" src=\"https:\/\/www.yishengpack.com\/wp-content\/uploads\/2026\/01\/Wholesale-Donuts-Cupcake-Containers-Customize-Sauce-Dip-Bento-Boxes-with-Inserts-2.webp\" alt=\"Ma\u00dfgeschneiderte Lebensmittelverpackungen \u2013 Saucen, Dips, Bento-Boxen \u2013 Lieferung 2\" class=\"wp-image-3277\" srcset=\"https:\/\/www.yishengpack.com\/wp-content\/uploads\/2026\/01\/Wholesale-Donuts-Cupcake-Containers-Customize-Sauce-Dip-Bento-Boxes-with-Inserts-2.webp 1328w, https:\/\/www.yishengpack.com\/wp-content\/uploads\/2026\/01\/Wholesale-Donuts-Cupcake-Containers-Customize-Sauce-Dip-Bento-Boxes-with-Inserts-2-300x300.webp 300w, https:\/\/www.yishengpack.com\/wp-content\/uploads\/2026\/01\/Wholesale-Donuts-Cupcake-Containers-Customize-Sauce-Dip-Bento-Boxes-with-Inserts-2-150x150.webp 150w, https:\/\/www.yishengpack.com\/wp-content\/uploads\/2026\/01\/Wholesale-Donuts-Cupcake-Containers-Customize-Sauce-Dip-Bento-Boxes-with-Inserts-2-768x768.webp 768w, https:\/\/www.yishengpack.com\/wp-content\/uploads\/2026\/01\/Wholesale-Donuts-Cupcake-Containers-Customize-Sauce-Dip-Bento-Boxes-with-Inserts-2-12x12.webp 12w, https:\/\/www.yishengpack.com\/wp-content\/uploads\/2026\/01\/Wholesale-Donuts-Cupcake-Containers-Customize-Sauce-Dip-Bento-Boxes-with-Inserts-2-1200x1200.webp 1200w, https:\/\/www.yishengpack.com\/wp-content\/uploads\/2026\/01\/Wholesale-Donuts-Cupcake-Containers-Customize-Sauce-Dip-Bento-Boxes-with-Inserts-2-600x600.webp 600w, https:\/\/www.yishengpack.com\/wp-content\/uploads\/2026\/01\/Wholesale-Donuts-Cupcake-Containers-Customize-Sauce-Dip-Bento-Boxes-with-Inserts-2-100x100.webp 100w\" sizes=\"(max-width: 1328px) 100vw, 1328px\" \/><\/figure>\n<\/div>\n<\/div>\n\n\n\n<div class=\"wp-block-columns is-layout-flex wp-container-core-columns-is-layout-9d6595d7 wp-block-columns-is-layout-flex\">\n<div class=\"wp-block-column is-layout-flow wp-block-column-is-layout-flow\">\n<figure class=\"wp-block-image size-full\"><img decoding=\"async\" width=\"1328\" height=\"1328\" src=\"https:\/\/www.yishengpack.com\/wp-content\/uploads\/2026\/01\/Wholesale-Donuts-Cupcake-Containers-Customize-Sauce-Dip-Bento-Boxes-with-Inserts-6.webp\" alt=\"Ma\u00dfgeschneiderte Lebensmittelverpackungen \u2013 Saucen, Dips, Bento-Boxen \u2013 Lieferung 6\" class=\"wp-image-3281\" srcset=\"https:\/\/www.yishengpack.com\/wp-content\/uploads\/2026\/01\/Wholesale-Donuts-Cupcake-Containers-Customize-Sauce-Dip-Bento-Boxes-with-Inserts-6.webp 1328w, https:\/\/www.yishengpack.com\/wp-content\/uploads\/2026\/01\/Wholesale-Donuts-Cupcake-Containers-Customize-Sauce-Dip-Bento-Boxes-with-Inserts-6-300x300.webp 300w, https:\/\/www.yishengpack.com\/wp-content\/uploads\/2026\/01\/Wholesale-Donuts-Cupcake-Containers-Customize-Sauce-Dip-Bento-Boxes-with-Inserts-6-150x150.webp 150w, https:\/\/www.yishengpack.com\/wp-content\/uploads\/2026\/01\/Wholesale-Donuts-Cupcake-Containers-Customize-Sauce-Dip-Bento-Boxes-with-Inserts-6-768x768.webp 768w, https:\/\/www.yishengpack.com\/wp-content\/uploads\/2026\/01\/Wholesale-Donuts-Cupcake-Containers-Customize-Sauce-Dip-Bento-Boxes-with-Inserts-6-12x12.webp 12w, https:\/\/www.yishengpack.com\/wp-content\/uploads\/2026\/01\/Wholesale-Donuts-Cupcake-Containers-Customize-Sauce-Dip-Bento-Boxes-with-Inserts-6-1200x1200.webp 1200w, https:\/\/www.yishengpack.com\/wp-content\/uploads\/2026\/01\/Wholesale-Donuts-Cupcake-Containers-Customize-Sauce-Dip-Bento-Boxes-with-Inserts-6-600x600.webp 600w, https:\/\/www.yishengpack.com\/wp-content\/uploads\/2026\/01\/Wholesale-Donuts-Cupcake-Containers-Customize-Sauce-Dip-Bento-Boxes-with-Inserts-6-100x100.webp 100w\" sizes=\"(max-width: 1328px) 100vw, 1328px\" \/><\/figure>\n\n\n\n<div class=\"wp-block-buttons has-custom-font-size has-small-font-size is-content-justification-center is-layout-flex wp-container-core-buttons-is-layout-16018d1d wp-block-buttons-is-layout-flex\">\n<div class=\"wp-block-button has-custom-width wp-block-button__width-75\"><a class=\"wp-block-button__link has-background has-small-font-size has-custom-font-size wp-element-button\" href=\"https:\/\/www.yishengpack.com\/de\/custom-printed-box\/\" style=\"background:linear-gradient(135deg,rgb(254,205,165) 0%,rgb(254,45,45) 0%,rgb(94,15,15) 0%,rgb(94,15,15) 100%)\" target=\"_blank\" rel=\"noreferrer noopener\"><strong>Entdecken Sie individuell bedruckte Boxen<\/strong><\/a><\/div>\n<\/div>\n<\/div>\n\n\n\n<div class=\"wp-block-column is-layout-flow wp-block-column-is-layout-flow\">\n<figure class=\"wp-block-image size-full\"><img decoding=\"async\" width=\"1328\" height=\"1328\" src=\"https:\/\/www.yishengpack.com\/wp-content\/uploads\/2026\/01\/Wholesale-Donuts-Cupcake-Containers-Customize-Sauce-Dip-Bento-Boxes-with-Inserts-7.webp\" alt=\"Ma\u00dfgeschneiderte Lebensmittelverpackungen \u2013 Saucen, Dips, Bento-Boxen \u2013 Lieferung 7\" class=\"wp-image-3282\" srcset=\"https:\/\/www.yishengpack.com\/wp-content\/uploads\/2026\/01\/Wholesale-Donuts-Cupcake-Containers-Customize-Sauce-Dip-Bento-Boxes-with-Inserts-7.webp 1328w, https:\/\/www.yishengpack.com\/wp-content\/uploads\/2026\/01\/Wholesale-Donuts-Cupcake-Containers-Customize-Sauce-Dip-Bento-Boxes-with-Inserts-7-300x300.webp 300w, https:\/\/www.yishengpack.com\/wp-content\/uploads\/2026\/01\/Wholesale-Donuts-Cupcake-Containers-Customize-Sauce-Dip-Bento-Boxes-with-Inserts-7-150x150.webp 150w, https:\/\/www.yishengpack.com\/wp-content\/uploads\/2026\/01\/Wholesale-Donuts-Cupcake-Containers-Customize-Sauce-Dip-Bento-Boxes-with-Inserts-7-768x768.webp 768w, https:\/\/www.yishengpack.com\/wp-content\/uploads\/2026\/01\/Wholesale-Donuts-Cupcake-Containers-Customize-Sauce-Dip-Bento-Boxes-with-Inserts-7-12x12.webp 12w, https:\/\/www.yishengpack.com\/wp-content\/uploads\/2026\/01\/Wholesale-Donuts-Cupcake-Containers-Customize-Sauce-Dip-Bento-Boxes-with-Inserts-7-1200x1200.webp 1200w, https:\/\/www.yishengpack.com\/wp-content\/uploads\/2026\/01\/Wholesale-Donuts-Cupcake-Containers-Customize-Sauce-Dip-Bento-Boxes-with-Inserts-7-600x600.webp 600w, https:\/\/www.yishengpack.com\/wp-content\/uploads\/2026\/01\/Wholesale-Donuts-Cupcake-Containers-Customize-Sauce-Dip-Bento-Boxes-with-Inserts-7-100x100.webp 100w\" sizes=\"(max-width: 1328px) 100vw, 1328px\" \/><\/figure>\n\n\n\n<div class=\"wp-block-buttons has-custom-font-size has-small-font-size is-content-justification-center is-layout-flex wp-container-core-buttons-is-layout-16018d1d wp-block-buttons-is-layout-flex\">\n<div class=\"wp-block-button has-custom-width wp-block-button__width-75\"><a class=\"wp-block-button__link has-background has-small-font-size has-custom-font-size wp-element-button\" href=\"https:\/\/www.yishengpack.com\/de\/custom-product-boxes-types\/\" style=\"background:linear-gradient(135deg,rgb(254,205,165) 0%,rgb(254,45,45) 0%,rgb(94,15,15) 0%,rgb(94,15,15) 100%)\" target=\"_blank\" rel=\"noreferrer noopener\"><strong>Benutzerdefinierte Box-Typen erkunden<\/strong><\/a><\/div>\n<\/div>\n<\/div>\n<\/div>","protected":false},"excerpt":{"rendered":"<div class=\"auto-hide-last-sibling-br paragraph-pP9ZLC paragraph-element br-paragraph-space\">\n<p>Willkommen beim Kauf unserer ma\u00dfgeschneiderten Lebensmittelverpackungsboxen und Papierboxen f\u00fcr Saucen und Dips, die f\u00fcr B\u00e4ckereien, Lebensmittelmarken und Catering-Unternehmen entwickelt wurden. Diese individuell bedruckten Verpackungsboxen aus lebensmittelechten Papiermaterialien sind fettbest\u00e4ndig, verf\u00fcgen \u00fcber sichere Eins\u00e4tze und sind in flexiblen Gr\u00f6\u00dfen f\u00fcr Gro\u00dfbestellungen erh\u00e4ltlich \u2013 ideal f\u00fcr Partys, Snackverpackungen, Take-away-Gerichte und gewerbliche Gastronomieanwendungen.<\/p>\n<h2>Highlights von ma\u00dfgeschneiderten Lebensmittelverpackungen<\/h2>\n<ul>\n<li>Pers\u00f6nliche Anpassung<\/li>\n<li>Umweltfreundliche Materialauswahl<\/li>\n<li>Lebensmittelechte Innenauskleidung<\/li>\n<li>Zahlreiche Druckverfahren<\/li>\n<li>Mehrere Farben<\/li>\n<li>Vielseitige Kapazit\u00e4tsoptionen<\/li>\n<li>Verschiedene Box-Typen<\/li>\n<li>Anpassbare Facheins\u00e4tze<\/li>\n<\/ul>\n<\/div>","protected":false},"featured_media":3276,"comment_status":"closed","ping_status":"closed","template":"","meta":{"_acf_changed":false},"box-type":[55],"product_brand":[],"product_cat":[46,30,32,33,71,44,45],"product_tag":[],"class_list":{"0":"post-3275","1":"product","2":"type-product","3":"status-publish","4":"has-post-thumbnail","6":"box-type-custom-foldable-boxes","7":"product_cat-wholesale-paper-boxes","8":"product_cat-cake-containers-wholesale","9":"product_cat-bakery-packaging-wholesale","10":"product_cat-food-packaging-boxes-wholesale","11":"product_cat-custom-takeout-boxes","12":"product_cat-custom-snack-box","13":"product_cat-bulk-disposable-food-containers","15":"first","16":"instock","17":"shipping-taxable","18":"product-type-simple"},"acf":[],"_links":{"self":[{"href":"https:\/\/www.yishengpack.com\/de\/wp-json\/wp\/v2\/product\/3275","targetHints":{"allow":["GET"]}}],"collection":[{"href":"https:\/\/www.yishengpack.com\/de\/wp-json\/wp\/v2\/product"}],"about":[{"href":"https:\/\/www.yishengpack.com\/de\/wp-json\/wp\/v2\/types\/product"}],"replies":[{"embeddable":true,"href":"https:\/\/www.yishengpack.com\/de\/wp-json\/wp\/v2\/comments?post=3275"}],"wp:featuredmedia":[{"embeddable":true,"href":"https:\/\/www.yishengpack.com\/de\/wp-json\/wp\/v2\/media\/3276"}],"wp:attachment":[{"href":"https:\/\/www.yishengpack.com\/de\/wp-json\/wp\/v2\/media?parent=3275"}],"wp:term":[{"taxonomy":"box-type","embeddable":true,"href":"https:\/\/www.yishengpack.com\/de\/wp-json\/wp\/v2\/box-type?post=3275"},{"taxonomy":"product_brand","embeddable":true,"href":"https:\/\/www.yishengpack.com\/de\/wp-json\/wp\/v2\/product_brand?post=3275"},{"taxonomy":"product_cat","embeddable":true,"href":"https:\/\/www.yishengpack.com\/de\/wp-json\/wp\/v2\/product_cat?post=3275"},{"taxonomy":"product_tag","embeddable":true,"href":"https:\/\/www.yishengpack.com\/de\/wp-json\/wp\/v2\/product_tag?post=3275"}],"curies":[{"name":"wp","href":"https:\/\/api.w.org\/{rel}","templated":true}]}}