{"id":3267,"date":"2026-01-04T03:10:03","date_gmt":"2026-01-04T03:10:03","guid":{"rendered":"https:\/\/www.yishengpack.com\/?post_type=product&#038;p=3267"},"modified":"2026-01-04T03:10:05","modified_gmt":"2026-01-04T03:10:05","slug":"custom-size-cardboard-box-with-lid","status":"publish","type":"product","link":"https:\/\/www.yishengpack.com\/de\/produkt\/custom-size-cardboard-box-with-lid\/","title":{"rendered":"Karton mit Deckel in Sondergr\u00f6\u00dfe, starre Datumsboxen in Gro\u00dfpackung"},"content":{"rendered":"<div class=\"wp-block-columns is-layout-flex wp-container-core-columns-is-layout-9d6595d7 wp-block-columns-is-layout-flex\">\n<div class=\"wp-block-column is-layout-flow wp-block-column-is-layout-flow\">\n<h3 class=\"wp-block-heading\">Merkmale der Kartonschachtel mit Deckel in Sondergr\u00f6\u00dfe<\/h3>\n\n\n\n<p><strong>Starre Kartonschachtel in Sondergr\u00f6\u00dfe: <\/strong>Der Karton mit Deckel in Sondergr\u00f6\u00dfe kann an die Menge und Anordnung des Inhalts der Geschenkbox angepasst werden, wodurch eine stabile Produktpr\u00e4sentation gew\u00e4hrleistet und die Gesamtqualit\u00e4t verbessert wird.<\/p>\n\n\n\n<p><strong>Struktur der Box mit Deckel: <\/strong>Der Karton in Sondergr\u00f6\u00dfe mit Deckel im klassischen Design mit Ober- und Unterdeckel\/Deckelkarton, leicht zu \u00f6ffnen und zu schlie\u00dfen, mit einer stabilen Struktur, geeignet f\u00fcr hochwertige Geschenk- und Lebensmittelverpackungen.<\/p>\n\n\n\n<p><strong>Anpassbare lebensmittelechte Innenschale:<\/strong> Der Karton in Sondergr\u00f6\u00dfe mit Deckel und einer ma\u00dfgeschneiderten, herausnehmbaren, lebensmittelechten Papiertablett. Er ist so geformt, dass er f\u00fcr Datteln (oder kleine, empfindliche Leckereien) unterschiedlicher Gr\u00f6\u00dfe geeignet ist, mit anpassbaren F\u00e4cherlayouts, um einzigartige Produktanordnungen unterzubringen und die Artikel w\u00e4hrend des Transports ordentlich an ihrem Platz zu halten.<\/p>\n\n\n\n<p><strong>Individuell gestaltbare Geschenkverpackung:<\/strong> Diese starre Geschenkbox f\u00fcr Datteln wird mit einer passgenauen Geschenkt\u00fcte aus Papier geliefert. Sie kann optional mit Schleifen, Stoffgriffen oder individuellen Anh\u00e4ngern versehen werden und ist farblich und stilistisch auf die Box abgestimmt, sodass ein einheitliches Markenimage entsteht, das das Schenken zu einem besonderen Erlebnis macht.<\/p>\n\n\n\n<p><strong>Thematische Akzente &amp; Vielseitigkeit der Farben:<\/strong> Diese starre Geschenkbox f\u00fcr Datteln wird in einer Reihe von satten, geschenkfertigen Farbt\u00f6nen angeboten. Sie lassen sich mit anpassbaren thematischen Motiven kombinieren, um sie an kulturelle Traditionen, saisonale Ereignisse oder die \u00c4sthetik einer Marke anzupassen.<\/p>\n\n\n\n<p><strong>Gro\u00dfhandel und OEM-Unterst\u00fctzung: <\/strong>Diese starre Geschenkbox f\u00fcr Datteln im Gro\u00dfhandel unterst\u00fctzt die Massenproduktion und die OEM\/ODM-Anpassung, um den langfristigen Beschaffungsbedarf von Markeninhabern, Gro\u00dfh\u00e4ndlern und Importeuren zu decken.<\/p>\n<\/div>\n\n\n\n<div class=\"wp-block-column is-layout-flow wp-block-column-is-layout-flow\">\n<figure class=\"wp-block-image size-full\"><img decoding=\"async\" width=\"2048\" height=\"2048\" src=\"https:\/\/www.yishengpack.com\/wp-content\/uploads\/2026\/01\/Bulk-Luxury-Dessert-Sweet-Gift-Box-Wholesale-Custom-Rigid-Lid-and-Base-Box-for-Dates-Packaging-2.webp\" alt=\"Karton in Sondergr\u00f6\u00dfe mit Deckel, stabil, f\u00fcr Geschenke, Gro\u00dfpackung 2\" class=\"wp-image-3269\" srcset=\"https:\/\/www.yishengpack.com\/wp-content\/uploads\/2026\/01\/Bulk-Luxury-Dessert-Sweet-Gift-Box-Wholesale-Custom-Rigid-Lid-and-Base-Box-for-Dates-Packaging-2.webp 2048w, https:\/\/www.yishengpack.com\/wp-content\/uploads\/2026\/01\/Bulk-Luxury-Dessert-Sweet-Gift-Box-Wholesale-Custom-Rigid-Lid-and-Base-Box-for-Dates-Packaging-2-300x300.webp 300w, https:\/\/www.yishengpack.com\/wp-content\/uploads\/2026\/01\/Bulk-Luxury-Dessert-Sweet-Gift-Box-Wholesale-Custom-Rigid-Lid-and-Base-Box-for-Dates-Packaging-2-150x150.webp 150w, https:\/\/www.yishengpack.com\/wp-content\/uploads\/2026\/01\/Bulk-Luxury-Dessert-Sweet-Gift-Box-Wholesale-Custom-Rigid-Lid-and-Base-Box-for-Dates-Packaging-2-768x768.webp 768w, https:\/\/www.yishengpack.com\/wp-content\/uploads\/2026\/01\/Bulk-Luxury-Dessert-Sweet-Gift-Box-Wholesale-Custom-Rigid-Lid-and-Base-Box-for-Dates-Packaging-2-12x12.webp 12w, https:\/\/www.yishengpack.com\/wp-content\/uploads\/2026\/01\/Bulk-Luxury-Dessert-Sweet-Gift-Box-Wholesale-Custom-Rigid-Lid-and-Base-Box-for-Dates-Packaging-2-1200x1200.webp 1200w, https:\/\/www.yishengpack.com\/wp-content\/uploads\/2026\/01\/Bulk-Luxury-Dessert-Sweet-Gift-Box-Wholesale-Custom-Rigid-Lid-and-Base-Box-for-Dates-Packaging-2-600x600.webp 600w, https:\/\/www.yishengpack.com\/wp-content\/uploads\/2026\/01\/Bulk-Luxury-Dessert-Sweet-Gift-Box-Wholesale-Custom-Rigid-Lid-and-Base-Box-for-Dates-Packaging-2-100x100.webp 100w\" sizes=\"(max-width: 2048px) 100vw, 2048px\" \/><\/figure>\n<\/div>\n<\/div>\n\n\n\n<div class=\"wp-block-columns is-layout-flex wp-container-core-columns-is-layout-9d6595d7 wp-block-columns-is-layout-flex\">\n<div class=\"wp-block-column is-layout-flow wp-block-column-is-layout-flow\">\n<figure class=\"wp-block-image size-full\"><img decoding=\"async\" width=\"2048\" height=\"2048\" src=\"https:\/\/www.yishengpack.com\/wp-content\/uploads\/2026\/01\/Bulk-Luxury-Dessert-Sweet-Gift-Box-Wholesale-Custom-Rigid-Lid-and-Base-Box-for-Dates-Packaging-3.webp\" alt=\"Karton in Sondergr\u00f6\u00dfe mit Deckel, stabil, f\u00fcr Geschenke, Gro\u00dfpackung, 3 St\u00fcck\" class=\"wp-image-3270\" srcset=\"https:\/\/www.yishengpack.com\/wp-content\/uploads\/2026\/01\/Bulk-Luxury-Dessert-Sweet-Gift-Box-Wholesale-Custom-Rigid-Lid-and-Base-Box-for-Dates-Packaging-3.webp 2048w, https:\/\/www.yishengpack.com\/wp-content\/uploads\/2026\/01\/Bulk-Luxury-Dessert-Sweet-Gift-Box-Wholesale-Custom-Rigid-Lid-and-Base-Box-for-Dates-Packaging-3-300x300.webp 300w, https:\/\/www.yishengpack.com\/wp-content\/uploads\/2026\/01\/Bulk-Luxury-Dessert-Sweet-Gift-Box-Wholesale-Custom-Rigid-Lid-and-Base-Box-for-Dates-Packaging-3-150x150.webp 150w, https:\/\/www.yishengpack.com\/wp-content\/uploads\/2026\/01\/Bulk-Luxury-Dessert-Sweet-Gift-Box-Wholesale-Custom-Rigid-Lid-and-Base-Box-for-Dates-Packaging-3-768x768.webp 768w, https:\/\/www.yishengpack.com\/wp-content\/uploads\/2026\/01\/Bulk-Luxury-Dessert-Sweet-Gift-Box-Wholesale-Custom-Rigid-Lid-and-Base-Box-for-Dates-Packaging-3-12x12.webp 12w, https:\/\/www.yishengpack.com\/wp-content\/uploads\/2026\/01\/Bulk-Luxury-Dessert-Sweet-Gift-Box-Wholesale-Custom-Rigid-Lid-and-Base-Box-for-Dates-Packaging-3-1200x1200.webp 1200w, https:\/\/www.yishengpack.com\/wp-content\/uploads\/2026\/01\/Bulk-Luxury-Dessert-Sweet-Gift-Box-Wholesale-Custom-Rigid-Lid-and-Base-Box-for-Dates-Packaging-3-600x600.webp 600w, https:\/\/www.yishengpack.com\/wp-content\/uploads\/2026\/01\/Bulk-Luxury-Dessert-Sweet-Gift-Box-Wholesale-Custom-Rigid-Lid-and-Base-Box-for-Dates-Packaging-3-100x100.webp 100w\" sizes=\"(max-width: 2048px) 100vw, 2048px\" \/><\/figure>\n\n\n\n<div class=\"wp-block-buttons has-custom-font-size has-small-font-size is-content-justification-center is-layout-flex wp-container-core-buttons-is-layout-16018d1d wp-block-buttons-is-layout-flex\">\n<div class=\"wp-block-button has-custom-width wp-block-button__width-75\"><a class=\"wp-block-button__link has-background has-small-font-size has-custom-font-size wp-element-button\" href=\"https:\/\/www.yishengpack.com\/de\/custom-printed-box\/\" style=\"background:linear-gradient(135deg,rgb(254,205,165) 0%,rgb(254,45,45) 0%,rgb(94,15,15) 0%,rgb(94,15,15) 100%)\" target=\"_blank\" rel=\"noreferrer noopener\"><strong>Entdecken Sie individuell bedruckte Boxen<\/strong><\/a><\/div>\n<\/div>\n<\/div>\n\n\n\n<div class=\"wp-block-column is-layout-flow wp-block-column-is-layout-flow\">\n<figure class=\"wp-block-image size-full\"><img decoding=\"async\" width=\"2048\" height=\"2048\" src=\"https:\/\/www.yishengpack.com\/wp-content\/uploads\/2026\/01\/Bulk-Luxury-Dessert-Sweet-Gift-Box-Wholesale-Custom-Rigid-Lid-and-Base-Box-for-Dates-Packaging-6.webp\" alt=\"Karton in Sondergr\u00f6\u00dfe mit Deckel, stabil, f\u00fcr Geschenke, Gro\u00dfpackung, 6 St\u00fcck\" class=\"wp-image-3273\" srcset=\"https:\/\/www.yishengpack.com\/wp-content\/uploads\/2026\/01\/Bulk-Luxury-Dessert-Sweet-Gift-Box-Wholesale-Custom-Rigid-Lid-and-Base-Box-for-Dates-Packaging-6.webp 2048w, https:\/\/www.yishengpack.com\/wp-content\/uploads\/2026\/01\/Bulk-Luxury-Dessert-Sweet-Gift-Box-Wholesale-Custom-Rigid-Lid-and-Base-Box-for-Dates-Packaging-6-300x300.webp 300w, https:\/\/www.yishengpack.com\/wp-content\/uploads\/2026\/01\/Bulk-Luxury-Dessert-Sweet-Gift-Box-Wholesale-Custom-Rigid-Lid-and-Base-Box-for-Dates-Packaging-6-150x150.webp 150w, https:\/\/www.yishengpack.com\/wp-content\/uploads\/2026\/01\/Bulk-Luxury-Dessert-Sweet-Gift-Box-Wholesale-Custom-Rigid-Lid-and-Base-Box-for-Dates-Packaging-6-768x768.webp 768w, https:\/\/www.yishengpack.com\/wp-content\/uploads\/2026\/01\/Bulk-Luxury-Dessert-Sweet-Gift-Box-Wholesale-Custom-Rigid-Lid-and-Base-Box-for-Dates-Packaging-6-12x12.webp 12w, https:\/\/www.yishengpack.com\/wp-content\/uploads\/2026\/01\/Bulk-Luxury-Dessert-Sweet-Gift-Box-Wholesale-Custom-Rigid-Lid-and-Base-Box-for-Dates-Packaging-6-1200x1200.webp 1200w, https:\/\/www.yishengpack.com\/wp-content\/uploads\/2026\/01\/Bulk-Luxury-Dessert-Sweet-Gift-Box-Wholesale-Custom-Rigid-Lid-and-Base-Box-for-Dates-Packaging-6-600x600.webp 600w, https:\/\/www.yishengpack.com\/wp-content\/uploads\/2026\/01\/Bulk-Luxury-Dessert-Sweet-Gift-Box-Wholesale-Custom-Rigid-Lid-and-Base-Box-for-Dates-Packaging-6-100x100.webp 100w\" sizes=\"(max-width: 2048px) 100vw, 2048px\" \/><\/figure>\n\n\n\n<div class=\"wp-block-buttons has-custom-font-size has-small-font-size is-content-justification-center is-layout-flex wp-container-core-buttons-is-layout-16018d1d wp-block-buttons-is-layout-flex\">\n<div class=\"wp-block-button has-custom-width wp-block-button__width-75\"><a class=\"wp-block-button__link has-background has-small-font-size has-custom-font-size wp-element-button\" href=\"https:\/\/www.yishengpack.com\/de\/custom-box-inserts-accessories\/\" style=\"background:linear-gradient(135deg,rgb(254,205,165) 0%,rgb(254,45,45) 0%,rgb(94,15,15) 0%,rgb(94,15,15) 100%)\" target=\"_blank\" rel=\"noreferrer noopener\"><strong>Custom Box Inserts erforschen<\/strong><\/a><\/div>\n<\/div>\n<\/div>\n<\/div>","protected":false},"excerpt":{"rendered":"<div class=\"auto-hide-last-sibling-br paragraph-pP9ZLC paragraph-element br-paragraph-space\">\n<p>Willkommen beim Kauf unserer ma\u00dfgeschneiderten Kartonschachtel mit Deckel f\u00fcr luxuri\u00f6se Geschenkverpackungen f\u00fcr Datteln, die f\u00fcr Gro\u00dfhandelsbestellungen konzipiert ist. Diese stabile Geschenkbox f\u00fcr Datteln verf\u00fcgt \u00fcber eine robuste Kartonstruktur, einen hochwertigen Sonderdruck und optionale lebensmittelechte Einlagen. Sie eignet sich ideal f\u00fcr OEM-Geschenkverpackungen f\u00fcr Datteln, verbessert die Produktpr\u00e4sentation und gew\u00e4hrleistet gleichzeitig einen sicheren Transport. Perfekt f\u00fcr Marken, Gro\u00dfh\u00e4ndler und Distributoren, die auf den Markt f\u00fcr hochwertige Geschenke abzielen.<\/p>\n<h2>Highlights der Kartonbox mit Deckel in Sondergr\u00f6\u00dfe<\/h2>\n<ul>\n<li>High-End-Anpassung<\/li>\n<li>Umweltfreundliche Materialien<\/li>\n<li>Umfassende Druckkunst<\/li>\n<li>Vielseitige Gr\u00f6\u00dfenoptionen<\/li>\n<li>Reichhaltige Farbvielfalt<\/li>\n<li>Individuelle Fachkonfigurationen<\/li>\n<li>Langlebige Konstruktion<\/li>\n<li>Langlebige Geschenkt\u00fcten-Kombinationen\u2028<\/li>\n<\/ul>\n<\/div>","protected":false},"featured_media":3268,"comment_status":"closed","ping_status":"closed","template":"","meta":{"_acf_changed":false},"box-type":[55,57,61],"product_brand":[],"product_cat":[19,41,68,46,33,44],"product_tag":[],"class_list":{"0":"post-3267","1":"product","2":"type-product","3":"status-publish","4":"has-post-thumbnail","6":"box-type-custom-foldable-boxes","7":"box-type-custom-rigid-box-with-lid","8":"box-type-custom-two-piece-boxes","9":"product_cat-luxury-gift-boxes-wholesale","10":"product_cat-candy-gift-boxes-wholesale","11":"product_cat-custom-dates-box","12":"product_cat-wholesale-paper-boxes","13":"product_cat-food-packaging-boxes-wholesale","14":"product_cat-custom-snack-box","16":"first","17":"instock","18":"shipping-taxable","19":"product-type-simple"},"acf":[],"_links":{"self":[{"href":"https:\/\/www.yishengpack.com\/de\/wp-json\/wp\/v2\/product\/3267","targetHints":{"allow":["GET"]}}],"collection":[{"href":"https:\/\/www.yishengpack.com\/de\/wp-json\/wp\/v2\/product"}],"about":[{"href":"https:\/\/www.yishengpack.com\/de\/wp-json\/wp\/v2\/types\/product"}],"replies":[{"embeddable":true,"href":"https:\/\/www.yishengpack.com\/de\/wp-json\/wp\/v2\/comments?post=3267"}],"wp:featuredmedia":[{"embeddable":true,"href":"https:\/\/www.yishengpack.com\/de\/wp-json\/wp\/v2\/media\/3268"}],"wp:attachment":[{"href":"https:\/\/www.yishengpack.com\/de\/wp-json\/wp\/v2\/media?parent=3267"}],"wp:term":[{"taxonomy":"box-type","embeddable":true,"href":"https:\/\/www.yishengpack.com\/de\/wp-json\/wp\/v2\/box-type?post=3267"},{"taxonomy":"product_brand","embeddable":true,"href":"https:\/\/www.yishengpack.com\/de\/wp-json\/wp\/v2\/product_brand?post=3267"},{"taxonomy":"product_cat","embeddable":true,"href":"https:\/\/www.yishengpack.com\/de\/wp-json\/wp\/v2\/product_cat?post=3267"},{"taxonomy":"product_tag","embeddable":true,"href":"https:\/\/www.yishengpack.com\/de\/wp-json\/wp\/v2\/product_tag?post=3267"}],"curies":[{"name":"wp","href":"https:\/\/api.w.org\/{rel}","templated":true}]}}