{"id":3255,"date":"2026-01-04T01:51:03","date_gmt":"2026-01-04T01:51:03","guid":{"rendered":"https:\/\/www.yishengpack.com\/?post_type=product&#038;p=3255"},"modified":"2026-01-04T01:51:04","modified_gmt":"2026-01-04T01:51:04","slug":"chocolate-dates-gift-boxes-wholesale","status":"publish","type":"product","link":"https:\/\/www.yishengpack.com\/de\/produkt\/chocolate-dates-gift-boxes-wholesale\/","title":{"rendered":"Schokoladen-Dattel-Geschenkboxen Gro\u00dfhandel, individuelle Magnetboxen"},"content":{"rendered":"<div class=\"wp-block-columns is-layout-flex wp-container-core-columns-is-layout-9d6595d7 wp-block-columns-is-layout-flex\">\n<div class=\"wp-block-column is-layout-flow wp-block-column-is-layout-flow\">\n<h3 class=\"wp-block-heading\">Merkmale von Schokoladen-Dattel-Geschenkboxen im Gro\u00dfhandel<\/h3>\n\n\n\n<p><strong>Magnetverschluss f\u00fcr m\u00fchelosen Luxus: <\/strong>Diese Geschenkboxen mit Schokoladendatteln f\u00fcr den Gro\u00dfhandel verf\u00fcgen \u00fcber einen sauberen Magnetverschluss, der fest schlie\u00dft und ein hochwertiges, frustfreies Auspackerlebnis bietet, wodurch sie sich hervorragend als Verpackung f\u00fcr Geschenke eignen.<\/p>\n\n\n\n<p><strong>Entworfen f\u00fcr die Verpackung von Schokoladen-Datteln:<\/strong> Diese ma\u00dfgefertigten Schachteln mit Magnetverschluss k\u00f6nnen in ihrer Gr\u00f6\u00dfe angepasst und ihre Innenstruktur entsprechend der Menge und den Spezifikationen der Schokoladen-Datteln individuell gestaltet werden, wodurch eine ordentliche, sch\u00f6ne und stabile Produktpr\u00e4sentation gew\u00e4hrleistet ist.<\/p>\n\n\n\n<p><strong>Individuelle Eins\u00e4tze erh\u00e4ltlich:<\/strong> Diese Schokoladen-Dattel-Geschenkboxen f\u00fcr den Gro\u00dfhandel k\u00f6nnen optional mit Einlagen aus geformter Zellulose, Papiertrays, EVA, Flock oder PET f\u00fcr einzelne oder mehrere Datteln ausgestattet werden, um den Schutz und die Pr\u00e4sentation zu verbessern.<\/p>\n\n\n\n<p><strong>Individuell gestaltbare Geschenkverpackung:<\/strong> Diese Geschenkboxen mit Schokoladendatteln im Gro\u00dfhandel enthalten eine vollst\u00e4ndig anpassbare, passende Geschenkt\u00fcte aus Papier (mit optionalen B\u00e4ndern) \u2013 passend zum Design der Box f\u00fcr ein einheitliches, markengerechtes Geschenk.<\/p>\n\n\n\n<p><strong>Hochwertige Papierkonstruktion: <\/strong>Diese ma\u00dfgefertigten Boxen mit Magnetverschluss werden aus hochwertigem Papier hergestellt und bieten eine ausgewogene Balance zwischen Langlebigkeit und einer raffinierten Haptik. Bietet umfassende Anpassungsdienstleistungen aus einer Hand, vom strukturellen Design \u00fcber die Bemusterung bis hin zur Massenproduktion.<\/p>\n\n\n\n<p><strong>Vielseitige Farbpalettenoptionen:<\/strong> Diese individuell gestaltbaren Schachteln mit Magnetverschluss sind in edlen, geschenktauglichen Farbt\u00f6nen (Burgunderrot, Marineblau, Salbeigr\u00fcn) erh\u00e4ltlich und k\u00f6nnen an saisonale Themen oder die \u00c4sthetik Ihrer Marke angepasst werden.<\/p>\n<\/div>\n\n\n\n<div class=\"wp-block-column is-layout-flow wp-block-column-is-layout-flow\">\n<figure class=\"wp-block-image size-full\"><img decoding=\"async\" width=\"2048\" height=\"2048\" src=\"https:\/\/www.yishengpack.com\/wp-content\/uploads\/2025\/12\/Wholesale-Luxury-Dates-Gift-Boxes-Customized-Magnetic-Boxes-for-Dates-Chocolate-Packing-2.webp\" alt=\"Schokolade-Datteln-Geschenkboxen-Gro\u00dfhandel-individuelle-Magnetboxen-2\" class=\"wp-image-3257\" srcset=\"https:\/\/www.yishengpack.com\/wp-content\/uploads\/2025\/12\/Wholesale-Luxury-Dates-Gift-Boxes-Customized-Magnetic-Boxes-for-Dates-Chocolate-Packing-2.webp 2048w, https:\/\/www.yishengpack.com\/wp-content\/uploads\/2025\/12\/Wholesale-Luxury-Dates-Gift-Boxes-Customized-Magnetic-Boxes-for-Dates-Chocolate-Packing-2-300x300.webp 300w, https:\/\/www.yishengpack.com\/wp-content\/uploads\/2025\/12\/Wholesale-Luxury-Dates-Gift-Boxes-Customized-Magnetic-Boxes-for-Dates-Chocolate-Packing-2-150x150.webp 150w, https:\/\/www.yishengpack.com\/wp-content\/uploads\/2025\/12\/Wholesale-Luxury-Dates-Gift-Boxes-Customized-Magnetic-Boxes-for-Dates-Chocolate-Packing-2-768x768.webp 768w, https:\/\/www.yishengpack.com\/wp-content\/uploads\/2025\/12\/Wholesale-Luxury-Dates-Gift-Boxes-Customized-Magnetic-Boxes-for-Dates-Chocolate-Packing-2-12x12.webp 12w, https:\/\/www.yishengpack.com\/wp-content\/uploads\/2025\/12\/Wholesale-Luxury-Dates-Gift-Boxes-Customized-Magnetic-Boxes-for-Dates-Chocolate-Packing-2-1200x1200.webp 1200w, https:\/\/www.yishengpack.com\/wp-content\/uploads\/2025\/12\/Wholesale-Luxury-Dates-Gift-Boxes-Customized-Magnetic-Boxes-for-Dates-Chocolate-Packing-2-600x600.webp 600w, https:\/\/www.yishengpack.com\/wp-content\/uploads\/2025\/12\/Wholesale-Luxury-Dates-Gift-Boxes-Customized-Magnetic-Boxes-for-Dates-Chocolate-Packing-2-100x100.webp 100w\" sizes=\"(max-width: 2048px) 100vw, 2048px\" \/><\/figure>\n<\/div>\n<\/div>\n\n\n\n<div class=\"wp-block-columns is-layout-flex wp-container-core-columns-is-layout-9d6595d7 wp-block-columns-is-layout-flex\">\n<div class=\"wp-block-column is-layout-flow wp-block-column-is-layout-flow\">\n<figure class=\"wp-block-image size-full\"><img decoding=\"async\" width=\"2048\" height=\"2048\" src=\"https:\/\/www.yishengpack.com\/wp-content\/uploads\/2025\/12\/Wholesale-Luxury-Dates-Gift-Boxes-Customized-Magnetic-Boxes-for-Dates-Chocolate-Packing-4.webp\" alt=\"Schokolade-Datteln-Geschenkboxen-Gro\u00dfhandel-Individuelle-Magnetboxen-4\" class=\"wp-image-3259\" srcset=\"https:\/\/www.yishengpack.com\/wp-content\/uploads\/2025\/12\/Wholesale-Luxury-Dates-Gift-Boxes-Customized-Magnetic-Boxes-for-Dates-Chocolate-Packing-4.webp 2048w, https:\/\/www.yishengpack.com\/wp-content\/uploads\/2025\/12\/Wholesale-Luxury-Dates-Gift-Boxes-Customized-Magnetic-Boxes-for-Dates-Chocolate-Packing-4-300x300.webp 300w, https:\/\/www.yishengpack.com\/wp-content\/uploads\/2025\/12\/Wholesale-Luxury-Dates-Gift-Boxes-Customized-Magnetic-Boxes-for-Dates-Chocolate-Packing-4-150x150.webp 150w, https:\/\/www.yishengpack.com\/wp-content\/uploads\/2025\/12\/Wholesale-Luxury-Dates-Gift-Boxes-Customized-Magnetic-Boxes-for-Dates-Chocolate-Packing-4-768x768.webp 768w, https:\/\/www.yishengpack.com\/wp-content\/uploads\/2025\/12\/Wholesale-Luxury-Dates-Gift-Boxes-Customized-Magnetic-Boxes-for-Dates-Chocolate-Packing-4-12x12.webp 12w, https:\/\/www.yishengpack.com\/wp-content\/uploads\/2025\/12\/Wholesale-Luxury-Dates-Gift-Boxes-Customized-Magnetic-Boxes-for-Dates-Chocolate-Packing-4-1200x1200.webp 1200w, https:\/\/www.yishengpack.com\/wp-content\/uploads\/2025\/12\/Wholesale-Luxury-Dates-Gift-Boxes-Customized-Magnetic-Boxes-for-Dates-Chocolate-Packing-4-600x600.webp 600w, https:\/\/www.yishengpack.com\/wp-content\/uploads\/2025\/12\/Wholesale-Luxury-Dates-Gift-Boxes-Customized-Magnetic-Boxes-for-Dates-Chocolate-Packing-4-100x100.webp 100w\" sizes=\"(max-width: 2048px) 100vw, 2048px\" \/><\/figure>\n\n\n\n<div class=\"wp-block-buttons has-custom-font-size has-small-font-size is-content-justification-center is-layout-flex wp-container-core-buttons-is-layout-16018d1d wp-block-buttons-is-layout-flex\">\n<div class=\"wp-block-button has-custom-width wp-block-button__width-75\"><a class=\"wp-block-button__link has-background has-small-font-size has-custom-font-size wp-element-button\" href=\"https:\/\/www.yishengpack.com\/de\/custom-printed-box\/\" style=\"background:linear-gradient(135deg,rgb(254,205,165) 0%,rgb(254,45,45) 0%,rgb(94,15,15) 0%,rgb(94,15,15) 100%)\" target=\"_blank\" rel=\"noreferrer noopener\"><strong>Entdecken Sie individuell bedruckte Boxen<\/strong><\/a><\/div>\n<\/div>\n<\/div>\n\n\n\n<div class=\"wp-block-column is-layout-flow wp-block-column-is-layout-flow\">\n<figure class=\"wp-block-image size-full\"><img decoding=\"async\" width=\"2048\" height=\"2048\" src=\"https:\/\/www.yishengpack.com\/wp-content\/uploads\/2025\/12\/Wholesale-Luxury-Dates-Gift-Boxes-Customized-Magnetic-Boxes-for-Dates-Chocolate-Packing-7.webp\" alt=\"Schokolade-Datteln-Geschenkboxen-Gro\u00dfhandel-individuelle-Magnetboxen-7\" class=\"wp-image-3262\" srcset=\"https:\/\/www.yishengpack.com\/wp-content\/uploads\/2025\/12\/Wholesale-Luxury-Dates-Gift-Boxes-Customized-Magnetic-Boxes-for-Dates-Chocolate-Packing-7.webp 2048w, https:\/\/www.yishengpack.com\/wp-content\/uploads\/2025\/12\/Wholesale-Luxury-Dates-Gift-Boxes-Customized-Magnetic-Boxes-for-Dates-Chocolate-Packing-7-300x300.webp 300w, https:\/\/www.yishengpack.com\/wp-content\/uploads\/2025\/12\/Wholesale-Luxury-Dates-Gift-Boxes-Customized-Magnetic-Boxes-for-Dates-Chocolate-Packing-7-150x150.webp 150w, https:\/\/www.yishengpack.com\/wp-content\/uploads\/2025\/12\/Wholesale-Luxury-Dates-Gift-Boxes-Customized-Magnetic-Boxes-for-Dates-Chocolate-Packing-7-768x768.webp 768w, https:\/\/www.yishengpack.com\/wp-content\/uploads\/2025\/12\/Wholesale-Luxury-Dates-Gift-Boxes-Customized-Magnetic-Boxes-for-Dates-Chocolate-Packing-7-12x12.webp 12w, https:\/\/www.yishengpack.com\/wp-content\/uploads\/2025\/12\/Wholesale-Luxury-Dates-Gift-Boxes-Customized-Magnetic-Boxes-for-Dates-Chocolate-Packing-7-1200x1200.webp 1200w, https:\/\/www.yishengpack.com\/wp-content\/uploads\/2025\/12\/Wholesale-Luxury-Dates-Gift-Boxes-Customized-Magnetic-Boxes-for-Dates-Chocolate-Packing-7-600x600.webp 600w, https:\/\/www.yishengpack.com\/wp-content\/uploads\/2025\/12\/Wholesale-Luxury-Dates-Gift-Boxes-Customized-Magnetic-Boxes-for-Dates-Chocolate-Packing-7-100x100.webp 100w\" sizes=\"(max-width: 2048px) 100vw, 2048px\" \/><\/figure>\n\n\n\n<div class=\"wp-block-buttons has-custom-font-size has-small-font-size is-content-justification-center is-layout-flex wp-container-core-buttons-is-layout-16018d1d wp-block-buttons-is-layout-flex\">\n<div class=\"wp-block-button has-custom-width wp-block-button__width-75\"><a class=\"wp-block-button__link has-background has-small-font-size has-custom-font-size wp-element-button\" href=\"https:\/\/www.yishengpack.com\/de\/custom-box-inserts-accessories\/\" style=\"background:linear-gradient(135deg,rgb(254,205,165) 0%,rgb(254,45,45) 0%,rgb(94,15,15) 0%,rgb(94,15,15) 100%)\" target=\"_blank\" rel=\"noreferrer noopener\"><strong>Custom Box Inserts erforschen<\/strong><\/a><\/div>\n<\/div>\n<\/div>\n<\/div>","protected":false},"excerpt":{"rendered":"<div class=\"auto-hide-last-sibling-br paragraph-pP9ZLC paragraph-element br-paragraph-space\">\n<p>Willkommen beim Gro\u00dfhandelskauf unserer Geschenkboxen f\u00fcr Schokoladendatteln mit individuellem Magnetverschlussdesign, ideal f\u00fcr hochwertige Lebensmittel- und Geschenkverpackungen. Diese individuellen Magnetgeschenkboxen zeichnen sich durch eine stabile, faltbare Struktur aus lebensmittelechten Materialien, anpassbaren Einlagen und hochwertigen Druckveredelungen aus. Perfekt f\u00fcr Gro\u00dfbestellungen, Eigenmarken und OEM-Verpackungsl\u00f6sungen f\u00fcr Schokoladendatteln, S\u00fc\u00dfigkeiten und luxuri\u00f6se Lebensmittelgeschenke. Individuelle Luxus-Geschenkboxen f\u00fcr Datteln.<\/p>\n<h2>Highlights der Schokoladen-Dattel-Geschenkboxen im Gro\u00dfhandel<\/h2>\n<ul>\n<li>Sicherer Magnetverschluss<\/li>\n<li>Personalisierte Anpassung<\/li>\n<li>Wasserfeste Materialien<\/li>\n<li>Exquisite Handwerkskunst<\/li>\n<li>Vielseitige Gr\u00f6\u00dfenoptionen<\/li>\n<li>Mehrere Farben zur Auswahl<\/li>\n<li>Luxuri\u00f6se Futterdetails<\/li>\n<li>Langlebige Konstruktion<\/li>\n<\/ul>\n<\/div>","protected":false},"featured_media":3256,"comment_status":"closed","ping_status":"closed","template":"","meta":{"_acf_changed":false},"box-type":[54,57],"product_brand":[],"product_cat":[46,19,41,68,33,44],"product_tag":[],"class_list":{"0":"post-3255","1":"product","2":"type-product","3":"status-publish","4":"has-post-thumbnail","6":"box-type-custom-magnetic-closure-boxes","7":"box-type-custom-rigid-box-with-lid","8":"product_cat-wholesale-paper-boxes","9":"product_cat-luxury-gift-boxes-wholesale","10":"product_cat-candy-gift-boxes-wholesale","11":"product_cat-custom-dates-box","12":"product_cat-food-packaging-boxes-wholesale","13":"product_cat-custom-snack-box","15":"first","16":"instock","17":"shipping-taxable","18":"product-type-simple"},"acf":[],"_links":{"self":[{"href":"https:\/\/www.yishengpack.com\/de\/wp-json\/wp\/v2\/product\/3255","targetHints":{"allow":["GET"]}}],"collection":[{"href":"https:\/\/www.yishengpack.com\/de\/wp-json\/wp\/v2\/product"}],"about":[{"href":"https:\/\/www.yishengpack.com\/de\/wp-json\/wp\/v2\/types\/product"}],"replies":[{"embeddable":true,"href":"https:\/\/www.yishengpack.com\/de\/wp-json\/wp\/v2\/comments?post=3255"}],"wp:featuredmedia":[{"embeddable":true,"href":"https:\/\/www.yishengpack.com\/de\/wp-json\/wp\/v2\/media\/3256"}],"wp:attachment":[{"href":"https:\/\/www.yishengpack.com\/de\/wp-json\/wp\/v2\/media?parent=3255"}],"wp:term":[{"taxonomy":"box-type","embeddable":true,"href":"https:\/\/www.yishengpack.com\/de\/wp-json\/wp\/v2\/box-type?post=3255"},{"taxonomy":"product_brand","embeddable":true,"href":"https:\/\/www.yishengpack.com\/de\/wp-json\/wp\/v2\/product_brand?post=3255"},{"taxonomy":"product_cat","embeddable":true,"href":"https:\/\/www.yishengpack.com\/de\/wp-json\/wp\/v2\/product_cat?post=3255"},{"taxonomy":"product_tag","embeddable":true,"href":"https:\/\/www.yishengpack.com\/de\/wp-json\/wp\/v2\/product_tag?post=3255"}],"curies":[{"name":"wp","href":"https:\/\/api.w.org\/{rel}","templated":true}]}}