{"id":3246,"date":"2026-01-03T10:30:27","date_gmt":"2026-01-03T10:30:27","guid":{"rendered":"https:\/\/www.yishengpack.com\/?post_type=product&#038;p=3246"},"modified":"2026-01-03T10:30:28","modified_gmt":"2026-01-03T10:30:28","slug":"wholesale-dates-gift-boxes","status":"publish","type":"product","link":"https:\/\/www.yishengpack.com\/de\/produkt\/wholesale-dates-gift-boxes\/","title":{"rendered":"Hochwertige Gro\u00dfhandels-Geschenkboxen f\u00fcr Datteln, magnetische Boxen in Sondergr\u00f6\u00dfen"},"content":{"rendered":"<div class=\"wp-block-columns is-layout-flex wp-container-core-columns-is-layout-9d6595d7 wp-block-columns-is-layout-flex\">\n<div class=\"wp-block-column is-layout-flow wp-block-column-is-layout-flow\">\n<h3 class=\"wp-block-heading\">Merkmale von Gro\u00dfhandels-Dattel-Geschenkboxen<\/h3>\n\n\n\n<p><strong>Magnetverschluss Raffinesse:<\/strong> Diese hochwertigen Geschenkboxen f\u00fcr Datteln im Gro\u00dfhandel verf\u00fcgen \u00fcber einen nahtlosen Magnetverschluss, der sicher einrastet und ein luxuri\u00f6ses, m\u00fcheloses \u00d6ffnen und Schlie\u00dfen erm\u00f6glicht \u2013 ideal f\u00fcr hochwertige Geschenke.<\/p>\n\n\n\n<p><strong>Anpassbare lebensmittelechte Innenschale:<\/strong> Diese luxuri\u00f6sen Geschenkboxen f\u00fcr Datteln im Gro\u00dfhandel werden mit einer abnehmbaren, lebensmittelechten Papiertablette (f\u00fcr Datteln, Bonbons oder kleine Leckereien) geliefert, die individuell an die jeweiligen Produktformen und Markenauftritte angepasst werden kann.<\/p>\n\n\n\n<p><strong>Strukturierte, starre Papierkonstruktion: <\/strong>Unsere magnetischen Boxen in Sondergr\u00f6\u00dfen werden aus strapazierf\u00e4higem, dickem Karton hergestellt. Diese magnetischen Papierboxen behalten ihre klare Form \u2013 ideal zum Schutz empfindlicher Inhalte und gleichzeitig hochwertig im Erscheinungsbild.<\/p>\n\n\n\n<p><strong>Aufw\u00e4ndige Pr\u00e4gungen und Vergoldungen:<\/strong> Unsere magnetischen Schachteln in Sondergr\u00f6\u00dfen k\u00f6nnen mit gepr\u00e4gten Mustern und Goldfolienakzenten auf der Papierau\u00dfenseite individuell gestaltet werden, was ihnen handwerkliche Eleganz verleiht und sie an die kulturelle oder markenspezifische \u00c4sthetik anpasst.<\/p>\n\n\n\n<p><strong>Vielseitige Gr\u00f6\u00dfe und Anpassungsf\u00e4higkeit der Eins\u00e4tze: <\/strong>Diese hochwertigen Geschenkboxen f\u00fcr Datteln im Gro\u00dfhandel sind in ihren Abmessungen vollst\u00e4ndig anpassbar. Die Magnetpapierboxen unterst\u00fctzen austauschbare Eins\u00e4tze (f\u00fcr S\u00fc\u00dfwaren, kleine Geschenke), um unterschiedlichen Produktanforderungen gerecht zu werden, mit ma\u00dfgeschneiderten Branding-Optionen.<\/p>\n<\/div>\n\n\n\n<div class=\"wp-block-column is-layout-flow wp-block-column-is-layout-flow\">\n<figure class=\"wp-block-image size-full\"><img decoding=\"async\" width=\"1304\" height=\"1304\" src=\"https:\/\/www.yishengpack.com\/wp-content\/uploads\/2025\/12\/Premium-Magnetic-Dates-Packaging-Gift-Boxes-Wholesale-Custom-Size-Boxes-1-2.webp\" alt=\"Premium-Gro\u00dfhandel-Datteln-Geschenkboxen-Sondergr\u00f6\u00dfe-Magnetbox-2\" class=\"wp-image-3248\" srcset=\"https:\/\/www.yishengpack.com\/wp-content\/uploads\/2025\/12\/Premium-Magnetic-Dates-Packaging-Gift-Boxes-Wholesale-Custom-Size-Boxes-1-2.webp 1304w, https:\/\/www.yishengpack.com\/wp-content\/uploads\/2025\/12\/Premium-Magnetic-Dates-Packaging-Gift-Boxes-Wholesale-Custom-Size-Boxes-1-2-300x300.webp 300w, https:\/\/www.yishengpack.com\/wp-content\/uploads\/2025\/12\/Premium-Magnetic-Dates-Packaging-Gift-Boxes-Wholesale-Custom-Size-Boxes-1-2-150x150.webp 150w, https:\/\/www.yishengpack.com\/wp-content\/uploads\/2025\/12\/Premium-Magnetic-Dates-Packaging-Gift-Boxes-Wholesale-Custom-Size-Boxes-1-2-768x768.webp 768w, https:\/\/www.yishengpack.com\/wp-content\/uploads\/2025\/12\/Premium-Magnetic-Dates-Packaging-Gift-Boxes-Wholesale-Custom-Size-Boxes-1-2-12x12.webp 12w, https:\/\/www.yishengpack.com\/wp-content\/uploads\/2025\/12\/Premium-Magnetic-Dates-Packaging-Gift-Boxes-Wholesale-Custom-Size-Boxes-1-2-1200x1200.webp 1200w, https:\/\/www.yishengpack.com\/wp-content\/uploads\/2025\/12\/Premium-Magnetic-Dates-Packaging-Gift-Boxes-Wholesale-Custom-Size-Boxes-1-2-600x600.webp 600w, https:\/\/www.yishengpack.com\/wp-content\/uploads\/2025\/12\/Premium-Magnetic-Dates-Packaging-Gift-Boxes-Wholesale-Custom-Size-Boxes-1-2-100x100.webp 100w\" sizes=\"(max-width: 1304px) 100vw, 1304px\" \/><\/figure>\n<\/div>\n<\/div>\n\n\n\n<div class=\"wp-block-columns is-layout-flex wp-container-core-columns-is-layout-9d6595d7 wp-block-columns-is-layout-flex\">\n<div class=\"wp-block-column is-layout-flow wp-block-column-is-layout-flow\">\n<figure class=\"wp-block-image size-full\"><img decoding=\"async\" width=\"1253\" height=\"1253\" src=\"https:\/\/www.yishengpack.com\/wp-content\/uploads\/2025\/12\/Premium-Magnetic-Dates-Packaging-Gift-Boxes-Wholesale-Custom-Size-Boxes-3.webp\" alt=\"Premium-Gro\u00dfhandel-Datteln-Geschenkboxen-Sondergr\u00f6\u00dfe-Magnetbox-3\" class=\"wp-image-3249\" srcset=\"https:\/\/www.yishengpack.com\/wp-content\/uploads\/2025\/12\/Premium-Magnetic-Dates-Packaging-Gift-Boxes-Wholesale-Custom-Size-Boxes-3.webp 1253w, https:\/\/www.yishengpack.com\/wp-content\/uploads\/2025\/12\/Premium-Magnetic-Dates-Packaging-Gift-Boxes-Wholesale-Custom-Size-Boxes-3-300x300.webp 300w, https:\/\/www.yishengpack.com\/wp-content\/uploads\/2025\/12\/Premium-Magnetic-Dates-Packaging-Gift-Boxes-Wholesale-Custom-Size-Boxes-3-150x150.webp 150w, https:\/\/www.yishengpack.com\/wp-content\/uploads\/2025\/12\/Premium-Magnetic-Dates-Packaging-Gift-Boxes-Wholesale-Custom-Size-Boxes-3-768x768.webp 768w, https:\/\/www.yishengpack.com\/wp-content\/uploads\/2025\/12\/Premium-Magnetic-Dates-Packaging-Gift-Boxes-Wholesale-Custom-Size-Boxes-3-12x12.webp 12w, https:\/\/www.yishengpack.com\/wp-content\/uploads\/2025\/12\/Premium-Magnetic-Dates-Packaging-Gift-Boxes-Wholesale-Custom-Size-Boxes-3-1200x1200.webp 1200w, https:\/\/www.yishengpack.com\/wp-content\/uploads\/2025\/12\/Premium-Magnetic-Dates-Packaging-Gift-Boxes-Wholesale-Custom-Size-Boxes-3-600x600.webp 600w, https:\/\/www.yishengpack.com\/wp-content\/uploads\/2025\/12\/Premium-Magnetic-Dates-Packaging-Gift-Boxes-Wholesale-Custom-Size-Boxes-3-100x100.webp 100w\" sizes=\"(max-width: 1253px) 100vw, 1253px\" \/><\/figure>\n\n\n\n<div class=\"wp-block-buttons has-custom-font-size has-small-font-size is-content-justification-center is-layout-flex wp-container-core-buttons-is-layout-16018d1d wp-block-buttons-is-layout-flex\">\n<div class=\"wp-block-button has-custom-width wp-block-button__width-75\"><a class=\"wp-block-button__link has-background has-small-font-size has-custom-font-size wp-element-button\" href=\"https:\/\/www.yishengpack.com\/de\/custom-printed-box\/\" style=\"background:linear-gradient(135deg,rgb(254,205,165) 0%,rgb(254,45,45) 0%,rgb(94,15,15) 0%,rgb(94,15,15) 100%)\" target=\"_blank\" rel=\"noreferrer noopener\"><strong>Entdecken Sie individuell bedruckte Boxen<\/strong><\/a><\/div>\n<\/div>\n<\/div>\n\n\n\n<div class=\"wp-block-column is-layout-flow wp-block-column-is-layout-flow\">\n<figure class=\"wp-block-image size-full\"><img decoding=\"async\" width=\"1238\" height=\"1238\" src=\"https:\/\/www.yishengpack.com\/wp-content\/uploads\/2025\/12\/Premium-Magnetic-Dates-Packaging-Gift-Boxes-Wholesale-Custom-Size-Boxes-6.webp\" alt=\"Premium-Gro\u00dfhandel-Datteln-Geschenkboxen-Sondergr\u00f6\u00dfe-Magnetverschluss-6\" class=\"wp-image-3252\" srcset=\"https:\/\/www.yishengpack.com\/wp-content\/uploads\/2025\/12\/Premium-Magnetic-Dates-Packaging-Gift-Boxes-Wholesale-Custom-Size-Boxes-6.webp 1238w, https:\/\/www.yishengpack.com\/wp-content\/uploads\/2025\/12\/Premium-Magnetic-Dates-Packaging-Gift-Boxes-Wholesale-Custom-Size-Boxes-6-300x300.webp 300w, https:\/\/www.yishengpack.com\/wp-content\/uploads\/2025\/12\/Premium-Magnetic-Dates-Packaging-Gift-Boxes-Wholesale-Custom-Size-Boxes-6-150x150.webp 150w, https:\/\/www.yishengpack.com\/wp-content\/uploads\/2025\/12\/Premium-Magnetic-Dates-Packaging-Gift-Boxes-Wholesale-Custom-Size-Boxes-6-768x768.webp 768w, https:\/\/www.yishengpack.com\/wp-content\/uploads\/2025\/12\/Premium-Magnetic-Dates-Packaging-Gift-Boxes-Wholesale-Custom-Size-Boxes-6-12x12.webp 12w, https:\/\/www.yishengpack.com\/wp-content\/uploads\/2025\/12\/Premium-Magnetic-Dates-Packaging-Gift-Boxes-Wholesale-Custom-Size-Boxes-6-1200x1200.webp 1200w, https:\/\/www.yishengpack.com\/wp-content\/uploads\/2025\/12\/Premium-Magnetic-Dates-Packaging-Gift-Boxes-Wholesale-Custom-Size-Boxes-6-600x600.webp 600w, https:\/\/www.yishengpack.com\/wp-content\/uploads\/2025\/12\/Premium-Magnetic-Dates-Packaging-Gift-Boxes-Wholesale-Custom-Size-Boxes-6-100x100.webp 100w\" sizes=\"(max-width: 1238px) 100vw, 1238px\" \/><\/figure>\n\n\n\n<div class=\"wp-block-buttons has-custom-font-size has-small-font-size is-content-justification-center is-layout-flex wp-container-core-buttons-is-layout-16018d1d wp-block-buttons-is-layout-flex\">\n<div class=\"wp-block-button has-custom-width wp-block-button__width-75\"><a class=\"wp-block-button__link has-background has-small-font-size has-custom-font-size wp-element-button\" href=\"https:\/\/www.yishengpack.com\/de\/custom-box-inserts-accessories\/\" style=\"background:linear-gradient(135deg,rgb(254,205,165) 0%,rgb(254,45,45) 0%,rgb(94,15,15) 0%,rgb(94,15,15) 100%)\" target=\"_blank\" rel=\"noreferrer noopener\"><strong>Custom Box Inserts erforschen<\/strong><\/a><\/div>\n<\/div>\n<\/div>\n<\/div>","protected":false},"excerpt":{"rendered":"<div class=\"auto-hide-last-sibling-br paragraph-pP9ZLC paragraph-element br-paragraph-space\">\n<p>Willkommen beim Kauf unserer hochwertigen Gro\u00dfhandels-Geschenkboxen f\u00fcr Datteln mit Magnetverschluss in Sondergr\u00f6\u00dfe, die f\u00fcr die Verpackung von Luxusdatteln und Trockenfr\u00fcchten entwickelt wurden. Diese stabilen Magnetboxen zeichnen sich durch eine robuste Konstruktion, eine elegante Pr\u00e4sentation und umfassende Anpassungsm\u00f6glichkeiten aus, darunter Druck, Oberfl\u00e4chenveredelung und Einlagen. Sie eignen sich ideal f\u00fcr Gro\u00dfbestellungen und werden h\u00e4ufig f\u00fcr Ramadan-Geschenke, Einzelhandelsverpackungen und Marken-Lebensmittelgeschenksets verwendet.<\/p>\n<h2>Highlights der Geschenkboxen mit Datteln f\u00fcr den Gro\u00dfhandel<\/h2>\n<ul>\n<li>Verst\u00e4rkte starre Konstruktion<\/li>\n<li>Hochwertige Individualisierung<\/li>\n<li>Umweltfreundliche Materialien<\/li>\n<li>Verschiedene Druckverfahren<\/li>\n<li>Exquisite Handwerkskunst<\/li>\n<li>Mehrere Box-Typen<\/li>\n<li>Minimalistische und doch opulente Silhouetten<\/li>\n<li>Lebensmittelechtes Premium-Innenfutter<\/li>\n<\/ul>\n<\/div>","protected":false},"featured_media":3247,"comment_status":"closed","ping_status":"closed","template":"","meta":{"_acf_changed":false},"box-type":[54,57],"product_brand":[],"product_cat":[19,41,68,46,33,44],"product_tag":[],"class_list":{"0":"post-3246","1":"product","2":"type-product","3":"status-publish","4":"has-post-thumbnail","6":"box-type-custom-magnetic-closure-boxes","7":"box-type-custom-rigid-box-with-lid","8":"product_cat-luxury-gift-boxes-wholesale","9":"product_cat-candy-gift-boxes-wholesale","10":"product_cat-custom-dates-box","11":"product_cat-wholesale-paper-boxes","12":"product_cat-food-packaging-boxes-wholesale","13":"product_cat-custom-snack-box","15":"first","16":"instock","17":"shipping-taxable","18":"product-type-simple"},"acf":[],"_links":{"self":[{"href":"https:\/\/www.yishengpack.com\/de\/wp-json\/wp\/v2\/product\/3246","targetHints":{"allow":["GET"]}}],"collection":[{"href":"https:\/\/www.yishengpack.com\/de\/wp-json\/wp\/v2\/product"}],"about":[{"href":"https:\/\/www.yishengpack.com\/de\/wp-json\/wp\/v2\/types\/product"}],"replies":[{"embeddable":true,"href":"https:\/\/www.yishengpack.com\/de\/wp-json\/wp\/v2\/comments?post=3246"}],"wp:featuredmedia":[{"embeddable":true,"href":"https:\/\/www.yishengpack.com\/de\/wp-json\/wp\/v2\/media\/3247"}],"wp:attachment":[{"href":"https:\/\/www.yishengpack.com\/de\/wp-json\/wp\/v2\/media?parent=3246"}],"wp:term":[{"taxonomy":"box-type","embeddable":true,"href":"https:\/\/www.yishengpack.com\/de\/wp-json\/wp\/v2\/box-type?post=3246"},{"taxonomy":"product_brand","embeddable":true,"href":"https:\/\/www.yishengpack.com\/de\/wp-json\/wp\/v2\/product_brand?post=3246"},{"taxonomy":"product_cat","embeddable":true,"href":"https:\/\/www.yishengpack.com\/de\/wp-json\/wp\/v2\/product_cat?post=3246"},{"taxonomy":"product_tag","embeddable":true,"href":"https:\/\/www.yishengpack.com\/de\/wp-json\/wp\/v2\/product_tag?post=3246"}],"curies":[{"name":"wp","href":"https:\/\/api.w.org\/{rel}","templated":true}]}}