{"id":3238,"date":"2026-01-03T10:16:13","date_gmt":"2026-01-03T10:16:13","guid":{"rendered":"https:\/\/www.yishengpack.com\/?post_type=product&#038;p=3238"},"modified":"2026-01-03T10:16:53","modified_gmt":"2026-01-03T10:16:53","slug":"luxury-gift-boxes-bulk","status":"publish","type":"product","link":"https:\/\/www.yishengpack.com\/de\/produkt\/luxury-gift-boxes-bulk\/","title":{"rendered":"Luxus-Geschenkboxen in Gro\u00dfmengen, ma\u00dfgeschneiderte starre Magnetboxen f\u00fcr Geschenke und Kunsthandwerk"},"content":{"rendered":"<div class=\"wp-block-columns is-layout-flex wp-container-core-columns-is-layout-9d6595d7 wp-block-columns-is-layout-flex\">\n<div class=\"wp-block-column is-layout-flow wp-block-column-is-layout-flow\">\n<h3 class=\"wp-block-heading\">Merkmale von Luxus-Geschenkboxen in Gro\u00dfmengen<\/h3>\n\n\n\n<p><strong>Magnetverschluss Luxusverschluss: <\/strong>Diese luxuri\u00f6sen Geschenkboxen in Gro\u00dfpackungen verf\u00fcgen \u00fcber ein verdecktes Magnetverschlusssystem. Der Deckel l\u00e4sst sich mit einem dezenten, hochwertigen Klickverschluss verschlie\u00dfen und sorgt so f\u00fcr ein elegantes, nahtloses Profil, w\u00e4hrend die sanfte Aufw\u00e4rtsbewegung das Auspacken zu einem besonderen Ritual macht.<\/p>\n\n\n\n<p><strong>Pl\u00fcschgef\u00fctterte oder ma\u00dfgeschneiderte Innenausstattung:<\/strong> Diese luxuri\u00f6sen Geschenkboxen sind mit weichen, hochwertigen Stoffauskleidungen (wie Satin) oder individuell geformten Einlagen ausgestattet. Diese Optionen bieten sicheren Halt f\u00fcr Artikel \u2013 von Kerzen bis hin zu kleinen Geschenken \u2013 und sorgen gleichzeitig f\u00fcr ein luxuri\u00f6ses haptisches Finish.<\/p>\n\n\n\n<p><strong>Flat-Pack f\u00fcr Premium-Logistik:<\/strong> Unsere ma\u00dfgefertigte, starre Magnetbox wird flach versandt, um das Transportvolumen zu reduzieren. Dieses Design senkt die Lager- und Lieferkosten, ohne die starre, hochwertige Struktur der Box nach dem Zusammenbau zu beeintr\u00e4chtigen.<\/p>\n\n\n\n<p><strong>Opulente monotone und metallische Oberfl\u00e4chen:<\/strong> Unsere ma\u00dfgefertigte, starre Magnetbox ist in satten, edlen Farbt\u00f6nen mit luxuri\u00f6sen Oberfl\u00e4chen erh\u00e4ltlich. Diese Details sorgen f\u00fcr eine raffinierte \u00c4sthetik, die sich ideal als Geschenk eignet.<\/p>\n\n\n\n<p><strong>Ma\u00dfgeschneiderte Anpassung an Marke und Anlass:<\/strong> Diese luxuri\u00f6sen Geschenkboxen sind vollst\u00e4ndig auf Ihre Bed\u00fcrfnisse zugeschnitten: Passen Sie die Abmessungen an, f\u00fcgen Sie gepr\u00e4gte Logos oder Folienverzierungen hinzu, w\u00e4hlen Sie Futterstoffe aus und optimieren Sie die Innenausstattung, um sie an Ihr Branding oder bestimmte Geschenkgelegenheiten anzupassen.<\/p>\n<\/div>\n\n\n\n<div class=\"wp-block-column is-layout-flow wp-block-column-is-layout-flow\">\n<figure class=\"wp-block-image size-full\"><img decoding=\"async\" width=\"2048\" height=\"2048\" src=\"https:\/\/www.yishengpack.com\/wp-content\/uploads\/2025\/12\/Luxury-Green-Gift-Box-Wholesale-Customizable-Rigid-Magnetic-Box-for-Gift-Craft-Packaging-2.webp\" alt=\"Luxus-Geschenkboxen-Gro\u00dfhandel-ma\u00dfgefertigte-starre-Magnetbox-f\u00fcr-Geschenke-und-Kunsthandwerk-2\" class=\"wp-image-3240\" srcset=\"https:\/\/www.yishengpack.com\/wp-content\/uploads\/2025\/12\/Luxury-Green-Gift-Box-Wholesale-Customizable-Rigid-Magnetic-Box-for-Gift-Craft-Packaging-2.webp 2048w, https:\/\/www.yishengpack.com\/wp-content\/uploads\/2025\/12\/Luxury-Green-Gift-Box-Wholesale-Customizable-Rigid-Magnetic-Box-for-Gift-Craft-Packaging-2-300x300.webp 300w, https:\/\/www.yishengpack.com\/wp-content\/uploads\/2025\/12\/Luxury-Green-Gift-Box-Wholesale-Customizable-Rigid-Magnetic-Box-for-Gift-Craft-Packaging-2-150x150.webp 150w, https:\/\/www.yishengpack.com\/wp-content\/uploads\/2025\/12\/Luxury-Green-Gift-Box-Wholesale-Customizable-Rigid-Magnetic-Box-for-Gift-Craft-Packaging-2-768x768.webp 768w, https:\/\/www.yishengpack.com\/wp-content\/uploads\/2025\/12\/Luxury-Green-Gift-Box-Wholesale-Customizable-Rigid-Magnetic-Box-for-Gift-Craft-Packaging-2-12x12.webp 12w, https:\/\/www.yishengpack.com\/wp-content\/uploads\/2025\/12\/Luxury-Green-Gift-Box-Wholesale-Customizable-Rigid-Magnetic-Box-for-Gift-Craft-Packaging-2-1200x1200.webp 1200w, https:\/\/www.yishengpack.com\/wp-content\/uploads\/2025\/12\/Luxury-Green-Gift-Box-Wholesale-Customizable-Rigid-Magnetic-Box-for-Gift-Craft-Packaging-2-600x600.webp 600w, https:\/\/www.yishengpack.com\/wp-content\/uploads\/2025\/12\/Luxury-Green-Gift-Box-Wholesale-Customizable-Rigid-Magnetic-Box-for-Gift-Craft-Packaging-2-100x100.webp 100w\" sizes=\"(max-width: 2048px) 100vw, 2048px\" \/><\/figure>\n<\/div>\n<\/div>\n\n\n\n<div class=\"wp-block-columns is-layout-flex wp-container-core-columns-is-layout-9d6595d7 wp-block-columns-is-layout-flex\">\n<div class=\"wp-block-column is-layout-flow wp-block-column-is-layout-flow\">\n<figure class=\"wp-block-image size-full\"><img decoding=\"async\" width=\"1142\" height=\"1142\" src=\"https:\/\/www.yishengpack.com\/wp-content\/uploads\/2025\/12\/Luxury-Green-Gift-Box-Wholesale-Customizable-Rigid-Magnetic-Box-for-Gift-Craft-Packaging-6.webp\" alt=\"Luxus-Geschenkboxen-Gro\u00dfhandel-ma\u00dfgefertigte-starre-Magnetbox-f\u00fcr-Geschenke-und-Kunsthandwerk-6\" class=\"wp-image-3244\" srcset=\"https:\/\/www.yishengpack.com\/wp-content\/uploads\/2025\/12\/Luxury-Green-Gift-Box-Wholesale-Customizable-Rigid-Magnetic-Box-for-Gift-Craft-Packaging-6.webp 1142w, https:\/\/www.yishengpack.com\/wp-content\/uploads\/2025\/12\/Luxury-Green-Gift-Box-Wholesale-Customizable-Rigid-Magnetic-Box-for-Gift-Craft-Packaging-6-300x300.webp 300w, https:\/\/www.yishengpack.com\/wp-content\/uploads\/2025\/12\/Luxury-Green-Gift-Box-Wholesale-Customizable-Rigid-Magnetic-Box-for-Gift-Craft-Packaging-6-150x150.webp 150w, https:\/\/www.yishengpack.com\/wp-content\/uploads\/2025\/12\/Luxury-Green-Gift-Box-Wholesale-Customizable-Rigid-Magnetic-Box-for-Gift-Craft-Packaging-6-768x768.webp 768w, https:\/\/www.yishengpack.com\/wp-content\/uploads\/2025\/12\/Luxury-Green-Gift-Box-Wholesale-Customizable-Rigid-Magnetic-Box-for-Gift-Craft-Packaging-6-12x12.webp 12w, https:\/\/www.yishengpack.com\/wp-content\/uploads\/2025\/12\/Luxury-Green-Gift-Box-Wholesale-Customizable-Rigid-Magnetic-Box-for-Gift-Craft-Packaging-6-600x600.webp 600w, https:\/\/www.yishengpack.com\/wp-content\/uploads\/2025\/12\/Luxury-Green-Gift-Box-Wholesale-Customizable-Rigid-Magnetic-Box-for-Gift-Craft-Packaging-6-100x100.webp 100w\" sizes=\"(max-width: 1142px) 100vw, 1142px\" \/><\/figure>\n\n\n\n<div class=\"wp-block-buttons has-custom-font-size has-small-font-size is-content-justification-center is-layout-flex wp-container-core-buttons-is-layout-16018d1d wp-block-buttons-is-layout-flex\">\n<div class=\"wp-block-button has-custom-width wp-block-button__width-75\"><a class=\"wp-block-button__link has-background has-small-font-size has-custom-font-size wp-element-button\" href=\"https:\/\/www.yishengpack.com\/de\/custom-printed-box\/\" style=\"background:linear-gradient(135deg,rgb(254,205,165) 0%,rgb(254,45,45) 0%,rgb(94,15,15) 0%,rgb(94,15,15) 100%)\" target=\"_blank\" rel=\"noreferrer noopener\"><strong>Entdecken Sie individuell bedruckte Boxen<\/strong><\/a><\/div>\n<\/div>\n<\/div>\n\n\n\n<div class=\"wp-block-column is-layout-flow wp-block-column-is-layout-flow\">\n<figure class=\"wp-block-image size-full\"><img decoding=\"async\" width=\"1841\" height=\"1841\" src=\"https:\/\/www.yishengpack.com\/wp-content\/uploads\/2025\/12\/Luxury-Green-Gift-Box-Wholesale-Customizable-Rigid-Magnetic-Box-for-Gift-Craft-Packaging-4.webp\" alt=\"Luxus-Geschenkboxen-Gro\u00dfhandel-ma\u00dfgefertigte-starre-Magnetbox-f\u00fcr-Geschenke-und-Kunsthandwerk-4\" class=\"wp-image-3242\" srcset=\"https:\/\/www.yishengpack.com\/wp-content\/uploads\/2025\/12\/Luxury-Green-Gift-Box-Wholesale-Customizable-Rigid-Magnetic-Box-for-Gift-Craft-Packaging-4.webp 1841w, https:\/\/www.yishengpack.com\/wp-content\/uploads\/2025\/12\/Luxury-Green-Gift-Box-Wholesale-Customizable-Rigid-Magnetic-Box-for-Gift-Craft-Packaging-4-300x300.webp 300w, https:\/\/www.yishengpack.com\/wp-content\/uploads\/2025\/12\/Luxury-Green-Gift-Box-Wholesale-Customizable-Rigid-Magnetic-Box-for-Gift-Craft-Packaging-4-150x150.webp 150w, https:\/\/www.yishengpack.com\/wp-content\/uploads\/2025\/12\/Luxury-Green-Gift-Box-Wholesale-Customizable-Rigid-Magnetic-Box-for-Gift-Craft-Packaging-4-768x768.webp 768w, https:\/\/www.yishengpack.com\/wp-content\/uploads\/2025\/12\/Luxury-Green-Gift-Box-Wholesale-Customizable-Rigid-Magnetic-Box-for-Gift-Craft-Packaging-4-12x12.webp 12w, https:\/\/www.yishengpack.com\/wp-content\/uploads\/2025\/12\/Luxury-Green-Gift-Box-Wholesale-Customizable-Rigid-Magnetic-Box-for-Gift-Craft-Packaging-4-1200x1200.webp 1200w, https:\/\/www.yishengpack.com\/wp-content\/uploads\/2025\/12\/Luxury-Green-Gift-Box-Wholesale-Customizable-Rigid-Magnetic-Box-for-Gift-Craft-Packaging-4-600x600.webp 600w, https:\/\/www.yishengpack.com\/wp-content\/uploads\/2025\/12\/Luxury-Green-Gift-Box-Wholesale-Customizable-Rigid-Magnetic-Box-for-Gift-Craft-Packaging-4-100x100.webp 100w\" sizes=\"(max-width: 1841px) 100vw, 1841px\" \/><\/figure>\n\n\n\n<div class=\"wp-block-buttons has-custom-font-size has-small-font-size is-content-justification-center is-layout-flex wp-container-core-buttons-is-layout-16018d1d wp-block-buttons-is-layout-flex\">\n<div class=\"wp-block-button has-custom-width wp-block-button__width-75\"><a class=\"wp-block-button__link has-background has-small-font-size has-custom-font-size wp-element-button\" href=\"https:\/\/www.yishengpack.com\/de\/custom-box-inserts-accessories\/\" style=\"background:linear-gradient(135deg,rgb(254,205,165) 0%,rgb(254,45,45) 0%,rgb(94,15,15) 0%,rgb(94,15,15) 100%)\" target=\"_blank\" rel=\"noreferrer noopener\"><strong>Custom Box Inserts erforschen<\/strong><\/a><\/div>\n<\/div>\n<\/div>\n<\/div>","protected":false},"excerpt":{"rendered":"<div class=\"auto-hide-last-sibling-br paragraph-pP9ZLC paragraph-element br-paragraph-space\">\n<p>Willkommen beim Kauf unserer luxuri\u00f6sen Geschenkboxen in Gro\u00dfmengen, einer eleganten Papierbox, die sich perfekt f\u00fcr Pralinen, Kerzen, Schmuck oder kleine Geschenke eignet. Mit einem raffinierten Klappdeckel-Design, gepaart mit hochwertigen Details wie Satinauskleidung oder ma\u00dfgeschneiderten Papiereinlagen. Eleganz und Funktionalit\u00e4t vereint. Von Gr\u00f6\u00dfe und Farben bis hin zu Logo-Akzenten und individuellen Innenlayouts \u2013 jedes Element ist vollst\u00e4ndig anpassbar, um zu Ihrer Marke zu passen. Lassen Sie uns Ihnen helfen, Ihr Produkt sch\u00f6n und effizient hervorzuheben.<\/p>\n<h2>Highlights von Luxus-Geschenkboxen in Gro\u00dfmengen<\/h2>\n<ul>\n<li>Optimiertes minimalistisches Design<\/li>\n<li>Vollst\u00e4ndige Anpassung<\/li>\n<li>Hochwertige Materialien<\/li>\n<li>Rich-Druckverfahren<\/li>\n<li>Mehrere Boxgr\u00f6\u00dfen<\/li>\n<li>Verschiedene Farboptionen<\/li>\n<li>Stabile, starre Boxkonstruktion<\/li>\n<li>Vielseitige Kompatibilit\u00e4t f\u00fcr Geschenke<\/li>\n<\/ul>\n<\/div>","protected":false},"featured_media":3239,"comment_status":"closed","ping_status":"closed","template":"","meta":{"_acf_changed":false},"box-type":[54,57],"product_brand":[],"product_cat":[19,41,66,40,39,68],"product_tag":[],"class_list":{"0":"post-3238","1":"product","2":"type-product","3":"status-publish","4":"has-post-thumbnail","6":"box-type-custom-magnetic-closure-boxes","7":"box-type-custom-rigid-box-with-lid","8":"product_cat-luxury-gift-boxes-wholesale","9":"product_cat-candy-gift-boxes-wholesale","10":"product_cat-custom-apparel-boxes","11":"product_cat-custom-jewelry-boxes","12":"product_cat-custom-perfume-boxes","13":"product_cat-custom-dates-box","15":"first","16":"instock","17":"shipping-taxable","18":"product-type-simple"},"acf":[],"_links":{"self":[{"href":"https:\/\/www.yishengpack.com\/de\/wp-json\/wp\/v2\/product\/3238","targetHints":{"allow":["GET"]}}],"collection":[{"href":"https:\/\/www.yishengpack.com\/de\/wp-json\/wp\/v2\/product"}],"about":[{"href":"https:\/\/www.yishengpack.com\/de\/wp-json\/wp\/v2\/types\/product"}],"replies":[{"embeddable":true,"href":"https:\/\/www.yishengpack.com\/de\/wp-json\/wp\/v2\/comments?post=3238"}],"wp:featuredmedia":[{"embeddable":true,"href":"https:\/\/www.yishengpack.com\/de\/wp-json\/wp\/v2\/media\/3239"}],"wp:attachment":[{"href":"https:\/\/www.yishengpack.com\/de\/wp-json\/wp\/v2\/media?parent=3238"}],"wp:term":[{"taxonomy":"box-type","embeddable":true,"href":"https:\/\/www.yishengpack.com\/de\/wp-json\/wp\/v2\/box-type?post=3238"},{"taxonomy":"product_brand","embeddable":true,"href":"https:\/\/www.yishengpack.com\/de\/wp-json\/wp\/v2\/product_brand?post=3238"},{"taxonomy":"product_cat","embeddable":true,"href":"https:\/\/www.yishengpack.com\/de\/wp-json\/wp\/v2\/product_cat?post=3238"},{"taxonomy":"product_tag","embeddable":true,"href":"https:\/\/www.yishengpack.com\/de\/wp-json\/wp\/v2\/product_tag?post=3238"}],"curies":[{"name":"wp","href":"https:\/\/api.w.org\/{rel}","templated":true}]}}