{"id":3228,"date":"2026-01-04T03:46:41","date_gmt":"2026-01-04T03:46:41","guid":{"rendered":"https:\/\/www.yishengpack.com\/?post_type=product&#038;p=3228"},"modified":"2026-01-04T03:46:42","modified_gmt":"2026-01-04T03:46:42","slug":"wholesale-chocolate-candy-boxes","status":"publish","type":"product","link":"https:\/\/www.yishengpack.com\/de\/produkt\/wholesale-chocolate-candy-boxes\/","title":{"rendered":"Gro\u00dfhandel mit Schokoladenbonbonboxen, magnetische Geschenkboxen"},"content":{"rendered":"<div class=\"wp-block-columns is-layout-flex wp-container-core-columns-is-layout-9d6595d7 wp-block-columns-is-layout-flex\">\n<div class=\"wp-block-column is-layout-flow wp-block-column-is-layout-flow\">\n<h3 class=\"wp-block-heading\">Merkmale von Schokoladenbonbon-Gro\u00dfhandelsverpackungen<\/h3>\n\n\n\n<p><strong>Magnetverschluss-Klappdeckel-Struktur:<\/strong> Diese Schokoladenbonbon-Gro\u00dfhandelsverpackungen verf\u00fcgen \u00fcber einen versteckten Magnetverschluss in ihrem Klappdeckel-Design. Der Deckel rastet sicher ein und sorgt f\u00fcr ein elegantes, nahtloses Erscheinungsbild, w\u00e4hrend die sanfte \u00d6ffnungsbewegung das Auspackerlebnis verbessert.<\/p>\n\n\n\n<p><strong>Luxuri\u00f6se Farbakzente und Dekorelemente: <\/strong>Diese luxuri\u00f6sen magnetischen Geschenkboxen werden in eleganten Farbt\u00f6nen (zartes Blau, Koralle, Smaragd) angeboten und mit Details wie Folienmustern oder Fensterpanelen versehen. Diese Elemente unterstreichen den hochwertigen Charakter der Box.<\/p>\n\n\n\n<p><strong>Markenorientierte Personalisierung: <\/strong>Diese luxuri\u00f6sen magnetischen Geschenkboxen lassen sich vollst\u00e4ndig an Ihr Branding anpassen. Passen Sie die Gr\u00f6\u00dfe an, f\u00fcgen Sie gepr\u00e4gte Logos oder gedruckte Grafiken hinzu, w\u00e4hlen Sie die Oberfl\u00e4chenbeschaffenheit (matt, gl\u00e4nzend) und passen Sie das Layout der Einlagen an die Anforderungen Ihres Produkts an.<\/p>\n\n\n\n<p><strong>Mehrere Gr\u00f6\u00dfen und individuelle Einlegeoptionen:<\/strong> Diese Schokoladenbonbon-Gro\u00dfhandelsverpackungen k\u00f6nnen mit den verf\u00fcgbaren Verpackungsgr\u00f6\u00dfen individuell angepasst werden. Die Einlagen bestehen aus EVA, geformtem Zellstoff, Papierkarten oder PET und eignen sich f\u00fcr die Verpackung von einzelnen, mehreren oder kombinierten Schokoladenst\u00fccken.<\/p>\n\n\n\n<p><strong>Geeignet f\u00fcr Gro\u00dfhandel und Gro\u00dflieferungen: <\/strong>Direktlieferung von Schokoladenbonbonboxen aus der Fabrik, stabile Produktionskapazit\u00e4t, unterst\u00fctzt Gro\u00dfauftr\u00e4ge, geeignet f\u00fcr Schokoladenmarkeninhaber, S\u00fc\u00dfwarenhersteller, Geschenkartikelhersteller und H\u00e4ndler.<\/p>\n<\/div>\n\n\n\n<div class=\"wp-block-column is-layout-flow wp-block-column-is-layout-flow\">\n<figure class=\"wp-block-image size-full\"><img decoding=\"async\" width=\"1838\" height=\"1838\" src=\"https:\/\/www.yishengpack.com\/wp-content\/uploads\/2025\/12\/Hot-Sale-Gift-Box-Wholesaler-Luxury-Custom-Chocolate-Packaging-Box-2.webp\" alt=\"Gro\u00dfhandel-Schokoladen-Bonbon-Schachteln-Magnet-Geschenkboxen-Lieferung-2\" class=\"wp-image-3230\" srcset=\"https:\/\/www.yishengpack.com\/wp-content\/uploads\/2025\/12\/Hot-Sale-Gift-Box-Wholesaler-Luxury-Custom-Chocolate-Packaging-Box-2.webp 1838w, https:\/\/www.yishengpack.com\/wp-content\/uploads\/2025\/12\/Hot-Sale-Gift-Box-Wholesaler-Luxury-Custom-Chocolate-Packaging-Box-2-300x300.webp 300w, https:\/\/www.yishengpack.com\/wp-content\/uploads\/2025\/12\/Hot-Sale-Gift-Box-Wholesaler-Luxury-Custom-Chocolate-Packaging-Box-2-150x150.webp 150w, https:\/\/www.yishengpack.com\/wp-content\/uploads\/2025\/12\/Hot-Sale-Gift-Box-Wholesaler-Luxury-Custom-Chocolate-Packaging-Box-2-768x768.webp 768w, https:\/\/www.yishengpack.com\/wp-content\/uploads\/2025\/12\/Hot-Sale-Gift-Box-Wholesaler-Luxury-Custom-Chocolate-Packaging-Box-2-12x12.webp 12w, https:\/\/www.yishengpack.com\/wp-content\/uploads\/2025\/12\/Hot-Sale-Gift-Box-Wholesaler-Luxury-Custom-Chocolate-Packaging-Box-2-1200x1200.webp 1200w, https:\/\/www.yishengpack.com\/wp-content\/uploads\/2025\/12\/Hot-Sale-Gift-Box-Wholesaler-Luxury-Custom-Chocolate-Packaging-Box-2-600x600.webp 600w, https:\/\/www.yishengpack.com\/wp-content\/uploads\/2025\/12\/Hot-Sale-Gift-Box-Wholesaler-Luxury-Custom-Chocolate-Packaging-Box-2-100x100.webp 100w\" sizes=\"(max-width: 1838px) 100vw, 1838px\" \/><\/figure>\n<\/div>\n<\/div>\n\n\n\n<div class=\"wp-block-columns is-layout-flex wp-container-core-columns-is-layout-9d6595d7 wp-block-columns-is-layout-flex\">\n<div class=\"wp-block-column is-layout-flow wp-block-column-is-layout-flow\">\n<figure class=\"wp-block-image size-full\"><img decoding=\"async\" width=\"4096\" height=\"4096\" src=\"https:\/\/www.yishengpack.com\/wp-content\/uploads\/2025\/12\/Hot-Sale-Gift-Box-Wholesaler-Luxury-Custom-Chocolate-Packaging-Box-6.webp\" alt=\"Gro\u00dfhandel-Schokoladen-Bonbon-Boxen-Magnetische-Geschenkboxen-Lieferung-6\" class=\"wp-image-3234\" srcset=\"https:\/\/www.yishengpack.com\/wp-content\/uploads\/2025\/12\/Hot-Sale-Gift-Box-Wholesaler-Luxury-Custom-Chocolate-Packaging-Box-6.webp 4096w, https:\/\/www.yishengpack.com\/wp-content\/uploads\/2025\/12\/Hot-Sale-Gift-Box-Wholesaler-Luxury-Custom-Chocolate-Packaging-Box-6-300x300.webp 300w, https:\/\/www.yishengpack.com\/wp-content\/uploads\/2025\/12\/Hot-Sale-Gift-Box-Wholesaler-Luxury-Custom-Chocolate-Packaging-Box-6-150x150.webp 150w, https:\/\/www.yishengpack.com\/wp-content\/uploads\/2025\/12\/Hot-Sale-Gift-Box-Wholesaler-Luxury-Custom-Chocolate-Packaging-Box-6-768x768.webp 768w, https:\/\/www.yishengpack.com\/wp-content\/uploads\/2025\/12\/Hot-Sale-Gift-Box-Wholesaler-Luxury-Custom-Chocolate-Packaging-Box-6-12x12.webp 12w, https:\/\/www.yishengpack.com\/wp-content\/uploads\/2025\/12\/Hot-Sale-Gift-Box-Wholesaler-Luxury-Custom-Chocolate-Packaging-Box-6-1200x1200.webp 1200w, https:\/\/www.yishengpack.com\/wp-content\/uploads\/2025\/12\/Hot-Sale-Gift-Box-Wholesaler-Luxury-Custom-Chocolate-Packaging-Box-6-600x600.webp 600w, https:\/\/www.yishengpack.com\/wp-content\/uploads\/2025\/12\/Hot-Sale-Gift-Box-Wholesaler-Luxury-Custom-Chocolate-Packaging-Box-6-100x100.webp 100w\" sizes=\"(max-width: 4096px) 100vw, 4096px\" \/><\/figure>\n\n\n\n<div class=\"wp-block-buttons has-custom-font-size has-small-font-size is-content-justification-center is-layout-flex wp-container-core-buttons-is-layout-16018d1d wp-block-buttons-is-layout-flex\">\n<div class=\"wp-block-button has-custom-width wp-block-button__width-75\"><a class=\"wp-block-button__link has-background has-small-font-size has-custom-font-size wp-element-button\" href=\"https:\/\/www.yishengpack.com\/de\/custom-printed-box\/\" style=\"background:linear-gradient(135deg,rgb(254,205,165) 0%,rgb(254,45,45) 0%,rgb(94,15,15) 0%,rgb(94,15,15) 100%)\" target=\"_blank\" rel=\"noreferrer noopener\"><strong>Entdecken Sie individuell bedruckte Boxen<\/strong><\/a><\/div>\n<\/div>\n<\/div>\n\n\n\n<div class=\"wp-block-column is-layout-flow wp-block-column-is-layout-flow\">\n<figure class=\"wp-block-image size-full\"><img decoding=\"async\" width=\"2048\" height=\"2048\" src=\"https:\/\/www.yishengpack.com\/wp-content\/uploads\/2025\/12\/Hot-Sale-Gift-Box-Wholesaler-Luxury-Custom-Chocolate-Packaging-Box-7.webp\" alt=\"Gro\u00dfhandel-Schokoladen-Bonbon-Schachteln-Magnet-Geschenkboxen-Lieferung-7\" class=\"wp-image-3235\" srcset=\"https:\/\/www.yishengpack.com\/wp-content\/uploads\/2025\/12\/Hot-Sale-Gift-Box-Wholesaler-Luxury-Custom-Chocolate-Packaging-Box-7.webp 2048w, https:\/\/www.yishengpack.com\/wp-content\/uploads\/2025\/12\/Hot-Sale-Gift-Box-Wholesaler-Luxury-Custom-Chocolate-Packaging-Box-7-300x300.webp 300w, https:\/\/www.yishengpack.com\/wp-content\/uploads\/2025\/12\/Hot-Sale-Gift-Box-Wholesaler-Luxury-Custom-Chocolate-Packaging-Box-7-150x150.webp 150w, https:\/\/www.yishengpack.com\/wp-content\/uploads\/2025\/12\/Hot-Sale-Gift-Box-Wholesaler-Luxury-Custom-Chocolate-Packaging-Box-7-768x768.webp 768w, https:\/\/www.yishengpack.com\/wp-content\/uploads\/2025\/12\/Hot-Sale-Gift-Box-Wholesaler-Luxury-Custom-Chocolate-Packaging-Box-7-12x12.webp 12w, https:\/\/www.yishengpack.com\/wp-content\/uploads\/2025\/12\/Hot-Sale-Gift-Box-Wholesaler-Luxury-Custom-Chocolate-Packaging-Box-7-1200x1200.webp 1200w, https:\/\/www.yishengpack.com\/wp-content\/uploads\/2025\/12\/Hot-Sale-Gift-Box-Wholesaler-Luxury-Custom-Chocolate-Packaging-Box-7-600x600.webp 600w, https:\/\/www.yishengpack.com\/wp-content\/uploads\/2025\/12\/Hot-Sale-Gift-Box-Wholesaler-Luxury-Custom-Chocolate-Packaging-Box-7-100x100.webp 100w\" sizes=\"(max-width: 2048px) 100vw, 2048px\" \/><\/figure>\n\n\n\n<div class=\"wp-block-buttons has-custom-font-size has-small-font-size is-content-justification-center is-layout-flex wp-container-core-buttons-is-layout-16018d1d wp-block-buttons-is-layout-flex\">\n<div class=\"wp-block-button has-custom-width wp-block-button__width-75\"><a class=\"wp-block-button__link has-background has-small-font-size has-custom-font-size wp-element-button\" href=\"https:\/\/www.yishengpack.com\/de\/custom-product-boxes-types\/\" style=\"background:linear-gradient(135deg,rgb(254,205,165) 0%,rgb(254,45,45) 0%,rgb(94,15,15) 0%,rgb(94,15,15) 100%)\" target=\"_blank\" rel=\"noreferrer noopener\"><strong>Benutzerdefinierte Box-Typen erkunden<\/strong><\/a><\/div>\n<\/div>\n<\/div>\n<\/div>","protected":false},"excerpt":{"rendered":"<div data-page-id=\"XCEWfL77Gdj3N4cTPBOcY7TrnCh\" data-lark-html-role=\"root\" data-docx-has-block-data=\"false\">\n<div class=\"ace-line ace-line old-record-id-OuF1fnArGd9seVcLcH6cI33Wnzd\">\n<p>Willkommen beim Kauf unserer Gro\u00dfhandels-Schokoladenbonbonboxen mit luxuri\u00f6ser Magnetgeschenkbox, die f\u00fcr die Verpackung von Premium-S\u00fc\u00dfwaren entwickelt wurden. Diese stabilen Magnetboxen bieten Lebensmittelsicherheit, anpassbare Gr\u00f6\u00dfen, Einlagen und hochwertige Druckveredelungen. Sie eignen sich ideal f\u00fcr Gro\u00dfbestellungen, verbessern die Markenpr\u00e4sentation und bieten gleichzeitig zuverl\u00e4ssigen Schutz \u2013 perfekt f\u00fcr Schokoladenmarken, S\u00fc\u00dfwarenhersteller und Anbieter von Geschenkverpackungen.<\/p>\n<h2>Highlights von Schokoladenbonbon-Gro\u00dfhandelskartons<\/h2>\n<ul>\n<li>Magnetverschluss-Design<\/li>\n<li>High-End-Anpassung<\/li>\n<li>Wasserfeste Materialien<\/li>\n<li>Rich-Druckverfahren<\/li>\n<li>Mehrere Boxgr\u00f6\u00dfen<\/li>\n<li>Reichhaltige Farbvielfalt<\/li>\n<li>Hochwertiges Innenfutter<\/li>\n<li>Robuste Konstruktion<\/li>\n<\/ul>\n<\/div>\n<\/div>","protected":false},"featured_media":3229,"comment_status":"closed","ping_status":"closed","template":"","meta":{"_acf_changed":false},"box-type":[54,57],"product_brand":[],"product_cat":[19,41,68,46,33,44],"product_tag":[],"class_list":{"0":"post-3228","1":"product","2":"type-product","3":"status-publish","4":"has-post-thumbnail","6":"box-type-custom-magnetic-closure-boxes","7":"box-type-custom-rigid-box-with-lid","8":"product_cat-luxury-gift-boxes-wholesale","9":"product_cat-candy-gift-boxes-wholesale","10":"product_cat-custom-dates-box","11":"product_cat-wholesale-paper-boxes","12":"product_cat-food-packaging-boxes-wholesale","13":"product_cat-custom-snack-box","15":"first","16":"instock","17":"shipping-taxable","18":"product-type-simple"},"acf":[],"_links":{"self":[{"href":"https:\/\/www.yishengpack.com\/de\/wp-json\/wp\/v2\/product\/3228","targetHints":{"allow":["GET"]}}],"collection":[{"href":"https:\/\/www.yishengpack.com\/de\/wp-json\/wp\/v2\/product"}],"about":[{"href":"https:\/\/www.yishengpack.com\/de\/wp-json\/wp\/v2\/types\/product"}],"replies":[{"embeddable":true,"href":"https:\/\/www.yishengpack.com\/de\/wp-json\/wp\/v2\/comments?post=3228"}],"wp:featuredmedia":[{"embeddable":true,"href":"https:\/\/www.yishengpack.com\/de\/wp-json\/wp\/v2\/media\/3229"}],"wp:attachment":[{"href":"https:\/\/www.yishengpack.com\/de\/wp-json\/wp\/v2\/media?parent=3228"}],"wp:term":[{"taxonomy":"box-type","embeddable":true,"href":"https:\/\/www.yishengpack.com\/de\/wp-json\/wp\/v2\/box-type?post=3228"},{"taxonomy":"product_brand","embeddable":true,"href":"https:\/\/www.yishengpack.com\/de\/wp-json\/wp\/v2\/product_brand?post=3228"},{"taxonomy":"product_cat","embeddable":true,"href":"https:\/\/www.yishengpack.com\/de\/wp-json\/wp\/v2\/product_cat?post=3228"},{"taxonomy":"product_tag","embeddable":true,"href":"https:\/\/www.yishengpack.com\/de\/wp-json\/wp\/v2\/product_tag?post=3228"}],"curies":[{"name":"wp","href":"https:\/\/api.w.org\/{rel}","templated":true}]}}