{"id":3219,"date":"2026-01-04T02:26:43","date_gmt":"2026-01-04T02:26:43","guid":{"rendered":"https:\/\/www.yishengpack.com\/?post_type=product&#038;p=3219"},"modified":"2026-01-04T02:26:45","modified_gmt":"2026-01-04T02:26:45","slug":"custom-lid-and-base-boxes","status":"publish","type":"product","link":"https:\/\/www.yishengpack.com\/de\/produkt\/custom-lid-and-base-boxes\/","title":{"rendered":"Luxuri\u00f6se, individuell gestaltete Deckel- und Bodenkartons, Geschenkboxen mit Datumsangabe, Gro\u00dfhandel"},"content":{"rendered":"<div class=\"wp-block-columns is-layout-flex wp-container-core-columns-is-layout-9d6595d7 wp-block-columns-is-layout-flex\">\n<div class=\"wp-block-column is-layout-flow wp-block-column-is-layout-flow\">\n<h3 class=\"wp-block-heading\">Merkmale von ma\u00dfgefertigten Deckel- und Bodenkartons<\/h3>\n\n\n\n<p><strong>Hochwertiges Lift-Top-Design: <\/strong>Diese ma\u00dfgefertigten Deckel- und Bodenkartons verf\u00fcgen \u00fcber eine elegante Lift-Top-Struktur. Der Deckel schlie\u00dft b\u00fcndig mit dem Boden ab und sorgt so f\u00fcr eine elegante Silhouette, w\u00e4hrend die glatte, ungehinderte \u00d6ffnung den Inhalt elegant pr\u00e4sentiert.<\/p>\n\n\n\n<p><strong>Lebensmittelechte, ma\u00dfgeschneiderte F\u00e4cher: <\/strong>Diese ma\u00dfgefertigten Boxen mit Deckel und Boden verf\u00fcgen \u00fcber lebensmittelechte, passgenaue Innenf\u00e4cher. Diese sind so geformt, dass sie Pralinen, gef\u00fcllte Datteln oder S\u00fc\u00dfwaren aufnehmen k\u00f6nnen, sodass die Produkte unversehrt bleiben und ansprechend pr\u00e4sentiert werden.<\/p>\n\n\n\n<p><strong>Luxus-Hartkartonbox:<\/strong> Diese ma\u00dfgefertigten Deckel- und Bodenkartons werden aus verdicktem Graupappe oder lebensmittelechtem Au\u00dfenverpackungspapier hergestellt. Sie sind druckfest und langlebig und eignen sich f\u00fcr den Fernverkehr und den Massenexport.<\/p>\n\n\n\n<p><strong>Luxuri\u00f6se Farb- und Folienverzierungen: <\/strong>Unsere Schokoladen-Geschenkboxen f\u00fcr den Gro\u00dfhandel sind in den edelsten Farbt\u00f6nen erh\u00e4ltlich, darunter K\u00f6nigsblau, Smaragdgr\u00fcn und Creme. Sie sind mit metallischen Folienakzenten versehen, beispielsweise mit gepr\u00e4gten Schn\u00f6rkeln oder Markenmotiven, die ihnen einen Hauch von Raffinesse und einen Farbtupfer verleihen.<\/p>\n\n\n\n<p><strong>Markenorientierte Personalisierung:<\/strong> Unsere Schokoladen-Geschenkboxen f\u00fcr den Gro\u00dfhandel sind vollst\u00e4ndig anpassbar. Passen Sie die Gr\u00f6\u00dfe an, f\u00fcgen Sie gepr\u00e4gte Logos oder Folienmotive hinzu, w\u00e4hlen Sie zwischen verschiedenen Oberfl\u00e4chenausf\u00fchrungen, darunter matt oder gl\u00e4nzend, und vervollst\u00e4ndigen Sie Ihre Verpackung mit passenden Artikeln wie Geschenkt\u00fcten oder Anh\u00e4ngern, um Ihre Markenbotschaft optimal zu vermitteln.<\/p>\n\n\n\n<p><strong>Ideal f\u00fcr den globalen Geschenkartikelmarkt:<\/strong> Unsere Schokoladen-Geschenkboxen im Gro\u00dfhandel eignen sich besonders f\u00fcr Geschenkboxen zum Valentinstag, Schokoladen-Geschenkboxen, Ramadan, Eid al-Fitr, Festtage und den Gesch\u00e4ftsgeschenkemarkt.<\/p>\n<\/div>\n\n\n\n<div class=\"wp-block-column is-layout-flow wp-block-column-is-layout-flow\">\n<figure class=\"wp-block-image size-full\"><img decoding=\"async\" width=\"2048\" height=\"2048\" src=\"https:\/\/www.yishengpack.com\/wp-content\/uploads\/2025\/12\/Wholesale-Box-Manufacturers-Customize-Luxury-Dates-Chocolate-Package-Gift-Box-2.webp\" alt=\"Luxus-Schenkboxen mit Deckel und Boden, mit Datum, Gro\u00dfhandel 2\" class=\"wp-image-3221\" srcset=\"https:\/\/www.yishengpack.com\/wp-content\/uploads\/2025\/12\/Wholesale-Box-Manufacturers-Customize-Luxury-Dates-Chocolate-Package-Gift-Box-2.webp 2048w, https:\/\/www.yishengpack.com\/wp-content\/uploads\/2025\/12\/Wholesale-Box-Manufacturers-Customize-Luxury-Dates-Chocolate-Package-Gift-Box-2-300x300.webp 300w, https:\/\/www.yishengpack.com\/wp-content\/uploads\/2025\/12\/Wholesale-Box-Manufacturers-Customize-Luxury-Dates-Chocolate-Package-Gift-Box-2-150x150.webp 150w, https:\/\/www.yishengpack.com\/wp-content\/uploads\/2025\/12\/Wholesale-Box-Manufacturers-Customize-Luxury-Dates-Chocolate-Package-Gift-Box-2-768x768.webp 768w, https:\/\/www.yishengpack.com\/wp-content\/uploads\/2025\/12\/Wholesale-Box-Manufacturers-Customize-Luxury-Dates-Chocolate-Package-Gift-Box-2-12x12.webp 12w, https:\/\/www.yishengpack.com\/wp-content\/uploads\/2025\/12\/Wholesale-Box-Manufacturers-Customize-Luxury-Dates-Chocolate-Package-Gift-Box-2-1200x1200.webp 1200w, https:\/\/www.yishengpack.com\/wp-content\/uploads\/2025\/12\/Wholesale-Box-Manufacturers-Customize-Luxury-Dates-Chocolate-Package-Gift-Box-2-600x600.webp 600w, https:\/\/www.yishengpack.com\/wp-content\/uploads\/2025\/12\/Wholesale-Box-Manufacturers-Customize-Luxury-Dates-Chocolate-Package-Gift-Box-2-100x100.webp 100w\" sizes=\"(max-width: 2048px) 100vw, 2048px\" \/><\/figure>\n<\/div>\n<\/div>\n\n\n\n<div class=\"wp-block-columns is-layout-flex wp-container-core-columns-is-layout-9d6595d7 wp-block-columns-is-layout-flex\">\n<div class=\"wp-block-column is-layout-flow wp-block-column-is-layout-flow\">\n<figure class=\"wp-block-image size-full\"><img decoding=\"async\" width=\"2048\" height=\"2048\" src=\"https:\/\/www.yishengpack.com\/wp-content\/uploads\/2025\/12\/Wholesale-Box-Manufacturers-Customize-Luxury-Dates-Chocolate-Package-Gift-Box-4.webp\" alt=\"Luxus-Schenkboxen mit Deckel und Boden, mit Datum, Gro\u00dfhandel 4\" class=\"wp-image-3223\" srcset=\"https:\/\/www.yishengpack.com\/wp-content\/uploads\/2025\/12\/Wholesale-Box-Manufacturers-Customize-Luxury-Dates-Chocolate-Package-Gift-Box-4.webp 2048w, https:\/\/www.yishengpack.com\/wp-content\/uploads\/2025\/12\/Wholesale-Box-Manufacturers-Customize-Luxury-Dates-Chocolate-Package-Gift-Box-4-300x300.webp 300w, https:\/\/www.yishengpack.com\/wp-content\/uploads\/2025\/12\/Wholesale-Box-Manufacturers-Customize-Luxury-Dates-Chocolate-Package-Gift-Box-4-150x150.webp 150w, https:\/\/www.yishengpack.com\/wp-content\/uploads\/2025\/12\/Wholesale-Box-Manufacturers-Customize-Luxury-Dates-Chocolate-Package-Gift-Box-4-768x768.webp 768w, https:\/\/www.yishengpack.com\/wp-content\/uploads\/2025\/12\/Wholesale-Box-Manufacturers-Customize-Luxury-Dates-Chocolate-Package-Gift-Box-4-12x12.webp 12w, https:\/\/www.yishengpack.com\/wp-content\/uploads\/2025\/12\/Wholesale-Box-Manufacturers-Customize-Luxury-Dates-Chocolate-Package-Gift-Box-4-1200x1200.webp 1200w, https:\/\/www.yishengpack.com\/wp-content\/uploads\/2025\/12\/Wholesale-Box-Manufacturers-Customize-Luxury-Dates-Chocolate-Package-Gift-Box-4-600x600.webp 600w, https:\/\/www.yishengpack.com\/wp-content\/uploads\/2025\/12\/Wholesale-Box-Manufacturers-Customize-Luxury-Dates-Chocolate-Package-Gift-Box-4-100x100.webp 100w\" sizes=\"(max-width: 2048px) 100vw, 2048px\" \/><\/figure>\n\n\n\n<div class=\"wp-block-buttons has-custom-font-size has-small-font-size is-content-justification-center is-layout-flex wp-container-core-buttons-is-layout-16018d1d wp-block-buttons-is-layout-flex\">\n<div class=\"wp-block-button has-custom-width wp-block-button__width-75\"><a class=\"wp-block-button__link has-background has-small-font-size has-custom-font-size wp-element-button\" href=\"https:\/\/www.yishengpack.com\/de\/custom-printed-box\/\" style=\"background:linear-gradient(135deg,rgb(254,205,165) 0%,rgb(254,45,45) 0%,rgb(94,15,15) 0%,rgb(94,15,15) 100%)\" target=\"_blank\" rel=\"noreferrer noopener\"><strong>Entdecken Sie individuell bedruckte Boxen<\/strong><\/a><\/div>\n<\/div>\n<\/div>\n\n\n\n<div class=\"wp-block-column is-layout-flow wp-block-column-is-layout-flow\">\n<figure class=\"wp-block-image size-full\"><img decoding=\"async\" width=\"2048\" height=\"2048\" src=\"https:\/\/www.yishengpack.com\/wp-content\/uploads\/2025\/12\/Wholesale-Box-Manufacturers-Customize-Luxury-Dates-Chocolate-Package-Gift-Box-7.webp\" alt=\"Luxus-Sonderanfertigungen-Deckel-und-Boden-Schachteln-Daten-Geschenkboxen-Gro\u00dfhandel-7\" class=\"wp-image-3226\" srcset=\"https:\/\/www.yishengpack.com\/wp-content\/uploads\/2025\/12\/Wholesale-Box-Manufacturers-Customize-Luxury-Dates-Chocolate-Package-Gift-Box-7.webp 2048w, https:\/\/www.yishengpack.com\/wp-content\/uploads\/2025\/12\/Wholesale-Box-Manufacturers-Customize-Luxury-Dates-Chocolate-Package-Gift-Box-7-300x300.webp 300w, https:\/\/www.yishengpack.com\/wp-content\/uploads\/2025\/12\/Wholesale-Box-Manufacturers-Customize-Luxury-Dates-Chocolate-Package-Gift-Box-7-150x150.webp 150w, https:\/\/www.yishengpack.com\/wp-content\/uploads\/2025\/12\/Wholesale-Box-Manufacturers-Customize-Luxury-Dates-Chocolate-Package-Gift-Box-7-768x768.webp 768w, https:\/\/www.yishengpack.com\/wp-content\/uploads\/2025\/12\/Wholesale-Box-Manufacturers-Customize-Luxury-Dates-Chocolate-Package-Gift-Box-7-12x12.webp 12w, https:\/\/www.yishengpack.com\/wp-content\/uploads\/2025\/12\/Wholesale-Box-Manufacturers-Customize-Luxury-Dates-Chocolate-Package-Gift-Box-7-1200x1200.webp 1200w, https:\/\/www.yishengpack.com\/wp-content\/uploads\/2025\/12\/Wholesale-Box-Manufacturers-Customize-Luxury-Dates-Chocolate-Package-Gift-Box-7-600x600.webp 600w, https:\/\/www.yishengpack.com\/wp-content\/uploads\/2025\/12\/Wholesale-Box-Manufacturers-Customize-Luxury-Dates-Chocolate-Package-Gift-Box-7-100x100.webp 100w\" sizes=\"(max-width: 2048px) 100vw, 2048px\" \/><\/figure>\n\n\n\n<div class=\"wp-block-buttons has-custom-font-size has-small-font-size is-content-justification-center is-layout-flex wp-container-core-buttons-is-layout-16018d1d wp-block-buttons-is-layout-flex\">\n<div class=\"wp-block-button has-custom-width wp-block-button__width-75\"><a class=\"wp-block-button__link has-background has-small-font-size has-custom-font-size wp-element-button\" href=\"https:\/\/www.yishengpack.com\/de\/custom-box-inserts-accessories\/\" style=\"background:linear-gradient(135deg,rgb(254,205,165) 0%,rgb(254,45,45) 0%,rgb(94,15,15) 0%,rgb(94,15,15) 100%)\" target=\"_blank\" rel=\"noreferrer noopener\"><strong>Custom Box Inserts erforschen<\/strong><\/a><\/div>\n<\/div>\n<\/div>\n<\/div>","protected":false},"excerpt":{"rendered":"<p>Willkommen beim Kauf unserer luxuri\u00f6sen, individuell gestaltbaren Deckel- und Bodenschachteln f\u00fcr Dattel- und Schokoladengeschenkverpackungen, die f\u00fcr den Gro\u00dfhandel und die Markenanpassung konzipiert sind. Diese hochwertigen, stabilen Geschenkboxen bieten eine langlebige Struktur, eine elegante Pr\u00e4sentation und flexible individuelle Bedruckungs- und Einlageoptionen. Sie eignen sich ideal f\u00fcr Gro\u00dfbestellungen, steigern den Produktwert und erf\u00fcllen gleichzeitig die Anforderungen von Dattelmarken, Schokoladenherstellern und Geschenkbox-Gro\u00dfh\u00e4ndlern auf den globalen M\u00e4rkten.<\/p>\n<h2>Highlights von individuell gestaltbaren Deckel- und Bodenkartons<\/h2>\n<ul>\n<li>Personalisierte Anpassung<\/li>\n<li>Gourmet-orientierte Innenausstattung<\/li>\n<li>Umweltfreundliche Materialien<\/li>\n<li>Hochwertige strukturierte Oberfl\u00e4chen<\/li>\n<li>Anspruchsvoller Druck<\/li>\n<li>Mehrere Boxgr\u00f6\u00dfen<\/li>\n<li>Reichhaltige Farbvielfalt<\/li>\n<li>Langlebige Premium-Konstruktion<\/li>\n<\/ul>","protected":false},"featured_media":3220,"comment_status":"closed","ping_status":"closed","template":"","meta":{"_acf_changed":false},"box-type":[55,57,61],"product_brand":[],"product_cat":[46,19,41,68,33,44],"product_tag":[],"class_list":{"0":"post-3219","1":"product","2":"type-product","3":"status-publish","4":"has-post-thumbnail","6":"box-type-custom-foldable-boxes","7":"box-type-custom-rigid-box-with-lid","8":"box-type-custom-two-piece-boxes","9":"product_cat-wholesale-paper-boxes","10":"product_cat-luxury-gift-boxes-wholesale","11":"product_cat-candy-gift-boxes-wholesale","12":"product_cat-custom-dates-box","13":"product_cat-food-packaging-boxes-wholesale","14":"product_cat-custom-snack-box","16":"first","17":"instock","18":"shipping-taxable","19":"product-type-simple"},"acf":[],"_links":{"self":[{"href":"https:\/\/www.yishengpack.com\/de\/wp-json\/wp\/v2\/product\/3219","targetHints":{"allow":["GET"]}}],"collection":[{"href":"https:\/\/www.yishengpack.com\/de\/wp-json\/wp\/v2\/product"}],"about":[{"href":"https:\/\/www.yishengpack.com\/de\/wp-json\/wp\/v2\/types\/product"}],"replies":[{"embeddable":true,"href":"https:\/\/www.yishengpack.com\/de\/wp-json\/wp\/v2\/comments?post=3219"}],"wp:featuredmedia":[{"embeddable":true,"href":"https:\/\/www.yishengpack.com\/de\/wp-json\/wp\/v2\/media\/3220"}],"wp:attachment":[{"href":"https:\/\/www.yishengpack.com\/de\/wp-json\/wp\/v2\/media?parent=3219"}],"wp:term":[{"taxonomy":"box-type","embeddable":true,"href":"https:\/\/www.yishengpack.com\/de\/wp-json\/wp\/v2\/box-type?post=3219"},{"taxonomy":"product_brand","embeddable":true,"href":"https:\/\/www.yishengpack.com\/de\/wp-json\/wp\/v2\/product_brand?post=3219"},{"taxonomy":"product_cat","embeddable":true,"href":"https:\/\/www.yishengpack.com\/de\/wp-json\/wp\/v2\/product_cat?post=3219"},{"taxonomy":"product_tag","embeddable":true,"href":"https:\/\/www.yishengpack.com\/de\/wp-json\/wp\/v2\/product_tag?post=3219"}],"curies":[{"name":"wp","href":"https:\/\/api.w.org\/{rel}","templated":true}]}}