{"id":3103,"date":"2025-12-13T02:25:10","date_gmt":"2025-12-13T02:25:10","guid":{"rendered":"https:\/\/www.yishengpack.com\/?post_type=product&#038;p=3103"},"modified":"2025-12-13T02:25:11","modified_gmt":"2025-12-13T02:25:11","slug":"custom-dates-boxes","status":"publish","type":"product","link":"https:\/\/www.yishengpack.com\/de\/produkt\/custom-dates-boxes\/","title":{"rendered":"Hochwertige individuelle Datumsboxen, magnetische Geschenkboxen im Gro\u00dfhandel"},"content":{"rendered":"<div class=\"wp-block-columns is-layout-flex wp-container-core-columns-is-layout-9d6595d7 wp-block-columns-is-layout-flex\">\n<div class=\"wp-block-column is-layout-flow wp-block-column-is-layout-flow\">\n<h3 class=\"wp-block-heading\">Merkmale der Custom Dates Boxen<\/h3>\n\n\n\n<p><strong>Magnetverschluss f\u00fcr m\u00fchelosen Luxus: <\/strong>Diese ma\u00dfgefertigten Dattelboxen verf\u00fcgen \u00fcber einen eleganten Magnetverschluss, der ein sanftes, leises \u00d6ffnen und Schlie\u00dfen erm\u00f6glicht - f\u00fcr ein erstklassiges, m\u00fcheloses Auspackerlebnis, w\u00e4hrend der Inhalt sicher eingeschlossen bleibt.<\/p>\n\n\n\n<p><strong>Robuste, langlebige Konstruktion: <\/strong>Diese ma\u00dfgefertigten Datumsboxen werden aus festem Karton hergestellt; die Boxen verf\u00fcgen \u00fcber eine robuste Struktur, die die Form beibeh\u00e4lt und die Daten sch\u00fctzt und eine zuverl\u00e4ssige, hochwertige Pr\u00e4sentation f\u00fcr Geschenke oder den Einzelhandel gew\u00e4hrleistet.<\/p>\n\n\n\n<p><strong>Anpassbare lebensmittelechte Einlagen:<\/strong> Diese ma\u00dfgefertigten Dattelschachteln verf\u00fcgen \u00fcber eine ma\u00dfgeschneiderte, lebensmittelechte Innenauskleidung (z. B. strukturiertes Papier oder in F\u00e4cher eingeteilte Eins\u00e4tze), die in Gr\u00f6\u00dfe und Form angepasst werden kann, um Datteln (oder gef\u00fcllte Sorten) perfekt zu verpacken und sowohl die Funktionalit\u00e4t als auch die Haptik zu verbessern.<\/p>\n\n\n\n<p><strong>Geeignet f\u00fcr mehrere Anwendungen:<\/strong> Diese hochwertige magnetische Geschenkbox f\u00fcr den Gro\u00dfhandel bietet Designs wie Halbmonde, Mandalas oder geometrische Muster und eignet sich f\u00fcr Weihnachtsgeschenkboxen, Ramadan-Geschenkboxen, Gesch\u00e4ftsgeschenke, hochwertige Einzelhandelsverpackungen und den Markt f\u00fcr kundenspezifische Geschenke.<\/p>\n\n\n\n<p><strong>Mehrere Oberfl\u00e4chenausf\u00fchrungen verf\u00fcgbar:<\/strong> Diese hochwertige magnetische Geschenkbox f\u00fcr den Gro\u00dfhandel unterst\u00fctzt Hei\u00dfpr\u00e4gung (Gold\/Silber), Pr\u00e4gung, Texturierung, UV-Beschichtung und Laminierung, wodurch die visuelle und haptische Tiefe verbessert wird. Ausgereifte Struktur, leicht zu skalieren Produktion, geeignet f\u00fcr Markeninhaber, Importeure und Gro\u00dfhandelskunden.<\/p>\n\n\n\n<p><strong>Vollst\u00e4ndig anpassbar:<\/strong> Die kundenspezifischen Datumsboxen k\u00f6nnen auf Ihre Marke zugeschnitten werden: Gr\u00f6\u00dfe, Farbpalette, aufgedruckte Grafiken, Logos und Oberfl\u00e4chenbeschaffenheit (matt, metallisch) lassen sich an die Bed\u00fcrfnisse von Geschenkartikeln oder Einzelhandelsmarken anpassen.<\/p>\n<\/div>\n\n\n\n<div class=\"wp-block-column is-layout-flow wp-block-column-is-layout-flow\">\n<figure class=\"wp-block-image size-full\"><img decoding=\"async\" width=\"2048\" height=\"2048\" src=\"https:\/\/www.yishengpack.com\/wp-content\/uploads\/2025\/12\/High-Grade-Customization-Luxueux-Dates-Boxes-Wholesale-Premium-Magnetic-Gift-Boxes-2.webp\" alt=\"hochwertige-individuelle-dates-boxen-gro\u00dfhandel-magnetische-geschenk-boxen-2\" class=\"wp-image-3107\" srcset=\"https:\/\/www.yishengpack.com\/wp-content\/uploads\/2025\/12\/High-Grade-Customization-Luxueux-Dates-Boxes-Wholesale-Premium-Magnetic-Gift-Boxes-2.webp 2048w, https:\/\/www.yishengpack.com\/wp-content\/uploads\/2025\/12\/High-Grade-Customization-Luxueux-Dates-Boxes-Wholesale-Premium-Magnetic-Gift-Boxes-2-300x300.webp 300w, https:\/\/www.yishengpack.com\/wp-content\/uploads\/2025\/12\/High-Grade-Customization-Luxueux-Dates-Boxes-Wholesale-Premium-Magnetic-Gift-Boxes-2-150x150.webp 150w, https:\/\/www.yishengpack.com\/wp-content\/uploads\/2025\/12\/High-Grade-Customization-Luxueux-Dates-Boxes-Wholesale-Premium-Magnetic-Gift-Boxes-2-768x768.webp 768w, https:\/\/www.yishengpack.com\/wp-content\/uploads\/2025\/12\/High-Grade-Customization-Luxueux-Dates-Boxes-Wholesale-Premium-Magnetic-Gift-Boxes-2-12x12.webp 12w, https:\/\/www.yishengpack.com\/wp-content\/uploads\/2025\/12\/High-Grade-Customization-Luxueux-Dates-Boxes-Wholesale-Premium-Magnetic-Gift-Boxes-2-1200x1200.webp 1200w, https:\/\/www.yishengpack.com\/wp-content\/uploads\/2025\/12\/High-Grade-Customization-Luxueux-Dates-Boxes-Wholesale-Premium-Magnetic-Gift-Boxes-2-600x600.webp 600w, https:\/\/www.yishengpack.com\/wp-content\/uploads\/2025\/12\/High-Grade-Customization-Luxueux-Dates-Boxes-Wholesale-Premium-Magnetic-Gift-Boxes-2-100x100.webp 100w\" sizes=\"(max-width: 2048px) 100vw, 2048px\" \/><\/figure>\n<\/div>\n<\/div>\n\n\n\n<div class=\"wp-block-columns is-layout-flex wp-container-core-columns-is-layout-9d6595d7 wp-block-columns-is-layout-flex\">\n<div class=\"wp-block-column is-layout-flow wp-block-column-is-layout-flow\">\n<figure class=\"wp-block-image size-full\"><img decoding=\"async\" width=\"1184\" height=\"1184\" src=\"https:\/\/www.yishengpack.com\/wp-content\/uploads\/2025\/12\/High-Grade-Customization-Luxueux-Dates-Boxes-Wholesale-Premium-Magnetic-Gift-Boxes-4.webp\" alt=\"hochwertige-individuelle-daten-boxen-gro\u00dfhandel-magnetische-geschenk-boxen-4\" class=\"wp-image-3109\" srcset=\"https:\/\/www.yishengpack.com\/wp-content\/uploads\/2025\/12\/High-Grade-Customization-Luxueux-Dates-Boxes-Wholesale-Premium-Magnetic-Gift-Boxes-4.webp 1184w, https:\/\/www.yishengpack.com\/wp-content\/uploads\/2025\/12\/High-Grade-Customization-Luxueux-Dates-Boxes-Wholesale-Premium-Magnetic-Gift-Boxes-4-300x300.webp 300w, https:\/\/www.yishengpack.com\/wp-content\/uploads\/2025\/12\/High-Grade-Customization-Luxueux-Dates-Boxes-Wholesale-Premium-Magnetic-Gift-Boxes-4-150x150.webp 150w, https:\/\/www.yishengpack.com\/wp-content\/uploads\/2025\/12\/High-Grade-Customization-Luxueux-Dates-Boxes-Wholesale-Premium-Magnetic-Gift-Boxes-4-768x768.webp 768w, https:\/\/www.yishengpack.com\/wp-content\/uploads\/2025\/12\/High-Grade-Customization-Luxueux-Dates-Boxes-Wholesale-Premium-Magnetic-Gift-Boxes-4-12x12.webp 12w, https:\/\/www.yishengpack.com\/wp-content\/uploads\/2025\/12\/High-Grade-Customization-Luxueux-Dates-Boxes-Wholesale-Premium-Magnetic-Gift-Boxes-4-600x600.webp 600w, https:\/\/www.yishengpack.com\/wp-content\/uploads\/2025\/12\/High-Grade-Customization-Luxueux-Dates-Boxes-Wholesale-Premium-Magnetic-Gift-Boxes-4-100x100.webp 100w\" sizes=\"(max-width: 1184px) 100vw, 1184px\" \/><\/figure>\n\n\n\n<div class=\"wp-block-buttons has-custom-font-size has-small-font-size is-content-justification-center is-layout-flex wp-container-core-buttons-is-layout-16018d1d wp-block-buttons-is-layout-flex\">\n<div class=\"wp-block-button has-custom-width wp-block-button__width-75\"><a class=\"wp-block-button__link has-background has-small-font-size has-custom-font-size wp-element-button\" href=\"https:\/\/www.yishengpack.com\/de\/custom-printed-box\/\" style=\"background:linear-gradient(135deg,rgb(254,205,165) 0%,rgb(254,45,45) 0%,rgb(94,15,15) 0%,rgb(94,15,15) 100%)\" target=\"_blank\" rel=\"noreferrer noopener\"><strong>Entdecken Sie individuell bedruckte Boxen<\/strong><\/a><\/div>\n<\/div>\n<\/div>\n\n\n\n<div class=\"wp-block-column is-layout-flow wp-block-column-is-layout-flow\">\n<figure class=\"wp-block-image size-full\"><img decoding=\"async\" width=\"1913\" height=\"1913\" src=\"https:\/\/www.yishengpack.com\/wp-content\/uploads\/2025\/12\/High-Grade-Customization-Luxueux-Dates-Boxes-Wholesale-Premium-Magnetic-Gift-Boxes-3.webp\" alt=\"hochwertige-individuelle-daten-boxen-gro\u00dfhandel-magnetische-geschenk-boxen-3\" class=\"wp-image-3108\" srcset=\"https:\/\/www.yishengpack.com\/wp-content\/uploads\/2025\/12\/High-Grade-Customization-Luxueux-Dates-Boxes-Wholesale-Premium-Magnetic-Gift-Boxes-3.webp 1913w, https:\/\/www.yishengpack.com\/wp-content\/uploads\/2025\/12\/High-Grade-Customization-Luxueux-Dates-Boxes-Wholesale-Premium-Magnetic-Gift-Boxes-3-300x300.webp 300w, https:\/\/www.yishengpack.com\/wp-content\/uploads\/2025\/12\/High-Grade-Customization-Luxueux-Dates-Boxes-Wholesale-Premium-Magnetic-Gift-Boxes-3-150x150.webp 150w, https:\/\/www.yishengpack.com\/wp-content\/uploads\/2025\/12\/High-Grade-Customization-Luxueux-Dates-Boxes-Wholesale-Premium-Magnetic-Gift-Boxes-3-768x768.webp 768w, https:\/\/www.yishengpack.com\/wp-content\/uploads\/2025\/12\/High-Grade-Customization-Luxueux-Dates-Boxes-Wholesale-Premium-Magnetic-Gift-Boxes-3-12x12.webp 12w, https:\/\/www.yishengpack.com\/wp-content\/uploads\/2025\/12\/High-Grade-Customization-Luxueux-Dates-Boxes-Wholesale-Premium-Magnetic-Gift-Boxes-3-1200x1200.webp 1200w, https:\/\/www.yishengpack.com\/wp-content\/uploads\/2025\/12\/High-Grade-Customization-Luxueux-Dates-Boxes-Wholesale-Premium-Magnetic-Gift-Boxes-3-600x600.webp 600w, https:\/\/www.yishengpack.com\/wp-content\/uploads\/2025\/12\/High-Grade-Customization-Luxueux-Dates-Boxes-Wholesale-Premium-Magnetic-Gift-Boxes-3-100x100.webp 100w\" sizes=\"(max-width: 1913px) 100vw, 1913px\" \/><\/figure>\n\n\n\n<div class=\"wp-block-buttons has-custom-font-size has-small-font-size is-content-justification-center is-layout-flex wp-container-core-buttons-is-layout-16018d1d wp-block-buttons-is-layout-flex\">\n<div class=\"wp-block-button has-custom-width wp-block-button__width-75\"><a class=\"wp-block-button__link has-background has-small-font-size has-custom-font-size wp-element-button\" href=\"https:\/\/www.yishengpack.com\/de\/custom-box-inserts-accessories\/\" style=\"background:linear-gradient(135deg,rgb(254,205,165) 0%,rgb(254,45,45) 0%,rgb(94,15,15) 0%,rgb(94,15,15) 100%)\" target=\"_blank\" rel=\"noreferrer noopener\"><strong>Custom Box Inserts erforschen<\/strong><\/a><\/div>\n<\/div>\n<\/div>\n<\/div>","protected":false},"excerpt":{"rendered":"<p>Willkommen zum Kauf unserer hochwertigen kundenspezifischen Dattelschachteln mit einem erstklassigen Magnetverschlussdesign, hergestellt aus festem Karton f\u00fcr Haltbarkeit und luxuri\u00f6se Pr\u00e4sentation. Ideal f\u00fcr Datteln, Trockenfr\u00fcchte und Geschenkverpackungen, unterst\u00fctzen diese Gro\u00dfhandel magnetische Geschenkboxen volle OEM-Anpassung in Gr\u00f6\u00dfe, Druck und Oberfl\u00e4chen, um Markenwert und Geschenk Erfahrung zu erh\u00f6hen.<\/p>\n<h2>Highlights der Custom Dates Boxen<\/h2>\n<ul>\n<li>Magnetverschluss-Design<\/li>\n<li>Vollst\u00e4ndige Anpassung<\/li>\n<li>Lebensmittelgeeignete Materialien<\/li>\n<li>Exquisite Handwerkskunst<\/li>\n<li>Multi-Kapazit\u00e4ts-Optionen<\/li>\n<li>Verschiedene Farboptionen<\/li>\n<li>Datumssicheres Layout<\/li>\n<li>Robuste Konstruktion<\/li>\n<\/ul>","protected":false},"featured_media":3106,"comment_status":"closed","ping_status":"closed","template":"","meta":{"_acf_changed":false},"box-type":[54],"product_brand":[],"product_cat":[46,19,41,68,33,44],"product_tag":[],"class_list":{"0":"post-3103","1":"product","2":"type-product","3":"status-publish","4":"has-post-thumbnail","6":"box-type-custom-magnetic-closure-boxes","7":"product_cat-wholesale-paper-boxes","8":"product_cat-luxury-gift-boxes-wholesale","9":"product_cat-candy-gift-boxes-wholesale","10":"product_cat-custom-dates-box","11":"product_cat-food-packaging-boxes-wholesale","12":"product_cat-custom-snack-box","14":"first","15":"instock","16":"shipping-taxable","17":"product-type-simple"},"acf":[],"_links":{"self":[{"href":"https:\/\/www.yishengpack.com\/de\/wp-json\/wp\/v2\/product\/3103","targetHints":{"allow":["GET"]}}],"collection":[{"href":"https:\/\/www.yishengpack.com\/de\/wp-json\/wp\/v2\/product"}],"about":[{"href":"https:\/\/www.yishengpack.com\/de\/wp-json\/wp\/v2\/types\/product"}],"replies":[{"embeddable":true,"href":"https:\/\/www.yishengpack.com\/de\/wp-json\/wp\/v2\/comments?post=3103"}],"wp:featuredmedia":[{"embeddable":true,"href":"https:\/\/www.yishengpack.com\/de\/wp-json\/wp\/v2\/media\/3106"}],"wp:attachment":[{"href":"https:\/\/www.yishengpack.com\/de\/wp-json\/wp\/v2\/media?parent=3103"}],"wp:term":[{"taxonomy":"box-type","embeddable":true,"href":"https:\/\/www.yishengpack.com\/de\/wp-json\/wp\/v2\/box-type?post=3103"},{"taxonomy":"product_brand","embeddable":true,"href":"https:\/\/www.yishengpack.com\/de\/wp-json\/wp\/v2\/product_brand?post=3103"},{"taxonomy":"product_cat","embeddable":true,"href":"https:\/\/www.yishengpack.com\/de\/wp-json\/wp\/v2\/product_cat?post=3103"},{"taxonomy":"product_tag","embeddable":true,"href":"https:\/\/www.yishengpack.com\/de\/wp-json\/wp\/v2\/product_tag?post=3103"}],"curies":[{"name":"wp","href":"https:\/\/api.w.org\/{rel}","templated":true}]}}