{"id":3063,"date":"2025-12-12T16:30:04","date_gmt":"2025-12-12T16:30:04","guid":{"rendered":"https:\/\/www.yishengpack.com\/?post_type=product&#038;p=3063"},"modified":"2025-12-12T16:30:53","modified_gmt":"2025-12-12T16:30:53","slug":"dates-gift-boxes-wholesale","status":"publish","type":"product","link":"https:\/\/www.yishengpack.com\/de\/produkt\/dates-gift-boxes-wholesale\/","title":{"rendered":"Dattel-Geschenkboxen Gro\u00dfhandel, individuelle Papierboxen mit Deckel und Boden"},"content":{"rendered":"<div class=\"wp-block-columns is-layout-flex wp-container-core-columns-is-layout-9d6595d7 wp-block-columns-is-layout-flex\">\n<div class=\"wp-block-column is-layout-flow wp-block-column-is-layout-flow\">\n<h3 class=\"wp-block-heading\">Merkmale von Geschenkboxen mit individuellen Daten<\/h3>\n\n\n\n<p><strong>Schlanke Lift-Top-Struktur:<\/strong> Diese Geschenkboxen f\u00fcr Datteln im Gro\u00dfhandel haben ein klassisches Design mit einem nahtlosen, leicht zu \u00f6ffnenden Deckel, der ein erstklassiges, elegantes Auspackerlebnis bietet und gleichzeitig den Inhalt der Datteln sicher sch\u00fctzt.<\/p>\n\n\n\n<p><strong>Sicheres, unterteiltes inneres Tablett:<\/strong> Diese Dattel-Geschenkboxen f\u00fcr den Gro\u00dfhandel enthalten ein ma\u00dfgeschneidertes, lebensmittelechtes Papiertablett mit individuellen Schlitzen, die perfekt zu den Datteln passen, um ein Verrutschen w\u00e4hrend des Transports zu verhindern und die Leckereien f\u00fcr die Pr\u00e4sentation ordentlich zu halten.<\/p>\n\n\n\n<p><strong>Stabile, faltbare Papierkonstruktion:<\/strong> Diese Dattel-Geschenkboxen f\u00fcr den Gro\u00dfhandel sind aus strapazierf\u00e4higer Pappe gefertigt; das faltbare Design dieser Dattel-Geschenkboxen minimiert das Versandvolumen und den Lagerraum und senkt die Logistikkosten, ohne die strukturelle Integrit\u00e4t zu beeintr\u00e4chtigen.<\/p>\n\n\n\n<p><strong>Reichhaltige thematische Farbpaletten:<\/strong> Unsere ma\u00dfgeschneiderten Deckel- und Bodenschachteln aus Papier mit aufwendigen Drucken. Von tiefem Marineblau mit goldenen Details bis hin zu zarten Pastellt\u00f6nen verwenden die Schachteln raffinierte Farbschemata, die auf die Geschenkanl\u00e4sse abgestimmt sind (z. B. festlich, feierlich), um die Anziehungskraft von Datumsgeschenken zu erh\u00f6hen.<\/p>\n\n\n\n<p><strong>Vielseitige Anpassungsm\u00f6glichkeiten: <\/strong>Unsere ma\u00dfgeschneiderten Deckel- und Bodenschachteln aus Papier bieten vollst\u00e4ndig anpassbare Abmessungen, Druckmotive, Logoplatzierung, Veredelung (z. B. Folienpr\u00e4gung) und Fachanordnung. Diese Papierdatumsboxen k\u00f6nnen auf die Markenidentit\u00e4t oder bestimmte Geschenkthemen zugeschnitten werden.<\/p>\n\n\n\n<p><strong>Geeignet f\u00fcr den Gro\u00dfhandel mit gro\u00dfen St\u00fcckzahlen:<\/strong> Diese Datteln Geschenk-Boxen Gro\u00dfhandel in der Yisheng Fabrik haben ausgereifte Produktionslinien, die stabile Versorgung in gro\u00dfen Mengen mit hoher Qualit\u00e4t Konsistenz, geeignet f\u00fcr Markeninhaber und Importeure.<\/p>\n<\/div>\n\n\n\n<div class=\"wp-block-column is-layout-flow wp-block-column-is-layout-flow\">\n<figure class=\"wp-block-image size-full\"><img decoding=\"async\" width=\"1148\" height=\"1148\" src=\"https:\/\/www.yishengpack.com\/wp-content\/uploads\/2025\/12\/High-End-Custom-Luxury-Dates-Gift-Boxes-Eco-Friendly-Divided-Food-Package-Boxes-with-Logo-Wholesale-2.webp\" alt=\"Datteln-Geschenkboxen-Gro\u00dfhandel-individuelle-Deckel-und-Boden-Papier-Box-2\" class=\"wp-image-3065\" srcset=\"https:\/\/www.yishengpack.com\/wp-content\/uploads\/2025\/12\/High-End-Custom-Luxury-Dates-Gift-Boxes-Eco-Friendly-Divided-Food-Package-Boxes-with-Logo-Wholesale-2.webp 1148w, https:\/\/www.yishengpack.com\/wp-content\/uploads\/2025\/12\/High-End-Custom-Luxury-Dates-Gift-Boxes-Eco-Friendly-Divided-Food-Package-Boxes-with-Logo-Wholesale-2-300x300.webp 300w, https:\/\/www.yishengpack.com\/wp-content\/uploads\/2025\/12\/High-End-Custom-Luxury-Dates-Gift-Boxes-Eco-Friendly-Divided-Food-Package-Boxes-with-Logo-Wholesale-2-150x150.webp 150w, https:\/\/www.yishengpack.com\/wp-content\/uploads\/2025\/12\/High-End-Custom-Luxury-Dates-Gift-Boxes-Eco-Friendly-Divided-Food-Package-Boxes-with-Logo-Wholesale-2-768x768.webp 768w, https:\/\/www.yishengpack.com\/wp-content\/uploads\/2025\/12\/High-End-Custom-Luxury-Dates-Gift-Boxes-Eco-Friendly-Divided-Food-Package-Boxes-with-Logo-Wholesale-2-12x12.webp 12w, https:\/\/www.yishengpack.com\/wp-content\/uploads\/2025\/12\/High-End-Custom-Luxury-Dates-Gift-Boxes-Eco-Friendly-Divided-Food-Package-Boxes-with-Logo-Wholesale-2-600x600.webp 600w, https:\/\/www.yishengpack.com\/wp-content\/uploads\/2025\/12\/High-End-Custom-Luxury-Dates-Gift-Boxes-Eco-Friendly-Divided-Food-Package-Boxes-with-Logo-Wholesale-2-100x100.webp 100w\" sizes=\"(max-width: 1148px) 100vw, 1148px\" \/><\/figure>\n<\/div>\n<\/div>\n\n\n\n<div class=\"wp-block-columns is-layout-flex wp-container-core-columns-is-layout-9d6595d7 wp-block-columns-is-layout-flex\">\n<div class=\"wp-block-column is-layout-flow wp-block-column-is-layout-flow\">\n<figure class=\"wp-block-image size-full\"><img decoding=\"async\" width=\"2048\" height=\"2048\" src=\"https:\/\/www.yishengpack.com\/wp-content\/uploads\/2025\/12\/High-End-Custom-Luxury-Dates-Gift-Boxes-Eco-Friendly-Divided-Food-Package-Boxes-with-Logo-Wholesale-6.webp\" alt=\"Datteln-Geschenkboxen-Gro\u00dfhandel-individuelle-Deckel-und-Boden-Papier-Box-6\" class=\"wp-image-3069\" srcset=\"https:\/\/www.yishengpack.com\/wp-content\/uploads\/2025\/12\/High-End-Custom-Luxury-Dates-Gift-Boxes-Eco-Friendly-Divided-Food-Package-Boxes-with-Logo-Wholesale-6.webp 2048w, https:\/\/www.yishengpack.com\/wp-content\/uploads\/2025\/12\/High-End-Custom-Luxury-Dates-Gift-Boxes-Eco-Friendly-Divided-Food-Package-Boxes-with-Logo-Wholesale-6-300x300.webp 300w, https:\/\/www.yishengpack.com\/wp-content\/uploads\/2025\/12\/High-End-Custom-Luxury-Dates-Gift-Boxes-Eco-Friendly-Divided-Food-Package-Boxes-with-Logo-Wholesale-6-150x150.webp 150w, https:\/\/www.yishengpack.com\/wp-content\/uploads\/2025\/12\/High-End-Custom-Luxury-Dates-Gift-Boxes-Eco-Friendly-Divided-Food-Package-Boxes-with-Logo-Wholesale-6-768x768.webp 768w, https:\/\/www.yishengpack.com\/wp-content\/uploads\/2025\/12\/High-End-Custom-Luxury-Dates-Gift-Boxes-Eco-Friendly-Divided-Food-Package-Boxes-with-Logo-Wholesale-6-12x12.webp 12w, https:\/\/www.yishengpack.com\/wp-content\/uploads\/2025\/12\/High-End-Custom-Luxury-Dates-Gift-Boxes-Eco-Friendly-Divided-Food-Package-Boxes-with-Logo-Wholesale-6-1200x1200.webp 1200w, https:\/\/www.yishengpack.com\/wp-content\/uploads\/2025\/12\/High-End-Custom-Luxury-Dates-Gift-Boxes-Eco-Friendly-Divided-Food-Package-Boxes-with-Logo-Wholesale-6-600x600.webp 600w, https:\/\/www.yishengpack.com\/wp-content\/uploads\/2025\/12\/High-End-Custom-Luxury-Dates-Gift-Boxes-Eco-Friendly-Divided-Food-Package-Boxes-with-Logo-Wholesale-6-100x100.webp 100w\" sizes=\"(max-width: 2048px) 100vw, 2048px\" \/><\/figure>\n\n\n\n<div class=\"wp-block-buttons has-custom-font-size has-small-font-size is-content-justification-center is-layout-flex wp-container-core-buttons-is-layout-16018d1d wp-block-buttons-is-layout-flex\">\n<div class=\"wp-block-button has-custom-width wp-block-button__width-75\"><a class=\"wp-block-button__link has-background has-small-font-size has-custom-font-size wp-element-button\" href=\"https:\/\/www.yishengpack.com\/de\/custom-printed-box\/\" style=\"background:linear-gradient(135deg,rgb(254,205,165) 0%,rgb(254,45,45) 0%,rgb(94,15,15) 0%,rgb(94,15,15) 100%)\" target=\"_blank\" rel=\"noreferrer noopener\"><strong>Entdecken Sie individuell bedruckte Boxen<\/strong><\/a><\/div>\n<\/div>\n<\/div>\n\n\n\n<div class=\"wp-block-column is-layout-flow wp-block-column-is-layout-flow\">\n<figure class=\"wp-block-image size-full\"><img decoding=\"async\" width=\"1574\" height=\"1574\" src=\"https:\/\/www.yishengpack.com\/wp-content\/uploads\/2025\/12\/High-End-Custom-Luxury-Dates-Gift-Boxes-Eco-Friendly-Divided-Food-Package-Boxes-with-Logo-Wholesale-7.webp\" alt=\"Datteln-Geschenkboxen-Gro\u00dfhandel-individuelle-Deckel-und-Boden-Papier-Box-7\" class=\"wp-image-3070\" srcset=\"https:\/\/www.yishengpack.com\/wp-content\/uploads\/2025\/12\/High-End-Custom-Luxury-Dates-Gift-Boxes-Eco-Friendly-Divided-Food-Package-Boxes-with-Logo-Wholesale-7.webp 1574w, https:\/\/www.yishengpack.com\/wp-content\/uploads\/2025\/12\/High-End-Custom-Luxury-Dates-Gift-Boxes-Eco-Friendly-Divided-Food-Package-Boxes-with-Logo-Wholesale-7-300x300.webp 300w, https:\/\/www.yishengpack.com\/wp-content\/uploads\/2025\/12\/High-End-Custom-Luxury-Dates-Gift-Boxes-Eco-Friendly-Divided-Food-Package-Boxes-with-Logo-Wholesale-7-150x150.webp 150w, https:\/\/www.yishengpack.com\/wp-content\/uploads\/2025\/12\/High-End-Custom-Luxury-Dates-Gift-Boxes-Eco-Friendly-Divided-Food-Package-Boxes-with-Logo-Wholesale-7-768x768.webp 768w, https:\/\/www.yishengpack.com\/wp-content\/uploads\/2025\/12\/High-End-Custom-Luxury-Dates-Gift-Boxes-Eco-Friendly-Divided-Food-Package-Boxes-with-Logo-Wholesale-7-12x12.webp 12w, https:\/\/www.yishengpack.com\/wp-content\/uploads\/2025\/12\/High-End-Custom-Luxury-Dates-Gift-Boxes-Eco-Friendly-Divided-Food-Package-Boxes-with-Logo-Wholesale-7-1200x1200.webp 1200w, https:\/\/www.yishengpack.com\/wp-content\/uploads\/2025\/12\/High-End-Custom-Luxury-Dates-Gift-Boxes-Eco-Friendly-Divided-Food-Package-Boxes-with-Logo-Wholesale-7-600x600.webp 600w, https:\/\/www.yishengpack.com\/wp-content\/uploads\/2025\/12\/High-End-Custom-Luxury-Dates-Gift-Boxes-Eco-Friendly-Divided-Food-Package-Boxes-with-Logo-Wholesale-7-100x100.webp 100w\" sizes=\"(max-width: 1574px) 100vw, 1574px\" \/><\/figure>\n\n\n\n<div class=\"wp-block-buttons has-custom-font-size has-small-font-size is-content-justification-center is-layout-flex wp-container-core-buttons-is-layout-16018d1d wp-block-buttons-is-layout-flex\">\n<div class=\"wp-block-button has-custom-width wp-block-button__width-75\"><a class=\"wp-block-button__link has-background has-small-font-size has-custom-font-size wp-element-button\" href=\"https:\/\/www.yishengpack.com\/de\/custom-box-inserts-accessories\/\" style=\"background:linear-gradient(135deg,rgb(254,205,165) 0%,rgb(254,45,45) 0%,rgb(94,15,15) 0%,rgb(94,15,15) 100%)\" target=\"_blank\" rel=\"noreferrer noopener\"><strong>Custom Box Inserts erforschen<\/strong><\/a><\/div>\n<\/div>\n<\/div>\n<\/div>","protected":false},"excerpt":{"rendered":"<p>Willkommen beim Gro\u00dfhandelskauf unserer Geschenkboxen f\u00fcr Datteln, die mit aufwendigen Mustern in satten Farben verziert sind und sich perfekt f\u00fcr hochwertige Datteln, S\u00fc\u00dfwaren oder Gourmet-Leckereien eignen. Mit einem unterteilten Innentablett (zum Sichern einzelner Artikel), einer strapazierf\u00e4higen Papierkonstruktion und eleganten dekorativen Oberfl\u00e4chen vereinen sie Opulenz und Funktionalit\u00e4t. Wir bieten individuelle Gr\u00f6\u00dfen, Muster und Farbschemata sowie individuelle Logos oder hochwertige Folienakzente, die zu Ihrer Marke passen.<\/p>\n<h2>Highlights der Luxus-Dattel-Geschenkboxen im Gro\u00dfhandel<\/h2>\n<ul>\n<li>Vollst\u00e4ndige Individualisierung m\u00f6glich<\/li>\n<li>Unterteilte Lagerung<\/li>\n<li>Recycelte Materialien<\/li>\n<li>Exquisiter Druck<\/li>\n<li>Vielseitige Gr\u00f6\u00dfenanpassbarkeit<\/li>\n<li>Reichhaltige Farbvielfalt<\/li>\n<li>Stabile Struktur<\/li>\n<li>Sch\u00fctzende und bequeme Datenanzeige<\/li>\n<\/ul>","protected":false},"featured_media":3064,"comment_status":"closed","ping_status":"closed","template":"","meta":{"_acf_changed":false},"box-type":[57,61],"product_brand":[],"product_cat":[46,19,41,68,33,44],"product_tag":[],"class_list":{"0":"post-3063","1":"product","2":"type-product","3":"status-publish","4":"has-post-thumbnail","6":"box-type-custom-rigid-box-with-lid","7":"box-type-custom-two-piece-boxes","8":"product_cat-wholesale-paper-boxes","9":"product_cat-luxury-gift-boxes-wholesale","10":"product_cat-candy-gift-boxes-wholesale","11":"product_cat-custom-dates-box","12":"product_cat-food-packaging-boxes-wholesale","13":"product_cat-custom-snack-box","15":"first","16":"instock","17":"shipping-taxable","18":"product-type-simple"},"acf":[],"_links":{"self":[{"href":"https:\/\/www.yishengpack.com\/de\/wp-json\/wp\/v2\/product\/3063","targetHints":{"allow":["GET"]}}],"collection":[{"href":"https:\/\/www.yishengpack.com\/de\/wp-json\/wp\/v2\/product"}],"about":[{"href":"https:\/\/www.yishengpack.com\/de\/wp-json\/wp\/v2\/types\/product"}],"replies":[{"embeddable":true,"href":"https:\/\/www.yishengpack.com\/de\/wp-json\/wp\/v2\/comments?post=3063"}],"wp:featuredmedia":[{"embeddable":true,"href":"https:\/\/www.yishengpack.com\/de\/wp-json\/wp\/v2\/media\/3064"}],"wp:attachment":[{"href":"https:\/\/www.yishengpack.com\/de\/wp-json\/wp\/v2\/media?parent=3063"}],"wp:term":[{"taxonomy":"box-type","embeddable":true,"href":"https:\/\/www.yishengpack.com\/de\/wp-json\/wp\/v2\/box-type?post=3063"},{"taxonomy":"product_brand","embeddable":true,"href":"https:\/\/www.yishengpack.com\/de\/wp-json\/wp\/v2\/product_brand?post=3063"},{"taxonomy":"product_cat","embeddable":true,"href":"https:\/\/www.yishengpack.com\/de\/wp-json\/wp\/v2\/product_cat?post=3063"},{"taxonomy":"product_tag","embeddable":true,"href":"https:\/\/www.yishengpack.com\/de\/wp-json\/wp\/v2\/product_tag?post=3063"}],"curies":[{"name":"wp","href":"https:\/\/api.w.org\/{rel}","templated":true}]}}