{"id":3021,"date":"2025-12-12T10:32:26","date_gmt":"2025-12-12T10:32:26","guid":{"rendered":"https:\/\/www.yishengpack.com\/?post_type=product&#038;p=3021"},"modified":"2025-12-12T10:32:28","modified_gmt":"2025-12-12T10:32:28","slug":"wholesale-apparel-boxes","status":"publish","type":"product","link":"https:\/\/www.yishengpack.com\/de\/produkt\/wholesale-apparel-boxes\/","title":{"rendered":"Luxuri\u00f6se Gro\u00dfhandels-Bekleidungsboxen, individuell bedruckte Magnetboxen"},"content":{"rendered":"<div class=\"wp-block-columns is-layout-flex wp-container-core-columns-is-layout-9d6595d7 wp-block-columns-is-layout-flex\">\n<div class=\"wp-block-column is-layout-flow wp-block-column-is-layout-flow\">\n<h3 class=\"wp-block-heading\">Merkmale von Gro\u00dfhandel Kleidung Boxen<\/h3>\n\n\n\n<p><strong>Sicherer Magnetverschluss f\u00fcr Kleidungsst\u00fccke:<\/strong> Diese Bekleidungsboxen f\u00fcr den Gro\u00dfhandel verf\u00fcgen \u00fcber eine versteckte, feste Magnetklappe, die fest verschlossen ist. Gefaltete Kleidung (T-Shirts, Schals) wird ordentlich und sicher aufbewahrt, w\u00e4hrend Sie ein reibungsloses, hochwertiges Unboxing-Erlebnis genie\u00dfen.<\/p>\n\n\n\n<p><strong>Robuste strukturelle Integrit\u00e4t:<\/strong> Diese Gro\u00dfhandels-Bekleidungsboxen sind aus hochwertigem, festem Karton hergestellt; die Box bricht nicht zusammen, selbst wenn sie gestapelt wird (ideal f\u00fcr die Aufbewahrung im Kleiderschrank) - die Haltbarkeit der Box sch\u00fctzt die Kleidungsst\u00fccke beim Versand oder bei langfristiger Verwendung.<\/p>\n\n\n\n<p><strong>Anpassbarer Druck:<\/strong> Diese Bekleidungsboxen f\u00fcr den Gro\u00dfhandel k\u00f6nnen mit Ihrem Firmenlogo in voller Farbe oder teilweise mit Hei\u00dfpr\u00e4gung bedruckt werden, was zus\u00e4tzliche Effekte erzeugt.<\/p>\n\n\n\n<p><strong>Mehrere Gr\u00f6\u00dfen verf\u00fcgbar:<\/strong> Diese individuell bedruckten Magnetboxen eignen sich f\u00fcr die Verpackung verschiedener Bekleidungsprodukte wie T-Shirts, Hemden, Unterw\u00e4sche und Socken; eine Massenproduktion ist m\u00f6glich, um unterschiedliche Bestellmengen zu erf\u00fcllen.<\/p>\n\n\n\n<p><strong>Verbessertes Markenimage:<\/strong> Diese individuell bedruckten Magnetboxen sind hochwertige Verpackungen, die das Produktimage aufwerten und sich f\u00fcr Geschenke, Weihnachtsaktionen und E-Commerce eignen.<\/p>\n<\/div>\n\n\n\n<div class=\"wp-block-column is-layout-flow wp-block-column-is-layout-flow\">\n<figure class=\"wp-block-image size-full\"><img decoding=\"async\" width=\"2048\" height=\"2048\" src=\"https:\/\/www.yishengpack.com\/wp-content\/uploads\/2025\/12\/Luxury-Custom-Printed-Logo-Magnetic-Apparel-Boxes-Wholesale-Bulk-Clothes-Socks-Package-Boxes-2.webp\" alt=\"luxus-gro\u00dfhandel-bekleidung-boxen-mit-druck-magnetbox-2\" class=\"wp-image-3023\" srcset=\"https:\/\/www.yishengpack.com\/wp-content\/uploads\/2025\/12\/Luxury-Custom-Printed-Logo-Magnetic-Apparel-Boxes-Wholesale-Bulk-Clothes-Socks-Package-Boxes-2.webp 2048w, https:\/\/www.yishengpack.com\/wp-content\/uploads\/2025\/12\/Luxury-Custom-Printed-Logo-Magnetic-Apparel-Boxes-Wholesale-Bulk-Clothes-Socks-Package-Boxes-2-300x300.webp 300w, https:\/\/www.yishengpack.com\/wp-content\/uploads\/2025\/12\/Luxury-Custom-Printed-Logo-Magnetic-Apparel-Boxes-Wholesale-Bulk-Clothes-Socks-Package-Boxes-2-150x150.webp 150w, https:\/\/www.yishengpack.com\/wp-content\/uploads\/2025\/12\/Luxury-Custom-Printed-Logo-Magnetic-Apparel-Boxes-Wholesale-Bulk-Clothes-Socks-Package-Boxes-2-768x768.webp 768w, https:\/\/www.yishengpack.com\/wp-content\/uploads\/2025\/12\/Luxury-Custom-Printed-Logo-Magnetic-Apparel-Boxes-Wholesale-Bulk-Clothes-Socks-Package-Boxes-2-12x12.webp 12w, https:\/\/www.yishengpack.com\/wp-content\/uploads\/2025\/12\/Luxury-Custom-Printed-Logo-Magnetic-Apparel-Boxes-Wholesale-Bulk-Clothes-Socks-Package-Boxes-2-1200x1200.webp 1200w, https:\/\/www.yishengpack.com\/wp-content\/uploads\/2025\/12\/Luxury-Custom-Printed-Logo-Magnetic-Apparel-Boxes-Wholesale-Bulk-Clothes-Socks-Package-Boxes-2-600x600.webp 600w, https:\/\/www.yishengpack.com\/wp-content\/uploads\/2025\/12\/Luxury-Custom-Printed-Logo-Magnetic-Apparel-Boxes-Wholesale-Bulk-Clothes-Socks-Package-Boxes-2-100x100.webp 100w\" sizes=\"(max-width: 2048px) 100vw, 2048px\" \/><\/figure>\n<\/div>\n<\/div>\n\n\n\n<div class=\"wp-block-columns is-layout-flex wp-container-core-columns-is-layout-9d6595d7 wp-block-columns-is-layout-flex\">\n<div class=\"wp-block-column is-layout-flow wp-block-column-is-layout-flow\">\n<figure class=\"wp-block-image size-full\"><img decoding=\"async\" width=\"1628\" height=\"1628\" src=\"https:\/\/www.yishengpack.com\/wp-content\/uploads\/2025\/12\/Luxury-Custom-Printed-Logo-Magnetic-Apparel-Boxes-Wholesale-Bulk-Clothes-Socks-Package-Boxes-4.webp\" alt=\"luxus-gro\u00dfhandel-bekleidung-boxen-mit-magnetischem-aufdruck-4\" class=\"wp-image-3025\" srcset=\"https:\/\/www.yishengpack.com\/wp-content\/uploads\/2025\/12\/Luxury-Custom-Printed-Logo-Magnetic-Apparel-Boxes-Wholesale-Bulk-Clothes-Socks-Package-Boxes-4.webp 1628w, https:\/\/www.yishengpack.com\/wp-content\/uploads\/2025\/12\/Luxury-Custom-Printed-Logo-Magnetic-Apparel-Boxes-Wholesale-Bulk-Clothes-Socks-Package-Boxes-4-300x300.webp 300w, https:\/\/www.yishengpack.com\/wp-content\/uploads\/2025\/12\/Luxury-Custom-Printed-Logo-Magnetic-Apparel-Boxes-Wholesale-Bulk-Clothes-Socks-Package-Boxes-4-150x150.webp 150w, https:\/\/www.yishengpack.com\/wp-content\/uploads\/2025\/12\/Luxury-Custom-Printed-Logo-Magnetic-Apparel-Boxes-Wholesale-Bulk-Clothes-Socks-Package-Boxes-4-768x768.webp 768w, https:\/\/www.yishengpack.com\/wp-content\/uploads\/2025\/12\/Luxury-Custom-Printed-Logo-Magnetic-Apparel-Boxes-Wholesale-Bulk-Clothes-Socks-Package-Boxes-4-12x12.webp 12w, https:\/\/www.yishengpack.com\/wp-content\/uploads\/2025\/12\/Luxury-Custom-Printed-Logo-Magnetic-Apparel-Boxes-Wholesale-Bulk-Clothes-Socks-Package-Boxes-4-1200x1200.webp 1200w, https:\/\/www.yishengpack.com\/wp-content\/uploads\/2025\/12\/Luxury-Custom-Printed-Logo-Magnetic-Apparel-Boxes-Wholesale-Bulk-Clothes-Socks-Package-Boxes-4-600x600.webp 600w, https:\/\/www.yishengpack.com\/wp-content\/uploads\/2025\/12\/Luxury-Custom-Printed-Logo-Magnetic-Apparel-Boxes-Wholesale-Bulk-Clothes-Socks-Package-Boxes-4-100x100.webp 100w\" sizes=\"(max-width: 1628px) 100vw, 1628px\" \/><\/figure>\n\n\n\n<div class=\"wp-block-buttons has-custom-font-size has-small-font-size is-content-justification-center is-layout-flex wp-container-core-buttons-is-layout-16018d1d wp-block-buttons-is-layout-flex\">\n<div class=\"wp-block-button has-custom-width wp-block-button__width-75\"><a class=\"wp-block-button__link has-background has-small-font-size has-custom-font-size wp-element-button\" href=\"https:\/\/www.yishengpack.com\/de\/custom-printed-box\/\" style=\"background:linear-gradient(135deg,rgb(254,205,165) 0%,rgb(254,45,45) 0%,rgb(94,15,15) 0%,rgb(94,15,15) 100%)\" target=\"_blank\" rel=\"noreferrer noopener\"><strong>Entdecken Sie individuell bedruckte Boxen<\/strong><\/a><\/div>\n<\/div>\n<\/div>\n\n\n\n<div class=\"wp-block-column is-layout-flow wp-block-column-is-layout-flow\">\n<figure class=\"wp-block-image size-full\"><img decoding=\"async\" width=\"2048\" height=\"2048\" src=\"https:\/\/www.yishengpack.com\/wp-content\/uploads\/2025\/12\/Luxury-Custom-Printed-Logo-Magnetic-Apparel-Boxes-Wholesale-Bulk-Clothes-Socks-Package-Boxes-5.webp\" alt=\"luxus-gro\u00dfhandel-bekleidung-boxen-mit-magnetischem-aufdruck-5\" class=\"wp-image-3026\" srcset=\"https:\/\/www.yishengpack.com\/wp-content\/uploads\/2025\/12\/Luxury-Custom-Printed-Logo-Magnetic-Apparel-Boxes-Wholesale-Bulk-Clothes-Socks-Package-Boxes-5.webp 2048w, https:\/\/www.yishengpack.com\/wp-content\/uploads\/2025\/12\/Luxury-Custom-Printed-Logo-Magnetic-Apparel-Boxes-Wholesale-Bulk-Clothes-Socks-Package-Boxes-5-300x300.webp 300w, https:\/\/www.yishengpack.com\/wp-content\/uploads\/2025\/12\/Luxury-Custom-Printed-Logo-Magnetic-Apparel-Boxes-Wholesale-Bulk-Clothes-Socks-Package-Boxes-5-150x150.webp 150w, https:\/\/www.yishengpack.com\/wp-content\/uploads\/2025\/12\/Luxury-Custom-Printed-Logo-Magnetic-Apparel-Boxes-Wholesale-Bulk-Clothes-Socks-Package-Boxes-5-768x768.webp 768w, https:\/\/www.yishengpack.com\/wp-content\/uploads\/2025\/12\/Luxury-Custom-Printed-Logo-Magnetic-Apparel-Boxes-Wholesale-Bulk-Clothes-Socks-Package-Boxes-5-12x12.webp 12w, https:\/\/www.yishengpack.com\/wp-content\/uploads\/2025\/12\/Luxury-Custom-Printed-Logo-Magnetic-Apparel-Boxes-Wholesale-Bulk-Clothes-Socks-Package-Boxes-5-1200x1200.webp 1200w, https:\/\/www.yishengpack.com\/wp-content\/uploads\/2025\/12\/Luxury-Custom-Printed-Logo-Magnetic-Apparel-Boxes-Wholesale-Bulk-Clothes-Socks-Package-Boxes-5-600x600.webp 600w, https:\/\/www.yishengpack.com\/wp-content\/uploads\/2025\/12\/Luxury-Custom-Printed-Logo-Magnetic-Apparel-Boxes-Wholesale-Bulk-Clothes-Socks-Package-Boxes-5-100x100.webp 100w\" sizes=\"(max-width: 2048px) 100vw, 2048px\" \/><\/figure>\n\n\n\n<div class=\"wp-block-buttons has-custom-font-size has-small-font-size is-content-justification-center is-layout-flex wp-container-core-buttons-is-layout-16018d1d wp-block-buttons-is-layout-flex\">\n<div class=\"wp-block-button has-custom-width wp-block-button__width-75\"><a class=\"wp-block-button__link has-background has-small-font-size has-custom-font-size wp-element-button\" href=\"https:\/\/www.yishengpack.com\/de\/custom-product-boxes-types\/\" style=\"background:linear-gradient(135deg,rgb(254,205,165) 0%,rgb(254,45,45) 0%,rgb(94,15,15) 0%,rgb(94,15,15) 100%)\" target=\"_blank\" rel=\"noreferrer noopener\"><strong>Benutzerdefinierte Box-Typen erkunden<\/strong><\/a><\/div>\n<\/div>\n<\/div>\n<\/div>","protected":false},"excerpt":{"rendered":"<p>Willkommen beim Kauf unserer Premium-Gro\u00dfhandels-Bekleidungsboxen mit Magnetverschluss, konzipiert f\u00fcr Kleidung, Socken und Accessoires. Diese robusten, luxuri\u00f6sen Boxen, die mit Logos und Farbdrucken individuell gestaltet werden k\u00f6nnen, verbessern das Unboxing-Erlebnis und die Markenpr\u00e4senz und sind ideal f\u00fcr Gro\u00dfbestellungen, Einzelhandel und E-Commerce.<\/p>\n<h2>Highlights des Gro\u00dfhandels Bekleidungsboxen<\/h2>\n<ul>\n<li>Vollst\u00e4ndige Individualisierung m\u00f6glich<\/li>\n<li>Starker magnetischer Verschluss<\/li>\n<li>Hochwertige Materialien<\/li>\n<li>Exquisiter Druck<\/li>\n<li>Mehrere Gr\u00f6\u00dfen<\/li>\n<li>Reichhaltige Farbvielfalt<\/li>\n<li>Langlebig und robust<\/li>\n<li>Flexible Mindestbestellmenge<\/li>\n<\/ul>","protected":false},"featured_media":3022,"comment_status":"closed","ping_status":"closed","template":"","meta":{"_acf_changed":false},"box-type":[54,57],"product_brand":[],"product_cat":[19,66,46,69,67],"product_tag":[],"class_list":{"0":"post-3021","1":"product","2":"type-product","3":"status-publish","4":"has-post-thumbnail","6":"box-type-custom-magnetic-closure-boxes","7":"box-type-custom-rigid-box-with-lid","8":"product_cat-luxury-gift-boxes-wholesale","9":"product_cat-custom-apparel-boxes","10":"product_cat-wholesale-paper-boxes","11":"product_cat-custom-retail-boxes","12":"product_cat-custom-shipping-boxes","14":"first","15":"instock","16":"shipping-taxable","17":"product-type-simple"},"acf":[],"_links":{"self":[{"href":"https:\/\/www.yishengpack.com\/de\/wp-json\/wp\/v2\/product\/3021","targetHints":{"allow":["GET"]}}],"collection":[{"href":"https:\/\/www.yishengpack.com\/de\/wp-json\/wp\/v2\/product"}],"about":[{"href":"https:\/\/www.yishengpack.com\/de\/wp-json\/wp\/v2\/types\/product"}],"replies":[{"embeddable":true,"href":"https:\/\/www.yishengpack.com\/de\/wp-json\/wp\/v2\/comments?post=3021"}],"wp:featuredmedia":[{"embeddable":true,"href":"https:\/\/www.yishengpack.com\/de\/wp-json\/wp\/v2\/media\/3022"}],"wp:attachment":[{"href":"https:\/\/www.yishengpack.com\/de\/wp-json\/wp\/v2\/media?parent=3021"}],"wp:term":[{"taxonomy":"box-type","embeddable":true,"href":"https:\/\/www.yishengpack.com\/de\/wp-json\/wp\/v2\/box-type?post=3021"},{"taxonomy":"product_brand","embeddable":true,"href":"https:\/\/www.yishengpack.com\/de\/wp-json\/wp\/v2\/product_brand?post=3021"},{"taxonomy":"product_cat","embeddable":true,"href":"https:\/\/www.yishengpack.com\/de\/wp-json\/wp\/v2\/product_cat?post=3021"},{"taxonomy":"product_tag","embeddable":true,"href":"https:\/\/www.yishengpack.com\/de\/wp-json\/wp\/v2\/product_tag?post=3021"}],"curies":[{"name":"wp","href":"https:\/\/api.w.org\/{rel}","templated":true}]}}