{"id":2952,"date":"2025-12-10T09:03:30","date_gmt":"2025-12-10T09:03:30","guid":{"rendered":"https:\/\/www.yishengpack.com\/?post_type=product&#038;p=2952"},"modified":"2025-12-10T09:04:39","modified_gmt":"2025-12-10T09:04:39","slug":"custom-drawer-box","status":"publish","type":"product","link":"https:\/\/www.yishengpack.com\/de\/produkt\/custom-drawer-box\/","title":{"rendered":"Individuell gestaltete Schubladenbox mit Logo, Gro\u00dfhandelsverpackungsbox f\u00fcr Produkte"},"content":{"rendered":"<div class=\"wp-block-columns is-layout-flex wp-container-core-columns-is-layout-9d6595d7 wp-block-columns-is-layout-flex\">\n<div class=\"wp-block-column is-layout-flow wp-block-column-is-layout-flow\">\n<h3 class=\"wp-block-heading\">Merkmale der individuellen Schubladenboxen mit Logo<\/h3>\n\n\n\n<p><strong>Leichtg\u00e4ngige Schubladenmechanik:<\/strong> Die ma\u00dfgefertigte Schubladenbox ist so konzipiert, dass sie mit Gleitern ausziehbar ist, die leichtg\u00e4ngig sind. Sie verf\u00fcgt \u00fcber eine kleine Rille auf einer Seite oder einen Griff zum einfachen \u00d6ffnen und Schlie\u00dfen und bietet einen taktilen \"Wow\"-Faktor f\u00fcr Ihr erstklassiges Unboxing-Erlebnis mit Produkten.<\/p>\n\n\n\n<p><strong>Herausnehmbarer Multi-Use-Einsatz: <\/strong>Die ma\u00dfgefertigte Schubladenbox verf\u00fcgt \u00fcber einen vielseitigen Inneneinsatz (gr\u00f6\u00dfenverstellbar), in dem kleine Gegenst\u00e4nde - von empfindlichen Schmuckst\u00fccken bis hin zu winzigen Accessoires - sicher aufbewahrt werden k\u00f6nnen und der zur flexiblen Aufbewahrung herausgenommen werden kann.<\/p>\n\n\n\n<p><strong>Starre strukturelle Festigkeit: <\/strong>Die ma\u00dfgefertigte Schubladenbox ist robust genug, um ihre Form und Stabilit\u00e4t zu bewahren, was Ihr wertvolles Produkt vor leichten St\u00f6\u00dfen oder Missbrauch durch Kompression sch\u00fctzt.<\/p>\n\n\n\n<p><strong>Schlanker Monoton &amp; Texturkontrast:<\/strong> Die Produktverpackungen f\u00fcr den Gro\u00dfhandel haben eine matte Au\u00dfenseite mit kleinen Details wie Pr\u00e4gemustern oder Metallic-Siebdruck usw., die eine moderne und anspruchsvolle Atmosph\u00e4re f\u00fcr Geschenkverpackungen schaffen.<\/p>\n\n\n\n<p><strong>Ma\u00dfgeschneiderte Anpassungsoptionen:<\/strong> Bei den Produktverpackungen f\u00fcr den Gro\u00dfhandel l\u00e4sst sich jedes Element an Ihre Bed\u00fcrfnisse anpassen. \u00c4ndern Sie die Abmessungen der Schubladen, w\u00e4hlen Sie einzigartige Farbpaletten, f\u00fcgen Sie individuelle Logos oder Grafiken hinzu oder w\u00e4hlen Sie spezielle Oberfl\u00e4chenbehandlungen, die zu Ihrem Branding passen.<\/p>\n<\/div>\n\n\n\n<div class=\"wp-block-column is-layout-flow wp-block-column-is-layout-flow\">\n<figure class=\"wp-block-image size-full\"><img decoding=\"async\" width=\"1652\" height=\"1652\" src=\"https:\/\/www.yishengpack.com\/wp-content\/uploads\/2025\/12\/Custom-Printing-Logo-Drawer-Boxes-Rigid-Pull-Out-Boxes-with-Unique-Design-Wholesale-2.webp\" alt=\"schubladen-box-mit-logo-gro\u00dfhandel-produkt-verpackung-box-2\" class=\"wp-image-2954\" srcset=\"https:\/\/www.yishengpack.com\/wp-content\/uploads\/2025\/12\/Custom-Printing-Logo-Drawer-Boxes-Rigid-Pull-Out-Boxes-with-Unique-Design-Wholesale-2.webp 1652w, https:\/\/www.yishengpack.com\/wp-content\/uploads\/2025\/12\/Custom-Printing-Logo-Drawer-Boxes-Rigid-Pull-Out-Boxes-with-Unique-Design-Wholesale-2-300x300.webp 300w, https:\/\/www.yishengpack.com\/wp-content\/uploads\/2025\/12\/Custom-Printing-Logo-Drawer-Boxes-Rigid-Pull-Out-Boxes-with-Unique-Design-Wholesale-2-150x150.webp 150w, https:\/\/www.yishengpack.com\/wp-content\/uploads\/2025\/12\/Custom-Printing-Logo-Drawer-Boxes-Rigid-Pull-Out-Boxes-with-Unique-Design-Wholesale-2-768x768.webp 768w, https:\/\/www.yishengpack.com\/wp-content\/uploads\/2025\/12\/Custom-Printing-Logo-Drawer-Boxes-Rigid-Pull-Out-Boxes-with-Unique-Design-Wholesale-2-12x12.webp 12w, https:\/\/www.yishengpack.com\/wp-content\/uploads\/2025\/12\/Custom-Printing-Logo-Drawer-Boxes-Rigid-Pull-Out-Boxes-with-Unique-Design-Wholesale-2-1200x1200.webp 1200w, https:\/\/www.yishengpack.com\/wp-content\/uploads\/2025\/12\/Custom-Printing-Logo-Drawer-Boxes-Rigid-Pull-Out-Boxes-with-Unique-Design-Wholesale-2-600x600.webp 600w, https:\/\/www.yishengpack.com\/wp-content\/uploads\/2025\/12\/Custom-Printing-Logo-Drawer-Boxes-Rigid-Pull-Out-Boxes-with-Unique-Design-Wholesale-2-100x100.webp 100w\" sizes=\"(max-width: 1652px) 100vw, 1652px\" \/><\/figure>\n<\/div>\n<\/div>\n\n\n\n<div class=\"wp-block-columns is-layout-flex wp-container-core-columns-is-layout-9d6595d7 wp-block-columns-is-layout-flex\">\n<div class=\"wp-block-column is-layout-flow wp-block-column-is-layout-flow\">\n<figure class=\"wp-block-image size-full\"><img decoding=\"async\" width=\"2048\" height=\"2048\" src=\"https:\/\/www.yishengpack.com\/wp-content\/uploads\/2025\/12\/Custom-Printing-Logo-Drawer-Boxes-Rigid-Pull-Out-Boxes-with-Unique-Design-Wholesale-7.webp\" alt=\"schubladen-box-mit-logo-gro\u00dfhandel-produkt-verpackungen-box-7\" class=\"wp-image-2959\" srcset=\"https:\/\/www.yishengpack.com\/wp-content\/uploads\/2025\/12\/Custom-Printing-Logo-Drawer-Boxes-Rigid-Pull-Out-Boxes-with-Unique-Design-Wholesale-7.webp 2048w, https:\/\/www.yishengpack.com\/wp-content\/uploads\/2025\/12\/Custom-Printing-Logo-Drawer-Boxes-Rigid-Pull-Out-Boxes-with-Unique-Design-Wholesale-7-300x300.webp 300w, https:\/\/www.yishengpack.com\/wp-content\/uploads\/2025\/12\/Custom-Printing-Logo-Drawer-Boxes-Rigid-Pull-Out-Boxes-with-Unique-Design-Wholesale-7-150x150.webp 150w, https:\/\/www.yishengpack.com\/wp-content\/uploads\/2025\/12\/Custom-Printing-Logo-Drawer-Boxes-Rigid-Pull-Out-Boxes-with-Unique-Design-Wholesale-7-768x768.webp 768w, https:\/\/www.yishengpack.com\/wp-content\/uploads\/2025\/12\/Custom-Printing-Logo-Drawer-Boxes-Rigid-Pull-Out-Boxes-with-Unique-Design-Wholesale-7-12x12.webp 12w, https:\/\/www.yishengpack.com\/wp-content\/uploads\/2025\/12\/Custom-Printing-Logo-Drawer-Boxes-Rigid-Pull-Out-Boxes-with-Unique-Design-Wholesale-7-1200x1200.webp 1200w, https:\/\/www.yishengpack.com\/wp-content\/uploads\/2025\/12\/Custom-Printing-Logo-Drawer-Boxes-Rigid-Pull-Out-Boxes-with-Unique-Design-Wholesale-7-600x600.webp 600w, https:\/\/www.yishengpack.com\/wp-content\/uploads\/2025\/12\/Custom-Printing-Logo-Drawer-Boxes-Rigid-Pull-Out-Boxes-with-Unique-Design-Wholesale-7-100x100.webp 100w\" sizes=\"(max-width: 2048px) 100vw, 2048px\" \/><\/figure>\n\n\n\n<div class=\"wp-block-buttons has-custom-font-size has-small-font-size is-content-justification-center is-layout-flex wp-container-core-buttons-is-layout-16018d1d wp-block-buttons-is-layout-flex\">\n<div class=\"wp-block-button has-custom-width wp-block-button__width-75\"><a class=\"wp-block-button__link has-background has-small-font-size has-custom-font-size wp-element-button\" href=\"https:\/\/www.yishengpack.com\/de\/custom-printed-box\/\" style=\"background:linear-gradient(135deg,rgb(254,205,165) 0%,rgb(254,45,45) 0%,rgb(94,15,15) 0%,rgb(94,15,15) 100%)\" target=\"_blank\" rel=\"noreferrer noopener\"><strong>Entdecken Sie individuell bedruckte Boxen<\/strong><\/a><\/div>\n<\/div>\n<\/div>\n\n\n\n<div class=\"wp-block-column is-layout-flow wp-block-column-is-layout-flow\">\n<figure class=\"wp-block-image size-full\"><img decoding=\"async\" width=\"1391\" height=\"1391\" src=\"https:\/\/www.yishengpack.com\/wp-content\/uploads\/2025\/12\/Custom-Printing-Logo-Drawer-Boxes-Rigid-Pull-Out-Boxes-with-Unique-Design-Wholesale-3.webp\" alt=\"Ma\u00dfgefertigte Schubladenbox mit Logo \u2013 Gro\u00dfhandelsproduktverpackungsbox 3\" class=\"wp-image-2955\" srcset=\"https:\/\/www.yishengpack.com\/wp-content\/uploads\/2025\/12\/Custom-Printing-Logo-Drawer-Boxes-Rigid-Pull-Out-Boxes-with-Unique-Design-Wholesale-3.webp 1391w, https:\/\/www.yishengpack.com\/wp-content\/uploads\/2025\/12\/Custom-Printing-Logo-Drawer-Boxes-Rigid-Pull-Out-Boxes-with-Unique-Design-Wholesale-3-300x300.webp 300w, https:\/\/www.yishengpack.com\/wp-content\/uploads\/2025\/12\/Custom-Printing-Logo-Drawer-Boxes-Rigid-Pull-Out-Boxes-with-Unique-Design-Wholesale-3-150x150.webp 150w, https:\/\/www.yishengpack.com\/wp-content\/uploads\/2025\/12\/Custom-Printing-Logo-Drawer-Boxes-Rigid-Pull-Out-Boxes-with-Unique-Design-Wholesale-3-768x768.webp 768w, https:\/\/www.yishengpack.com\/wp-content\/uploads\/2025\/12\/Custom-Printing-Logo-Drawer-Boxes-Rigid-Pull-Out-Boxes-with-Unique-Design-Wholesale-3-12x12.webp 12w, https:\/\/www.yishengpack.com\/wp-content\/uploads\/2025\/12\/Custom-Printing-Logo-Drawer-Boxes-Rigid-Pull-Out-Boxes-with-Unique-Design-Wholesale-3-1200x1200.webp 1200w, https:\/\/www.yishengpack.com\/wp-content\/uploads\/2025\/12\/Custom-Printing-Logo-Drawer-Boxes-Rigid-Pull-Out-Boxes-with-Unique-Design-Wholesale-3-600x600.webp 600w, https:\/\/www.yishengpack.com\/wp-content\/uploads\/2025\/12\/Custom-Printing-Logo-Drawer-Boxes-Rigid-Pull-Out-Boxes-with-Unique-Design-Wholesale-3-100x100.webp 100w\" sizes=\"(max-width: 1391px) 100vw, 1391px\" \/><\/figure>\n\n\n\n<div class=\"wp-block-buttons has-custom-font-size has-small-font-size is-content-justification-center is-layout-flex wp-container-core-buttons-is-layout-16018d1d wp-block-buttons-is-layout-flex\">\n<div class=\"wp-block-button has-custom-width wp-block-button__width-75\"><a class=\"wp-block-button__link has-background has-small-font-size has-custom-font-size wp-element-button\" href=\"https:\/\/www.yishengpack.com\/de\/custom-box-inserts-accessories\/\" style=\"background:linear-gradient(135deg,rgb(254,205,165) 0%,rgb(254,45,45) 0%,rgb(94,15,15) 0%,rgb(94,15,15) 100%)\" target=\"_blank\" rel=\"noreferrer noopener\"><strong>Custom Box Inserts erforschen<\/strong><\/a><\/div>\n<\/div>\n<\/div>\n<\/div>","protected":false},"excerpt":{"rendered":"<p>Willkommen zum Kauf unserer individuellen Schubladenboxen mit Logo, die ein erstklassiges Unboxing-Erlebnis mit haltbarer, stabiler Pappkonstruktion und vollst\u00e4ndig anpassbaren Branding-Optionen bieten. Diese Schubladenboxen f\u00fcr den Gro\u00dfhandel sind ideal f\u00fcr Geschenke, Kosmetika und Einzelhandelsverpackungen und bieten mehrere Oberfl\u00e4chenveredelungen und umweltfreundliche Materialien.<\/p>\n<h2>Highlights der Custom Drawer Boxes<\/h2>\n<ul>\n<li>Ausziehbare Schubladenstruktur<\/li>\n<li>Vollst\u00e4ndige Anpassung<\/li>\n<li>Kundenspezifisch unterteilte Eins\u00e4tze<\/li>\n<li>Umweltfreundliche Materialien<\/li>\n<li>Exquisite Handwerkskunst<\/li>\n<li>Mehrere Farben<\/li>\n<li>Verschiedene Gr\u00f6\u00dfen<\/li>\n<li>Mehrzweck-Box<\/li>\n<\/ul>","protected":false},"featured_media":2953,"comment_status":"closed","ping_status":"closed","template":"","meta":{"_acf_changed":false},"box-type":[47,61],"product_brand":[],"product_cat":[46,19,41,40,69,72],"product_tag":[],"class_list":{"0":"post-2952","1":"product","2":"type-product","3":"status-publish","4":"has-post-thumbnail","6":"box-type-custom-drawer-boxes","7":"box-type-custom-two-piece-boxes","8":"product_cat-wholesale-paper-boxes","9":"product_cat-luxury-gift-boxes-wholesale","10":"product_cat-candy-gift-boxes-wholesale","11":"product_cat-custom-jewelry-boxes","12":"product_cat-custom-retail-boxes","13":"product_cat-custom-cigarette-boxes","15":"first","16":"instock","17":"shipping-taxable","18":"product-type-simple"},"acf":[],"_links":{"self":[{"href":"https:\/\/www.yishengpack.com\/de\/wp-json\/wp\/v2\/product\/2952","targetHints":{"allow":["GET"]}}],"collection":[{"href":"https:\/\/www.yishengpack.com\/de\/wp-json\/wp\/v2\/product"}],"about":[{"href":"https:\/\/www.yishengpack.com\/de\/wp-json\/wp\/v2\/types\/product"}],"replies":[{"embeddable":true,"href":"https:\/\/www.yishengpack.com\/de\/wp-json\/wp\/v2\/comments?post=2952"}],"wp:featuredmedia":[{"embeddable":true,"href":"https:\/\/www.yishengpack.com\/de\/wp-json\/wp\/v2\/media\/2953"}],"wp:attachment":[{"href":"https:\/\/www.yishengpack.com\/de\/wp-json\/wp\/v2\/media?parent=2952"}],"wp:term":[{"taxonomy":"box-type","embeddable":true,"href":"https:\/\/www.yishengpack.com\/de\/wp-json\/wp\/v2\/box-type?post=2952"},{"taxonomy":"product_brand","embeddable":true,"href":"https:\/\/www.yishengpack.com\/de\/wp-json\/wp\/v2\/product_brand?post=2952"},{"taxonomy":"product_cat","embeddable":true,"href":"https:\/\/www.yishengpack.com\/de\/wp-json\/wp\/v2\/product_cat?post=2952"},{"taxonomy":"product_tag","embeddable":true,"href":"https:\/\/www.yishengpack.com\/de\/wp-json\/wp\/v2\/product_tag?post=2952"}],"curies":[{"name":"wp","href":"https:\/\/api.w.org\/{rel}","templated":true}]}}