{"id":2935,"date":"2025-12-12T06:34:55","date_gmt":"2025-12-12T06:34:55","guid":{"rendered":"https:\/\/www.yishengpack.com\/?post_type=product&#038;p=2935"},"modified":"2025-12-12T06:34:56","modified_gmt":"2025-12-12T06:34:56","slug":"window-cake-boxes-wholesale","status":"publish","type":"product","link":"https:\/\/www.yishengpack.com\/de\/produkt\/window-cake-boxes-wholesale\/","title":{"rendered":"Fenster-Kuchenboxen Gro\u00dfhandel, individuell bedruckte Dessertboxen"},"content":{"rendered":"<div class=\"wp-block-columns is-layout-flex wp-container-core-columns-is-layout-9d6595d7 wp-block-columns-is-layout-flex\">\n<div class=\"wp-block-column is-layout-flow wp-block-column-is-layout-flow\">\n<h3 class=\"wp-block-heading\">Merkmale der individualisierbaren Geb\u00e4ckboxen<\/h3>\n\n\n\n<p><strong>Zusammenklappbare Lagerung Effizienz:<\/strong> Diese Fensterkuchenschachteln f\u00fcr den Gro\u00dfhandel haben ein faltbares Design, das beim Gro\u00dfversand oder bei der Lagerung Platz spart, und lassen sich f\u00fcr gefrorene Leckereien wie Mochi oder Mousse-Torten schnell zusammenbauen.<\/p>\n\n\n\n<p><strong>Vielseitigkeit in verschiedenen Gr\u00f6\u00dfen: <\/strong>Diese Fensterkuchenboxen f\u00fcr den Gro\u00dfhandel sind so konzipiert, dass sie f\u00fcr verschiedene gefrorene Backwaren geeignet sind - von einzelnen ganzen Kuchen bis hin zu mundgerechten Mini-Leckereien - die Boxen passen sich den unterschiedlichen Portionsanforderungen an, ohne dabei an Schutz zu verlieren.<\/p>\n\n\n\n<p><strong>Sichere Aufbewahrung von Behandlungen: <\/strong>Diese ma\u00dfgefertigten Dessertboxen sind mit einer Innenstruktur ausgestattet, die das gefrorene Geb\u00e4ck w\u00e4hrend des Transports stabil h\u00e4lt (und so ein Verrutschen oder Besch\u00e4digen verhindert), selbst bei empfindlichen Produkten wie weichen Mochi oder geschichteten Mousse-Kuchen.<\/p>\n\n\n\n<p><strong>Schaufenster mit Vollbildansicht:<\/strong> Diese ma\u00dfgefertigten Dessertschachteln haben transparente Fenster, durch die die Kunden die Beschaffenheit und das Aussehen des gefrorenen Geb\u00e4cks deutlich sehen k\u00f6nnen, w\u00e4hrend das Produkt vor Verunreinigungen von au\u00dfen gesch\u00fctzt ist.<\/p>\n\n\n\n<p><strong>Themenbezogene Anpassung:<\/strong> Diese Fensterkuchenschachteln k\u00f6nnen im Gro\u00dfhandel individuell gestaltet werden, damit sie zu bestimmten gefrorenen Leckereien passen. Passen Sie die Drucke an, \u00e4ndern Sie die Gr\u00f6\u00dfen oder f\u00fcgen Sie Markenlogos ein, um Ihr Sortiment an gefrorenen Desserts widerzuspiegeln.<\/p>\n<\/div>\n\n\n\n<div class=\"wp-block-column is-layout-flow wp-block-column-is-layout-flow\">\n<figure class=\"wp-block-image size-full\"><img decoding=\"async\" width=\"2048\" height=\"2048\" src=\"https:\/\/www.yishengpack.com\/wp-content\/uploads\/2025\/11\/Customizable-Clear-Windowed-Pastry-Boxes-Paper-Boxes-for-Frozen-Dessert-Packaging-Wholesale-2.webp\" alt=\"fenster-kuchen-boxen-gro\u00dfhandel-selbst-bedruckte-dessert-boxen-2\" class=\"wp-image-2937\" srcset=\"https:\/\/www.yishengpack.com\/wp-content\/uploads\/2025\/11\/Customizable-Clear-Windowed-Pastry-Boxes-Paper-Boxes-for-Frozen-Dessert-Packaging-Wholesale-2.webp 2048w, https:\/\/www.yishengpack.com\/wp-content\/uploads\/2025\/11\/Customizable-Clear-Windowed-Pastry-Boxes-Paper-Boxes-for-Frozen-Dessert-Packaging-Wholesale-2-300x300.webp 300w, https:\/\/www.yishengpack.com\/wp-content\/uploads\/2025\/11\/Customizable-Clear-Windowed-Pastry-Boxes-Paper-Boxes-for-Frozen-Dessert-Packaging-Wholesale-2-150x150.webp 150w, https:\/\/www.yishengpack.com\/wp-content\/uploads\/2025\/11\/Customizable-Clear-Windowed-Pastry-Boxes-Paper-Boxes-for-Frozen-Dessert-Packaging-Wholesale-2-768x768.webp 768w, https:\/\/www.yishengpack.com\/wp-content\/uploads\/2025\/11\/Customizable-Clear-Windowed-Pastry-Boxes-Paper-Boxes-for-Frozen-Dessert-Packaging-Wholesale-2-12x12.webp 12w, https:\/\/www.yishengpack.com\/wp-content\/uploads\/2025\/11\/Customizable-Clear-Windowed-Pastry-Boxes-Paper-Boxes-for-Frozen-Dessert-Packaging-Wholesale-2-1200x1200.webp 1200w, https:\/\/www.yishengpack.com\/wp-content\/uploads\/2025\/11\/Customizable-Clear-Windowed-Pastry-Boxes-Paper-Boxes-for-Frozen-Dessert-Packaging-Wholesale-2-600x600.webp 600w, https:\/\/www.yishengpack.com\/wp-content\/uploads\/2025\/11\/Customizable-Clear-Windowed-Pastry-Boxes-Paper-Boxes-for-Frozen-Dessert-Packaging-Wholesale-2-100x100.webp 100w\" sizes=\"(max-width: 2048px) 100vw, 2048px\" \/><\/figure>\n<\/div>\n<\/div>\n\n\n\n<div class=\"wp-block-columns is-layout-flex wp-container-core-columns-is-layout-9d6595d7 wp-block-columns-is-layout-flex\">\n<div class=\"wp-block-column is-layout-flow wp-block-column-is-layout-flow\">\n<figure class=\"wp-block-image size-full\"><img decoding=\"async\" width=\"2048\" height=\"2048\" src=\"https:\/\/www.yishengpack.com\/wp-content\/uploads\/2025\/11\/Customizable-Clear-Windowed-Pastry-Boxes-Paper-Boxes-for-Frozen-Dessert-Packaging-Wholesale-5.webp\" alt=\"Fenster-Kuchenboxen-Gro\u00dfhandel-individuell bedruckte Dessertboxen-5\" class=\"wp-image-2940\" srcset=\"https:\/\/www.yishengpack.com\/wp-content\/uploads\/2025\/11\/Customizable-Clear-Windowed-Pastry-Boxes-Paper-Boxes-for-Frozen-Dessert-Packaging-Wholesale-5.webp 2048w, https:\/\/www.yishengpack.com\/wp-content\/uploads\/2025\/11\/Customizable-Clear-Windowed-Pastry-Boxes-Paper-Boxes-for-Frozen-Dessert-Packaging-Wholesale-5-300x300.webp 300w, https:\/\/www.yishengpack.com\/wp-content\/uploads\/2025\/11\/Customizable-Clear-Windowed-Pastry-Boxes-Paper-Boxes-for-Frozen-Dessert-Packaging-Wholesale-5-150x150.webp 150w, https:\/\/www.yishengpack.com\/wp-content\/uploads\/2025\/11\/Customizable-Clear-Windowed-Pastry-Boxes-Paper-Boxes-for-Frozen-Dessert-Packaging-Wholesale-5-768x768.webp 768w, https:\/\/www.yishengpack.com\/wp-content\/uploads\/2025\/11\/Customizable-Clear-Windowed-Pastry-Boxes-Paper-Boxes-for-Frozen-Dessert-Packaging-Wholesale-5-12x12.webp 12w, https:\/\/www.yishengpack.com\/wp-content\/uploads\/2025\/11\/Customizable-Clear-Windowed-Pastry-Boxes-Paper-Boxes-for-Frozen-Dessert-Packaging-Wholesale-5-1200x1200.webp 1200w, https:\/\/www.yishengpack.com\/wp-content\/uploads\/2025\/11\/Customizable-Clear-Windowed-Pastry-Boxes-Paper-Boxes-for-Frozen-Dessert-Packaging-Wholesale-5-600x600.webp 600w, https:\/\/www.yishengpack.com\/wp-content\/uploads\/2025\/11\/Customizable-Clear-Windowed-Pastry-Boxes-Paper-Boxes-for-Frozen-Dessert-Packaging-Wholesale-5-100x100.webp 100w\" sizes=\"(max-width: 2048px) 100vw, 2048px\" \/><\/figure>\n\n\n\n<div class=\"wp-block-buttons has-custom-font-size has-small-font-size is-content-justification-center is-layout-flex wp-container-core-buttons-is-layout-16018d1d wp-block-buttons-is-layout-flex\">\n<div class=\"wp-block-button has-custom-width wp-block-button__width-75\"><a class=\"wp-block-button__link has-background has-small-font-size has-custom-font-size wp-element-button\" href=\"https:\/\/www.yishengpack.com\/de\/custom-printed-box\/\" style=\"background:linear-gradient(135deg,rgb(254,205,165) 0%,rgb(254,45,45) 0%,rgb(94,15,15) 0%,rgb(94,15,15) 100%)\" target=\"_blank\" rel=\"noreferrer noopener\"><strong>Entdecken Sie individuell bedruckte Boxen<\/strong><\/a><\/div>\n<\/div>\n<\/div>\n\n\n\n<div class=\"wp-block-column is-layout-flow wp-block-column-is-layout-flow\">\n<figure class=\"wp-block-image size-full\"><img decoding=\"async\" width=\"2048\" height=\"2048\" src=\"https:\/\/www.yishengpack.com\/wp-content\/uploads\/2025\/11\/Customizable-Clear-Windowed-Pastry-Boxes-Paper-Boxes-for-Frozen-Dessert-Packaging-Wholesale-4.webp\" alt=\"fenster-kuchen-boxen-gro\u00dfhandel-sind-bedruckte-dessert-boxen-4\" class=\"wp-image-2939\" srcset=\"https:\/\/www.yishengpack.com\/wp-content\/uploads\/2025\/11\/Customizable-Clear-Windowed-Pastry-Boxes-Paper-Boxes-for-Frozen-Dessert-Packaging-Wholesale-4.webp 2048w, https:\/\/www.yishengpack.com\/wp-content\/uploads\/2025\/11\/Customizable-Clear-Windowed-Pastry-Boxes-Paper-Boxes-for-Frozen-Dessert-Packaging-Wholesale-4-300x300.webp 300w, https:\/\/www.yishengpack.com\/wp-content\/uploads\/2025\/11\/Customizable-Clear-Windowed-Pastry-Boxes-Paper-Boxes-for-Frozen-Dessert-Packaging-Wholesale-4-150x150.webp 150w, https:\/\/www.yishengpack.com\/wp-content\/uploads\/2025\/11\/Customizable-Clear-Windowed-Pastry-Boxes-Paper-Boxes-for-Frozen-Dessert-Packaging-Wholesale-4-768x768.webp 768w, https:\/\/www.yishengpack.com\/wp-content\/uploads\/2025\/11\/Customizable-Clear-Windowed-Pastry-Boxes-Paper-Boxes-for-Frozen-Dessert-Packaging-Wholesale-4-12x12.webp 12w, https:\/\/www.yishengpack.com\/wp-content\/uploads\/2025\/11\/Customizable-Clear-Windowed-Pastry-Boxes-Paper-Boxes-for-Frozen-Dessert-Packaging-Wholesale-4-1200x1200.webp 1200w, https:\/\/www.yishengpack.com\/wp-content\/uploads\/2025\/11\/Customizable-Clear-Windowed-Pastry-Boxes-Paper-Boxes-for-Frozen-Dessert-Packaging-Wholesale-4-600x600.webp 600w, https:\/\/www.yishengpack.com\/wp-content\/uploads\/2025\/11\/Customizable-Clear-Windowed-Pastry-Boxes-Paper-Boxes-for-Frozen-Dessert-Packaging-Wholesale-4-100x100.webp 100w\" sizes=\"(max-width: 2048px) 100vw, 2048px\" \/><\/figure>\n\n\n\n<div class=\"wp-block-buttons has-custom-font-size has-small-font-size is-content-justification-center is-layout-flex wp-container-core-buttons-is-layout-16018d1d wp-block-buttons-is-layout-flex\">\n<div class=\"wp-block-button has-custom-width wp-block-button__width-75\"><a class=\"wp-block-button__link has-background has-small-font-size has-custom-font-size wp-element-button\" href=\"https:\/\/www.yishengpack.com\/de\/custom-product-boxes-types\/\" style=\"background:linear-gradient(135deg,rgb(254,205,165) 0%,rgb(254,45,45) 0%,rgb(94,15,15) 0%,rgb(94,15,15) 100%)\" target=\"_blank\" rel=\"noreferrer noopener\"><strong>Benutzerdefinierte Box-Typen erkunden<\/strong><\/a><\/div>\n<\/div>\n<\/div>\n<\/div>","protected":false},"excerpt":{"rendered":"<p>Willkommen in unserem Fenster Kuchen-Boxen Gro\u00dfhandel mit lebensmittelechten, feuchtigkeitsbest\u00e4ndig Pappe gemacht zu kaufen, bieten diese Boxen klare Produkt Sichtbarkeit, starken Schutz, perfekt f\u00fcr gefrorene Tiramisu, Kokosnuss Geb\u00e4ck, K\u00e4sekuchen und Windbeutel Verpackung. Unterst\u00fctzung voller OEM \/ ODM-Anpassung f\u00fcr Branding und Verpackung braucht.<\/p>\n<h2>H\u00f6hepunkte der Fenster-Kuchen-Boxen Gro\u00dfhandel<\/h2>\n<ul>\n<li>Transparentes Anzeigefenster<\/li>\n<li>Vollst\u00e4ndige Individualisierung m\u00f6glich<\/li>\n<li>Hochwertige Materialien<\/li>\n<li>Exquisite Handwerkskunst<\/li>\n<li>Mehrere Box-Typen<\/li>\n<li>Vielf\u00e4ltige Farboptionen<\/li>\n<li>Verschiedene Boxgr\u00f6\u00dfen<\/li>\n<li>Langlebig und hochgradig sch\u00fctzend<\/li>\n<\/ul>","protected":false},"featured_media":2936,"comment_status":"closed","ping_status":"closed","template":"","meta":{"_acf_changed":false},"box-type":[55,48,58],"product_brand":[],"product_cat":[19,41,46,30,32,33,42],"product_tag":[],"class_list":{"0":"post-2935","1":"product","2":"type-product","3":"status-publish","4":"has-post-thumbnail","6":"box-type-custom-foldable-boxes","7":"box-type-custom-tuck-top-boxes","8":"box-type-custom-window-gift-box","9":"product_cat-luxury-gift-boxes-wholesale","10":"product_cat-candy-gift-boxes-wholesale","11":"product_cat-wholesale-paper-boxes","12":"product_cat-cake-containers-wholesale","13":"product_cat-bakery-packaging-wholesale","14":"product_cat-food-packaging-boxes-wholesale","15":"product_cat-custom-frozen-food-boxes","17":"first","18":"instock","19":"shipping-taxable","20":"product-type-simple"},"acf":[],"_links":{"self":[{"href":"https:\/\/www.yishengpack.com\/de\/wp-json\/wp\/v2\/product\/2935","targetHints":{"allow":["GET"]}}],"collection":[{"href":"https:\/\/www.yishengpack.com\/de\/wp-json\/wp\/v2\/product"}],"about":[{"href":"https:\/\/www.yishengpack.com\/de\/wp-json\/wp\/v2\/types\/product"}],"replies":[{"embeddable":true,"href":"https:\/\/www.yishengpack.com\/de\/wp-json\/wp\/v2\/comments?post=2935"}],"wp:featuredmedia":[{"embeddable":true,"href":"https:\/\/www.yishengpack.com\/de\/wp-json\/wp\/v2\/media\/2936"}],"wp:attachment":[{"href":"https:\/\/www.yishengpack.com\/de\/wp-json\/wp\/v2\/media?parent=2935"}],"wp:term":[{"taxonomy":"box-type","embeddable":true,"href":"https:\/\/www.yishengpack.com\/de\/wp-json\/wp\/v2\/box-type?post=2935"},{"taxonomy":"product_brand","embeddable":true,"href":"https:\/\/www.yishengpack.com\/de\/wp-json\/wp\/v2\/product_brand?post=2935"},{"taxonomy":"product_cat","embeddable":true,"href":"https:\/\/www.yishengpack.com\/de\/wp-json\/wp\/v2\/product_cat?post=2935"},{"taxonomy":"product_tag","embeddable":true,"href":"https:\/\/www.yishengpack.com\/de\/wp-json\/wp\/v2\/product_tag?post=2935"}],"curies":[{"name":"wp","href":"https:\/\/api.w.org\/{rel}","templated":true}]}}