{"id":2880,"date":"2025-12-13T03:34:51","date_gmt":"2025-12-13T03:34:51","guid":{"rendered":"https:\/\/www.yishengpack.com\/?post_type=product&#038;p=2880"},"modified":"2025-12-13T03:34:53","modified_gmt":"2025-12-13T03:34:53","slug":"window-gift-boxes-wholesale","status":"publish","type":"product","link":"https:\/\/www.yishengpack.com\/de\/produkt\/window-gift-boxes-wholesale\/","title":{"rendered":"Hei\u00dfer Verkauf von Geschenkboxen f\u00fcr Fenster, Gro\u00dfhandel, individuelle Dessertboxen"},"content":{"rendered":"<div class=\"wp-block-columns is-layout-flex wp-container-core-columns-is-layout-9d6595d7 wp-block-columns-is-layout-flex\">\n<div class=\"wp-block-column is-layout-flow wp-block-column-is-layout-flow\">\n<h3 class=\"wp-block-heading\">Features of Window Gift Boxes Wholesale<\/h3>\n\n\n\n<p><strong>Clear Window Display Feature:<\/strong> These window gift boxes wholesale feature a transparent window that showcases contents (like dates or chocolates) upfront, adding an enticing visual element for gifting.<\/p>\n\n\n\n<p><strong>Food-Safe Compartmentalized Liner:<\/strong> These custom dessert boxes come with a food-safe, sectioned inner liner that keeps items (dates, confections, desserts) neatly organized and protected.<\/p>\n\n\n\n<p><strong>Sturdy Reinforced Paperboard Build:<\/strong> These window gift boxes wholesale are crafted from thick, rigid cardboard; the box maintains its shape and resists damage during handling, storage, and transit.<\/p>\n\n\n\n<p><strong>Themed Decorative Finishes: <\/strong>These custom dessert boxes are adorned with festive motifs (star patterns, geometric designs) and metallic accents; the boxes align with celebratory occasions (e.g., holidays).<\/p>\n\n\n\n<p><strong>Flexible Bespoke Adjustments: <\/strong>These window gift boxes wholesale offer customization to match specific needs, including dimensions, color palettes, decorative elements, branding logos, and insert compartment setups.<\/p>\n\n\n\n<p><strong>Mass production capability:<\/strong> Yisheng factory has automated grooving, die-cutting, and folding production lines, supporting large-volume orders and simultaneous production of multiple styles.<\/p>\n<\/div>\n\n\n\n<div class=\"wp-block-column is-layout-flow wp-block-column-is-layout-flow\">\n<figure class=\"wp-block-image size-full\"><img decoding=\"async\" width=\"2048\" height=\"2048\" src=\"https:\/\/www.yishengpack.com\/wp-content\/uploads\/2025\/11\/Hot-Selling-Premium-Windowed-Gift-Boxes-Wholesale-Customized-Design-Dessert-Package-Boxes-2.webp\" alt=\"hot-sale-window-gift-boxes-wholesale-custom-dessert-boxes-2\" class=\"wp-image-2883\" srcset=\"https:\/\/www.yishengpack.com\/wp-content\/uploads\/2025\/11\/Hot-Selling-Premium-Windowed-Gift-Boxes-Wholesale-Customized-Design-Dessert-Package-Boxes-2.webp 2048w, https:\/\/www.yishengpack.com\/wp-content\/uploads\/2025\/11\/Hot-Selling-Premium-Windowed-Gift-Boxes-Wholesale-Customized-Design-Dessert-Package-Boxes-2-300x300.webp 300w, https:\/\/www.yishengpack.com\/wp-content\/uploads\/2025\/11\/Hot-Selling-Premium-Windowed-Gift-Boxes-Wholesale-Customized-Design-Dessert-Package-Boxes-2-150x150.webp 150w, https:\/\/www.yishengpack.com\/wp-content\/uploads\/2025\/11\/Hot-Selling-Premium-Windowed-Gift-Boxes-Wholesale-Customized-Design-Dessert-Package-Boxes-2-768x768.webp 768w, https:\/\/www.yishengpack.com\/wp-content\/uploads\/2025\/11\/Hot-Selling-Premium-Windowed-Gift-Boxes-Wholesale-Customized-Design-Dessert-Package-Boxes-2-12x12.webp 12w, https:\/\/www.yishengpack.com\/wp-content\/uploads\/2025\/11\/Hot-Selling-Premium-Windowed-Gift-Boxes-Wholesale-Customized-Design-Dessert-Package-Boxes-2-1200x1200.webp 1200w, https:\/\/www.yishengpack.com\/wp-content\/uploads\/2025\/11\/Hot-Selling-Premium-Windowed-Gift-Boxes-Wholesale-Customized-Design-Dessert-Package-Boxes-2-600x600.webp 600w, https:\/\/www.yishengpack.com\/wp-content\/uploads\/2025\/11\/Hot-Selling-Premium-Windowed-Gift-Boxes-Wholesale-Customized-Design-Dessert-Package-Boxes-2-100x100.webp 100w\" sizes=\"(max-width: 2048px) 100vw, 2048px\" \/><\/figure>\n<\/div>\n<\/div>\n\n\n\n<div class=\"wp-block-columns is-layout-flex wp-container-core-columns-is-layout-9d6595d7 wp-block-columns-is-layout-flex\">\n<div class=\"wp-block-column is-layout-flow wp-block-column-is-layout-flow\">\n<figure class=\"wp-block-image size-full\"><img decoding=\"async\" width=\"2048\" height=\"2048\" src=\"https:\/\/www.yishengpack.com\/wp-content\/uploads\/2025\/11\/Hot-Selling-Premium-Windowed-Gift-Boxes-Wholesale-Customized-Design-Dessert-Package-Boxes-7.webp\" alt=\"hot-sale-window-gift-boxes-wholesale-custom-dessert-boxes-7\" class=\"wp-image-2888\" srcset=\"https:\/\/www.yishengpack.com\/wp-content\/uploads\/2025\/11\/Hot-Selling-Premium-Windowed-Gift-Boxes-Wholesale-Customized-Design-Dessert-Package-Boxes-7.webp 2048w, https:\/\/www.yishengpack.com\/wp-content\/uploads\/2025\/11\/Hot-Selling-Premium-Windowed-Gift-Boxes-Wholesale-Customized-Design-Dessert-Package-Boxes-7-300x300.webp 300w, https:\/\/www.yishengpack.com\/wp-content\/uploads\/2025\/11\/Hot-Selling-Premium-Windowed-Gift-Boxes-Wholesale-Customized-Design-Dessert-Package-Boxes-7-150x150.webp 150w, https:\/\/www.yishengpack.com\/wp-content\/uploads\/2025\/11\/Hot-Selling-Premium-Windowed-Gift-Boxes-Wholesale-Customized-Design-Dessert-Package-Boxes-7-768x768.webp 768w, https:\/\/www.yishengpack.com\/wp-content\/uploads\/2025\/11\/Hot-Selling-Premium-Windowed-Gift-Boxes-Wholesale-Customized-Design-Dessert-Package-Boxes-7-12x12.webp 12w, https:\/\/www.yishengpack.com\/wp-content\/uploads\/2025\/11\/Hot-Selling-Premium-Windowed-Gift-Boxes-Wholesale-Customized-Design-Dessert-Package-Boxes-7-1200x1200.webp 1200w, https:\/\/www.yishengpack.com\/wp-content\/uploads\/2025\/11\/Hot-Selling-Premium-Windowed-Gift-Boxes-Wholesale-Customized-Design-Dessert-Package-Boxes-7-600x600.webp 600w, https:\/\/www.yishengpack.com\/wp-content\/uploads\/2025\/11\/Hot-Selling-Premium-Windowed-Gift-Boxes-Wholesale-Customized-Design-Dessert-Package-Boxes-7-100x100.webp 100w\" sizes=\"(max-width: 2048px) 100vw, 2048px\" \/><\/figure>\n\n\n\n<div class=\"wp-block-buttons has-custom-font-size has-small-font-size is-content-justification-center is-layout-flex wp-container-core-buttons-is-layout-16018d1d wp-block-buttons-is-layout-flex\">\n<div class=\"wp-block-button has-custom-width wp-block-button__width-75\"><a class=\"wp-block-button__link has-background has-small-font-size has-custom-font-size wp-element-button\" href=\"https:\/\/www.yishengpack.com\/de\/custom-printed-box\/\" style=\"background:linear-gradient(135deg,rgb(254,205,165) 0%,rgb(254,45,45) 0%,rgb(94,15,15) 0%,rgb(94,15,15) 100%)\" target=\"_blank\" rel=\"noreferrer noopener\"><strong>Entdecken Sie individuell bedruckte Boxen<\/strong><\/a><\/div>\n<\/div>\n<\/div>\n\n\n\n<div class=\"wp-block-column is-layout-flow wp-block-column-is-layout-flow\">\n<figure class=\"wp-block-image size-full\"><img decoding=\"async\" width=\"2048\" height=\"2048\" src=\"https:\/\/www.yishengpack.com\/wp-content\/uploads\/2025\/11\/Hot-Selling-Premium-Windowed-Gift-Boxes-Wholesale-Customized-Design-Dessert-Package-Boxes-6.webp\" alt=\"hot-sale-window-gift-boxes-wholesale-custom-dessert-boxes-6\" class=\"wp-image-2887\" srcset=\"https:\/\/www.yishengpack.com\/wp-content\/uploads\/2025\/11\/Hot-Selling-Premium-Windowed-Gift-Boxes-Wholesale-Customized-Design-Dessert-Package-Boxes-6.webp 2048w, https:\/\/www.yishengpack.com\/wp-content\/uploads\/2025\/11\/Hot-Selling-Premium-Windowed-Gift-Boxes-Wholesale-Customized-Design-Dessert-Package-Boxes-6-300x300.webp 300w, https:\/\/www.yishengpack.com\/wp-content\/uploads\/2025\/11\/Hot-Selling-Premium-Windowed-Gift-Boxes-Wholesale-Customized-Design-Dessert-Package-Boxes-6-150x150.webp 150w, https:\/\/www.yishengpack.com\/wp-content\/uploads\/2025\/11\/Hot-Selling-Premium-Windowed-Gift-Boxes-Wholesale-Customized-Design-Dessert-Package-Boxes-6-768x768.webp 768w, https:\/\/www.yishengpack.com\/wp-content\/uploads\/2025\/11\/Hot-Selling-Premium-Windowed-Gift-Boxes-Wholesale-Customized-Design-Dessert-Package-Boxes-6-12x12.webp 12w, https:\/\/www.yishengpack.com\/wp-content\/uploads\/2025\/11\/Hot-Selling-Premium-Windowed-Gift-Boxes-Wholesale-Customized-Design-Dessert-Package-Boxes-6-1200x1200.webp 1200w, https:\/\/www.yishengpack.com\/wp-content\/uploads\/2025\/11\/Hot-Selling-Premium-Windowed-Gift-Boxes-Wholesale-Customized-Design-Dessert-Package-Boxes-6-600x600.webp 600w, https:\/\/www.yishengpack.com\/wp-content\/uploads\/2025\/11\/Hot-Selling-Premium-Windowed-Gift-Boxes-Wholesale-Customized-Design-Dessert-Package-Boxes-6-100x100.webp 100w\" sizes=\"(max-width: 2048px) 100vw, 2048px\" \/><\/figure>\n\n\n\n<div class=\"wp-block-buttons has-custom-font-size has-small-font-size is-content-justification-center is-layout-flex wp-container-core-buttons-is-layout-16018d1d wp-block-buttons-is-layout-flex\">\n<div class=\"wp-block-button has-custom-width wp-block-button__width-75\"><a class=\"wp-block-button__link has-background has-small-font-size has-custom-font-size wp-element-button\" href=\"https:\/\/www.yishengpack.com\/de\/custom-box-inserts-accessories\/\" style=\"background:linear-gradient(135deg,rgb(254,205,165) 0%,rgb(254,45,45) 0%,rgb(94,15,15) 0%,rgb(94,15,15) 100%)\" target=\"_blank\" rel=\"noreferrer noopener\"><strong>Custom Box Inserts erforschen<\/strong><\/a><\/div>\n<\/div>\n<\/div>\n<\/div>","protected":false},"excerpt":{"rendered":"<p>Willkommen bei unseren Premium-Geschenkboxen f\u00fcr den Gro\u00dfhandel, die sich durch ein klares Sichtfenster und ein lebensmittelechtes, unterteiltes Papierfach auszeichnen. Von der Gr\u00f6\u00dfe und den dekorativen Mustern bis hin zum Logo und dem Layout des Einsatzes ist es vollst\u00e4ndig anpassbar, um Ihrer Marke zu entsprechen. Wir helfen Ihnen, Ihr Produkt sch\u00f6n und attraktiv in Szene zu setzen.<\/p>\n<h2>Highlights der Fenster Geschenkboxen Gro\u00dfhandel<\/h2>\n<ul>\n<li>Vollst\u00e4ndige Individualisierung m\u00f6glich<\/li>\n<li>Hochwertige Materialien<\/li>\n<li>Zahlreiche Druckverfahren<\/li>\n<li>Exquisite Handwerkskunst<\/li>\n<li>Mehrere Box-Typen<\/li>\n<li>Mehrere Boxgr\u00f6\u00dfen<\/li>\n<li>Reichhaltige Farbvielfalt<\/li>\n<li>Transparentes Schaufensterdesign<\/li>\n<\/ul>","protected":false},"featured_media":2882,"comment_status":"closed","ping_status":"closed","template":"","meta":{"_acf_changed":false},"box-type":[61,58],"product_brand":[],"product_cat":[19,41,68,46,33,44],"product_tag":[],"class_list":{"0":"post-2880","1":"product","2":"type-product","3":"status-publish","4":"has-post-thumbnail","6":"box-type-custom-two-piece-boxes","7":"box-type-custom-window-gift-box","8":"product_cat-luxury-gift-boxes-wholesale","9":"product_cat-candy-gift-boxes-wholesale","10":"product_cat-custom-dates-box","11":"product_cat-wholesale-paper-boxes","12":"product_cat-food-packaging-boxes-wholesale","13":"product_cat-custom-snack-box","15":"first","16":"instock","17":"shipping-taxable","18":"product-type-simple"},"acf":[],"_links":{"self":[{"href":"https:\/\/www.yishengpack.com\/de\/wp-json\/wp\/v2\/product\/2880","targetHints":{"allow":["GET"]}}],"collection":[{"href":"https:\/\/www.yishengpack.com\/de\/wp-json\/wp\/v2\/product"}],"about":[{"href":"https:\/\/www.yishengpack.com\/de\/wp-json\/wp\/v2\/types\/product"}],"replies":[{"embeddable":true,"href":"https:\/\/www.yishengpack.com\/de\/wp-json\/wp\/v2\/comments?post=2880"}],"wp:featuredmedia":[{"embeddable":true,"href":"https:\/\/www.yishengpack.com\/de\/wp-json\/wp\/v2\/media\/2882"}],"wp:attachment":[{"href":"https:\/\/www.yishengpack.com\/de\/wp-json\/wp\/v2\/media?parent=2880"}],"wp:term":[{"taxonomy":"box-type","embeddable":true,"href":"https:\/\/www.yishengpack.com\/de\/wp-json\/wp\/v2\/box-type?post=2880"},{"taxonomy":"product_brand","embeddable":true,"href":"https:\/\/www.yishengpack.com\/de\/wp-json\/wp\/v2\/product_brand?post=2880"},{"taxonomy":"product_cat","embeddable":true,"href":"https:\/\/www.yishengpack.com\/de\/wp-json\/wp\/v2\/product_cat?post=2880"},{"taxonomy":"product_tag","embeddable":true,"href":"https:\/\/www.yishengpack.com\/de\/wp-json\/wp\/v2\/product_tag?post=2880"}],"curies":[{"name":"wp","href":"https:\/\/api.w.org\/{rel}","templated":true}]}}