{"id":286,"date":"2025-01-08T02:08:06","date_gmt":"2025-01-08T02:08:06","guid":{"rendered":"https:\/\/www.yishengpack.com\/?post_type=product&#038;p=286"},"modified":"2025-12-13T06:39:30","modified_gmt":"2025-12-13T06:39:30","slug":"wholesale-5-inch-square-cake-box","status":"publish","type":"product","link":"https:\/\/www.yishengpack.com\/de\/produkt\/wholesale-5-inch-square-cake-box\/","title":{"rendered":"Gro\u00dfhandel Quadratische Kuchenbox 5 Zoll mit Griff und Kuchenunterlage"},"content":{"rendered":"<div class=\"wp-block-columns is-layout-flex wp-container-core-columns-is-layout-9d6595d7 wp-block-columns-is-layout-flex\">\n<div class=\"wp-block-column is-layout-flow wp-block-column-is-layout-flow\">\n<h3 class=\"wp-block-heading\">Eigenschaften von Gro\u00dfhandel Square Cake Box<\/h3>\n\n\n\n<p><strong>Kundenspezifischer Gro\u00dfhandelsservice: <\/strong>Diese quadratische Kuchenschachtel f\u00fcr den Gro\u00dfhandel eignet sich f\u00fcr Gro\u00dfbestellungen und kann auf Wunsch auch mit einem Markenlogo oder Design versehen werden.<\/p>\n\n\n\n<p><strong>Bequemer Handgriff:<\/strong> Diese quadratischen Kuchenboxen f\u00fcr den Gro\u00dfhandel haben einfache Tragegriffe, die einen sicheren und bequemen Transport der Kuchen erm\u00f6glichen.<\/p>\n\n\n\n<p><strong>Stabiles wei\u00dfes Tortenbrett: <\/strong>Diese quadratische Tortenschachtel f\u00fcr den Gro\u00dfhandel umfasst auch ein hochwertiges wei\u00dfes Tortenbrett, das die Schachtel stabil und ausgerichtet h\u00e4lt und ein unerw\u00fcnschtes Verrutschen verhindert.<\/p>\n\n\n\n<p><strong>Passt f\u00fcr 5-Zoll-Torten:<\/strong> Konzipiert f\u00fcr 5-Zoll-Torten, Cupcakes und kleine Desserts.<\/p>\n\n\n\n<p><strong>Lebensmittelechtes Material:<\/strong> Diese quadratische Tortenschachtel ist aus hochwertigem und haltbarem Material gefertigt, um Ihre Torten zu sch\u00fctzen und frisch zu halten.<\/p>\n\n\n\n<p><strong>Transparente visuelle Gestaltung:<\/strong> Mit dieser quadratischen Tortenschachtel k\u00f6nnen Sie Ihre Torte \u00fcbersichtlich pr\u00e4sentieren.<\/p>\n<\/div>\n\n\n\n<div class=\"wp-block-column is-layout-flow wp-block-column-is-layout-flow\">\n<figure class=\"wp-block-image size-full\"><img decoding=\"async\" width=\"800\" height=\"800\" src=\"https:\/\/www.yishengpack.com\/wp-content\/uploads\/2025\/01\/Wholesale-Square-Cake-Box-5-Inch-Plus-with-Handle-Cake-Board.webp\" alt=\"Gro\u00dfhandel Square Cake Box 5 Zoll Plus mit Griff &amp; Cake Board\" class=\"wp-image-556\" srcset=\"https:\/\/www.yishengpack.com\/wp-content\/uploads\/2025\/01\/Wholesale-Square-Cake-Box-5-Inch-Plus-with-Handle-Cake-Board.webp 800w, https:\/\/www.yishengpack.com\/wp-content\/uploads\/2025\/01\/Wholesale-Square-Cake-Box-5-Inch-Plus-with-Handle-Cake-Board-300x300.webp 300w, https:\/\/www.yishengpack.com\/wp-content\/uploads\/2025\/01\/Wholesale-Square-Cake-Box-5-Inch-Plus-with-Handle-Cake-Board-150x150.webp 150w, https:\/\/www.yishengpack.com\/wp-content\/uploads\/2025\/01\/Wholesale-Square-Cake-Box-5-Inch-Plus-with-Handle-Cake-Board-768x768.webp 768w, https:\/\/www.yishengpack.com\/wp-content\/uploads\/2025\/01\/Wholesale-Square-Cake-Box-5-Inch-Plus-with-Handle-Cake-Board-600x600.webp 600w, https:\/\/www.yishengpack.com\/wp-content\/uploads\/2025\/01\/Wholesale-Square-Cake-Box-5-Inch-Plus-with-Handle-Cake-Board-100x100.webp 100w\" sizes=\"(max-width: 800px) 100vw, 800px\" \/><\/figure>\n<\/div>\n<\/div>\n\n\n\n<div class=\"wp-block-columns is-layout-flex wp-container-core-columns-is-layout-9d6595d7 wp-block-columns-is-layout-flex\">\n<div class=\"wp-block-column is-layout-flow wp-block-column-is-layout-flow\">\n<figure class=\"wp-block-image size-full\"><img decoding=\"async\" width=\"800\" height=\"800\" src=\"https:\/\/www.yishengpack.com\/wp-content\/uploads\/2025\/01\/Customized-Clear-Cake-Boxes-wholesale-2.webp\" alt=\"Customized Clear Cake Boxen Gro\u00dfhandel (2)\" class=\"wp-image-541\" srcset=\"https:\/\/www.yishengpack.com\/wp-content\/uploads\/2025\/01\/Customized-Clear-Cake-Boxes-wholesale-2.webp 800w, https:\/\/www.yishengpack.com\/wp-content\/uploads\/2025\/01\/Customized-Clear-Cake-Boxes-wholesale-2-300x300.webp 300w, https:\/\/www.yishengpack.com\/wp-content\/uploads\/2025\/01\/Customized-Clear-Cake-Boxes-wholesale-2-150x150.webp 150w, https:\/\/www.yishengpack.com\/wp-content\/uploads\/2025\/01\/Customized-Clear-Cake-Boxes-wholesale-2-768x768.webp 768w, https:\/\/www.yishengpack.com\/wp-content\/uploads\/2025\/01\/Customized-Clear-Cake-Boxes-wholesale-2-600x600.webp 600w, https:\/\/www.yishengpack.com\/wp-content\/uploads\/2025\/01\/Customized-Clear-Cake-Boxes-wholesale-2-100x100.webp 100w\" sizes=\"(max-width: 800px) 100vw, 800px\" \/><\/figure>\n\n\n\n<div class=\"wp-block-buttons has-custom-font-size has-small-font-size is-content-justification-center is-layout-flex wp-container-core-buttons-is-layout-16018d1d wp-block-buttons-is-layout-flex\">\n<div class=\"wp-block-button has-custom-width wp-block-button__width-75\"><a class=\"wp-block-button__link has-background has-small-font-size has-custom-font-size wp-element-button\" href=\"https:\/\/www.yishengpack.com\/de\/custom-product-boxes-types\/\" style=\"background:linear-gradient(135deg,rgb(254,205,165) 0%,rgb(254,45,45) 0%,rgb(94,15,15) 0%,rgb(94,15,15) 100%)\" target=\"_blank\" rel=\"noreferrer noopener\"><strong>Benutzerdefinierte Box-Typen erkunden<\/strong><\/a><\/div>\n<\/div>\n<\/div>\n\n\n\n<div class=\"wp-block-column is-layout-flow wp-block-column-is-layout-flow\">\n<figure class=\"wp-block-image size-full\"><img decoding=\"async\" width=\"694\" height=\"684\" src=\"https:\/\/www.yishengpack.com\/wp-content\/uploads\/2025\/01\/Customized-Clear-Cake-Boxes-wholesale-5.webp\" alt=\"Customized Clear Cake Boxen Gro\u00dfhandel (5)\" class=\"wp-image-543\" srcset=\"https:\/\/www.yishengpack.com\/wp-content\/uploads\/2025\/01\/Customized-Clear-Cake-Boxes-wholesale-5.webp 694w, https:\/\/www.yishengpack.com\/wp-content\/uploads\/2025\/01\/Customized-Clear-Cake-Boxes-wholesale-5-300x296.webp 300w, https:\/\/www.yishengpack.com\/wp-content\/uploads\/2025\/01\/Customized-Clear-Cake-Boxes-wholesale-5-600x591.webp 600w, https:\/\/www.yishengpack.com\/wp-content\/uploads\/2025\/01\/Customized-Clear-Cake-Boxes-wholesale-5-100x100.webp 100w\" sizes=\"(max-width: 694px) 100vw, 694px\" \/><\/figure>\n\n\n\n<div class=\"wp-block-buttons has-custom-font-size has-small-font-size is-content-justification-center is-layout-flex wp-container-core-buttons-is-layout-16018d1d wp-block-buttons-is-layout-flex\">\n<div class=\"wp-block-button has-custom-width wp-block-button__width-75\"><a class=\"wp-block-button__link has-background has-small-font-size has-custom-font-size wp-element-button\" href=\"https:\/\/www.yishengpack.com\/de\/custom-box-inserts-accessories\/\" style=\"background:linear-gradient(135deg,rgb(254,205,165) 0%,rgb(254,45,45) 0%,rgb(94,15,15) 0%,rgb(94,15,15) 100%)\" target=\"_blank\" rel=\"noreferrer noopener\"><strong>Custom Box Inserts erforschen<\/strong><\/a><\/div>\n<\/div>\n<\/div>\n<\/div>","protected":false},"excerpt":{"rendered":"<p>Unser quadratischer 5-Zoll-Gro\u00dfhandelskuchenbeh\u00e4lter mit Griff und Kuchenbrett bietet Komfort und eine elegante Pr\u00e4sentation. Aus robustem, lebensmittelechtem Material gefertigt, zeigt er die Torten deutlich an und bietet gleichzeitig sicheren Transportschutz. Der Griff erleichtert den Transport und das mitgelieferte Kuchenbrett sorgt f\u00fcr einen sicheren Stand der Kuchen. Diese Tortenbeh\u00e4lter sind ideal f\u00fcr B\u00e4ckereien, Caterer und besondere Veranstaltungen und k\u00f6nnen auf Anfrage mit einem individuellen Logo oder Design in gro\u00dfen Mengen bestellt werden.<\/p>\n<h2>Gro\u00dfhandel Square Cake Box Spezifikationen:<\/h2>\n<table width=\"528\">\n<tbody>\n<tr>\n<td width=\"215\">Hersteller:<\/td>\n<td colspan=\"2\" width=\"313\">Yisheng<\/td>\n<\/tr>\n<tr>\n<td>Modell:<\/td>\n<td colspan=\"2\">CakeBox-5+<\/td>\n<\/tr>\n<tr>\n<td>Material:\u00a0<\/td>\n<td colspan=\"2\">PET+Wei\u00dfer Karton<\/td>\n<\/tr>\n<tr>\n<td>Farbe:\u00a0<\/td>\n<td colspan=\"2\">CLear<\/td>\n<\/tr>\n<tr>\n<td>Gr\u00f6\u00dfe:\u00a0<\/td>\n<td colspan=\"2\" width=\"313\">16cm*16cm*15cm<\/td>\n<\/tr>\n<tr>\n<td>Gewicht:\u00a0<\/td>\n<td colspan=\"2\" width=\"313\">82g\/St\u00fcck<\/td>\n<\/tr>\n<tr>\n<td>Die Form:\u00a0<\/td>\n<td colspan=\"2\" width=\"313\">Rechteck<\/td>\n<\/tr>\n<tr>\n<td>Verpacken:\u00a0<\/td>\n<td colspan=\"2\">Direktes Boxen<\/td>\n<\/tr>\n<tr>\n<td>MOQ:\u00a0<\/td>\n<td colspan=\"2\">400St\u00fcck<\/td>\n<\/tr>\n<tr>\n<td>OEM&amp;ODM:\u00a0<\/td>\n<td colspan=\"2\">Kundenspezifisch, Willkommen OEM&amp;ODM<\/td>\n<\/tr>\n<tr>\n<td>Muster\uff1a<\/td>\n<td colspan=\"2\">10 St\u00fcck kostenlose Probe kann angefordert werden<\/td>\n<\/tr>\n<\/tbody>\n<\/table>\n<p><script src=\"chrome-extension:\/\/fpelahbljekknahkcaegamhcndkfpfnc\/iFrame.js\" type=\"text\/javascript\"><\/script><\/p>","protected":false},"featured_media":553,"comment_status":"closed","ping_status":"closed","template":"","meta":{"_acf_changed":false},"box-type":[55],"product_brand":[],"product_cat":[21,46,30,33,45],"product_tag":[],"class_list":{"0":"post-286","1":"product","2":"type-product","3":"status-publish","4":"has-post-thumbnail","6":"box-type-custom-foldable-boxes","7":"product_cat-plastic-cake-containers-wholesale","8":"product_cat-wholesale-paper-boxes","9":"product_cat-cake-containers-wholesale","10":"product_cat-food-packaging-boxes-wholesale","11":"product_cat-bulk-disposable-food-containers","13":"first","14":"instock","15":"shipping-taxable","16":"product-type-simple"},"acf":[],"_links":{"self":[{"href":"https:\/\/www.yishengpack.com\/de\/wp-json\/wp\/v2\/product\/286","targetHints":{"allow":["GET"]}}],"collection":[{"href":"https:\/\/www.yishengpack.com\/de\/wp-json\/wp\/v2\/product"}],"about":[{"href":"https:\/\/www.yishengpack.com\/de\/wp-json\/wp\/v2\/types\/product"}],"replies":[{"embeddable":true,"href":"https:\/\/www.yishengpack.com\/de\/wp-json\/wp\/v2\/comments?post=286"}],"wp:featuredmedia":[{"embeddable":true,"href":"https:\/\/www.yishengpack.com\/de\/wp-json\/wp\/v2\/media\/553"}],"wp:attachment":[{"href":"https:\/\/www.yishengpack.com\/de\/wp-json\/wp\/v2\/media?parent=286"}],"wp:term":[{"taxonomy":"box-type","embeddable":true,"href":"https:\/\/www.yishengpack.com\/de\/wp-json\/wp\/v2\/box-type?post=286"},{"taxonomy":"product_brand","embeddable":true,"href":"https:\/\/www.yishengpack.com\/de\/wp-json\/wp\/v2\/product_brand?post=286"},{"taxonomy":"product_cat","embeddable":true,"href":"https:\/\/www.yishengpack.com\/de\/wp-json\/wp\/v2\/product_cat?post=286"},{"taxonomy":"product_tag","embeddable":true,"href":"https:\/\/www.yishengpack.com\/de\/wp-json\/wp\/v2\/product_tag?post=286"}],"curies":[{"name":"wp","href":"https:\/\/api.w.org\/{rel}","templated":true}]}}