{"id":2700,"date":"2025-12-08T10:35:38","date_gmt":"2025-12-08T10:35:38","guid":{"rendered":"https:\/\/www.yishengpack.com\/?post_type=product&#038;p=2700"},"modified":"2025-12-08T10:36:29","modified_gmt":"2025-12-08T10:36:29","slug":"wholesale-corrugated-mailer-boxes","status":"publish","type":"product","link":"https:\/\/www.yishengpack.com\/de\/produkt\/wholesale-corrugated-mailer-boxes\/","title":{"rendered":"Gro\u00dfhandel Wellpapp-Versandkartons f\u00fcr die Verpackung von Zubeh\u00f6r"},"content":{"rendered":"<div class=\"wp-block-columns is-layout-flex wp-container-core-columns-is-layout-9d6595d7 wp-block-columns-is-layout-flex\">\n<div class=\"wp-block-column is-layout-flow wp-block-column-is-layout-flow\">\n<h3 class=\"wp-block-heading\">Merkmale von starren Wellpapp-Versandkartons f\u00fcr den Gro\u00dfhandel<\/h3>\n\n\n\n<p><strong>Stabile Wellpappenkonstruktion:<\/strong> Die Wellpapp-Versandkartons f\u00fcr den Gro\u00dfhandel sind mit einer stabilen Wellpappkonstruktion ausgestattet, die Autozubeh\u00f6r wie kleine Modellautos und Autoteile sowie Ladungen sch\u00fctzt, indem sie daf\u00fcr sorgt, dass diese w\u00e4hrend des Transports nicht besch\u00e4digt werden.<\/p>\n\n\n\n<p><strong>Selbstverschlie\u00dfende Versandkartonstruktur:<\/strong> Die Wellpapp-Versandkartons f\u00fcr den Gro\u00dfhandel bestehen aus stabiler Wellpappe; dank ihres Faltdesigns ben\u00f6tigen sie kein Klebeband, lassen sich schnell zusammenbauen und verbessern die Verpackungseffizienz.<\/p>\n\n\n\n<p><strong>Anpassbare Innenschale: <\/strong>Die Wellpapp-Versandkartons f\u00fcr den Gro\u00dfhandel k\u00f6nnen mit vielen verschiedenen Arten von Inneneins\u00e4tzen ausgestattet werden, darunter EVA-Eins\u00e4tze, Papiereins\u00e4tze und Schaumstoffeins\u00e4tze, die eine ansprechende Pr\u00e4sentation der Artikel erm\u00f6glichen und gleichzeitig f\u00fcr Stabilit\u00e4t beim Transport sorgen.<\/p>\n\n\n\n<p><strong>Anpassbar f\u00fcr Auto-Branding:<\/strong> Diese Wellpapp-Versandkartons f\u00fcr den Gro\u00dfhandel verf\u00fcgen \u00fcber individuell gestaltbare Oberfl\u00e4chen. Der Karton kann mit Grafiken zum Thema Automobil, Markenlogos oder Produktinformationen bedruckt werden. Er eignet sich perfekt f\u00fcr die Pr\u00e4sentation von Automobilprodukten und vermittelt ein einheitliches Markenimage f\u00fcr Automobilunternehmen.<\/p>\n\n\n\n<p><strong>Lebendige Farbauswahl: <\/strong>Diese Verpackungsboxen f\u00fcr Zubeh\u00f6rteile im Gro\u00dfhandel sind in leuchtenden Farben erh\u00e4ltlich, darunter Gr\u00fcn, Blau und Schwarz. Damit kann das Automobilunternehmen seine Markenidentit\u00e4t etablieren, seine Produkte differenzieren und gleichzeitig eine hervorragende Sichtbarkeit f\u00fcr den Kunden gew\u00e4hrleisten.<\/p>\n\n\n\n<p><strong>Unterst\u00fctzt die Anpassung an Marken:<\/strong> Diese Verpackungsboxen f\u00fcr Zubeh\u00f6r im Gro\u00dfhandel verf\u00fcgen \u00fcber individuell gestaltbare Oberfl\u00e4chen. Diese Box kann mit Grafiken zum Thema Automobil, Markenlogos oder Produktinformationen bedruckt werden. Sie eignet sich perfekt f\u00fcr die Pr\u00e4sentation von Automobilprodukten und vermittelt ein einheitliches Markenimage f\u00fcr Automobilunternehmen.<\/p>\n<\/div>\n\n\n\n<div class=\"wp-block-column is-layout-flow wp-block-column-is-layout-flow\">\n<figure class=\"wp-block-image size-full\"><img decoding=\"async\" width=\"2048\" height=\"2048\" src=\"https:\/\/www.yishengpack.com\/wp-content\/uploads\/2025\/11\/Wholesale-Rigid-Corrugated-Mailer-Boxes-Customize-Paper-Boxes-with-Lid-for-Accessories-Packaging-2.webp\" alt=\"Gro\u00dfhandel-Wellpapp-Versandkartons-f\u00fcr-Zubeh\u00f6r-Verpackungen-2\" class=\"wp-image-2702\" srcset=\"https:\/\/www.yishengpack.com\/wp-content\/uploads\/2025\/11\/Wholesale-Rigid-Corrugated-Mailer-Boxes-Customize-Paper-Boxes-with-Lid-for-Accessories-Packaging-2.webp 2048w, https:\/\/www.yishengpack.com\/wp-content\/uploads\/2025\/11\/Wholesale-Rigid-Corrugated-Mailer-Boxes-Customize-Paper-Boxes-with-Lid-for-Accessories-Packaging-2-300x300.webp 300w, https:\/\/www.yishengpack.com\/wp-content\/uploads\/2025\/11\/Wholesale-Rigid-Corrugated-Mailer-Boxes-Customize-Paper-Boxes-with-Lid-for-Accessories-Packaging-2-150x150.webp 150w, https:\/\/www.yishengpack.com\/wp-content\/uploads\/2025\/11\/Wholesale-Rigid-Corrugated-Mailer-Boxes-Customize-Paper-Boxes-with-Lid-for-Accessories-Packaging-2-768x768.webp 768w, https:\/\/www.yishengpack.com\/wp-content\/uploads\/2025\/11\/Wholesale-Rigid-Corrugated-Mailer-Boxes-Customize-Paper-Boxes-with-Lid-for-Accessories-Packaging-2-12x12.webp 12w, https:\/\/www.yishengpack.com\/wp-content\/uploads\/2025\/11\/Wholesale-Rigid-Corrugated-Mailer-Boxes-Customize-Paper-Boxes-with-Lid-for-Accessories-Packaging-2-1200x1200.webp 1200w, https:\/\/www.yishengpack.com\/wp-content\/uploads\/2025\/11\/Wholesale-Rigid-Corrugated-Mailer-Boxes-Customize-Paper-Boxes-with-Lid-for-Accessories-Packaging-2-600x600.webp 600w, https:\/\/www.yishengpack.com\/wp-content\/uploads\/2025\/11\/Wholesale-Rigid-Corrugated-Mailer-Boxes-Customize-Paper-Boxes-with-Lid-for-Accessories-Packaging-2-100x100.webp 100w\" sizes=\"(max-width: 2048px) 100vw, 2048px\" \/><\/figure>\n<\/div>\n<\/div>\n\n\n\n<div class=\"wp-block-columns is-layout-flex wp-container-core-columns-is-layout-9d6595d7 wp-block-columns-is-layout-flex\">\n<div class=\"wp-block-column is-layout-flow wp-block-column-is-layout-flow\">\n<figure class=\"wp-block-image size-full\"><img decoding=\"async\" width=\"2048\" height=\"2048\" src=\"https:\/\/www.yishengpack.com\/wp-content\/uploads\/2025\/11\/Wholesale-Rigid-Corrugated-Mailer-Boxes-Customize-Paper-Boxes-with-Lid-for-Accessories-Packaging-5.webp\" alt=\"Gro\u00dfhandel-Wellpapp-Versandkartons-f\u00fcr-Zubeh\u00f6r-Verpackungen-5\" class=\"wp-image-2705\" srcset=\"https:\/\/www.yishengpack.com\/wp-content\/uploads\/2025\/11\/Wholesale-Rigid-Corrugated-Mailer-Boxes-Customize-Paper-Boxes-with-Lid-for-Accessories-Packaging-5.webp 2048w, https:\/\/www.yishengpack.com\/wp-content\/uploads\/2025\/11\/Wholesale-Rigid-Corrugated-Mailer-Boxes-Customize-Paper-Boxes-with-Lid-for-Accessories-Packaging-5-300x300.webp 300w, https:\/\/www.yishengpack.com\/wp-content\/uploads\/2025\/11\/Wholesale-Rigid-Corrugated-Mailer-Boxes-Customize-Paper-Boxes-with-Lid-for-Accessories-Packaging-5-150x150.webp 150w, https:\/\/www.yishengpack.com\/wp-content\/uploads\/2025\/11\/Wholesale-Rigid-Corrugated-Mailer-Boxes-Customize-Paper-Boxes-with-Lid-for-Accessories-Packaging-5-768x768.webp 768w, https:\/\/www.yishengpack.com\/wp-content\/uploads\/2025\/11\/Wholesale-Rigid-Corrugated-Mailer-Boxes-Customize-Paper-Boxes-with-Lid-for-Accessories-Packaging-5-12x12.webp 12w, https:\/\/www.yishengpack.com\/wp-content\/uploads\/2025\/11\/Wholesale-Rigid-Corrugated-Mailer-Boxes-Customize-Paper-Boxes-with-Lid-for-Accessories-Packaging-5-1200x1200.webp 1200w, https:\/\/www.yishengpack.com\/wp-content\/uploads\/2025\/11\/Wholesale-Rigid-Corrugated-Mailer-Boxes-Customize-Paper-Boxes-with-Lid-for-Accessories-Packaging-5-600x600.webp 600w, https:\/\/www.yishengpack.com\/wp-content\/uploads\/2025\/11\/Wholesale-Rigid-Corrugated-Mailer-Boxes-Customize-Paper-Boxes-with-Lid-for-Accessories-Packaging-5-100x100.webp 100w\" sizes=\"(max-width: 2048px) 100vw, 2048px\" \/><\/figure>\n\n\n\n<div class=\"wp-block-buttons has-custom-font-size has-small-font-size is-content-justification-center is-layout-flex wp-container-core-buttons-is-layout-16018d1d wp-block-buttons-is-layout-flex\">\n<div class=\"wp-block-button has-custom-width wp-block-button__width-75\"><a class=\"wp-block-button__link has-background has-small-font-size has-custom-font-size wp-element-button\" href=\"https:\/\/www.yishengpack.com\/de\/custom-printed-box\/\" style=\"background:linear-gradient(135deg,rgb(254,205,165) 0%,rgb(254,45,45) 0%,rgb(94,15,15) 0%,rgb(94,15,15) 100%)\" target=\"_blank\" rel=\"noreferrer noopener\"><strong>Entdecken Sie individuell bedruckte Boxen<\/strong><\/a><\/div>\n<\/div>\n<\/div>\n\n\n\n<div class=\"wp-block-column is-layout-flow wp-block-column-is-layout-flow\">\n<figure class=\"wp-block-image size-full\"><img decoding=\"async\" width=\"2048\" height=\"2048\" src=\"https:\/\/www.yishengpack.com\/wp-content\/uploads\/2025\/11\/Wholesale-Rigid-Corrugated-Mailer-Boxes-Customize-Paper-Boxes-with-Lid-for-Accessories-Packaging-4.webp\" alt=\"Gro\u00dfhandel-Wellpapp-Versandkartons-f\u00fcr-Zubeh\u00f6r-Verpackungen-4\" class=\"wp-image-2704\" srcset=\"https:\/\/www.yishengpack.com\/wp-content\/uploads\/2025\/11\/Wholesale-Rigid-Corrugated-Mailer-Boxes-Customize-Paper-Boxes-with-Lid-for-Accessories-Packaging-4.webp 2048w, https:\/\/www.yishengpack.com\/wp-content\/uploads\/2025\/11\/Wholesale-Rigid-Corrugated-Mailer-Boxes-Customize-Paper-Boxes-with-Lid-for-Accessories-Packaging-4-300x300.webp 300w, https:\/\/www.yishengpack.com\/wp-content\/uploads\/2025\/11\/Wholesale-Rigid-Corrugated-Mailer-Boxes-Customize-Paper-Boxes-with-Lid-for-Accessories-Packaging-4-150x150.webp 150w, https:\/\/www.yishengpack.com\/wp-content\/uploads\/2025\/11\/Wholesale-Rigid-Corrugated-Mailer-Boxes-Customize-Paper-Boxes-with-Lid-for-Accessories-Packaging-4-768x768.webp 768w, https:\/\/www.yishengpack.com\/wp-content\/uploads\/2025\/11\/Wholesale-Rigid-Corrugated-Mailer-Boxes-Customize-Paper-Boxes-with-Lid-for-Accessories-Packaging-4-12x12.webp 12w, https:\/\/www.yishengpack.com\/wp-content\/uploads\/2025\/11\/Wholesale-Rigid-Corrugated-Mailer-Boxes-Customize-Paper-Boxes-with-Lid-for-Accessories-Packaging-4-1200x1200.webp 1200w, https:\/\/www.yishengpack.com\/wp-content\/uploads\/2025\/11\/Wholesale-Rigid-Corrugated-Mailer-Boxes-Customize-Paper-Boxes-with-Lid-for-Accessories-Packaging-4-600x600.webp 600w, https:\/\/www.yishengpack.com\/wp-content\/uploads\/2025\/11\/Wholesale-Rigid-Corrugated-Mailer-Boxes-Customize-Paper-Boxes-with-Lid-for-Accessories-Packaging-4-100x100.webp 100w\" sizes=\"(max-width: 2048px) 100vw, 2048px\" \/><\/figure>\n\n\n\n<div class=\"wp-block-buttons has-custom-font-size has-small-font-size is-content-justification-center is-layout-flex wp-container-core-buttons-is-layout-16018d1d wp-block-buttons-is-layout-flex\">\n<div class=\"wp-block-button has-custom-width wp-block-button__width-75\"><a class=\"wp-block-button__link has-background has-small-font-size has-custom-font-size wp-element-button\" href=\"https:\/\/www.yishengpack.com\/de\/custom-box-inserts-accessories\/\" style=\"background:linear-gradient(135deg,rgb(254,205,165) 0%,rgb(254,45,45) 0%,rgb(94,15,15) 0%,rgb(94,15,15) 100%)\" target=\"_blank\" rel=\"noreferrer noopener\"><strong>Custom Box Inserts erforschen<\/strong><\/a><\/div>\n<\/div>\n<\/div>\n<\/div>","protected":false},"excerpt":{"rendered":"<p>Willkommen beim Kauf unserer stabilen Wellpapp-Versandkartons f\u00fcr den Gro\u00dfhandel. Diese Kartons wurden f\u00fcr die sichere und professionelle Verpackung von Zubeh\u00f6r entwickelt und zeichnen sich durch eine robuste Struktur, ein leichtes Design und anpassbare Branding-Optionen aus. Mit ihrer robusten Struktur und ihrem sch\u00fctzenden Design verbinden sie St\u00e4rke und Zuverl\u00e4ssigkeit f\u00fcr den sicheren Transport und die sichere Lagerung von Autozubeh\u00f6r. Vollst\u00e4ndige OEM\/ODM-Anpassung wird unterst\u00fctzt.<\/p>\n<h2>Highlights von starren Wellpapp-Versandkartons f\u00fcr den Gro\u00dfhandel<\/h2>\n<ul>\n<li>Robuste Struktur<\/li>\n<li>Vollst\u00e4ndige Individualisierung m\u00f6glich<\/li>\n<li>Hochwertige Materialien<\/li>\n<li>Exquisiter Druck<\/li>\n<li>Mehrere Box-Typen<\/li>\n<li>Reichhaltige Farbvielfalt<\/li>\n<li>Sorgf\u00e4ltige Verarbeitung<\/li>\n<li>Mehrere Boxgr\u00f6\u00dfen<\/li>\n<li>Sicheres Verschlussdesign<\/li>\n<li>Einf\u00fcgeoptionen<\/li>\n<\/ul>","protected":false},"featured_media":2701,"comment_status":"closed","ping_status":"closed","template":"","meta":{"_acf_changed":false},"box-type":[59],"product_brand":[],"product_cat":[46,69,73,74],"product_tag":[],"class_list":{"0":"post-2700","1":"product","2":"type-product","3":"status-publish","4":"has-post-thumbnail","6":"box-type-custom-mailer-boxes","7":"product_cat-wholesale-paper-boxes","8":"product_cat-custom-retail-boxes","9":"product_cat-custom-electronic-packaging","10":"product_cat-custom-auto-parts-boxes","12":"first","13":"instock","14":"shipping-taxable","15":"product-type-simple"},"acf":[],"_links":{"self":[{"href":"https:\/\/www.yishengpack.com\/de\/wp-json\/wp\/v2\/product\/2700","targetHints":{"allow":["GET"]}}],"collection":[{"href":"https:\/\/www.yishengpack.com\/de\/wp-json\/wp\/v2\/product"}],"about":[{"href":"https:\/\/www.yishengpack.com\/de\/wp-json\/wp\/v2\/types\/product"}],"replies":[{"embeddable":true,"href":"https:\/\/www.yishengpack.com\/de\/wp-json\/wp\/v2\/comments?post=2700"}],"wp:featuredmedia":[{"embeddable":true,"href":"https:\/\/www.yishengpack.com\/de\/wp-json\/wp\/v2\/media\/2701"}],"wp:attachment":[{"href":"https:\/\/www.yishengpack.com\/de\/wp-json\/wp\/v2\/media?parent=2700"}],"wp:term":[{"taxonomy":"box-type","embeddable":true,"href":"https:\/\/www.yishengpack.com\/de\/wp-json\/wp\/v2\/box-type?post=2700"},{"taxonomy":"product_brand","embeddable":true,"href":"https:\/\/www.yishengpack.com\/de\/wp-json\/wp\/v2\/product_brand?post=2700"},{"taxonomy":"product_cat","embeddable":true,"href":"https:\/\/www.yishengpack.com\/de\/wp-json\/wp\/v2\/product_cat?post=2700"},{"taxonomy":"product_tag","embeddable":true,"href":"https:\/\/www.yishengpack.com\/de\/wp-json\/wp\/v2\/product_tag?post=2700"}],"curies":[{"name":"wp","href":"https:\/\/api.w.org\/{rel}","templated":true}]}}