{"id":2692,"date":"2025-12-08T09:34:18","date_gmt":"2025-12-08T09:34:18","guid":{"rendered":"https:\/\/www.yishengpack.com\/?post_type=product&#038;p=2692"},"modified":"2025-12-08T09:34:19","modified_gmt":"2025-12-08T09:34:19","slug":"custom-printed-folding-cartons","status":"publish","type":"product","link":"https:\/\/www.yishengpack.com\/de\/produkt\/custom-printed-folding-cartons\/","title":{"rendered":"Individuell bedruckte Faltschachteln f\u00fcr Kaffee und Tee im Gro\u00dfhandel"},"content":{"rendered":"<div class=\"wp-block-columns is-layout-flex wp-container-core-columns-is-layout-9d6595d7 wp-block-columns-is-layout-flex\">\n<div class=\"wp-block-column is-layout-flow wp-block-column-is-layout-flow\">\n<h3 class=\"wp-block-heading\">Eigenschaften von biologisch abbaubaren, individuell bedruckten Faltschachteln<\/h3>\n\n\n\n<p><strong>Thematisches visuelles Storytelling:<\/strong> Diese hochwertigen, individuell bedruckten Faltschachteln zeichnen sich durch thematische Designs wie Latte-Art, Teebl\u00e4tter und Zitrusmotive aus. Sie eignen sich perfekt, um die Produktidentit\u00e4t zu vermitteln und eine ansprechende Markengeschichte f\u00fcr Kaffee-, Tee- und Getr\u00e4nkeprodukte zu erz\u00e4hlen.<\/p>\n\n\n\n<p><strong>Lebensmitteltaugliches Material: <\/strong>Diese individuell bedruckten Faltschachteln f\u00fcr Kaffee und Tee, die aus lebensmittelechtem Material hergestellt werden, eignen sich ideal f\u00fcr die Aufbewahrung von Kaffee, Teebeuteln und anderen Verbrauchsg\u00fctern. Damit sind sie eine zuverl\u00e4ssige Wahl f\u00fcr die Verpackung von Lebensmitteln und Getr\u00e4nken.<\/p>\n\n\n\n<p><strong>Tuck-Top-Box-Design: <\/strong>Diese individuell bedruckten Faltschachteln haben eine klassische Steckdeckelkonstruktion f\u00fcr leichtes \u00d6ffnen und Schlie\u00dfen und eignen sich f\u00fcr leichte Produkte wie Kaffeepulver, Teebl\u00e4tter, Filterkaffee-Beutel und kleine Teebeutel.<\/p>\n\n\n\n<p><strong>Materialoptionen: <\/strong>Diese faltbaren Papierboxen sind im Gro\u00dfhandel in verschiedenen Papiersorten erh\u00e4ltlich, darunter wei\u00dfer Karton, Kraftpapier, wei\u00dfes Papier mit grauer R\u00fcckseite, gold-\/silberfarbener Karton und Spezialpapiere, um unterschiedlichen Anforderungen gerecht zu werden. Hochfeste Struktur, stabil und druckbest\u00e4ndig, geeignet f\u00fcr den Versand im E-Commerce und die Pr\u00e4sentation im Einzelhandel.<\/p>\n\n\n\n<p><strong>Individueller Druck:<\/strong> Diese faltbaren Papierboxen im Gro\u00dfhandel unterst\u00fctzen Markenlogos, Muster, Farben und Vollfl\u00e4chendruck, wodurch hochwertige Verpackungseffekte f\u00fcr Kaffee- und Teemarken erzielt und die Sichtbarkeit im Regal verbessert werden.<\/p>\n<\/div>\n\n\n\n<div class=\"wp-block-column is-layout-flow wp-block-column-is-layout-flow\">\n<figure class=\"wp-block-image size-full\"><img decoding=\"async\" width=\"1880\" height=\"1880\" src=\"https:\/\/www.yishengpack.com\/wp-content\/uploads\/2025\/11\/Customization-Premium-Foldable-Boxes-Biodegrade-Coffee-Tea-Package-Boxes-Wholesale-2.webp\" alt=\"Individuell bedruckte Faltschachteln im Gro\u00dfhandel f\u00fcr Kaffee und Tee 2\" class=\"wp-image-2694\" srcset=\"https:\/\/www.yishengpack.com\/wp-content\/uploads\/2025\/11\/Customization-Premium-Foldable-Boxes-Biodegrade-Coffee-Tea-Package-Boxes-Wholesale-2.webp 1880w, https:\/\/www.yishengpack.com\/wp-content\/uploads\/2025\/11\/Customization-Premium-Foldable-Boxes-Biodegrade-Coffee-Tea-Package-Boxes-Wholesale-2-300x300.webp 300w, https:\/\/www.yishengpack.com\/wp-content\/uploads\/2025\/11\/Customization-Premium-Foldable-Boxes-Biodegrade-Coffee-Tea-Package-Boxes-Wholesale-2-150x150.webp 150w, https:\/\/www.yishengpack.com\/wp-content\/uploads\/2025\/11\/Customization-Premium-Foldable-Boxes-Biodegrade-Coffee-Tea-Package-Boxes-Wholesale-2-768x768.webp 768w, https:\/\/www.yishengpack.com\/wp-content\/uploads\/2025\/11\/Customization-Premium-Foldable-Boxes-Biodegrade-Coffee-Tea-Package-Boxes-Wholesale-2-12x12.webp 12w, https:\/\/www.yishengpack.com\/wp-content\/uploads\/2025\/11\/Customization-Premium-Foldable-Boxes-Biodegrade-Coffee-Tea-Package-Boxes-Wholesale-2-1200x1200.webp 1200w, https:\/\/www.yishengpack.com\/wp-content\/uploads\/2025\/11\/Customization-Premium-Foldable-Boxes-Biodegrade-Coffee-Tea-Package-Boxes-Wholesale-2-600x600.webp 600w, https:\/\/www.yishengpack.com\/wp-content\/uploads\/2025\/11\/Customization-Premium-Foldable-Boxes-Biodegrade-Coffee-Tea-Package-Boxes-Wholesale-2-100x100.webp 100w\" sizes=\"(max-width: 1880px) 100vw, 1880px\" \/><\/figure>\n<\/div>\n<\/div>\n\n\n\n<div class=\"wp-block-columns is-layout-flex wp-container-core-columns-is-layout-9d6595d7 wp-block-columns-is-layout-flex\">\n<div class=\"wp-block-column is-layout-flow wp-block-column-is-layout-flow\">\n<figure class=\"wp-block-image size-full\"><img decoding=\"async\" width=\"2048\" height=\"2048\" src=\"https:\/\/www.yishengpack.com\/wp-content\/uploads\/2025\/11\/Customization-Premium-Foldable-Boxes-Biodegrade-Coffee-Tea-Package-Boxes-Wholesale-6.webp\" alt=\"Individuell bedruckte Faltschachteln im Gro\u00dfhandel f\u00fcr Kaffee und Tee 6\" class=\"wp-image-2698\" srcset=\"https:\/\/www.yishengpack.com\/wp-content\/uploads\/2025\/11\/Customization-Premium-Foldable-Boxes-Biodegrade-Coffee-Tea-Package-Boxes-Wholesale-6.webp 2048w, https:\/\/www.yishengpack.com\/wp-content\/uploads\/2025\/11\/Customization-Premium-Foldable-Boxes-Biodegrade-Coffee-Tea-Package-Boxes-Wholesale-6-300x300.webp 300w, https:\/\/www.yishengpack.com\/wp-content\/uploads\/2025\/11\/Customization-Premium-Foldable-Boxes-Biodegrade-Coffee-Tea-Package-Boxes-Wholesale-6-150x150.webp 150w, https:\/\/www.yishengpack.com\/wp-content\/uploads\/2025\/11\/Customization-Premium-Foldable-Boxes-Biodegrade-Coffee-Tea-Package-Boxes-Wholesale-6-768x768.webp 768w, https:\/\/www.yishengpack.com\/wp-content\/uploads\/2025\/11\/Customization-Premium-Foldable-Boxes-Biodegrade-Coffee-Tea-Package-Boxes-Wholesale-6-12x12.webp 12w, https:\/\/www.yishengpack.com\/wp-content\/uploads\/2025\/11\/Customization-Premium-Foldable-Boxes-Biodegrade-Coffee-Tea-Package-Boxes-Wholesale-6-1200x1200.webp 1200w, https:\/\/www.yishengpack.com\/wp-content\/uploads\/2025\/11\/Customization-Premium-Foldable-Boxes-Biodegrade-Coffee-Tea-Package-Boxes-Wholesale-6-600x600.webp 600w, https:\/\/www.yishengpack.com\/wp-content\/uploads\/2025\/11\/Customization-Premium-Foldable-Boxes-Biodegrade-Coffee-Tea-Package-Boxes-Wholesale-6-100x100.webp 100w\" sizes=\"(max-width: 2048px) 100vw, 2048px\" \/><\/figure>\n\n\n\n<div class=\"wp-block-buttons has-custom-font-size has-small-font-size is-content-justification-center is-layout-flex wp-container-core-buttons-is-layout-16018d1d wp-block-buttons-is-layout-flex\">\n<div class=\"wp-block-button has-custom-width wp-block-button__width-75\"><a class=\"wp-block-button__link has-background has-small-font-size has-custom-font-size wp-element-button\" href=\"https:\/\/www.yishengpack.com\/de\/custom-printed-box\/\" style=\"background:linear-gradient(135deg,rgb(254,205,165) 0%,rgb(254,45,45) 0%,rgb(94,15,15) 0%,rgb(94,15,15) 100%)\" target=\"_blank\" rel=\"noreferrer noopener\"><strong>Entdecken Sie individuell bedruckte Boxen<\/strong><\/a><\/div>\n<\/div>\n<\/div>\n\n\n\n<div class=\"wp-block-column is-layout-flow wp-block-column-is-layout-flow\">\n<figure class=\"wp-block-image size-full\"><img decoding=\"async\" width=\"2048\" height=\"2048\" src=\"https:\/\/www.yishengpack.com\/wp-content\/uploads\/2025\/11\/Customization-Premium-Foldable-Boxes-Biodegrade-Coffee-Tea-Package-Boxes-Wholesale-7.webp\" alt=\"Individuell bedruckte Faltschachteln im Gro\u00dfhandel f\u00fcr Kaffee und Tee 7\" class=\"wp-image-2699\" srcset=\"https:\/\/www.yishengpack.com\/wp-content\/uploads\/2025\/11\/Customization-Premium-Foldable-Boxes-Biodegrade-Coffee-Tea-Package-Boxes-Wholesale-7.webp 2048w, https:\/\/www.yishengpack.com\/wp-content\/uploads\/2025\/11\/Customization-Premium-Foldable-Boxes-Biodegrade-Coffee-Tea-Package-Boxes-Wholesale-7-300x300.webp 300w, https:\/\/www.yishengpack.com\/wp-content\/uploads\/2025\/11\/Customization-Premium-Foldable-Boxes-Biodegrade-Coffee-Tea-Package-Boxes-Wholesale-7-150x150.webp 150w, https:\/\/www.yishengpack.com\/wp-content\/uploads\/2025\/11\/Customization-Premium-Foldable-Boxes-Biodegrade-Coffee-Tea-Package-Boxes-Wholesale-7-768x768.webp 768w, https:\/\/www.yishengpack.com\/wp-content\/uploads\/2025\/11\/Customization-Premium-Foldable-Boxes-Biodegrade-Coffee-Tea-Package-Boxes-Wholesale-7-12x12.webp 12w, https:\/\/www.yishengpack.com\/wp-content\/uploads\/2025\/11\/Customization-Premium-Foldable-Boxes-Biodegrade-Coffee-Tea-Package-Boxes-Wholesale-7-1200x1200.webp 1200w, https:\/\/www.yishengpack.com\/wp-content\/uploads\/2025\/11\/Customization-Premium-Foldable-Boxes-Biodegrade-Coffee-Tea-Package-Boxes-Wholesale-7-600x600.webp 600w, https:\/\/www.yishengpack.com\/wp-content\/uploads\/2025\/11\/Customization-Premium-Foldable-Boxes-Biodegrade-Coffee-Tea-Package-Boxes-Wholesale-7-100x100.webp 100w\" sizes=\"(max-width: 2048px) 100vw, 2048px\" \/><\/figure>\n\n\n\n<div class=\"wp-block-buttons has-custom-font-size has-small-font-size is-content-justification-center is-layout-flex wp-container-core-buttons-is-layout-16018d1d wp-block-buttons-is-layout-flex\">\n<div class=\"wp-block-button has-custom-width wp-block-button__width-75\"><a class=\"wp-block-button__link has-background has-small-font-size has-custom-font-size wp-element-button\" href=\"https:\/\/www.yishengpack.com\/de\/custom-paper-box-plastic-containers\/\" style=\"background:linear-gradient(135deg,rgb(254,205,165) 0%,rgb(254,45,45) 0%,rgb(94,15,15) 0%,rgb(94,15,15) 100%)\" target=\"_blank\" rel=\"noreferrer noopener\"><strong>Entdecken Sie Materialien f\u00fcr individuelle Verpackungen<\/strong><\/a><\/div>\n<\/div>\n<\/div>\n<\/div>","protected":false},"excerpt":{"rendered":"<p>Willkommen beim Kauf unserer individuell bedruckten Faltschachteln, die aus biologisch abbaubarem, lebensmittelechtem Papier hergestellt und mit einer praktischen Steckverschlussstruktur versehen sind, die sich perfekt f\u00fcr Kaffeebohnen, gemahlenen Kaffee, Teebeutel und losen Tee eignet. Die Schachteln sind leicht und dennoch strapazierf\u00e4hig und k\u00f6nnen in Bezug auf Gr\u00f6\u00dfe, Bedruckung und spezielle Oberfl\u00e4chen vollst\u00e4ndig an die Anforderungen von OEM\/ODM angepasst werden, was sie zu einer idealen umweltfreundlichen Verpackungsl\u00f6sung f\u00fcr Kaffee- und Teemarken macht.<\/p>\n<h2>Highlights von individuell bedruckten Faltschachteln f\u00fcr Kaffee und Tee<\/h2>\n<ul>\n<li>Personalisierte Anpassung<\/li>\n<li>Tuck-Top-Box-Design<\/li>\n<li>Hochwertige Materialien<\/li>\n<li>Exquisites Druckverfahren<\/li>\n<li>Mehrere Box-Typen<\/li>\n<li>Verschiedene Farboptionen<\/li>\n<li>Mehrere Boxgr\u00f6\u00dfen<\/li>\n<li>Stabile Struktur<\/li>\n<\/ul>","protected":false},"featured_media":2693,"comment_status":"closed","ping_status":"closed","template":"","meta":{"_acf_changed":false},"box-type":[55,48],"product_brand":[],"product_cat":[46,33,43,44],"product_tag":[],"class_list":{"0":"post-2692","1":"product","2":"type-product","3":"status-publish","4":"has-post-thumbnail","6":"box-type-custom-foldable-boxes","7":"box-type-custom-tuck-top-boxes","8":"product_cat-wholesale-paper-boxes","9":"product_cat-food-packaging-boxes-wholesale","10":"product_cat-coffee-and-tea-packaging-boxes-wholesale","11":"product_cat-custom-snack-box","13":"first","14":"instock","15":"shipping-taxable","16":"product-type-simple"},"acf":[],"_links":{"self":[{"href":"https:\/\/www.yishengpack.com\/de\/wp-json\/wp\/v2\/product\/2692","targetHints":{"allow":["GET"]}}],"collection":[{"href":"https:\/\/www.yishengpack.com\/de\/wp-json\/wp\/v2\/product"}],"about":[{"href":"https:\/\/www.yishengpack.com\/de\/wp-json\/wp\/v2\/types\/product"}],"replies":[{"embeddable":true,"href":"https:\/\/www.yishengpack.com\/de\/wp-json\/wp\/v2\/comments?post=2692"}],"wp:featuredmedia":[{"embeddable":true,"href":"https:\/\/www.yishengpack.com\/de\/wp-json\/wp\/v2\/media\/2693"}],"wp:attachment":[{"href":"https:\/\/www.yishengpack.com\/de\/wp-json\/wp\/v2\/media?parent=2692"}],"wp:term":[{"taxonomy":"box-type","embeddable":true,"href":"https:\/\/www.yishengpack.com\/de\/wp-json\/wp\/v2\/box-type?post=2692"},{"taxonomy":"product_brand","embeddable":true,"href":"https:\/\/www.yishengpack.com\/de\/wp-json\/wp\/v2\/product_brand?post=2692"},{"taxonomy":"product_cat","embeddable":true,"href":"https:\/\/www.yishengpack.com\/de\/wp-json\/wp\/v2\/product_cat?post=2692"},{"taxonomy":"product_tag","embeddable":true,"href":"https:\/\/www.yishengpack.com\/de\/wp-json\/wp\/v2\/product_tag?post=2692"}],"curies":[{"name":"wp","href":"https:\/\/api.w.org\/{rel}","templated":true}]}}