{"id":2684,"date":"2025-12-08T08:48:06","date_gmt":"2025-12-08T08:48:06","guid":{"rendered":"https:\/\/www.yishengpack.com\/?post_type=product&#038;p=2684"},"modified":"2025-12-08T09:40:08","modified_gmt":"2025-12-08T09:40:08","slug":"electronic-boxes-wholesale","status":"publish","type":"product","link":"https:\/\/www.yishengpack.com\/de\/produkt\/electronic-boxes-wholesale\/","title":{"rendered":"Elektronikboxen Gro\u00dfhandel, kundenspezifische Produktboxen f\u00fcr den Einzelhandel"},"content":{"rendered":"<div class=\"wp-block-columns is-layout-flex wp-container-core-columns-is-layout-9d6595d7 wp-block-columns-is-layout-flex\">\n<div class=\"wp-block-column is-layout-flow wp-block-column-is-layout-flow\">\n<h3 class=\"wp-block-heading\">Merkmale von rechteckigen Elektronikboxen im Gro\u00dfhandel<\/h3>\n\n\n\n<p><strong>Ma\u00dfgefertigter Einsatz: <\/strong>Diese starren rechteckigen Elektronikboxen f\u00fcr den Gro\u00dfhandel sind mit einer speziell geformten Einlage ausgestattet, die Elektronikger\u00e4te wie Telefone, Ohrh\u00f6rer und Ladeger\u00e4te sicher h\u00e4lt. Sie verhindert Verrutschen und Kratzer und sorgt daf\u00fcr, dass die Ger\u00e4te in einwandfreiem Zustand bleiben, was sie zu einer zuverl\u00e4ssigen Wahl f\u00fcr die Verpackung von Technikprodukten macht.<\/p>\n\n\n\n<p><strong>Auswahl an lebendigen Farbpaletten:<\/strong> Diese rechteckigen Elektronikboxen sind im Gro\u00dfhandel in einer lebendigen Farbpalette erh\u00e4ltlich, darunter Gr\u00fcn, Rot, Braun und Blau. Zur Steigerung der Markenbekanntheit stehen mehrere Druckoptionen zur Auswahl.<\/p>\n\n\n\n<p><strong>Rechteckige Strukturkonstruktion:<\/strong> Unsere ma\u00dfgeschneiderten Produktverpackungen f\u00fcr den Einzelhandel haben ein standardm\u00e4\u00dfiges rechteckiges Design. Diese Struktur ist stabil und verf\u00fcgt \u00fcber einen separaten Deckel und Boden, wodurch sich die Verpackung elegant und leicht \u00f6ffnen l\u00e4sst. Sie eignet sich f\u00fcr die meisten Unterhaltungselektronikprodukte wie Kopfh\u00f6rer, Ladeger\u00e4te und kleine Ger\u00e4te.<\/p>\n\n\n\n<p><strong>Stapelbar f\u00fcr effiziente Lagerung: <\/strong>Unsere ma\u00dfgeschneiderten Produktverpackungen f\u00fcr den Einzelhandel sind stapelbar und lassen sich zur Lagerung und zum Versand ordentlich stapeln. Damit erf\u00fcllen sie die Anforderungen an eine effiziente Bestandsverwaltung und kosteng\u00fcnstige Lieferung f\u00fcr Technologiemarken.<\/p>\n\n\n\n<p><strong>Geeignet f\u00fcr Einzelhandels- und Geschenkverpackungen:<\/strong> Diese rechteckigen Elektronikboxen im Gro\u00dfhandel bieten ein elegantes und robustes Erscheinungsbild und erf\u00fcllen die hohen Anforderungen der Unterhaltungselektronikbranche an Verpackungen. Sie k\u00f6nnen direkt f\u00fcr den Online-Handel, als Markengeschenke und f\u00fcr Werbeverpackungen verwendet werden. Unterst\u00fctzt die Anpassung an die Produktabmessungen f\u00fcr eine pr\u00e4zise Passform, wodurch Bewegungen reduziert und das Auspackerlebnis verbessert werden.<\/p>\n<\/div>\n\n\n\n<div class=\"wp-block-column is-layout-flow wp-block-column-is-layout-flow\">\n<figure class=\"wp-block-image size-full\"><img decoding=\"async\" width=\"2048\" height=\"2048\" src=\"https:\/\/www.yishengpack.com\/wp-content\/uploads\/2025\/11\/Wholesale-Rigid-Rectangle-Boxes-Paper-Boxes-for-Consumer-Electronic-with-Custom-Logo-2.webp\" alt=\"Rechteckige Elektronikboxen \u2013 Gro\u00dfhandel \u2013 Kundenspezifische Einzelhandelsproduktboxen \u2013 2\" class=\"wp-image-2686\" srcset=\"https:\/\/www.yishengpack.com\/wp-content\/uploads\/2025\/11\/Wholesale-Rigid-Rectangle-Boxes-Paper-Boxes-for-Consumer-Electronic-with-Custom-Logo-2.webp 2048w, https:\/\/www.yishengpack.com\/wp-content\/uploads\/2025\/11\/Wholesale-Rigid-Rectangle-Boxes-Paper-Boxes-for-Consumer-Electronic-with-Custom-Logo-2-300x300.webp 300w, https:\/\/www.yishengpack.com\/wp-content\/uploads\/2025\/11\/Wholesale-Rigid-Rectangle-Boxes-Paper-Boxes-for-Consumer-Electronic-with-Custom-Logo-2-150x150.webp 150w, https:\/\/www.yishengpack.com\/wp-content\/uploads\/2025\/11\/Wholesale-Rigid-Rectangle-Boxes-Paper-Boxes-for-Consumer-Electronic-with-Custom-Logo-2-768x768.webp 768w, https:\/\/www.yishengpack.com\/wp-content\/uploads\/2025\/11\/Wholesale-Rigid-Rectangle-Boxes-Paper-Boxes-for-Consumer-Electronic-with-Custom-Logo-2-12x12.webp 12w, https:\/\/www.yishengpack.com\/wp-content\/uploads\/2025\/11\/Wholesale-Rigid-Rectangle-Boxes-Paper-Boxes-for-Consumer-Electronic-with-Custom-Logo-2-1200x1200.webp 1200w, https:\/\/www.yishengpack.com\/wp-content\/uploads\/2025\/11\/Wholesale-Rigid-Rectangle-Boxes-Paper-Boxes-for-Consumer-Electronic-with-Custom-Logo-2-600x600.webp 600w, https:\/\/www.yishengpack.com\/wp-content\/uploads\/2025\/11\/Wholesale-Rigid-Rectangle-Boxes-Paper-Boxes-for-Consumer-Electronic-with-Custom-Logo-2-100x100.webp 100w\" sizes=\"(max-width: 2048px) 100vw, 2048px\" \/><\/figure>\n<\/div>\n<\/div>\n\n\n\n<div class=\"wp-block-columns is-layout-flex wp-container-core-columns-is-layout-9d6595d7 wp-block-columns-is-layout-flex\">\n<div class=\"wp-block-column is-layout-flow wp-block-column-is-layout-flow\">\n<figure class=\"wp-block-image size-full\"><img decoding=\"async\" width=\"2048\" height=\"2048\" src=\"https:\/\/www.yishengpack.com\/wp-content\/uploads\/2025\/11\/Wholesale-Rigid-Rectangle-Boxes-Paper-Boxes-for-Consumer-Electronic-with-Custom-Logo-7.webp\" alt=\"Rechteckige Elektronikboxen \u2013 Gro\u00dfhandel \u2013 Kundenspezifische Einzelhandelsproduktboxen \u2013 7\" class=\"wp-image-2691\" srcset=\"https:\/\/www.yishengpack.com\/wp-content\/uploads\/2025\/11\/Wholesale-Rigid-Rectangle-Boxes-Paper-Boxes-for-Consumer-Electronic-with-Custom-Logo-7.webp 2048w, https:\/\/www.yishengpack.com\/wp-content\/uploads\/2025\/11\/Wholesale-Rigid-Rectangle-Boxes-Paper-Boxes-for-Consumer-Electronic-with-Custom-Logo-7-300x300.webp 300w, https:\/\/www.yishengpack.com\/wp-content\/uploads\/2025\/11\/Wholesale-Rigid-Rectangle-Boxes-Paper-Boxes-for-Consumer-Electronic-with-Custom-Logo-7-150x150.webp 150w, https:\/\/www.yishengpack.com\/wp-content\/uploads\/2025\/11\/Wholesale-Rigid-Rectangle-Boxes-Paper-Boxes-for-Consumer-Electronic-with-Custom-Logo-7-768x768.webp 768w, https:\/\/www.yishengpack.com\/wp-content\/uploads\/2025\/11\/Wholesale-Rigid-Rectangle-Boxes-Paper-Boxes-for-Consumer-Electronic-with-Custom-Logo-7-12x12.webp 12w, https:\/\/www.yishengpack.com\/wp-content\/uploads\/2025\/11\/Wholesale-Rigid-Rectangle-Boxes-Paper-Boxes-for-Consumer-Electronic-with-Custom-Logo-7-1200x1200.webp 1200w, https:\/\/www.yishengpack.com\/wp-content\/uploads\/2025\/11\/Wholesale-Rigid-Rectangle-Boxes-Paper-Boxes-for-Consumer-Electronic-with-Custom-Logo-7-600x600.webp 600w, https:\/\/www.yishengpack.com\/wp-content\/uploads\/2025\/11\/Wholesale-Rigid-Rectangle-Boxes-Paper-Boxes-for-Consumer-Electronic-with-Custom-Logo-7-100x100.webp 100w\" sizes=\"(max-width: 2048px) 100vw, 2048px\" \/><\/figure>\n\n\n\n<div class=\"wp-block-buttons has-custom-font-size has-small-font-size is-content-justification-center is-layout-flex wp-container-core-buttons-is-layout-16018d1d wp-block-buttons-is-layout-flex\">\n<div class=\"wp-block-button has-custom-width wp-block-button__width-75\"><a class=\"wp-block-button__link has-background has-small-font-size has-custom-font-size wp-element-button\" href=\"https:\/\/www.yishengpack.com\/de\/custom-printed-box\/\" style=\"background:linear-gradient(135deg,rgb(254,205,165) 0%,rgb(254,45,45) 0%,rgb(94,15,15) 0%,rgb(94,15,15) 100%)\" target=\"_blank\" rel=\"noreferrer noopener\"><strong>Entdecken Sie individuell bedruckte Boxen<\/strong><\/a><\/div>\n<\/div>\n<\/div>\n\n\n\n<div class=\"wp-block-column is-layout-flow wp-block-column-is-layout-flow\">\n<figure class=\"wp-block-image size-full\"><img decoding=\"async\" width=\"2048\" height=\"2048\" src=\"https:\/\/www.yishengpack.com\/wp-content\/uploads\/2025\/11\/Wholesale-Rigid-Rectangle-Boxes-Paper-Boxes-for-Consumer-Electronic-with-Custom-Logo-5.webp\" alt=\"Rechteckige Elektronikboxen \u2013 Gro\u00dfhandel \u2013 Kundenspezifische Einzelhandelsproduktboxen \u2013 5\" class=\"wp-image-2689\" srcset=\"https:\/\/www.yishengpack.com\/wp-content\/uploads\/2025\/11\/Wholesale-Rigid-Rectangle-Boxes-Paper-Boxes-for-Consumer-Electronic-with-Custom-Logo-5.webp 2048w, https:\/\/www.yishengpack.com\/wp-content\/uploads\/2025\/11\/Wholesale-Rigid-Rectangle-Boxes-Paper-Boxes-for-Consumer-Electronic-with-Custom-Logo-5-300x300.webp 300w, https:\/\/www.yishengpack.com\/wp-content\/uploads\/2025\/11\/Wholesale-Rigid-Rectangle-Boxes-Paper-Boxes-for-Consumer-Electronic-with-Custom-Logo-5-150x150.webp 150w, https:\/\/www.yishengpack.com\/wp-content\/uploads\/2025\/11\/Wholesale-Rigid-Rectangle-Boxes-Paper-Boxes-for-Consumer-Electronic-with-Custom-Logo-5-768x768.webp 768w, https:\/\/www.yishengpack.com\/wp-content\/uploads\/2025\/11\/Wholesale-Rigid-Rectangle-Boxes-Paper-Boxes-for-Consumer-Electronic-with-Custom-Logo-5-12x12.webp 12w, https:\/\/www.yishengpack.com\/wp-content\/uploads\/2025\/11\/Wholesale-Rigid-Rectangle-Boxes-Paper-Boxes-for-Consumer-Electronic-with-Custom-Logo-5-1200x1200.webp 1200w, https:\/\/www.yishengpack.com\/wp-content\/uploads\/2025\/11\/Wholesale-Rigid-Rectangle-Boxes-Paper-Boxes-for-Consumer-Electronic-with-Custom-Logo-5-600x600.webp 600w, https:\/\/www.yishengpack.com\/wp-content\/uploads\/2025\/11\/Wholesale-Rigid-Rectangle-Boxes-Paper-Boxes-for-Consumer-Electronic-with-Custom-Logo-5-100x100.webp 100w\" sizes=\"(max-width: 2048px) 100vw, 2048px\" \/><\/figure>\n\n\n\n<div class=\"wp-block-buttons has-custom-font-size has-small-font-size is-content-justification-center is-layout-flex wp-container-core-buttons-is-layout-16018d1d wp-block-buttons-is-layout-flex\">\n<div class=\"wp-block-button has-custom-width wp-block-button__width-75\"><a class=\"wp-block-button__link has-background has-small-font-size has-custom-font-size wp-element-button\" href=\"https:\/\/www.yishengpack.com\/de\/custom-box-inserts-accessories\/\" style=\"background:linear-gradient(135deg,rgb(254,205,165) 0%,rgb(254,45,45) 0%,rgb(94,15,15) 0%,rgb(94,15,15) 100%)\" target=\"_blank\" rel=\"noreferrer noopener\"><strong>Custom Box Inserts erforschen<\/strong><\/a><\/div>\n<\/div>\n<\/div>\n<\/div>","protected":false},"excerpt":{"rendered":"<p>Willkommen beim Kauf unserer rechteckigen Elektronikboxen im Gro\u00dfhandel, die sich perfekt f\u00fcr die Verpackung verschiedener Elektronikprodukte wie Ladekabel, kabellose Ohrh\u00f6rer, Ladeger\u00e4te und mehr eignen. Sie sind aus strapazierf\u00e4higen Materialien gefertigt und k\u00f6nnen vollst\u00e4ndig mit Logos, Aufdrucken, Innenf\u00e4chern und hochwertigen Oberfl\u00e4chen individuell gestaltet werden. Damit bieten sie eine ideale OEM\/ODM-L\u00f6sung f\u00fcr Gro\u00dfhandelsk\u00e4ufer und moderne Anforderungen an die Einzelhandelsverpackung.<\/p>\n<h2>Highlights des Gro\u00dfhandels mit rechteckigen Elektronikboxen<\/h2>\n<ul>\n<li>Deckel- und Bodendesign<\/li>\n<li>Vollst\u00e4ndige Anpassung<\/li>\n<li>Mehrere Boxgr\u00f6\u00dfen<\/li>\n<li>Lebendige Farbauswahl<\/li>\n<li>Robuste Konstruktion<\/li>\n<li>Anspruchsvoller Druck<\/li>\n<li>Exquisite Handwerkskunst<\/li>\n<li>Einf\u00fcgeoptionen<\/li>\n<\/ul>","protected":false},"featured_media":2685,"comment_status":"closed","ping_status":"closed","template":"","meta":{"_acf_changed":false},"box-type":[57],"product_brand":[],"product_cat":[19,69,73],"product_tag":[],"class_list":{"0":"post-2684","1":"product","2":"type-product","3":"status-publish","4":"has-post-thumbnail","6":"box-type-custom-rigid-box-with-lid","7":"product_cat-luxury-gift-boxes-wholesale","8":"product_cat-custom-retail-boxes","9":"product_cat-custom-electronic-packaging","11":"first","12":"instock","13":"shipping-taxable","14":"product-type-simple"},"acf":[],"_links":{"self":[{"href":"https:\/\/www.yishengpack.com\/de\/wp-json\/wp\/v2\/product\/2684","targetHints":{"allow":["GET"]}}],"collection":[{"href":"https:\/\/www.yishengpack.com\/de\/wp-json\/wp\/v2\/product"}],"about":[{"href":"https:\/\/www.yishengpack.com\/de\/wp-json\/wp\/v2\/types\/product"}],"replies":[{"embeddable":true,"href":"https:\/\/www.yishengpack.com\/de\/wp-json\/wp\/v2\/comments?post=2684"}],"wp:featuredmedia":[{"embeddable":true,"href":"https:\/\/www.yishengpack.com\/de\/wp-json\/wp\/v2\/media\/2685"}],"wp:attachment":[{"href":"https:\/\/www.yishengpack.com\/de\/wp-json\/wp\/v2\/media?parent=2684"}],"wp:term":[{"taxonomy":"box-type","embeddable":true,"href":"https:\/\/www.yishengpack.com\/de\/wp-json\/wp\/v2\/box-type?post=2684"},{"taxonomy":"product_brand","embeddable":true,"href":"https:\/\/www.yishengpack.com\/de\/wp-json\/wp\/v2\/product_brand?post=2684"},{"taxonomy":"product_cat","embeddable":true,"href":"https:\/\/www.yishengpack.com\/de\/wp-json\/wp\/v2\/product_cat?post=2684"},{"taxonomy":"product_tag","embeddable":true,"href":"https:\/\/www.yishengpack.com\/de\/wp-json\/wp\/v2\/product_tag?post=2684"}],"curies":[{"name":"wp","href":"https:\/\/api.w.org\/{rel}","templated":true}]}}