{"id":2654,"date":"2025-12-08T03:43:28","date_gmt":"2025-12-08T03:43:28","guid":{"rendered":"https:\/\/www.yishengpack.com\/?post_type=product&#038;p=2654"},"modified":"2025-12-08T03:43:29","modified_gmt":"2025-12-08T03:43:29","slug":"wholesale-rigid-packaging-boxes","status":"publish","type":"product","link":"https:\/\/www.yishengpack.com\/de\/produkt\/wholesale-rigid-packaging-boxes\/","title":{"rendered":"Gro\u00dfhandel mit starren Verpackungsboxen, kundenspezifische Autoteile-Boxen"},"content":{"rendered":"<div class=\"wp-block-columns is-layout-flex wp-container-core-columns-is-layout-9d6595d7 wp-block-columns-is-layout-flex\">\n<div class=\"wp-block-column is-layout-flow wp-block-column-is-layout-flow\">\n<h3 class=\"wp-block-heading\">Merkmale von starren Verpackungsboxen f\u00fcr den Gro\u00dfhandel<\/h3>\n\n\n\n<p><strong>Reibungsloser Mechanismus zum \u00d6ffnen des Deckels:<\/strong> Das neue Design dieser starren Gro\u00dfhandelsverpackungen mit leicht zu \u00f6ffnendem Deckel sorgt f\u00fcr ein m\u00fcheloses und zufriedenstellendes Auspackerlebnis und vermittelt ein hochwertiges Gef\u00fchl bei der Pr\u00e4sentation von Autozubeh\u00f6rprodukten wie Felgen, Poliermaschinen und Reinigungswerkzeugen.<\/p>\n\n\n\n<p><strong>Anpassbare interne Struktur:<\/strong> Diese starren Verpackungskartons f\u00fcr den Gro\u00dfhandel k\u00f6nnen mit inneren St\u00fctzen aus EVA, Schaumstoff, geformter Zellulose oder Wellpappe ausgestattet werden, um den Schutz zu verbessern. Geeignet f\u00fcr die Verpackung von Autoteilen, Autopflegeprodukten, Elektronikprodukten, Werkzeugs\u00e4tzen usw.<\/p>\n\n\n\n<p><strong>Lebendige Farbauswahl:<\/strong> Mit individuell bedruckten Autoteile-Boxen in Blau, Violett und Schwarz helfen lebendige Farbt\u00f6ne dabei, Ihre Automobilprodukte zu pr\u00e4sentieren und gleichzeitig Ihre Markenidentit\u00e4t zu st\u00e4rken.<\/p>\n\n\n\n<p><strong>Premium-Markenpr\u00e4sentationseffekte: <\/strong>Die individuell bedruckten Autoteile-Verpackungen unterst\u00fctzen Verfahren wie Laminierung, Hei\u00dfpr\u00e4gung (Gold und Silber), UV-Beschichtung, Pr\u00e4gung und Tiefpr\u00e4gung, um die Markenbekanntheit zu steigern. Hochaufl\u00f6sende Muster, Farben von Automobilmarken oder elektronische Produktbilder k\u00f6nnen aufgedruckt werden, um die Attraktivit\u00e4t im Verkaufsregal zu erh\u00f6hen.<\/p>\n\n\n\n<p><strong>Geeignet f\u00fcr verschiedene Branchen und hoch skalierbar: <\/strong>Diese starren Verpackungskartons f\u00fcr den Gro\u00dfhandel eignen sich nicht nur f\u00fcr Automobilteile, sondern auch f\u00fcr Einzelhandelsprodukte wie Werkzeuge, Elektronik, Kosmetika, Geschenke, Parf\u00fcms und Haushaltswaren, sodass eine einzige Lieferkette mehrere Branchen abdecken kann.<\/p>\n<\/div>\n\n\n\n<div class=\"wp-block-column is-layout-flow wp-block-column-is-layout-flow\">\n<figure class=\"wp-block-image size-full\"><img decoding=\"async\" width=\"1823\" height=\"1823\" src=\"https:\/\/www.yishengpack.com\/wp-content\/uploads\/2025\/11\/Wholesale-Eco-Friendly-Rigid-Packaging-Boxes-auto-Parts-Storage-Boxes-with-Custom-Logo-2.webp\" alt=\"Gro\u00dfhandel-starre-Verpackungsboxen-kundenspezifische-Autoteile-Boxen-2\" class=\"wp-image-2659\" srcset=\"https:\/\/www.yishengpack.com\/wp-content\/uploads\/2025\/11\/Wholesale-Eco-Friendly-Rigid-Packaging-Boxes-auto-Parts-Storage-Boxes-with-Custom-Logo-2.webp 1823w, https:\/\/www.yishengpack.com\/wp-content\/uploads\/2025\/11\/Wholesale-Eco-Friendly-Rigid-Packaging-Boxes-auto-Parts-Storage-Boxes-with-Custom-Logo-2-300x300.webp 300w, https:\/\/www.yishengpack.com\/wp-content\/uploads\/2025\/11\/Wholesale-Eco-Friendly-Rigid-Packaging-Boxes-auto-Parts-Storage-Boxes-with-Custom-Logo-2-150x150.webp 150w, https:\/\/www.yishengpack.com\/wp-content\/uploads\/2025\/11\/Wholesale-Eco-Friendly-Rigid-Packaging-Boxes-auto-Parts-Storage-Boxes-with-Custom-Logo-2-768x768.webp 768w, https:\/\/www.yishengpack.com\/wp-content\/uploads\/2025\/11\/Wholesale-Eco-Friendly-Rigid-Packaging-Boxes-auto-Parts-Storage-Boxes-with-Custom-Logo-2-12x12.webp 12w, https:\/\/www.yishengpack.com\/wp-content\/uploads\/2025\/11\/Wholesale-Eco-Friendly-Rigid-Packaging-Boxes-auto-Parts-Storage-Boxes-with-Custom-Logo-2-1200x1200.webp 1200w, https:\/\/www.yishengpack.com\/wp-content\/uploads\/2025\/11\/Wholesale-Eco-Friendly-Rigid-Packaging-Boxes-auto-Parts-Storage-Boxes-with-Custom-Logo-2-600x600.webp 600w, https:\/\/www.yishengpack.com\/wp-content\/uploads\/2025\/11\/Wholesale-Eco-Friendly-Rigid-Packaging-Boxes-auto-Parts-Storage-Boxes-with-Custom-Logo-2-100x100.webp 100w\" sizes=\"(max-width: 1823px) 100vw, 1823px\" \/><\/figure>\n<\/div>\n<\/div>\n\n\n\n<div class=\"wp-block-columns is-layout-flex wp-container-core-columns-is-layout-9d6595d7 wp-block-columns-is-layout-flex\">\n<div class=\"wp-block-column is-layout-flow wp-block-column-is-layout-flow\">\n<figure class=\"wp-block-image size-full\"><img decoding=\"async\" width=\"2048\" height=\"2048\" src=\"https:\/\/www.yishengpack.com\/wp-content\/uploads\/2025\/11\/Wholesale-Eco-Friendly-Rigid-Packaging-Boxes-auto-Parts-Storage-Boxes-with-Custom-Logo-6.webp\" alt=\"Gro\u00dfhandel-starre-Verpackungsboxen-kundenspezifische-Autoteile-Boxen-6\" class=\"wp-image-2663\" srcset=\"https:\/\/www.yishengpack.com\/wp-content\/uploads\/2025\/11\/Wholesale-Eco-Friendly-Rigid-Packaging-Boxes-auto-Parts-Storage-Boxes-with-Custom-Logo-6.webp 2048w, https:\/\/www.yishengpack.com\/wp-content\/uploads\/2025\/11\/Wholesale-Eco-Friendly-Rigid-Packaging-Boxes-auto-Parts-Storage-Boxes-with-Custom-Logo-6-300x300.webp 300w, https:\/\/www.yishengpack.com\/wp-content\/uploads\/2025\/11\/Wholesale-Eco-Friendly-Rigid-Packaging-Boxes-auto-Parts-Storage-Boxes-with-Custom-Logo-6-150x150.webp 150w, https:\/\/www.yishengpack.com\/wp-content\/uploads\/2025\/11\/Wholesale-Eco-Friendly-Rigid-Packaging-Boxes-auto-Parts-Storage-Boxes-with-Custom-Logo-6-768x768.webp 768w, https:\/\/www.yishengpack.com\/wp-content\/uploads\/2025\/11\/Wholesale-Eco-Friendly-Rigid-Packaging-Boxes-auto-Parts-Storage-Boxes-with-Custom-Logo-6-12x12.webp 12w, https:\/\/www.yishengpack.com\/wp-content\/uploads\/2025\/11\/Wholesale-Eco-Friendly-Rigid-Packaging-Boxes-auto-Parts-Storage-Boxes-with-Custom-Logo-6-1200x1200.webp 1200w, https:\/\/www.yishengpack.com\/wp-content\/uploads\/2025\/11\/Wholesale-Eco-Friendly-Rigid-Packaging-Boxes-auto-Parts-Storage-Boxes-with-Custom-Logo-6-600x600.webp 600w, https:\/\/www.yishengpack.com\/wp-content\/uploads\/2025\/11\/Wholesale-Eco-Friendly-Rigid-Packaging-Boxes-auto-Parts-Storage-Boxes-with-Custom-Logo-6-100x100.webp 100w\" sizes=\"(max-width: 2048px) 100vw, 2048px\" \/><\/figure>\n\n\n\n<div class=\"wp-block-buttons has-custom-font-size has-small-font-size is-content-justification-center is-layout-flex wp-container-core-buttons-is-layout-16018d1d wp-block-buttons-is-layout-flex\">\n<div class=\"wp-block-button has-custom-width wp-block-button__width-75\"><a class=\"wp-block-button__link has-background has-small-font-size has-custom-font-size wp-element-button\" href=\"https:\/\/www.yishengpack.com\/de\/custom-printed-box\/\" style=\"background:linear-gradient(135deg,rgb(254,205,165) 0%,rgb(254,45,45) 0%,rgb(94,15,15) 0%,rgb(94,15,15) 100%)\" target=\"_blank\" rel=\"noreferrer noopener\"><strong>Entdecken Sie individuell bedruckte Boxen<\/strong><\/a><\/div>\n<\/div>\n<\/div>\n\n\n\n<div class=\"wp-block-column is-layout-flow wp-block-column-is-layout-flow\">\n<figure class=\"wp-block-image size-full\"><img decoding=\"async\" width=\"2048\" height=\"2048\" src=\"https:\/\/www.yishengpack.com\/wp-content\/uploads\/2025\/11\/Wholesale-Eco-Friendly-Rigid-Packaging-Boxes-auto-Parts-Storage-Boxes-with-Custom-Logo-5.webp\" alt=\"Gro\u00dfhandel-starre-Verpackungsboxen-kundenspezifische-Autoteile-Boxen-5\" class=\"wp-image-2662\" srcset=\"https:\/\/www.yishengpack.com\/wp-content\/uploads\/2025\/11\/Wholesale-Eco-Friendly-Rigid-Packaging-Boxes-auto-Parts-Storage-Boxes-with-Custom-Logo-5.webp 2048w, https:\/\/www.yishengpack.com\/wp-content\/uploads\/2025\/11\/Wholesale-Eco-Friendly-Rigid-Packaging-Boxes-auto-Parts-Storage-Boxes-with-Custom-Logo-5-300x300.webp 300w, https:\/\/www.yishengpack.com\/wp-content\/uploads\/2025\/11\/Wholesale-Eco-Friendly-Rigid-Packaging-Boxes-auto-Parts-Storage-Boxes-with-Custom-Logo-5-150x150.webp 150w, https:\/\/www.yishengpack.com\/wp-content\/uploads\/2025\/11\/Wholesale-Eco-Friendly-Rigid-Packaging-Boxes-auto-Parts-Storage-Boxes-with-Custom-Logo-5-768x768.webp 768w, https:\/\/www.yishengpack.com\/wp-content\/uploads\/2025\/11\/Wholesale-Eco-Friendly-Rigid-Packaging-Boxes-auto-Parts-Storage-Boxes-with-Custom-Logo-5-12x12.webp 12w, https:\/\/www.yishengpack.com\/wp-content\/uploads\/2025\/11\/Wholesale-Eco-Friendly-Rigid-Packaging-Boxes-auto-Parts-Storage-Boxes-with-Custom-Logo-5-1200x1200.webp 1200w, https:\/\/www.yishengpack.com\/wp-content\/uploads\/2025\/11\/Wholesale-Eco-Friendly-Rigid-Packaging-Boxes-auto-Parts-Storage-Boxes-with-Custom-Logo-5-600x600.webp 600w, https:\/\/www.yishengpack.com\/wp-content\/uploads\/2025\/11\/Wholesale-Eco-Friendly-Rigid-Packaging-Boxes-auto-Parts-Storage-Boxes-with-Custom-Logo-5-100x100.webp 100w\" sizes=\"(max-width: 2048px) 100vw, 2048px\" \/><\/figure>\n\n\n\n<div class=\"wp-block-buttons has-custom-font-size has-small-font-size is-content-justification-center is-layout-flex wp-container-core-buttons-is-layout-16018d1d wp-block-buttons-is-layout-flex\">\n<div class=\"wp-block-button has-custom-width wp-block-button__width-75\"><a class=\"wp-block-button__link has-background has-small-font-size has-custom-font-size wp-element-button\" href=\"https:\/\/www.yishengpack.com\/de\/custom-box-inserts-accessories\/\" style=\"background:linear-gradient(135deg,rgb(254,205,165) 0%,rgb(254,45,45) 0%,rgb(94,15,15) 0%,rgb(94,15,15) 100%)\" target=\"_blank\" rel=\"noreferrer noopener\"><strong>Custom Box Inserts erforschen<\/strong><\/a><\/div>\n<\/div>\n<\/div>\n<\/div>","protected":false},"excerpt":{"rendered":"<p>Willkommen beim Kauf unserer starren Gro\u00dfhandelsverpackungsboxen zum Ordnen und Verpacken verschiedener Autozubeh\u00f6rteile wie R\u00e4der, Autopolierer, Embleme und Autopflegewerkzeuge. Mit ihrer robusten Struktur und ma\u00dfgeschneiderten F\u00e4chern oder Schutzf\u00fcllungen verbinden sie Ordnung und Schutz f\u00fcr die Lagerung und Lieferung von Autoteilen. Lassen Sie uns Ihnen helfen, Ihre individuell bedruckten Autoteile-Boxen hervorzuheben!<\/p>\n<h2>Highlights von starren Verpackungsboxen f\u00fcr den Gro\u00dfhandel<\/h2>\n<ul>\n<li>Vollst\u00e4ndige Anpassung<\/li>\n<li>Reibungsloses Design zum \u00d6ffnen des Deckels<\/li>\n<li>Anspruchsvoller Druck<\/li>\n<li>Exquisite Handwerkskunst<\/li>\n<li>Mehrere Box-Typen<\/li>\n<li>Verschiedene Farboptionen<\/li>\n<li>Einf\u00fcgeoptionen<\/li>\n<li>Flexible Mindestbestellmenge<\/li>\n<\/ul>","protected":false},"featured_media":2658,"comment_status":"closed","ping_status":"closed","template":"","meta":{"_acf_changed":false},"box-type":[59,57],"product_brand":[],"product_cat":[46,69,67,74],"product_tag":[],"class_list":{"0":"post-2654","1":"product","2":"type-product","3":"status-publish","4":"has-post-thumbnail","6":"box-type-custom-mailer-boxes","7":"box-type-custom-rigid-box-with-lid","8":"product_cat-wholesale-paper-boxes","9":"product_cat-custom-retail-boxes","10":"product_cat-custom-shipping-boxes","11":"product_cat-custom-auto-parts-boxes","13":"first","14":"instock","15":"shipping-taxable","16":"product-type-simple"},"acf":[],"_links":{"self":[{"href":"https:\/\/www.yishengpack.com\/de\/wp-json\/wp\/v2\/product\/2654","targetHints":{"allow":["GET"]}}],"collection":[{"href":"https:\/\/www.yishengpack.com\/de\/wp-json\/wp\/v2\/product"}],"about":[{"href":"https:\/\/www.yishengpack.com\/de\/wp-json\/wp\/v2\/types\/product"}],"replies":[{"embeddable":true,"href":"https:\/\/www.yishengpack.com\/de\/wp-json\/wp\/v2\/comments?post=2654"}],"wp:featuredmedia":[{"embeddable":true,"href":"https:\/\/www.yishengpack.com\/de\/wp-json\/wp\/v2\/media\/2658"}],"wp:attachment":[{"href":"https:\/\/www.yishengpack.com\/de\/wp-json\/wp\/v2\/media?parent=2654"}],"wp:term":[{"taxonomy":"box-type","embeddable":true,"href":"https:\/\/www.yishengpack.com\/de\/wp-json\/wp\/v2\/box-type?post=2654"},{"taxonomy":"product_brand","embeddable":true,"href":"https:\/\/www.yishengpack.com\/de\/wp-json\/wp\/v2\/product_brand?post=2654"},{"taxonomy":"product_cat","embeddable":true,"href":"https:\/\/www.yishengpack.com\/de\/wp-json\/wp\/v2\/product_cat?post=2654"},{"taxonomy":"product_tag","embeddable":true,"href":"https:\/\/www.yishengpack.com\/de\/wp-json\/wp\/v2\/product_tag?post=2654"}],"curies":[{"name":"wp","href":"https:\/\/api.w.org\/{rel}","templated":true}]}}