{"id":2643,"date":"2025-12-08T03:16:47","date_gmt":"2025-12-08T03:16:47","guid":{"rendered":"https:\/\/www.yishengpack.com\/?post_type=product&#038;p=2643"},"modified":"2025-12-08T03:44:54","modified_gmt":"2025-12-08T03:44:54","slug":"custom-automotive-boxes","status":"publish","type":"product","link":"https:\/\/www.yishengpack.com\/de\/produkt\/custom-automotive-boxes\/","title":{"rendered":"Ma\u00dfgeschneiderte Automobilverpackungen, starre Verkaufsverpackungen"},"content":{"rendered":"<div class=\"wp-block-columns is-layout-flex wp-container-core-columns-is-layout-9d6595d7 wp-block-columns-is-layout-flex\">\n<div class=\"wp-block-column is-layout-flow wp-block-column-is-layout-flow\">\n<h3 class=\"wp-block-heading\">Merkmale von ma\u00dfgeschneiderten Automobilboxen<\/h3>\n\n\n\n<p><strong>Unterteilte F\u00e4cherorganisation:<\/strong> Diese ma\u00dfgefertigten Kfz-Boxen nutzen den unterteilten Stauraum, um verschiedene Arten von Kfz-Artikeln wie Kupplungen, Zahnr\u00e4der und Lager separat aufzubewahren, damit sie ordentlich und unbesch\u00e4digt bleiben, und bieten gleichzeitig eine L\u00f6sung f\u00fcr die Aufbewahrung von Kfz-Artikeln.<\/p>\n\n\n\n<p><strong>Schutzpolsterung f\u00fcr die Sicherheit der Komponenten: <\/strong>Die Polsterung in den ma\u00dfgeschneiderten Automobilkartons sch\u00fctzt alle Komponenten w\u00e4hrend des Transports oder der Lagerung und bewahrt sie vor St\u00f6\u00dfen und Kratzern, die beim Versand entstehen k\u00f6nnen. Daher sind ma\u00dfgeschneiderte Automobilkartons eine ausgezeichnete Wahl f\u00fcr die Verpackung von Automobilprodukten.<\/p>\n\n\n\n<p><strong>Hochfeste starre Kartonstruktur:<\/strong> Diese ma\u00dfgefertigten Kartons f\u00fcr die Automobilindustrie werden aus Graupappe oder hochdichter Pappe hergestellt. Diese Struktur ist druckfest und verformungsbest\u00e4ndig, sodass sie sich f\u00fcr die Verpackung schwererer Produkte wie Automobilteile eignet. Dank ihrer robusten Struktur h\u00e4lt sie Transport- und Stapeldruck stand.<\/p>\n\n\n\n<p><strong>Farbcodierung f\u00fcr die Teilekategorisierung:<\/strong> Diese Einzelhandelsverpackungen sind in verschiedenen Farben erh\u00e4ltlich, darunter Grau, Blau und Rot. Diese Farben helfen bei der Kategorisierung verschiedener Arten von Autoteilen und erleichtern Werkst\u00e4tten und Marken die Bestandsverwaltung und Identifizierung.<\/p>\n\n\n\n<p><strong>Vollst\u00e4ndig anpassbar (OEM\/ODM): <\/strong>Diese Einzelhandelsverpackungsboxen im Gro\u00dfhandel unterst\u00fctzen ein individuelles Design hinsichtlich Gr\u00f6\u00dfe, Form, Struktur, Verbindungselementen und Verpackungsmethoden. Sie k\u00f6nnen entsprechend den Spezifikationen von Automobilteilen angepasst werden und bieten hochwertige Druckoptionen.<\/p>\n\n\n\n<p><strong>Gro\u00dfhandelsvorteil:<\/strong> Direktlieferung ab Werk: Diese ma\u00dfgeschneiderten Automobilboxen eignen sich f\u00fcr den Gro\u00dfhandel und die kundenspezifische Produktion. Stabile Lieferzeiten, ideal f\u00fcr OEM\/ODM-Kunden. Mehrere Kostenoptionen f\u00fcr unterschiedliche Budgets verf\u00fcgbar.<\/p>\n<\/div>\n\n\n\n<div class=\"wp-block-column is-layout-flow wp-block-column-is-layout-flow\">\n<figure class=\"wp-block-image size-full\"><img decoding=\"async\" width=\"2048\" height=\"2048\" src=\"https:\/\/www.yishengpack.com\/wp-content\/uploads\/2025\/11\/Customized-High-Quality-Auto-Parts-Boxes-Rigid-Package-Paper-Boxes-with-Lid-Wholesale-5.webp\" alt=\"Ma\u00dfgeschneiderte Automobilverpackungen \u2013 starre Verkaufsverpackungen \u2013 Lieferung 5\" class=\"wp-image-2650\" srcset=\"https:\/\/www.yishengpack.com\/wp-content\/uploads\/2025\/11\/Customized-High-Quality-Auto-Parts-Boxes-Rigid-Package-Paper-Boxes-with-Lid-Wholesale-5.webp 2048w, https:\/\/www.yishengpack.com\/wp-content\/uploads\/2025\/11\/Customized-High-Quality-Auto-Parts-Boxes-Rigid-Package-Paper-Boxes-with-Lid-Wholesale-5-300x300.webp 300w, https:\/\/www.yishengpack.com\/wp-content\/uploads\/2025\/11\/Customized-High-Quality-Auto-Parts-Boxes-Rigid-Package-Paper-Boxes-with-Lid-Wholesale-5-150x150.webp 150w, https:\/\/www.yishengpack.com\/wp-content\/uploads\/2025\/11\/Customized-High-Quality-Auto-Parts-Boxes-Rigid-Package-Paper-Boxes-with-Lid-Wholesale-5-768x768.webp 768w, https:\/\/www.yishengpack.com\/wp-content\/uploads\/2025\/11\/Customized-High-Quality-Auto-Parts-Boxes-Rigid-Package-Paper-Boxes-with-Lid-Wholesale-5-12x12.webp 12w, https:\/\/www.yishengpack.com\/wp-content\/uploads\/2025\/11\/Customized-High-Quality-Auto-Parts-Boxes-Rigid-Package-Paper-Boxes-with-Lid-Wholesale-5-1200x1200.webp 1200w, https:\/\/www.yishengpack.com\/wp-content\/uploads\/2025\/11\/Customized-High-Quality-Auto-Parts-Boxes-Rigid-Package-Paper-Boxes-with-Lid-Wholesale-5-600x600.webp 600w, https:\/\/www.yishengpack.com\/wp-content\/uploads\/2025\/11\/Customized-High-Quality-Auto-Parts-Boxes-Rigid-Package-Paper-Boxes-with-Lid-Wholesale-5-100x100.webp 100w\" sizes=\"(max-width: 2048px) 100vw, 2048px\" \/><\/figure>\n<\/div>\n<\/div>\n\n\n\n<div class=\"wp-block-columns is-layout-flex wp-container-core-columns-is-layout-9d6595d7 wp-block-columns-is-layout-flex\">\n<div class=\"wp-block-column is-layout-flow wp-block-column-is-layout-flow\">\n<figure class=\"wp-block-image size-full\"><img decoding=\"async\" width=\"2048\" height=\"2048\" src=\"https:\/\/www.yishengpack.com\/wp-content\/uploads\/2025\/11\/Customized-High-Quality-Auto-Parts-Boxes-Rigid-Package-Paper-Boxes-with-Lid-Wholesale-7.webp\" alt=\"ma\u00dfgefertigte-Kfz-Boxen-starre-Verkaufsverpackungsboxen-Lieferung-7\" class=\"wp-image-2652\" srcset=\"https:\/\/www.yishengpack.com\/wp-content\/uploads\/2025\/11\/Customized-High-Quality-Auto-Parts-Boxes-Rigid-Package-Paper-Boxes-with-Lid-Wholesale-7.webp 2048w, https:\/\/www.yishengpack.com\/wp-content\/uploads\/2025\/11\/Customized-High-Quality-Auto-Parts-Boxes-Rigid-Package-Paper-Boxes-with-Lid-Wholesale-7-300x300.webp 300w, https:\/\/www.yishengpack.com\/wp-content\/uploads\/2025\/11\/Customized-High-Quality-Auto-Parts-Boxes-Rigid-Package-Paper-Boxes-with-Lid-Wholesale-7-150x150.webp 150w, https:\/\/www.yishengpack.com\/wp-content\/uploads\/2025\/11\/Customized-High-Quality-Auto-Parts-Boxes-Rigid-Package-Paper-Boxes-with-Lid-Wholesale-7-768x768.webp 768w, https:\/\/www.yishengpack.com\/wp-content\/uploads\/2025\/11\/Customized-High-Quality-Auto-Parts-Boxes-Rigid-Package-Paper-Boxes-with-Lid-Wholesale-7-12x12.webp 12w, https:\/\/www.yishengpack.com\/wp-content\/uploads\/2025\/11\/Customized-High-Quality-Auto-Parts-Boxes-Rigid-Package-Paper-Boxes-with-Lid-Wholesale-7-1200x1200.webp 1200w, https:\/\/www.yishengpack.com\/wp-content\/uploads\/2025\/11\/Customized-High-Quality-Auto-Parts-Boxes-Rigid-Package-Paper-Boxes-with-Lid-Wholesale-7-600x600.webp 600w, https:\/\/www.yishengpack.com\/wp-content\/uploads\/2025\/11\/Customized-High-Quality-Auto-Parts-Boxes-Rigid-Package-Paper-Boxes-with-Lid-Wholesale-7-100x100.webp 100w\" sizes=\"(max-width: 2048px) 100vw, 2048px\" \/><\/figure>\n\n\n\n<div class=\"wp-block-buttons has-custom-font-size has-small-font-size is-content-justification-center is-layout-flex wp-container-core-buttons-is-layout-16018d1d wp-block-buttons-is-layout-flex\">\n<div class=\"wp-block-button has-custom-width wp-block-button__width-75\"><a class=\"wp-block-button__link has-background has-small-font-size has-custom-font-size wp-element-button\" href=\"https:\/\/www.yishengpack.com\/de\/custom-printed-box\/\" style=\"background:linear-gradient(135deg,rgb(254,205,165) 0%,rgb(254,45,45) 0%,rgb(94,15,15) 0%,rgb(94,15,15) 100%)\" target=\"_blank\" rel=\"noreferrer noopener\"><strong>Entdecken Sie individuell bedruckte Boxen<\/strong><\/a><\/div>\n<\/div>\n<\/div>\n\n\n\n<div class=\"wp-block-column is-layout-flow wp-block-column-is-layout-flow\">\n<figure class=\"wp-block-image size-full\"><img decoding=\"async\" width=\"2048\" height=\"2048\" src=\"https:\/\/www.yishengpack.com\/wp-content\/uploads\/2025\/11\/Customized-High-Quality-Auto-Parts-Boxes-Rigid-Package-Paper-Boxes-with-Lid-Wholesale-4.webp\" alt=\"Ma\u00dfgeschneiderte Automobilverpackungen \u2013 starre Verkaufsverpackungen \u2013 Lieferung 4\" class=\"wp-image-2648\" srcset=\"https:\/\/www.yishengpack.com\/wp-content\/uploads\/2025\/11\/Customized-High-Quality-Auto-Parts-Boxes-Rigid-Package-Paper-Boxes-with-Lid-Wholesale-4.webp 2048w, https:\/\/www.yishengpack.com\/wp-content\/uploads\/2025\/11\/Customized-High-Quality-Auto-Parts-Boxes-Rigid-Package-Paper-Boxes-with-Lid-Wholesale-4-300x300.webp 300w, https:\/\/www.yishengpack.com\/wp-content\/uploads\/2025\/11\/Customized-High-Quality-Auto-Parts-Boxes-Rigid-Package-Paper-Boxes-with-Lid-Wholesale-4-150x150.webp 150w, https:\/\/www.yishengpack.com\/wp-content\/uploads\/2025\/11\/Customized-High-Quality-Auto-Parts-Boxes-Rigid-Package-Paper-Boxes-with-Lid-Wholesale-4-768x768.webp 768w, https:\/\/www.yishengpack.com\/wp-content\/uploads\/2025\/11\/Customized-High-Quality-Auto-Parts-Boxes-Rigid-Package-Paper-Boxes-with-Lid-Wholesale-4-12x12.webp 12w, https:\/\/www.yishengpack.com\/wp-content\/uploads\/2025\/11\/Customized-High-Quality-Auto-Parts-Boxes-Rigid-Package-Paper-Boxes-with-Lid-Wholesale-4-1200x1200.webp 1200w, https:\/\/www.yishengpack.com\/wp-content\/uploads\/2025\/11\/Customized-High-Quality-Auto-Parts-Boxes-Rigid-Package-Paper-Boxes-with-Lid-Wholesale-4-600x600.webp 600w, https:\/\/www.yishengpack.com\/wp-content\/uploads\/2025\/11\/Customized-High-Quality-Auto-Parts-Boxes-Rigid-Package-Paper-Boxes-with-Lid-Wholesale-4-100x100.webp 100w\" sizes=\"(max-width: 2048px) 100vw, 2048px\" \/><\/figure>\n\n\n\n<div class=\"wp-block-buttons has-custom-font-size has-small-font-size is-content-justification-center is-layout-flex wp-container-core-buttons-is-layout-16018d1d wp-block-buttons-is-layout-flex\">\n<div class=\"wp-block-button has-custom-width wp-block-button__width-75\"><a class=\"wp-block-button__link has-background has-small-font-size has-custom-font-size wp-element-button\" href=\"https:\/\/www.yishengpack.com\/de\/custom-box-inserts-accessories\/\" style=\"background:linear-gradient(135deg,rgb(254,205,165) 0%,rgb(254,45,45) 0%,rgb(94,15,15) 0%,rgb(94,15,15) 100%)\" target=\"_blank\" rel=\"noreferrer noopener\"><strong>Custom Box Inserts erforschen<\/strong><\/a><\/div>\n<\/div>\n<\/div>\n<\/div>","protected":false},"excerpt":{"rendered":"<p>Willkommen beim Kauf unserer ma\u00dfgeschneiderten Automobilkartons, die sich perfekt f\u00fcr die Verpackung verschiedener Autozubeh\u00f6rteile wie Lager, Kupplungsscheiben, Zahnr\u00e4der, Schrauben und Z\u00fcndkerzen eignen. Mit ihrer robusten Struktur und sch\u00fctzenden F\u00fcllung verbinden sie Langlebigkeit und Praktikabilit\u00e4t f\u00fcr die Lagerung und Lieferung von Autoteilen. Von der Gr\u00f6\u00dfe \u00fcber die Farben bis hin zum Logo und Aufdruck sind sie vollst\u00e4ndig an Ihre Marke anpassbar.<\/p>\n<h2>Highlights von ma\u00dfgeschneiderten Automobilboxen<\/h2>\n<ul>\n<li>Stabile Struktur<\/li>\n<li>Vollst\u00e4ndige Individualisierung m\u00f6glich<\/li>\n<li>Hochwertige Materialien<\/li>\n<li>Anspruchsvoller Druck<\/li>\n<li>Exquisite Handwerkskunst<\/li>\n<li>Verschiedene Gr\u00f6\u00dfen<\/li>\n<li>Farboptionen<\/li>\n<li>Mehrere Box-Typen<\/li>\n<li>Einf\u00fcgeoptionen<\/li>\n<li>Flexible Mindestbestellmenge<\/li>\n<\/ul>","protected":false},"featured_media":2645,"comment_status":"closed","ping_status":"closed","template":"","meta":{"_acf_changed":false},"box-type":[59,57],"product_brand":[],"product_cat":[46,69,67,74],"product_tag":[],"class_list":{"0":"post-2643","1":"product","2":"type-product","3":"status-publish","4":"has-post-thumbnail","6":"box-type-custom-mailer-boxes","7":"box-type-custom-rigid-box-with-lid","8":"product_cat-wholesale-paper-boxes","9":"product_cat-custom-retail-boxes","10":"product_cat-custom-shipping-boxes","11":"product_cat-custom-auto-parts-boxes","13":"first","14":"instock","15":"shipping-taxable","16":"product-type-simple"},"acf":[],"_links":{"self":[{"href":"https:\/\/www.yishengpack.com\/de\/wp-json\/wp\/v2\/product\/2643","targetHints":{"allow":["GET"]}}],"collection":[{"href":"https:\/\/www.yishengpack.com\/de\/wp-json\/wp\/v2\/product"}],"about":[{"href":"https:\/\/www.yishengpack.com\/de\/wp-json\/wp\/v2\/types\/product"}],"replies":[{"embeddable":true,"href":"https:\/\/www.yishengpack.com\/de\/wp-json\/wp\/v2\/comments?post=2643"}],"wp:featuredmedia":[{"embeddable":true,"href":"https:\/\/www.yishengpack.com\/de\/wp-json\/wp\/v2\/media\/2645"}],"wp:attachment":[{"href":"https:\/\/www.yishengpack.com\/de\/wp-json\/wp\/v2\/media?parent=2643"}],"wp:term":[{"taxonomy":"box-type","embeddable":true,"href":"https:\/\/www.yishengpack.com\/de\/wp-json\/wp\/v2\/box-type?post=2643"},{"taxonomy":"product_brand","embeddable":true,"href":"https:\/\/www.yishengpack.com\/de\/wp-json\/wp\/v2\/product_brand?post=2643"},{"taxonomy":"product_cat","embeddable":true,"href":"https:\/\/www.yishengpack.com\/de\/wp-json\/wp\/v2\/product_cat?post=2643"},{"taxonomy":"product_tag","embeddable":true,"href":"https:\/\/www.yishengpack.com\/de\/wp-json\/wp\/v2\/product_tag?post=2643"}],"curies":[{"name":"wp","href":"https:\/\/api.w.org\/{rel}","templated":true}]}}