{"id":264,"date":"2025-01-04T07:16:32","date_gmt":"2025-01-04T07:16:32","guid":{"rendered":"https:\/\/www.yishengpack.com\/?post_type=product&#038;p=264"},"modified":"2025-12-13T04:03:26","modified_gmt":"2025-12-13T04:03:26","slug":"wholesale-paper-cake-box","status":"publish","type":"product","link":"https:\/\/www.yishengpack.com\/de\/produkt\/wholesale-paper-cake-box\/","title":{"rendered":"Gro\u00dfhandel Papier-Kuchenbox mit Sichtfenster, 4 Cupcakes"},"content":{"rendered":"<div class=\"wp-block-columns is-layout-flex wp-container-core-columns-is-layout-9d6595d7 wp-block-columns-is-layout-flex\">\n<div class=\"wp-block-column is-layout-flow wp-block-column-is-layout-flow\">\n<h3 class=\"wp-block-heading\">Eigenschaften von Gro\u00dfhandel Papier Kuchen Box<\/h3>\n\n\n\n<p><strong>Schutz der Sicherheit:<\/strong> Diese Gro\u00dfhandels-Papierkuchenboxen mit integrierter Trennwand sorgen daf\u00fcr, dass 4 Cupcakes stabil sind und nicht verrutschen, wodurch ein \u00dcberf\u00fcllen vermieden und Zusammenst\u00f6\u00dfe oder Sch\u00e4den verhindert werden.<\/p>\n\n\n\n<p><strong>Klares Fensterdesign:<\/strong> Diese Gro\u00dfhandels-Papierkuchenschachteln mit transparenten Fenstern erm\u00f6glichen es den Kunden, die k\u00f6stlichen Kuchen im Inneren deutlich zu sehen, was die visuelle Attraktivit\u00e4t erh\u00f6ht.<\/p>\n\n\n\n<p><strong>Bequem zu transportieren: <\/strong>Die Papierkuchenschachtel ist mit einem Tragegriff ausgestattet, leicht zu tragen, geeignet zum Mitnehmen und Ausliefern.<\/p>\n\n\n\n<p><strong>Geeignet f\u00fcr Gro\u00dfeinkauf: <\/strong>Der Gro\u00dfhandelspreis ist f\u00fcr die Bed\u00fcrfnisse von Unternehmen geeignet, spart Kosten und verbessert die Verpackungseffizienz.<\/p>\n\n\n\n<p><strong>Einfaches und stilvolles Erscheinungsbild:<\/strong> Die Cupcake-Schachteln aus wei\u00dfem Papier sind einfach und elegant und eignen sich f\u00fcr verschiedene Anl\u00e4sse wie Geburtstage, Hochzeiten oder Feste.<\/p>\n\n\n\n<p><strong>Vielf\u00e4ltig einsetzbar: <\/strong>Diese Gro\u00dfhandelspapierkuchenboxen sind f\u00fcr Cupcakes, Muffins, Minikuchen und andere kleine Dessertverpackungen geeignet<\/p>\n<\/div>\n\n\n\n<div class=\"wp-block-column is-layout-flow wp-block-column-is-layout-flow\">\n<figure class=\"wp-block-image size-full\"><img decoding=\"async\" width=\"800\" height=\"800\" src=\"https:\/\/www.yishengpack.com\/wp-content\/uploads\/2025\/01\/Wholesale-Paper-Cake-Box-with-Clear-Window-Handle-Insert-Holds-4-Cupcakes.webp\" alt=\"Gro\u00dfhandel Papierkuchen Box mit klarem Fenster, Griff, Einsatz h\u00e4lt 4 Cupcakes\" class=\"wp-image-273\" srcset=\"https:\/\/www.yishengpack.com\/wp-content\/uploads\/2025\/01\/Wholesale-Paper-Cake-Box-with-Clear-Window-Handle-Insert-Holds-4-Cupcakes.webp 800w, https:\/\/www.yishengpack.com\/wp-content\/uploads\/2025\/01\/Wholesale-Paper-Cake-Box-with-Clear-Window-Handle-Insert-Holds-4-Cupcakes-300x300.webp 300w, https:\/\/www.yishengpack.com\/wp-content\/uploads\/2025\/01\/Wholesale-Paper-Cake-Box-with-Clear-Window-Handle-Insert-Holds-4-Cupcakes-150x150.webp 150w, https:\/\/www.yishengpack.com\/wp-content\/uploads\/2025\/01\/Wholesale-Paper-Cake-Box-with-Clear-Window-Handle-Insert-Holds-4-Cupcakes-768x768.webp 768w, https:\/\/www.yishengpack.com\/wp-content\/uploads\/2025\/01\/Wholesale-Paper-Cake-Box-with-Clear-Window-Handle-Insert-Holds-4-Cupcakes-600x600.webp 600w, https:\/\/www.yishengpack.com\/wp-content\/uploads\/2025\/01\/Wholesale-Paper-Cake-Box-with-Clear-Window-Handle-Insert-Holds-4-Cupcakes-100x100.webp 100w\" sizes=\"(max-width: 800px) 100vw, 800px\" \/><\/figure>\n<\/div>\n<\/div>\n\n\n\n<div class=\"wp-block-columns is-layout-flex wp-container-core-columns-is-layout-9d6595d7 wp-block-columns-is-layout-flex\">\n<div class=\"wp-block-column is-layout-flow wp-block-column-is-layout-flow\">\n<figure class=\"wp-block-image size-full\"><img decoding=\"async\" width=\"800\" height=\"800\" src=\"https:\/\/www.yishengpack.com\/wp-content\/uploads\/2025\/01\/Wholesale-Paper-Cake-Box-with-Clear-Window-Handle-Insert-Holds-4-Cupcakes-1.webp\" alt=\"Gro\u00dfhandel Papierkuchen-Box mit klarem Fenster, Griff, Einsatz h\u00e4lt 4 Cupcakes (1)\" class=\"wp-image-265\" srcset=\"https:\/\/www.yishengpack.com\/wp-content\/uploads\/2025\/01\/Wholesale-Paper-Cake-Box-with-Clear-Window-Handle-Insert-Holds-4-Cupcakes-1.webp 800w, https:\/\/www.yishengpack.com\/wp-content\/uploads\/2025\/01\/Wholesale-Paper-Cake-Box-with-Clear-Window-Handle-Insert-Holds-4-Cupcakes-1-300x300.webp 300w, https:\/\/www.yishengpack.com\/wp-content\/uploads\/2025\/01\/Wholesale-Paper-Cake-Box-with-Clear-Window-Handle-Insert-Holds-4-Cupcakes-1-150x150.webp 150w, https:\/\/www.yishengpack.com\/wp-content\/uploads\/2025\/01\/Wholesale-Paper-Cake-Box-with-Clear-Window-Handle-Insert-Holds-4-Cupcakes-1-768x768.webp 768w, https:\/\/www.yishengpack.com\/wp-content\/uploads\/2025\/01\/Wholesale-Paper-Cake-Box-with-Clear-Window-Handle-Insert-Holds-4-Cupcakes-1-600x600.webp 600w, https:\/\/www.yishengpack.com\/wp-content\/uploads\/2025\/01\/Wholesale-Paper-Cake-Box-with-Clear-Window-Handle-Insert-Holds-4-Cupcakes-1-100x100.webp 100w\" sizes=\"(max-width: 800px) 100vw, 800px\" \/><\/figure>\n\n\n\n<div class=\"wp-block-buttons has-custom-font-size has-small-font-size is-content-justification-center is-layout-flex wp-container-core-buttons-is-layout-16018d1d wp-block-buttons-is-layout-flex\">\n<div class=\"wp-block-button has-custom-width wp-block-button__width-75\"><a class=\"wp-block-button__link has-background has-small-font-size has-custom-font-size wp-element-button\" href=\"https:\/\/www.yishengpack.com\/de\/custom-product-boxes-types\/\" style=\"background:linear-gradient(135deg,rgb(254,205,165) 0%,rgb(254,45,45) 0%,rgb(94,15,15) 0%,rgb(94,15,15) 100%)\" target=\"_blank\" rel=\"noreferrer noopener\"><strong>Benutzerdefinierte Box-Typen erkunden<\/strong><\/a><\/div>\n<\/div>\n<\/div>\n\n\n\n<div class=\"wp-block-column is-layout-flow wp-block-column-is-layout-flow\">\n<figure class=\"wp-block-image size-full\"><img decoding=\"async\" width=\"800\" height=\"800\" src=\"https:\/\/www.yishengpack.com\/wp-content\/uploads\/2025\/01\/Wholesale-Paper-Cake-Box-with-Clear-Window-Handle-Insert-Holds-4-Cupcakes-3.webp\" alt=\"Gro\u00dfhandel Papierkuchen-Box mit klarem Fenster, Griff, Einsatz h\u00e4lt 4 Cupcakes (3)\" class=\"wp-image-267\" srcset=\"https:\/\/www.yishengpack.com\/wp-content\/uploads\/2025\/01\/Wholesale-Paper-Cake-Box-with-Clear-Window-Handle-Insert-Holds-4-Cupcakes-3.webp 800w, https:\/\/www.yishengpack.com\/wp-content\/uploads\/2025\/01\/Wholesale-Paper-Cake-Box-with-Clear-Window-Handle-Insert-Holds-4-Cupcakes-3-300x300.webp 300w, https:\/\/www.yishengpack.com\/wp-content\/uploads\/2025\/01\/Wholesale-Paper-Cake-Box-with-Clear-Window-Handle-Insert-Holds-4-Cupcakes-3-150x150.webp 150w, https:\/\/www.yishengpack.com\/wp-content\/uploads\/2025\/01\/Wholesale-Paper-Cake-Box-with-Clear-Window-Handle-Insert-Holds-4-Cupcakes-3-768x768.webp 768w, https:\/\/www.yishengpack.com\/wp-content\/uploads\/2025\/01\/Wholesale-Paper-Cake-Box-with-Clear-Window-Handle-Insert-Holds-4-Cupcakes-3-600x600.webp 600w, https:\/\/www.yishengpack.com\/wp-content\/uploads\/2025\/01\/Wholesale-Paper-Cake-Box-with-Clear-Window-Handle-Insert-Holds-4-Cupcakes-3-100x100.webp 100w\" sizes=\"(max-width: 800px) 100vw, 800px\" \/><\/figure>\n\n\n\n<div class=\"wp-block-buttons has-custom-font-size has-small-font-size is-content-justification-center is-layout-flex wp-container-core-buttons-is-layout-16018d1d wp-block-buttons-is-layout-flex\">\n<div class=\"wp-block-button has-custom-width wp-block-button__width-75\"><a class=\"wp-block-button__link has-background has-small-font-size has-custom-font-size wp-element-button\" href=\"https:\/\/www.yishengpack.com\/de\/custom-box-inserts-accessories\/\" style=\"background:linear-gradient(135deg,rgb(254,205,165) 0%,rgb(254,45,45) 0%,rgb(94,15,15) 0%,rgb(94,15,15) 100%)\" target=\"_blank\" rel=\"noreferrer noopener\"><strong>Custom Box Inserts erforschen<\/strong><\/a><\/div>\n<\/div>\n<\/div>\n<\/div>","protected":false},"excerpt":{"rendered":"<p>Willkommen zum Kauf dieser Gro\u00dfhandels-Papierkuchenbox mit Klarsichtfenster und Griff, ideal zum Verpacken und Pr\u00e4sentieren von Cupcakes. Sie enth\u00e4lt Eins\u00e4tze, die bis zu 4 Cupcakes f\u00fcr einen sicheren Transport ohne Besch\u00e4digung festhalten. Das Klarsichtfenster bietet einen eleganten Blick auf Ihre Leckereien, w\u00e4hrend der Griff den Transport erleichtert. Ideal f\u00fcr B\u00e4ckereien, Catering und besondere Veranstaltungen.<\/p>\n<h3 id=\"block-e9a84e6d-21e6-482d-be92-f5232f1c25f8\" class=\"block-editor-rich-text__editable block-editor-block-list__block wp-block is-selected wp-block-heading rich-text is-hovered\" role=\"document\" contenteditable=\"true\" aria-multiline=\"true\" aria-readonly=\"false\" aria-label=\"Block: \u00dcberschrift\" data-block=\"e9a84e6d-21e6-482d-be92-f5232f1c25f8\" data-type=\"core\/heading\" data-title=\"Heading\" data-wp-block-attribute-key=\"content\">Gro\u00dfhandel Papierkuchen\u00a0<span style=\"box-sizing: border-box; margin: 0px; padding: 0px;\">Box<span style=\"font-size: 16px;\"> Spezifikationen<\/span><\/span><span style=\"font-size: 16px;\">:<\/span><\/h3>\n<table width=\"528\">\n<tbody>\n<tr>\n<td width=\"215\">Hersteller:<\/td>\n<td colspan=\"2\" width=\"313\">Yisheng<\/td>\n<\/tr>\n<tr>\n<td>Modell:<\/td>\n<td colspan=\"2\">Cupcake-4C<\/td>\n<\/tr>\n<tr>\n<td>Material:\u00a0<\/td>\n<td colspan=\"2\">Wei\u00dfer Karton<\/td>\n<\/tr>\n<tr>\n<td>Farbe:\u00a0<\/td>\n<td colspan=\"2\">Wei\u00df<\/td>\n<\/tr>\n<tr>\n<td>Gr\u00f6\u00dfe:\u00a0<\/td>\n<td colspan=\"2\" width=\"313\">23cm*23cm*10cm<br \/>(Inneres Raster:10cm*10cm)<\/td>\n<\/tr>\n<tr>\n<td>Gewicht:\u00a0<\/td>\n<td colspan=\"2\" width=\"313\">105g\/St\u00fcck<\/td>\n<\/tr>\n<tr>\n<td>Die Form:\u00a0<\/td>\n<td colspan=\"2\" width=\"313\">Quadratisch<\/td>\n<\/tr>\n<tr>\n<td>Verpacken:\u00a0<\/td>\n<td colspan=\"2\">Direktes Boxen<\/td>\n<\/tr>\n<tr>\n<td>MOQ:\u00a0<\/td>\n<td colspan=\"2\">100St\u00fcck<\/td>\n<\/tr>\n<tr>\n<td>OEM&amp;ODM:\u00a0<\/td>\n<td colspan=\"2\">Kundenspezifisch, Willkommen OEM&amp;ODM<\/td>\n<\/tr>\n<tr>\n<td>Muster\uff1a<\/td>\n<td colspan=\"2\">10 St\u00fcck kostenlose Probe kann angefordert werden<\/td>\n<\/tr>\n<\/tbody>\n<\/table>\n<p><script src=\"chrome-extension:\/\/fpelahbljekknahkcaegamhcndkfpfnc\/iFrame.js\" type=\"text\/javascript\"><\/script><\/p>","protected":false},"featured_media":266,"comment_status":"closed","ping_status":"closed","template":"","meta":{"_acf_changed":false},"box-type":[55,58],"product_brand":[],"product_cat":[32,46,30],"product_tag":[],"class_list":{"0":"post-264","1":"product","2":"type-product","3":"status-publish","4":"has-post-thumbnail","6":"box-type-custom-foldable-boxes","7":"box-type-custom-window-gift-box","8":"product_cat-bakery-packaging-wholesale","9":"product_cat-wholesale-paper-boxes","10":"product_cat-cake-containers-wholesale","12":"first","13":"instock","14":"shipping-taxable","15":"product-type-simple"},"acf":[],"_links":{"self":[{"href":"https:\/\/www.yishengpack.com\/de\/wp-json\/wp\/v2\/product\/264","targetHints":{"allow":["GET"]}}],"collection":[{"href":"https:\/\/www.yishengpack.com\/de\/wp-json\/wp\/v2\/product"}],"about":[{"href":"https:\/\/www.yishengpack.com\/de\/wp-json\/wp\/v2\/types\/product"}],"replies":[{"embeddable":true,"href":"https:\/\/www.yishengpack.com\/de\/wp-json\/wp\/v2\/comments?post=264"}],"wp:featuredmedia":[{"embeddable":true,"href":"https:\/\/www.yishengpack.com\/de\/wp-json\/wp\/v2\/media\/266"}],"wp:attachment":[{"href":"https:\/\/www.yishengpack.com\/de\/wp-json\/wp\/v2\/media?parent=264"}],"wp:term":[{"taxonomy":"box-type","embeddable":true,"href":"https:\/\/www.yishengpack.com\/de\/wp-json\/wp\/v2\/box-type?post=264"},{"taxonomy":"product_brand","embeddable":true,"href":"https:\/\/www.yishengpack.com\/de\/wp-json\/wp\/v2\/product_brand?post=264"},{"taxonomy":"product_cat","embeddable":true,"href":"https:\/\/www.yishengpack.com\/de\/wp-json\/wp\/v2\/product_cat?post=264"},{"taxonomy":"product_tag","embeddable":true,"href":"https:\/\/www.yishengpack.com\/de\/wp-json\/wp\/v2\/product_tag?post=264"}],"curies":[{"name":"wp","href":"https:\/\/api.w.org\/{rel}","templated":true}]}}