{"id":2619,"date":"2025-11-25T08:00:42","date_gmt":"2025-11-25T08:00:42","guid":{"rendered":"https:\/\/www.yishengpack.com\/?post_type=product&#038;p=2619"},"modified":"2025-11-25T08:00:43","modified_gmt":"2025-11-25T08:00:43","slug":"watch-gift-boxes-wholesale","status":"publish","type":"product","link":"https:\/\/www.yishengpack.com\/de\/produkt\/watch-gift-boxes-wholesale\/","title":{"rendered":"Hochwertige Uhren-Geschenkboxen im Gro\u00dfhandel, individuell bedruckte Hartkartonboxen"},"content":{"rendered":"<div class=\"wp-block-columns is-layout-flex wp-container-core-columns-is-layout-9d6595d7 wp-block-columns-is-layout-flex\">\n<div class=\"wp-block-column is-layout-flow wp-block-column-is-layout-flow\">\n<h3 class=\"wp-block-heading\">Merkmale der Uhr Geschenk-Boxen Gro\u00dfhandel<\/h3>\n\n\n\n<p><strong>Glatte \u00d6ffnung mit Scharnieren: <\/strong>Unsere Uhren-Geschenkboxen f\u00fcr den Gro\u00dfhandel verf\u00fcgen \u00fcber ein leichtg\u00e4ngiges Scharnier f\u00fcr einen einfachen Zugang zu verschiedenen Uhrentypen. Sie bieten Uhrenliebhabern ein raffiniertes Unboxing-Erlebnis und sind eine universelle L\u00f6sung f\u00fcr die Pr\u00e4sentation im Einzelhandel und die Geschenkverpackung.<\/p>\n\n\n\n<p><strong>Weiches, kissenf\u00f6rmiges Innenfutter:<\/strong> Diese Uhren-Geschenkboxen im Gro\u00dfhandel haben eine gepolsterte Kissenform, um sicherzustellen, dass alle Uhrentypen (von digital bis mechanisch) beim Versand sicher bleiben. Da die Uhr stabil bleibt, m\u00fcssen Sie sich keine Sorgen \u00fcber Kratzer oder andere Sch\u00e4den beim Versand machen.<\/p>\n\n\n\n<p><strong>Variationen von thematischen Designs:<\/strong> Diese individuell bedruckten starren Schachteln bieten viele verschiedene thematische Designvarianten (von Wolken \u00fcber Sterne bis hin zu strukturierten Wellen). Die verschiedenen Designs erh\u00f6hen die visuelle Anziehungskraft der Schachtel und erm\u00f6glichen es verschiedenen Marketingmarken, ihre unterschiedlichen Uhrenstile zu pr\u00e4sentieren und dennoch eine Verbindung zu ihrem Gesamtbild herzustellen.<\/p>\n\n\n\n<p><strong>Luxuri\u00f6se Farbauswahl:<\/strong> Diese individuell bedruckten starren Schachteln sind metallisiert, was einen guten und raffinierten visuellen Effekt erzeugt. Die vielen verf\u00fcgbaren luxuri\u00f6sen Farben (von Rot \u00fcber Orange bis Violett) verleihen der Schachtel ein zus\u00e4tzliches Ma\u00df an Luxus, das f\u00fcr ein Luxusuhrenunternehmen oder f\u00fcr Geschenkzwecke sehr geeignet ist und das Markenimage des Unternehmens st\u00e4rkt.<\/p>\n\n\n\n<p><strong>Kundenspezifisches Branding verf\u00fcgbar:<\/strong> Unsere Uhren-Geschenkboxen im Gro\u00dfhandel sind f\u00fcr kundenspezifische Logos, Farben, Gr\u00f6\u00dfen und Futtermaterialien erh\u00e4ltlich und erf\u00fcllen OEM\/ODM-Verpackungsanforderungen. Seine Premium-Look und robuste Struktur machen es ideal f\u00fcr Geschenkverpackungen, Boutique-Displays oder Premium-E-Commerce-Versand.<\/p>\n<\/div>\n\n\n\n<div class=\"wp-block-column is-layout-flow wp-block-column-is-layout-flow\">\n<figure class=\"wp-block-image size-full\"><img decoding=\"async\" width=\"2048\" height=\"2048\" src=\"https:\/\/www.yishengpack.com\/wp-content\/uploads\/2025\/11\/Custom-Luxury-High-End-Watch-Gift-Boxes-Wholesale-Rigid-Electronic-Package-Boxes-2.webp\" alt=\"Luxus-Uhren-Geschenkboxen-Gro\u00dfhandel-selbstbedruckte-Starrbox-2\" class=\"wp-image-2621\" srcset=\"https:\/\/www.yishengpack.com\/wp-content\/uploads\/2025\/11\/Custom-Luxury-High-End-Watch-Gift-Boxes-Wholesale-Rigid-Electronic-Package-Boxes-2.webp 2048w, https:\/\/www.yishengpack.com\/wp-content\/uploads\/2025\/11\/Custom-Luxury-High-End-Watch-Gift-Boxes-Wholesale-Rigid-Electronic-Package-Boxes-2-300x300.webp 300w, https:\/\/www.yishengpack.com\/wp-content\/uploads\/2025\/11\/Custom-Luxury-High-End-Watch-Gift-Boxes-Wholesale-Rigid-Electronic-Package-Boxes-2-150x150.webp 150w, https:\/\/www.yishengpack.com\/wp-content\/uploads\/2025\/11\/Custom-Luxury-High-End-Watch-Gift-Boxes-Wholesale-Rigid-Electronic-Package-Boxes-2-768x768.webp 768w, https:\/\/www.yishengpack.com\/wp-content\/uploads\/2025\/11\/Custom-Luxury-High-End-Watch-Gift-Boxes-Wholesale-Rigid-Electronic-Package-Boxes-2-12x12.webp 12w, https:\/\/www.yishengpack.com\/wp-content\/uploads\/2025\/11\/Custom-Luxury-High-End-Watch-Gift-Boxes-Wholesale-Rigid-Electronic-Package-Boxes-2-1200x1200.webp 1200w, https:\/\/www.yishengpack.com\/wp-content\/uploads\/2025\/11\/Custom-Luxury-High-End-Watch-Gift-Boxes-Wholesale-Rigid-Electronic-Package-Boxes-2-600x600.webp 600w, https:\/\/www.yishengpack.com\/wp-content\/uploads\/2025\/11\/Custom-Luxury-High-End-Watch-Gift-Boxes-Wholesale-Rigid-Electronic-Package-Boxes-2-100x100.webp 100w\" sizes=\"(max-width: 2048px) 100vw, 2048px\" \/><\/figure>\n<\/div>\n<\/div>\n\n\n\n<div class=\"wp-block-columns is-layout-flex wp-container-core-columns-is-layout-9d6595d7 wp-block-columns-is-layout-flex\">\n<div class=\"wp-block-column is-layout-flow wp-block-column-is-layout-flow\">\n<figure class=\"wp-block-image size-full\"><img decoding=\"async\" width=\"2048\" height=\"2048\" src=\"https:\/\/www.yishengpack.com\/wp-content\/uploads\/2025\/11\/Custom-Luxury-High-End-Watch-Gift-Boxes-Wholesale-Rigid-Electronic-Package-Boxes-5.webp\" alt=\"Luxus-Uhren-Geschenkboxen-Gro\u00dfhandel-bestimmte-bedruckte-rigid-box-5\" class=\"wp-image-2624\" srcset=\"https:\/\/www.yishengpack.com\/wp-content\/uploads\/2025\/11\/Custom-Luxury-High-End-Watch-Gift-Boxes-Wholesale-Rigid-Electronic-Package-Boxes-5.webp 2048w, https:\/\/www.yishengpack.com\/wp-content\/uploads\/2025\/11\/Custom-Luxury-High-End-Watch-Gift-Boxes-Wholesale-Rigid-Electronic-Package-Boxes-5-300x300.webp 300w, https:\/\/www.yishengpack.com\/wp-content\/uploads\/2025\/11\/Custom-Luxury-High-End-Watch-Gift-Boxes-Wholesale-Rigid-Electronic-Package-Boxes-5-150x150.webp 150w, https:\/\/www.yishengpack.com\/wp-content\/uploads\/2025\/11\/Custom-Luxury-High-End-Watch-Gift-Boxes-Wholesale-Rigid-Electronic-Package-Boxes-5-768x768.webp 768w, https:\/\/www.yishengpack.com\/wp-content\/uploads\/2025\/11\/Custom-Luxury-High-End-Watch-Gift-Boxes-Wholesale-Rigid-Electronic-Package-Boxes-5-12x12.webp 12w, https:\/\/www.yishengpack.com\/wp-content\/uploads\/2025\/11\/Custom-Luxury-High-End-Watch-Gift-Boxes-Wholesale-Rigid-Electronic-Package-Boxes-5-1200x1200.webp 1200w, https:\/\/www.yishengpack.com\/wp-content\/uploads\/2025\/11\/Custom-Luxury-High-End-Watch-Gift-Boxes-Wholesale-Rigid-Electronic-Package-Boxes-5-600x600.webp 600w, https:\/\/www.yishengpack.com\/wp-content\/uploads\/2025\/11\/Custom-Luxury-High-End-Watch-Gift-Boxes-Wholesale-Rigid-Electronic-Package-Boxes-5-100x100.webp 100w\" sizes=\"(max-width: 2048px) 100vw, 2048px\" \/><\/figure>\n\n\n\n<div class=\"wp-block-buttons has-custom-font-size has-small-font-size is-content-justification-center is-layout-flex wp-container-core-buttons-is-layout-16018d1d wp-block-buttons-is-layout-flex\">\n<div class=\"wp-block-button has-custom-width wp-block-button__width-75\"><a class=\"wp-block-button__link has-background has-small-font-size has-custom-font-size wp-element-button\" href=\"https:\/\/www.yishengpack.com\/de\/custom-printed-box\/\" style=\"background:linear-gradient(135deg,rgb(254,205,165) 0%,rgb(254,45,45) 0%,rgb(94,15,15) 0%,rgb(94,15,15) 100%)\" target=\"_blank\" rel=\"noreferrer noopener\"><strong>Entdecken Sie individuell bedruckte Boxen<\/strong><\/a><\/div>\n<\/div>\n<\/div>\n\n\n\n<div class=\"wp-block-column is-layout-flow wp-block-column-is-layout-flow\">\n<figure class=\"wp-block-image size-full\"><img decoding=\"async\" width=\"2048\" height=\"2048\" src=\"https:\/\/www.yishengpack.com\/wp-content\/uploads\/2025\/11\/Custom-Luxury-High-End-Watch-Gift-Boxes-Wholesale-Rigid-Electronic-Package-Boxes-7.webp\" alt=\"Luxus-Uhren-Geschenkboxen-Gro\u00dfhandel-selbstbedruckte-rigid-box-7\" class=\"wp-image-2626\" srcset=\"https:\/\/www.yishengpack.com\/wp-content\/uploads\/2025\/11\/Custom-Luxury-High-End-Watch-Gift-Boxes-Wholesale-Rigid-Electronic-Package-Boxes-7.webp 2048w, https:\/\/www.yishengpack.com\/wp-content\/uploads\/2025\/11\/Custom-Luxury-High-End-Watch-Gift-Boxes-Wholesale-Rigid-Electronic-Package-Boxes-7-300x300.webp 300w, https:\/\/www.yishengpack.com\/wp-content\/uploads\/2025\/11\/Custom-Luxury-High-End-Watch-Gift-Boxes-Wholesale-Rigid-Electronic-Package-Boxes-7-150x150.webp 150w, https:\/\/www.yishengpack.com\/wp-content\/uploads\/2025\/11\/Custom-Luxury-High-End-Watch-Gift-Boxes-Wholesale-Rigid-Electronic-Package-Boxes-7-768x768.webp 768w, https:\/\/www.yishengpack.com\/wp-content\/uploads\/2025\/11\/Custom-Luxury-High-End-Watch-Gift-Boxes-Wholesale-Rigid-Electronic-Package-Boxes-7-12x12.webp 12w, https:\/\/www.yishengpack.com\/wp-content\/uploads\/2025\/11\/Custom-Luxury-High-End-Watch-Gift-Boxes-Wholesale-Rigid-Electronic-Package-Boxes-7-1200x1200.webp 1200w, https:\/\/www.yishengpack.com\/wp-content\/uploads\/2025\/11\/Custom-Luxury-High-End-Watch-Gift-Boxes-Wholesale-Rigid-Electronic-Package-Boxes-7-600x600.webp 600w, https:\/\/www.yishengpack.com\/wp-content\/uploads\/2025\/11\/Custom-Luxury-High-End-Watch-Gift-Boxes-Wholesale-Rigid-Electronic-Package-Boxes-7-100x100.webp 100w\" sizes=\"(max-width: 2048px) 100vw, 2048px\" \/><\/figure>\n\n\n\n<div class=\"wp-block-buttons has-custom-font-size has-small-font-size is-content-justification-center is-layout-flex wp-container-core-buttons-is-layout-16018d1d wp-block-buttons-is-layout-flex\">\n<div class=\"wp-block-button has-custom-width wp-block-button__width-75\"><a class=\"wp-block-button__link has-background has-small-font-size has-custom-font-size wp-element-button\" href=\"https:\/\/www.yishengpack.com\/de\/custom-box-inserts-accessories\/\" style=\"background:linear-gradient(135deg,rgb(254,205,165) 0%,rgb(254,45,45) 0%,rgb(94,15,15) 0%,rgb(94,15,15) 100%)\" target=\"_blank\" rel=\"noreferrer noopener\"><strong>Custom Box Inserts erforschen<\/strong><\/a><\/div>\n<\/div>\n<\/div>\n<\/div>","protected":false},"excerpt":{"rendered":"<p>Willkommen beim Gro\u00dfhandelskauf unserer ma\u00dfgeschneiderten Uhrengeschenkboxen, die sich durch eine hochwertige, stabile Struktur, ein weiches Samt-Innenfutter und ein elegantes Metallic-Finish auszeichnen und sich somit ideal f\u00fcr die Verpackung von hochwertigen Uhren, als Geschenkverpackung und f\u00fcr die Pr\u00e4sentation im Einzelhandel eignen. Das anpassbare Design unterst\u00fctzt umfassende Branding-Optionen und bietet eine raffinierte und sch\u00fctzende Pr\u00e4sentation f\u00fcr jede Uhr.<\/p>\n<h2>Highlights von Uhren-Geschenkboxen im Gro\u00dfhandel<\/h2>\n<ul>\n<li>Starre Box-Konstruktion<\/li>\n<li>Personalisierte Anpassung<\/li>\n<li>Hochwertige Materialien<\/li>\n<li>Exquisite Druckkunst<\/li>\n<li>Mehrere Box-Typen<\/li>\n<li>Lebendige Farben<\/li>\n<li>Individuelle Innenausstattung<\/li>\n<li>Stabile Struktur<\/li>\n<li>Langlebig &amp; sch\u00fctzend<\/li>\n<li>OEM\/ODM-Service<\/li>\n<\/ul>","protected":false},"featured_media":2620,"comment_status":"closed","ping_status":"closed","template":"","meta":{"_acf_changed":false},"box-type":[57],"product_brand":[],"product_cat":[19,40],"product_tag":[],"class_list":{"0":"post-2619","1":"product","2":"type-product","3":"status-publish","4":"has-post-thumbnail","6":"box-type-custom-rigid-box-with-lid","7":"product_cat-luxury-gift-boxes-wholesale","8":"product_cat-custom-jewelry-boxes","10":"first","11":"instock","12":"shipping-taxable","13":"product-type-simple"},"acf":[],"_links":{"self":[{"href":"https:\/\/www.yishengpack.com\/de\/wp-json\/wp\/v2\/product\/2619","targetHints":{"allow":["GET"]}}],"collection":[{"href":"https:\/\/www.yishengpack.com\/de\/wp-json\/wp\/v2\/product"}],"about":[{"href":"https:\/\/www.yishengpack.com\/de\/wp-json\/wp\/v2\/types\/product"}],"replies":[{"embeddable":true,"href":"https:\/\/www.yishengpack.com\/de\/wp-json\/wp\/v2\/comments?post=2619"}],"wp:featuredmedia":[{"embeddable":true,"href":"https:\/\/www.yishengpack.com\/de\/wp-json\/wp\/v2\/media\/2620"}],"wp:attachment":[{"href":"https:\/\/www.yishengpack.com\/de\/wp-json\/wp\/v2\/media?parent=2619"}],"wp:term":[{"taxonomy":"box-type","embeddable":true,"href":"https:\/\/www.yishengpack.com\/de\/wp-json\/wp\/v2\/box-type?post=2619"},{"taxonomy":"product_brand","embeddable":true,"href":"https:\/\/www.yishengpack.com\/de\/wp-json\/wp\/v2\/product_brand?post=2619"},{"taxonomy":"product_cat","embeddable":true,"href":"https:\/\/www.yishengpack.com\/de\/wp-json\/wp\/v2\/product_cat?post=2619"},{"taxonomy":"product_tag","embeddable":true,"href":"https:\/\/www.yishengpack.com\/de\/wp-json\/wp\/v2\/product_tag?post=2619"}],"curies":[{"name":"wp","href":"https:\/\/api.w.org\/{rel}","templated":true}]}}