{"id":2609,"date":"2025-12-08T07:30:18","date_gmt":"2025-12-08T07:30:18","guid":{"rendered":"https:\/\/www.yishengpack.com\/?post_type=product&#038;p=2609"},"modified":"2025-12-08T07:30:19","modified_gmt":"2025-12-08T07:30:19","slug":"clothing-packaging-boxes-wholesale","status":"publish","type":"product","link":"https:\/\/www.yishengpack.com\/de\/produkt\/clothing-packaging-boxes-wholesale\/","title":{"rendered":"Gro\u00dfhandel mit Verpackungsboxen f\u00fcr Kleidung, ma\u00dfgeschneiderte Bekleidungsboxen"},"content":{"rendered":"<div class=\"wp-block-columns is-layout-flex wp-container-core-columns-is-layout-9d6595d7 wp-block-columns-is-layout-flex\">\n<div class=\"wp-block-column is-layout-flow wp-block-column-is-layout-flow\">\n<h3 class=\"wp-block-heading\">Merkmale von Bekleidungsverpackungsboxen im Gro\u00dfhandel<\/h3>\n\n\n\n<p><strong>Reibungsloses Auspacken mit Klappdeckel:<\/strong> Diese Gro\u00dfhandelsverpackungen f\u00fcr Kleidung verf\u00fcgen \u00fcber ein glattes Klappdeckel-Design, das einen einfachen Zugriff auf Artikel wie Hemden, Kleider und Schals erm\u00f6glicht. Sie sind perfekt, um Modefans ein zufriedenstellendes Auspackerlebnis zu bieten.<\/p>\n\n\n\n<p><strong>Robuste Konstruktion f\u00fcr Bekleidung: <\/strong>Diese Gro\u00dfhandelsverpackungen f\u00fcr Bekleidung sind aus hochwertigem Karton gefertigt, haben eine stabile Struktur, sind druckfest und verformungsbest\u00e4ndig und eignen sich f\u00fcr hochwertige Bekleidungsmarken.<\/p>\n\n\n\n<p><strong>Lebendige Farbauswahl:<\/strong> Die individuell bedruckte Bekleidungsbox ist in einer Vielzahl verschiedener Farben erh\u00e4ltlich, darunter Lila, Orange und Rot. Diese Farben verleihen der Verpackung einen stilvollen Look und k\u00f6nnen zur St\u00e4rkung der Marke und\/oder als Geschenkverpackung f\u00fcr Bekleidung verwendet werden.<\/p>\n\n\n\n<p><strong>Markenexklusive Anpassung:<\/strong> Diese Gro\u00dfhandelsverpackungen f\u00fcr Bekleidung unterst\u00fctzen Prozesse wie Hei\u00dfpr\u00e4gen von Logos, UV-Druck, Pr\u00e4gung, Siebdruck und Vollfarbdruck, wodurch eine starke visuelle Markenidentit\u00e4t geschaffen und der Wert der Produktverpackung gesteigert wird.<\/p>\n\n\n\n<p><strong>Verschiedene Gr\u00f6\u00dfen und Strukturen verf\u00fcgbar:<\/strong> Die individuell bedruckte Bekleidungsbox f\u00fcr verschiedene Bekleidungskategorien wie T-Shirts, Jacken, Pullover, Hosen und Unterw\u00e4sche, mit Unterst\u00fctzung f\u00fcr individuelle Gr\u00f6\u00dfen und Strukturen.<\/p>\n<\/div>\n\n\n\n<div class=\"wp-block-column is-layout-flow wp-block-column-is-layout-flow\">\n<figure class=\"wp-block-image size-full\"><img decoding=\"async\" width=\"2048\" height=\"2048\" src=\"https:\/\/www.yishengpack.com\/wp-content\/uploads\/2025\/11\/Bulk-Clothing-Package-Boxes-Wholesale-High-Quality-Rigid-Paper-Boxes-for-Skirts-Jeans-Packaging-4.webp\" alt=\"Bekleidungsverpackungen-Gro\u00dfhandel-ma\u00dfgeschneiderte-Bekleidungsboxen-4\" class=\"wp-image-2615\" srcset=\"https:\/\/www.yishengpack.com\/wp-content\/uploads\/2025\/11\/Bulk-Clothing-Package-Boxes-Wholesale-High-Quality-Rigid-Paper-Boxes-for-Skirts-Jeans-Packaging-4.webp 2048w, https:\/\/www.yishengpack.com\/wp-content\/uploads\/2025\/11\/Bulk-Clothing-Package-Boxes-Wholesale-High-Quality-Rigid-Paper-Boxes-for-Skirts-Jeans-Packaging-4-300x300.webp 300w, https:\/\/www.yishengpack.com\/wp-content\/uploads\/2025\/11\/Bulk-Clothing-Package-Boxes-Wholesale-High-Quality-Rigid-Paper-Boxes-for-Skirts-Jeans-Packaging-4-150x150.webp 150w, https:\/\/www.yishengpack.com\/wp-content\/uploads\/2025\/11\/Bulk-Clothing-Package-Boxes-Wholesale-High-Quality-Rigid-Paper-Boxes-for-Skirts-Jeans-Packaging-4-768x768.webp 768w, https:\/\/www.yishengpack.com\/wp-content\/uploads\/2025\/11\/Bulk-Clothing-Package-Boxes-Wholesale-High-Quality-Rigid-Paper-Boxes-for-Skirts-Jeans-Packaging-4-12x12.webp 12w, https:\/\/www.yishengpack.com\/wp-content\/uploads\/2025\/11\/Bulk-Clothing-Package-Boxes-Wholesale-High-Quality-Rigid-Paper-Boxes-for-Skirts-Jeans-Packaging-4-1200x1200.webp 1200w, https:\/\/www.yishengpack.com\/wp-content\/uploads\/2025\/11\/Bulk-Clothing-Package-Boxes-Wholesale-High-Quality-Rigid-Paper-Boxes-for-Skirts-Jeans-Packaging-4-600x600.webp 600w, https:\/\/www.yishengpack.com\/wp-content\/uploads\/2025\/11\/Bulk-Clothing-Package-Boxes-Wholesale-High-Quality-Rigid-Paper-Boxes-for-Skirts-Jeans-Packaging-4-100x100.webp 100w\" sizes=\"(max-width: 2048px) 100vw, 2048px\" \/><\/figure>\n<\/div>\n<\/div>\n\n\n\n<div class=\"wp-block-columns is-layout-flex wp-container-core-columns-is-layout-9d6595d7 wp-block-columns-is-layout-flex\">\n<div class=\"wp-block-column is-layout-flow wp-block-column-is-layout-flow\">\n<figure class=\"wp-block-image size-full\"><img decoding=\"async\" width=\"2048\" height=\"2048\" src=\"https:\/\/www.yishengpack.com\/wp-content\/uploads\/2025\/11\/Bulk-Clothing-Package-Boxes-Wholesale-High-Quality-Rigid-Paper-Boxes-for-Skirts-Jeans-Packaging-6.webp\" alt=\"Bekleidungsverpackungen-Gro\u00dfhandel-ma\u00dfgeschneiderte-Bekleidungsboxen-6\" class=\"wp-image-2617\" srcset=\"https:\/\/www.yishengpack.com\/wp-content\/uploads\/2025\/11\/Bulk-Clothing-Package-Boxes-Wholesale-High-Quality-Rigid-Paper-Boxes-for-Skirts-Jeans-Packaging-6.webp 2048w, https:\/\/www.yishengpack.com\/wp-content\/uploads\/2025\/11\/Bulk-Clothing-Package-Boxes-Wholesale-High-Quality-Rigid-Paper-Boxes-for-Skirts-Jeans-Packaging-6-300x300.webp 300w, https:\/\/www.yishengpack.com\/wp-content\/uploads\/2025\/11\/Bulk-Clothing-Package-Boxes-Wholesale-High-Quality-Rigid-Paper-Boxes-for-Skirts-Jeans-Packaging-6-150x150.webp 150w, https:\/\/www.yishengpack.com\/wp-content\/uploads\/2025\/11\/Bulk-Clothing-Package-Boxes-Wholesale-High-Quality-Rigid-Paper-Boxes-for-Skirts-Jeans-Packaging-6-768x768.webp 768w, https:\/\/www.yishengpack.com\/wp-content\/uploads\/2025\/11\/Bulk-Clothing-Package-Boxes-Wholesale-High-Quality-Rigid-Paper-Boxes-for-Skirts-Jeans-Packaging-6-12x12.webp 12w, https:\/\/www.yishengpack.com\/wp-content\/uploads\/2025\/11\/Bulk-Clothing-Package-Boxes-Wholesale-High-Quality-Rigid-Paper-Boxes-for-Skirts-Jeans-Packaging-6-1200x1200.webp 1200w, https:\/\/www.yishengpack.com\/wp-content\/uploads\/2025\/11\/Bulk-Clothing-Package-Boxes-Wholesale-High-Quality-Rigid-Paper-Boxes-for-Skirts-Jeans-Packaging-6-600x600.webp 600w, https:\/\/www.yishengpack.com\/wp-content\/uploads\/2025\/11\/Bulk-Clothing-Package-Boxes-Wholesale-High-Quality-Rigid-Paper-Boxes-for-Skirts-Jeans-Packaging-6-100x100.webp 100w\" sizes=\"(max-width: 2048px) 100vw, 2048px\" \/><\/figure>\n\n\n\n<div class=\"wp-block-buttons has-custom-font-size has-small-font-size is-content-justification-center is-layout-flex wp-container-core-buttons-is-layout-16018d1d wp-block-buttons-is-layout-flex\">\n<div class=\"wp-block-button has-custom-width wp-block-button__width-75\"><a class=\"wp-block-button__link has-background has-small-font-size has-custom-font-size wp-element-button\" href=\"https:\/\/www.yishengpack.com\/de\/custom-printed-box\/\" style=\"background:linear-gradient(135deg,rgb(254,205,165) 0%,rgb(254,45,45) 0%,rgb(94,15,15) 0%,rgb(94,15,15) 100%)\" target=\"_blank\" rel=\"noreferrer noopener\"><strong>Entdecken Sie individuell bedruckte Boxen<\/strong><\/a><\/div>\n<\/div>\n<\/div>\n\n\n\n<div class=\"wp-block-column is-layout-flow wp-block-column-is-layout-flow\">\n<figure class=\"wp-block-image size-full\"><img decoding=\"async\" width=\"2048\" height=\"2048\" src=\"https:\/\/www.yishengpack.com\/wp-content\/uploads\/2025\/11\/Bulk-Clothing-Package-Boxes-Wholesale-High-Quality-Rigid-Paper-Boxes-for-Skirts-Jeans-Packaging-7.webp\" alt=\"Bekleidungsverpackungen-Gro\u00dfhandel-ma\u00dfgeschneiderte-Bekleidungsboxen-7\" class=\"wp-image-2618\" srcset=\"https:\/\/www.yishengpack.com\/wp-content\/uploads\/2025\/11\/Bulk-Clothing-Package-Boxes-Wholesale-High-Quality-Rigid-Paper-Boxes-for-Skirts-Jeans-Packaging-7.webp 2048w, https:\/\/www.yishengpack.com\/wp-content\/uploads\/2025\/11\/Bulk-Clothing-Package-Boxes-Wholesale-High-Quality-Rigid-Paper-Boxes-for-Skirts-Jeans-Packaging-7-300x300.webp 300w, https:\/\/www.yishengpack.com\/wp-content\/uploads\/2025\/11\/Bulk-Clothing-Package-Boxes-Wholesale-High-Quality-Rigid-Paper-Boxes-for-Skirts-Jeans-Packaging-7-150x150.webp 150w, https:\/\/www.yishengpack.com\/wp-content\/uploads\/2025\/11\/Bulk-Clothing-Package-Boxes-Wholesale-High-Quality-Rigid-Paper-Boxes-for-Skirts-Jeans-Packaging-7-768x768.webp 768w, https:\/\/www.yishengpack.com\/wp-content\/uploads\/2025\/11\/Bulk-Clothing-Package-Boxes-Wholesale-High-Quality-Rigid-Paper-Boxes-for-Skirts-Jeans-Packaging-7-12x12.webp 12w, https:\/\/www.yishengpack.com\/wp-content\/uploads\/2025\/11\/Bulk-Clothing-Package-Boxes-Wholesale-High-Quality-Rigid-Paper-Boxes-for-Skirts-Jeans-Packaging-7-1200x1200.webp 1200w, https:\/\/www.yishengpack.com\/wp-content\/uploads\/2025\/11\/Bulk-Clothing-Package-Boxes-Wholesale-High-Quality-Rigid-Paper-Boxes-for-Skirts-Jeans-Packaging-7-600x600.webp 600w, https:\/\/www.yishengpack.com\/wp-content\/uploads\/2025\/11\/Bulk-Clothing-Package-Boxes-Wholesale-High-Quality-Rigid-Paper-Boxes-for-Skirts-Jeans-Packaging-7-100x100.webp 100w\" sizes=\"(max-width: 2048px) 100vw, 2048px\" \/><\/figure>\n\n\n\n<div class=\"wp-block-buttons has-custom-font-size has-small-font-size is-content-justification-center is-layout-flex wp-container-core-buttons-is-layout-16018d1d wp-block-buttons-is-layout-flex\">\n<div class=\"wp-block-button has-custom-width wp-block-button__width-75\"><a class=\"wp-block-button__link has-background has-small-font-size has-custom-font-size wp-element-button\" href=\"https:\/\/www.yishengpack.com\/de\/custom-product-boxes-types\/\" style=\"background:linear-gradient(135deg,rgb(254,205,165) 0%,rgb(254,45,45) 0%,rgb(94,15,15) 0%,rgb(94,15,15) 100%)\" target=\"_blank\" rel=\"noreferrer noopener\"><strong>Benutzerdefinierte Box-Typen erkunden<\/strong><\/a><\/div>\n<\/div>\n<\/div>\n<\/div>","protected":false},"excerpt":{"rendered":"<p>Willkommen beim Gro\u00dfhandelskauf unserer Bekleidungsverpackungsboxen, die sich durch hochwertige, zusammenklappbare, starre Strukturen und vollst\u00e4ndig anpassbare Druckoptionen auszeichnen. Damit kann Ihre Marke ein luxuri\u00f6ses Auspackerlebnis bieten und gleichzeitig Versand- und Lagerkosten senken. Perfekt f\u00fcr Bekleidungsmarken, die hochwertige, langlebige und vollst\u00e4ndig anpassbare Verpackungsl\u00f6sungen suchen.<\/p>\n<h2>Highlights von Bekleidungsverpackungsboxen im Gro\u00dfhandel<\/h2>\n<ul>\n<li>Hochfeste Kartonkonstruktion<\/li>\n<li>Faltbares Design<\/li>\n<li>Premium-Unboxing-Erlebnis<\/li>\n<li>Robuste Konstruktion<\/li>\n<li>Vollst\u00e4ndige Anpassung<\/li>\n<li>Sorgf\u00e4ltige Verarbeitung<\/li>\n<li>Verschiedene Boxgr\u00f6\u00dfen<\/li>\n<li>Mehrere Farboptionen<\/li>\n<\/ul>","protected":false},"featured_media":2612,"comment_status":"closed","ping_status":"closed","template":"","meta":{"_acf_changed":false},"box-type":[55],"product_brand":[],"product_cat":[19,66,46,69,67],"product_tag":[],"class_list":{"0":"post-2609","1":"product","2":"type-product","3":"status-publish","4":"has-post-thumbnail","6":"box-type-custom-foldable-boxes","7":"product_cat-luxury-gift-boxes-wholesale","8":"product_cat-custom-apparel-boxes","9":"product_cat-wholesale-paper-boxes","10":"product_cat-custom-retail-boxes","11":"product_cat-custom-shipping-boxes","13":"first","14":"instock","15":"shipping-taxable","16":"product-type-simple"},"acf":[],"_links":{"self":[{"href":"https:\/\/www.yishengpack.com\/de\/wp-json\/wp\/v2\/product\/2609","targetHints":{"allow":["GET"]}}],"collection":[{"href":"https:\/\/www.yishengpack.com\/de\/wp-json\/wp\/v2\/product"}],"about":[{"href":"https:\/\/www.yishengpack.com\/de\/wp-json\/wp\/v2\/types\/product"}],"replies":[{"embeddable":true,"href":"https:\/\/www.yishengpack.com\/de\/wp-json\/wp\/v2\/comments?post=2609"}],"wp:featuredmedia":[{"embeddable":true,"href":"https:\/\/www.yishengpack.com\/de\/wp-json\/wp\/v2\/media\/2612"}],"wp:attachment":[{"href":"https:\/\/www.yishengpack.com\/de\/wp-json\/wp\/v2\/media?parent=2609"}],"wp:term":[{"taxonomy":"box-type","embeddable":true,"href":"https:\/\/www.yishengpack.com\/de\/wp-json\/wp\/v2\/box-type?post=2609"},{"taxonomy":"product_brand","embeddable":true,"href":"https:\/\/www.yishengpack.com\/de\/wp-json\/wp\/v2\/product_brand?post=2609"},{"taxonomy":"product_cat","embeddable":true,"href":"https:\/\/www.yishengpack.com\/de\/wp-json\/wp\/v2\/product_cat?post=2609"},{"taxonomy":"product_tag","embeddable":true,"href":"https:\/\/www.yishengpack.com\/de\/wp-json\/wp\/v2\/product_tag?post=2609"}],"curies":[{"name":"wp","href":"https:\/\/api.w.org\/{rel}","templated":true}]}}