{"id":260,"date":"2025-01-04T03:42:14","date_gmt":"2025-01-04T03:42:14","guid":{"rendered":"https:\/\/www.yishengpack.com\/?post_type=product&#038;p=260"},"modified":"2025-12-13T03:53:56","modified_gmt":"2025-12-13T03:53:56","slug":"clear-cupcake-container-bulk","status":"publish","type":"product","link":"https:\/\/www.yishengpack.com\/de\/produkt\/clear-cupcake-container-bulk\/","title":{"rendered":"12 Hole Tall Clear Cupcake Container Bulk mit wei\u00dfen Eins\u00e4tzen"},"content":{"rendered":"<div class=\"wp-block-columns is-layout-flex wp-container-core-columns-is-layout-9d6595d7 wp-block-columns-is-layout-flex\">\n<div class=\"wp-block-column is-layout-flow wp-block-column-is-layout-flow\">\n<h3 class=\"wp-block-heading\">Eigenschaften von Cupcake-Container klar<\/h3>\n\n\n\n<p><strong>12 L\u00f6cher Design:<\/strong> This cupcake container wholesale holds up to 12 cupcakes or other small treats, perfect for bulk packaging or giveaways.<\/p>\n\n\n\n<p><strong>Gro\u00df und ger\u00e4umig:<\/strong> This cupcake container wholesale is designed to hold taller cupcakes with decorative toppings or multiple layers without flattening.<\/p>\n\n\n\n<p><strong>Klarer Kunststoff:<\/strong> Bietet eine klare Sicht auf Ihre Cupcakes f\u00fcr eine elegante und professionelle Pr\u00e4sentation.<\/p>\n\n\n\n<p><strong>Wei\u00dfe Eins\u00e4tze:<\/strong> Herausnehmbare wei\u00dfe Eins\u00e4tze halten die Cupcakes sicher an ihrem Platz, so dass sie stabil und unversehrt bleiben.<\/p>\n\n\n\n<p><strong>Langlebig und sch\u00fctzend:<\/strong> Die robuste Kunststoffkonstruktion sch\u00fctzt die Cupcakes vor \u00e4u\u00dferen Sch\u00e4den und sorgt daf\u00fcr, dass sie unversehrt ankommen.<\/p>\n\n\n\n<p><strong>Ideal f\u00fcr Gro\u00dfverpackungen: <\/strong>Da sie in gro\u00dfen Mengen geliefert werden, sind sie eine erschwingliche Option f\u00fcr B\u00e4ckereien, Catering oder Veranstaltungen.<\/p>\n<\/div>\n\n\n\n<div class=\"wp-block-column is-layout-flow wp-block-column-is-layout-flow\">\n<figure class=\"wp-block-image size-full\"><img decoding=\"async\" width=\"800\" height=\"800\" src=\"https:\/\/www.yishengpack.com\/wp-content\/uploads\/2025\/01\/12-Hole-Tall-Clear-Cupcake-Container-Bulk-with-White-Inserts.webp\" alt=\"12 Hole Tall Clear Cupcake Container Bulk mit wei\u00dfen Eins\u00e4tzen\" class=\"wp-image-262\" srcset=\"https:\/\/www.yishengpack.com\/wp-content\/uploads\/2025\/01\/12-Hole-Tall-Clear-Cupcake-Container-Bulk-with-White-Inserts.webp 800w, https:\/\/www.yishengpack.com\/wp-content\/uploads\/2025\/01\/12-Hole-Tall-Clear-Cupcake-Container-Bulk-with-White-Inserts-300x300.webp 300w, https:\/\/www.yishengpack.com\/wp-content\/uploads\/2025\/01\/12-Hole-Tall-Clear-Cupcake-Container-Bulk-with-White-Inserts-150x150.webp 150w, https:\/\/www.yishengpack.com\/wp-content\/uploads\/2025\/01\/12-Hole-Tall-Clear-Cupcake-Container-Bulk-with-White-Inserts-768x768.webp 768w, https:\/\/www.yishengpack.com\/wp-content\/uploads\/2025\/01\/12-Hole-Tall-Clear-Cupcake-Container-Bulk-with-White-Inserts-600x600.webp 600w, https:\/\/www.yishengpack.com\/wp-content\/uploads\/2025\/01\/12-Hole-Tall-Clear-Cupcake-Container-Bulk-with-White-Inserts-100x100.webp 100w\" sizes=\"(max-width: 800px) 100vw, 800px\" \/><\/figure>\n<\/div>\n<\/div>\n\n\n\n<div class=\"wp-block-columns is-layout-flex wp-container-core-columns-is-layout-9d6595d7 wp-block-columns-is-layout-flex\">\n<div class=\"wp-block-column is-layout-flow wp-block-column-is-layout-flow\">\n<figure class=\"wp-block-image size-full\"><img decoding=\"async\" width=\"800\" height=\"800\" src=\"https:\/\/www.yishengpack.com\/wp-content\/uploads\/2025\/01\/wholesale-clear-cupcake-boxes-fits-2-4-cupcake-or-muffin-dessert-boxes-6.webp\" alt=\"Gro\u00dfhandel-Klarsicht-Cupcake-Boxen-passt-2-4-Cupcake-oder-Muffin-Dessert-Boxen (6)\" class=\"wp-image-233\" srcset=\"https:\/\/www.yishengpack.com\/wp-content\/uploads\/2025\/01\/wholesale-clear-cupcake-boxes-fits-2-4-cupcake-or-muffin-dessert-boxes-6.webp 800w, https:\/\/www.yishengpack.com\/wp-content\/uploads\/2025\/01\/wholesale-clear-cupcake-boxes-fits-2-4-cupcake-or-muffin-dessert-boxes-6-300x300.webp 300w, https:\/\/www.yishengpack.com\/wp-content\/uploads\/2025\/01\/wholesale-clear-cupcake-boxes-fits-2-4-cupcake-or-muffin-dessert-boxes-6-150x150.webp 150w, https:\/\/www.yishengpack.com\/wp-content\/uploads\/2025\/01\/wholesale-clear-cupcake-boxes-fits-2-4-cupcake-or-muffin-dessert-boxes-6-768x768.webp 768w, https:\/\/www.yishengpack.com\/wp-content\/uploads\/2025\/01\/wholesale-clear-cupcake-boxes-fits-2-4-cupcake-or-muffin-dessert-boxes-6-600x600.webp 600w, https:\/\/www.yishengpack.com\/wp-content\/uploads\/2025\/01\/wholesale-clear-cupcake-boxes-fits-2-4-cupcake-or-muffin-dessert-boxes-6-100x100.webp 100w\" sizes=\"(max-width: 800px) 100vw, 800px\" \/><\/figure>\n\n\n\n<div class=\"wp-block-buttons has-custom-font-size has-small-font-size is-content-justification-center is-layout-flex wp-container-core-buttons-is-layout-16018d1d wp-block-buttons-is-layout-flex\">\n<div class=\"wp-block-button has-custom-width wp-block-button__width-75\"><a class=\"wp-block-button__link has-background has-small-font-size has-custom-font-size wp-element-button\" href=\"https:\/\/www.yishengpack.com\/de\/custom-product-boxes-types\/\" style=\"background:linear-gradient(135deg,rgb(254,205,165) 0%,rgb(254,45,45) 0%,rgb(94,15,15) 0%,rgb(94,15,15) 100%)\" target=\"_blank\" rel=\"noreferrer noopener\"><strong>Benutzerdefinierte Box-Typen erkunden<\/strong><\/a><\/div>\n<\/div>\n<\/div>\n\n\n\n<div class=\"wp-block-column is-layout-flow wp-block-column-is-layout-flow\">\n<figure class=\"wp-block-image size-full\"><img decoding=\"async\" width=\"800\" height=\"800\" src=\"https:\/\/www.yishengpack.com\/wp-content\/uploads\/2025\/01\/wholesale-clear-cupcake-boxes-fits-2-4-cupcake-or-muffin-dessert-boxes-5.webp\" alt=\"wholesale-clear-cupcake-boxes-fits-2-4-cupcake-or-muffin-dessert-boxes (5)\" class=\"wp-image-232\" srcset=\"https:\/\/www.yishengpack.com\/wp-content\/uploads\/2025\/01\/wholesale-clear-cupcake-boxes-fits-2-4-cupcake-or-muffin-dessert-boxes-5.webp 800w, https:\/\/www.yishengpack.com\/wp-content\/uploads\/2025\/01\/wholesale-clear-cupcake-boxes-fits-2-4-cupcake-or-muffin-dessert-boxes-5-300x300.webp 300w, https:\/\/www.yishengpack.com\/wp-content\/uploads\/2025\/01\/wholesale-clear-cupcake-boxes-fits-2-4-cupcake-or-muffin-dessert-boxes-5-150x150.webp 150w, https:\/\/www.yishengpack.com\/wp-content\/uploads\/2025\/01\/wholesale-clear-cupcake-boxes-fits-2-4-cupcake-or-muffin-dessert-boxes-5-768x768.webp 768w, https:\/\/www.yishengpack.com\/wp-content\/uploads\/2025\/01\/wholesale-clear-cupcake-boxes-fits-2-4-cupcake-or-muffin-dessert-boxes-5-600x600.webp 600w, https:\/\/www.yishengpack.com\/wp-content\/uploads\/2025\/01\/wholesale-clear-cupcake-boxes-fits-2-4-cupcake-or-muffin-dessert-boxes-5-100x100.webp 100w\" sizes=\"(max-width: 800px) 100vw, 800px\" \/><\/figure>\n\n\n\n<div class=\"wp-block-buttons has-custom-font-size has-small-font-size is-content-justification-center is-layout-flex wp-container-core-buttons-is-layout-16018d1d wp-block-buttons-is-layout-flex\">\n<div class=\"wp-block-button has-custom-width wp-block-button__width-75\"><a class=\"wp-block-button__link has-background has-small-font-size has-custom-font-size wp-element-button\" href=\"https:\/\/www.yishengpack.com\/de\/custom-box-inserts-accessories\/\" style=\"background:linear-gradient(135deg,rgb(254,205,165) 0%,rgb(254,45,45) 0%,rgb(94,15,15) 0%,rgb(94,15,15) 100%)\" target=\"_blank\" rel=\"noreferrer noopener\"><strong>Custom Box Inserts erforschen<\/strong><\/a><\/div>\n<\/div>\n<\/div>\n<\/div>","protected":false},"excerpt":{"rendered":"<p>Dieser durchsichtige Cupcake-Beh\u00e4lter f\u00fcr den Gro\u00dfhandel mit 12 L\u00f6chern ist die perfekte L\u00f6sung zum Verpacken und Pr\u00e4sentieren von Cupcakes, sowohl zum Schutz als auch zur Pr\u00e4sentation. Er besteht aus hochwertigem, haltbarem, klarem PET-Kunststoff mit wei\u00dfen Eins\u00e4tzen, die jeden Cupcake sicher an seinem Platz halten. Egal, ob Sie eine B\u00e4ckerei, einen Caterer oder eine besondere Veranstaltung veranstalten, dieser Beh\u00e4lter ist ideal f\u00fcr Gro\u00dfverpackungen und effiziente Handhabung.<\/p>\n<h2>Klarer Cupcake-Beh\u00e4lter Spezifikationen:<\/h2>\n<table width=\"528\">\n<tbody>\n<tr>\n<td width=\"215\">Hersteller:<\/td>\n<td colspan=\"2\" width=\"313\">Yisheng<\/td>\n<\/tr>\n<tr>\n<td>Modell:<\/td>\n<td colspan=\"2\">Cupcake-12+<\/td>\n<\/tr>\n<tr>\n<td>Material:\u00a0<\/td>\n<td colspan=\"2\">PET+Wei\u00dfer Karton<\/td>\n<\/tr>\n<tr>\n<td>Farbe:\u00a0<\/td>\n<td colspan=\"2\">Klar<\/td>\n<\/tr>\n<tr>\n<td>Gr\u00f6\u00dfe:\u00a0<\/td>\n<td colspan=\"2\" width=\"313\">35cm*26cm*14cm<\/td>\n<\/tr>\n<tr>\n<td>Gewicht:\u00a0<\/td>\n<td colspan=\"2\" width=\"313\">183g\/Stk<\/td>\n<\/tr>\n<tr>\n<td>Die Form:\u00a0<\/td>\n<td colspan=\"2\" width=\"313\">Rechteck\u00a0<\/td>\n<\/tr>\n<tr>\n<td>Verpacken:\u00a0<\/td>\n<td colspan=\"2\">Direktes Boxen<\/td>\n<\/tr>\n<tr>\n<td>MOQ:\u00a0<\/td>\n<td colspan=\"2\">200St\u00fcck<\/td>\n<\/tr>\n<tr>\n<td>OEM&amp;ODM:\u00a0<\/td>\n<td colspan=\"2\">Kundenspezifisch, Willkommen OEM&amp;ODM<\/td>\n<\/tr>\n<tr>\n<td>Muster\uff1a<\/td>\n<td colspan=\"2\">10 St\u00fcck kostenlose Probe kann angefordert werden<\/td>\n<\/tr>\n<\/tbody>\n<\/table>\n<p><script src=\"chrome-extension:\/\/fpelahbljekknahkcaegamhcndkfpfnc\/iFrame.js\" type=\"text\/javascript\"><\/script><\/p>","protected":false},"featured_media":245,"comment_status":"closed","ping_status":"closed","template":"","meta":{"_acf_changed":false},"box-type":[64,61],"product_brand":[],"product_cat":[32,46,30],"product_tag":[],"class_list":{"0":"post-260","1":"product","2":"type-product","3":"status-publish","4":"has-post-thumbnail","6":"box-type-custom-clear-lid-paper-boxes","7":"box-type-custom-two-piece-boxes","8":"product_cat-bakery-packaging-wholesale","9":"product_cat-wholesale-paper-boxes","10":"product_cat-cake-containers-wholesale","12":"first","13":"instock","14":"shipping-taxable","15":"product-type-simple"},"acf":[],"_links":{"self":[{"href":"https:\/\/www.yishengpack.com\/de\/wp-json\/wp\/v2\/product\/260","targetHints":{"allow":["GET"]}}],"collection":[{"href":"https:\/\/www.yishengpack.com\/de\/wp-json\/wp\/v2\/product"}],"about":[{"href":"https:\/\/www.yishengpack.com\/de\/wp-json\/wp\/v2\/types\/product"}],"replies":[{"embeddable":true,"href":"https:\/\/www.yishengpack.com\/de\/wp-json\/wp\/v2\/comments?post=260"}],"wp:featuredmedia":[{"embeddable":true,"href":"https:\/\/www.yishengpack.com\/de\/wp-json\/wp\/v2\/media\/245"}],"wp:attachment":[{"href":"https:\/\/www.yishengpack.com\/de\/wp-json\/wp\/v2\/media?parent=260"}],"wp:term":[{"taxonomy":"box-type","embeddable":true,"href":"https:\/\/www.yishengpack.com\/de\/wp-json\/wp\/v2\/box-type?post=260"},{"taxonomy":"product_brand","embeddable":true,"href":"https:\/\/www.yishengpack.com\/de\/wp-json\/wp\/v2\/product_brand?post=260"},{"taxonomy":"product_cat","embeddable":true,"href":"https:\/\/www.yishengpack.com\/de\/wp-json\/wp\/v2\/product_cat?post=260"},{"taxonomy":"product_tag","embeddable":true,"href":"https:\/\/www.yishengpack.com\/de\/wp-json\/wp\/v2\/product_tag?post=260"}],"curies":[{"name":"wp","href":"https:\/\/api.w.org\/{rel}","templated":true}]}}