{"id":2576,"date":"2025-11-14T10:12:48","date_gmt":"2025-11-14T10:12:48","guid":{"rendered":"https:\/\/www.yishengpack.com\/?post_type=product&#038;p=2576"},"modified":"2025-11-14T10:12:49","modified_gmt":"2025-11-14T10:12:49","slug":"wholesale-pizza-boxes","status":"publish","type":"product","link":"https:\/\/www.yishengpack.com\/de\/produkt\/wholesale-pizza-boxes\/","title":{"rendered":"Einweg-Pizzakartons f\u00fcr den Gro\u00dfhandel, faltbare Takeout-Box f\u00fcr den Kunden"},"content":{"rendered":"<div class=\"wp-block-columns is-layout-flex wp-container-core-columns-is-layout-9d6595d7 wp-block-columns-is-layout-flex\">\n<div class=\"wp-block-column is-layout-flow wp-block-column-is-layout-flow\">\n<h3 class=\"wp-block-heading\">Merkmale von Gro\u00dfhandel Pizza Boxen<\/h3>\n\n\n\n<p><strong>Einfacher Flip-Top-Zugang:<\/strong> Diese Pizzakartons f\u00fcr den Gro\u00dfhandel verf\u00fcgen \u00fcber ein einfaches Flip-Top-Design, das einen schnellen Zugriff auf verschiedene Pizzasorten erm\u00f6glicht und Pizzaliebhabern ein bequemes Auspackerlebnis bietet.<\/p>\n\n\n\n<p><strong>Fettresistente Konstruktion:<\/strong> Diese Gro\u00dfhandel Pizzakartons sind aus hochfestem Wellpapier oder Kraftpapier Material gefertigt. Es ist fettbest\u00e4ndig, sicher, und Geruchlosigkeit, und ideal f\u00fcr die Aufnahme von verschiedenen Gr\u00f6\u00dfen von Pizza.<\/p>\n\n\n\n<p><strong>Thematische Druckstile: <\/strong>Diese Arten von thematischen Druck Stile der benutzerdefinierten Take-out-Boxen verf\u00fcgen \u00fcber Designs, die K\u00e4se-Motive, Sternenhimmel, und nautische Drucke, die visuelles Interesse hinzuf\u00fcgen, dient sowohl als Branding Gelegenheit und eine Gelegenheit, um Aromen der Pizza zu zeigen und passen in Ihre Werbe-Thema.<\/p>\n\n\n\n<p><strong>Faltbare Struktur: <\/strong>Diese ma\u00dfgefertigte Takeout-Box besteht aus scheinbar verdicktem Karton, was bedeutet, dass sie dem Druck standh\u00e4lt und sich beim Tragen nicht so leicht verformt. Auch die einfache falten flachen Stil schafft Effizienz in Restaurant Takeout Verpackung Vorbereitung und reduziert die Kosten f\u00fcr die Lagerung und Transport Raum.<\/p>\n\n\n\n<p><strong>Vollst\u00e4ndig anpassbar f\u00fcr Pizzerien:<\/strong> Die Pizzakartons f\u00fcr den Gro\u00dfhandel lassen sich vollst\u00e4ndig individuell gestalten, von der Gr\u00f6\u00dfe \u00fcber Farben und Muster bis hin zum Logodruck. Hochaufl\u00f6sender Druck und verschiedene Oberfl\u00e4chenbehandlungen verbessern das Markenimage und machen den Imbiss erkennbarer und professioneller, um den einzigartigen Branding-Bed\u00fcrfnissen von Pizzabetrieben gerecht zu werden.<\/p>\n<\/div>\n\n\n\n<div class=\"wp-block-column is-layout-flow wp-block-column-is-layout-flow\">\n<figure class=\"wp-block-image size-full\"><img decoding=\"async\" width=\"2048\" height=\"2048\" src=\"https:\/\/www.yishengpack.com\/wp-content\/uploads\/2025\/11\/Customized-Disposable-Pizza-boxes-Wholesale-Folding-Take-Out-Boxes-with-Print-Pattern-2.webp\" alt=\"Einweg-Gro\u00dfhandel-Pizzakartons-Falt-Takeout-Box-custom-2\" class=\"wp-image-2578\" srcset=\"https:\/\/www.yishengpack.com\/wp-content\/uploads\/2025\/11\/Customized-Disposable-Pizza-boxes-Wholesale-Folding-Take-Out-Boxes-with-Print-Pattern-2.webp 2048w, https:\/\/www.yishengpack.com\/wp-content\/uploads\/2025\/11\/Customized-Disposable-Pizza-boxes-Wholesale-Folding-Take-Out-Boxes-with-Print-Pattern-2-300x300.webp 300w, https:\/\/www.yishengpack.com\/wp-content\/uploads\/2025\/11\/Customized-Disposable-Pizza-boxes-Wholesale-Folding-Take-Out-Boxes-with-Print-Pattern-2-150x150.webp 150w, https:\/\/www.yishengpack.com\/wp-content\/uploads\/2025\/11\/Customized-Disposable-Pizza-boxes-Wholesale-Folding-Take-Out-Boxes-with-Print-Pattern-2-768x768.webp 768w, https:\/\/www.yishengpack.com\/wp-content\/uploads\/2025\/11\/Customized-Disposable-Pizza-boxes-Wholesale-Folding-Take-Out-Boxes-with-Print-Pattern-2-12x12.webp 12w, https:\/\/www.yishengpack.com\/wp-content\/uploads\/2025\/11\/Customized-Disposable-Pizza-boxes-Wholesale-Folding-Take-Out-Boxes-with-Print-Pattern-2-1200x1200.webp 1200w, https:\/\/www.yishengpack.com\/wp-content\/uploads\/2025\/11\/Customized-Disposable-Pizza-boxes-Wholesale-Folding-Take-Out-Boxes-with-Print-Pattern-2-600x600.webp 600w, https:\/\/www.yishengpack.com\/wp-content\/uploads\/2025\/11\/Customized-Disposable-Pizza-boxes-Wholesale-Folding-Take-Out-Boxes-with-Print-Pattern-2-100x100.webp 100w\" sizes=\"(max-width: 2048px) 100vw, 2048px\" \/><\/figure>\n<\/div>\n<\/div>\n\n\n\n<div class=\"wp-block-columns is-layout-flex wp-container-core-columns-is-layout-9d6595d7 wp-block-columns-is-layout-flex\">\n<div class=\"wp-block-column is-layout-flow wp-block-column-is-layout-flow\">\n<figure class=\"wp-block-image size-full\"><img decoding=\"async\" width=\"2048\" height=\"2048\" src=\"https:\/\/www.yishengpack.com\/wp-content\/uploads\/2025\/11\/Customized-Disposable-Pizza-boxes-Wholesale-Folding-Take-Out-Boxes-with-Print-Pattern-3.webp\" alt=\"Einweg-Gro\u00dfhandel-Pizzakartons-Falt-Takeout-Box-3\" class=\"wp-image-2579\" srcset=\"https:\/\/www.yishengpack.com\/wp-content\/uploads\/2025\/11\/Customized-Disposable-Pizza-boxes-Wholesale-Folding-Take-Out-Boxes-with-Print-Pattern-3.webp 2048w, https:\/\/www.yishengpack.com\/wp-content\/uploads\/2025\/11\/Customized-Disposable-Pizza-boxes-Wholesale-Folding-Take-Out-Boxes-with-Print-Pattern-3-300x300.webp 300w, https:\/\/www.yishengpack.com\/wp-content\/uploads\/2025\/11\/Customized-Disposable-Pizza-boxes-Wholesale-Folding-Take-Out-Boxes-with-Print-Pattern-3-150x150.webp 150w, https:\/\/www.yishengpack.com\/wp-content\/uploads\/2025\/11\/Customized-Disposable-Pizza-boxes-Wholesale-Folding-Take-Out-Boxes-with-Print-Pattern-3-768x768.webp 768w, https:\/\/www.yishengpack.com\/wp-content\/uploads\/2025\/11\/Customized-Disposable-Pizza-boxes-Wholesale-Folding-Take-Out-Boxes-with-Print-Pattern-3-12x12.webp 12w, https:\/\/www.yishengpack.com\/wp-content\/uploads\/2025\/11\/Customized-Disposable-Pizza-boxes-Wholesale-Folding-Take-Out-Boxes-with-Print-Pattern-3-1200x1200.webp 1200w, https:\/\/www.yishengpack.com\/wp-content\/uploads\/2025\/11\/Customized-Disposable-Pizza-boxes-Wholesale-Folding-Take-Out-Boxes-with-Print-Pattern-3-600x600.webp 600w, https:\/\/www.yishengpack.com\/wp-content\/uploads\/2025\/11\/Customized-Disposable-Pizza-boxes-Wholesale-Folding-Take-Out-Boxes-with-Print-Pattern-3-100x100.webp 100w\" sizes=\"(max-width: 2048px) 100vw, 2048px\" \/><\/figure>\n\n\n\n<div class=\"wp-block-buttons has-custom-font-size has-small-font-size is-content-justification-center is-layout-flex wp-container-core-buttons-is-layout-16018d1d wp-block-buttons-is-layout-flex\">\n<div class=\"wp-block-button has-custom-width wp-block-button__width-75\"><a class=\"wp-block-button__link has-background has-small-font-size has-custom-font-size wp-element-button\" href=\"https:\/\/www.yishengpack.com\/de\/custom-printed-box\/\" style=\"background:linear-gradient(135deg,rgb(254,205,165) 0%,rgb(254,45,45) 0%,rgb(94,15,15) 0%,rgb(94,15,15) 100%)\" target=\"_blank\" rel=\"noreferrer noopener\"><strong>Entdecken Sie individuell bedruckte Boxen<\/strong><\/a><\/div>\n<\/div>\n<\/div>\n\n\n\n<div class=\"wp-block-column is-layout-flow wp-block-column-is-layout-flow\">\n<figure class=\"wp-block-image size-full\"><img decoding=\"async\" width=\"2048\" height=\"2048\" src=\"https:\/\/www.yishengpack.com\/wp-content\/uploads\/2025\/11\/Customized-Disposable-Pizza-boxes-Wholesale-Folding-Take-Out-Boxes-with-Print-Pattern-6.webp\" alt=\"Einweg-Gro\u00dfhandel-Pizzakartons-Falt-Takeout-Box-6\" class=\"wp-image-2582\" srcset=\"https:\/\/www.yishengpack.com\/wp-content\/uploads\/2025\/11\/Customized-Disposable-Pizza-boxes-Wholesale-Folding-Take-Out-Boxes-with-Print-Pattern-6.webp 2048w, https:\/\/www.yishengpack.com\/wp-content\/uploads\/2025\/11\/Customized-Disposable-Pizza-boxes-Wholesale-Folding-Take-Out-Boxes-with-Print-Pattern-6-300x300.webp 300w, https:\/\/www.yishengpack.com\/wp-content\/uploads\/2025\/11\/Customized-Disposable-Pizza-boxes-Wholesale-Folding-Take-Out-Boxes-with-Print-Pattern-6-150x150.webp 150w, https:\/\/www.yishengpack.com\/wp-content\/uploads\/2025\/11\/Customized-Disposable-Pizza-boxes-Wholesale-Folding-Take-Out-Boxes-with-Print-Pattern-6-768x768.webp 768w, https:\/\/www.yishengpack.com\/wp-content\/uploads\/2025\/11\/Customized-Disposable-Pizza-boxes-Wholesale-Folding-Take-Out-Boxes-with-Print-Pattern-6-12x12.webp 12w, https:\/\/www.yishengpack.com\/wp-content\/uploads\/2025\/11\/Customized-Disposable-Pizza-boxes-Wholesale-Folding-Take-Out-Boxes-with-Print-Pattern-6-1200x1200.webp 1200w, https:\/\/www.yishengpack.com\/wp-content\/uploads\/2025\/11\/Customized-Disposable-Pizza-boxes-Wholesale-Folding-Take-Out-Boxes-with-Print-Pattern-6-600x600.webp 600w, https:\/\/www.yishengpack.com\/wp-content\/uploads\/2025\/11\/Customized-Disposable-Pizza-boxes-Wholesale-Folding-Take-Out-Boxes-with-Print-Pattern-6-100x100.webp 100w\" sizes=\"(max-width: 2048px) 100vw, 2048px\" \/><\/figure>\n\n\n\n<div class=\"wp-block-buttons has-custom-font-size has-small-font-size is-content-justification-center is-layout-flex wp-container-core-buttons-is-layout-16018d1d wp-block-buttons-is-layout-flex\">\n<div class=\"wp-block-button has-custom-width wp-block-button__width-75\"><a class=\"wp-block-button__link has-background has-small-font-size has-custom-font-size wp-element-button\" href=\"https:\/\/www.yishengpack.com\/de\/custom-product-boxes-types\/\" style=\"background:linear-gradient(135deg,rgb(254,205,165) 0%,rgb(254,45,45) 0%,rgb(94,15,15) 0%,rgb(94,15,15) 100%)\" target=\"_blank\" rel=\"noreferrer noopener\"><strong>Benutzerdefinierte Box-Typen erkunden<\/strong><\/a><\/div>\n<\/div>\n<\/div>\n<\/div>","protected":false},"excerpt":{"rendered":"<p>Unsere Einweg-Pizzakartons f\u00fcr den Gro\u00dfhandel sind aus haltbaren, lebensmittelechten Materialien hergestellt und bieten eine starke Struktur, W\u00e4rmehaltung und ein leicht faltbares Design. Sie sind in verschiedenen Gr\u00f6\u00dfen erh\u00e4ltlich und k\u00f6nnen individuell bedruckt werden. Sie eignen sich perfekt f\u00fcr Pizzerien, Restaurants und Imbissbuden, die eine umweltfreundliche und vorzeigbare Verpackung suchen.<\/p>\n<h2>Highlights des Gro\u00dfhandels Pizzakartons<\/h2>\n<ul>\n<li>Vollst\u00e4ndige Anpassung<\/li>\n<li>Wasserfeste Materialien<\/li>\n<li>Anspruchsvoller Druck<\/li>\n<li>Sorgf\u00e4ltige Verarbeitung<\/li>\n<li>Mehrere Boxgr\u00f6\u00dfen<\/li>\n<li>Verschiedene Farboptionen<\/li>\n<li>Faltbares Design<\/li>\n<li>Sch\u00fctzend und bequem<\/li>\n<\/ul>","protected":false},"featured_media":2577,"comment_status":"closed","ping_status":"closed","template":"","meta":{"_acf_changed":false},"box-type":[55],"product_brand":[],"product_cat":[46,33,71,45],"product_tag":[],"class_list":{"0":"post-2576","1":"product","2":"type-product","3":"status-publish","4":"has-post-thumbnail","6":"box-type-custom-foldable-boxes","7":"product_cat-wholesale-paper-boxes","8":"product_cat-food-packaging-boxes-wholesale","9":"product_cat-custom-takeout-boxes","10":"product_cat-bulk-disposable-food-containers","12":"first","13":"instock","14":"shipping-taxable","15":"product-type-simple"},"acf":[],"_links":{"self":[{"href":"https:\/\/www.yishengpack.com\/de\/wp-json\/wp\/v2\/product\/2576","targetHints":{"allow":["GET"]}}],"collection":[{"href":"https:\/\/www.yishengpack.com\/de\/wp-json\/wp\/v2\/product"}],"about":[{"href":"https:\/\/www.yishengpack.com\/de\/wp-json\/wp\/v2\/types\/product"}],"replies":[{"embeddable":true,"href":"https:\/\/www.yishengpack.com\/de\/wp-json\/wp\/v2\/comments?post=2576"}],"wp:featuredmedia":[{"embeddable":true,"href":"https:\/\/www.yishengpack.com\/de\/wp-json\/wp\/v2\/media\/2577"}],"wp:attachment":[{"href":"https:\/\/www.yishengpack.com\/de\/wp-json\/wp\/v2\/media?parent=2576"}],"wp:term":[{"taxonomy":"box-type","embeddable":true,"href":"https:\/\/www.yishengpack.com\/de\/wp-json\/wp\/v2\/box-type?post=2576"},{"taxonomy":"product_brand","embeddable":true,"href":"https:\/\/www.yishengpack.com\/de\/wp-json\/wp\/v2\/product_brand?post=2576"},{"taxonomy":"product_cat","embeddable":true,"href":"https:\/\/www.yishengpack.com\/de\/wp-json\/wp\/v2\/product_cat?post=2576"},{"taxonomy":"product_tag","embeddable":true,"href":"https:\/\/www.yishengpack.com\/de\/wp-json\/wp\/v2\/product_tag?post=2576"}],"curies":[{"name":"wp","href":"https:\/\/api.w.org\/{rel}","templated":true}]}}