{"id":2546,"date":"2025-11-14T06:32:49","date_gmt":"2025-11-14T06:32:49","guid":{"rendered":"https:\/\/www.yishengpack.com\/?post_type=product&#038;p=2546"},"modified":"2025-11-14T06:32:50","modified_gmt":"2025-11-14T06:32:50","slug":"custom-printed-mailer-boxes","status":"publish","type":"product","link":"https:\/\/www.yishengpack.com\/de\/produkt\/custom-printed-mailer-boxes\/","title":{"rendered":"Individuell bedruckte Versandkartons, Massenversandkartons f\u00fcr Kleidung"},"content":{"rendered":"<div class=\"wp-block-columns is-layout-flex wp-container-core-columns-is-layout-9d6595d7 wp-block-columns-is-layout-flex\">\n<div class=\"wp-block-column is-layout-flow wp-block-column-is-layout-flow\">\n<h3 class=\"wp-block-heading\">Features of Custom Printed Mailer Boxes<\/h3>\n\n\n\n<p><strong>Smooth Flip-Top Opening:<\/strong> These custom printed mailer boxes come with a smooth flip-top opening so that you can delight in an unboxing experience with easy access to your items, including daily products, clothing, and shoes.<\/p>\n\n\n\n<p><strong>Sturdy Rigid Build: <\/strong>These custom printed mailer boxes are crafted from sturdy, rigid material. Thick, hard-sided boxes effectively protect shirts, jackets, sweaters, and other garments, maintaining their shape during transport.<\/p>\n\n\n\n<p><strong>High-end textured design: <\/strong>These custom printed mailer boxes come with a matte, glossy, lamination, hot stamping, UV coating, embossing, or a combination that elevates your brand image with design. These designs not only elevate the visual appearance but are a great option for brand awareness and visually demonstrate what is being shipped inside the packaging boxes.<\/p>\n\n\n\n<p><strong>Small batch and large batch customization:<\/strong> These bulk shipping boxes support flexible MOQ customization to meet the needs of small and medium-sized brands and large enterprises. Suitable for e-commerce shipping, gift box packaging, subscription boxes, cosmetics, food, cultural and creative products, etc.<\/p>\n<\/div>\n\n\n\n<div class=\"wp-block-column is-layout-flow wp-block-column-is-layout-flow\">\n<figure class=\"wp-block-image size-full\"><img decoding=\"async\" width=\"2048\" height=\"2048\" src=\"https:\/\/www.yishengpack.com\/wp-content\/uploads\/2025\/11\/Bulk-Rigid-Shipping-Boxes-Wholesale-Mailer-Boxes-with-Custom-Logo-Printing-Design-4.webp\" alt=\"custom-printed-mailer-boxes-bulk-shipping-boxes-for-clothing-4\" class=\"wp-image-2550\" srcset=\"https:\/\/www.yishengpack.com\/wp-content\/uploads\/2025\/11\/Bulk-Rigid-Shipping-Boxes-Wholesale-Mailer-Boxes-with-Custom-Logo-Printing-Design-4.webp 2048w, https:\/\/www.yishengpack.com\/wp-content\/uploads\/2025\/11\/Bulk-Rigid-Shipping-Boxes-Wholesale-Mailer-Boxes-with-Custom-Logo-Printing-Design-4-300x300.webp 300w, https:\/\/www.yishengpack.com\/wp-content\/uploads\/2025\/11\/Bulk-Rigid-Shipping-Boxes-Wholesale-Mailer-Boxes-with-Custom-Logo-Printing-Design-4-150x150.webp 150w, https:\/\/www.yishengpack.com\/wp-content\/uploads\/2025\/11\/Bulk-Rigid-Shipping-Boxes-Wholesale-Mailer-Boxes-with-Custom-Logo-Printing-Design-4-768x768.webp 768w, https:\/\/www.yishengpack.com\/wp-content\/uploads\/2025\/11\/Bulk-Rigid-Shipping-Boxes-Wholesale-Mailer-Boxes-with-Custom-Logo-Printing-Design-4-12x12.webp 12w, https:\/\/www.yishengpack.com\/wp-content\/uploads\/2025\/11\/Bulk-Rigid-Shipping-Boxes-Wholesale-Mailer-Boxes-with-Custom-Logo-Printing-Design-4-1200x1200.webp 1200w, https:\/\/www.yishengpack.com\/wp-content\/uploads\/2025\/11\/Bulk-Rigid-Shipping-Boxes-Wholesale-Mailer-Boxes-with-Custom-Logo-Printing-Design-4-600x600.webp 600w, https:\/\/www.yishengpack.com\/wp-content\/uploads\/2025\/11\/Bulk-Rigid-Shipping-Boxes-Wholesale-Mailer-Boxes-with-Custom-Logo-Printing-Design-4-100x100.webp 100w\" sizes=\"(max-width: 2048px) 100vw, 2048px\" \/><\/figure>\n<\/div>\n<\/div>\n\n\n\n<div class=\"wp-block-columns is-layout-flex wp-container-core-columns-is-layout-9d6595d7 wp-block-columns-is-layout-flex\">\n<div class=\"wp-block-column is-layout-flow wp-block-column-is-layout-flow\">\n<figure class=\"wp-block-image size-full\"><img decoding=\"async\" width=\"2048\" height=\"2048\" src=\"https:\/\/www.yishengpack.com\/wp-content\/uploads\/2025\/11\/Bulk-Rigid-Shipping-Boxes-Wholesale-Mailer-Boxes-with-Custom-Logo-Printing-Design-2.webp\" alt=\"custom-printed-mailer-boxes-bulk-shipping-boxes-for-clothing-2\" class=\"wp-image-2548\" srcset=\"https:\/\/www.yishengpack.com\/wp-content\/uploads\/2025\/11\/Bulk-Rigid-Shipping-Boxes-Wholesale-Mailer-Boxes-with-Custom-Logo-Printing-Design-2.webp 2048w, https:\/\/www.yishengpack.com\/wp-content\/uploads\/2025\/11\/Bulk-Rigid-Shipping-Boxes-Wholesale-Mailer-Boxes-with-Custom-Logo-Printing-Design-2-300x300.webp 300w, https:\/\/www.yishengpack.com\/wp-content\/uploads\/2025\/11\/Bulk-Rigid-Shipping-Boxes-Wholesale-Mailer-Boxes-with-Custom-Logo-Printing-Design-2-150x150.webp 150w, https:\/\/www.yishengpack.com\/wp-content\/uploads\/2025\/11\/Bulk-Rigid-Shipping-Boxes-Wholesale-Mailer-Boxes-with-Custom-Logo-Printing-Design-2-768x768.webp 768w, https:\/\/www.yishengpack.com\/wp-content\/uploads\/2025\/11\/Bulk-Rigid-Shipping-Boxes-Wholesale-Mailer-Boxes-with-Custom-Logo-Printing-Design-2-12x12.webp 12w, https:\/\/www.yishengpack.com\/wp-content\/uploads\/2025\/11\/Bulk-Rigid-Shipping-Boxes-Wholesale-Mailer-Boxes-with-Custom-Logo-Printing-Design-2-1200x1200.webp 1200w, https:\/\/www.yishengpack.com\/wp-content\/uploads\/2025\/11\/Bulk-Rigid-Shipping-Boxes-Wholesale-Mailer-Boxes-with-Custom-Logo-Printing-Design-2-600x600.webp 600w, https:\/\/www.yishengpack.com\/wp-content\/uploads\/2025\/11\/Bulk-Rigid-Shipping-Boxes-Wholesale-Mailer-Boxes-with-Custom-Logo-Printing-Design-2-100x100.webp 100w\" sizes=\"(max-width: 2048px) 100vw, 2048px\" \/><\/figure>\n\n\n\n<div class=\"wp-block-buttons has-custom-font-size has-small-font-size is-content-justification-center is-layout-flex wp-container-core-buttons-is-layout-16018d1d wp-block-buttons-is-layout-flex\">\n<div class=\"wp-block-button has-custom-width wp-block-button__width-75\"><a class=\"wp-block-button__link has-background has-small-font-size has-custom-font-size wp-element-button\" href=\"https:\/\/www.yishengpack.com\/de\/custom-printed-box\/\" style=\"background:linear-gradient(135deg,rgb(254,205,165) 0%,rgb(254,45,45) 0%,rgb(94,15,15) 0%,rgb(94,15,15) 100%)\" target=\"_blank\" rel=\"noreferrer noopener\"><strong>Entdecken Sie individuell bedruckte Boxen<\/strong><\/a><\/div>\n<\/div>\n<\/div>\n\n\n\n<div class=\"wp-block-column is-layout-flow wp-block-column-is-layout-flow\">\n<figure class=\"wp-block-image size-full\"><img decoding=\"async\" width=\"2048\" height=\"2048\" src=\"https:\/\/www.yishengpack.com\/wp-content\/uploads\/2025\/11\/Bulk-Rigid-Shipping-Boxes-Wholesale-Mailer-Boxes-with-Custom-Logo-Printing-Design-7.webp\" alt=\"custom-printed-mailer-boxes-bulk-shipping-boxes-for-clothing-7\" class=\"wp-image-2553\" srcset=\"https:\/\/www.yishengpack.com\/wp-content\/uploads\/2025\/11\/Bulk-Rigid-Shipping-Boxes-Wholesale-Mailer-Boxes-with-Custom-Logo-Printing-Design-7.webp 2048w, https:\/\/www.yishengpack.com\/wp-content\/uploads\/2025\/11\/Bulk-Rigid-Shipping-Boxes-Wholesale-Mailer-Boxes-with-Custom-Logo-Printing-Design-7-300x300.webp 300w, https:\/\/www.yishengpack.com\/wp-content\/uploads\/2025\/11\/Bulk-Rigid-Shipping-Boxes-Wholesale-Mailer-Boxes-with-Custom-Logo-Printing-Design-7-150x150.webp 150w, https:\/\/www.yishengpack.com\/wp-content\/uploads\/2025\/11\/Bulk-Rigid-Shipping-Boxes-Wholesale-Mailer-Boxes-with-Custom-Logo-Printing-Design-7-768x768.webp 768w, https:\/\/www.yishengpack.com\/wp-content\/uploads\/2025\/11\/Bulk-Rigid-Shipping-Boxes-Wholesale-Mailer-Boxes-with-Custom-Logo-Printing-Design-7-12x12.webp 12w, https:\/\/www.yishengpack.com\/wp-content\/uploads\/2025\/11\/Bulk-Rigid-Shipping-Boxes-Wholesale-Mailer-Boxes-with-Custom-Logo-Printing-Design-7-1200x1200.webp 1200w, https:\/\/www.yishengpack.com\/wp-content\/uploads\/2025\/11\/Bulk-Rigid-Shipping-Boxes-Wholesale-Mailer-Boxes-with-Custom-Logo-Printing-Design-7-600x600.webp 600w, https:\/\/www.yishengpack.com\/wp-content\/uploads\/2025\/11\/Bulk-Rigid-Shipping-Boxes-Wholesale-Mailer-Boxes-with-Custom-Logo-Printing-Design-7-100x100.webp 100w\" sizes=\"(max-width: 2048px) 100vw, 2048px\" \/><\/figure>\n\n\n\n<div class=\"wp-block-buttons has-custom-font-size has-small-font-size is-content-justification-center is-layout-flex wp-container-core-buttons-is-layout-16018d1d wp-block-buttons-is-layout-flex\">\n<div class=\"wp-block-button has-custom-width wp-block-button__width-75\"><a class=\"wp-block-button__link has-background has-small-font-size has-custom-font-size wp-element-button\" href=\"https:\/\/www.yishengpack.com\/de\/custom-product-boxes-types\/\" style=\"background:linear-gradient(135deg,rgb(254,205,165) 0%,rgb(254,45,45) 0%,rgb(94,15,15) 0%,rgb(94,15,15) 100%)\" target=\"_blank\" rel=\"noreferrer noopener\"><strong>Benutzerdefinierte Box-Typen erkunden<\/strong><\/a><\/div>\n<\/div>\n<\/div>\n<\/div>","protected":false},"excerpt":{"rendered":"<p>Willkommen beim Kauf unserer individuell bedruckten Versandkartons. Diese stabilen Versandkartons mit ihrer robusten Struktur und ihrem schlanken Design bieten Schutz und Vielseitigkeit und eignen sich perfekt f\u00fcr die Verpackung von Dingen des t\u00e4glichen Bedarfs, Schuhen, Kleidung und mehr. Sie k\u00f6nnen in voller Gr\u00f6\u00dfe und mit individuellem Logo bedruckt werden und bieten ein exquisites Aussehen und starken Schutz, was sie zur bevorzugten L\u00f6sung f\u00fcr die Verpackung und den Transport von hochwertiger Markenbekleidung macht.<\/p>\n<h2>H\u00f6hepunkte der individuell bedruckten Mailer Boxen<\/h2>\n<ul>\n<li>Vollst\u00e4ndige Anpassung<\/li>\n<li>Wasserfeste Materialien<\/li>\n<li>Zahlreiche Druckverfahren<\/li>\n<li>Mehrere Box-Typen<\/li>\n<li>Reichhaltige Farbvielfalt<\/li>\n<li>Robuste Konstruktion<\/li>\n<li>Mehrere Gr\u00f6\u00dfen<\/li>\n<li>Leichtg\u00e4ngiges Flip-Design<\/li>\n<\/ul>","protected":false},"featured_media":2547,"comment_status":"closed","ping_status":"closed","template":"","meta":{"_acf_changed":false},"box-type":[59,57,48],"product_brand":[],"product_cat":[46,69,67],"product_tag":[],"class_list":{"0":"post-2546","1":"product","2":"type-product","3":"status-publish","4":"has-post-thumbnail","6":"box-type-custom-mailer-boxes","7":"box-type-custom-rigid-box-with-lid","8":"box-type-custom-tuck-top-boxes","9":"product_cat-wholesale-paper-boxes","10":"product_cat-custom-retail-boxes","11":"product_cat-custom-shipping-boxes","13":"first","14":"instock","15":"shipping-taxable","16":"product-type-simple"},"acf":[],"_links":{"self":[{"href":"https:\/\/www.yishengpack.com\/de\/wp-json\/wp\/v2\/product\/2546","targetHints":{"allow":["GET"]}}],"collection":[{"href":"https:\/\/www.yishengpack.com\/de\/wp-json\/wp\/v2\/product"}],"about":[{"href":"https:\/\/www.yishengpack.com\/de\/wp-json\/wp\/v2\/types\/product"}],"replies":[{"embeddable":true,"href":"https:\/\/www.yishengpack.com\/de\/wp-json\/wp\/v2\/comments?post=2546"}],"wp:featuredmedia":[{"embeddable":true,"href":"https:\/\/www.yishengpack.com\/de\/wp-json\/wp\/v2\/media\/2547"}],"wp:attachment":[{"href":"https:\/\/www.yishengpack.com\/de\/wp-json\/wp\/v2\/media?parent=2546"}],"wp:term":[{"taxonomy":"box-type","embeddable":true,"href":"https:\/\/www.yishengpack.com\/de\/wp-json\/wp\/v2\/box-type?post=2546"},{"taxonomy":"product_brand","embeddable":true,"href":"https:\/\/www.yishengpack.com\/de\/wp-json\/wp\/v2\/product_brand?post=2546"},{"taxonomy":"product_cat","embeddable":true,"href":"https:\/\/www.yishengpack.com\/de\/wp-json\/wp\/v2\/product_cat?post=2546"},{"taxonomy":"product_tag","embeddable":true,"href":"https:\/\/www.yishengpack.com\/de\/wp-json\/wp\/v2\/product_tag?post=2546"}],"curies":[{"name":"wp","href":"https:\/\/api.w.org\/{rel}","templated":true}]}}