{"id":2534,"date":"2025-11-14T03:17:51","date_gmt":"2025-11-14T03:17:51","guid":{"rendered":"https:\/\/www.yishengpack.com\/?post_type=product&#038;p=2534"},"modified":"2025-11-14T03:17:52","modified_gmt":"2025-11-14T03:17:52","slug":"gable-cake-boxes-wholesale","status":"publish","type":"product","link":"https:\/\/www.yishengpack.com\/de\/produkt\/gable-cake-boxes-wholesale\/","title":{"rendered":"Giebel-Kuchen-Boxen Gro\u00dfhandel, Lebensmittelqualit\u00e4t benutzerdefinierte Boxen zum Mitnehmen"},"content":{"rendered":"<div class=\"wp-block-columns is-layout-flex wp-container-core-columns-is-layout-9d6595d7 wp-block-columns-is-layout-flex\">\n<div class=\"wp-block-column is-layout-flow wp-block-column-is-layout-flow\">\n<h3 class=\"wp-block-heading\">Eigenschaften von Gable Cake Boxen Gro\u00dfhandel<\/h3>\n\n\n\n<p><strong>Durchsichtiges Fenster f\u00fcr Dessert-Vitrine: <\/strong>Diese Giebelkuchenboxen f\u00fcr den Gro\u00dfhandel verf\u00fcgen \u00fcber ein durchsichtiges Fenster, das einen verlockenden Blick auf Schokoladenkuchen, Cupcakes und Puddings erm\u00f6glicht. Sie eignen sich perfekt zum Verschenken und verbessern gleichzeitig die Effektivit\u00e4t der Pr\u00e4sentation und den Umsatz.<\/p>\n\n\n\n<p><strong>Sichere Materialien in Lebensmittelqualit\u00e4t:<\/strong> Diese Giebel Kuchen Boxen Gro\u00dfhandel sind mit lebensmittelechten wei\u00dfen Karton oder Kraftpapier, sicher und geruchlos, geeignet f\u00fcr den direkten Kontakt mit Kuchen und Desserts gemacht. Eine \u00f6l- und feuchtigkeitsbest\u00e4ndige Innenschicht kann hinzugef\u00fcgt werden, um Kuchen frisch zu halten und Verformungen zu verhindern.<\/p>\n\n\n\n<p><strong>Exquisite Erscheinung Design:<\/strong> Diese individuellen Boxen zum Mitnehmen sind mit niedlichen Illustrationen und thematischen Aufdrucken versehen, bieten eine starke visuelle Anziehungskraft und verbessern die wahrgenommene Qualit\u00e4t des Produkts. Dank des hochwertigen Farbdrucks eignen sie sich f\u00fcr Urlaubs-, Geschenk- und Gourmetdessertverpackungen.<\/p>\n\n\n\n<p><strong>Struktur des Giebelgriffs: <\/strong>Diese individuellen Boxen zum Mitnehmen haben eine einzigartige Giebelform, die das Tragen erleichtert und das Verpackungserlebnis verbessert. Die stabile Struktur sorgt daf\u00fcr, dass die Box robust ist und nicht so leicht zusammenf\u00e4llt, was sie ideal f\u00fcr Take-away- und Geschenkverpackungen macht.<\/p>\n\n\n\n<p><strong>Anpassungsdienst:<\/strong> Diese Giebelkuchenboxen sind in verschiedenen Gr\u00f6\u00dfen f\u00fcr einzelne oder mehrere Cupcakes, Mini-Kuchen, Desserts usw. erh\u00e4ltlich. OEM\/ODM, Logoanpassung, Musteranpassung, Hei\u00dfpr\u00e4gung, Laminierung und andere Prozesse werden unterst\u00fctzt, um spezifische Markenanforderungen zu erf\u00fcllen. Es verbindet die \u00c4sthetik des Schenkens mit der Funktionalit\u00e4t des Mitnehmens.<\/p>\n<\/div>\n\n\n\n<div class=\"wp-block-column is-layout-flow wp-block-column-is-layout-flow\">\n<figure class=\"wp-block-image size-full\"><img decoding=\"async\" width=\"2048\" height=\"2048\" src=\"https:\/\/www.yishengpack.com\/wp-content\/uploads\/2025\/11\/Customized-Exquisite-Cake-Gift-Boxes-Food-Grade-Takeaway-Boxes-with-Clear-Window-Wholesale-2.webp\" alt=\"Giebel-Kuchen-Boxen-Gro\u00dfhandel-Lebensmittel-Sortiment-zum-Mitnehmen-Boxen-2\" class=\"wp-image-2536\" srcset=\"https:\/\/www.yishengpack.com\/wp-content\/uploads\/2025\/11\/Customized-Exquisite-Cake-Gift-Boxes-Food-Grade-Takeaway-Boxes-with-Clear-Window-Wholesale-2.webp 2048w, https:\/\/www.yishengpack.com\/wp-content\/uploads\/2025\/11\/Customized-Exquisite-Cake-Gift-Boxes-Food-Grade-Takeaway-Boxes-with-Clear-Window-Wholesale-2-300x300.webp 300w, https:\/\/www.yishengpack.com\/wp-content\/uploads\/2025\/11\/Customized-Exquisite-Cake-Gift-Boxes-Food-Grade-Takeaway-Boxes-with-Clear-Window-Wholesale-2-150x150.webp 150w, https:\/\/www.yishengpack.com\/wp-content\/uploads\/2025\/11\/Customized-Exquisite-Cake-Gift-Boxes-Food-Grade-Takeaway-Boxes-with-Clear-Window-Wholesale-2-768x768.webp 768w, https:\/\/www.yishengpack.com\/wp-content\/uploads\/2025\/11\/Customized-Exquisite-Cake-Gift-Boxes-Food-Grade-Takeaway-Boxes-with-Clear-Window-Wholesale-2-12x12.webp 12w, https:\/\/www.yishengpack.com\/wp-content\/uploads\/2025\/11\/Customized-Exquisite-Cake-Gift-Boxes-Food-Grade-Takeaway-Boxes-with-Clear-Window-Wholesale-2-1200x1200.webp 1200w, https:\/\/www.yishengpack.com\/wp-content\/uploads\/2025\/11\/Customized-Exquisite-Cake-Gift-Boxes-Food-Grade-Takeaway-Boxes-with-Clear-Window-Wholesale-2-600x600.webp 600w, https:\/\/www.yishengpack.com\/wp-content\/uploads\/2025\/11\/Customized-Exquisite-Cake-Gift-Boxes-Food-Grade-Takeaway-Boxes-with-Clear-Window-Wholesale-2-100x100.webp 100w\" sizes=\"(max-width: 2048px) 100vw, 2048px\" \/><\/figure>\n<\/div>\n<\/div>\n\n\n\n<div class=\"wp-block-columns is-layout-flex wp-container-core-columns-is-layout-9d6595d7 wp-block-columns-is-layout-flex\">\n<div class=\"wp-block-column is-layout-flow wp-block-column-is-layout-flow\">\n<figure class=\"wp-block-image size-full\"><img decoding=\"async\" width=\"1883\" height=\"1883\" src=\"https:\/\/www.yishengpack.com\/wp-content\/uploads\/2025\/11\/Customized-Exquisite-Cake-Gift-Boxes-Food-Grade-Takeaway-Boxes-with-Clear-Window-Wholesale-4.webp\" alt=\"Giebel-Kuchenboxen-Gro\u00dfhandel-Lebensmittelqualit\u00e4t-Ma\u00dfgeschneiderte-Boxen-zum-Mitnehmen-4\" class=\"wp-image-2538\" srcset=\"https:\/\/www.yishengpack.com\/wp-content\/uploads\/2025\/11\/Customized-Exquisite-Cake-Gift-Boxes-Food-Grade-Takeaway-Boxes-with-Clear-Window-Wholesale-4.webp 1883w, https:\/\/www.yishengpack.com\/wp-content\/uploads\/2025\/11\/Customized-Exquisite-Cake-Gift-Boxes-Food-Grade-Takeaway-Boxes-with-Clear-Window-Wholesale-4-300x300.webp 300w, https:\/\/www.yishengpack.com\/wp-content\/uploads\/2025\/11\/Customized-Exquisite-Cake-Gift-Boxes-Food-Grade-Takeaway-Boxes-with-Clear-Window-Wholesale-4-150x150.webp 150w, https:\/\/www.yishengpack.com\/wp-content\/uploads\/2025\/11\/Customized-Exquisite-Cake-Gift-Boxes-Food-Grade-Takeaway-Boxes-with-Clear-Window-Wholesale-4-768x768.webp 768w, https:\/\/www.yishengpack.com\/wp-content\/uploads\/2025\/11\/Customized-Exquisite-Cake-Gift-Boxes-Food-Grade-Takeaway-Boxes-with-Clear-Window-Wholesale-4-12x12.webp 12w, https:\/\/www.yishengpack.com\/wp-content\/uploads\/2025\/11\/Customized-Exquisite-Cake-Gift-Boxes-Food-Grade-Takeaway-Boxes-with-Clear-Window-Wholesale-4-1200x1200.webp 1200w, https:\/\/www.yishengpack.com\/wp-content\/uploads\/2025\/11\/Customized-Exquisite-Cake-Gift-Boxes-Food-Grade-Takeaway-Boxes-with-Clear-Window-Wholesale-4-600x600.webp 600w, https:\/\/www.yishengpack.com\/wp-content\/uploads\/2025\/11\/Customized-Exquisite-Cake-Gift-Boxes-Food-Grade-Takeaway-Boxes-with-Clear-Window-Wholesale-4-100x100.webp 100w\" sizes=\"(max-width: 1883px) 100vw, 1883px\" \/><\/figure>\n\n\n\n<div class=\"wp-block-buttons has-custom-font-size has-small-font-size is-content-justification-center is-layout-flex wp-container-core-buttons-is-layout-16018d1d wp-block-buttons-is-layout-flex\">\n<div class=\"wp-block-button has-custom-width wp-block-button__width-75\"><a class=\"wp-block-button__link has-background has-small-font-size has-custom-font-size wp-element-button\" href=\"https:\/\/www.yishengpack.com\/de\/custom-printed-box\/\" style=\"background:linear-gradient(135deg,rgb(254,205,165) 0%,rgb(254,45,45) 0%,rgb(94,15,15) 0%,rgb(94,15,15) 100%)\" target=\"_blank\" rel=\"noreferrer noopener\"><strong>Entdecken Sie individuell bedruckte Boxen<\/strong><\/a><\/div>\n<\/div>\n<\/div>\n\n\n\n<div class=\"wp-block-column is-layout-flow wp-block-column-is-layout-flow\">\n<figure class=\"wp-block-image size-full\"><img decoding=\"async\" width=\"2048\" height=\"2048\" src=\"https:\/\/www.yishengpack.com\/wp-content\/uploads\/2025\/11\/Customized-Exquisite-Cake-Gift-Boxes-Food-Grade-Takeaway-Boxes-with-Clear-Window-Wholesale-3.webp\" alt=\"Giebel-Kuchen-Boxen-Gro\u00dfhandel-Lebensmittel-Sortiment-zum-Mitnehmen-Boxen-3\" class=\"wp-image-2537\" srcset=\"https:\/\/www.yishengpack.com\/wp-content\/uploads\/2025\/11\/Customized-Exquisite-Cake-Gift-Boxes-Food-Grade-Takeaway-Boxes-with-Clear-Window-Wholesale-3.webp 2048w, https:\/\/www.yishengpack.com\/wp-content\/uploads\/2025\/11\/Customized-Exquisite-Cake-Gift-Boxes-Food-Grade-Takeaway-Boxes-with-Clear-Window-Wholesale-3-300x300.webp 300w, https:\/\/www.yishengpack.com\/wp-content\/uploads\/2025\/11\/Customized-Exquisite-Cake-Gift-Boxes-Food-Grade-Takeaway-Boxes-with-Clear-Window-Wholesale-3-150x150.webp 150w, https:\/\/www.yishengpack.com\/wp-content\/uploads\/2025\/11\/Customized-Exquisite-Cake-Gift-Boxes-Food-Grade-Takeaway-Boxes-with-Clear-Window-Wholesale-3-768x768.webp 768w, https:\/\/www.yishengpack.com\/wp-content\/uploads\/2025\/11\/Customized-Exquisite-Cake-Gift-Boxes-Food-Grade-Takeaway-Boxes-with-Clear-Window-Wholesale-3-12x12.webp 12w, https:\/\/www.yishengpack.com\/wp-content\/uploads\/2025\/11\/Customized-Exquisite-Cake-Gift-Boxes-Food-Grade-Takeaway-Boxes-with-Clear-Window-Wholesale-3-1200x1200.webp 1200w, https:\/\/www.yishengpack.com\/wp-content\/uploads\/2025\/11\/Customized-Exquisite-Cake-Gift-Boxes-Food-Grade-Takeaway-Boxes-with-Clear-Window-Wholesale-3-600x600.webp 600w, https:\/\/www.yishengpack.com\/wp-content\/uploads\/2025\/11\/Customized-Exquisite-Cake-Gift-Boxes-Food-Grade-Takeaway-Boxes-with-Clear-Window-Wholesale-3-100x100.webp 100w\" sizes=\"(max-width: 2048px) 100vw, 2048px\" \/><\/figure>\n\n\n\n<div class=\"wp-block-buttons has-custom-font-size has-small-font-size is-content-justification-center is-layout-flex wp-container-core-buttons-is-layout-16018d1d wp-block-buttons-is-layout-flex\">\n<div class=\"wp-block-button has-custom-width wp-block-button__width-75\"><a class=\"wp-block-button__link has-background has-small-font-size has-custom-font-size wp-element-button\" href=\"https:\/\/www.yishengpack.com\/de\/custom-box-inserts-accessories\/\" style=\"background:linear-gradient(135deg,rgb(254,205,165) 0%,rgb(254,45,45) 0%,rgb(94,15,15) 0%,rgb(94,15,15) 100%)\" target=\"_blank\" rel=\"noreferrer noopener\"><strong>Custom Box Inserts erforschen<\/strong><\/a><\/div>\n<\/div>\n<\/div>\n<\/div>\n\n\n\n<p><\/p>","protected":false},"excerpt":{"rendered":"<p>Willkommen bei unseren Giebelkuchenschachteln f\u00fcr den Gro\u00dfhandel, die aus lebensmittelechtem Papier hergestellt sind, mit einem klaren Sichtfenster und einem stabilen Design, das sich perfekt f\u00fcr die Verpackung von K\u00e4sekuchen, Cupcakes und mehr eignet. Von der Gr\u00f6\u00dfe, Farben und charmante Muster, um Logo und benutzerdefinierte Eins\u00e4tze, sind sie vollst\u00e4ndig anpassbar, um Ihre Marke zu entsprechen. Geeignet f\u00fcr Gro\u00dfhandelsb\u00e4ckereien und zum Mitnehmen.<\/p>\n<h2>Highlights von Gable Cake Boxen Gro\u00dfhandel<\/h2>\n<ul>\n<li>Vollst\u00e4ndige Anpassung<\/li>\n<li>Umweltfreundliche Materialien<\/li>\n<li>Exquisiter Druck<\/li>\n<li>Mehrere Box-Typen<\/li>\n<li>Lebendige Farben<\/li>\n<li>Transparentes Anzeigefenster<\/li>\n<li>Tragbares Design<\/li>\n<li>Robuste Konstruktion<\/li>\n<\/ul>","protected":false},"featured_media":2535,"comment_status":"closed","ping_status":"closed","template":"","meta":{"_acf_changed":false},"box-type":[55,58],"product_brand":[],"product_cat":[30,19,41,46,71],"product_tag":[],"class_list":{"0":"post-2534","1":"product","2":"type-product","3":"status-publish","4":"has-post-thumbnail","6":"box-type-custom-foldable-boxes","7":"box-type-custom-window-gift-box","8":"product_cat-cake-containers-wholesale","9":"product_cat-luxury-gift-boxes-wholesale","10":"product_cat-candy-gift-boxes-wholesale","11":"product_cat-wholesale-paper-boxes","12":"product_cat-custom-takeout-boxes","14":"first","15":"instock","16":"shipping-taxable","17":"product-type-simple"},"acf":[],"_links":{"self":[{"href":"https:\/\/www.yishengpack.com\/de\/wp-json\/wp\/v2\/product\/2534","targetHints":{"allow":["GET"]}}],"collection":[{"href":"https:\/\/www.yishengpack.com\/de\/wp-json\/wp\/v2\/product"}],"about":[{"href":"https:\/\/www.yishengpack.com\/de\/wp-json\/wp\/v2\/types\/product"}],"replies":[{"embeddable":true,"href":"https:\/\/www.yishengpack.com\/de\/wp-json\/wp\/v2\/comments?post=2534"}],"wp:featuredmedia":[{"embeddable":true,"href":"https:\/\/www.yishengpack.com\/de\/wp-json\/wp\/v2\/media\/2535"}],"wp:attachment":[{"href":"https:\/\/www.yishengpack.com\/de\/wp-json\/wp\/v2\/media?parent=2534"}],"wp:term":[{"taxonomy":"box-type","embeddable":true,"href":"https:\/\/www.yishengpack.com\/de\/wp-json\/wp\/v2\/box-type?post=2534"},{"taxonomy":"product_brand","embeddable":true,"href":"https:\/\/www.yishengpack.com\/de\/wp-json\/wp\/v2\/product_brand?post=2534"},{"taxonomy":"product_cat","embeddable":true,"href":"https:\/\/www.yishengpack.com\/de\/wp-json\/wp\/v2\/product_cat?post=2534"},{"taxonomy":"product_tag","embeddable":true,"href":"https:\/\/www.yishengpack.com\/de\/wp-json\/wp\/v2\/product_tag?post=2534"}],"curies":[{"name":"wp","href":"https:\/\/api.w.org\/{rel}","templated":true}]}}