{"id":2509,"date":"2025-11-13T09:46:10","date_gmt":"2025-11-13T09:46:10","guid":{"rendered":"https:\/\/www.yishengpack.com\/?post_type=product&#038;p=2509"},"modified":"2025-11-13T09:46:41","modified_gmt":"2025-11-13T09:46:41","slug":"paper-bakery-bags-wholesale","status":"publish","type":"product","link":"https:\/\/www.yishengpack.com\/de\/produkt\/paper-bakery-bags-wholesale\/","title":{"rendered":"Recyclingpapier B\u00e4ckerei Taschen Gro\u00dfhandel, benutzerdefinierte bedruckte Taschen"},"content":{"rendered":"<div class=\"wp-block-columns is-layout-flex wp-container-core-columns-is-layout-9d6595d7 wp-block-columns-is-layout-flex\">\n<div class=\"wp-block-column is-layout-flow wp-block-column-is-layout-flow\">\n<h3 class=\"wp-block-heading\">Merkmale von Papier B\u00e4ckerei Taschen Gro\u00dfhandel<\/h3>\n\n\n\n<p><strong>Langlebiges Design f\u00fcr Backwaren:<\/strong> Die B\u00e4ckert\u00fcten aus Recyclingpapier im Gro\u00dfhandel verf\u00fcgen \u00fcber eine verdickte Papierh\u00fclle, die eine unglaubliche Steifigkeit und Tragf\u00e4higkeit bietet. Dies bedeutet, dass Backwaren wie Croissants und Bagels sicher sind, ohne zu rei\u00dfen. Die T\u00fcte hat perfekte Falten und eine verst\u00e4rkte Bodenstruktur, die nicht knicken oder brechen kann.<\/p>\n\n\n\n<p><strong>\u00d6ko-Recyclingpapier Material:<\/strong> F\u00fcr diese individuell bedruckten T\u00fcten wird \u00f6kologisches Recyclingpapier verwendet, das eine umweltfreundliche Wahl f\u00fcr B\u00e4ckereien ist. Es erm\u00f6glicht eine nachhaltige Verpackung, ohne die Backqualit\u00e4t zu beeintr\u00e4chtigen.<\/p>\n\n\n\n<p><strong>\u00dcberlegener Druck: <\/strong>Die B\u00e4ckert\u00fcten aus Recyclingpapier k\u00f6nnen mit Ihrem Markenlogo, Ihrem Design oder Ihren Backwarengrafiken personalisiert werden. Dies ist visuell auff\u00e4llig und f\u00f6rdert die \u00d6ffentlichkeitsarbeit und Branding-Image und Kundenerfahrung. Ideal f\u00fcr to-go hausgemachte Croissants, Bagels oder Backwaren.<\/p>\n\n\n\n<p><strong>Vielf\u00e4ltige Verwendungsm\u00f6glichkeiten:<\/strong> Die B\u00e4ckert\u00fcten aus Recyclingpapier im Gro\u00dfhandel mit optionalem \u00f6lbest\u00e4ndigem beschichtetem Papier oder PE-Innenfolie verhindern das Eindringen von Fett und Feuchtigkeit in die T\u00fcte und halten die Backwaren frisch. Ideal f\u00fcr den kommerziellen Einsatz in einer B\u00e4ckerei, einem Caf\u00e9, einer Konditorei, einer Lebensmittellieferung oder einer Messe.<\/p>\n\n\n\n<p><strong>Verschiedene Gr\u00f6\u00dfen:<\/strong> Diese individuell bedruckten Krafts\u00e4cke gibt es in verschiedenen Gr\u00f6\u00dfen und Ausf\u00fchrungen f\u00fcr Ihren Verpackungsbedarf in B\u00e4ckereien, Caf\u00e9s oder Backwerkst\u00e4tten. Gro\u00dfhandelspreise und OEM\/ODM-Serviceunterst\u00fctzung sind f\u00fcr B\u00e4ckereien jeder Gr\u00f6\u00dfe verf\u00fcgbar.<\/p>\n<\/div>\n\n\n\n<div class=\"wp-block-column is-layout-flow wp-block-column-is-layout-flow\">\n<figure class=\"wp-block-image size-full\"><img decoding=\"async\" width=\"2048\" height=\"2048\" src=\"https:\/\/www.yishengpack.com\/wp-content\/uploads\/2025\/11\/Wholesale-Bulk-Recycled-Paper-Bags-Bakery-Package-Bags-with-Custom-Printed-Logo-2.webp\" alt=\"Recycling-Papier-Backwaren-Taschen-Gro\u00dfhandel-Bedruckte-Taschen-2\" class=\"wp-image-2520\" srcset=\"https:\/\/www.yishengpack.com\/wp-content\/uploads\/2025\/11\/Wholesale-Bulk-Recycled-Paper-Bags-Bakery-Package-Bags-with-Custom-Printed-Logo-2.webp 2048w, https:\/\/www.yishengpack.com\/wp-content\/uploads\/2025\/11\/Wholesale-Bulk-Recycled-Paper-Bags-Bakery-Package-Bags-with-Custom-Printed-Logo-2-300x300.webp 300w, https:\/\/www.yishengpack.com\/wp-content\/uploads\/2025\/11\/Wholesale-Bulk-Recycled-Paper-Bags-Bakery-Package-Bags-with-Custom-Printed-Logo-2-150x150.webp 150w, https:\/\/www.yishengpack.com\/wp-content\/uploads\/2025\/11\/Wholesale-Bulk-Recycled-Paper-Bags-Bakery-Package-Bags-with-Custom-Printed-Logo-2-768x768.webp 768w, https:\/\/www.yishengpack.com\/wp-content\/uploads\/2025\/11\/Wholesale-Bulk-Recycled-Paper-Bags-Bakery-Package-Bags-with-Custom-Printed-Logo-2-12x12.webp 12w, https:\/\/www.yishengpack.com\/wp-content\/uploads\/2025\/11\/Wholesale-Bulk-Recycled-Paper-Bags-Bakery-Package-Bags-with-Custom-Printed-Logo-2-1200x1200.webp 1200w, https:\/\/www.yishengpack.com\/wp-content\/uploads\/2025\/11\/Wholesale-Bulk-Recycled-Paper-Bags-Bakery-Package-Bags-with-Custom-Printed-Logo-2-600x600.webp 600w, https:\/\/www.yishengpack.com\/wp-content\/uploads\/2025\/11\/Wholesale-Bulk-Recycled-Paper-Bags-Bakery-Package-Bags-with-Custom-Printed-Logo-2-100x100.webp 100w\" sizes=\"(max-width: 2048px) 100vw, 2048px\" \/><\/figure>\n<\/div>\n<\/div>\n\n\n\n<div class=\"wp-block-columns is-layout-flex wp-container-core-columns-is-layout-9d6595d7 wp-block-columns-is-layout-flex\">\n<div class=\"wp-block-column is-layout-flow wp-block-column-is-layout-flow\">\n<figure class=\"wp-block-image size-full\"><img decoding=\"async\" width=\"2048\" height=\"2048\" src=\"https:\/\/www.yishengpack.com\/wp-content\/uploads\/2025\/11\/Wholesale-Bulk-Recycled-Paper-Bags-Bakery-Package-Bags-with-Custom-Printed-Logo-3.webp\" alt=\"Recycling-Papier-Backwaren-Taschen-Gro\u00dfhandel-Bedruckte-Taschen-3\" class=\"wp-image-2521\" srcset=\"https:\/\/www.yishengpack.com\/wp-content\/uploads\/2025\/11\/Wholesale-Bulk-Recycled-Paper-Bags-Bakery-Package-Bags-with-Custom-Printed-Logo-3.webp 2048w, https:\/\/www.yishengpack.com\/wp-content\/uploads\/2025\/11\/Wholesale-Bulk-Recycled-Paper-Bags-Bakery-Package-Bags-with-Custom-Printed-Logo-3-300x300.webp 300w, https:\/\/www.yishengpack.com\/wp-content\/uploads\/2025\/11\/Wholesale-Bulk-Recycled-Paper-Bags-Bakery-Package-Bags-with-Custom-Printed-Logo-3-150x150.webp 150w, https:\/\/www.yishengpack.com\/wp-content\/uploads\/2025\/11\/Wholesale-Bulk-Recycled-Paper-Bags-Bakery-Package-Bags-with-Custom-Printed-Logo-3-768x768.webp 768w, https:\/\/www.yishengpack.com\/wp-content\/uploads\/2025\/11\/Wholesale-Bulk-Recycled-Paper-Bags-Bakery-Package-Bags-with-Custom-Printed-Logo-3-12x12.webp 12w, https:\/\/www.yishengpack.com\/wp-content\/uploads\/2025\/11\/Wholesale-Bulk-Recycled-Paper-Bags-Bakery-Package-Bags-with-Custom-Printed-Logo-3-1200x1200.webp 1200w, https:\/\/www.yishengpack.com\/wp-content\/uploads\/2025\/11\/Wholesale-Bulk-Recycled-Paper-Bags-Bakery-Package-Bags-with-Custom-Printed-Logo-3-600x600.webp 600w, https:\/\/www.yishengpack.com\/wp-content\/uploads\/2025\/11\/Wholesale-Bulk-Recycled-Paper-Bags-Bakery-Package-Bags-with-Custom-Printed-Logo-3-100x100.webp 100w\" sizes=\"(max-width: 2048px) 100vw, 2048px\" \/><\/figure>\n\n\n\n<div class=\"wp-block-buttons has-custom-font-size has-small-font-size is-content-justification-center is-layout-flex wp-container-core-buttons-is-layout-16018d1d wp-block-buttons-is-layout-flex\">\n<div class=\"wp-block-button has-custom-width wp-block-button__width-75\"><a class=\"wp-block-button__link has-background has-small-font-size has-custom-font-size wp-element-button\" href=\"https:\/\/www.yishengpack.com\/de\/custom-printed-box\/\" style=\"background:linear-gradient(135deg,rgb(254,205,165) 0%,rgb(254,45,45) 0%,rgb(94,15,15) 0%,rgb(94,15,15) 100%)\" target=\"_blank\" rel=\"noreferrer noopener\"><strong>Entdecken Sie individuell bedruckte Boxen<\/strong><\/a><\/div>\n<\/div>\n<\/div>\n\n\n\n<div class=\"wp-block-column is-layout-flow wp-block-column-is-layout-flow\">\n<figure class=\"wp-block-image size-full\"><img decoding=\"async\" width=\"2048\" height=\"2048\" src=\"https:\/\/www.yishengpack.com\/wp-content\/uploads\/2025\/11\/Wholesale-Bulk-Recycled-Paper-Bags-Bakery-Package-Bags-with-Custom-Printed-Logo-5.webp\" alt=\"Recycling-Papier-Backwaren-Taschen-Gro\u00dfhandel-Sonderbedruckte-Taschen-5\" class=\"wp-image-2523\" srcset=\"https:\/\/www.yishengpack.com\/wp-content\/uploads\/2025\/11\/Wholesale-Bulk-Recycled-Paper-Bags-Bakery-Package-Bags-with-Custom-Printed-Logo-5.webp 2048w, https:\/\/www.yishengpack.com\/wp-content\/uploads\/2025\/11\/Wholesale-Bulk-Recycled-Paper-Bags-Bakery-Package-Bags-with-Custom-Printed-Logo-5-300x300.webp 300w, https:\/\/www.yishengpack.com\/wp-content\/uploads\/2025\/11\/Wholesale-Bulk-Recycled-Paper-Bags-Bakery-Package-Bags-with-Custom-Printed-Logo-5-150x150.webp 150w, https:\/\/www.yishengpack.com\/wp-content\/uploads\/2025\/11\/Wholesale-Bulk-Recycled-Paper-Bags-Bakery-Package-Bags-with-Custom-Printed-Logo-5-768x768.webp 768w, https:\/\/www.yishengpack.com\/wp-content\/uploads\/2025\/11\/Wholesale-Bulk-Recycled-Paper-Bags-Bakery-Package-Bags-with-Custom-Printed-Logo-5-12x12.webp 12w, https:\/\/www.yishengpack.com\/wp-content\/uploads\/2025\/11\/Wholesale-Bulk-Recycled-Paper-Bags-Bakery-Package-Bags-with-Custom-Printed-Logo-5-1200x1200.webp 1200w, https:\/\/www.yishengpack.com\/wp-content\/uploads\/2025\/11\/Wholesale-Bulk-Recycled-Paper-Bags-Bakery-Package-Bags-with-Custom-Printed-Logo-5-600x600.webp 600w, https:\/\/www.yishengpack.com\/wp-content\/uploads\/2025\/11\/Wholesale-Bulk-Recycled-Paper-Bags-Bakery-Package-Bags-with-Custom-Printed-Logo-5-100x100.webp 100w\" sizes=\"(max-width: 2048px) 100vw, 2048px\" \/><\/figure>\n\n\n\n<div class=\"wp-block-buttons has-custom-font-size has-small-font-size is-content-justification-center is-layout-flex wp-container-core-buttons-is-layout-16018d1d wp-block-buttons-is-layout-flex\">\n<div class=\"wp-block-button has-custom-width wp-block-button__width-75\"><a class=\"wp-block-button__link has-background has-small-font-size has-custom-font-size wp-element-button\" href=\"https:\/\/www.yishengpack.com\/de\/custom-product-boxes-types\/\" style=\"background:linear-gradient(135deg,rgb(254,205,165) 0%,rgb(254,45,45) 0%,rgb(94,15,15) 0%,rgb(94,15,15) 100%)\" target=\"_blank\" rel=\"noreferrer noopener\"><strong>Erkunden Sie Custom B<\/strong>ag<strong> Zubeh\u00f6r<\/strong><\/a><\/div>\n<\/div>\n<\/div>\n<\/div>","protected":false},"excerpt":{"rendered":"<p>Willkommen beim Gro\u00dfhandel mit unseren B\u00e4ckert\u00fcten aus Recyclingpapier, die sich perfekt f\u00fcr Croissants, Bagels, Kekse und vieles mehr eignen. Mit nachhaltigem, recyceltem Material und einem praktischen Design vereinen sie Umweltverantwortung mit dem Charme einer B\u00e4ckerei f\u00fcr Geb\u00e4ckverpackungen. Sie sind langlebig, \u00f6lbest\u00e4ndig und k\u00f6nnen mit Ihrem Logo oder Design individuell gestaltet werden - ideal f\u00fcr nachhaltige B\u00e4ckereiverpackungen und Branding im Gro\u00dfhandel.<\/p>\n<h2>Highlights von Recyclingpapier B\u00e4ckert\u00fcten Gro\u00dfhandel<\/h2>\n<ul>\n<li>Vollst\u00e4ndige Individualisierung m\u00f6glich<\/li>\n<li>Biologisch abbaubare Materialien<\/li>\n<li>Hochwertiger Druck<\/li>\n<li>Mehrere Taschengr\u00f6\u00dfen<\/li>\n<li>OEM\/ODM-Dienstleistungen<\/li>\n<li>Anpassbares Zubeh\u00f6r<\/li>\n<li>Sorgf\u00e4ltige Verarbeitung<\/li>\n<li>Praktisch f\u00fcr die Lagerung<\/li>\n<\/ul>","protected":false},"featured_media":2519,"comment_status":"closed","ping_status":"closed","template":"","meta":{"_acf_changed":false},"box-type":[49],"product_brand":[],"product_cat":[34,38],"product_tag":[],"class_list":{"0":"post-2509","1":"product","2":"type-product","3":"status-publish","4":"has-post-thumbnail","6":"box-type-custom-die-cut-paper-bag","7":"product_cat-paper-bags-wholesale","8":"product_cat-bakery-paper-bags-wholesale","10":"first","11":"instock","12":"shipping-taxable","13":"product-type-simple"},"acf":[],"_links":{"self":[{"href":"https:\/\/www.yishengpack.com\/de\/wp-json\/wp\/v2\/product\/2509","targetHints":{"allow":["GET"]}}],"collection":[{"href":"https:\/\/www.yishengpack.com\/de\/wp-json\/wp\/v2\/product"}],"about":[{"href":"https:\/\/www.yishengpack.com\/de\/wp-json\/wp\/v2\/types\/product"}],"replies":[{"embeddable":true,"href":"https:\/\/www.yishengpack.com\/de\/wp-json\/wp\/v2\/comments?post=2509"}],"wp:featuredmedia":[{"embeddable":true,"href":"https:\/\/www.yishengpack.com\/de\/wp-json\/wp\/v2\/media\/2519"}],"wp:attachment":[{"href":"https:\/\/www.yishengpack.com\/de\/wp-json\/wp\/v2\/media?parent=2509"}],"wp:term":[{"taxonomy":"box-type","embeddable":true,"href":"https:\/\/www.yishengpack.com\/de\/wp-json\/wp\/v2\/box-type?post=2509"},{"taxonomy":"product_brand","embeddable":true,"href":"https:\/\/www.yishengpack.com\/de\/wp-json\/wp\/v2\/product_brand?post=2509"},{"taxonomy":"product_cat","embeddable":true,"href":"https:\/\/www.yishengpack.com\/de\/wp-json\/wp\/v2\/product_cat?post=2509"},{"taxonomy":"product_tag","embeddable":true,"href":"https:\/\/www.yishengpack.com\/de\/wp-json\/wp\/v2\/product_tag?post=2509"}],"curies":[{"name":"wp","href":"https:\/\/api.w.org\/{rel}","templated":true}]}}