{"id":2478,"date":"2025-11-13T08:10:31","date_gmt":"2025-11-13T08:10:31","guid":{"rendered":"https:\/\/www.yishengpack.com\/?post_type=product&#038;p=2478"},"modified":"2025-11-13T08:32:12","modified_gmt":"2025-11-13T08:32:12","slug":"shipping-boxes-in-bulk","status":"publish","type":"product","link":"https:\/\/www.yishengpack.com\/de\/produkt\/shipping-boxes-in-bulk\/","title":{"rendered":"Versandkartons in loser Sch\u00fcttung, gewellte, individuell bedruckte Versandkartons"},"content":{"rendered":"<div class=\"wp-block-columns is-layout-flex wp-container-core-columns-is-layout-9d6595d7 wp-block-columns-is-layout-flex\">\n<div class=\"wp-block-column is-layout-flow wp-block-column-is-layout-flow\">\n<h3 class=\"wp-block-heading\">Merkmale hochwertiger Versandkartons in Gro\u00dfmengen<\/h3>\n\n\n\n<p><strong>Schnappverschluss-Klappdeckel-Design:<\/strong> Diese Versandkartons in Gro\u00dfpackungen verf\u00fcgen \u00fcber einen Klappdeckel mit Schnappverschluss, der ein schnelles und sicheres Verschlie\u00dfen erm\u00f6glicht. Sie eignen sich perfekt f\u00fcr den Versand von Alltagsgegenst\u00e4nden, Bekleidung und Schuhen und sorgen daf\u00fcr, dass die Artikel w\u00e4hrend des Transports unversehrt bleiben.<\/p>\n\n\n\n<p><strong>Stabile Kartonkonstruktion: <\/strong>Diese individuell bedruckten Versandkartons aus strapazierf\u00e4higer Pappe zeichnen sich durch eine hervorragende Druckfestigkeit und Sto\u00dffestigkeit aus und eignen sich daher ideal f\u00fcr den zuverl\u00e4ssigen Versand von Kleidung, Schuhen und Alltagsgegenst\u00e4nden.<\/p>\n\n\n\n<p><strong>Auff\u00e4llige Musterauswahl: <\/strong>Diese Versandkartons in Gro\u00dfmengen sind in auff\u00e4lligen Mustern wie Wellen-, Herz- und Sternmotiven erh\u00e4ltlich. Das erh\u00f6ht die optische Attraktivit\u00e4t und macht die Kartons ideal f\u00fcr das Branding und die Pr\u00e4sentation verschiedener Versandprodukte.<\/p>\n\n\n\n<p><strong>Individueller Druck m\u00f6glich: <\/strong>Diese Versandkartons in Gro\u00dfmengen unterst\u00fctzen Logos, Muster, Farben und Oberfl\u00e4chenbehandlungen (wie Mattlaminierung, Glanzlaminierung, UV-Druck usw.), die an die Anforderungen der Marke angepasst werden k\u00f6nnen und so die Markenbekanntheit steigern.<\/p>\n\n\n\n<p><strong>In verschiedenen Gr\u00f6\u00dfen erh\u00e4ltlich:<\/strong> Diese individuell bedruckten Versandkartons sind in verschiedenen Gr\u00f6\u00dfen mit gro\u00dfz\u00fcgigem Stauraum erh\u00e4ltlich. Der Karton bietet Platz f\u00fcr mehrere Artikel unterschiedlicher Form und eignet sich somit f\u00fcr den Versand und die Verpackung verschiedener Produkte.<\/p>\n<\/div>\n\n\n\n<div class=\"wp-block-column is-layout-flow wp-block-column-is-layout-flow\">\n<figure class=\"wp-block-image size-full\"><img decoding=\"async\" width=\"2048\" height=\"2048\" src=\"https:\/\/www.yishengpack.com\/wp-content\/uploads\/2025\/11\/Custom-Superior-Corrugated-Mailing-Box-Wholesale-Printing-Logo-Shipping-Box-with-Design-2.webp\" alt=\"Versandkartons in Gro\u00dfmengen, Wellpappe, individuell bedruckt, Versandkarton 2\" class=\"wp-image-2480\" srcset=\"https:\/\/www.yishengpack.com\/wp-content\/uploads\/2025\/11\/Custom-Superior-Corrugated-Mailing-Box-Wholesale-Printing-Logo-Shipping-Box-with-Design-2.webp 2048w, https:\/\/www.yishengpack.com\/wp-content\/uploads\/2025\/11\/Custom-Superior-Corrugated-Mailing-Box-Wholesale-Printing-Logo-Shipping-Box-with-Design-2-300x300.webp 300w, https:\/\/www.yishengpack.com\/wp-content\/uploads\/2025\/11\/Custom-Superior-Corrugated-Mailing-Box-Wholesale-Printing-Logo-Shipping-Box-with-Design-2-150x150.webp 150w, https:\/\/www.yishengpack.com\/wp-content\/uploads\/2025\/11\/Custom-Superior-Corrugated-Mailing-Box-Wholesale-Printing-Logo-Shipping-Box-with-Design-2-768x768.webp 768w, https:\/\/www.yishengpack.com\/wp-content\/uploads\/2025\/11\/Custom-Superior-Corrugated-Mailing-Box-Wholesale-Printing-Logo-Shipping-Box-with-Design-2-12x12.webp 12w, https:\/\/www.yishengpack.com\/wp-content\/uploads\/2025\/11\/Custom-Superior-Corrugated-Mailing-Box-Wholesale-Printing-Logo-Shipping-Box-with-Design-2-1200x1200.webp 1200w, https:\/\/www.yishengpack.com\/wp-content\/uploads\/2025\/11\/Custom-Superior-Corrugated-Mailing-Box-Wholesale-Printing-Logo-Shipping-Box-with-Design-2-600x600.webp 600w, https:\/\/www.yishengpack.com\/wp-content\/uploads\/2025\/11\/Custom-Superior-Corrugated-Mailing-Box-Wholesale-Printing-Logo-Shipping-Box-with-Design-2-100x100.webp 100w\" sizes=\"(max-width: 2048px) 100vw, 2048px\" \/><\/figure>\n<\/div>\n<\/div>\n\n\n\n<div class=\"wp-block-columns is-layout-flex wp-container-core-columns-is-layout-9d6595d7 wp-block-columns-is-layout-flex\">\n<div class=\"wp-block-column is-layout-flow wp-block-column-is-layout-flow\">\n<figure class=\"wp-block-image size-full\"><img decoding=\"async\" width=\"2048\" height=\"2048\" src=\"https:\/\/www.yishengpack.com\/wp-content\/uploads\/2025\/11\/Custom-Superior-Corrugated-Mailing-Box-Wholesale-Printing-Logo-Shipping-Box-with-Design-7.webp\" alt=\"Versandkartons in Gro\u00dfmengen, Wellpappe, individuell bedruckt, Versandkarton 7\" class=\"wp-image-2485\" srcset=\"https:\/\/www.yishengpack.com\/wp-content\/uploads\/2025\/11\/Custom-Superior-Corrugated-Mailing-Box-Wholesale-Printing-Logo-Shipping-Box-with-Design-7.webp 2048w, https:\/\/www.yishengpack.com\/wp-content\/uploads\/2025\/11\/Custom-Superior-Corrugated-Mailing-Box-Wholesale-Printing-Logo-Shipping-Box-with-Design-7-300x300.webp 300w, https:\/\/www.yishengpack.com\/wp-content\/uploads\/2025\/11\/Custom-Superior-Corrugated-Mailing-Box-Wholesale-Printing-Logo-Shipping-Box-with-Design-7-150x150.webp 150w, https:\/\/www.yishengpack.com\/wp-content\/uploads\/2025\/11\/Custom-Superior-Corrugated-Mailing-Box-Wholesale-Printing-Logo-Shipping-Box-with-Design-7-768x768.webp 768w, https:\/\/www.yishengpack.com\/wp-content\/uploads\/2025\/11\/Custom-Superior-Corrugated-Mailing-Box-Wholesale-Printing-Logo-Shipping-Box-with-Design-7-12x12.webp 12w, https:\/\/www.yishengpack.com\/wp-content\/uploads\/2025\/11\/Custom-Superior-Corrugated-Mailing-Box-Wholesale-Printing-Logo-Shipping-Box-with-Design-7-1200x1200.webp 1200w, https:\/\/www.yishengpack.com\/wp-content\/uploads\/2025\/11\/Custom-Superior-Corrugated-Mailing-Box-Wholesale-Printing-Logo-Shipping-Box-with-Design-7-600x600.webp 600w, https:\/\/www.yishengpack.com\/wp-content\/uploads\/2025\/11\/Custom-Superior-Corrugated-Mailing-Box-Wholesale-Printing-Logo-Shipping-Box-with-Design-7-100x100.webp 100w\" sizes=\"(max-width: 2048px) 100vw, 2048px\" \/><\/figure>\n\n\n\n<div class=\"wp-block-buttons has-custom-font-size has-small-font-size is-content-justification-center is-layout-flex wp-container-core-buttons-is-layout-16018d1d wp-block-buttons-is-layout-flex\">\n<div class=\"wp-block-button has-custom-width wp-block-button__width-75\"><a class=\"wp-block-button__link has-background has-small-font-size has-custom-font-size wp-element-button\" href=\"https:\/\/www.yishengpack.com\/de\/custom-printed-box\/\" style=\"background:linear-gradient(135deg,rgb(254,205,165) 0%,rgb(254,45,45) 0%,rgb(94,15,15) 0%,rgb(94,15,15) 100%)\" target=\"_blank\" rel=\"noreferrer noopener\"><strong>Entdecken Sie individuell bedruckte Boxen<\/strong><\/a><\/div>\n<\/div>\n<\/div>\n\n\n\n<div class=\"wp-block-column is-layout-flow wp-block-column-is-layout-flow\">\n<figure class=\"wp-block-image size-full\"><img decoding=\"async\" width=\"2048\" height=\"2048\" src=\"https:\/\/www.yishengpack.com\/wp-content\/uploads\/2025\/11\/Custom-Superior-Corrugated-Mailing-Box-Wholesale-Printing-Logo-Shipping-Box-with-Design-3.webp\" alt=\"Versandkartons in Gro\u00dfmengen, Wellpappe, individuell bedruckt, Versandkarton 3\" class=\"wp-image-2481\" srcset=\"https:\/\/www.yishengpack.com\/wp-content\/uploads\/2025\/11\/Custom-Superior-Corrugated-Mailing-Box-Wholesale-Printing-Logo-Shipping-Box-with-Design-3.webp 2048w, https:\/\/www.yishengpack.com\/wp-content\/uploads\/2025\/11\/Custom-Superior-Corrugated-Mailing-Box-Wholesale-Printing-Logo-Shipping-Box-with-Design-3-300x300.webp 300w, https:\/\/www.yishengpack.com\/wp-content\/uploads\/2025\/11\/Custom-Superior-Corrugated-Mailing-Box-Wholesale-Printing-Logo-Shipping-Box-with-Design-3-150x150.webp 150w, https:\/\/www.yishengpack.com\/wp-content\/uploads\/2025\/11\/Custom-Superior-Corrugated-Mailing-Box-Wholesale-Printing-Logo-Shipping-Box-with-Design-3-768x768.webp 768w, https:\/\/www.yishengpack.com\/wp-content\/uploads\/2025\/11\/Custom-Superior-Corrugated-Mailing-Box-Wholesale-Printing-Logo-Shipping-Box-with-Design-3-12x12.webp 12w, https:\/\/www.yishengpack.com\/wp-content\/uploads\/2025\/11\/Custom-Superior-Corrugated-Mailing-Box-Wholesale-Printing-Logo-Shipping-Box-with-Design-3-1200x1200.webp 1200w, https:\/\/www.yishengpack.com\/wp-content\/uploads\/2025\/11\/Custom-Superior-Corrugated-Mailing-Box-Wholesale-Printing-Logo-Shipping-Box-with-Design-3-600x600.webp 600w, https:\/\/www.yishengpack.com\/wp-content\/uploads\/2025\/11\/Custom-Superior-Corrugated-Mailing-Box-Wholesale-Printing-Logo-Shipping-Box-with-Design-3-100x100.webp 100w\" sizes=\"(max-width: 2048px) 100vw, 2048px\" \/><\/figure>\n\n\n\n<div class=\"wp-block-buttons has-custom-font-size has-small-font-size is-content-justification-center is-layout-flex wp-container-core-buttons-is-layout-16018d1d wp-block-buttons-is-layout-flex\">\n<div class=\"wp-block-button has-custom-width wp-block-button__width-75\"><a class=\"wp-block-button__link has-background has-small-font-size has-custom-font-size wp-element-button\" href=\"https:\/\/www.yishengpack.com\/de\/custom-box-inserts-accessories\/\" style=\"background:linear-gradient(135deg,rgb(254,205,165) 0%,rgb(254,45,45) 0%,rgb(94,15,15) 0%)\" target=\"_blank\" rel=\"noreferrer noopener\"><strong>Custom Box Inserts erforschen<\/strong><\/a><\/div>\n<\/div>\n<\/div>\n<\/div>","protected":false},"excerpt":{"rendered":"<p>Willkommen beim Kauf unserer Versandkartons in Gro\u00dfmengen, die sich perfekt f\u00fcr die Verpackung von Artikeln des t\u00e4glichen Bedarfs, Kleidung und vielem mehr eignen. Diese individuell bedruckten Versandkartons aus Wellpappe zeichnen sich durch eine robuste Struktur und ein sicheres Design aus und verbinden Schutz und Funktionalit\u00e4t f\u00fcr einen sicheren Transport. Von der Gr\u00f6\u00dfe \u00fcber die St\u00e4rke bis hin zum Logo und Aufdruck sind sie vollst\u00e4ndig an Ihre Marke anpassbar. Wir sorgen daf\u00fcr, dass Ihre Produkte sicher ankommen und sich professionell von der Masse abheben, und erf\u00fcllen so effizient Ihre Versandanforderungen.<\/p>\n<h2>Highlights beim Versand von Kartons in gro\u00dfen Mengen<\/h2>\n<ul>\n<li>Vollst\u00e4ndige Anpassung<\/li>\n<li>Umweltfreundliche Materialien<\/li>\n<li>Schnappverschluss-Klappdeckel-Design<\/li>\n<li>Anspruchsvolle Druckverfahren<\/li>\n<li>Mehrere Boxgr\u00f6\u00dfen<\/li>\n<li>Lebendige Farben<\/li>\n<li>Robuste Konstruktion<\/li>\n<li>OEM\/ODM-Service<\/li>\n<\/ul>","protected":false},"featured_media":2479,"comment_status":"closed","ping_status":"closed","template":"","meta":{"_acf_changed":false},"box-type":[55,59,48],"product_brand":[],"product_cat":[66,69,67],"product_tag":[],"class_list":{"0":"post-2478","1":"product","2":"type-product","3":"status-publish","4":"has-post-thumbnail","6":"box-type-custom-foldable-boxes","7":"box-type-custom-mailer-boxes","8":"box-type-custom-tuck-top-boxes","9":"product_cat-custom-apparel-boxes","10":"product_cat-custom-retail-boxes","11":"product_cat-custom-shipping-boxes","13":"first","14":"instock","15":"shipping-taxable","16":"product-type-simple"},"acf":[],"_links":{"self":[{"href":"https:\/\/www.yishengpack.com\/de\/wp-json\/wp\/v2\/product\/2478","targetHints":{"allow":["GET"]}}],"collection":[{"href":"https:\/\/www.yishengpack.com\/de\/wp-json\/wp\/v2\/product"}],"about":[{"href":"https:\/\/www.yishengpack.com\/de\/wp-json\/wp\/v2\/types\/product"}],"replies":[{"embeddable":true,"href":"https:\/\/www.yishengpack.com\/de\/wp-json\/wp\/v2\/comments?post=2478"}],"wp:featuredmedia":[{"embeddable":true,"href":"https:\/\/www.yishengpack.com\/de\/wp-json\/wp\/v2\/media\/2479"}],"wp:attachment":[{"href":"https:\/\/www.yishengpack.com\/de\/wp-json\/wp\/v2\/media?parent=2478"}],"wp:term":[{"taxonomy":"box-type","embeddable":true,"href":"https:\/\/www.yishengpack.com\/de\/wp-json\/wp\/v2\/box-type?post=2478"},{"taxonomy":"product_brand","embeddable":true,"href":"https:\/\/www.yishengpack.com\/de\/wp-json\/wp\/v2\/product_brand?post=2478"},{"taxonomy":"product_cat","embeddable":true,"href":"https:\/\/www.yishengpack.com\/de\/wp-json\/wp\/v2\/product_cat?post=2478"},{"taxonomy":"product_tag","embeddable":true,"href":"https:\/\/www.yishengpack.com\/de\/wp-json\/wp\/v2\/product_tag?post=2478"}],"curies":[{"name":"wp","href":"https:\/\/api.w.org\/{rel}","templated":true}]}}