{"id":2470,"date":"2025-11-10T10:13:19","date_gmt":"2025-11-10T10:13:19","guid":{"rendered":"https:\/\/www.yishengpack.com\/?post_type=product&#038;p=2470"},"modified":"2025-11-10T10:13:49","modified_gmt":"2025-11-10T10:13:49","slug":"custom-clothing-paper-bag","status":"publish","type":"product","link":"https:\/\/www.yishengpack.com\/de\/produkt\/custom-clothing-paper-bag\/","title":{"rendered":"Benutzerdefinierte Kleidung Papiert\u00fcte, Falten Geschenk Taschen Bulk mit Stain Handle"},"content":{"rendered":"<div class=\"wp-block-columns is-layout-flex wp-container-core-columns-is-layout-9d6595d7 wp-block-columns-is-layout-flex\">\n<div class=\"wp-block-column is-layout-flow wp-block-column-is-layout-flow\">\n<h3 class=\"wp-block-heading\">Merkmale der Custom Clothing Papiert\u00fcte<\/h3>\n\n\n\n<p><strong>Luxuri\u00f6se, satinierte Griffe:<\/strong> Die ma\u00dfgefertigte Papiert\u00fcte f\u00fcr Bekleidung verf\u00fcgt \u00fcber glatte Satingriffe, die sich angenehm anf\u00fchlen, und einen gl\u00e4nzenden Look, der die Raffinesse der Verpackung unterstreicht.<\/p>\n\n\n\n<p><strong>Ideal f\u00fcr Bekleidungsverpackungen:<\/strong> Die ma\u00dfgefertigte Papiert\u00fcte f\u00fcr Bekleidung ist ein modisches und strukturiertes Profil, das sich f\u00fcr die Aufbewahrung umfangreicher Kleidung, Accessoires oder Geschenke eignet. Sie wertet die Verpackung der Bekleidungsmarke auf.<\/p>\n\n\n\n<p><strong>Hochwertiges umweltfreundliches Papier:<\/strong> Diese Gro\u00dfhandels-Faltgeschenk-Taschen f\u00fcr Kleidung Verpackung sind mit High-Grammage-Papier hergestellt; die Oberfl\u00e4che ist zart und glatt, langlebig, und kann erhebliche Lasten zu halten, w\u00e4hrend \u00e4sthetisch Ausgleich Umweltfreundlichkeit.<\/p>\n\n\n\n<p><strong>Faltbares Design:<\/strong> Die individuell gestaltete Papiert\u00fcte mit robuster Struktur l\u00e4sst sich leicht falten, spart Transport- und Lagerraum und erleichtert die Lieferung gro\u00dfer Mengen. Geeignet f\u00fcr verschiedene kommerzielle Zwecke, einschlie\u00dflich Bekleidungsgesch\u00e4fte, Markentheken, Ausstellungen, Geschenkverpackungen und Boutique-Einzelhandel.<\/p>\n\n\n\n<p><strong>Massenanpassung wird unterst\u00fctzt:<\/strong> Unsere faltbaren Geschenktaschen im Gro\u00dfhandel f\u00fcr Bekleidungsverpackungen k\u00f6nnen in Gr\u00f6\u00dfe, Farbe, Logo und Druckverfahren (Hei\u00dfpr\u00e4gung, UV-Beschichtung, Pr\u00e4gung, Laminierung usw.) je nach den Bed\u00fcrfnissen der Marke angepasst werden. Sie sind in einer Vielzahl von stilvollen Designs (Punkte, Karos und Herzmuster) erh\u00e4ltlich, um den verschiedenen Anforderungen der Markenwerbung gerecht zu werden.<\/p>\n<\/div>\n\n\n\n<div class=\"wp-block-column is-layout-flow wp-block-column-is-layout-flow\">\n<figure class=\"wp-block-image size-full\"><img decoding=\"async\" width=\"2048\" height=\"2048\" src=\"https:\/\/www.yishengpack.com\/wp-content\/uploads\/2025\/11\/Bulk-High-Quality-Folding-Paper-Bags-Wholesale-Custom-Gift-Bags-for-Garment-Packaging-with-Handle-2.webp\" alt=\"bulk-custom-clothing-paper-bag-folding-gift-bags-supply-2\" class=\"wp-image-2472\" srcset=\"https:\/\/www.yishengpack.com\/wp-content\/uploads\/2025\/11\/Bulk-High-Quality-Folding-Paper-Bags-Wholesale-Custom-Gift-Bags-for-Garment-Packaging-with-Handle-2.webp 2048w, https:\/\/www.yishengpack.com\/wp-content\/uploads\/2025\/11\/Bulk-High-Quality-Folding-Paper-Bags-Wholesale-Custom-Gift-Bags-for-Garment-Packaging-with-Handle-2-300x300.webp 300w, https:\/\/www.yishengpack.com\/wp-content\/uploads\/2025\/11\/Bulk-High-Quality-Folding-Paper-Bags-Wholesale-Custom-Gift-Bags-for-Garment-Packaging-with-Handle-2-150x150.webp 150w, https:\/\/www.yishengpack.com\/wp-content\/uploads\/2025\/11\/Bulk-High-Quality-Folding-Paper-Bags-Wholesale-Custom-Gift-Bags-for-Garment-Packaging-with-Handle-2-768x768.webp 768w, https:\/\/www.yishengpack.com\/wp-content\/uploads\/2025\/11\/Bulk-High-Quality-Folding-Paper-Bags-Wholesale-Custom-Gift-Bags-for-Garment-Packaging-with-Handle-2-12x12.webp 12w, https:\/\/www.yishengpack.com\/wp-content\/uploads\/2025\/11\/Bulk-High-Quality-Folding-Paper-Bags-Wholesale-Custom-Gift-Bags-for-Garment-Packaging-with-Handle-2-1200x1200.webp 1200w, https:\/\/www.yishengpack.com\/wp-content\/uploads\/2025\/11\/Bulk-High-Quality-Folding-Paper-Bags-Wholesale-Custom-Gift-Bags-for-Garment-Packaging-with-Handle-2-600x600.webp 600w, https:\/\/www.yishengpack.com\/wp-content\/uploads\/2025\/11\/Bulk-High-Quality-Folding-Paper-Bags-Wholesale-Custom-Gift-Bags-for-Garment-Packaging-with-Handle-2-100x100.webp 100w\" sizes=\"(max-width: 2048px) 100vw, 2048px\" \/><\/figure>\n<\/div>\n<\/div>\n\n\n\n<div class=\"wp-block-columns is-layout-flex wp-container-core-columns-is-layout-9d6595d7 wp-block-columns-is-layout-flex\">\n<div class=\"wp-block-column is-layout-flow wp-block-column-is-layout-flow\">\n<figure class=\"wp-block-image size-full\"><img decoding=\"async\" width=\"2048\" height=\"2048\" src=\"https:\/\/www.yishengpack.com\/wp-content\/uploads\/2025\/11\/Bulk-High-Quality-Folding-Paper-Bags-Wholesale-Custom-Gift-Bags-for-Garment-Packaging-with-Handle-6.webp\" alt=\"bulk-benutzerdefinierte-Kleidung-Papier-Beutel-Faltung-Geschenk-6\" class=\"wp-image-2476\" srcset=\"https:\/\/www.yishengpack.com\/wp-content\/uploads\/2025\/11\/Bulk-High-Quality-Folding-Paper-Bags-Wholesale-Custom-Gift-Bags-for-Garment-Packaging-with-Handle-6.webp 2048w, https:\/\/www.yishengpack.com\/wp-content\/uploads\/2025\/11\/Bulk-High-Quality-Folding-Paper-Bags-Wholesale-Custom-Gift-Bags-for-Garment-Packaging-with-Handle-6-300x300.webp 300w, https:\/\/www.yishengpack.com\/wp-content\/uploads\/2025\/11\/Bulk-High-Quality-Folding-Paper-Bags-Wholesale-Custom-Gift-Bags-for-Garment-Packaging-with-Handle-6-150x150.webp 150w, https:\/\/www.yishengpack.com\/wp-content\/uploads\/2025\/11\/Bulk-High-Quality-Folding-Paper-Bags-Wholesale-Custom-Gift-Bags-for-Garment-Packaging-with-Handle-6-768x768.webp 768w, https:\/\/www.yishengpack.com\/wp-content\/uploads\/2025\/11\/Bulk-High-Quality-Folding-Paper-Bags-Wholesale-Custom-Gift-Bags-for-Garment-Packaging-with-Handle-6-12x12.webp 12w, https:\/\/www.yishengpack.com\/wp-content\/uploads\/2025\/11\/Bulk-High-Quality-Folding-Paper-Bags-Wholesale-Custom-Gift-Bags-for-Garment-Packaging-with-Handle-6-1200x1200.webp 1200w, https:\/\/www.yishengpack.com\/wp-content\/uploads\/2025\/11\/Bulk-High-Quality-Folding-Paper-Bags-Wholesale-Custom-Gift-Bags-for-Garment-Packaging-with-Handle-6-600x600.webp 600w, https:\/\/www.yishengpack.com\/wp-content\/uploads\/2025\/11\/Bulk-High-Quality-Folding-Paper-Bags-Wholesale-Custom-Gift-Bags-for-Garment-Packaging-with-Handle-6-100x100.webp 100w\" sizes=\"(max-width: 2048px) 100vw, 2048px\" \/><\/figure>\n\n\n\n<div class=\"wp-block-buttons has-custom-font-size has-small-font-size is-content-justification-center is-layout-flex wp-container-core-buttons-is-layout-873b8b11 wp-block-buttons-is-layout-flex\" style=\"padding-top:var(--wp--preset--spacing--50);padding-right:var(--wp--preset--spacing--50);padding-bottom:var(--wp--preset--spacing--50);padding-left:var(--wp--preset--spacing--50)\">\n<div class=\"wp-block-button has-custom-width wp-block-button__width-75\"><a class=\"wp-block-button__link has-background has-small-font-size has-custom-font-size wp-element-button\" href=\"https:\/\/www.yishengpack.com\/de\/custom-printed-box\/\" style=\"background:linear-gradient(135deg,rgb(254,205,165) 0%,rgb(254,45,45) 0%,rgb(94,15,15) 0%,rgb(94,15,15) 100%)\" target=\"_blank\" rel=\"noreferrer noopener\"><strong>Entdecken Sie individuell bedruckte Boxen<\/strong><\/a><\/div>\n<\/div>\n<\/div>\n\n\n\n<div class=\"wp-block-column is-layout-flow wp-block-column-is-layout-flow\">\n<figure class=\"wp-block-image size-full\"><img decoding=\"async\" width=\"2048\" height=\"2048\" src=\"https:\/\/www.yishengpack.com\/wp-content\/uploads\/2025\/11\/Bulk-High-Quality-Folding-Paper-Bags-Wholesale-Custom-Gift-Bags-for-Garment-Packaging-with-Handle-3.webp\" alt=\"bulk-custom-clothing-paper-bag-folding-gift-bags-supply-3\" class=\"wp-image-2473\" srcset=\"https:\/\/www.yishengpack.com\/wp-content\/uploads\/2025\/11\/Bulk-High-Quality-Folding-Paper-Bags-Wholesale-Custom-Gift-Bags-for-Garment-Packaging-with-Handle-3.webp 2048w, https:\/\/www.yishengpack.com\/wp-content\/uploads\/2025\/11\/Bulk-High-Quality-Folding-Paper-Bags-Wholesale-Custom-Gift-Bags-for-Garment-Packaging-with-Handle-3-300x300.webp 300w, https:\/\/www.yishengpack.com\/wp-content\/uploads\/2025\/11\/Bulk-High-Quality-Folding-Paper-Bags-Wholesale-Custom-Gift-Bags-for-Garment-Packaging-with-Handle-3-150x150.webp 150w, https:\/\/www.yishengpack.com\/wp-content\/uploads\/2025\/11\/Bulk-High-Quality-Folding-Paper-Bags-Wholesale-Custom-Gift-Bags-for-Garment-Packaging-with-Handle-3-768x768.webp 768w, https:\/\/www.yishengpack.com\/wp-content\/uploads\/2025\/11\/Bulk-High-Quality-Folding-Paper-Bags-Wholesale-Custom-Gift-Bags-for-Garment-Packaging-with-Handle-3-12x12.webp 12w, https:\/\/www.yishengpack.com\/wp-content\/uploads\/2025\/11\/Bulk-High-Quality-Folding-Paper-Bags-Wholesale-Custom-Gift-Bags-for-Garment-Packaging-with-Handle-3-1200x1200.webp 1200w, https:\/\/www.yishengpack.com\/wp-content\/uploads\/2025\/11\/Bulk-High-Quality-Folding-Paper-Bags-Wholesale-Custom-Gift-Bags-for-Garment-Packaging-with-Handle-3-600x600.webp 600w, https:\/\/www.yishengpack.com\/wp-content\/uploads\/2025\/11\/Bulk-High-Quality-Folding-Paper-Bags-Wholesale-Custom-Gift-Bags-for-Garment-Packaging-with-Handle-3-100x100.webp 100w\" sizes=\"(max-width: 2048px) 100vw, 2048px\" \/><\/figure>\n\n\n\n<div class=\"wp-block-buttons has-custom-font-size has-small-font-size is-content-justification-center is-layout-flex wp-container-core-buttons-is-layout-873b8b11 wp-block-buttons-is-layout-flex\" style=\"padding-top:var(--wp--preset--spacing--50);padding-right:var(--wp--preset--spacing--50);padding-bottom:var(--wp--preset--spacing--50);padding-left:var(--wp--preset--spacing--50)\">\n<div class=\"wp-block-button has-custom-width wp-block-button__width-75\"><a class=\"wp-block-button__link has-background has-small-font-size has-custom-font-size wp-element-button\" href=\"https:\/\/www.yishengpack.com\/de\/custom-product-boxes-types\/\" style=\"background:linear-gradient(135deg,rgb(254,205,165) 0%,rgb(254,45,45) 0%,rgb(94,15,15) 0%)\" target=\"_blank\" rel=\"noreferrer noopener\"><strong>Erkunden Sie individuelle Taschentypen<\/strong><\/a><\/div>\n<\/div>\n<\/div>\n<\/div>","protected":false},"excerpt":{"rendered":"<p>Willkommen zum Kauf unserer benutzerdefinierten Kleidung Papiert\u00fcte verf\u00fcgt \u00fcber Premium-Papier und eine glatte Satin-Griff, bietet ein exquisites Aussehen und angenehmes Gef\u00fchl. Diese stilvollen faltbaren Papiertaschen unterst\u00fctzen die Anpassung von Gr\u00f6\u00dfen und Logos, und die Verpackung ist die perfekte Gro\u00dfhandelsoption f\u00fcr Bekleidungsmarken, Einzelhandelsgesch\u00e4fte und Geschenkverpackungen.<\/p>\n<h2>H\u00f6hepunkte der Custom Clothing Papiert\u00fcte<\/h2>\n<ul>\n<li>Pers\u00f6nliche Anpassung<\/li>\n<li>Wasserfeste Materialien<\/li>\n<li>Rich-Druckverfahren<\/li>\n<li>Mehrere Taschentypen<\/li>\n<li>Lebendige Farben<\/li>\n<li>Mehrere Taschengr\u00f6\u00dfen<\/li>\n<li>Hochwertige Satin-Griffe<\/li>\n<li>Langlebig und sch\u00fctzend<\/li>\n<\/ul>","protected":false},"featured_media":2471,"comment_status":"closed","ping_status":"closed","template":"","meta":{"_acf_changed":false},"box-type":[53],"product_brand":[],"product_cat":[34,70,37],"product_tag":[],"class_list":{"0":"post-2470","1":"product","2":"type-product","3":"status-publish","4":"has-post-thumbnail","6":"box-type-custom-ribbon-handle-paper-bag","7":"product_cat-paper-bags-wholesale","8":"product_cat-custom-clothing-bags","9":"product_cat-paper-gift-bags-bulk","11":"first","12":"instock","13":"shipping-taxable","14":"product-type-simple"},"acf":[],"_links":{"self":[{"href":"https:\/\/www.yishengpack.com\/de\/wp-json\/wp\/v2\/product\/2470","targetHints":{"allow":["GET"]}}],"collection":[{"href":"https:\/\/www.yishengpack.com\/de\/wp-json\/wp\/v2\/product"}],"about":[{"href":"https:\/\/www.yishengpack.com\/de\/wp-json\/wp\/v2\/types\/product"}],"replies":[{"embeddable":true,"href":"https:\/\/www.yishengpack.com\/de\/wp-json\/wp\/v2\/comments?post=2470"}],"wp:featuredmedia":[{"embeddable":true,"href":"https:\/\/www.yishengpack.com\/de\/wp-json\/wp\/v2\/media\/2471"}],"wp:attachment":[{"href":"https:\/\/www.yishengpack.com\/de\/wp-json\/wp\/v2\/media?parent=2470"}],"wp:term":[{"taxonomy":"box-type","embeddable":true,"href":"https:\/\/www.yishengpack.com\/de\/wp-json\/wp\/v2\/box-type?post=2470"},{"taxonomy":"product_brand","embeddable":true,"href":"https:\/\/www.yishengpack.com\/de\/wp-json\/wp\/v2\/product_brand?post=2470"},{"taxonomy":"product_cat","embeddable":true,"href":"https:\/\/www.yishengpack.com\/de\/wp-json\/wp\/v2\/product_cat?post=2470"},{"taxonomy":"product_tag","embeddable":true,"href":"https:\/\/www.yishengpack.com\/de\/wp-json\/wp\/v2\/product_tag?post=2470"}],"curies":[{"name":"wp","href":"https:\/\/api.w.org\/{rel}","templated":true}]}}