{"id":2414,"date":"2025-11-08T02:48:38","date_gmt":"2025-11-08T02:48:38","guid":{"rendered":"https:\/\/www.yishengpack.com\/?post_type=product&#038;p=2414"},"modified":"2025-11-08T06:45:40","modified_gmt":"2025-11-08T06:45:40","slug":"wholesale-apparel-gift-boxes","status":"publish","type":"product","link":"https:\/\/www.yishengpack.com\/de\/produkt\/wholesale-apparel-gift-boxes\/","title":{"rendered":"Gro\u00dfhandel Bekleidung Geschenk-Boxen, individuell bedruckte starre Boxen"},"content":{"rendered":"<div class=\"wp-block-columns is-layout-flex wp-container-core-columns-is-layout-9d6595d7 wp-block-columns-is-layout-flex\">\n<div class=\"wp-block-column is-layout-flow wp-block-column-is-layout-flow\">\n<h3 class=\"wp-block-heading\">Merkmale von Gro\u00dfhandel Kleidung Geschenk-Boxen<\/h3>\n\n\n\n<p>Magnetischer Schnappverschluss f\u00fcr nahtloses Auspacken: Die Gro\u00dfhandels-Geschenkboxen f\u00fcr Bekleidung haben einen magnetischen Schnappverschluss, der ein nahtloses und luxuri\u00f6ses Auspacken erm\u00f6glicht. Die Geschenkboxen sind perfekt f\u00fcr alle Arten von Kleidung Verpackung, Urlaub Geschenk-Boxen, Marken-Promotions, Boutique Einzelhandel, und vieles mehr.<\/p>\n\n\n\n<p><strong>Hochwertige Konstruktion f\u00fcr Langlebigkeit:<\/strong> Die Gro\u00dfhandels-Geschenkboxen f\u00fcr Kleidung verf\u00fcgen \u00fcber einen magnetischen Schnappverschluss, der aus hochwertigen und langlebigen Materialien hergestellt ist. Als zus\u00e4tzlicher Vorteil ist jede Box stark genug, um T-Shirts, Pullover oder Jeans zu sch\u00fctzen und die Kleidung bei der Lagerung oder beim Verschenken in ausgezeichneter Form zu halten.<\/p>\n\n\n\n<p><strong>Elegante Farbvariationen:<\/strong> Die individuell bedruckten starren Schachteln f\u00fcr Bekleidungsverpackungen bieten elegante Farbvarianten wie Lavendel, Gold und Beige. Diese Farben verleihen dem Karton einen Hauch von Raffinesse und machen ihn f\u00fcr die Verpackung hochwertiger Kleidung optisch ansprechend.<\/p>\n\n\n\n<p><strong>Exquisiter individueller Druck:<\/strong> Unsere individuell bedruckten starren Schachteln f\u00fcr Bekleidungsverpackungen unterst\u00fctzen die vollst\u00e4ndige Anpassung des Markenimages. Wir bieten eine breite Palette von Behandlungen, die Markenlogos, Muster, Hei\u00dfpr\u00e4gung, UV-Beschichtung und Pr\u00e4gung umfassen, die Ihnen einen hochwertigen visuellen Effekt geben, um das besondere Branchenimage Ihrer Bekleidungsmarken zu erh\u00f6hen.<\/p>\n\n\n\n<p><strong>Gro\u00dfes Innenvolumen:<\/strong> Diese Gro\u00dfhandels-Geschenkboxen mit Magnetverschluss haben einen ger\u00e4umigen Innenraum, in dem T-Shirts, Hemden und Jeans untergebracht werden k\u00f6nnen, w\u00e4hrend die Kleidungsst\u00fccke geordnet und faltenfrei aufbewahrt werden, und sind in benutzerdefinierten Gr\u00f6\u00dfen erh\u00e4ltlich, die zu jeder Art von Kleidungsst\u00fcck oder Markenspezifikationen passen.<\/p>\n<\/div>\n\n\n\n<div class=\"wp-block-column is-layout-flow wp-block-column-is-layout-flow\">\n<figure class=\"wp-block-image size-full\"><img decoding=\"async\" width=\"2048\" height=\"2048\" src=\"https:\/\/www.yishengpack.com\/wp-content\/uploads\/2025\/11\/Custom-High-Grade-Apparel-Boxes-Rigid-Gift-Box-for-Clothing-Packaging-Wholesale-2.webp\" alt=\"gro\u00dfhandel-bekleidung-geschenk-boxen-bedruckte-steife-boxen-2\" class=\"wp-image-2416\" srcset=\"https:\/\/www.yishengpack.com\/wp-content\/uploads\/2025\/11\/Custom-High-Grade-Apparel-Boxes-Rigid-Gift-Box-for-Clothing-Packaging-Wholesale-2.webp 2048w, https:\/\/www.yishengpack.com\/wp-content\/uploads\/2025\/11\/Custom-High-Grade-Apparel-Boxes-Rigid-Gift-Box-for-Clothing-Packaging-Wholesale-2-300x300.webp 300w, https:\/\/www.yishengpack.com\/wp-content\/uploads\/2025\/11\/Custom-High-Grade-Apparel-Boxes-Rigid-Gift-Box-for-Clothing-Packaging-Wholesale-2-150x150.webp 150w, https:\/\/www.yishengpack.com\/wp-content\/uploads\/2025\/11\/Custom-High-Grade-Apparel-Boxes-Rigid-Gift-Box-for-Clothing-Packaging-Wholesale-2-768x768.webp 768w, https:\/\/www.yishengpack.com\/wp-content\/uploads\/2025\/11\/Custom-High-Grade-Apparel-Boxes-Rigid-Gift-Box-for-Clothing-Packaging-Wholesale-2-12x12.webp 12w, https:\/\/www.yishengpack.com\/wp-content\/uploads\/2025\/11\/Custom-High-Grade-Apparel-Boxes-Rigid-Gift-Box-for-Clothing-Packaging-Wholesale-2-1200x1200.webp 1200w, https:\/\/www.yishengpack.com\/wp-content\/uploads\/2025\/11\/Custom-High-Grade-Apparel-Boxes-Rigid-Gift-Box-for-Clothing-Packaging-Wholesale-2-600x600.webp 600w, https:\/\/www.yishengpack.com\/wp-content\/uploads\/2025\/11\/Custom-High-Grade-Apparel-Boxes-Rigid-Gift-Box-for-Clothing-Packaging-Wholesale-2-100x100.webp 100w\" sizes=\"(max-width: 2048px) 100vw, 2048px\" \/><\/figure>\n<\/div>\n<\/div>\n\n\n\n<div class=\"wp-block-columns is-layout-flex wp-container-core-columns-is-layout-9d6595d7 wp-block-columns-is-layout-flex\">\n<div class=\"wp-block-column is-layout-flow wp-block-column-is-layout-flow\">\n<figure class=\"wp-block-image size-full\"><img decoding=\"async\" width=\"2048\" height=\"2048\" src=\"https:\/\/www.yishengpack.com\/wp-content\/uploads\/2025\/11\/Custom-High-Grade-Apparel-Boxes-Rigid-Gift-Box-for-Clothing-Packaging-Wholesale-3.webp\" alt=\"gro\u00dfhandel-bekleidung-geschenk-boxen-bedruckte-steife-boxen-3\" class=\"wp-image-2417\" srcset=\"https:\/\/www.yishengpack.com\/wp-content\/uploads\/2025\/11\/Custom-High-Grade-Apparel-Boxes-Rigid-Gift-Box-for-Clothing-Packaging-Wholesale-3.webp 2048w, https:\/\/www.yishengpack.com\/wp-content\/uploads\/2025\/11\/Custom-High-Grade-Apparel-Boxes-Rigid-Gift-Box-for-Clothing-Packaging-Wholesale-3-300x300.webp 300w, https:\/\/www.yishengpack.com\/wp-content\/uploads\/2025\/11\/Custom-High-Grade-Apparel-Boxes-Rigid-Gift-Box-for-Clothing-Packaging-Wholesale-3-150x150.webp 150w, https:\/\/www.yishengpack.com\/wp-content\/uploads\/2025\/11\/Custom-High-Grade-Apparel-Boxes-Rigid-Gift-Box-for-Clothing-Packaging-Wholesale-3-768x768.webp 768w, https:\/\/www.yishengpack.com\/wp-content\/uploads\/2025\/11\/Custom-High-Grade-Apparel-Boxes-Rigid-Gift-Box-for-Clothing-Packaging-Wholesale-3-12x12.webp 12w, https:\/\/www.yishengpack.com\/wp-content\/uploads\/2025\/11\/Custom-High-Grade-Apparel-Boxes-Rigid-Gift-Box-for-Clothing-Packaging-Wholesale-3-1200x1200.webp 1200w, https:\/\/www.yishengpack.com\/wp-content\/uploads\/2025\/11\/Custom-High-Grade-Apparel-Boxes-Rigid-Gift-Box-for-Clothing-Packaging-Wholesale-3-600x600.webp 600w, https:\/\/www.yishengpack.com\/wp-content\/uploads\/2025\/11\/Custom-High-Grade-Apparel-Boxes-Rigid-Gift-Box-for-Clothing-Packaging-Wholesale-3-100x100.webp 100w\" sizes=\"(max-width: 2048px) 100vw, 2048px\" \/><\/figure>\n\n\n\n<div class=\"wp-block-buttons has-custom-font-size has-small-font-size is-content-justification-center is-layout-flex wp-container-core-buttons-is-layout-16018d1d wp-block-buttons-is-layout-flex\">\n<div class=\"wp-block-button has-custom-width wp-block-button__width-75\"><a class=\"wp-block-button__link has-background has-small-font-size has-custom-font-size wp-element-button\" href=\"https:\/\/www.yishengpack.com\/de\/custom-printed-box\/\" style=\"background:linear-gradient(135deg,rgb(254,205,165) 0%,rgb(254,45,45) 0%,rgb(94,15,15) 0%,rgb(94,15,15) 100%)\" target=\"_blank\" rel=\"noreferrer noopener\"><strong>Entdecken Sie individuell bedruckte Boxen<\/strong><\/a><\/div>\n<\/div>\n<\/div>\n\n\n\n<div class=\"wp-block-column is-layout-flow wp-block-column-is-layout-flow\">\n<figure class=\"wp-block-image size-full\"><img decoding=\"async\" width=\"2048\" height=\"2048\" src=\"https:\/\/www.yishengpack.com\/wp-content\/uploads\/2025\/11\/Custom-High-Grade-Apparel-Boxes-Rigid-Gift-Box-for-Clothing-Packaging-Wholesale-4.webp\" alt=\"gro\u00dfhandel-bekleidung-geschenk-boxen-bedruckte-steife-boxen-4\" class=\"wp-image-2418\" srcset=\"https:\/\/www.yishengpack.com\/wp-content\/uploads\/2025\/11\/Custom-High-Grade-Apparel-Boxes-Rigid-Gift-Box-for-Clothing-Packaging-Wholesale-4.webp 2048w, https:\/\/www.yishengpack.com\/wp-content\/uploads\/2025\/11\/Custom-High-Grade-Apparel-Boxes-Rigid-Gift-Box-for-Clothing-Packaging-Wholesale-4-300x300.webp 300w, https:\/\/www.yishengpack.com\/wp-content\/uploads\/2025\/11\/Custom-High-Grade-Apparel-Boxes-Rigid-Gift-Box-for-Clothing-Packaging-Wholesale-4-150x150.webp 150w, https:\/\/www.yishengpack.com\/wp-content\/uploads\/2025\/11\/Custom-High-Grade-Apparel-Boxes-Rigid-Gift-Box-for-Clothing-Packaging-Wholesale-4-768x768.webp 768w, https:\/\/www.yishengpack.com\/wp-content\/uploads\/2025\/11\/Custom-High-Grade-Apparel-Boxes-Rigid-Gift-Box-for-Clothing-Packaging-Wholesale-4-12x12.webp 12w, https:\/\/www.yishengpack.com\/wp-content\/uploads\/2025\/11\/Custom-High-Grade-Apparel-Boxes-Rigid-Gift-Box-for-Clothing-Packaging-Wholesale-4-1200x1200.webp 1200w, https:\/\/www.yishengpack.com\/wp-content\/uploads\/2025\/11\/Custom-High-Grade-Apparel-Boxes-Rigid-Gift-Box-for-Clothing-Packaging-Wholesale-4-600x600.webp 600w, https:\/\/www.yishengpack.com\/wp-content\/uploads\/2025\/11\/Custom-High-Grade-Apparel-Boxes-Rigid-Gift-Box-for-Clothing-Packaging-Wholesale-4-100x100.webp 100w\" sizes=\"(max-width: 2048px) 100vw, 2048px\" \/><\/figure>\n\n\n\n<div class=\"wp-block-buttons has-custom-font-size has-small-font-size is-content-justification-center is-layout-flex wp-container-core-buttons-is-layout-16018d1d wp-block-buttons-is-layout-flex\">\n<div class=\"wp-block-button has-custom-width wp-block-button__width-75\"><a class=\"wp-block-button__link has-background has-small-font-size has-custom-font-size wp-element-button\" href=\"https:\/\/www.yishengpack.com\/de\/custom-box-inserts-accessories\/\" style=\"background:linear-gradient(135deg,rgb(254,205,165) 0%,rgb(254,45,45) 0%,rgb(94,15,15) 0%)\" target=\"_blank\" rel=\"noreferrer noopener\"><strong>Custom Box Inserts erforschen<\/strong><\/a><\/div>\n<\/div>\n<\/div>\n<\/div>","protected":false},"excerpt":{"rendered":"<p>Willkommen in unserem Gro\u00dfhandel Kleidung Geschenk-Boxen mit Magnetverschluss zu kaufen, die Kombination von Premium-St\u00e4rke mit eleganten Pr\u00e4sentation, perfekt f\u00fcr die Verpackung von T-Shirts, Hemden, Kleider, Jeans, Pullover, und vieles mehr. Die individuell bedruckten starren Boxen sind aus strapazierf\u00e4higem Karton gefertigt und unterst\u00fctzen kundenspezifische Gro\u00dfauftr\u00e4ge, ideal f\u00fcr Kleidung Verpackung, Markenf\u00f6rderung und Gro\u00dfhandel Kleidung Pr\u00e4sentation.<\/p>\n<h2>H\u00f6hepunkte des Gro\u00dfhandels Apparel Geschenk-Boxen<\/h2>\n<ul>\n<li>Vollst\u00e4ndige Individualisierung m\u00f6glich<\/li>\n<li>Hochwertige Materialien<\/li>\n<li>Exquisiter Druck<\/li>\n<li>Verschiedene Boxgr\u00f6\u00dfen<\/li>\n<li>Mehrere Farboptionen<\/li>\n<li>Mehrere Einf\u00fcgeoptionen<\/li>\n<li>Magnetischer Verschluss<\/li>\n<li>OEM&amp;ODM-Dienstleistung<\/li>\n<li>Einfache Lagerung<\/li>\n<li>Stabile Struktur<\/li>\n<\/ul>","protected":false},"featured_media":2415,"comment_status":"closed","ping_status":"closed","template":"","meta":{"_acf_changed":false},"box-type":[54,57],"product_brand":[],"product_cat":[19,66,46,69,67],"product_tag":[],"class_list":{"0":"post-2414","1":"product","2":"type-product","3":"status-publish","4":"has-post-thumbnail","6":"box-type-custom-magnetic-closure-boxes","7":"box-type-custom-rigid-box-with-lid","8":"product_cat-luxury-gift-boxes-wholesale","9":"product_cat-custom-apparel-boxes","10":"product_cat-wholesale-paper-boxes","11":"product_cat-custom-retail-boxes","12":"product_cat-custom-shipping-boxes","14":"first","15":"instock","16":"shipping-taxable","17":"product-type-simple"},"acf":[],"_links":{"self":[{"href":"https:\/\/www.yishengpack.com\/de\/wp-json\/wp\/v2\/product\/2414","targetHints":{"allow":["GET"]}}],"collection":[{"href":"https:\/\/www.yishengpack.com\/de\/wp-json\/wp\/v2\/product"}],"about":[{"href":"https:\/\/www.yishengpack.com\/de\/wp-json\/wp\/v2\/types\/product"}],"replies":[{"embeddable":true,"href":"https:\/\/www.yishengpack.com\/de\/wp-json\/wp\/v2\/comments?post=2414"}],"wp:featuredmedia":[{"embeddable":true,"href":"https:\/\/www.yishengpack.com\/de\/wp-json\/wp\/v2\/media\/2415"}],"wp:attachment":[{"href":"https:\/\/www.yishengpack.com\/de\/wp-json\/wp\/v2\/media?parent=2414"}],"wp:term":[{"taxonomy":"box-type","embeddable":true,"href":"https:\/\/www.yishengpack.com\/de\/wp-json\/wp\/v2\/box-type?post=2414"},{"taxonomy":"product_brand","embeddable":true,"href":"https:\/\/www.yishengpack.com\/de\/wp-json\/wp\/v2\/product_brand?post=2414"},{"taxonomy":"product_cat","embeddable":true,"href":"https:\/\/www.yishengpack.com\/de\/wp-json\/wp\/v2\/product_cat?post=2414"},{"taxonomy":"product_tag","embeddable":true,"href":"https:\/\/www.yishengpack.com\/de\/wp-json\/wp\/v2\/product_tag?post=2414"}],"curies":[{"name":"wp","href":"https:\/\/api.w.org\/{rel}","templated":true}]}}