{"id":2406,"date":"2025-11-07T10:34:31","date_gmt":"2025-11-07T10:34:31","guid":{"rendered":"https:\/\/www.yishengpack.com\/?post_type=product&#038;p=2406"},"modified":"2025-11-07T10:36:44","modified_gmt":"2025-11-07T10:36:44","slug":"wholesale-shipping-boxes","status":"publish","type":"product","link":"https:\/\/www.yishengpack.com\/de\/produkt\/wholesale-shipping-boxes\/","title":{"rendered":"Gro\u00dfhandel Versandkartons, benutzerdefinierte bedruckte Faltschachteln"},"content":{"rendered":"<div class=\"wp-block-columns is-layout-flex wp-container-core-columns-is-layout-9d6595d7 wp-block-columns-is-layout-flex\">\n<div class=\"wp-block-column is-layout-flow wp-block-column-is-layout-flow\">\n<h3 class=\"wp-block-heading\">Merkmale der Gro\u00dfhandelsversandboxen<\/h3>\n\n\n\n<p><strong>Schnappverschluss f\u00fcr sicheren Versand: <\/strong>Jeder unserer Versandkartons f\u00fcr den Gro\u00dfhandel ist mit einem Schnappverschluss ausgestattet, so dass Sie endlich sicher sein k\u00f6nnen, dass Gegenst\u00e4nde des t\u00e4glichen Bedarfs, Kleidung und Schuhe w\u00e4hrend des Transports nicht herausfallen und gleichzeitig die mit der Lieferung verbundenen Bedenken ausger\u00e4umt werden.<\/p>\n\n\n\n<p><strong>Starkes gewelltes Design:<\/strong> Unsere Versandkartons f\u00fcr den Gro\u00dfhandel sind aus robustem Wellpappe-Material gefertigt, um eine lange Lebensdauer zu gew\u00e4hrleisten. Es kann t\u00e4gliche Essentials, Kleidung und Schuhe an Ort und Stelle zu halten, w\u00e4hrend auch zu wissen, dass sie sicher verpackt und vor Sch\u00e4den w\u00e4hrend des Versandprozesses gesch\u00fctzt sind.<\/p>\n\n\n\n<p><strong>Lebendige Farboptionen:<\/strong> Jede unserer Versandboxen f\u00fcr den Gro\u00dfhandel ist in leuchtenden Farben erh\u00e4ltlich (z. B. blau, rot, gr\u00fcn usw.), um sie nicht nur deutlich unterscheidbar zu machen, sondern auch um eine Option f\u00fcr Marken zu sein, die Artikel des t\u00e4glichen Bedarfs, Kleidung und Schuhe versenden m\u00f6chten.<\/p>\n\n\n\n<p><strong>Faltbare Struktur Design:<\/strong> Sie werden flach verpackt geliefert und lassen sich leicht zusammensetzen, was Versand- und Lagerraum spart und sich besonders f\u00fcr Gro\u00dfeink\u00e4ufe eignet. Erh\u00e4ltlich in individuell bedruckten Faltschachteln in verschiedenen Spezifikationen, \u00d6ffnungsdesigns und Strukturdesigns f\u00fcr Elektronik, Lebensmittel, Geschenke und E-Commerce-Verpackungsanforderungen.<\/p>\n\n\n\n<p><strong>Vollst\u00e4ndig anpassbar f\u00fcr das Branding:<\/strong> Die Versandkartons f\u00fcr den Gro\u00dfhandel k\u00f6nnen mit Markenlogos, Mustern und exklusiven Designs bedruckt werden. Sie k\u00f6nnen die Gr\u00f6\u00dfe oder produktbezogene Grafiken anpassen und die Oberfl\u00e4chenbeschaffenheit w\u00e4hlen, um die einzigartigen Branding-Anforderungen von Unternehmen zu erf\u00fcllen, die Waren des t\u00e4glichen Bedarfs, Kleidung und Schuhe versenden.<\/p>\n<\/div>\n\n\n\n<div class=\"wp-block-column is-layout-flow wp-block-column-is-layout-flow\">\n<figure class=\"wp-block-image size-full\"><img decoding=\"async\" width=\"2048\" height=\"2048\" src=\"https:\/\/www.yishengpack.com\/wp-content\/uploads\/2025\/11\/Wholesale-Sturdy-Shipping-Box-Customization-Bulk-Paper-Box-with-Printed-Logo-2.webp\" alt=\"Gro\u00dfhandel-Versandkartons-bedruckte-Faltkartons-2\" class=\"wp-image-2408\" srcset=\"https:\/\/www.yishengpack.com\/wp-content\/uploads\/2025\/11\/Wholesale-Sturdy-Shipping-Box-Customization-Bulk-Paper-Box-with-Printed-Logo-2.webp 2048w, https:\/\/www.yishengpack.com\/wp-content\/uploads\/2025\/11\/Wholesale-Sturdy-Shipping-Box-Customization-Bulk-Paper-Box-with-Printed-Logo-2-300x300.webp 300w, https:\/\/www.yishengpack.com\/wp-content\/uploads\/2025\/11\/Wholesale-Sturdy-Shipping-Box-Customization-Bulk-Paper-Box-with-Printed-Logo-2-150x150.webp 150w, https:\/\/www.yishengpack.com\/wp-content\/uploads\/2025\/11\/Wholesale-Sturdy-Shipping-Box-Customization-Bulk-Paper-Box-with-Printed-Logo-2-768x768.webp 768w, https:\/\/www.yishengpack.com\/wp-content\/uploads\/2025\/11\/Wholesale-Sturdy-Shipping-Box-Customization-Bulk-Paper-Box-with-Printed-Logo-2-12x12.webp 12w, https:\/\/www.yishengpack.com\/wp-content\/uploads\/2025\/11\/Wholesale-Sturdy-Shipping-Box-Customization-Bulk-Paper-Box-with-Printed-Logo-2-1200x1200.webp 1200w, https:\/\/www.yishengpack.com\/wp-content\/uploads\/2025\/11\/Wholesale-Sturdy-Shipping-Box-Customization-Bulk-Paper-Box-with-Printed-Logo-2-600x600.webp 600w, https:\/\/www.yishengpack.com\/wp-content\/uploads\/2025\/11\/Wholesale-Sturdy-Shipping-Box-Customization-Bulk-Paper-Box-with-Printed-Logo-2-100x100.webp 100w\" sizes=\"(max-width: 2048px) 100vw, 2048px\" \/><\/figure>\n<\/div>\n<\/div>\n\n\n\n<div class=\"wp-block-columns is-not-stacked-on-mobile is-layout-flex wp-container-core-columns-is-layout-9d6595d7 wp-block-columns-is-layout-flex\">\n<div class=\"wp-block-column is-layout-flow wp-block-column-is-layout-flow\">\n<figure class=\"wp-block-image size-full\"><img decoding=\"async\" width=\"2048\" height=\"2048\" src=\"https:\/\/www.yishengpack.com\/wp-content\/uploads\/2025\/11\/Wholesale-Sturdy-Shipping-Box-Customization-Bulk-Paper-Box-with-Printed-Logo-3.webp\" alt=\"Gro\u00dfhandels-Versandkartons-bedruckte-Faltkartons-3\" class=\"wp-image-2409\" srcset=\"https:\/\/www.yishengpack.com\/wp-content\/uploads\/2025\/11\/Wholesale-Sturdy-Shipping-Box-Customization-Bulk-Paper-Box-with-Printed-Logo-3.webp 2048w, https:\/\/www.yishengpack.com\/wp-content\/uploads\/2025\/11\/Wholesale-Sturdy-Shipping-Box-Customization-Bulk-Paper-Box-with-Printed-Logo-3-300x300.webp 300w, https:\/\/www.yishengpack.com\/wp-content\/uploads\/2025\/11\/Wholesale-Sturdy-Shipping-Box-Customization-Bulk-Paper-Box-with-Printed-Logo-3-150x150.webp 150w, https:\/\/www.yishengpack.com\/wp-content\/uploads\/2025\/11\/Wholesale-Sturdy-Shipping-Box-Customization-Bulk-Paper-Box-with-Printed-Logo-3-768x768.webp 768w, https:\/\/www.yishengpack.com\/wp-content\/uploads\/2025\/11\/Wholesale-Sturdy-Shipping-Box-Customization-Bulk-Paper-Box-with-Printed-Logo-3-12x12.webp 12w, https:\/\/www.yishengpack.com\/wp-content\/uploads\/2025\/11\/Wholesale-Sturdy-Shipping-Box-Customization-Bulk-Paper-Box-with-Printed-Logo-3-1200x1200.webp 1200w, https:\/\/www.yishengpack.com\/wp-content\/uploads\/2025\/11\/Wholesale-Sturdy-Shipping-Box-Customization-Bulk-Paper-Box-with-Printed-Logo-3-600x600.webp 600w, https:\/\/www.yishengpack.com\/wp-content\/uploads\/2025\/11\/Wholesale-Sturdy-Shipping-Box-Customization-Bulk-Paper-Box-with-Printed-Logo-3-100x100.webp 100w\" sizes=\"(max-width: 2048px) 100vw, 2048px\" \/><\/figure>\n\n\n\n<div class=\"wp-block-buttons has-custom-font-size has-small-font-size is-content-justification-center is-layout-flex wp-container-core-buttons-is-layout-16018d1d wp-block-buttons-is-layout-flex\">\n<div class=\"wp-block-button has-custom-width wp-block-button__width-75\"><a class=\"wp-block-button__link has-background has-small-font-size has-custom-font-size wp-element-button\" href=\"https:\/\/www.yishengpack.com\/de\/custom-printed-box\/\" style=\"background:linear-gradient(135deg,rgb(254,205,165) 0%,rgb(254,45,45) 0%,rgb(94,15,15) 0%,rgb(94,15,15) 100%)\" target=\"_blank\" rel=\"noreferrer noopener\"><strong>Entdecken Sie individuell bedruckte Boxen<\/strong><\/a><\/div>\n<\/div>\n<\/div>\n\n\n\n<div class=\"wp-block-column is-layout-flow wp-block-column-is-layout-flow\">\n<figure class=\"wp-block-image size-full\"><img decoding=\"async\" width=\"2048\" height=\"2048\" src=\"https:\/\/www.yishengpack.com\/wp-content\/uploads\/2025\/11\/Wholesale-Sturdy-Shipping-Box-Customization-Bulk-Paper-Box-with-Printed-Logo-7.webp\" alt=\"gro\u00dfhandel-versandkartons-individuell-bedruckte-faltkartons-7\" class=\"wp-image-2413\" srcset=\"https:\/\/www.yishengpack.com\/wp-content\/uploads\/2025\/11\/Wholesale-Sturdy-Shipping-Box-Customization-Bulk-Paper-Box-with-Printed-Logo-7.webp 2048w, https:\/\/www.yishengpack.com\/wp-content\/uploads\/2025\/11\/Wholesale-Sturdy-Shipping-Box-Customization-Bulk-Paper-Box-with-Printed-Logo-7-300x300.webp 300w, https:\/\/www.yishengpack.com\/wp-content\/uploads\/2025\/11\/Wholesale-Sturdy-Shipping-Box-Customization-Bulk-Paper-Box-with-Printed-Logo-7-150x150.webp 150w, https:\/\/www.yishengpack.com\/wp-content\/uploads\/2025\/11\/Wholesale-Sturdy-Shipping-Box-Customization-Bulk-Paper-Box-with-Printed-Logo-7-768x768.webp 768w, https:\/\/www.yishengpack.com\/wp-content\/uploads\/2025\/11\/Wholesale-Sturdy-Shipping-Box-Customization-Bulk-Paper-Box-with-Printed-Logo-7-12x12.webp 12w, https:\/\/www.yishengpack.com\/wp-content\/uploads\/2025\/11\/Wholesale-Sturdy-Shipping-Box-Customization-Bulk-Paper-Box-with-Printed-Logo-7-1200x1200.webp 1200w, https:\/\/www.yishengpack.com\/wp-content\/uploads\/2025\/11\/Wholesale-Sturdy-Shipping-Box-Customization-Bulk-Paper-Box-with-Printed-Logo-7-600x600.webp 600w, https:\/\/www.yishengpack.com\/wp-content\/uploads\/2025\/11\/Wholesale-Sturdy-Shipping-Box-Customization-Bulk-Paper-Box-with-Printed-Logo-7-100x100.webp 100w\" sizes=\"(max-width: 2048px) 100vw, 2048px\" \/><\/figure>\n\n\n\n<div class=\"wp-block-buttons has-custom-font-size has-small-font-size is-content-justification-center is-layout-flex wp-container-core-buttons-is-layout-16018d1d wp-block-buttons-is-layout-flex\">\n<div class=\"wp-block-button has-custom-width wp-block-button__width-75\"><a class=\"wp-block-button__link has-background has-small-font-size has-custom-font-size wp-element-button\" href=\"https:\/\/www.yishengpack.com\/de\/custom-product-boxes-types\/\" style=\"background:linear-gradient(135deg,rgb(254,205,165) 0%,rgb(254,45,45) 0%,rgb(94,15,15) 0%)\" target=\"_blank\" rel=\"noreferrer noopener\"><strong>Benutzerdefinierte Box-Typen erkunden<\/strong><\/a><\/div>\n<\/div>\n<\/div>\n<\/div>","protected":false},"excerpt":{"rendered":"<p>Willkommen zum Kauf unserer Gro\u00dfhandel Versandkartons! Diese individuell bedruckten Faltschachteln sind aus strapazierf\u00e4higem Wellpapier hergestellt, haben ein faltbares Design und sind f\u00fcr den Logodruck verf\u00fcgbar. Gro\u00df f\u00fcr Gro\u00dfhandel Versand und Markenverpackungen, bieten diese Boxen ausgezeichnete St\u00e4rke, Nachhaltigkeit und Anpassung. Unsere Produkte eignen sich hervorragend f\u00fcr den Versand von Alltagsgegenst\u00e4nden, Kleidung, Schuhen usw. Wir nehmen Ihnen die Sorge, dass Ihre Bestellungen sicher ankommen, und sorgen daf\u00fcr, dass Sie eine anspruchsvolle, aber effiziente Versandmethode entwickeln.<\/p>\n<h2>Highlights des Gro\u00dfhandels Versandkartons<\/h2>\n<ul>\n<li>Vollst\u00e4ndige Anpassung<\/li>\n<li>Wasserfeste Materialien<\/li>\n<li>Umfassende Druckkunst<\/li>\n<li>Mehrere Boxgr\u00f6\u00dfen<\/li>\n<li>Mehrere Farboptionen<\/li>\n<li>Robuste Konstruktion<\/li>\n<li>Langlebige Handwerkskunst<\/li>\n<li>Benutzerdefinierter Einsatz<\/li>\n<\/ul>","protected":false},"featured_media":2407,"comment_status":"closed","ping_status":"closed","template":"","meta":{"_acf_changed":false},"box-type":[55,59,48],"product_brand":[],"product_cat":[46,19,66,65,40,39,69,67],"product_tag":[],"class_list":{"0":"post-2406","1":"product","2":"type-product","3":"status-publish","4":"has-post-thumbnail","6":"box-type-custom-foldable-boxes","7":"box-type-custom-mailer-boxes","8":"box-type-custom-tuck-top-boxes","9":"product_cat-wholesale-paper-boxes","10":"product_cat-luxury-gift-boxes-wholesale","11":"product_cat-custom-apparel-boxes","12":"product_cat-custom-cosmetic-boxes","13":"product_cat-custom-jewelry-boxes","14":"product_cat-custom-perfume-boxes","15":"product_cat-custom-retail-boxes","16":"product_cat-custom-shipping-boxes","18":"first","19":"instock","20":"shipping-taxable","21":"product-type-simple"},"acf":[],"_links":{"self":[{"href":"https:\/\/www.yishengpack.com\/de\/wp-json\/wp\/v2\/product\/2406","targetHints":{"allow":["GET"]}}],"collection":[{"href":"https:\/\/www.yishengpack.com\/de\/wp-json\/wp\/v2\/product"}],"about":[{"href":"https:\/\/www.yishengpack.com\/de\/wp-json\/wp\/v2\/types\/product"}],"replies":[{"embeddable":true,"href":"https:\/\/www.yishengpack.com\/de\/wp-json\/wp\/v2\/comments?post=2406"}],"wp:featuredmedia":[{"embeddable":true,"href":"https:\/\/www.yishengpack.com\/de\/wp-json\/wp\/v2\/media\/2407"}],"wp:attachment":[{"href":"https:\/\/www.yishengpack.com\/de\/wp-json\/wp\/v2\/media?parent=2406"}],"wp:term":[{"taxonomy":"box-type","embeddable":true,"href":"https:\/\/www.yishengpack.com\/de\/wp-json\/wp\/v2\/box-type?post=2406"},{"taxonomy":"product_brand","embeddable":true,"href":"https:\/\/www.yishengpack.com\/de\/wp-json\/wp\/v2\/product_brand?post=2406"},{"taxonomy":"product_cat","embeddable":true,"href":"https:\/\/www.yishengpack.com\/de\/wp-json\/wp\/v2\/product_cat?post=2406"},{"taxonomy":"product_tag","embeddable":true,"href":"https:\/\/www.yishengpack.com\/de\/wp-json\/wp\/v2\/product_tag?post=2406"}],"curies":[{"name":"wp","href":"https:\/\/api.w.org\/{rel}","templated":true}]}}