{"id":2398,"date":"2025-11-06T16:54:34","date_gmt":"2025-11-06T16:54:34","guid":{"rendered":"https:\/\/www.yishengpack.com\/?post_type=product&#038;p=2398"},"modified":"2025-11-06T16:54:35","modified_gmt":"2025-11-06T16:54:35","slug":"custom-gift-paper-bags","status":"publish","type":"product","link":"https:\/\/www.yishengpack.com\/de\/produkt\/custom-gift-paper-bags\/","title":{"rendered":"Premium-Geschenk-Papiert\u00fcten mit Griff, faltbare Geschenkt\u00fcte"},"content":{"rendered":"<div class=\"wp-block-columns is-layout-flex wp-container-core-columns-is-layout-9d6595d7 wp-block-columns-is-layout-flex\">\n<div class=\"wp-block-column is-layout-flow wp-block-column-is-layout-flow\">\n<h3 class=\"wp-block-heading\">Merkmale von individuellen Geschenkpapiertaschen<\/h3>\n\n\n\n<p><strong>Mehrere Griffoptionen:<\/strong> Diese kundenspezifischen Papiertragetaschen bieten verschiedene Designs, darunter gedrehte Papierseilgriffe, Baumwollseilgriffe, Seidenseilgriffe und perforierte Griffe, um den Anforderungen an Stil und Tragf\u00e4higkeit verschiedener Produkte gerecht zu werden.<\/p>\n\n\n\n<p><strong>Umweltfreundliches Kraftprodukt:<\/strong> Diese individuellen Papiert\u00fcten f\u00fcr Geschenke werden aus umweltfreundlichem Kraftpapier hergestellt. Diese Tasche ist robust und nachhaltig f\u00fcr Lebensmittel, kleine Geschenke und Kunsthandwerk und erf\u00fcllt Ihre umweltbewussten Verpackungsanforderungen.<\/p>\n\n\n\n<p><strong>Verspieltes Design zum Thema Urlaub: <\/strong>Die Gro\u00dfhandelspapiert\u00fcte zeigt verspielte Weihnachtsmotive wie Schneem\u00e4nner, Rentiere und Weihnachtsb\u00e4ume. Dies ist ideal f\u00fcr die Anwendung in Geschenk Lebensmittel, kleine Geschenke und Kunsthandwerk w\u00e4hrend der Feiertage.<\/p>\n\n\n\n<p><strong>Vielseitige Kapazit\u00e4t: <\/strong>Die benutzerdefinierte Geschenkpapiertaschen sind eine vielseitige Form der Tasche, die viele Artikel, die eine Vielzahl von Lebensmitteln Leckereien, eine Sammlung von kleinen Geschenken oder eine Sammlung von Kunsthandwerk aufnehmen k\u00f6nnen.<\/p>\n\n\n\n<p><strong>Individuell bedruckte Tasche verf\u00fcgbar:<\/strong> Unsere Gro\u00dfhandelspapiertaschen k\u00f6nnen in Gr\u00f6\u00dfe, Farbe, Logo, Druckmuster und Oberfl\u00e4chenbehandlung (wie Hei\u00dfpr\u00e4gung, Laminierung, Pr\u00e4gung usw.) an jede Marke angepasst werden.<\/p>\n<\/div>\n\n\n\n<div class=\"wp-block-column is-layout-flow wp-block-column-is-layout-flow\">\n<figure class=\"wp-block-image size-full\"><img decoding=\"async\" width=\"2048\" height=\"2048\" src=\"https:\/\/www.yishengpack.com\/wp-content\/uploads\/2025\/10\/Premium-Custom-Paper-Bags-with-Handle-Wholesale-Folding-Gift-Bag-for-Celebration-7.webp\" alt=\"Premium-Geschenkpapier-Taschen-mit-Griff-Faltgeschenk-Tasche-7\" class=\"wp-image-2405\" srcset=\"https:\/\/www.yishengpack.com\/wp-content\/uploads\/2025\/10\/Premium-Custom-Paper-Bags-with-Handle-Wholesale-Folding-Gift-Bag-for-Celebration-7.webp 2048w, https:\/\/www.yishengpack.com\/wp-content\/uploads\/2025\/10\/Premium-Custom-Paper-Bags-with-Handle-Wholesale-Folding-Gift-Bag-for-Celebration-7-300x300.webp 300w, https:\/\/www.yishengpack.com\/wp-content\/uploads\/2025\/10\/Premium-Custom-Paper-Bags-with-Handle-Wholesale-Folding-Gift-Bag-for-Celebration-7-150x150.webp 150w, https:\/\/www.yishengpack.com\/wp-content\/uploads\/2025\/10\/Premium-Custom-Paper-Bags-with-Handle-Wholesale-Folding-Gift-Bag-for-Celebration-7-768x768.webp 768w, https:\/\/www.yishengpack.com\/wp-content\/uploads\/2025\/10\/Premium-Custom-Paper-Bags-with-Handle-Wholesale-Folding-Gift-Bag-for-Celebration-7-12x12.webp 12w, https:\/\/www.yishengpack.com\/wp-content\/uploads\/2025\/10\/Premium-Custom-Paper-Bags-with-Handle-Wholesale-Folding-Gift-Bag-for-Celebration-7-1200x1200.webp 1200w, https:\/\/www.yishengpack.com\/wp-content\/uploads\/2025\/10\/Premium-Custom-Paper-Bags-with-Handle-Wholesale-Folding-Gift-Bag-for-Celebration-7-600x600.webp 600w, https:\/\/www.yishengpack.com\/wp-content\/uploads\/2025\/10\/Premium-Custom-Paper-Bags-with-Handle-Wholesale-Folding-Gift-Bag-for-Celebration-7-100x100.webp 100w\" sizes=\"(max-width: 2048px) 100vw, 2048px\" \/><\/figure>\n<\/div>\n<\/div>\n\n\n\n<div class=\"wp-block-columns is-layout-flex wp-container-core-columns-is-layout-9d6595d7 wp-block-columns-is-layout-flex\">\n<div class=\"wp-block-column is-layout-flow wp-block-column-is-layout-flow\">\n<figure class=\"wp-block-image size-full\"><img decoding=\"async\" width=\"2048\" height=\"2048\" src=\"https:\/\/www.yishengpack.com\/wp-content\/uploads\/2025\/10\/Premium-Custom-Paper-Bags-with-Handle-Wholesale-Folding-Gift-Bag-for-Celebration-4.webp\" alt=\"Premium-Geschenkpapier-Taschen-mit-Griff-Faltgeschenk-Tasche-4\" class=\"wp-image-2402\" srcset=\"https:\/\/www.yishengpack.com\/wp-content\/uploads\/2025\/10\/Premium-Custom-Paper-Bags-with-Handle-Wholesale-Folding-Gift-Bag-for-Celebration-4.webp 2048w, https:\/\/www.yishengpack.com\/wp-content\/uploads\/2025\/10\/Premium-Custom-Paper-Bags-with-Handle-Wholesale-Folding-Gift-Bag-for-Celebration-4-300x300.webp 300w, https:\/\/www.yishengpack.com\/wp-content\/uploads\/2025\/10\/Premium-Custom-Paper-Bags-with-Handle-Wholesale-Folding-Gift-Bag-for-Celebration-4-150x150.webp 150w, https:\/\/www.yishengpack.com\/wp-content\/uploads\/2025\/10\/Premium-Custom-Paper-Bags-with-Handle-Wholesale-Folding-Gift-Bag-for-Celebration-4-768x768.webp 768w, https:\/\/www.yishengpack.com\/wp-content\/uploads\/2025\/10\/Premium-Custom-Paper-Bags-with-Handle-Wholesale-Folding-Gift-Bag-for-Celebration-4-12x12.webp 12w, https:\/\/www.yishengpack.com\/wp-content\/uploads\/2025\/10\/Premium-Custom-Paper-Bags-with-Handle-Wholesale-Folding-Gift-Bag-for-Celebration-4-1200x1200.webp 1200w, https:\/\/www.yishengpack.com\/wp-content\/uploads\/2025\/10\/Premium-Custom-Paper-Bags-with-Handle-Wholesale-Folding-Gift-Bag-for-Celebration-4-600x600.webp 600w, https:\/\/www.yishengpack.com\/wp-content\/uploads\/2025\/10\/Premium-Custom-Paper-Bags-with-Handle-Wholesale-Folding-Gift-Bag-for-Celebration-4-100x100.webp 100w\" sizes=\"(max-width: 2048px) 100vw, 2048px\" \/><\/figure>\n\n\n\n<div class=\"wp-block-buttons has-custom-font-size has-small-font-size is-content-justification-center is-layout-flex wp-container-core-buttons-is-layout-16018d1d wp-block-buttons-is-layout-flex\">\n<div class=\"wp-block-button has-custom-width wp-block-button__width-75\"><a class=\"wp-block-button__link has-background has-small-font-size has-custom-font-size wp-element-button\" href=\"https:\/\/www.yishengpack.com\/de\/custom-printed-box\/\" style=\"background:linear-gradient(135deg,rgb(254,205,165) 0%,rgb(254,45,45) 0%,rgb(94,15,15) 0%,rgb(94,15,15) 100%)\" target=\"_blank\" rel=\"noreferrer noopener\"><strong>Entdecken Sie individuell bedruckte Boxen<\/strong><\/a><\/div>\n<\/div>\n<\/div>\n\n\n\n<div class=\"wp-block-column is-layout-flow wp-block-column-is-layout-flow\">\n<figure class=\"wp-block-image size-full\"><img decoding=\"async\" width=\"2048\" height=\"2048\" src=\"https:\/\/www.yishengpack.com\/wp-content\/uploads\/2025\/10\/Premium-Custom-Paper-Bags-with-Handle-Wholesale-Folding-Gift-Bag-for-Celebration-6.webp\" alt=\"Premium-Geschenkpapier-Taschen-mit-Griff-Faltgeschenk-Tasche-6\" class=\"wp-image-2404\" srcset=\"https:\/\/www.yishengpack.com\/wp-content\/uploads\/2025\/10\/Premium-Custom-Paper-Bags-with-Handle-Wholesale-Folding-Gift-Bag-for-Celebration-6.webp 2048w, https:\/\/www.yishengpack.com\/wp-content\/uploads\/2025\/10\/Premium-Custom-Paper-Bags-with-Handle-Wholesale-Folding-Gift-Bag-for-Celebration-6-300x300.webp 300w, https:\/\/www.yishengpack.com\/wp-content\/uploads\/2025\/10\/Premium-Custom-Paper-Bags-with-Handle-Wholesale-Folding-Gift-Bag-for-Celebration-6-150x150.webp 150w, https:\/\/www.yishengpack.com\/wp-content\/uploads\/2025\/10\/Premium-Custom-Paper-Bags-with-Handle-Wholesale-Folding-Gift-Bag-for-Celebration-6-768x768.webp 768w, https:\/\/www.yishengpack.com\/wp-content\/uploads\/2025\/10\/Premium-Custom-Paper-Bags-with-Handle-Wholesale-Folding-Gift-Bag-for-Celebration-6-12x12.webp 12w, https:\/\/www.yishengpack.com\/wp-content\/uploads\/2025\/10\/Premium-Custom-Paper-Bags-with-Handle-Wholesale-Folding-Gift-Bag-for-Celebration-6-1200x1200.webp 1200w, https:\/\/www.yishengpack.com\/wp-content\/uploads\/2025\/10\/Premium-Custom-Paper-Bags-with-Handle-Wholesale-Folding-Gift-Bag-for-Celebration-6-600x600.webp 600w, https:\/\/www.yishengpack.com\/wp-content\/uploads\/2025\/10\/Premium-Custom-Paper-Bags-with-Handle-Wholesale-Folding-Gift-Bag-for-Celebration-6-100x100.webp 100w\" sizes=\"(max-width: 2048px) 100vw, 2048px\" \/><\/figure>\n\n\n\n<div class=\"wp-block-buttons is-content-justification-center is-layout-flex wp-container-core-buttons-is-layout-16018d1d wp-block-buttons-is-layout-flex\">\n<div class=\"wp-block-button has-custom-width wp-block-button__width-75\"><a class=\"wp-block-button__link has-background has-small-font-size has-custom-font-size wp-element-button\" href=\"https:\/\/www.yishengpack.com\/de\/custom-product-boxes-types\/\" style=\"background:linear-gradient(135deg,rgb(254,205,165) 0%,rgb(254,45,45) 0%,rgb(94,15,15) 0%)\" target=\"_blank\" rel=\"noreferrer noopener\"><strong>Erkunden Sie Custom H<\/strong>andle Stile<\/a><\/div>\n<\/div>\n<\/div>\n<\/div>","protected":false},"excerpt":{"rendered":"<p>Willkommen beim Kauf unserer individuellen Geschenkt\u00fcten mit Griffen! Diese High-End-individuelle Geschenkpapiertasche ist aus hochwertigem Papier gefertigt und bietet eine Vielzahl von Griffoptionen, die \u00c4sthetik und Praktikabilit\u00e4t kombinieren. Faltbar f\u00fcr einfache Lagerung und Transport, unterst\u00fctzt Logo und Muster Anpassung, geeignet f\u00fcr Urlaub Geschenke, Markenveranstaltungen und Gro\u00dfhandel von Premium-Verpackungen.<\/p>\n<h2>H\u00f6hepunkte der individuellen Geschenkpapiertaschen<\/h2>\n<ul>\n<li>Vollst\u00e4ndige Anpassung<\/li>\n<li>Hochwertige Materialien<\/li>\n<li>Anspruchsvoller Druck<\/li>\n<li>Mehrere Taschentypen<\/li>\n<li>Sorgf\u00e4ltige Handwerkskunst<\/li>\n<li>Verschiedene Griffstile<\/li>\n<li>Kundenspezifische Eins\u00e4tze<\/li>\n<\/ul>","protected":false},"featured_media":2399,"comment_status":"closed","ping_status":"closed","template":"","meta":{"_acf_changed":false},"box-type":[49,52,50],"product_brand":[],"product_cat":[34,70,38,37],"product_tag":[],"class_list":{"0":"post-2398","1":"product","2":"type-product","3":"status-publish","4":"has-post-thumbnail","6":"box-type-custom-die-cut-paper-bag","7":"box-type-custom-rope-handle-paper-bags","8":"box-type-custom-twisted-handle-paper-bags","9":"product_cat-paper-bags-wholesale","10":"product_cat-custom-clothing-bags","11":"product_cat-bakery-paper-bags-wholesale","12":"product_cat-paper-gift-bags-bulk","14":"first","15":"instock","16":"shipping-taxable","17":"product-type-simple"},"acf":[],"_links":{"self":[{"href":"https:\/\/www.yishengpack.com\/de\/wp-json\/wp\/v2\/product\/2398","targetHints":{"allow":["GET"]}}],"collection":[{"href":"https:\/\/www.yishengpack.com\/de\/wp-json\/wp\/v2\/product"}],"about":[{"href":"https:\/\/www.yishengpack.com\/de\/wp-json\/wp\/v2\/types\/product"}],"replies":[{"embeddable":true,"href":"https:\/\/www.yishengpack.com\/de\/wp-json\/wp\/v2\/comments?post=2398"}],"wp:featuredmedia":[{"embeddable":true,"href":"https:\/\/www.yishengpack.com\/de\/wp-json\/wp\/v2\/media\/2399"}],"wp:attachment":[{"href":"https:\/\/www.yishengpack.com\/de\/wp-json\/wp\/v2\/media?parent=2398"}],"wp:term":[{"taxonomy":"box-type","embeddable":true,"href":"https:\/\/www.yishengpack.com\/de\/wp-json\/wp\/v2\/box-type?post=2398"},{"taxonomy":"product_brand","embeddable":true,"href":"https:\/\/www.yishengpack.com\/de\/wp-json\/wp\/v2\/product_brand?post=2398"},{"taxonomy":"product_cat","embeddable":true,"href":"https:\/\/www.yishengpack.com\/de\/wp-json\/wp\/v2\/product_cat?post=2398"},{"taxonomy":"product_tag","embeddable":true,"href":"https:\/\/www.yishengpack.com\/de\/wp-json\/wp\/v2\/product_tag?post=2398"}],"curies":[{"name":"wp","href":"https:\/\/api.w.org\/{rel}","templated":true}]}}