{"id":2382,"date":"2025-11-06T15:30:12","date_gmt":"2025-11-06T15:30:12","guid":{"rendered":"https:\/\/www.yishengpack.com\/?post_type=product&#038;p=2382"},"modified":"2025-11-06T15:30:14","modified_gmt":"2025-11-06T15:30:14","slug":"paper-bags-with-rope-handles-wholesale","status":"publish","type":"product","link":"https:\/\/www.yishengpack.com\/de\/produkt\/paper-bags-with-rope-handles-wholesale\/","title":{"rendered":"Papiert\u00fcten mit Seilgriffen Gro\u00dfhandel mit Weihnachtsmotiv"},"content":{"rendered":"<div class=\"wp-block-columns is-layout-flex wp-container-core-columns-is-layout-9d6595d7 wp-block-columns-is-layout-flex\">\n<div class=\"wp-block-column is-layout-flow wp-block-column-is-layout-flow\">\n<h3 class=\"wp-block-heading\">Merkmale von Papiert\u00fcten mit Seilgriffen Gro\u00dfhandel<\/h3>\n\n\n\n<p><strong>Seilgriffe f\u00fcr einfaches Tragen:<\/strong> Die Papiert\u00fcten mit Seilgriffen im Gro\u00dfhandel verf\u00fcgen \u00fcber langlebige, robuste Seilgriffe, so dass sie einfach und angenehm zu tragen sind. Ideal f\u00fcr den Transport von Lebensmitteln, handgefertigten Accessoires und kleinen Geschenken.<\/p>\n\n\n\n<p><strong>Dauerhaftes Kraftpapier:<\/strong> Die individuelle Geschenkt\u00fcte aus Papier ist aus strapazierf\u00e4higem Kraftpapier gefertigt, was ihr eine gute Festigkeit verleiht. Es kann alles von Lebensmitteln Leckereien zu handgefertigten Accessoires oder kleine Geschenke halten, ohne die Form der Papiert\u00fcte zu beeintr\u00e4chtigen.<\/p>\n\n\n\n<p><strong>Festliche thematische Drucke:<\/strong> Die Papiert\u00fcten mit Seilgriffen sind im Gro\u00dfhandel mit festlichen Weihnachtsmotiven wie Schneeflocken, Rentieren und Weihnachtsb\u00e4umen erh\u00e4ltlich. Sie erm\u00f6glichen eine festliche Anstrengung, um Lebensmittel Leckereien, handgemachte Accessoires oder und kleine Geschenke als Geschenke w\u00e4hrend der Ferienzeit zu pr\u00e4sentieren.<\/p>\n\n\n\n<p><strong>Gro\u00dfe Kapazit\u00e4t:<\/strong> Das Fassungsverm\u00f6gen unserer Geschenkt\u00fcten aus Papier erm\u00f6glicht die Aufbewahrung einer angemessenen Menge von Gegenst\u00e4nden in den T\u00fcten, einschlie\u00dflich mehrerer Leckereien, eines Sets handgefertigter Accessoires oder mehrerer kleinerer Geschenke. Die Papiergeschenkt\u00fcten k\u00f6nnen eine bessere Option f\u00fcr alle Ihre Verpackungsbed\u00fcrfnisse sein.<\/p>\n\n\n\n<p><strong>Vollst\u00e4ndig anpassbar f\u00fcr Ihr Business Branding:<\/strong> Die Papiert\u00fcten mit Seilgriffen Gro\u00dfhandel sind speziell mit voller anpassen Optionen entwickelt. Die Gr\u00f6\u00dfe kann ge\u00e4ndert werden, mit einem Markenlogo bedruckt, und \/ oder in festlichen Mustern gedruckt, benutzerdefinierte einf\u00fcgen. Wir k\u00f6nnen Unternehmen helfen, ihre einzigartige Branding Bed\u00fcrfnisse zu erf\u00fcllen.<\/p>\n<\/div>\n\n\n\n<div class=\"wp-block-column is-layout-flow wp-block-column-is-layout-flow\">\n<figure class=\"wp-block-image size-full\"><img decoding=\"async\" width=\"2048\" height=\"2048\" src=\"https:\/\/www.yishengpack.com\/wp-content\/uploads\/2025\/10\/Customization-Hot-Selling-Rope-Handles-Paper-Bags-Durable-Bag-for-Craft-Gift-Wholesale-2.png\" alt=\"Papiert\u00fcten-mit-Seilhenkeln-Gro\u00dfhandel-mit-Weihnachten-Stil-2\" class=\"wp-image-2385\" srcset=\"https:\/\/www.yishengpack.com\/wp-content\/uploads\/2025\/10\/Customization-Hot-Selling-Rope-Handles-Paper-Bags-Durable-Bag-for-Craft-Gift-Wholesale-2.png 2048w, https:\/\/www.yishengpack.com\/wp-content\/uploads\/2025\/10\/Customization-Hot-Selling-Rope-Handles-Paper-Bags-Durable-Bag-for-Craft-Gift-Wholesale-2-300x300.png 300w, https:\/\/www.yishengpack.com\/wp-content\/uploads\/2025\/10\/Customization-Hot-Selling-Rope-Handles-Paper-Bags-Durable-Bag-for-Craft-Gift-Wholesale-2-150x150.png 150w, https:\/\/www.yishengpack.com\/wp-content\/uploads\/2025\/10\/Customization-Hot-Selling-Rope-Handles-Paper-Bags-Durable-Bag-for-Craft-Gift-Wholesale-2-768x768.png 768w, https:\/\/www.yishengpack.com\/wp-content\/uploads\/2025\/10\/Customization-Hot-Selling-Rope-Handles-Paper-Bags-Durable-Bag-for-Craft-Gift-Wholesale-2-12x12.png 12w\" sizes=\"(max-width: 2048px) 100vw, 2048px\" \/><\/figure>\n<\/div>\n<\/div>\n\n\n\n<div class=\"wp-block-columns is-layout-flex wp-container-core-columns-is-layout-9d6595d7 wp-block-columns-is-layout-flex\">\n<div class=\"wp-block-column is-layout-flow wp-block-column-is-layout-flow\">\n<figure class=\"wp-block-image size-full\"><img decoding=\"async\" width=\"2048\" height=\"2048\" src=\"https:\/\/www.yishengpack.com\/wp-content\/uploads\/2025\/10\/Customization-Hot-Selling-Rope-Handles-Paper-Bags-Durable-Bag-for-Craft-Gift-Wholesale-3.png\" alt=\"Papiert\u00fcten-mit-Seilhenkeln-Gro\u00dfhandel-mit-Weihnachten-Stil-3\" class=\"wp-image-2386\" srcset=\"https:\/\/www.yishengpack.com\/wp-content\/uploads\/2025\/10\/Customization-Hot-Selling-Rope-Handles-Paper-Bags-Durable-Bag-for-Craft-Gift-Wholesale-3.png 2048w, https:\/\/www.yishengpack.com\/wp-content\/uploads\/2025\/10\/Customization-Hot-Selling-Rope-Handles-Paper-Bags-Durable-Bag-for-Craft-Gift-Wholesale-3-300x300.png 300w, https:\/\/www.yishengpack.com\/wp-content\/uploads\/2025\/10\/Customization-Hot-Selling-Rope-Handles-Paper-Bags-Durable-Bag-for-Craft-Gift-Wholesale-3-150x150.png 150w, https:\/\/www.yishengpack.com\/wp-content\/uploads\/2025\/10\/Customization-Hot-Selling-Rope-Handles-Paper-Bags-Durable-Bag-for-Craft-Gift-Wholesale-3-768x768.png 768w, https:\/\/www.yishengpack.com\/wp-content\/uploads\/2025\/10\/Customization-Hot-Selling-Rope-Handles-Paper-Bags-Durable-Bag-for-Craft-Gift-Wholesale-3-12x12.png 12w\" sizes=\"(max-width: 2048px) 100vw, 2048px\" \/><\/figure>\n\n\n\n<div class=\"wp-block-buttons has-custom-font-size has-small-font-size is-content-justification-center is-layout-flex wp-container-core-buttons-is-layout-16018d1d wp-block-buttons-is-layout-flex\">\n<div class=\"wp-block-button has-custom-width wp-block-button__width-75\"><a class=\"wp-block-button__link has-background has-small-font-size has-custom-font-size wp-element-button\" href=\"https:\/\/www.yishengpack.com\/de\/custom-printed-box\/\" style=\"background:linear-gradient(135deg,rgb(254,205,165) 0%,rgb(254,45,45) 0%,rgb(94,15,15) 0%,rgb(94,15,15) 100%)\" target=\"_blank\" rel=\"noreferrer noopener\"><strong>Entdecken Sie individuell bedruckte Boxen<\/strong><\/a><\/div>\n<\/div>\n<\/div>\n\n\n\n<div class=\"wp-block-column is-layout-flow wp-block-column-is-layout-flow\">\n<figure class=\"wp-block-image size-full\"><img decoding=\"async\" width=\"2048\" height=\"2048\" src=\"https:\/\/www.yishengpack.com\/wp-content\/uploads\/2025\/10\/Customization-Hot-Selling-Rope-Handles-Paper-Bags-Durable-Bag-for-Craft-Gift-Wholesale-7.png\" alt=\"Papiert\u00fcten-mit-Seilhenkeln-Gro\u00dfhandel-mit-Weihnachten-Stil-7\" class=\"wp-image-2390\" srcset=\"https:\/\/www.yishengpack.com\/wp-content\/uploads\/2025\/10\/Customization-Hot-Selling-Rope-Handles-Paper-Bags-Durable-Bag-for-Craft-Gift-Wholesale-7.png 2048w, https:\/\/www.yishengpack.com\/wp-content\/uploads\/2025\/10\/Customization-Hot-Selling-Rope-Handles-Paper-Bags-Durable-Bag-for-Craft-Gift-Wholesale-7-300x300.png 300w, https:\/\/www.yishengpack.com\/wp-content\/uploads\/2025\/10\/Customization-Hot-Selling-Rope-Handles-Paper-Bags-Durable-Bag-for-Craft-Gift-Wholesale-7-150x150.png 150w, https:\/\/www.yishengpack.com\/wp-content\/uploads\/2025\/10\/Customization-Hot-Selling-Rope-Handles-Paper-Bags-Durable-Bag-for-Craft-Gift-Wholesale-7-768x768.png 768w, https:\/\/www.yishengpack.com\/wp-content\/uploads\/2025\/10\/Customization-Hot-Selling-Rope-Handles-Paper-Bags-Durable-Bag-for-Craft-Gift-Wholesale-7-12x12.png 12w, https:\/\/www.yishengpack.com\/wp-content\/uploads\/2025\/10\/Customization-Hot-Selling-Rope-Handles-Paper-Bags-Durable-Bag-for-Craft-Gift-Wholesale-7-1200x1200.png 1200w\" sizes=\"(max-width: 2048px) 100vw, 2048px\" \/><\/figure>\n\n\n\n<div class=\"wp-block-buttons is-content-justification-center is-layout-flex wp-container-core-buttons-is-layout-16018d1d wp-block-buttons-is-layout-flex\">\n<div class=\"wp-block-button has-custom-width wp-block-button__width-75\"><a class=\"wp-block-button__link has-background has-small-font-size has-custom-font-size wp-element-button\" href=\"https:\/\/www.yishengpack.com\/de\/custom-box-inserts-accessories\/\" style=\"background:linear-gradient(135deg,rgb(254,205,165) 0%,rgb(254,45,45) 0%,rgb(94,15,15) 0%)\" target=\"_blank\" rel=\"noreferrer noopener\"><strong>Custom Box Inserts erforschen<\/strong><\/a><\/div>\n<\/div>\n<\/div>\n<\/div>","protected":false},"excerpt":{"rendered":"<p>Willkommen zum Kauf unserer Papiert\u00fcten mit Seilgriffen im Gro\u00dfhandel. Diese stilvollen Papiert\u00fcten mit robusten Seilgriffen eignen sich perfekt f\u00fcr die Aufbewahrung von Lebensmitteln, handgefertigten Accessoires, kleinen Dekorationsst\u00fccken und mehr. Langlebiges Papiermaterial und bequeme Seilgriffe machen sie sowohl leicht zu tragen als auch sch\u00f6n anzusehen. Von der Gr\u00f6\u00dfe, Farben und Muster, um Logo-Druck, sie sind vollst\u00e4ndig anpassbar an Ihre Marke.<\/p>\n<h2>Highlights von Papiert\u00fcten mit Seilgriffen Gro\u00dfhandel<\/h2>\n<ul>\n<li>Vollst\u00e4ndige Anpassung<\/li>\n<li>Umweltfreundliche Materialien<\/li>\n<li>Exquisiter Druck<\/li>\n<li>Verschiedene Druckoptionen<\/li>\n<li>Mehrere Farben<\/li>\n<li>Einfache Lagerung<\/li>\n<\/ul>\n<p>&nbsp;<\/p>\n<p>&nbsp;<\/p>","protected":false},"featured_media":2383,"comment_status":"closed","ping_status":"closed","template":"","meta":{"_acf_changed":false},"box-type":[49,52],"product_brand":[],"product_cat":[34,38,37],"product_tag":[],"class_list":{"0":"post-2382","1":"product","2":"type-product","3":"status-publish","4":"has-post-thumbnail","6":"box-type-custom-die-cut-paper-bag","7":"box-type-custom-rope-handle-paper-bags","8":"product_cat-paper-bags-wholesale","9":"product_cat-bakery-paper-bags-wholesale","10":"product_cat-paper-gift-bags-bulk","12":"first","13":"instock","14":"shipping-taxable","15":"product-type-simple"},"acf":[],"_links":{"self":[{"href":"https:\/\/www.yishengpack.com\/de\/wp-json\/wp\/v2\/product\/2382","targetHints":{"allow":["GET"]}}],"collection":[{"href":"https:\/\/www.yishengpack.com\/de\/wp-json\/wp\/v2\/product"}],"about":[{"href":"https:\/\/www.yishengpack.com\/de\/wp-json\/wp\/v2\/types\/product"}],"replies":[{"embeddable":true,"href":"https:\/\/www.yishengpack.com\/de\/wp-json\/wp\/v2\/comments?post=2382"}],"wp:featuredmedia":[{"embeddable":true,"href":"https:\/\/www.yishengpack.com\/de\/wp-json\/wp\/v2\/media\/2383"}],"wp:attachment":[{"href":"https:\/\/www.yishengpack.com\/de\/wp-json\/wp\/v2\/media?parent=2382"}],"wp:term":[{"taxonomy":"box-type","embeddable":true,"href":"https:\/\/www.yishengpack.com\/de\/wp-json\/wp\/v2\/box-type?post=2382"},{"taxonomy":"product_brand","embeddable":true,"href":"https:\/\/www.yishengpack.com\/de\/wp-json\/wp\/v2\/product_brand?post=2382"},{"taxonomy":"product_cat","embeddable":true,"href":"https:\/\/www.yishengpack.com\/de\/wp-json\/wp\/v2\/product_cat?post=2382"},{"taxonomy":"product_tag","embeddable":true,"href":"https:\/\/www.yishengpack.com\/de\/wp-json\/wp\/v2\/product_tag?post=2382"}],"curies":[{"name":"wp","href":"https:\/\/api.w.org\/{rel}","templated":true}]}}