{"id":2278,"date":"2025-11-07T08:16:15","date_gmt":"2025-11-07T08:16:15","guid":{"rendered":"https:\/\/www.yishengpack.com\/?post_type=product&#038;p=2278"},"modified":"2025-11-09T06:41:07","modified_gmt":"2025-11-09T06:41:07","slug":"bulk-shipping-boxes","status":"publish","type":"product","link":"https:\/\/www.yishengpack.com\/de\/produkt\/bulk-shipping-boxes\/","title":{"rendered":"Factory Bulk Shipping Boxen, Custom Corrugated Mailing Boxen"},"content":{"rendered":"<div class=\"wp-block-columns is-layout-flex wp-container-core-columns-is-layout-9d6595d7 wp-block-columns-is-layout-flex\">\n<div class=\"wp-block-column is-layout-flow wp-block-column-is-layout-flow\">\n<h3 class=\"wp-block-heading\">Features of Bulk Shipping Boxes<\/h3>\n\n\n\n<p><strong>Easy-Assemble Structure: <\/strong>The bulk shipping boxes feature an easy-assemble structure, saving a lot of storage and shipping space, and reducing logistics costs. which is ideal for businesses dealing with bulk shipments of clothes, home textiles, and beauty products.<\/p>\n\n\n\n<p><strong>Strong for Item Protection:<\/strong> Constructed from strong cardboard, these bulk shipping boxes are durable and provide reliable protection for clothing, cosmetics, skincare and other items, ensuring they remain intact throughout any transition.<\/p>\n\n\n\n<p><strong>Leuchtende Farboptionen: <\/strong>The custom corrugated mailing boxes can be available in bright colors. Such colors as coral, green, and lavender made the box fun to look at, suitable for branding and made it an enjoyable unboxing experience.<\/p>\n\n\n\n<p><strong>Completely Customizable for Branding:<\/strong> The bulk shipping boxes can be fully customizable, allowing you to change size, print brand logos or patterns and select surface finishes that align with the unique branding needs for fashion, home textile, and beauty brands.<\/p>\n<\/div>\n\n\n\n<div class=\"wp-block-column is-layout-flow wp-block-column-is-layout-flow\">\n<figure class=\"wp-block-image size-full\"><img decoding=\"async\" width=\"2048\" height=\"2048\" src=\"https:\/\/www.yishengpack.com\/wp-content\/uploads\/2025\/10\/Personalized-Custom-Shipping-Boxes-Wholesale-Corrugated-Mailing-Box-with-Logo-2.webp\" alt=\"factory-bulk-shipping-boxes-custom-corrugated-mailing-boxes-2\" class=\"wp-image-2280\" srcset=\"https:\/\/www.yishengpack.com\/wp-content\/uploads\/2025\/10\/Personalized-Custom-Shipping-Boxes-Wholesale-Corrugated-Mailing-Box-with-Logo-2.webp 2048w, https:\/\/www.yishengpack.com\/wp-content\/uploads\/2025\/10\/Personalized-Custom-Shipping-Boxes-Wholesale-Corrugated-Mailing-Box-with-Logo-2-300x300.webp 300w, https:\/\/www.yishengpack.com\/wp-content\/uploads\/2025\/10\/Personalized-Custom-Shipping-Boxes-Wholesale-Corrugated-Mailing-Box-with-Logo-2-150x150.webp 150w, https:\/\/www.yishengpack.com\/wp-content\/uploads\/2025\/10\/Personalized-Custom-Shipping-Boxes-Wholesale-Corrugated-Mailing-Box-with-Logo-2-768x768.webp 768w, https:\/\/www.yishengpack.com\/wp-content\/uploads\/2025\/10\/Personalized-Custom-Shipping-Boxes-Wholesale-Corrugated-Mailing-Box-with-Logo-2-12x12.webp 12w, https:\/\/www.yishengpack.com\/wp-content\/uploads\/2025\/10\/Personalized-Custom-Shipping-Boxes-Wholesale-Corrugated-Mailing-Box-with-Logo-2-1200x1200.webp 1200w, https:\/\/www.yishengpack.com\/wp-content\/uploads\/2025\/10\/Personalized-Custom-Shipping-Boxes-Wholesale-Corrugated-Mailing-Box-with-Logo-2-600x600.webp 600w, https:\/\/www.yishengpack.com\/wp-content\/uploads\/2025\/10\/Personalized-Custom-Shipping-Boxes-Wholesale-Corrugated-Mailing-Box-with-Logo-2-100x100.webp 100w\" sizes=\"(max-width: 2048px) 100vw, 2048px\" \/><\/figure>\n<\/div>\n<\/div>\n\n\n\n<div class=\"wp-block-columns is-layout-flex wp-container-core-columns-is-layout-9d6595d7 wp-block-columns-is-layout-flex\">\n<div class=\"wp-block-column is-layout-flow wp-block-column-is-layout-flow\">\n<figure class=\"wp-block-image size-full\"><img decoding=\"async\" width=\"2048\" height=\"2048\" src=\"https:\/\/www.yishengpack.com\/wp-content\/uploads\/2025\/10\/Personalized-Custom-Shipping-Boxes-Wholesale-Corrugated-Mailing-Box-with-Logo-4.webp\" alt=\"factory-bulk-shipping-boxes-custom-corrugated-mailing-boxes-4\" class=\"wp-image-2282\" srcset=\"https:\/\/www.yishengpack.com\/wp-content\/uploads\/2025\/10\/Personalized-Custom-Shipping-Boxes-Wholesale-Corrugated-Mailing-Box-with-Logo-4.webp 2048w, https:\/\/www.yishengpack.com\/wp-content\/uploads\/2025\/10\/Personalized-Custom-Shipping-Boxes-Wholesale-Corrugated-Mailing-Box-with-Logo-4-300x300.webp 300w, https:\/\/www.yishengpack.com\/wp-content\/uploads\/2025\/10\/Personalized-Custom-Shipping-Boxes-Wholesale-Corrugated-Mailing-Box-with-Logo-4-150x150.webp 150w, https:\/\/www.yishengpack.com\/wp-content\/uploads\/2025\/10\/Personalized-Custom-Shipping-Boxes-Wholesale-Corrugated-Mailing-Box-with-Logo-4-768x768.webp 768w, https:\/\/www.yishengpack.com\/wp-content\/uploads\/2025\/10\/Personalized-Custom-Shipping-Boxes-Wholesale-Corrugated-Mailing-Box-with-Logo-4-12x12.webp 12w, https:\/\/www.yishengpack.com\/wp-content\/uploads\/2025\/10\/Personalized-Custom-Shipping-Boxes-Wholesale-Corrugated-Mailing-Box-with-Logo-4-1200x1200.webp 1200w, https:\/\/www.yishengpack.com\/wp-content\/uploads\/2025\/10\/Personalized-Custom-Shipping-Boxes-Wholesale-Corrugated-Mailing-Box-with-Logo-4-600x600.webp 600w, https:\/\/www.yishengpack.com\/wp-content\/uploads\/2025\/10\/Personalized-Custom-Shipping-Boxes-Wholesale-Corrugated-Mailing-Box-with-Logo-4-100x100.webp 100w\" sizes=\"(max-width: 2048px) 100vw, 2048px\" \/><\/figure>\n\n\n\n<div class=\"wp-block-buttons has-custom-font-size has-small-font-size is-content-justification-center is-layout-flex wp-container-core-buttons-is-layout-16018d1d wp-block-buttons-is-layout-flex\">\n<div class=\"wp-block-button has-custom-width wp-block-button__width-75\"><a class=\"wp-block-button__link has-background has-small-font-size has-custom-font-size wp-element-button\" href=\"https:\/\/www.yishengpack.com\/de\/custom-printed-box\/\" style=\"background:linear-gradient(135deg,rgb(254,205,165) 0%,rgb(254,45,45) 0%,rgb(94,15,15) 0%,rgb(94,15,15) 100%)\" target=\"_blank\" rel=\"noreferrer noopener\"><strong>Entdecken Sie individuell bedruckte Boxen<\/strong><\/a><\/div>\n<\/div>\n<\/div>\n\n\n\n<div class=\"wp-block-column is-layout-flow wp-block-column-is-layout-flow\">\n<figure class=\"wp-block-image size-full\"><img decoding=\"async\" width=\"2048\" height=\"2048\" src=\"https:\/\/www.yishengpack.com\/wp-content\/uploads\/2025\/10\/Personalized-Custom-Shipping-Boxes-Wholesale-Corrugated-Mailing-Box-with-Logo-6.webp\" alt=\"factory-bulk-shipping-boxes-custom-corrugated-mailing-boxes-6\" class=\"wp-image-2284\" srcset=\"https:\/\/www.yishengpack.com\/wp-content\/uploads\/2025\/10\/Personalized-Custom-Shipping-Boxes-Wholesale-Corrugated-Mailing-Box-with-Logo-6.webp 2048w, https:\/\/www.yishengpack.com\/wp-content\/uploads\/2025\/10\/Personalized-Custom-Shipping-Boxes-Wholesale-Corrugated-Mailing-Box-with-Logo-6-300x300.webp 300w, https:\/\/www.yishengpack.com\/wp-content\/uploads\/2025\/10\/Personalized-Custom-Shipping-Boxes-Wholesale-Corrugated-Mailing-Box-with-Logo-6-150x150.webp 150w, https:\/\/www.yishengpack.com\/wp-content\/uploads\/2025\/10\/Personalized-Custom-Shipping-Boxes-Wholesale-Corrugated-Mailing-Box-with-Logo-6-768x768.webp 768w, https:\/\/www.yishengpack.com\/wp-content\/uploads\/2025\/10\/Personalized-Custom-Shipping-Boxes-Wholesale-Corrugated-Mailing-Box-with-Logo-6-12x12.webp 12w, https:\/\/www.yishengpack.com\/wp-content\/uploads\/2025\/10\/Personalized-Custom-Shipping-Boxes-Wholesale-Corrugated-Mailing-Box-with-Logo-6-1200x1200.webp 1200w, https:\/\/www.yishengpack.com\/wp-content\/uploads\/2025\/10\/Personalized-Custom-Shipping-Boxes-Wholesale-Corrugated-Mailing-Box-with-Logo-6-600x600.webp 600w, https:\/\/www.yishengpack.com\/wp-content\/uploads\/2025\/10\/Personalized-Custom-Shipping-Boxes-Wholesale-Corrugated-Mailing-Box-with-Logo-6-100x100.webp 100w\" sizes=\"(max-width: 2048px) 100vw, 2048px\" \/><\/figure>\n\n\n\n<div class=\"wp-block-buttons has-custom-font-size has-small-font-size is-content-justification-center is-layout-flex wp-container-core-buttons-is-layout-16018d1d wp-block-buttons-is-layout-flex\">\n<div class=\"wp-block-button has-custom-width wp-block-button__width-75\"><a class=\"wp-block-button__link has-background has-small-font-size has-custom-font-size wp-element-button\" href=\"https:\/\/www.yishengpack.com\/de\/custom-box-inserts-accessories\/\" style=\"background:linear-gradient(135deg,rgb(254,205,165) 0%,rgb(254,45,45) 0%,rgb(94,15,15) 0%)\" target=\"_blank\" rel=\"noreferrer noopener\"><strong>Custom Box Inserts erforschen<\/strong><\/a><\/div>\n<\/div>\n<\/div>\n<\/div>","protected":false},"excerpt":{"rendered":"<p>Willkommen beim Kauf unserer Versandkartons f\u00fcr den Massenversand. Diese kundenspezifischen Versandkartons aus Wellpappe sind aus haltbarem, umweltfreundlichem Karton mit mehrschichtigem Schutz f\u00fcr den sicheren Massenversand hergestellt. Sie eignen sich f\u00fcr die Verpackung von Kleidung, Hosen, Bettlaken, Steppdecken, Kissenbez\u00fcgen, Kosmetika und mehr. Sie lassen sich mit Logos und Gr\u00f6\u00dfen bedrucken und bieten so eine zuverl\u00e4ssige und professionelle L\u00f6sung f\u00fcr Gro\u00dfauftr\u00e4ge.<\/p>\n<h2>Highlights der Bulk Shipping Boxen<\/h2>\n<ul>\n<li>Langlebige Handwerkskunst<\/li>\n<li>Vollst\u00e4ndige Individualisierung m\u00f6glich<\/li>\n<li>Hochwertige Materialien<\/li>\n<li>Verschiedene Druckverfahren<\/li>\n<li>Verschiedene Boxgr\u00f6\u00dfen<\/li>\n<li>Mehrere Farben<\/li>\n<li>Robuste Konstruktion<\/li>\n<li>Benutzerdefinierter Einsatz<\/li>\n<\/ul>","protected":false},"featured_media":2279,"comment_status":"closed","ping_status":"closed","template":"","meta":{"_acf_changed":false},"box-type":[55,59,57],"product_brand":[],"product_cat":[40,19,66,65,39,69,67],"product_tag":[],"class_list":{"0":"post-2278","1":"product","2":"type-product","3":"status-publish","4":"has-post-thumbnail","6":"box-type-custom-foldable-boxes","7":"box-type-custom-mailer-boxes","8":"box-type-custom-rigid-box-with-lid","9":"product_cat-custom-jewelry-boxes","10":"product_cat-luxury-gift-boxes-wholesale","11":"product_cat-custom-apparel-boxes","12":"product_cat-custom-cosmetic-boxes","13":"product_cat-custom-perfume-boxes","14":"product_cat-custom-retail-boxes","15":"product_cat-custom-shipping-boxes","17":"first","18":"instock","19":"shipping-taxable","20":"product-type-simple"},"acf":[],"_links":{"self":[{"href":"https:\/\/www.yishengpack.com\/de\/wp-json\/wp\/v2\/product\/2278","targetHints":{"allow":["GET"]}}],"collection":[{"href":"https:\/\/www.yishengpack.com\/de\/wp-json\/wp\/v2\/product"}],"about":[{"href":"https:\/\/www.yishengpack.com\/de\/wp-json\/wp\/v2\/types\/product"}],"replies":[{"embeddable":true,"href":"https:\/\/www.yishengpack.com\/de\/wp-json\/wp\/v2\/comments?post=2278"}],"wp:featuredmedia":[{"embeddable":true,"href":"https:\/\/www.yishengpack.com\/de\/wp-json\/wp\/v2\/media\/2279"}],"wp:attachment":[{"href":"https:\/\/www.yishengpack.com\/de\/wp-json\/wp\/v2\/media?parent=2278"}],"wp:term":[{"taxonomy":"box-type","embeddable":true,"href":"https:\/\/www.yishengpack.com\/de\/wp-json\/wp\/v2\/box-type?post=2278"},{"taxonomy":"product_brand","embeddable":true,"href":"https:\/\/www.yishengpack.com\/de\/wp-json\/wp\/v2\/product_brand?post=2278"},{"taxonomy":"product_cat","embeddable":true,"href":"https:\/\/www.yishengpack.com\/de\/wp-json\/wp\/v2\/product_cat?post=2278"},{"taxonomy":"product_tag","embeddable":true,"href":"https:\/\/www.yishengpack.com\/de\/wp-json\/wp\/v2\/product_tag?post=2278"}],"curies":[{"name":"wp","href":"https:\/\/api.w.org\/{rel}","templated":true}]}}