{"id":2270,"date":"2025-11-03T10:30:46","date_gmt":"2025-11-03T10:30:46","guid":{"rendered":"https:\/\/www.yishengpack.com\/?post_type=product&#038;p=2270"},"modified":"2025-11-03T10:30:47","modified_gmt":"2025-11-03T10:30:47","slug":"custom-printed-jewelry-boxes","status":"publish","type":"product","link":"https:\/\/www.yishengpack.com\/de\/produkt\/custom-printed-jewelry-boxes\/","title":{"rendered":"Individuell bedruckte Schmuckk\u00e4stchen, starre Uhren-Geschenkboxen im Gro\u00dfhandel"},"content":{"rendered":"<div class=\"wp-block-columns is-layout-flex wp-container-core-columns-is-layout-9d6595d7 wp-block-columns-is-layout-flex\">\n<div class=\"wp-block-column is-layout-flow wp-block-column-is-layout-flow\">\n<h3 class=\"wp-block-heading\">Merkmale von individuell bedruckten Schmuckschatullen<\/h3>\n\n\n\n<p><strong>Magnetverschluss f\u00fcr saubere Aufbewahrung nutzen:<\/strong> Die Werbe- und individuell bedruckten Schmuckk\u00e4stchen verf\u00fcgen \u00fcber einen Magnetverschluss, der Ihnen ein reibungsloses und sicheres Verschlie\u00dfen erm\u00f6glicht! Diese Schachtel mit Magnetverschluss eignet sich perfekt f\u00fcr Schmuck, Kosmetika und Modeaccessoires, damit alles ordentlich und sauber aufbewahrt werden kann.<\/p>\n\n\n\n<p><strong>Ma\u00dfgeschneiderte Eins\u00e4tze f\u00fcr eine ordentliche Anordnung:<\/strong> Diese magnetische Aufbewahrungsbox f\u00fcr den Gro\u00dfhandel ist mit individuellen Eins\u00e4tzen erh\u00e4ltlich, sodass Schmuck und Modeaccessoires ihren eigenen Platz in einem \u00fcbersichtlichen Ordnungssystem haben.<\/p>\n\n\n\n<p><strong>Robuste Konstruktion f\u00fcr langlebigen Gebrauch: <\/strong>Diese individuell bedruckten Schmuckschatullen sind aus robusten Materialien gefertigt, die magnetische Aufbewahrungsbox ist langlebig. Sie bietet zuverl\u00e4ssigen Schutz f\u00fcr Schmuck und Modeaccessoires und sorgt daf\u00fcr, dass diese \u00fcber lange Zeit in gutem Zustand bleiben.<\/p>\n\n\n\n<p><strong>Trendiges Design f\u00fcr eine trendige Pr\u00e4sentation: <\/strong>Die Uhren-Geschenkboxen sind im Gro\u00dfhandel mit trendigen Designs erh\u00e4ltlich. Ob metallisch, pastellfarben oder mit eleganten Designs \u2013 Sie k\u00f6nnen Ihre Box zu einem echten Blickfang machen, um Schmuck und Kosmetika stilvoll zu pr\u00e4sentieren.<\/p>\n\n\n\n<p><strong>Vollst\u00e4ndig anpassbar f\u00fcr individuelle Konfiguration: <\/strong>Mit diesen individuell bedruckten Schmuckschatullen k\u00f6nnen Sie alle Aspekte Ihrer Schatulle \u00e4ndern, von den Abmessungen \u00fcber die Farbe, Logos oder k\u00fcnstlerischen Designs bis hin zur Oberfl\u00e4chenbeschaffenheit Ihrer Wahl \u2013 alles ganz nach Ihren individuellen Anforderungen an die Aufbewahrung und Pr\u00e4sentation von Schmuck, Kosmetika und Modeaccessoires.<\/p>\n<\/div>\n\n\n\n<div class=\"wp-block-column is-layout-flow wp-block-column-is-layout-flow\">\n<figure class=\"wp-block-image size-full\"><img decoding=\"async\" width=\"2048\" height=\"2048\" src=\"https:\/\/www.yishengpack.com\/wp-content\/uploads\/2025\/10\/High-End-Custom-Rigid-Magnetic-Closure-Storage-Boxes-Jewelry-Watch-Gift-Boxes-with-Logo-Wholesale-2.webp\" alt=\"Individuell bedruckte Schmuckk\u00e4stchen, starre Uhren-Geschenkboxen, Gro\u00dfhandel 2\" class=\"wp-image-2272\" srcset=\"https:\/\/www.yishengpack.com\/wp-content\/uploads\/2025\/10\/High-End-Custom-Rigid-Magnetic-Closure-Storage-Boxes-Jewelry-Watch-Gift-Boxes-with-Logo-Wholesale-2.webp 2048w, https:\/\/www.yishengpack.com\/wp-content\/uploads\/2025\/10\/High-End-Custom-Rigid-Magnetic-Closure-Storage-Boxes-Jewelry-Watch-Gift-Boxes-with-Logo-Wholesale-2-300x300.webp 300w, https:\/\/www.yishengpack.com\/wp-content\/uploads\/2025\/10\/High-End-Custom-Rigid-Magnetic-Closure-Storage-Boxes-Jewelry-Watch-Gift-Boxes-with-Logo-Wholesale-2-150x150.webp 150w, https:\/\/www.yishengpack.com\/wp-content\/uploads\/2025\/10\/High-End-Custom-Rigid-Magnetic-Closure-Storage-Boxes-Jewelry-Watch-Gift-Boxes-with-Logo-Wholesale-2-768x768.webp 768w, https:\/\/www.yishengpack.com\/wp-content\/uploads\/2025\/10\/High-End-Custom-Rigid-Magnetic-Closure-Storage-Boxes-Jewelry-Watch-Gift-Boxes-with-Logo-Wholesale-2-12x12.webp 12w, https:\/\/www.yishengpack.com\/wp-content\/uploads\/2025\/10\/High-End-Custom-Rigid-Magnetic-Closure-Storage-Boxes-Jewelry-Watch-Gift-Boxes-with-Logo-Wholesale-2-1200x1200.webp 1200w, https:\/\/www.yishengpack.com\/wp-content\/uploads\/2025\/10\/High-End-Custom-Rigid-Magnetic-Closure-Storage-Boxes-Jewelry-Watch-Gift-Boxes-with-Logo-Wholesale-2-600x600.webp 600w, https:\/\/www.yishengpack.com\/wp-content\/uploads\/2025\/10\/High-End-Custom-Rigid-Magnetic-Closure-Storage-Boxes-Jewelry-Watch-Gift-Boxes-with-Logo-Wholesale-2-100x100.webp 100w\" sizes=\"(max-width: 2048px) 100vw, 2048px\" \/><\/figure>\n<\/div>\n<\/div>\n\n\n\n<div class=\"wp-block-columns is-layout-flex wp-container-core-columns-is-layout-9d6595d7 wp-block-columns-is-layout-flex\">\n<div class=\"wp-block-column is-layout-flow wp-block-column-is-layout-flow\">\n<figure class=\"wp-block-image size-full\"><img decoding=\"async\" width=\"2048\" height=\"2048\" src=\"https:\/\/www.yishengpack.com\/wp-content\/uploads\/2025\/10\/High-End-Custom-Rigid-Magnetic-Closure-Storage-Boxes-Jewelry-Watch-Gift-Boxes-with-Logo-Wholesale-3.webp\" alt=\"Individuell bedruckte-Schmuckk\u00e4stchen-starre-Uhren-Geschenkk\u00e4stchen-Gro\u00dfhandel-3\" class=\"wp-image-2273\" srcset=\"https:\/\/www.yishengpack.com\/wp-content\/uploads\/2025\/10\/High-End-Custom-Rigid-Magnetic-Closure-Storage-Boxes-Jewelry-Watch-Gift-Boxes-with-Logo-Wholesale-3.webp 2048w, https:\/\/www.yishengpack.com\/wp-content\/uploads\/2025\/10\/High-End-Custom-Rigid-Magnetic-Closure-Storage-Boxes-Jewelry-Watch-Gift-Boxes-with-Logo-Wholesale-3-300x300.webp 300w, https:\/\/www.yishengpack.com\/wp-content\/uploads\/2025\/10\/High-End-Custom-Rigid-Magnetic-Closure-Storage-Boxes-Jewelry-Watch-Gift-Boxes-with-Logo-Wholesale-3-150x150.webp 150w, https:\/\/www.yishengpack.com\/wp-content\/uploads\/2025\/10\/High-End-Custom-Rigid-Magnetic-Closure-Storage-Boxes-Jewelry-Watch-Gift-Boxes-with-Logo-Wholesale-3-768x768.webp 768w, https:\/\/www.yishengpack.com\/wp-content\/uploads\/2025\/10\/High-End-Custom-Rigid-Magnetic-Closure-Storage-Boxes-Jewelry-Watch-Gift-Boxes-with-Logo-Wholesale-3-12x12.webp 12w, https:\/\/www.yishengpack.com\/wp-content\/uploads\/2025\/10\/High-End-Custom-Rigid-Magnetic-Closure-Storage-Boxes-Jewelry-Watch-Gift-Boxes-with-Logo-Wholesale-3-1200x1200.webp 1200w, https:\/\/www.yishengpack.com\/wp-content\/uploads\/2025\/10\/High-End-Custom-Rigid-Magnetic-Closure-Storage-Boxes-Jewelry-Watch-Gift-Boxes-with-Logo-Wholesale-3-600x600.webp 600w, https:\/\/www.yishengpack.com\/wp-content\/uploads\/2025\/10\/High-End-Custom-Rigid-Magnetic-Closure-Storage-Boxes-Jewelry-Watch-Gift-Boxes-with-Logo-Wholesale-3-100x100.webp 100w\" sizes=\"(max-width: 2048px) 100vw, 2048px\" \/><\/figure>\n\n\n\n<div class=\"wp-block-buttons has-custom-font-size has-small-font-size is-content-justification-center is-layout-flex wp-container-core-buttons-is-layout-16018d1d wp-block-buttons-is-layout-flex\">\n<div class=\"wp-block-button has-custom-width wp-block-button__width-75\"><a class=\"wp-block-button__link has-background has-small-font-size has-custom-font-size wp-element-button\" href=\"https:\/\/www.yishengpack.com\/de\/custom-printed-box\/\" style=\"background:linear-gradient(135deg,rgb(254,205,165) 0%,rgb(254,45,45) 0%,rgb(94,15,15) 0%,rgb(94,15,15) 100%)\" target=\"_blank\" rel=\"noreferrer noopener\"><strong>Entdecken Sie individuell bedruckte Boxen<\/strong><\/a><\/div>\n<\/div>\n<\/div>\n\n\n\n<div class=\"wp-block-column is-layout-flow wp-block-column-is-layout-flow\">\n<figure class=\"wp-block-image size-full\"><img decoding=\"async\" width=\"2048\" height=\"2048\" src=\"https:\/\/www.yishengpack.com\/wp-content\/uploads\/2025\/10\/High-End-Custom-Rigid-Magnetic-Closure-Storage-Boxes-Jewelry-Watch-Gift-Boxes-with-Logo-Wholesale-4.webp\" alt=\"Individuell bedruckte Schmuckboxen, starre Uhren-Geschenkboxen, Gro\u00dfhandel 4\" class=\"wp-image-2274\" srcset=\"https:\/\/www.yishengpack.com\/wp-content\/uploads\/2025\/10\/High-End-Custom-Rigid-Magnetic-Closure-Storage-Boxes-Jewelry-Watch-Gift-Boxes-with-Logo-Wholesale-4.webp 2048w, https:\/\/www.yishengpack.com\/wp-content\/uploads\/2025\/10\/High-End-Custom-Rigid-Magnetic-Closure-Storage-Boxes-Jewelry-Watch-Gift-Boxes-with-Logo-Wholesale-4-300x300.webp 300w, https:\/\/www.yishengpack.com\/wp-content\/uploads\/2025\/10\/High-End-Custom-Rigid-Magnetic-Closure-Storage-Boxes-Jewelry-Watch-Gift-Boxes-with-Logo-Wholesale-4-150x150.webp 150w, https:\/\/www.yishengpack.com\/wp-content\/uploads\/2025\/10\/High-End-Custom-Rigid-Magnetic-Closure-Storage-Boxes-Jewelry-Watch-Gift-Boxes-with-Logo-Wholesale-4-768x768.webp 768w, https:\/\/www.yishengpack.com\/wp-content\/uploads\/2025\/10\/High-End-Custom-Rigid-Magnetic-Closure-Storage-Boxes-Jewelry-Watch-Gift-Boxes-with-Logo-Wholesale-4-12x12.webp 12w, https:\/\/www.yishengpack.com\/wp-content\/uploads\/2025\/10\/High-End-Custom-Rigid-Magnetic-Closure-Storage-Boxes-Jewelry-Watch-Gift-Boxes-with-Logo-Wholesale-4-1200x1200.webp 1200w, https:\/\/www.yishengpack.com\/wp-content\/uploads\/2025\/10\/High-End-Custom-Rigid-Magnetic-Closure-Storage-Boxes-Jewelry-Watch-Gift-Boxes-with-Logo-Wholesale-4-600x600.webp 600w, https:\/\/www.yishengpack.com\/wp-content\/uploads\/2025\/10\/High-End-Custom-Rigid-Magnetic-Closure-Storage-Boxes-Jewelry-Watch-Gift-Boxes-with-Logo-Wholesale-4-100x100.webp 100w\" sizes=\"(max-width: 2048px) 100vw, 2048px\" \/><\/figure>\n\n\n\n<div class=\"wp-block-buttons is-content-justification-center is-layout-flex wp-container-core-buttons-is-layout-16018d1d wp-block-buttons-is-layout-flex\">\n<div class=\"wp-block-button has-custom-width wp-block-button__width-75\"><a class=\"wp-block-button__link has-background has-small-font-size has-custom-font-size wp-element-button\" href=\"https:\/\/www.yishengpack.com\/de\/custom-box-inserts-accessories\/\" style=\"background:linear-gradient(135deg,rgb(254,205,165) 0%,rgb(254,45,45) 0%,rgb(94,15,15) 0%)\" target=\"_blank\" rel=\"noreferrer noopener\"><strong>Custom Box Inserts erforschen<\/strong><\/a><\/div>\n<\/div>\n<\/div>\n<\/div>\n\n\n\n<p><\/p>","protected":false},"excerpt":{"rendered":"<p>Willkommen beim Kauf unserer individuell bedruckten Schmuckschatullen mit nahtlosem Magnetdesign und erstklassiger Handwerkskunst. Sie vereinen Luxus und Funktionalit\u00e4t. Von der Gr\u00f6\u00dfe \u00fcber die Farben bis hin zum Logo und dem Innenlayout sind sie vollst\u00e4ndig anpassbar, damit sie zu Ihrer Marke passen. Wir helfen Ihnen, Ihre Produkte sch\u00f6n und effizient in Szene zu setzen.<\/p>\n<h2>Highlights der individuell bedruckten Schmuckk\u00e4stchen<\/h2>\n<ul>\n<li>High-End-Anpassung<\/li>\n<li>Umweltfreundliche Materialien<\/li>\n<li>Umfangreiche Druckoptionen<\/li>\n<li>Mehrere Boxgr\u00f6\u00dfen<\/li>\n<li>Lebendige Farben<\/li>\n<li>Einfache Lagerung<\/li>\n<li>Robuste Konstruktion<\/li>\n<\/ul>\n<p>&nbsp;<\/p>\n<p>&nbsp;<\/p>","protected":false},"featured_media":2271,"comment_status":"closed","ping_status":"closed","template":"","meta":{"_acf_changed":false},"box-type":[54,57],"product_brand":[],"product_cat":[19,40,39],"product_tag":[],"class_list":{"0":"post-2270","1":"product","2":"type-product","3":"status-publish","4":"has-post-thumbnail","6":"box-type-custom-magnetic-closure-boxes","7":"box-type-custom-rigid-box-with-lid","8":"product_cat-luxury-gift-boxes-wholesale","9":"product_cat-custom-jewelry-boxes","10":"product_cat-custom-perfume-boxes","12":"first","13":"instock","14":"shipping-taxable","15":"product-type-simple"},"acf":[],"_links":{"self":[{"href":"https:\/\/www.yishengpack.com\/de\/wp-json\/wp\/v2\/product\/2270","targetHints":{"allow":["GET"]}}],"collection":[{"href":"https:\/\/www.yishengpack.com\/de\/wp-json\/wp\/v2\/product"}],"about":[{"href":"https:\/\/www.yishengpack.com\/de\/wp-json\/wp\/v2\/types\/product"}],"replies":[{"embeddable":true,"href":"https:\/\/www.yishengpack.com\/de\/wp-json\/wp\/v2\/comments?post=2270"}],"wp:featuredmedia":[{"embeddable":true,"href":"https:\/\/www.yishengpack.com\/de\/wp-json\/wp\/v2\/media\/2271"}],"wp:attachment":[{"href":"https:\/\/www.yishengpack.com\/de\/wp-json\/wp\/v2\/media?parent=2270"}],"wp:term":[{"taxonomy":"box-type","embeddable":true,"href":"https:\/\/www.yishengpack.com\/de\/wp-json\/wp\/v2\/box-type?post=2270"},{"taxonomy":"product_brand","embeddable":true,"href":"https:\/\/www.yishengpack.com\/de\/wp-json\/wp\/v2\/product_brand?post=2270"},{"taxonomy":"product_cat","embeddable":true,"href":"https:\/\/www.yishengpack.com\/de\/wp-json\/wp\/v2\/product_cat?post=2270"},{"taxonomy":"product_tag","embeddable":true,"href":"https:\/\/www.yishengpack.com\/de\/wp-json\/wp\/v2\/product_tag?post=2270"}],"curies":[{"name":"wp","href":"https:\/\/api.w.org\/{rel}","templated":true}]}}