{"id":2234,"date":"2025-10-29T07:31:28","date_gmt":"2025-10-29T07:31:28","guid":{"rendered":"https:\/\/www.yishengpack.com\/?post_type=product&#038;p=2234"},"modified":"2025-11-08T02:39:49","modified_gmt":"2025-11-08T02:39:49","slug":"magnetic-closure-gift-box-bulk","status":"publish","type":"product","link":"https:\/\/www.yishengpack.com\/de\/produkt\/magnetic-closure-gift-box-bulk\/","title":{"rendered":"Magnetverschluss-Geschenk-Box Bulk, individuell bedruckte Schmuck-Boxen"},"content":{"rendered":"<div class=\"wp-block-columns is-layout-flex wp-container-core-columns-is-layout-9d6595d7 wp-block-columns-is-layout-flex\">\n<div class=\"wp-block-column is-layout-flow wp-block-column-is-layout-flow\">\n<h3 class=\"wp-block-heading\">Merkmale der Geschenkbox mit Magnetverschluss in Gro\u00dfpackung<\/h3>\n\n\n\n<p><strong>Magnetverschluss f\u00fcr hochwertiges Auspacken:<\/strong> Diese hochwertige Geschenkbox mit Magnetverschluss bietet Ihren Kunden ein exklusives Auspackerlebnis. Sie ist die perfekte Verpackungsoption f\u00fcr Schmuck, Kosmetika und Parf\u00fcm, da der hochwertige Magnetverschluss das \u00d6ffnen der Geschenkbox zu einem luxuri\u00f6sen Erlebnis macht.<\/p>\n\n\n\n<p><strong>Anpassbare Inneneins\u00e4tze: <\/strong>Die hochwertige Geschenkbox mit Magnetverschluss wird in Gro\u00dfmengen geliefert und enth\u00e4lt anpassbare Inneneins\u00e4tze, deren Gr\u00f6\u00dfe an Schmuck, Kosmetika und Parf\u00fcm angepasst werden kann, sodass jedes Teil \u2013 eine Halskette, ein Lippenstift oder ein Flakon mit Parf\u00fcm \u2013 sicher an seinem Platz bleibt und gesch\u00fctzt ist.<\/p>\n\n\n\n<p><strong>Hochwertiges Material: <\/strong>Durch die Verwendung hochwertiger Materialien sind diese individuell bedruckten Schmuckschatullen nicht nur von h\u00f6chster Qualit\u00e4t und Langlebigkeit, sondern auch praktische Aufbewahrungsboxen f\u00fcr Halsketten, Kosmetika und Parf\u00fcm. Die Robustheit der Schmuckschatulle sch\u00fctzt Ihre Eink\u00e4ufe vor Besch\u00e4digungen beim Verschenken und Aufbewahren.<\/p>\n\n\n\n<p><strong>Luxuri\u00f6se Designoptionen: <\/strong>Die individuell bedruckte Schmuckschatulle bietet luxuri\u00f6se Designoptionen, die einen starken visuellen Eindruck hinterlassen und eine einfache Pappschachtel in eine elegante Aufbewahrungsm\u00f6glichkeit f\u00fcr hochwertige und teure Schmuckst\u00fccke und Kosmetikprodukte verwandeln. Von floralen Pr\u00e4gungen \u00fcber Metallic-Designs bis hin zu Farbverl\u00e4ufen \u2013 diese Designs ziehen die Aufmerksamkeit der Nutzer auf sich, wenn sie ihre Schachteln \u00f6ffnen.<\/p>\n\n\n\n<p><strong>Ma\u00dfgeschneidert mit Markenausrichtung:<\/strong> Unsere hochwertigen Geschenkboxen mit Magnetverschluss bieten Ihnen ein hohes Ma\u00df an Individualisierungsm\u00f6glichkeiten, sodass Sie sie genau auf Ihr Branding abstimmen k\u00f6nnen. Wir k\u00f6nnen Gr\u00f6\u00dfe und Farbe anpassen, Markenlogos oder k\u00fcnstlerische Motive einarbeiten und Oberfl\u00e4chenausf\u00fchrungen ausw\u00e4hlen, um den spezifischen Branding-Anforderungen einer Schmuck- oder Kosmetikmarke gerecht zu werden.<\/p>\n<\/div>\n\n\n\n<div class=\"wp-block-column is-layout-flow wp-block-column-is-layout-flow\">\n<figure class=\"wp-block-image size-full\"><img decoding=\"async\" width=\"2048\" height=\"2048\" src=\"https:\/\/www.yishengpack.com\/wp-content\/uploads\/2025\/10\/High-End-Magnetic-Gift-Boxes-Wholesale-Custom-Deluxe-Bijouterie-Package-Paper-Box-2.webp\" alt=\"Magnetverschluss-Geschenkboxen-Gro\u00dfhandel-individuell bedruckte Schmuckboxen-2\" class=\"wp-image-2236\" srcset=\"https:\/\/www.yishengpack.com\/wp-content\/uploads\/2025\/10\/High-End-Magnetic-Gift-Boxes-Wholesale-Custom-Deluxe-Bijouterie-Package-Paper-Box-2.webp 2048w, https:\/\/www.yishengpack.com\/wp-content\/uploads\/2025\/10\/High-End-Magnetic-Gift-Boxes-Wholesale-Custom-Deluxe-Bijouterie-Package-Paper-Box-2-300x300.webp 300w, https:\/\/www.yishengpack.com\/wp-content\/uploads\/2025\/10\/High-End-Magnetic-Gift-Boxes-Wholesale-Custom-Deluxe-Bijouterie-Package-Paper-Box-2-150x150.webp 150w, https:\/\/www.yishengpack.com\/wp-content\/uploads\/2025\/10\/High-End-Magnetic-Gift-Boxes-Wholesale-Custom-Deluxe-Bijouterie-Package-Paper-Box-2-768x768.webp 768w, https:\/\/www.yishengpack.com\/wp-content\/uploads\/2025\/10\/High-End-Magnetic-Gift-Boxes-Wholesale-Custom-Deluxe-Bijouterie-Package-Paper-Box-2-12x12.webp 12w, https:\/\/www.yishengpack.com\/wp-content\/uploads\/2025\/10\/High-End-Magnetic-Gift-Boxes-Wholesale-Custom-Deluxe-Bijouterie-Package-Paper-Box-2-1200x1200.webp 1200w, https:\/\/www.yishengpack.com\/wp-content\/uploads\/2025\/10\/High-End-Magnetic-Gift-Boxes-Wholesale-Custom-Deluxe-Bijouterie-Package-Paper-Box-2-600x600.webp 600w, https:\/\/www.yishengpack.com\/wp-content\/uploads\/2025\/10\/High-End-Magnetic-Gift-Boxes-Wholesale-Custom-Deluxe-Bijouterie-Package-Paper-Box-2-100x100.webp 100w\" sizes=\"(max-width: 2048px) 100vw, 2048px\" \/><\/figure>\n<\/div>\n<\/div>\n\n\n\n<div class=\"wp-block-columns is-layout-flex wp-container-core-columns-is-layout-9d6595d7 wp-block-columns-is-layout-flex\">\n<div class=\"wp-block-column is-layout-flow wp-block-column-is-layout-flow\">\n<figure class=\"wp-block-image size-full\"><img decoding=\"async\" width=\"2048\" height=\"2048\" src=\"https:\/\/www.yishengpack.com\/wp-content\/uploads\/2025\/10\/High-End-Magnetic-Gift-Boxes-Wholesale-Custom-Deluxe-Bijouterie-Package-Paper-Box-6.webp\" alt=\"Magnetverschluss-Geschenkboxen-Gro\u00dfhandel-individuell bedruckte Schmuckboxen-6\" class=\"wp-image-2240\" srcset=\"https:\/\/www.yishengpack.com\/wp-content\/uploads\/2025\/10\/High-End-Magnetic-Gift-Boxes-Wholesale-Custom-Deluxe-Bijouterie-Package-Paper-Box-6.webp 2048w, https:\/\/www.yishengpack.com\/wp-content\/uploads\/2025\/10\/High-End-Magnetic-Gift-Boxes-Wholesale-Custom-Deluxe-Bijouterie-Package-Paper-Box-6-300x300.webp 300w, https:\/\/www.yishengpack.com\/wp-content\/uploads\/2025\/10\/High-End-Magnetic-Gift-Boxes-Wholesale-Custom-Deluxe-Bijouterie-Package-Paper-Box-6-150x150.webp 150w, https:\/\/www.yishengpack.com\/wp-content\/uploads\/2025\/10\/High-End-Magnetic-Gift-Boxes-Wholesale-Custom-Deluxe-Bijouterie-Package-Paper-Box-6-768x768.webp 768w, https:\/\/www.yishengpack.com\/wp-content\/uploads\/2025\/10\/High-End-Magnetic-Gift-Boxes-Wholesale-Custom-Deluxe-Bijouterie-Package-Paper-Box-6-12x12.webp 12w, https:\/\/www.yishengpack.com\/wp-content\/uploads\/2025\/10\/High-End-Magnetic-Gift-Boxes-Wholesale-Custom-Deluxe-Bijouterie-Package-Paper-Box-6-1200x1200.webp 1200w, https:\/\/www.yishengpack.com\/wp-content\/uploads\/2025\/10\/High-End-Magnetic-Gift-Boxes-Wholesale-Custom-Deluxe-Bijouterie-Package-Paper-Box-6-600x600.webp 600w, https:\/\/www.yishengpack.com\/wp-content\/uploads\/2025\/10\/High-End-Magnetic-Gift-Boxes-Wholesale-Custom-Deluxe-Bijouterie-Package-Paper-Box-6-100x100.webp 100w\" sizes=\"(max-width: 2048px) 100vw, 2048px\" \/><\/figure>\n\n\n\n<div class=\"wp-block-buttons has-custom-font-size has-small-font-size is-content-justification-center is-layout-flex wp-container-core-buttons-is-layout-16018d1d wp-block-buttons-is-layout-flex\">\n<div class=\"wp-block-button has-custom-width wp-block-button__width-75\"><a class=\"wp-block-button__link has-background has-small-font-size has-custom-font-size wp-element-button\" href=\"https:\/\/www.yishengpack.com\/de\/custom-printed-box\/\" style=\"background:linear-gradient(135deg,rgb(254,205,165) 0%,rgb(254,45,45) 0%,rgb(94,15,15) 0%,rgb(94,15,15) 100%)\" target=\"_blank\" rel=\"noreferrer noopener\"><strong>Entdecken Sie individuell bedruckte Boxen<\/strong><\/a><\/div>\n<\/div>\n<\/div>\n\n\n\n<div class=\"wp-block-column is-layout-flow wp-block-column-is-layout-flow\">\n<figure class=\"wp-block-image size-full\"><img decoding=\"async\" width=\"2048\" height=\"2048\" src=\"https:\/\/www.yishengpack.com\/wp-content\/uploads\/2025\/10\/High-End-Magnetic-Gift-Boxes-Wholesale-Custom-Deluxe-Bijouterie-Package-Paper-Box-7.webp\" alt=\"Magnetverschluss-Geschenkboxen-Gro\u00dfhandel-individuell bedruckte Schmuckboxen-7\" class=\"wp-image-2241\" srcset=\"https:\/\/www.yishengpack.com\/wp-content\/uploads\/2025\/10\/High-End-Magnetic-Gift-Boxes-Wholesale-Custom-Deluxe-Bijouterie-Package-Paper-Box-7.webp 2048w, https:\/\/www.yishengpack.com\/wp-content\/uploads\/2025\/10\/High-End-Magnetic-Gift-Boxes-Wholesale-Custom-Deluxe-Bijouterie-Package-Paper-Box-7-300x300.webp 300w, https:\/\/www.yishengpack.com\/wp-content\/uploads\/2025\/10\/High-End-Magnetic-Gift-Boxes-Wholesale-Custom-Deluxe-Bijouterie-Package-Paper-Box-7-150x150.webp 150w, https:\/\/www.yishengpack.com\/wp-content\/uploads\/2025\/10\/High-End-Magnetic-Gift-Boxes-Wholesale-Custom-Deluxe-Bijouterie-Package-Paper-Box-7-768x768.webp 768w, https:\/\/www.yishengpack.com\/wp-content\/uploads\/2025\/10\/High-End-Magnetic-Gift-Boxes-Wholesale-Custom-Deluxe-Bijouterie-Package-Paper-Box-7-12x12.webp 12w, https:\/\/www.yishengpack.com\/wp-content\/uploads\/2025\/10\/High-End-Magnetic-Gift-Boxes-Wholesale-Custom-Deluxe-Bijouterie-Package-Paper-Box-7-1200x1200.webp 1200w, https:\/\/www.yishengpack.com\/wp-content\/uploads\/2025\/10\/High-End-Magnetic-Gift-Boxes-Wholesale-Custom-Deluxe-Bijouterie-Package-Paper-Box-7-600x600.webp 600w, https:\/\/www.yishengpack.com\/wp-content\/uploads\/2025\/10\/High-End-Magnetic-Gift-Boxes-Wholesale-Custom-Deluxe-Bijouterie-Package-Paper-Box-7-100x100.webp 100w\" sizes=\"(max-width: 2048px) 100vw, 2048px\" \/><\/figure>\n\n\n\n<div class=\"wp-block-buttons is-content-justification-center is-layout-flex wp-container-core-buttons-is-layout-16018d1d wp-block-buttons-is-layout-flex\">\n<div class=\"wp-block-button has-custom-width wp-block-button__width-75\"><a class=\"wp-block-button__link has-background has-small-font-size has-custom-font-size wp-element-button\" href=\"https:\/\/www.yishengpack.com\/de\/custom-box-inserts-accessories\/\" style=\"background:linear-gradient(135deg,rgb(254,205,165) 0%,rgb(254,45,45) 0%,rgb(94,15,15) 0%)\" target=\"_blank\" rel=\"noreferrer noopener\"><strong>Custom Box Inserts erforschen<\/strong><\/a><\/div>\n<\/div>\n<\/div>\n<\/div>\n\n\n\n<p><\/p>","protected":false},"excerpt":{"rendered":"<p>Willkommen bei unserem Premium-Geschenkbox-Gro\u00dfhandel mit Magnetverschluss, der idealen L\u00f6sung f\u00fcr die Verpackung und den Versand von Schmuck, Kosmetika, Parf\u00fcm und vielem mehr! Die individuell bedruckten Schmuckboxen verf\u00fcgen \u00fcber einen Magnetverschluss und bieten ein nahtloses, luxuri\u00f6ses und einladendes Auspackerlebnis. Von Gr\u00f6\u00dfe, Farben und aufwendigen Designs bis hin zu Logo und Innenausstattung sind sie vollst\u00e4ndig an Ihre Marke anpassbar. Wir helfen Ihnen dabei, Ihre Geschenke elegant und eindrucksvoll in Szene zu setzen.<\/p>\n<h2>Highlights der Geschenkbox mit Magnetverschluss in Gro\u00dfpackung<\/h2>\n<ul>\n<li>High-End-Anpassung<\/li>\n<li>Robuste Konstruktion<\/li>\n<li>Umweltfreundliche Materialien<\/li>\n<li>Umfassende Druckkunst<\/li>\n<li>Verschiedene Box-Typen<\/li>\n<li>Mehrere Farboptionen<\/li>\n<li>Mehrere Box-Typen<\/li>\n<\/ul>\n<p>&nbsp;<\/p>","protected":false},"featured_media":2235,"comment_status":"closed","ping_status":"closed","template":"","meta":{"_acf_changed":false},"box-type":[54,57],"product_brand":[],"product_cat":[19,65,40,39],"product_tag":[],"class_list":{"0":"post-2234","1":"product","2":"type-product","3":"status-publish","4":"has-post-thumbnail","6":"box-type-custom-magnetic-closure-boxes","7":"box-type-custom-rigid-box-with-lid","8":"product_cat-luxury-gift-boxes-wholesale","9":"product_cat-custom-cosmetic-boxes","10":"product_cat-custom-jewelry-boxes","11":"product_cat-custom-perfume-boxes","13":"first","14":"instock","15":"shipping-taxable","16":"product-type-simple"},"acf":[],"_links":{"self":[{"href":"https:\/\/www.yishengpack.com\/de\/wp-json\/wp\/v2\/product\/2234","targetHints":{"allow":["GET"]}}],"collection":[{"href":"https:\/\/www.yishengpack.com\/de\/wp-json\/wp\/v2\/product"}],"about":[{"href":"https:\/\/www.yishengpack.com\/de\/wp-json\/wp\/v2\/types\/product"}],"replies":[{"embeddable":true,"href":"https:\/\/www.yishengpack.com\/de\/wp-json\/wp\/v2\/comments?post=2234"}],"wp:featuredmedia":[{"embeddable":true,"href":"https:\/\/www.yishengpack.com\/de\/wp-json\/wp\/v2\/media\/2235"}],"wp:attachment":[{"href":"https:\/\/www.yishengpack.com\/de\/wp-json\/wp\/v2\/media?parent=2234"}],"wp:term":[{"taxonomy":"box-type","embeddable":true,"href":"https:\/\/www.yishengpack.com\/de\/wp-json\/wp\/v2\/box-type?post=2234"},{"taxonomy":"product_brand","embeddable":true,"href":"https:\/\/www.yishengpack.com\/de\/wp-json\/wp\/v2\/product_brand?post=2234"},{"taxonomy":"product_cat","embeddable":true,"href":"https:\/\/www.yishengpack.com\/de\/wp-json\/wp\/v2\/product_cat?post=2234"},{"taxonomy":"product_tag","embeddable":true,"href":"https:\/\/www.yishengpack.com\/de\/wp-json\/wp\/v2\/product_tag?post=2234"}],"curies":[{"name":"wp","href":"https:\/\/api.w.org\/{rel}","templated":true}]}}