{"id":2175,"date":"2025-09-20T02:20:06","date_gmt":"2025-09-20T02:20:06","guid":{"rendered":"https:\/\/www.yishengpack.com\/?post_type=product&#038;p=2175"},"modified":"2025-10-29T08:00:43","modified_gmt":"2025-10-29T08:00:43","slug":"wholesale-folding-packaging-boxes","status":"publish","type":"product","link":"https:\/\/www.yishengpack.com\/de\/produkt\/wholesale-folding-packaging-boxes\/","title":{"rendered":"Gro\u00dfhandel Folding Packaging Boxen, Lebensmittelqualit\u00e4t Papier Box Bulk"},"content":{"rendered":"<div class=\"wp-block-columns is-layout-flex wp-container-core-columns-is-layout-9d6595d7 wp-block-columns-is-layout-flex\">\n<div class=\"wp-block-column is-layout-flow wp-block-column-is-layout-flow\">\n<h3 class=\"wp-block-heading\">Merkmale der Gro\u00dfhandel Folding Packaging Boxen<\/h3>\n\n\n\n<p><strong>Leicht zu \u00f6ffnendes Deckeldesign:<\/strong> Diese Faltschachteln f\u00fcr den Gro\u00dfhandel haben einen leicht zu \u00f6ffnenden Deckel. Er erm\u00f6glicht einen schnellen und bequemen Zugriff auf Leckereien wie Kekse, Eierkuchen und kleine Kuchen und verbessert das Auspackerlebnis.<\/p>\n\n\n\n<p><strong>Lebensmittelechtes Material Konstruktion:<\/strong> Die aus lebensmittelechtem Material hergestellten Faltschachteln f\u00fcr den Gro\u00dfhandel sind sch\u00fctzend und sauber f\u00fcr Produkte wie Kekse, Eierkuchen und kleine Kuchen, die darin verpackt werden.<\/p>\n\n\n\n<p><strong>Stapelbare Lagerung: <\/strong>Der Gro\u00dfhandelskarton f\u00fcr Lebensmittel ist stapelbar. So k\u00f6nnen B\u00e4ckereien oder Gesch\u00e4fte bequem einen Vorrat an Keksen, Eierkuchen und kleinen Kuchenpackungen aufbewahren.<\/p>\n\n\n\n<p><strong>Minimalistisches Design ansprechend:<\/strong> Mit ihrem minimalistischen Design wirkt die Lebensmittelverpackungsbox f\u00fcr den Gro\u00dfhandel einfach und \u00fcbersichtlich. Es ist eine ansprechende Ansicht und geeignet, um leckere Leckereien wie Kekse, Eierkuchen und Mini-Kuchen zu pr\u00e4sentieren.<\/p>\n\n\n\n<p><strong>V\u00f6llig markenf\u00e4hig f\u00fcr Lebensmittel:<\/strong> Die personalisierte Lebensmittelverpackungsschachtel kann v\u00f6llig individuell gestaltet werden. Sie haben die Freiheit, die Gr\u00f6\u00dfe und Farbe zu \u00e4ndern, Logos oder Designs aufzudrucken und die Oberfl\u00e4chenbeschaffenheit zu w\u00e4hlen, um die spezifischen Markenanforderungen von B\u00e4ckereien und Lebensmittelmarken zu erf\u00fcllen.<\/p>\n<\/div>\n\n\n\n<div class=\"wp-block-column is-layout-flow wp-block-column-is-layout-flow\">\n<figure class=\"wp-block-image size-full\"><img decoding=\"async\" width=\"2048\" height=\"1940\" src=\"https:\/\/www.yishengpack.com\/wp-content\/uploads\/2025\/09\/Wholesale-Folding-Packaging-Boxes-Custom-Eco-friendly-Food-Grade-Paper-Box-for-Snacks-2.webp\" alt=\"gro\u00dfhandel-faltverpackung-boxen-lebensmittel-grade-papier-box-bulk-2\" class=\"wp-image-2177\" srcset=\"https:\/\/www.yishengpack.com\/wp-content\/uploads\/2025\/09\/Wholesale-Folding-Packaging-Boxes-Custom-Eco-friendly-Food-Grade-Paper-Box-for-Snacks-2.webp 2048w, https:\/\/www.yishengpack.com\/wp-content\/uploads\/2025\/09\/Wholesale-Folding-Packaging-Boxes-Custom-Eco-friendly-Food-Grade-Paper-Box-for-Snacks-2-300x284.webp 300w, https:\/\/www.yishengpack.com\/wp-content\/uploads\/2025\/09\/Wholesale-Folding-Packaging-Boxes-Custom-Eco-friendly-Food-Grade-Paper-Box-for-Snacks-2-768x728.webp 768w, https:\/\/www.yishengpack.com\/wp-content\/uploads\/2025\/09\/Wholesale-Folding-Packaging-Boxes-Custom-Eco-friendly-Food-Grade-Paper-Box-for-Snacks-2-13x12.webp 13w, https:\/\/www.yishengpack.com\/wp-content\/uploads\/2025\/09\/Wholesale-Folding-Packaging-Boxes-Custom-Eco-friendly-Food-Grade-Paper-Box-for-Snacks-2-1200x1137.webp 1200w, https:\/\/www.yishengpack.com\/wp-content\/uploads\/2025\/09\/Wholesale-Folding-Packaging-Boxes-Custom-Eco-friendly-Food-Grade-Paper-Box-for-Snacks-2-600x568.webp 600w\" sizes=\"(max-width: 2048px) 100vw, 2048px\" \/><\/figure>\n<\/div>\n<\/div>\n\n\n\n<p><\/p>","protected":false},"excerpt":{"rendered":"<p>Willkommen zum Kauf unserer Gro\u00dfhandels-Faltverpackungsboxen in verschiedenen Farben. Entdecken Sie diese Verpackungsschachteln f\u00fcr Lebensmittel mit einem praktischen Design; sie vereinen Praktikabilit\u00e4t und Attraktivit\u00e4t. Von der Gr\u00f6\u00dfe und den Farben bis hin zum Logo und dem Innenlayout sind sie vollst\u00e4ndig anpassbar, damit sie zu Ihrer Marke passen. Lassen Sie uns dazu beitragen, dass sich Ihre Lebensmittelprodukte sch\u00f6n und effizient abheben.<\/p>\n<h2>H\u00f6hepunkte des Gro\u00dfhandels Folding Packaging Boxen<\/h2>\n<ul>\n<li>Personalisierte Anpassung<\/li>\n<li>Langlebige Handwerkskunst<\/li>\n<li>Recycelte Materialien<\/li>\n<li>Exquisiter Druck<\/li>\n<li>Mehrere Farboptionen<\/li>\n<li>Elfenbeinpapier in Lebensmittelqualit\u00e4t<\/li>\n<li>Bequeme Lagerung von Lebensmitteln<\/li>\n<\/ul>\n<p>&nbsp;<\/p>\n<p>&nbsp;<\/p>","protected":false},"featured_media":2176,"comment_status":"closed","ping_status":"closed","template":"","meta":{"_acf_changed":false},"box-type":[55,48],"product_brand":[],"product_cat":[46,30,32,33,44],"product_tag":[],"class_list":{"0":"post-2175","1":"product","2":"type-product","3":"status-publish","4":"has-post-thumbnail","6":"box-type-custom-foldable-boxes","7":"box-type-custom-tuck-top-boxes","8":"product_cat-wholesale-paper-boxes","9":"product_cat-cake-containers-wholesale","10":"product_cat-bakery-packaging-wholesale","11":"product_cat-food-packaging-boxes-wholesale","12":"product_cat-custom-snack-box","14":"first","15":"instock","16":"shipping-taxable","17":"product-type-simple"},"acf":[],"_links":{"self":[{"href":"https:\/\/www.yishengpack.com\/de\/wp-json\/wp\/v2\/product\/2175","targetHints":{"allow":["GET"]}}],"collection":[{"href":"https:\/\/www.yishengpack.com\/de\/wp-json\/wp\/v2\/product"}],"about":[{"href":"https:\/\/www.yishengpack.com\/de\/wp-json\/wp\/v2\/types\/product"}],"replies":[{"embeddable":true,"href":"https:\/\/www.yishengpack.com\/de\/wp-json\/wp\/v2\/comments?post=2175"}],"wp:featuredmedia":[{"embeddable":true,"href":"https:\/\/www.yishengpack.com\/de\/wp-json\/wp\/v2\/media\/2176"}],"wp:attachment":[{"href":"https:\/\/www.yishengpack.com\/de\/wp-json\/wp\/v2\/media?parent=2175"}],"wp:term":[{"taxonomy":"box-type","embeddable":true,"href":"https:\/\/www.yishengpack.com\/de\/wp-json\/wp\/v2\/box-type?post=2175"},{"taxonomy":"product_brand","embeddable":true,"href":"https:\/\/www.yishengpack.com\/de\/wp-json\/wp\/v2\/product_brand?post=2175"},{"taxonomy":"product_cat","embeddable":true,"href":"https:\/\/www.yishengpack.com\/de\/wp-json\/wp\/v2\/product_cat?post=2175"},{"taxonomy":"product_tag","embeddable":true,"href":"https:\/\/www.yishengpack.com\/de\/wp-json\/wp\/v2\/product_tag?post=2175"}],"curies":[{"name":"wp","href":"https:\/\/api.w.org\/{rel}","templated":true}]}}