{"id":2167,"date":"2025-09-20T04:13:20","date_gmt":"2025-09-20T04:13:20","guid":{"rendered":"https:\/\/www.yishengpack.com\/?post_type=product&#038;p=2167"},"modified":"2025-10-29T04:04:27","modified_gmt":"2025-10-29T04:04:27","slug":"drawer-box-wholesale","status":"publish","type":"product","link":"https:\/\/www.yishengpack.com\/de\/produkt\/drawer-box-wholesale\/","title":{"rendered":"Starre Schublade Box Gro\u00dfhandel, benutzerdefinierte Kosmetik &amp; Schmuck-Boxen"},"content":{"rendered":"<div class=\"wp-block-columns is-layout-flex wp-container-core-columns-is-layout-9d6595d7 wp-block-columns-is-layout-flex\">\n<div class=\"wp-block-column is-layout-flow wp-block-column-is-layout-flow\">\n<h3 class=\"wp-block-heading\">Eigenschaften von Rigid Drawer Box Gro\u00dfhandel:<\/h3>\n\n\n\n<p><strong>Reibungsloser Schubladenbetrieb:<\/strong> Diese ma\u00dfgefertigte Schubladenbox verf\u00fcgt \u00fcber eine leichtg\u00e4ngige Schublade, die sich beim \u00d6ffnen einfach herausschieben l\u00e4sst und ein hervorragendes Unboxing-Erlebnis bietet, ideal f\u00fcr die Pr\u00e4sentation von Produkten wie Kosmetika, Hautprodukten, Parf\u00fcm und Schmuck.<\/p>\n\n\n\n<p><strong>Optionen f\u00fcr benutzerdefinierte Innenf\u00e4cher: <\/strong>F\u00fcr die starre Schubladenbox gibt es im Gro\u00dfhandel zahlreiche L\u00f6sungen f\u00fcr die Innenschalen. Sie k\u00f6nnen Schalen erwerben, die aus Kunststoff, Karton oder Schwamm zugeschnitten sind. Die F\u00e4cher k\u00f6nnen so gestaltet werden, dass sie Kosmetika, Hautpflegeprodukte, Parf\u00fcm und Schmuck festhalten und ihnen einen Platz zum Ausruhen bieten.<\/p>\n\n\n\n<p><strong>Vielseitig f\u00fcr Luxusg\u00fcter: <\/strong>Wir bieten ma\u00dfgeschneiderte, flexible Schubladenboxen f\u00fcr Luxusprodukte. Von Make-up, Hautpflege, Parf\u00fcm bis hin zu Schmuck - unsere Geschenkboxen passen sich den unterschiedlichen Verpackungsanforderungen f\u00fcr den Geschenk- und Luxuseinzelhandel an.<\/p>\n\n\n\n<p><strong>Schicke Farboptionen: <\/strong>Die Schubladenbox wird im Gro\u00dfhandel auch in modischen Farbvarianten angeboten. Blasse Lavendel-, Hellblau- und Mintgr\u00fcnt\u00f6ne sind sch\u00f6n und machen die Box zu einer idealen Option f\u00fcr die Aufbewahrung von hochwertigen Artikeln wie hochwertigen Parfums oder Schmuck.<\/p>\n\n\n\n<p><strong>Vollst\u00e4ndig auf die Marke abgestimmte Anpassung:<\/strong> Die ma\u00dfgeschneiderte Schubladenbox f\u00fcr den Gro\u00dfhandel bietet eine vollst\u00e4ndige, auf die Marke abgestimmte Personalisierung. Sie k\u00f6nnen die Gr\u00f6\u00dfe, die Farbe, die Grafik, das Logo, die Oberfl\u00e4chenbeschaffenheit und das Design des Innenfachs \u00e4ndern, um den einzigartigen Branding-Anforderungen der verschiedenen Sch\u00f6nheits- und Schmuckmarken zu entsprechen.<\/p>\n<\/div>\n\n\n\n<div class=\"wp-block-column is-layout-flow wp-block-column-is-layout-flow\">\n<figure class=\"wp-block-image size-full\"><img decoding=\"async\" width=\"2234\" height=\"2234\" src=\"https:\/\/www.yishengpack.com\/wp-content\/uploads\/2025\/09\/Recyclable-Drawer-Boxes-Wholesale-Customized-Rigid-Gift-Packaging-Paper-Box-for-Cosmetics-Jewelry-2.webp\" alt=\"starre-schubladen-box-gro\u00dfhandel-kosmetische-schmuck-boxen-2\" class=\"wp-image-2169\" srcset=\"https:\/\/www.yishengpack.com\/wp-content\/uploads\/2025\/09\/Recyclable-Drawer-Boxes-Wholesale-Customized-Rigid-Gift-Packaging-Paper-Box-for-Cosmetics-Jewelry-2.webp 2234w, https:\/\/www.yishengpack.com\/wp-content\/uploads\/2025\/09\/Recyclable-Drawer-Boxes-Wholesale-Customized-Rigid-Gift-Packaging-Paper-Box-for-Cosmetics-Jewelry-2-300x300.webp 300w, https:\/\/www.yishengpack.com\/wp-content\/uploads\/2025\/09\/Recyclable-Drawer-Boxes-Wholesale-Customized-Rigid-Gift-Packaging-Paper-Box-for-Cosmetics-Jewelry-2-150x150.webp 150w, https:\/\/www.yishengpack.com\/wp-content\/uploads\/2025\/09\/Recyclable-Drawer-Boxes-Wholesale-Customized-Rigid-Gift-Packaging-Paper-Box-for-Cosmetics-Jewelry-2-768x768.webp 768w, https:\/\/www.yishengpack.com\/wp-content\/uploads\/2025\/09\/Recyclable-Drawer-Boxes-Wholesale-Customized-Rigid-Gift-Packaging-Paper-Box-for-Cosmetics-Jewelry-2-12x12.webp 12w, https:\/\/www.yishengpack.com\/wp-content\/uploads\/2025\/09\/Recyclable-Drawer-Boxes-Wholesale-Customized-Rigid-Gift-Packaging-Paper-Box-for-Cosmetics-Jewelry-2-1200x1200.webp 1200w, https:\/\/www.yishengpack.com\/wp-content\/uploads\/2025\/09\/Recyclable-Drawer-Boxes-Wholesale-Customized-Rigid-Gift-Packaging-Paper-Box-for-Cosmetics-Jewelry-2-600x600.webp 600w, https:\/\/www.yishengpack.com\/wp-content\/uploads\/2025\/09\/Recyclable-Drawer-Boxes-Wholesale-Customized-Rigid-Gift-Packaging-Paper-Box-for-Cosmetics-Jewelry-2-100x100.webp 100w\" sizes=\"(max-width: 2234px) 100vw, 2234px\" \/><\/figure>\n<\/div>\n<\/div>\n\n\n\n<p><\/p>","protected":false},"excerpt":{"rendered":"<p>Willkommen in unserer starren Schubladenbox Gro\u00dfhandel kaufen. Entdecken Sie diese bunten Kosmetik &amp; Schmuck Geschenkboxen mit einer reibungslosen Schiebefunktion; sie elegant Gleichgewicht Luxus mit Leichtigkeit. Sie k\u00f6nnen je nach Gr\u00f6\u00dfe, Farbe und Logo an Ihre Marke angepasst werden. Lassen Sie uns dazu beitragen, dass Ihre Produkte einen auffallenden und effektiven Eindruck machen.<\/p>\n<h2>Highlights der recycelbaren Schubladenbox Gro\u00dfhandel<\/h2>\n<ul>\n<li>Robuste Konstruktion<\/li>\n<li>High-End-Anpassung<\/li>\n<li>Recycelte Materialien<\/li>\n<li>Umfassende Druckkunst<\/li>\n<li>Mehrere Farboptionen<\/li>\n<li>Einfache Lagerung<\/li>\n<li>Bequeme Nutzung<\/li>\n<\/ul>\n<p>&nbsp;<\/p>\n<p>&nbsp;<\/p>","protected":false},"featured_media":2168,"comment_status":"closed","ping_status":"closed","template":"","meta":{"_acf_changed":false},"box-type":[47,61],"product_brand":[],"product_cat":[19,65,40,39],"product_tag":[],"class_list":{"0":"post-2167","1":"product","2":"type-product","3":"status-publish","4":"has-post-thumbnail","6":"box-type-custom-drawer-boxes","7":"box-type-custom-two-piece-boxes","8":"product_cat-luxury-gift-boxes-wholesale","9":"product_cat-custom-cosmetic-boxes","10":"product_cat-custom-jewelry-boxes","11":"product_cat-custom-perfume-boxes","13":"first","14":"instock","15":"shipping-taxable","16":"product-type-simple"},"acf":[],"_links":{"self":[{"href":"https:\/\/www.yishengpack.com\/de\/wp-json\/wp\/v2\/product\/2167","targetHints":{"allow":["GET"]}}],"collection":[{"href":"https:\/\/www.yishengpack.com\/de\/wp-json\/wp\/v2\/product"}],"about":[{"href":"https:\/\/www.yishengpack.com\/de\/wp-json\/wp\/v2\/types\/product"}],"replies":[{"embeddable":true,"href":"https:\/\/www.yishengpack.com\/de\/wp-json\/wp\/v2\/comments?post=2167"}],"wp:featuredmedia":[{"embeddable":true,"href":"https:\/\/www.yishengpack.com\/de\/wp-json\/wp\/v2\/media\/2168"}],"wp:attachment":[{"href":"https:\/\/www.yishengpack.com\/de\/wp-json\/wp\/v2\/media?parent=2167"}],"wp:term":[{"taxonomy":"box-type","embeddable":true,"href":"https:\/\/www.yishengpack.com\/de\/wp-json\/wp\/v2\/box-type?post=2167"},{"taxonomy":"product_brand","embeddable":true,"href":"https:\/\/www.yishengpack.com\/de\/wp-json\/wp\/v2\/product_brand?post=2167"},{"taxonomy":"product_cat","embeddable":true,"href":"https:\/\/www.yishengpack.com\/de\/wp-json\/wp\/v2\/product_cat?post=2167"},{"taxonomy":"product_tag","embeddable":true,"href":"https:\/\/www.yishengpack.com\/de\/wp-json\/wp\/v2\/product_tag?post=2167"}],"curies":[{"name":"wp","href":"https:\/\/api.w.org\/{rel}","templated":true}]}}