{"id":2159,"date":"2025-09-20T06:42:52","date_gmt":"2025-09-20T06:42:52","guid":{"rendered":"https:\/\/www.yishengpack.com\/?post_type=product&#038;p=2159"},"modified":"2025-10-29T07:58:40","modified_gmt":"2025-10-29T07:58:40","slug":"wholesale-magnetic-gift-boxes","status":"publish","type":"product","link":"https:\/\/www.yishengpack.com\/de\/produkt\/wholesale-magnetic-gift-boxes\/","title":{"rendered":"Gro\u00dfhandel magnetische Geschenk-Boxen, benutzerdefinierte gedruckt starren Boxen"},"content":{"rendered":"<div class=\"wp-block-columns is-layout-flex wp-container-core-columns-is-layout-9d6595d7 wp-block-columns-is-layout-flex\">\n<div class=\"wp-block-column is-layout-flow wp-block-column-is-layout-flow\">\n<h3 class=\"wp-block-heading\">Merkmale der Gro\u00dfhandel magnetische Geschenk-Boxen<\/h3>\n\n\n\n<p><strong>Magnetischer Verschluss f\u00fcr m\u00fchelose Benutzung:<\/strong> Diese magnetischen Geschenkboxen f\u00fcr den Gro\u00dfhandel verf\u00fcgen \u00fcber einen magnetischen Schnappmechanismus. Es erm\u00f6glicht ein einfaches \u00d6ffnen und Schlie\u00dfen, so dass es super bequem beim Zugriff auf Artikel wie Kosmetika, Hautpflegeprodukte, Parf\u00fcm, und Schmuck.<\/p>\n\n\n\n<p><strong>Geeignet f\u00fcr Premiumartikel:<\/strong> Diese magnetischen Geschenkboxen f\u00fcr den Gro\u00dfhandel sind perfekt f\u00fcr hochwertige Produkte. Ob Kosmetika, Hautpflegeprodukte, Parf\u00fcm oder Schmuck, diese Boxen k\u00f6nnen die Verpackungsanforderungen von High-End-Waren erf\u00fcllen, sei es zum Verschenken oder f\u00fcr den gehobenen Einzelhandel.<\/p>\n\n\n\n<p><strong>Ma\u00dfgeschneiderte Eins\u00e4tze f\u00fcr die Sicherheit:<\/strong> Unsere stabilen magnetischen Geschenkboxen f\u00fcr den Gro\u00dfhandel k\u00f6nnen mit ma\u00dfgeschneiderten Eins\u00e4tzen ausgestattet werden. Diese Eins\u00e4tze aus Materialien wie EVA-Schaum oder Satin sind so geformt, dass sie genau zu Kosmetika, Hautpflegeprodukten, Parf\u00fcm und Schmuck passen und sicherstellen, dass sie sicher und gesch\u00fctzt sind.<\/p>\n\n\n\n<p><strong>Hochwertige Konstruktion zum Schutz:<\/strong> Diese individuell bedruckten Boxen werden aus hochwertigen Materialien hergestellt; diese magnetischen Verpackungsboxen sind robust. Sie bieten zuverl\u00e4ssigen Schutz f\u00fcr hochwertige Artikel, sowohl beim Ausstellen als auch beim Verschenken, und halten sie in bestem Zustand.<\/p>\n\n\n\n<p><strong>V\u00f6llig markenzentrierte Anpassung: <\/strong>Die individuell bedruckten Hartschalen k\u00f6nnen ganz auf Ihre Marke abgestimmt werden. Sie k\u00f6nnen die Gr\u00f6\u00dfe und Farbe anpassen und Oberfl\u00e4chenbehandlungen wie Pr\u00e4gung, Metallic-Farben oder Soft-Touch-Laminierungen w\u00e4hlen. Der Druck von Kunstwerken ist ebenfalls eine Option, um die Identit\u00e4t und Marktpositionierung Ihrer Marke zu unterstreichen.<\/p>\n<\/div>\n\n\n\n<div class=\"wp-block-column is-layout-flow wp-block-column-is-layout-flow\">\n<figure class=\"wp-block-image size-full\"><img decoding=\"async\" width=\"2204\" height=\"2204\" src=\"https:\/\/www.yishengpack.com\/wp-content\/uploads\/2025\/09\/Hot-selling-Magnetic-Packaging-Gift-Boxes-WholesaleCustom-Rigid-Cardboard-Box-with-Foam-Insert-2.webp\" alt=\"gro\u00dfhandel-magnetische-geschenkboxen-individuell-bedruckte-starre-boxen-2\" class=\"wp-image-2161\" srcset=\"https:\/\/www.yishengpack.com\/wp-content\/uploads\/2025\/09\/Hot-selling-Magnetic-Packaging-Gift-Boxes-WholesaleCustom-Rigid-Cardboard-Box-with-Foam-Insert-2.webp 2204w, https:\/\/www.yishengpack.com\/wp-content\/uploads\/2025\/09\/Hot-selling-Magnetic-Packaging-Gift-Boxes-WholesaleCustom-Rigid-Cardboard-Box-with-Foam-Insert-2-300x300.webp 300w, https:\/\/www.yishengpack.com\/wp-content\/uploads\/2025\/09\/Hot-selling-Magnetic-Packaging-Gift-Boxes-WholesaleCustom-Rigid-Cardboard-Box-with-Foam-Insert-2-150x150.webp 150w, https:\/\/www.yishengpack.com\/wp-content\/uploads\/2025\/09\/Hot-selling-Magnetic-Packaging-Gift-Boxes-WholesaleCustom-Rigid-Cardboard-Box-with-Foam-Insert-2-768x768.webp 768w, https:\/\/www.yishengpack.com\/wp-content\/uploads\/2025\/09\/Hot-selling-Magnetic-Packaging-Gift-Boxes-WholesaleCustom-Rigid-Cardboard-Box-with-Foam-Insert-2-12x12.webp 12w, https:\/\/www.yishengpack.com\/wp-content\/uploads\/2025\/09\/Hot-selling-Magnetic-Packaging-Gift-Boxes-WholesaleCustom-Rigid-Cardboard-Box-with-Foam-Insert-2-1200x1200.webp 1200w, https:\/\/www.yishengpack.com\/wp-content\/uploads\/2025\/09\/Hot-selling-Magnetic-Packaging-Gift-Boxes-WholesaleCustom-Rigid-Cardboard-Box-with-Foam-Insert-2-600x600.webp 600w, https:\/\/www.yishengpack.com\/wp-content\/uploads\/2025\/09\/Hot-selling-Magnetic-Packaging-Gift-Boxes-WholesaleCustom-Rigid-Cardboard-Box-with-Foam-Insert-2-100x100.webp 100w\" sizes=\"(max-width: 2204px) 100vw, 2204px\" \/><\/figure>\n\n\n\n<div class=\"wp-block-buttons has-custom-font-size has-small-font-size is-content-justification-center is-layout-flex wp-container-core-buttons-is-layout-16018d1d wp-block-buttons-is-layout-flex\">\n<div class=\"wp-block-button has-custom-width wp-block-button__width-75\"><a class=\"wp-block-button__link has-background has-small-font-size has-custom-font-size wp-element-button\" href=\"https:\/\/www.yishengpack.com\/de\/custom-printed-box\/\" style=\"background:linear-gradient(135deg,rgb(254,205,165) 0%,rgb(254,45,45) 0%,rgb(94,15,15) 0%,rgb(94,15,15) 100%)\" target=\"_blank\" rel=\"noreferrer noopener\"><strong>Entdecken Sie individuell bedruckte Boxen<\/strong><\/a><\/div>\n<\/div>\n<\/div>\n<\/div>\n\n\n\n<div class=\"wp-block-columns is-layout-flex wp-container-core-columns-is-layout-9d6595d7 wp-block-columns-is-layout-flex\">\n<div class=\"wp-block-column is-layout-flow wp-block-column-is-layout-flow\">\n<figure class=\"wp-block-image size-full\"><img decoding=\"async\" width=\"2396\" height=\"2396\" src=\"https:\/\/www.yishengpack.com\/wp-content\/uploads\/2025\/09\/Hot-selling-Magnetic-Packaging-Gift-Boxes-WholesaleCustom-Rigid-Cardboard-Box-with-Foam-Insert-4.webp\" alt=\"gro\u00dfhandel-magnetische-geschenkboxen-individuell-bedruckte-starre-boxen-4\" class=\"wp-image-2163\" srcset=\"https:\/\/www.yishengpack.com\/wp-content\/uploads\/2025\/09\/Hot-selling-Magnetic-Packaging-Gift-Boxes-WholesaleCustom-Rigid-Cardboard-Box-with-Foam-Insert-4.webp 2396w, https:\/\/www.yishengpack.com\/wp-content\/uploads\/2025\/09\/Hot-selling-Magnetic-Packaging-Gift-Boxes-WholesaleCustom-Rigid-Cardboard-Box-with-Foam-Insert-4-300x300.webp 300w, https:\/\/www.yishengpack.com\/wp-content\/uploads\/2025\/09\/Hot-selling-Magnetic-Packaging-Gift-Boxes-WholesaleCustom-Rigid-Cardboard-Box-with-Foam-Insert-4-150x150.webp 150w, https:\/\/www.yishengpack.com\/wp-content\/uploads\/2025\/09\/Hot-selling-Magnetic-Packaging-Gift-Boxes-WholesaleCustom-Rigid-Cardboard-Box-with-Foam-Insert-4-768x768.webp 768w, https:\/\/www.yishengpack.com\/wp-content\/uploads\/2025\/09\/Hot-selling-Magnetic-Packaging-Gift-Boxes-WholesaleCustom-Rigid-Cardboard-Box-with-Foam-Insert-4-12x12.webp 12w, https:\/\/www.yishengpack.com\/wp-content\/uploads\/2025\/09\/Hot-selling-Magnetic-Packaging-Gift-Boxes-WholesaleCustom-Rigid-Cardboard-Box-with-Foam-Insert-4-1200x1200.webp 1200w, https:\/\/www.yishengpack.com\/wp-content\/uploads\/2025\/09\/Hot-selling-Magnetic-Packaging-Gift-Boxes-WholesaleCustom-Rigid-Cardboard-Box-with-Foam-Insert-4-600x600.webp 600w, https:\/\/www.yishengpack.com\/wp-content\/uploads\/2025\/09\/Hot-selling-Magnetic-Packaging-Gift-Boxes-WholesaleCustom-Rigid-Cardboard-Box-with-Foam-Insert-4-100x100.webp 100w\" sizes=\"(max-width: 2396px) 100vw, 2396px\" \/><\/figure>\n\n\n\n<div class=\"wp-block-buttons has-custom-font-size has-small-font-size is-content-justification-center is-layout-flex wp-container-core-buttons-is-layout-16018d1d wp-block-buttons-is-layout-flex\">\n<div class=\"wp-block-button has-custom-width wp-block-button__width-75\"><a class=\"wp-block-button__link has-background has-small-font-size has-custom-font-size wp-element-button\" href=\"https:\/\/www.yishengpack.com\/de\/custom-product-boxes-types\/\" style=\"background:linear-gradient(135deg,rgb(254,205,165) 0%,rgb(254,45,45) 0%,rgb(94,15,15) 0%,rgb(94,15,15) 100%)\" target=\"_blank\" rel=\"noreferrer noopener\"><strong>Arten von benutzerdefinierten Produktboxen erkunden<\/strong><\/a><\/div>\n<\/div>\n<\/div>\n\n\n\n<div class=\"wp-block-column is-layout-flow wp-block-column-is-layout-flow\">\n<figure class=\"wp-block-image size-full\"><img decoding=\"async\" width=\"2222\" height=\"2222\" src=\"https:\/\/www.yishengpack.com\/wp-content\/uploads\/2025\/09\/Hot-selling-Magnetic-Packaging-Gift-Boxes-WholesaleCustom-Rigid-Cardboard-Box-with-Foam-Insert-7.webp\" alt=\"gro\u00dfhandel-magnetische-geschenkboxen-individuell-bedruckte-starre-boxen-7\" class=\"wp-image-2166\" srcset=\"https:\/\/www.yishengpack.com\/wp-content\/uploads\/2025\/09\/Hot-selling-Magnetic-Packaging-Gift-Boxes-WholesaleCustom-Rigid-Cardboard-Box-with-Foam-Insert-7.webp 2222w, https:\/\/www.yishengpack.com\/wp-content\/uploads\/2025\/09\/Hot-selling-Magnetic-Packaging-Gift-Boxes-WholesaleCustom-Rigid-Cardboard-Box-with-Foam-Insert-7-300x300.webp 300w, https:\/\/www.yishengpack.com\/wp-content\/uploads\/2025\/09\/Hot-selling-Magnetic-Packaging-Gift-Boxes-WholesaleCustom-Rigid-Cardboard-Box-with-Foam-Insert-7-150x150.webp 150w, https:\/\/www.yishengpack.com\/wp-content\/uploads\/2025\/09\/Hot-selling-Magnetic-Packaging-Gift-Boxes-WholesaleCustom-Rigid-Cardboard-Box-with-Foam-Insert-7-768x768.webp 768w, https:\/\/www.yishengpack.com\/wp-content\/uploads\/2025\/09\/Hot-selling-Magnetic-Packaging-Gift-Boxes-WholesaleCustom-Rigid-Cardboard-Box-with-Foam-Insert-7-12x12.webp 12w, https:\/\/www.yishengpack.com\/wp-content\/uploads\/2025\/09\/Hot-selling-Magnetic-Packaging-Gift-Boxes-WholesaleCustom-Rigid-Cardboard-Box-with-Foam-Insert-7-1200x1200.webp 1200w, https:\/\/www.yishengpack.com\/wp-content\/uploads\/2025\/09\/Hot-selling-Magnetic-Packaging-Gift-Boxes-WholesaleCustom-Rigid-Cardboard-Box-with-Foam-Insert-7-600x600.webp 600w, https:\/\/www.yishengpack.com\/wp-content\/uploads\/2025\/09\/Hot-selling-Magnetic-Packaging-Gift-Boxes-WholesaleCustom-Rigid-Cardboard-Box-with-Foam-Insert-7-100x100.webp 100w\" sizes=\"(max-width: 2222px) 100vw, 2222px\" \/><\/figure>\n\n\n\n<div class=\"wp-block-buttons is-content-justification-center is-layout-flex wp-container-core-buttons-is-layout-16018d1d wp-block-buttons-is-layout-flex\">\n<div class=\"wp-block-button has-custom-width wp-block-button__width-75\"><a class=\"wp-block-button__link has-background has-small-font-size has-custom-font-size wp-element-button\" href=\"https:\/\/www.yishengpack.com\/de\/custom-box-inserts-accessories\/\" style=\"background:linear-gradient(135deg,rgb(254,205,165) 0%,rgb(254,45,45) 0%,rgb(94,15,15) 0%)\" target=\"_blank\" rel=\"noreferrer noopener\"><strong>Custom Box Inserts erforschen<\/strong><\/a><\/div>\n<\/div>\n<\/div>\n<\/div>","protected":false},"excerpt":{"rendered":"<p>Kommen Sie zum Kauf unserer Gro\u00dfhandel magnetische Geschenk-Boxen mit Schaumstoffeinsatz. Unsere starren, individuell bedruckten Geschenkboxen sind unglaublich elegant mit einem traditionellen Deckel- und Bodendesign, sch\u00f6n und problemlos, perfekt geeignet f\u00fcr moderne Verpackungsl\u00f6sungen. Sie k\u00f6nnen verwendet werden, um Kosmetika, Hautpflege, Schmuck und mehr zu speichern. Yisheng ist Ihr erstklassiger Experte f\u00fcr individuelle Papierverpackungen - mit intelligenten Strukturen, fortschrittlicher Handwerkskunst und anpassungsf\u00e4higer Fertigung hebt sich Ihr Unternehmen ab.<\/p>\n<h2>Highlights der starren Gro\u00dfhandel magnetische Geschenk-Boxen<\/h2>\n<ul>\n<li>Vollst\u00e4ndige Individualisierung m\u00f6glich<\/li>\n<li>Umweltfreundliche Materialien<\/li>\n<li>Langlebige Handwerkskunst<\/li>\n<li>Mehrere Box-Typen<\/li>\n<li>Mehrere Farben<\/li>\n<li>Einfache Lagerung<\/li>\n<\/ul>\n<p>&nbsp;<\/p>","protected":false},"featured_media":2160,"comment_status":"closed","ping_status":"closed","template":"","meta":{"_acf_changed":false},"box-type":[54,57],"product_brand":[],"product_cat":[30,19,65,40,39,46],"product_tag":[],"class_list":{"0":"post-2159","1":"product","2":"type-product","3":"status-publish","4":"has-post-thumbnail","6":"box-type-custom-magnetic-closure-boxes","7":"box-type-custom-rigid-box-with-lid","8":"product_cat-cake-containers-wholesale","9":"product_cat-luxury-gift-boxes-wholesale","10":"product_cat-custom-cosmetic-boxes","11":"product_cat-custom-jewelry-boxes","12":"product_cat-custom-perfume-boxes","13":"product_cat-wholesale-paper-boxes","15":"first","16":"instock","17":"shipping-taxable","18":"product-type-simple"},"acf":[],"_links":{"self":[{"href":"https:\/\/www.yishengpack.com\/de\/wp-json\/wp\/v2\/product\/2159","targetHints":{"allow":["GET"]}}],"collection":[{"href":"https:\/\/www.yishengpack.com\/de\/wp-json\/wp\/v2\/product"}],"about":[{"href":"https:\/\/www.yishengpack.com\/de\/wp-json\/wp\/v2\/types\/product"}],"replies":[{"embeddable":true,"href":"https:\/\/www.yishengpack.com\/de\/wp-json\/wp\/v2\/comments?post=2159"}],"wp:featuredmedia":[{"embeddable":true,"href":"https:\/\/www.yishengpack.com\/de\/wp-json\/wp\/v2\/media\/2160"}],"wp:attachment":[{"href":"https:\/\/www.yishengpack.com\/de\/wp-json\/wp\/v2\/media?parent=2159"}],"wp:term":[{"taxonomy":"box-type","embeddable":true,"href":"https:\/\/www.yishengpack.com\/de\/wp-json\/wp\/v2\/box-type?post=2159"},{"taxonomy":"product_brand","embeddable":true,"href":"https:\/\/www.yishengpack.com\/de\/wp-json\/wp\/v2\/product_brand?post=2159"},{"taxonomy":"product_cat","embeddable":true,"href":"https:\/\/www.yishengpack.com\/de\/wp-json\/wp\/v2\/product_cat?post=2159"},{"taxonomy":"product_tag","embeddable":true,"href":"https:\/\/www.yishengpack.com\/de\/wp-json\/wp\/v2\/product_tag?post=2159"}],"curies":[{"name":"wp","href":"https:\/\/api.w.org\/{rel}","templated":true}]}}