{"id":2151,"date":"2025-09-20T07:22:22","date_gmt":"2025-09-20T07:22:22","guid":{"rendered":"https:\/\/www.yishengpack.com\/?post_type=product&#038;p=2151"},"modified":"2025-10-29T07:55:56","modified_gmt":"2025-10-29T07:55:56","slug":"bulk-magnetic-gift-boxes","status":"publish","type":"product","link":"https:\/\/www.yishengpack.com\/de\/produkt\/bulk-magnetic-gift-boxes\/","title":{"rendered":"Factory Bulk Magnetic Geschenk-Boxen, benutzerdefinierte faltbare Box mit Logo"},"content":{"rendered":"<div class=\"wp-block-columns is-layout-flex wp-container-core-columns-is-layout-9d6595d7 wp-block-columns-is-layout-flex\">\n<div class=\"wp-block-column is-layout-flow wp-block-column-is-layout-flow\">\n<h3 class=\"wp-block-heading\">Eigenschaften von magnetischen Geschenkboxen in gro\u00dfen Mengen<\/h3>\n\n\n\n<p><strong>Luxuri\u00f6ser Magnetverschluss: <\/strong>Unsere luxuri\u00f6sen magnetischen Geschenkboxen verf\u00fcgen \u00fcber einen Magnetverschluss, der ein nahtloses und luxuri\u00f6ses \u00d6ffnen und Verschlie\u00dfen erm\u00f6glicht und sich ideal zum Verpacken von Kosmetika, Hautpflegeprodukten und Parfums eignet.<\/p>\n\n\n\n<p><strong>Vielseitig f\u00fcr Sch\u00f6nheitsprodukte: <\/strong>Wir bieten luxuri\u00f6se magnetische Geschenkboxen in verschiedenen Ausf\u00fchrungen an. Sie eignen sich f\u00fcr die Geschenkverpackung von Kosmetika, Hautpflegeprodukten und Parfums und erf\u00fcllen verschiedene Anforderungen an die Verpackung von Sch\u00f6nheitsprodukten f\u00fcr Geschenke und den Premium-Einzelhandel.<\/p>\n\n\n\n<p><strong>Personalisierte Eins\u00e4tze zum Schutz:<\/strong> Unsere ma\u00dfgeschneiderte Faltschachtel kann mit individuellen Einlagen aus Karton oder Samt versehen werden. Diese Eins\u00e4tze werden entsprechend der Form und Gr\u00f6\u00dfe des Kosmetikprodukts zugeschnitten und sch\u00fctzen Kosmetika, Hautpflegeprodukte und Parfums sicher.<\/p>\n\n\n\n<p><strong>Luxuri\u00f6ses Material f\u00fcr Premium: <\/strong>Unsere individuelle Faltschachtel aus hochwertigem Material. Diese Premium-Magnetboxen bieten einen Hauch von Luxus. Sie sind wunderbar, um Sch\u00f6nheitsprodukte zu sch\u00fctzen, w\u00e4hrend sie ausgestellt und pr\u00e4sentiert werden, und geben ihnen eine insgesamt sch\u00f6ne Pr\u00e4sentation.<\/p>\n\n\n\n<p><strong>Vollst\u00e4ndig gebrandet f\u00fcr Ihre Marke:<\/strong> Die luxuri\u00f6sen magnetischen Geschenkboxen sind in Gr\u00f6\u00dfe, Farbe und Oberfl\u00e4chenbehandlung wie Folienpr\u00e4gung, Pr\u00e4gung oder Matt-\/Glanzlaminierung voll markenf\u00e4hig. Auch der Druck von Kunstwerken ist m\u00f6glich, um Ihr Markenimage und Ihre Marktpr\u00e4ferenzen zu ber\u00fccksichtigen.<\/p>\n<\/div>\n\n\n\n<div class=\"wp-block-column is-layout-flow wp-block-column-is-layout-flow\">\n<figure class=\"wp-block-image size-full\"><img decoding=\"async\" width=\"1099\" height=\"1132\" src=\"https:\/\/www.yishengpack.com\/wp-content\/uploads\/2025\/09\/Wholesale-Luxury-Magnetic-Close-Boxes-Bulk-Custom-Foldable-Box-with-Logo-Pattern-2.webp\" alt=\"werkseitig-magnetische-geschenkboxen-individuell-faltbar-boxen-2\" class=\"wp-image-2153\" srcset=\"https:\/\/www.yishengpack.com\/wp-content\/uploads\/2025\/09\/Wholesale-Luxury-Magnetic-Close-Boxes-Bulk-Custom-Foldable-Box-with-Logo-Pattern-2.webp 1099w, https:\/\/www.yishengpack.com\/wp-content\/uploads\/2025\/09\/Wholesale-Luxury-Magnetic-Close-Boxes-Bulk-Custom-Foldable-Box-with-Logo-Pattern-2-291x300.webp 291w, https:\/\/www.yishengpack.com\/wp-content\/uploads\/2025\/09\/Wholesale-Luxury-Magnetic-Close-Boxes-Bulk-Custom-Foldable-Box-with-Logo-Pattern-2-768x791.webp 768w, https:\/\/www.yishengpack.com\/wp-content\/uploads\/2025\/09\/Wholesale-Luxury-Magnetic-Close-Boxes-Bulk-Custom-Foldable-Box-with-Logo-Pattern-2-12x12.webp 12w, https:\/\/www.yishengpack.com\/wp-content\/uploads\/2025\/09\/Wholesale-Luxury-Magnetic-Close-Boxes-Bulk-Custom-Foldable-Box-with-Logo-Pattern-2-600x618.webp 600w\" sizes=\"(max-width: 1099px) 100vw, 1099px\" \/><\/figure>\n\n\n\n<div class=\"wp-block-buttons has-custom-font-size has-small-font-size is-content-justification-center is-layout-flex wp-container-core-buttons-is-layout-16018d1d wp-block-buttons-is-layout-flex\">\n<div class=\"wp-block-button has-custom-width wp-block-button__width-75\"><a class=\"wp-block-button__link has-background has-small-font-size has-custom-font-size wp-element-button\" href=\"https:\/\/www.yishengpack.com\/de\/custom-printed-box\/\" style=\"background:linear-gradient(135deg,rgb(254,205,165) 0%,rgb(254,45,45) 0%,rgb(94,15,15) 0%,rgb(94,15,15) 100%)\" target=\"_blank\" rel=\"noreferrer noopener\"><strong>Entdecken Sie individuell bedruckte Boxen<\/strong><\/a><\/div>\n<\/div>\n<\/div>\n<\/div>\n\n\n\n<p><\/p>","protected":false},"excerpt":{"rendered":"<div class=\"highlights-border-container\" data-v-8a832c06=\"\"><span class=\"highlights\" data-v-8a832c06=\"\">Willkommen in unserer Fabrik, wo Sie magnetische Geschenkboxen in Gro\u00dfmengen zu einem wettbewerbsf\u00e4higen Preis erwerben k\u00f6nnen. Diese individuell gestaltbaren, faltbaren Geschenkboxen sind f\u00fcr verschiedene Druckverfahren geeignet und zeichnen sich durch ein elegantes Design aus. Mit ihrer klassischen Magnetverschlussstruktur sind sie sowohl optisch ansprechend als auch praktisch und erf\u00fcllen perfekt die modernen Anforderungen an Verpackungen. Wir bieten OEM\/ODM-Service und sind ideal f\u00fcr die Aufbewahrung von Kosmetika, Hautpflegeprodukten, Parf\u00fcms und vielem mehr.<\/span><\/div>\n<h2>Highlights der magnetischen Geschenkboxen in Gro\u00dfpackungen<\/h2>\n<ul>\n<li>Personalisierte Anpassung<\/li>\n<li>Hochwertige Materialien<\/li>\n<li>Umfangreiche Druckoptionen<\/li>\n<li>Mehrere Boxgr\u00f6\u00dfen<\/li>\n<li>Gro\u00dfe Auswahl an Farboptionen<\/li>\n<li>Solide Konstruktion<\/li>\n<li>Modetrend<\/li>\n<\/ul>\n<p>&nbsp;<\/p>","protected":false},"featured_media":2152,"comment_status":"closed","ping_status":"closed","template":"","meta":{"_acf_changed":false},"box-type":[55,54,57],"product_brand":[],"product_cat":[46,19,65,40,39],"product_tag":[],"class_list":{"0":"post-2151","1":"product","2":"type-product","3":"status-publish","4":"has-post-thumbnail","6":"box-type-custom-foldable-boxes","7":"box-type-custom-magnetic-closure-boxes","8":"box-type-custom-rigid-box-with-lid","9":"product_cat-wholesale-paper-boxes","10":"product_cat-luxury-gift-boxes-wholesale","11":"product_cat-custom-cosmetic-boxes","12":"product_cat-custom-jewelry-boxes","13":"product_cat-custom-perfume-boxes","15":"first","16":"instock","17":"shipping-taxable","18":"product-type-simple"},"acf":[],"_links":{"self":[{"href":"https:\/\/www.yishengpack.com\/de\/wp-json\/wp\/v2\/product\/2151","targetHints":{"allow":["GET"]}}],"collection":[{"href":"https:\/\/www.yishengpack.com\/de\/wp-json\/wp\/v2\/product"}],"about":[{"href":"https:\/\/www.yishengpack.com\/de\/wp-json\/wp\/v2\/types\/product"}],"replies":[{"embeddable":true,"href":"https:\/\/www.yishengpack.com\/de\/wp-json\/wp\/v2\/comments?post=2151"}],"wp:featuredmedia":[{"embeddable":true,"href":"https:\/\/www.yishengpack.com\/de\/wp-json\/wp\/v2\/media\/2152"}],"wp:attachment":[{"href":"https:\/\/www.yishengpack.com\/de\/wp-json\/wp\/v2\/media?parent=2151"}],"wp:term":[{"taxonomy":"box-type","embeddable":true,"href":"https:\/\/www.yishengpack.com\/de\/wp-json\/wp\/v2\/box-type?post=2151"},{"taxonomy":"product_brand","embeddable":true,"href":"https:\/\/www.yishengpack.com\/de\/wp-json\/wp\/v2\/product_brand?post=2151"},{"taxonomy":"product_cat","embeddable":true,"href":"https:\/\/www.yishengpack.com\/de\/wp-json\/wp\/v2\/product_cat?post=2151"},{"taxonomy":"product_tag","embeddable":true,"href":"https:\/\/www.yishengpack.com\/de\/wp-json\/wp\/v2\/product_tag?post=2151"}],"curies":[{"name":"wp","href":"https:\/\/api.w.org\/{rel}","templated":true}]}}