{"id":2061,"date":"2025-09-11T10:33:25","date_gmt":"2025-09-11T10:33:25","guid":{"rendered":"https:\/\/www.yishengpack.com\/?post_type=product&#038;p=2061"},"modified":"2025-09-11T10:33:58","modified_gmt":"2025-09-11T10:33:58","slug":"magnetic-gift-boxes-wholesale","status":"publish","type":"product","link":"https:\/\/www.yishengpack.com\/de\/produkt\/magnetic-gift-boxes-wholesale\/","title":{"rendered":"Magnetische Geschenkboxen Gro\u00dfhandel, benutzerdefinierte Logo Bekleidung Boxen"},"content":{"rendered":"<div class=\"wp-block-columns is-layout-flex wp-container-core-columns-is-layout-9d6595d7 wp-block-columns-is-layout-flex\">\n<div class=\"wp-block-column is-layout-flow wp-block-column-is-layout-flow\">\n<h3 class=\"wp-block-heading\">Eigenschaften von Magnetische Geschenkboxen Gro\u00dfhandel<\/h3>\n\n\n\n<p><strong>Magnetischer Verschluss f\u00fcr einfache Handhabung:<\/strong> Diese magnetischen Geschenkboxen f\u00fcr den Gro\u00dfhandel haben einen Magnetverschluss. Es \u00f6ffnet und schlie\u00dft leicht und bietet eine nahtlose und elegante Erfahrung beim \u00d6ffnen, um Elemente wie Hoodies, Schuhe, Kleidung oder Accessoires abzurufen.<\/p>\n\n\n\n<p><strong>Vielfalt der Produkte:<\/strong> Geeignet f\u00fcr Unsere magnetischen Geschenkboxen f\u00fcr den Gro\u00dfhandel sind f\u00fcr eine Vielzahl von Produkten geeignet. Diese Boxen k\u00f6nnen verwendet werden, um Kapuzenpullis, Schuhe, Kleidung und Accessoires zu verpacken, unter anderem, daher ideal f\u00fcr das Verschenken sowie die Anzeige im Ladengesch\u00e4ft.<\/p>\n\n\n\n<p><strong>Individuelle Eins\u00e4tze zum Schutz:<\/strong> Unsere magnetischen Geschenkboxen f\u00fcr den Gro\u00dfhandel k\u00f6nnen mit Einlagen versehen werden. Die aus Materialien wie Karton hergestellten Eins\u00e4tze k\u00f6nnen genau auf die Form und Gr\u00f6\u00dfe Ihres Produkts abgestimmt werden, sodass sie Gegenst\u00e4nde wie Accessoires oder Schuhe sicher in Position halten und sch\u00fctzen.<\/p>\n\n\n\n<p><strong>Robuste Bauweise zum Schutz:<\/strong> Die aus hochwertigen Materialien gefertigten Boxen mit individuellem Logo f\u00fcr Bekleidung sind robust. Sie bieten zuverl\u00e4ssigen Schutz f\u00fcr Ihre Produkte, egal ob sie verschenkt oder ausgestellt werden, und halten Artikel wie Hoodies oder Kleidung in gutem Zustand.<\/p>\n\n\n\n<p><strong>Vollst\u00e4ndig anpassbar f\u00fcr das Branding:<\/strong> Die Bekleidungsboxen mit individuellem Logo k\u00f6nnen vollst\u00e4ndig angepasst werden. Sie k\u00f6nnen die Gr\u00f6\u00dfe und Farbe anpassen und Oberfl\u00e4chenbehandlungen vornehmen. Auch der Druck von Druckvorlagen ist m\u00f6glich, so dass die Boxen perfekt zu Ihrem Markenimage und Ihren Marktpr\u00e4ferenzen passen.<\/p>\n<\/div>\n\n\n\n<div class=\"wp-block-column is-layout-flow wp-block-column-is-layout-flow\">\n<figure class=\"wp-block-image size-full\"><img decoding=\"async\" width=\"2048\" height=\"2048\" src=\"https:\/\/www.yishengpack.com\/wp-content\/uploads\/2025\/09\/Premium-Custom-Magnetic-Gift-Boxes-Wholesale-Cardboard-Paper-Boxes-with-Logo-2.webp\" alt=\"magnetische-geschenk-boxen-gro\u00dfhandel-individuelle-logo-apparel-boxen-2\" class=\"wp-image-2063\" srcset=\"https:\/\/www.yishengpack.com\/wp-content\/uploads\/2025\/09\/Premium-Custom-Magnetic-Gift-Boxes-Wholesale-Cardboard-Paper-Boxes-with-Logo-2.webp 2048w, https:\/\/www.yishengpack.com\/wp-content\/uploads\/2025\/09\/Premium-Custom-Magnetic-Gift-Boxes-Wholesale-Cardboard-Paper-Boxes-with-Logo-2-300x300.webp 300w, https:\/\/www.yishengpack.com\/wp-content\/uploads\/2025\/09\/Premium-Custom-Magnetic-Gift-Boxes-Wholesale-Cardboard-Paper-Boxes-with-Logo-2-150x150.webp 150w, https:\/\/www.yishengpack.com\/wp-content\/uploads\/2025\/09\/Premium-Custom-Magnetic-Gift-Boxes-Wholesale-Cardboard-Paper-Boxes-with-Logo-2-768x768.webp 768w, https:\/\/www.yishengpack.com\/wp-content\/uploads\/2025\/09\/Premium-Custom-Magnetic-Gift-Boxes-Wholesale-Cardboard-Paper-Boxes-with-Logo-2-12x12.webp 12w, https:\/\/www.yishengpack.com\/wp-content\/uploads\/2025\/09\/Premium-Custom-Magnetic-Gift-Boxes-Wholesale-Cardboard-Paper-Boxes-with-Logo-2-1200x1200.webp 1200w, https:\/\/www.yishengpack.com\/wp-content\/uploads\/2025\/09\/Premium-Custom-Magnetic-Gift-Boxes-Wholesale-Cardboard-Paper-Boxes-with-Logo-2-600x600.webp 600w, https:\/\/www.yishengpack.com\/wp-content\/uploads\/2025\/09\/Premium-Custom-Magnetic-Gift-Boxes-Wholesale-Cardboard-Paper-Boxes-with-Logo-2-100x100.webp 100w\" sizes=\"(max-width: 2048px) 100vw, 2048px\" \/><\/figure>\n<\/div>\n<\/div>\n\n\n\n<p><\/p>","protected":false},"excerpt":{"rendered":"<p>Willkommen zum Kauf unserer magnetischen Geschenkboxen Gro\u00dfhandel. Diese Magnetverschluss benutzerdefinierte Logo Kleidung Boxen kommen in einer Vielzahl von attraktiven Farben. Sie haben einen klassischen Deckel - und - Boden-Struktur, die sowohl \u00e4sthetisch ansprechend und bequem ist, die Erf\u00fcllung moderner Verpackungsanforderungen. Sie sind perfekt f\u00fcr die Unterbringung von Kleidung, Schuhen, Accessoires und vielem mehr. Yisheng ist Ihr professioneller Partner f\u00fcr ma\u00dfgeschneiderte Papierverpackungen, damit sich Ihr Unternehmen von anderen abheben kann.<\/p>\n<h2>Highlights von  Magnetischen Geschenkboxen Gro\u00dfhandel<\/h2>\n<ul>\n<li>High-End-Anpassung<\/li>\n<li>Recycelte Materialien<\/li>\n<li>Solide Handwerkskunst<\/li>\n<li>Robuste Konstruktion<\/li>\n<li>Mehrere Boxgr\u00f6\u00dfen<\/li>\n<li>Mehrere Farboptionen<\/li>\n<li>Verschiedene Druckverfahren<\/li>\n<\/ul>\n<p>&nbsp;<\/p>","protected":false},"featured_media":2062,"comment_status":"closed","ping_status":"closed","template":"","meta":{"_acf_changed":false},"box-type":[55,54,57],"product_brand":[],"product_cat":[46,19,41,65,40,39,36],"product_tag":[],"class_list":{"0":"post-2061","1":"product","2":"type-product","3":"status-publish","4":"has-post-thumbnail","6":"box-type-custom-foldable-boxes","7":"box-type-custom-magnetic-closure-boxes","8":"box-type-custom-rigid-box-with-lid","9":"product_cat-wholesale-paper-boxes","10":"product_cat-luxury-gift-boxes-wholesale","11":"product_cat-candy-gift-boxes-wholesale","12":"product_cat-custom-cosmetic-boxes","13":"product_cat-custom-jewelry-boxes","14":"product_cat-custom-perfume-boxes","15":"product_cat-wine-boxes-wholesale","17":"first","18":"instock","19":"shipping-taxable","20":"product-type-simple"},"acf":[],"_links":{"self":[{"href":"https:\/\/www.yishengpack.com\/de\/wp-json\/wp\/v2\/product\/2061","targetHints":{"allow":["GET"]}}],"collection":[{"href":"https:\/\/www.yishengpack.com\/de\/wp-json\/wp\/v2\/product"}],"about":[{"href":"https:\/\/www.yishengpack.com\/de\/wp-json\/wp\/v2\/types\/product"}],"replies":[{"embeddable":true,"href":"https:\/\/www.yishengpack.com\/de\/wp-json\/wp\/v2\/comments?post=2061"}],"wp:featuredmedia":[{"embeddable":true,"href":"https:\/\/www.yishengpack.com\/de\/wp-json\/wp\/v2\/media\/2062"}],"wp:attachment":[{"href":"https:\/\/www.yishengpack.com\/de\/wp-json\/wp\/v2\/media?parent=2061"}],"wp:term":[{"taxonomy":"box-type","embeddable":true,"href":"https:\/\/www.yishengpack.com\/de\/wp-json\/wp\/v2\/box-type?post=2061"},{"taxonomy":"product_brand","embeddable":true,"href":"https:\/\/www.yishengpack.com\/de\/wp-json\/wp\/v2\/product_brand?post=2061"},{"taxonomy":"product_cat","embeddable":true,"href":"https:\/\/www.yishengpack.com\/de\/wp-json\/wp\/v2\/product_cat?post=2061"},{"taxonomy":"product_tag","embeddable":true,"href":"https:\/\/www.yishengpack.com\/de\/wp-json\/wp\/v2\/product_tag?post=2061"}],"curies":[{"name":"wp","href":"https:\/\/api.w.org\/{rel}","templated":true}]}}